{"id":97,"date":"2013-10-03T17:36:20","date_gmt":"2013-10-03T17:36:20","guid":{"rendered":"http:\/\/www.hireimmigrantsottawa.ca\/?page_id=97"},"modified":"2013-10-03T17:36:20","modified_gmt":"2013-10-03T17:36:20","slug":"recherche-demplois","status":"publish","type":"page","link":"https:\/\/www.hireimmigrantsottawa.ca\/fr\/pour-les-immigrants\/recherche-demplois\/","title":{"rendered":"Recherche d\u2019emplois"},"content":{"rendered":"<p>Cette page contient des renseignements et des ressources utiles pour les immigrants qualifi\u00e9s qui cherchent un emploi dans la r\u00e9gion d\u2019Ottawa.<\/p>\n<h3>Ateliers de recherche d\u2019emploi<\/h3>\n<p><strong>LASI Comp\u00e9tences mondiales<\/strong><br \/>\nCet atelier offre une formation compl\u00e8te en recherche d\u2019emploi con\u00e7ue sp\u00e9cialement pour les nouveaux arrivants. Le but de l\u2019atelier est d\u2019offrir au nouvel arrivant les outils n\u00e9cessaires pour pr\u00e9parer un plan individuel de recherche d\u2019emploi r\u00e9ussie.<\/p>\n<p>Pour plus de renseignements, veuillez t\u00e9l\u00e9phoner au 233-0453, poste 311, ou visitez notre site web \u00e0\u00a0<a href=\"http:\/\/www.ottawa-worldskills.org\/\" target=\"_blank\">www.ottawa-worldskills.org<\/a><br \/>\n<strong>Centre d\u2019acc\u00e8s en emploi du Y<\/strong><br \/>\nLe Centre d\u2019acc\u00e8s en emploi du YMCA-YWCA, se consacre \u00e0 aider les personnes de formation \u00e9trang\u00e8re \u00e0 trouver un emploi. Il offre du counseling individuel en mati\u00e8re d\u2019emploi, afin d\u2019aider les b\u00e9n\u00e9ficiaires \u00e0 atteindre leurs objectifs, notamment au niveau de l\u2019exploration de carri\u00e8res, de strat\u00e9gies de recherche d\u2019emplois, de techniques d\u2019entrevues, d\u2019\u00e9valuation de titres de comp\u00e9tence, de conseils en mati\u00e8re de licences professionnelles, et beaucoup plus encore. Une aide au placement est \u00e9galement offerte aux personnes admissibles, afin de les aider \u00e0 acqu\u00e9rir une exp\u00e9rience professionnelle. Le centre fournit aussi des r\u00e9f\u00e9rences aux programmes communautaires et provinciaux comme Deuxi\u00e8me carri\u00e8re.<br \/>\nPour plus de renseignements, veuillez visiter :\u00a0<a href=\"http:\/\/www.ymcaywca.ca\/Adultes\/servicesd'emploi\/centresdaccesenemploiduy\" target=\"_blank\">YMCA-YWCA<\/a>\u00a0ou t\u00e9l\u00e9phonez au 613-788-5001.<\/p>\n<p>&nbsp;<\/p>\n<h3>\u00c9valuation des titres de comp\u00e9tences<\/h3>\n<p><strong>World \u00c9ducation Services (WES)<\/strong><br \/>\nWES est une organisation \u00e0 but non lucratif qui r\u00e9alise des \u00e9valuations fiables et exactes des dipl\u00f4mes \u00e9trangers, afin de permettre aux employeurs de comprendre la nature exacte de l\u2019\u00e9quivalence canadienne des titre de comp\u00e9tence d\u2019employ\u00e9s potentiels. Le processus d\u2019\u00e9valuation v\u00e9rifie \u00e9galement l\u2019authenticit\u00e9 des titres de comp\u00e9tences soumis.<br \/>\nPour plus de renseignements, veuillez visiter\u00a0<a href=\"http:\/\/www.wes.org\/\" target=\"_blank\">www.wes.org<\/a>.<\/p>\n<p><strong>\u00c9valuation linguistique<\/strong><br \/>\nLe Centre des niveaux de comp\u00e9tence linguistique canadiens (CCLB) est le centre d\u2019expertise et de soutien des normes nationales au niveau du fran\u00e7ais et de l\u2019anglais. Ces normes d\u00e9crivent, \u00e9valuent et reconnaissent les connaissances en langue seconde des immigrants adultes et des immigrants prochains pour vivre et travailler au Canada.\u00a0 Pour plus de renseignements, veuillez visiter\u00a0<a href=\"http:\/\/www.language.ca\/\">www.language.ca<\/a>.<br \/>\nPour des renseignements et des ressources au sujet des normes de niveaux de comp\u00e9tences n\u00e9cessaires en milieu de travail, visitez\u00a0<a href=\"http:\/\/www.itsessential.ca\/itsessential\/display_page.asp\" target=\"_blank\">www.itsessential.ca<\/a><\/p>\n<p><strong>L\u2019Outil pr\u00e9paratoire canadien<\/strong><\/p>\n<p>L\u2019Outil pr\u00e9paratoire canadien est un outil d\u2019auto\u00e9valuation bilingue et en ligne, ax\u00e9 sur les comp\u00e9tences qui permettra aux des professionnels form\u00e9s \u00e0 l\u2019\u00e9tranger de s\u2019auto-\u00e9valuer par rapport aux normes des employeurs canadiens en technologies de l\u2019information et des communications sur le plan de la culture au travail, des communications au travail et des comp\u00e9tences au travail.<\/p>\n<p>Pour plus de renseignements, veuillez visiter\u00a0<a href=\"http:\/\/www.ictc-ctic.ca\/fr\/Content.aspx?id=2536\" target=\"_blank\">Le Conseil des technologies de l\u2019information et des communications\u00a0<\/a>.<br \/>\n<strong>Manque-t-il quelque chose ?<\/strong><br \/>\nLes liens dans cette section ont \u00e9t\u00e9 \u00e9pur\u00e9s de fa\u00e7on \u00e0 s\u2019appliquer le plus possible aux immigrants qualifi\u00e9s.\u00a0 Si vous pensez qu\u2019un article manque, laissez-le nous savoir en nous faisant parvenir un courriel \u00e0\u00a0<a href=\"https:\/\/mail.google.com\/mail\/?view=cm&amp;fs=1&amp;tf=1&amp;to=info@hireimmigrantsottawa.ca\" target=\"_blank\">info@hireimmigrantsottawa.ca<\/a><\/p>\n","protected":false},"excerpt":{"rendered":"<p>Cette page contient des renseignements et des ressources utiles pour les immigrants qualifi\u00e9s qui cherchent un emploi dans la r\u00e9gion d\u2019Ottawa. Ateliers de recherche d\u2019emploi LASI Comp\u00e9tences mondiales Cet atelier [&hellip;]<\/p>\n","protected":false},"author":1,"featured_media":0,"parent":83,"menu_order":0,"comment_status":"open","ping_status":"closed","template":"immigrants.php","meta":{"_exactmetrics_skip_tracking":false,"_exactmetrics_sitenote_active":false,"_exactmetrics_sitenote_note":"","_exactmetrics_sitenote_category":0,"footnotes":"","_links_to":"","_links_to_target":""},"class_list":["post-97","page","type-page","status-publish","hentry"],"yoast_head":"<!-- This site is optimized with the Yoast SEO plugin v27.2 - https:\/\/yoast.com\/product\/yoast-seo-wordpress\/ -->\n<title>Recherche d\u2019emplois - Hire Immigrants Ottawa<\/title>\n<meta name=\"robots\" content=\"index, follow, max-snippet:-1, max-image-preview:large, max-video-preview:-1\" \/>\n<link rel=\"canonical\" href=\"https:\/\/www.hireimmigrantsottawa.ca\/fr\/pour-les-immigrants\/recherche-demplois\/\" \/>\n<meta property=\"og:locale\" content=\"fr_FR\" \/>\n<meta property=\"og:type\" content=\"article\" \/>\n<meta property=\"og:title\" content=\"Recherche d\u2019emplois - Hire Immigrants Ottawa\" \/>\n<meta property=\"og:description\" content=\"Cette page contient des renseignements et des ressources utiles pour les immigrants qualifi\u00e9s qui cherchent un emploi dans la r\u00e9gion d\u2019Ottawa. Ateliers de recherche d\u2019emploi LASI Comp\u00e9tences mondiales Cet atelier [&hellip;]\" \/>\n<meta property=\"og:url\" content=\"https:\/\/www.hireimmigrantsottawa.ca\/fr\/pour-les-immigrants\/recherche-demplois\/\" \/>\n<meta property=\"og:site_name\" content=\"Hire Immigrants Ottawa\" \/>\n<meta property=\"og:image\" content=\"https:\/\/www.hireimmigrantsottawa.ca\/wp-content\/uploads\/2017\/02\/hio-screenshot.png\" \/>\n\t<meta property=\"og:image:width\" content=\"781\" \/>\n\t<meta property=\"og:image:height\" content=\"429\" \/>\n\t<meta property=\"og:image:type\" content=\"image\/png\" \/>\n<meta name=\"twitter:card\" content=\"summary_large_image\" \/>\n<meta name=\"twitter:site\" content=\"@HireImmOttawa\" \/>\n<meta name=\"twitter:label1\" content=\"Dur\u00e9e de lecture estim\u00e9e\" \/>\n\t<meta name=\"twitter:data1\" content=\"3 minutes\" \/>\n<script type=\"application\/ld+json\" class=\"yoast-schema-graph\">{\"@context\":\"https:\/\/schema.org\",\"@graph\":[{\"@type\":\"WebPage\",\"@id\":\"https:\/\/www.hireimmigrantsottawa.ca\/fr\/pour-les-immigrants\/recherche-demplois\/\",\"url\":\"https:\/\/www.hireimmigrantsottawa.ca\/fr\/pour-les-immigrants\/recherche-demplois\/\",\"name\":\"Recherche d\u2019emplois - Hire Immigrants Ottawa\",\"isPartOf\":{\"@id\":\"https:\/\/www.hireimmigrantsottawa.ca\/#website\"},\"datePublished\":\"2013-10-03T17:36:20+00:00\",\"breadcrumb\":{\"@id\":\"https:\/\/www.hireimmigrantsottawa.ca\/fr\/pour-les-immigrants\/recherche-demplois\/#breadcrumb\"},\"inLanguage\":\"fr-FR\",\"potentialAction\":[{\"@type\":\"ReadAction\",\"target\":[\"https:\/\/www.hireimmigrantsottawa.ca\/fr\/pour-les-immigrants\/recherche-demplois\/\"]}]},{\"@type\":\"BreadcrumbList\",\"@id\":\"https:\/\/www.hireimmigrantsottawa.ca\/fr\/pour-les-immigrants\/recherche-demplois\/#breadcrumb\",\"itemListElement\":[{\"@type\":\"ListItem\",\"position\":1,\"name\":\"Home\",\"item\":\"https:\/\/www.hireimmigrantsottawa.ca\/\"},{\"@type\":\"ListItem\",\"position\":2,\"name\":\"Pour les immigrants\",\"item\":\"https:\/\/www.hireimmigrantsottawa.ca\/fr\/pour-les-immigrants\/\"},{\"@type\":\"ListItem\",\"position\":3,\"name\":\"Recherche d\u2019emplois\"}]},{\"@type\":\"WebSite\",\"@id\":\"https:\/\/www.hireimmigrantsottawa.ca\/#website\",\"url\":\"https:\/\/www.hireimmigrantsottawa.ca\/\",\"name\":\"Hire Immigrants Ottawa\",\"description\":\"increases the capacity of employers to attract and integrate skilled immigrants\",\"publisher\":{\"@id\":\"https:\/\/www.hireimmigrantsottawa.ca\/#organization\"},\"potentialAction\":[{\"@type\":\"SearchAction\",\"target\":{\"@type\":\"EntryPoint\",\"urlTemplate\":\"https:\/\/www.hireimmigrantsottawa.ca\/?s={search_term_string}\"},\"query-input\":{\"@type\":\"PropertyValueSpecification\",\"valueRequired\":true,\"valueName\":\"search_term_string\"}}],\"inLanguage\":\"fr-FR\"},{\"@type\":\"Organization\",\"@id\":\"https:\/\/www.hireimmigrantsottawa.ca\/#organization\",\"name\":\"Hire Immigrants Ottawa\",\"url\":\"https:\/\/www.hireimmigrantsottawa.ca\/\",\"logo\":{\"@type\":\"ImageObject\",\"inLanguage\":\"fr-FR\",\"@id\":\"https:\/\/www.hireimmigrantsottawa.ca\/#\/schema\/logo\/image\/\",\"url\":\"https:\/\/www.hireimmigrantsottawa.ca\/wp-content\/uploads\/2023\/10\/hio-logo_bow_EN_web.png\",\"contentUrl\":\"https:\/\/www.hireimmigrantsottawa.ca\/wp-content\/uploads\/2023\/10\/hio-logo_bow_EN_web.png\",\"width\":745,\"height\":160,\"caption\":\"Hire Immigrants Ottawa\"},\"image\":{\"@id\":\"https:\/\/www.hireimmigrantsottawa.ca\/#\/schema\/logo\/image\/\"},\"sameAs\":[\"https:\/\/x.com\/HireImmOttawa\",\"https:\/\/www.youtube.com\/user\/hireimmigrantsottawa\"]}]}<\/script>\n<!-- \/ Yoast SEO plugin. -->","yoast_head_json":{"title":"Recherche d\u2019emplois - Hire Immigrants Ottawa","robots":{"index":"index","follow":"follow","max-snippet":"max-snippet:-1","max-image-preview":"max-image-preview:large","max-video-preview":"max-video-preview:-1"},"canonical":"https:\/\/www.hireimmigrantsottawa.ca\/fr\/pour-les-immigrants\/recherche-demplois\/","og_locale":"fr_FR","og_type":"article","og_title":"Recherche d\u2019emplois - Hire Immigrants Ottawa","og_description":"Cette page contient des renseignements et des ressources utiles pour les immigrants qualifi\u00e9s qui cherchent un emploi dans la r\u00e9gion d\u2019Ottawa. Ateliers de recherche d\u2019emploi LASI Comp\u00e9tences mondiales Cet atelier [&hellip;]","og_url":"https:\/\/www.hireimmigrantsottawa.ca\/fr\/pour-les-immigrants\/recherche-demplois\/","og_site_name":"Hire Immigrants Ottawa","og_image":[{"width":781,"height":429,"url":"https:\/\/www.hireimmigrantsottawa.ca\/wp-content\/uploads\/2017\/02\/hio-screenshot.png","type":"image\/png"}],"twitter_card":"summary_large_image","twitter_site":"@HireImmOttawa","twitter_misc":{"Dur\u00e9e de lecture estim\u00e9e":"3 minutes"},"schema":{"@context":"https:\/\/schema.org","@graph":[{"@type":"WebPage","@id":"https:\/\/www.hireimmigrantsottawa.ca\/fr\/pour-les-immigrants\/recherche-demplois\/","url":"https:\/\/www.hireimmigrantsottawa.ca\/fr\/pour-les-immigrants\/recherche-demplois\/","name":"Recherche d\u2019emplois - Hire Immigrants Ottawa","isPartOf":{"@id":"https:\/\/www.hireimmigrantsottawa.ca\/#website"},"datePublished":"2013-10-03T17:36:20+00:00","breadcrumb":{"@id":"https:\/\/www.hireimmigrantsottawa.ca\/fr\/pour-les-immigrants\/recherche-demplois\/#breadcrumb"},"inLanguage":"fr-FR","potentialAction":[{"@type":"ReadAction","target":["https:\/\/www.hireimmigrantsottawa.ca\/fr\/pour-les-immigrants\/recherche-demplois\/"]}]},{"@type":"BreadcrumbList","@id":"https:\/\/www.hireimmigrantsottawa.ca\/fr\/pour-les-immigrants\/recherche-demplois\/#breadcrumb","itemListElement":[{"@type":"ListItem","position":1,"name":"Home","item":"https:\/\/www.hireimmigrantsottawa.ca\/"},{"@type":"ListItem","position":2,"name":"Pour les immigrants","item":"https:\/\/www.hireimmigrantsottawa.ca\/fr\/pour-les-immigrants\/"},{"@type":"ListItem","position":3,"name":"Recherche d\u2019emplois"}]},{"@type":"WebSite","@id":"https:\/\/www.hireimmigrantsottawa.ca\/#website","url":"https:\/\/www.hireimmigrantsottawa.ca\/","name":"Hire Immigrants Ottawa","description":"increases the capacity of employers to attract and integrate skilled immigrants","publisher":{"@id":"https:\/\/www.hireimmigrantsottawa.ca\/#organization"},"potentialAction":[{"@type":"SearchAction","target":{"@type":"EntryPoint","urlTemplate":"https:\/\/www.hireimmigrantsottawa.ca\/?s={search_term_string}"},"query-input":{"@type":"PropertyValueSpecification","valueRequired":true,"valueName":"search_term_string"}}],"inLanguage":"fr-FR"},{"@type":"Organization","@id":"https:\/\/www.hireimmigrantsottawa.ca\/#organization","name":"Hire Immigrants Ottawa","url":"https:\/\/www.hireimmigrantsottawa.ca\/","logo":{"@type":"ImageObject","inLanguage":"fr-FR","@id":"https:\/\/www.hireimmigrantsottawa.ca\/#\/schema\/logo\/image\/","url":"https:\/\/www.hireimmigrantsottawa.ca\/wp-content\/uploads\/2023\/10\/hio-logo_bow_EN_web.png","contentUrl":"https:\/\/www.hireimmigrantsottawa.ca\/wp-content\/uploads\/2023\/10\/hio-logo_bow_EN_web.png","width":745,"height":160,"caption":"Hire Immigrants Ottawa"},"image":{"@id":"https:\/\/www.hireimmigrantsottawa.ca\/#\/schema\/logo\/image\/"},"sameAs":["https:\/\/x.com\/HireImmOttawa","https:\/\/www.youtube.com\/user\/hireimmigrantsottawa"]}]}},"_links":{"self":[{"href":"https:\/\/www.hireimmigrantsottawa.ca\/fr\/wp-json\/wp\/v2\/pages\/97","targetHints":{"allow":["GET"]}}],"collection":[{"href":"https:\/\/www.hireimmigrantsottawa.ca\/fr\/wp-json\/wp\/v2\/pages"}],"about":[{"href":"https:\/\/www.hireimmigrantsottawa.ca\/fr\/wp-json\/wp\/v2\/types\/page"}],"author":[{"embeddable":true,"href":"https:\/\/www.hireimmigrantsottawa.ca\/fr\/wp-json\/wp\/v2\/users\/1"}],"replies":[{"embeddable":true,"href":"https:\/\/www.hireimmigrantsottawa.ca\/fr\/wp-json\/wp\/v2\/comments?post=97"}],"version-history":[{"count":1,"href":"https:\/\/www.hireimmigrantsottawa.ca\/fr\/wp-json\/wp\/v2\/pages\/97\/revisions"}],"predecessor-version":[{"id":98,"href":"https:\/\/www.hireimmigrantsottawa.ca\/fr\/wp-json\/wp\/v2\/pages\/97\/revisions\/98"}],"up":[{"embeddable":true,"href":"https:\/\/www.hireimmigrantsottawa.ca\/fr\/wp-json\/wp\/v2\/pages\/83"}],"wp:attachment":[{"href":"https:\/\/www.hireimmigrantsottawa.ca\/fr\/wp-json\/wp\/v2\/media?parent=97"}],"curies":[{"name":"wp","href":"https:\/\/api.w.org\/{rel}","templated":true}]}}