{"id":857,"date":"2013-11-14T22:52:49","date_gmt":"2013-11-14T22:52:49","guid":{"rendered":"http:\/\/www.hireimmigrantsottawa.ca\/?page_id=857"},"modified":"2016-02-10T11:30:20","modified_gmt":"2016-02-10T16:30:20","slug":"annual-reports-2","status":"publish","type":"page","link":"https:\/\/www.hireimmigrantsottawa.ca\/fr\/centre-des-medias\/annual-reports-2\/","title":{"rendered":"Annual Reports"},"content":{"rendered":"<h2><img decoding=\"async\" class=\"size-thumbnail wp-image-3542 alignleft\" src=\"http:\/\/www.hireimmigrantsottawa.ca\/wp-content\/uploads\/2016\/02\/3-Year-Cover-FR-150x150.jpg\" alt=\"HIO Three year report cover\" width=\"150\" height=\"150\" srcset=\"https:\/\/www.hireimmigrantsottawa.ca\/wp-content\/uploads\/2016\/02\/3-Year-Cover-FR-150x150.jpg 150w, https:\/\/www.hireimmigrantsottawa.ca\/wp-content\/uploads\/2016\/02\/3-Year-Cover-FR-144x144.jpg 144w\" sizes=\"(max-width: 150px) 100vw, 150px\" \/>Mobiliser les employeurs. Collaborer pour apporter des changements.<\/h2>\n<p>Ce rapport trisannuel met en \u00e9vidence les activit\u00e9s et les r\u00e9ussites de l\u2019initiative Embauche Immigrants Ottawa (EIO) au cours de la p\u00e9riode de 2012 \u00e0 2015. Ces r\u00e9sultats d\u00e9montrent de quelle fa\u00e7on la collaboration et l\u2019engagement des employeurs locaux et des intervenants communautaires permettent de renforcer la capacit\u00e9 d\u2019Ottawa \u00e0 int\u00e9grer avec succ\u00e8s les immigrants qualifi\u00e9s au sein du march\u00e9 du travail. <a href=\"http:\/\/www.hireimmigrantsottawa.ca\/wp-content\/uploads\/2016\/02\/HIO-3-Year-Report-FR.pdf\" target=\"_blank\">Lire le rapport.<\/a><br \/>\n<strong><br \/>\n<\/strong><\/p>\n<hr \/>\n<p><img decoding=\"async\" class=\"size-thumbnail wp-image-3552 alignleft\" src=\"http:\/\/www.hireimmigrantsottawa.ca\/wp-content\/uploads\/2016\/02\/HIO-Five-Year-FRE-cover-150x150.jpg\" alt=\"Cover HIO Five Year Report\" width=\"150\" height=\"150\" srcset=\"https:\/\/www.hireimmigrantsottawa.ca\/wp-content\/uploads\/2016\/02\/HIO-Five-Year-FRE-cover-150x150.jpg 150w, https:\/\/www.hireimmigrantsottawa.ca\/wp-content\/uploads\/2016\/02\/HIO-Five-Year-FRE-cover-300x300.jpg 300w, https:\/\/www.hireimmigrantsottawa.ca\/wp-content\/uploads\/2016\/02\/HIO-Five-Year-FRE-cover-144x144.jpg 144w, https:\/\/www.hireimmigrantsottawa.ca\/wp-content\/uploads\/2016\/02\/HIO-Five-Year-FRE-cover.jpg 480w\" sizes=\"(max-width: 150px) 100vw, 150px\" \/><\/p>\n<h2>Mobilisation des employeurs : Une histoire de r\u00e9ussite qui dure depuis cinq ans<\/h2>\n<p>Ces cinq derni\u00e8res ann\u00e9es, l\u2019initiative EIO a montr\u00e9 que la collaboration entre des employeurs et des partenaires communautaires peut entra\u00eener des changements syst\u00e9miques ayant des r\u00e9percussions durables sur la capacit\u00e9 qu\u2019ont les employeurs de recruter et d\u2019int\u00e9grer des immigrants qualifi\u00e9s au march\u00e9 de travail. <a href=\"http:\/\/www.hireimmigrantsottawa.ca\/downloads\/HIOFive-YearFRE.pdf\">Consultez le Rapport quinquennal d\u2019EIO&gt;&gt;<\/a><\/p>\n","protected":false},"excerpt":{"rendered":"<p>Mobiliser les employeurs. Collaborer pour apporter des changements. Ce rapport trisannuel met en \u00e9vidence les activit\u00e9s et les r\u00e9ussites de l\u2019initiative Embauche Immigrants Ottawa (EIO) au cours de la p\u00e9riode [&hellip;]<\/p>\n","protected":false},"author":12,"featured_media":0,"parent":86,"menu_order":0,"comment_status":"open","ping_status":"closed","template":"media-centre.php","meta":{"_exactmetrics_skip_tracking":false,"_exactmetrics_sitenote_active":false,"_exactmetrics_sitenote_note":"","_exactmetrics_sitenote_category":0,"footnotes":"","_links_to":"","_links_to_target":""},"class_list":["post-857","page","type-page","status-publish","hentry"],"yoast_head":"<!-- This site is optimized with the Yoast SEO plugin v27.2 - https:\/\/yoast.com\/product\/yoast-seo-wordpress\/ -->\n<title>Annual Reports - Hire Immigrants Ottawa<\/title>\n<meta name=\"robots\" content=\"index, follow, max-snippet:-1, max-image-preview:large, max-video-preview:-1\" \/>\n<link rel=\"canonical\" href=\"https:\/\/www.hireimmigrantsottawa.ca\/fr\/centre-des-medias\/annual-reports-2\/\" \/>\n<meta property=\"og:locale\" content=\"fr_FR\" \/>\n<meta property=\"og:type\" content=\"article\" \/>\n<meta property=\"og:title\" content=\"Annual Reports - Hire Immigrants Ottawa\" \/>\n<meta property=\"og:description\" content=\"Mobiliser les employeurs. Collaborer pour apporter des changements. Ce rapport trisannuel met en \u00e9vidence les activit\u00e9s et les r\u00e9ussites de l\u2019initiative Embauche Immigrants Ottawa (EIO) au cours de la p\u00e9riode [&hellip;]\" \/>\n<meta property=\"og:url\" content=\"https:\/\/www.hireimmigrantsottawa.ca\/fr\/centre-des-medias\/annual-reports-2\/\" \/>\n<meta property=\"og:site_name\" content=\"Hire Immigrants Ottawa\" \/>\n<meta property=\"article:modified_time\" content=\"2016-02-10T16:30:20+00:00\" \/>\n<meta property=\"og:image\" content=\"http:\/\/www.hireimmigrantsottawa.ca\/wp-content\/uploads\/2016\/02\/3-Year-Cover-FR-150x150.jpg\" \/>\n<meta name=\"twitter:card\" content=\"summary_large_image\" \/>\n<meta name=\"twitter:site\" content=\"@HireImmOttawa\" \/>\n<meta name=\"twitter:label1\" content=\"Dur\u00e9e de lecture estim\u00e9e\" \/>\n\t<meta name=\"twitter:data1\" content=\"1 minute\" \/>\n<script type=\"application\/ld+json\" class=\"yoast-schema-graph\">{\"@context\":\"https:\/\/schema.org\",\"@graph\":[{\"@type\":\"WebPage\",\"@id\":\"https:\/\/www.hireimmigrantsottawa.ca\/fr\/centre-des-medias\/annual-reports-2\/\",\"url\":\"https:\/\/www.hireimmigrantsottawa.ca\/fr\/centre-des-medias\/annual-reports-2\/\",\"name\":\"Annual Reports - Hire Immigrants Ottawa\",\"isPartOf\":{\"@id\":\"https:\/\/www.hireimmigrantsottawa.ca\/#website\"},\"primaryImageOfPage\":{\"@id\":\"https:\/\/www.hireimmigrantsottawa.ca\/fr\/centre-des-medias\/annual-reports-2\/#primaryimage\"},\"image\":{\"@id\":\"https:\/\/www.hireimmigrantsottawa.ca\/fr\/centre-des-medias\/annual-reports-2\/#primaryimage\"},\"thumbnailUrl\":\"http:\/\/www.hireimmigrantsottawa.ca\/wp-content\/uploads\/2016\/02\/3-Year-Cover-FR-150x150.jpg\",\"datePublished\":\"2013-11-14T22:52:49+00:00\",\"dateModified\":\"2016-02-10T16:30:20+00:00\",\"breadcrumb\":{\"@id\":\"https:\/\/www.hireimmigrantsottawa.ca\/fr\/centre-des-medias\/annual-reports-2\/#breadcrumb\"},\"inLanguage\":\"fr-FR\",\"potentialAction\":[{\"@type\":\"ReadAction\",\"target\":[\"https:\/\/www.hireimmigrantsottawa.ca\/fr\/centre-des-medias\/annual-reports-2\/\"]}]},{\"@type\":\"ImageObject\",\"inLanguage\":\"fr-FR\",\"@id\":\"https:\/\/www.hireimmigrantsottawa.ca\/fr\/centre-des-medias\/annual-reports-2\/#primaryimage\",\"url\":\"http:\/\/www.hireimmigrantsottawa.ca\/wp-content\/uploads\/2016\/02\/3-Year-Cover-FR-150x150.jpg\",\"contentUrl\":\"http:\/\/www.hireimmigrantsottawa.ca\/wp-content\/uploads\/2016\/02\/3-Year-Cover-FR-150x150.jpg\"},{\"@type\":\"BreadcrumbList\",\"@id\":\"https:\/\/www.hireimmigrantsottawa.ca\/fr\/centre-des-medias\/annual-reports-2\/#breadcrumb\",\"itemListElement\":[{\"@type\":\"ListItem\",\"position\":1,\"name\":\"Home\",\"item\":\"https:\/\/www.hireimmigrantsottawa.ca\/\"},{\"@type\":\"ListItem\",\"position\":2,\"name\":\"Centre des m\u00e9dias\",\"item\":\"https:\/\/www.hireimmigrantsottawa.ca\/fr\/centre-des-medias\/\"},{\"@type\":\"ListItem\",\"position\":3,\"name\":\"Annual Reports\"}]},{\"@type\":\"WebSite\",\"@id\":\"https:\/\/www.hireimmigrantsottawa.ca\/#website\",\"url\":\"https:\/\/www.hireimmigrantsottawa.ca\/\",\"name\":\"Hire Immigrants Ottawa\",\"description\":\"increases the capacity of employers to attract and integrate skilled immigrants\",\"publisher\":{\"@id\":\"https:\/\/www.hireimmigrantsottawa.ca\/#organization\"},\"potentialAction\":[{\"@type\":\"SearchAction\",\"target\":{\"@type\":\"EntryPoint\",\"urlTemplate\":\"https:\/\/www.hireimmigrantsottawa.ca\/?s={search_term_string}\"},\"query-input\":{\"@type\":\"PropertyValueSpecification\",\"valueRequired\":true,\"valueName\":\"search_term_string\"}}],\"inLanguage\":\"fr-FR\"},{\"@type\":\"Organization\",\"@id\":\"https:\/\/www.hireimmigrantsottawa.ca\/#organization\",\"name\":\"Hire Immigrants Ottawa\",\"url\":\"https:\/\/www.hireimmigrantsottawa.ca\/\",\"logo\":{\"@type\":\"ImageObject\",\"inLanguage\":\"fr-FR\",\"@id\":\"https:\/\/www.hireimmigrantsottawa.ca\/#\/schema\/logo\/image\/\",\"url\":\"https:\/\/www.hireimmigrantsottawa.ca\/wp-content\/uploads\/2023\/10\/hio-logo_bow_EN_web.png\",\"contentUrl\":\"https:\/\/www.hireimmigrantsottawa.ca\/wp-content\/uploads\/2023\/10\/hio-logo_bow_EN_web.png\",\"width\":745,\"height\":160,\"caption\":\"Hire Immigrants Ottawa\"},\"image\":{\"@id\":\"https:\/\/www.hireimmigrantsottawa.ca\/#\/schema\/logo\/image\/\"},\"sameAs\":[\"https:\/\/x.com\/HireImmOttawa\",\"https:\/\/www.youtube.com\/user\/hireimmigrantsottawa\"]}]}<\/script>\n<!-- \/ Yoast SEO plugin. -->","yoast_head_json":{"title":"Annual Reports - Hire Immigrants Ottawa","robots":{"index":"index","follow":"follow","max-snippet":"max-snippet:-1","max-image-preview":"max-image-preview:large","max-video-preview":"max-video-preview:-1"},"canonical":"https:\/\/www.hireimmigrantsottawa.ca\/fr\/centre-des-medias\/annual-reports-2\/","og_locale":"fr_FR","og_type":"article","og_title":"Annual Reports - Hire Immigrants Ottawa","og_description":"Mobiliser les employeurs. Collaborer pour apporter des changements. Ce rapport trisannuel met en \u00e9vidence les activit\u00e9s et les r\u00e9ussites de l\u2019initiative Embauche Immigrants Ottawa (EIO) au cours de la p\u00e9riode [&hellip;]","og_url":"https:\/\/www.hireimmigrantsottawa.ca\/fr\/centre-des-medias\/annual-reports-2\/","og_site_name":"Hire Immigrants Ottawa","article_modified_time":"2016-02-10T16:30:20+00:00","og_image":[{"url":"http:\/\/www.hireimmigrantsottawa.ca\/wp-content\/uploads\/2016\/02\/3-Year-Cover-FR-150x150.jpg","type":"","width":"","height":""}],"twitter_card":"summary_large_image","twitter_site":"@HireImmOttawa","twitter_misc":{"Dur\u00e9e de lecture estim\u00e9e":"1 minute"},"schema":{"@context":"https:\/\/schema.org","@graph":[{"@type":"WebPage","@id":"https:\/\/www.hireimmigrantsottawa.ca\/fr\/centre-des-medias\/annual-reports-2\/","url":"https:\/\/www.hireimmigrantsottawa.ca\/fr\/centre-des-medias\/annual-reports-2\/","name":"Annual Reports - Hire Immigrants Ottawa","isPartOf":{"@id":"https:\/\/www.hireimmigrantsottawa.ca\/#website"},"primaryImageOfPage":{"@id":"https:\/\/www.hireimmigrantsottawa.ca\/fr\/centre-des-medias\/annual-reports-2\/#primaryimage"},"image":{"@id":"https:\/\/www.hireimmigrantsottawa.ca\/fr\/centre-des-medias\/annual-reports-2\/#primaryimage"},"thumbnailUrl":"http:\/\/www.hireimmigrantsottawa.ca\/wp-content\/uploads\/2016\/02\/3-Year-Cover-FR-150x150.jpg","datePublished":"2013-11-14T22:52:49+00:00","dateModified":"2016-02-10T16:30:20+00:00","breadcrumb":{"@id":"https:\/\/www.hireimmigrantsottawa.ca\/fr\/centre-des-medias\/annual-reports-2\/#breadcrumb"},"inLanguage":"fr-FR","potentialAction":[{"@type":"ReadAction","target":["https:\/\/www.hireimmigrantsottawa.ca\/fr\/centre-des-medias\/annual-reports-2\/"]}]},{"@type":"ImageObject","inLanguage":"fr-FR","@id":"https:\/\/www.hireimmigrantsottawa.ca\/fr\/centre-des-medias\/annual-reports-2\/#primaryimage","url":"http:\/\/www.hireimmigrantsottawa.ca\/wp-content\/uploads\/2016\/02\/3-Year-Cover-FR-150x150.jpg","contentUrl":"http:\/\/www.hireimmigrantsottawa.ca\/wp-content\/uploads\/2016\/02\/3-Year-Cover-FR-150x150.jpg"},{"@type":"BreadcrumbList","@id":"https:\/\/www.hireimmigrantsottawa.ca\/fr\/centre-des-medias\/annual-reports-2\/#breadcrumb","itemListElement":[{"@type":"ListItem","position":1,"name":"Home","item":"https:\/\/www.hireimmigrantsottawa.ca\/"},{"@type":"ListItem","position":2,"name":"Centre des m\u00e9dias","item":"https:\/\/www.hireimmigrantsottawa.ca\/fr\/centre-des-medias\/"},{"@type":"ListItem","position":3,"name":"Annual Reports"}]},{"@type":"WebSite","@id":"https:\/\/www.hireimmigrantsottawa.ca\/#website","url":"https:\/\/www.hireimmigrantsottawa.ca\/","name":"Hire Immigrants Ottawa","description":"increases the capacity of employers to attract and integrate skilled immigrants","publisher":{"@id":"https:\/\/www.hireimmigrantsottawa.ca\/#organization"},"potentialAction":[{"@type":"SearchAction","target":{"@type":"EntryPoint","urlTemplate":"https:\/\/www.hireimmigrantsottawa.ca\/?s={search_term_string}"},"query-input":{"@type":"PropertyValueSpecification","valueRequired":true,"valueName":"search_term_string"}}],"inLanguage":"fr-FR"},{"@type":"Organization","@id":"https:\/\/www.hireimmigrantsottawa.ca\/#organization","name":"Hire Immigrants Ottawa","url":"https:\/\/www.hireimmigrantsottawa.ca\/","logo":{"@type":"ImageObject","inLanguage":"fr-FR","@id":"https:\/\/www.hireimmigrantsottawa.ca\/#\/schema\/logo\/image\/","url":"https:\/\/www.hireimmigrantsottawa.ca\/wp-content\/uploads\/2023\/10\/hio-logo_bow_EN_web.png","contentUrl":"https:\/\/www.hireimmigrantsottawa.ca\/wp-content\/uploads\/2023\/10\/hio-logo_bow_EN_web.png","width":745,"height":160,"caption":"Hire Immigrants Ottawa"},"image":{"@id":"https:\/\/www.hireimmigrantsottawa.ca\/#\/schema\/logo\/image\/"},"sameAs":["https:\/\/x.com\/HireImmOttawa","https:\/\/www.youtube.com\/user\/hireimmigrantsottawa"]}]}},"_links":{"self":[{"href":"https:\/\/www.hireimmigrantsottawa.ca\/fr\/wp-json\/wp\/v2\/pages\/857","targetHints":{"allow":["GET"]}}],"collection":[{"href":"https:\/\/www.hireimmigrantsottawa.ca\/fr\/wp-json\/wp\/v2\/pages"}],"about":[{"href":"https:\/\/www.hireimmigrantsottawa.ca\/fr\/wp-json\/wp\/v2\/types\/page"}],"author":[{"embeddable":true,"href":"https:\/\/www.hireimmigrantsottawa.ca\/fr\/wp-json\/wp\/v2\/users\/12"}],"replies":[{"embeddable":true,"href":"https:\/\/www.hireimmigrantsottawa.ca\/fr\/wp-json\/wp\/v2\/comments?post=857"}],"version-history":[{"count":5,"href":"https:\/\/www.hireimmigrantsottawa.ca\/fr\/wp-json\/wp\/v2\/pages\/857\/revisions"}],"predecessor-version":[{"id":3602,"href":"https:\/\/www.hireimmigrantsottawa.ca\/fr\/wp-json\/wp\/v2\/pages\/857\/revisions\/3602"}],"up":[{"embeddable":true,"href":"https:\/\/www.hireimmigrantsottawa.ca\/fr\/wp-json\/wp\/v2\/pages\/86"}],"wp:attachment":[{"href":"https:\/\/www.hireimmigrantsottawa.ca\/fr\/wp-json\/wp\/v2\/media?parent=857"}],"curies":[{"name":"wp","href":"https:\/\/api.w.org\/{rel}","templated":true}]}}