{"id":7967,"date":"2024-05-31T12:14:45","date_gmt":"2024-05-31T16:14:45","guid":{"rendered":"https:\/\/www.hireimmigrantsottawa.ca\/?page_id=7967"},"modified":"2024-05-31T12:14:46","modified_gmt":"2024-05-31T16:14:46","slug":"forum-du-savoir-des-employeurs-2","status":"publish","type":"page","link":"https:\/\/www.hireimmigrantsottawa.ca\/fr\/evenements\/forum-du-savoir-des-employeurs-2\/","title":{"rendered":"Forum du savoir des employeurs"},"content":{"rendered":"\n<h2 class=\"wp-block-heading\"><span style=\"color: #000000;\">Deux nouvelles lois : Le droit \u00e0 la d\u00e9connexion et la question de la surveillance \u00e9lectronique des employ\u00e9s \u2014 Ce que les employeurs de l\u2019Ontario doivent savoir<\/span><\/h2>\n\n\n\n<figure class=\"wp-block-image size-full\"><a href=\"https:\/\/www.hireimmigrantsottawa.ca\/wp-content\/uploads\/2024\/05\/HIO-Learning-Banner-FR.jpg\"><img fetchpriority=\"high\" decoding=\"async\" width=\"600\" height=\"259\" src=\"https:\/\/www.hireimmigrantsottawa.ca\/wp-content\/uploads\/2024\/05\/HIO-Learning-Banner-FR.jpg\" alt=\"\" class=\"wp-image-7968\" srcset=\"https:\/\/www.hireimmigrantsottawa.ca\/wp-content\/uploads\/2024\/05\/HIO-Learning-Banner-FR.jpg 600w, https:\/\/www.hireimmigrantsottawa.ca\/wp-content\/uploads\/2024\/05\/HIO-Learning-Banner-FR-300x130.jpg 300w\" sizes=\"(max-width: 600px) 100vw, 600px\" \/><\/a><\/figure>\n\n\n\n<p><span style=\"color: #ff6600;\"><strong>Jeudi 24 novembre 2022 <\/strong><\/span><strong>(\u00e9v\u00e9nement en anglais seulement)<\/strong><\/p>\n\n\n\n<p>L\u2019augmentation du travail hybride et \u00e0 distance en r\u00e9ponse aux perturbations caus\u00e9es par la pand\u00e9mie a d\u00e9fi\u00e9 les horaires de travail de neuf \u00e0 cinq et a parfois brouill\u00e9 la ligne de d\u00e9marcation entre le travail et la vie personnelle. Les entreprises ont d\u00fb adapter leurs activit\u00e9s et tenir compte des horaires des employ\u00e9s, tandis que d\u2019autres ont mis en place une technologie pour surveiller la productivit\u00e9 des employ\u00e9s. Le gouvernement de l\u2019Ontario a adopt\u00e9 deux nouvelles lois : une sur le droit \u00e0 la d\u00e9connexion et une autre sur la question de la surveillance \u00e9lectronique des employ\u00e9s pour relever ces d\u00e9fis.<\/p>\n\n\n\n<p>Paul Willetts, expert juridique en droit de l\u2019emploi du cabinet Vey Willetts LLP, discutera des nouvelles lois et exigences de la province en mati\u00e8re de droit \u00e0 la d\u00e9connexion et de surveillance \u00e9lectronique des employ\u00e9s et de la fa\u00e7on dont cela touchera les entreprises de l\u2019Ontario.<\/p>\n\n\n\n<p><strong>Les participants en apprendront davantage sur les questions suivantes : <\/strong><\/p>\n\n\n\n<ol class=\"wp-block-list\">\n<li>Quand les employeurs ont-ils besoin de politiques sur le droit \u00e0 la d\u00e9connexion et sur la surveillance \u00e9lectronique.<\/li>\n\n\n\n<li>Quelle est la diff\u00e9rence entre l\u2019obligation de prendre des mesures d\u2019adaptation et les demandes d\u2019exemption.<\/li>\n\n\n\n<li>Qu\u2019en est-il de l\u2019\u00e9volution des pratiques et des consid\u00e9rations pour des milieux de travail inclusifs.<\/li>\n<\/ol>\n\n\n\n<p><strong>Qui devrait assister \u00e0 l\u2019atelier\u2009?<\/strong><\/p>\n\n\n\n<p>Employeurs, propri\u00e9taires de petites et moyennes entreprises, gestionnaires des RH et recruteurs dans tous les secteurs<\/p>\n\n\n\n<p><strong>Conf\u00e9rencier : <\/strong>Paul Willetts, Vey Willetts, LLP<\/p>\n\n\n\n<p><strong>Quand&nbsp;:<\/strong> Jeudi 24 novembre 2022 (de 13 h 30 \u00e0 14 h 30) \u2014 sur Zoom&nbsp;<\/p>\n\n\n\n<p><strong>Inscription&nbsp;:<\/strong> Gratuite \u2013 L\u2019inscription \u00e0 l\u2019avance est obligatoire et doit \u00eatre faite avant le 21 novembre 2022.&nbsp;<\/p>\n\n\n\n<h2 class=\"wp-block-heading\"><span style=\"color: #ff6600;\"><strong>Inscrivez-vous aujourd&rsquo;hui<\/strong><\/span><\/h2>\n\n\n\n<div id=\"eventbrite-widget-container-459105245147\"><\/div>\n\n<script src=\"https:\/\/www.eventbrite.ca\/static\/widgets\/eb_widgets.js\"><\/script>\n\n<script type=\"text\/javascript\">\n    var exampleCallback = function() {\n        console.log('Order complete!');\n    };\n\n    window.EBWidgets.createWidget({\n        \/\/ Required\n        widgetType: 'checkout',\n        eventId: '459105245147',\n        iframeContainerId: 'eventbrite-widget-container-459105245147',\n\n        \/\/ Optional\n        iframeContainerHeight: 500,  \/\/ Widget height in pixels. Defaults to a minimum of 425px if not provided\n        onOrderComplete: exampleCallback  \/\/ Method called when an order has successfully completed\n    });\n<\/script>\n\n\n\n<h2 class=\"wp-block-heading\"><strong>Nouveau!<\/strong><\/h2>\n\n\n\n<figure class=\"wp-block-image size-full\"><img decoding=\"async\" width=\"1024\" height=\"171\" src=\"https:\/\/www.hireimmigrantsottawa.ca\/wp-content\/uploads\/2024\/05\/FR-CIB_GrayBanner-V2-600-\u00d7-100-px.png\" alt=\"\" class=\"wp-image-7970\" srcset=\"https:\/\/www.hireimmigrantsottawa.ca\/wp-content\/uploads\/2024\/05\/FR-CIB_GrayBanner-V2-600-\u00d7-100-px.png 1024w, https:\/\/www.hireimmigrantsottawa.ca\/wp-content\/uploads\/2024\/05\/FR-CIB_GrayBanner-V2-600-\u00d7-100-px-300x50.png 300w, https:\/\/www.hireimmigrantsottawa.ca\/wp-content\/uploads\/2024\/05\/FR-CIB_GrayBanner-V2-600-\u00d7-100-px-768x128.png 768w\" sizes=\"(max-width: 1024px) 100vw, 1024px\" \/><\/figure>\n\n\n\n<p>Pour de plus amples renseignements, veuillez communiquer avec nous \u00e0 l\u2019adresse courriel suivante&nbsp;: <a href=\"mailto:events@hireimmigrantsottawa.ca\">events@hireimmigrantsottawa.ca<\/a>.<\/p>\n","protected":false},"excerpt":{"rendered":"<p>Deux nouvelles lois : Le droit \u00e0 la d\u00e9connexion et la question de la surveillance \u00e9lectronique des employ\u00e9s \u2014 Ce que les employeurs de l\u2019Ontario doivent savoir Jeudi 24 novembre [&hellip;]<\/p>\n","protected":false},"author":12,"featured_media":11152,"parent":79,"menu_order":0,"comment_status":"closed","ping_status":"closed","template":"","meta":{"_exactmetrics_skip_tracking":false,"_exactmetrics_sitenote_active":false,"_exactmetrics_sitenote_note":"","_exactmetrics_sitenote_category":0,"footnotes":"","_links_to":"","_links_to_target":""},"class_list":["post-7967","page","type-page","status-publish","has-post-thumbnail","hentry"],"yoast_head":"<!-- This site is optimized with the Yoast SEO plugin v27.2 - https:\/\/yoast.com\/product\/yoast-seo-wordpress\/ -->\n<title>Forum du savoir des employeurs - Hire Immigrants Ottawa<\/title>\n<meta name=\"robots\" content=\"index, follow, max-snippet:-1, max-image-preview:large, max-video-preview:-1\" \/>\n<link rel=\"canonical\" href=\"https:\/\/www.hireimmigrantsottawa.ca\/fr\/evenements\/forum-du-savoir-des-employeurs-2\/\" \/>\n<meta property=\"og:locale\" content=\"fr_FR\" \/>\n<meta property=\"og:type\" content=\"article\" \/>\n<meta property=\"og:title\" content=\"Forum du savoir des employeurs - Hire Immigrants Ottawa\" \/>\n<meta property=\"og:description\" content=\"Deux nouvelles lois : Le droit \u00e0 la d\u00e9connexion et la question de la surveillance \u00e9lectronique des employ\u00e9s \u2014 Ce que les employeurs de l\u2019Ontario doivent savoir Jeudi 24 novembre [&hellip;]\" \/>\n<meta property=\"og:url\" content=\"https:\/\/www.hireimmigrantsottawa.ca\/fr\/evenements\/forum-du-savoir-des-employeurs-2\/\" \/>\n<meta property=\"og:site_name\" content=\"Hire Immigrants Ottawa\" \/>\n<meta property=\"article:modified_time\" content=\"2024-05-31T16:14:46+00:00\" \/>\n<meta property=\"og:image\" content=\"https:\/\/www.hireimmigrantsottawa.ca\/wp-content\/uploads\/2024\/05\/Micro-Learning-June-2024-1200-x-700-px-5.png\" \/>\n\t<meta property=\"og:image:width\" content=\"1024\" \/>\n\t<meta property=\"og:image:height\" content=\"433\" \/>\n\t<meta property=\"og:image:type\" content=\"image\/png\" \/>\n<meta name=\"twitter:card\" content=\"summary_large_image\" \/>\n<meta name=\"twitter:site\" content=\"@HireImmOttawa\" \/>\n<meta name=\"twitter:label1\" content=\"Dur\u00e9e de lecture estim\u00e9e\" \/>\n\t<meta name=\"twitter:data1\" content=\"2 minutes\" \/>\n<script type=\"application\/ld+json\" class=\"yoast-schema-graph\">{\"@context\":\"https:\/\/schema.org\",\"@graph\":[{\"@type\":\"WebPage\",\"@id\":\"https:\/\/www.hireimmigrantsottawa.ca\/fr\/evenements\/forum-du-savoir-des-employeurs-2\/\",\"url\":\"https:\/\/www.hireimmigrantsottawa.ca\/fr\/evenements\/forum-du-savoir-des-employeurs-2\/\",\"name\":\"Forum du savoir des employeurs - Hire Immigrants Ottawa\",\"isPartOf\":{\"@id\":\"https:\/\/www.hireimmigrantsottawa.ca\/#website\"},\"primaryImageOfPage\":{\"@id\":\"https:\/\/www.hireimmigrantsottawa.ca\/fr\/evenements\/forum-du-savoir-des-employeurs-2\/#primaryimage\"},\"image\":{\"@id\":\"https:\/\/www.hireimmigrantsottawa.ca\/fr\/evenements\/forum-du-savoir-des-employeurs-2\/#primaryimage\"},\"thumbnailUrl\":\"https:\/\/www.hireimmigrantsottawa.ca\/wp-content\/uploads\/2026\/01\/ISO-Expo-Eventbrite.png\",\"datePublished\":\"2024-05-31T16:14:45+00:00\",\"dateModified\":\"2024-05-31T16:14:46+00:00\",\"breadcrumb\":{\"@id\":\"https:\/\/www.hireimmigrantsottawa.ca\/fr\/evenements\/forum-du-savoir-des-employeurs-2\/#breadcrumb\"},\"inLanguage\":\"fr-FR\",\"potentialAction\":[{\"@type\":\"ReadAction\",\"target\":[\"https:\/\/www.hireimmigrantsottawa.ca\/fr\/evenements\/forum-du-savoir-des-employeurs-2\/\"]}]},{\"@type\":\"ImageObject\",\"inLanguage\":\"fr-FR\",\"@id\":\"https:\/\/www.hireimmigrantsottawa.ca\/fr\/evenements\/forum-du-savoir-des-employeurs-2\/#primaryimage\",\"url\":\"https:\/\/www.hireimmigrantsottawa.ca\/wp-content\/uploads\/2026\/01\/ISO-Expo-Eventbrite.png\",\"contentUrl\":\"https:\/\/www.hireimmigrantsottawa.ca\/wp-content\/uploads\/2026\/01\/ISO-Expo-Eventbrite.png\",\"width\":1024,\"height\":512},{\"@type\":\"BreadcrumbList\",\"@id\":\"https:\/\/www.hireimmigrantsottawa.ca\/fr\/evenements\/forum-du-savoir-des-employeurs-2\/#breadcrumb\",\"itemListElement\":[{\"@type\":\"ListItem\",\"position\":1,\"name\":\"Home\",\"item\":\"https:\/\/www.hireimmigrantsottawa.ca\/\"},{\"@type\":\"ListItem\",\"position\":2,\"name\":\"\u00c9v\u00e9nements\",\"item\":\"https:\/\/www.hireimmigrantsottawa.ca\/fr\/evenements\/\"},{\"@type\":\"ListItem\",\"position\":3,\"name\":\"Forum du savoir des employeurs\"}]},{\"@type\":\"WebSite\",\"@id\":\"https:\/\/www.hireimmigrantsottawa.ca\/#website\",\"url\":\"https:\/\/www.hireimmigrantsottawa.ca\/\",\"name\":\"Hire Immigrants Ottawa\",\"description\":\"increases the capacity of employers to attract and integrate skilled immigrants\",\"publisher\":{\"@id\":\"https:\/\/www.hireimmigrantsottawa.ca\/#organization\"},\"potentialAction\":[{\"@type\":\"SearchAction\",\"target\":{\"@type\":\"EntryPoint\",\"urlTemplate\":\"https:\/\/www.hireimmigrantsottawa.ca\/?s={search_term_string}\"},\"query-input\":{\"@type\":\"PropertyValueSpecification\",\"valueRequired\":true,\"valueName\":\"search_term_string\"}}],\"inLanguage\":\"fr-FR\"},{\"@type\":\"Organization\",\"@id\":\"https:\/\/www.hireimmigrantsottawa.ca\/#organization\",\"name\":\"Hire Immigrants Ottawa\",\"url\":\"https:\/\/www.hireimmigrantsottawa.ca\/\",\"logo\":{\"@type\":\"ImageObject\",\"inLanguage\":\"fr-FR\",\"@id\":\"https:\/\/www.hireimmigrantsottawa.ca\/#\/schema\/logo\/image\/\",\"url\":\"https:\/\/www.hireimmigrantsottawa.ca\/wp-content\/uploads\/2023\/10\/hio-logo_bow_EN_web.png\",\"contentUrl\":\"https:\/\/www.hireimmigrantsottawa.ca\/wp-content\/uploads\/2023\/10\/hio-logo_bow_EN_web.png\",\"width\":745,\"height\":160,\"caption\":\"Hire Immigrants Ottawa\"},\"image\":{\"@id\":\"https:\/\/www.hireimmigrantsottawa.ca\/#\/schema\/logo\/image\/\"},\"sameAs\":[\"https:\/\/x.com\/HireImmOttawa\",\"https:\/\/www.youtube.com\/user\/hireimmigrantsottawa\"]}]}<\/script>\n<!-- \/ Yoast SEO plugin. -->","yoast_head_json":{"title":"Forum du savoir des employeurs - Hire Immigrants Ottawa","robots":{"index":"index","follow":"follow","max-snippet":"max-snippet:-1","max-image-preview":"max-image-preview:large","max-video-preview":"max-video-preview:-1"},"canonical":"https:\/\/www.hireimmigrantsottawa.ca\/fr\/evenements\/forum-du-savoir-des-employeurs-2\/","og_locale":"fr_FR","og_type":"article","og_title":"Forum du savoir des employeurs - Hire Immigrants Ottawa","og_description":"Deux nouvelles lois : Le droit \u00e0 la d\u00e9connexion et la question de la surveillance \u00e9lectronique des employ\u00e9s \u2014 Ce que les employeurs de l\u2019Ontario doivent savoir Jeudi 24 novembre [&hellip;]","og_url":"https:\/\/www.hireimmigrantsottawa.ca\/fr\/evenements\/forum-du-savoir-des-employeurs-2\/","og_site_name":"Hire Immigrants Ottawa","article_modified_time":"2024-05-31T16:14:46+00:00","og_image":[{"width":1024,"height":433,"url":"https:\/\/www.hireimmigrantsottawa.ca\/wp-content\/uploads\/2024\/05\/Micro-Learning-June-2024-1200-x-700-px-5.png","type":"image\/png"}],"twitter_card":"summary_large_image","twitter_site":"@HireImmOttawa","twitter_misc":{"Dur\u00e9e de lecture estim\u00e9e":"2 minutes"},"schema":{"@context":"https:\/\/schema.org","@graph":[{"@type":"WebPage","@id":"https:\/\/www.hireimmigrantsottawa.ca\/fr\/evenements\/forum-du-savoir-des-employeurs-2\/","url":"https:\/\/www.hireimmigrantsottawa.ca\/fr\/evenements\/forum-du-savoir-des-employeurs-2\/","name":"Forum du savoir des employeurs - Hire Immigrants Ottawa","isPartOf":{"@id":"https:\/\/www.hireimmigrantsottawa.ca\/#website"},"primaryImageOfPage":{"@id":"https:\/\/www.hireimmigrantsottawa.ca\/fr\/evenements\/forum-du-savoir-des-employeurs-2\/#primaryimage"},"image":{"@id":"https:\/\/www.hireimmigrantsottawa.ca\/fr\/evenements\/forum-du-savoir-des-employeurs-2\/#primaryimage"},"thumbnailUrl":"https:\/\/www.hireimmigrantsottawa.ca\/wp-content\/uploads\/2026\/01\/ISO-Expo-Eventbrite.png","datePublished":"2024-05-31T16:14:45+00:00","dateModified":"2024-05-31T16:14:46+00:00","breadcrumb":{"@id":"https:\/\/www.hireimmigrantsottawa.ca\/fr\/evenements\/forum-du-savoir-des-employeurs-2\/#breadcrumb"},"inLanguage":"fr-FR","potentialAction":[{"@type":"ReadAction","target":["https:\/\/www.hireimmigrantsottawa.ca\/fr\/evenements\/forum-du-savoir-des-employeurs-2\/"]}]},{"@type":"ImageObject","inLanguage":"fr-FR","@id":"https:\/\/www.hireimmigrantsottawa.ca\/fr\/evenements\/forum-du-savoir-des-employeurs-2\/#primaryimage","url":"https:\/\/www.hireimmigrantsottawa.ca\/wp-content\/uploads\/2026\/01\/ISO-Expo-Eventbrite.png","contentUrl":"https:\/\/www.hireimmigrantsottawa.ca\/wp-content\/uploads\/2026\/01\/ISO-Expo-Eventbrite.png","width":1024,"height":512},{"@type":"BreadcrumbList","@id":"https:\/\/www.hireimmigrantsottawa.ca\/fr\/evenements\/forum-du-savoir-des-employeurs-2\/#breadcrumb","itemListElement":[{"@type":"ListItem","position":1,"name":"Home","item":"https:\/\/www.hireimmigrantsottawa.ca\/"},{"@type":"ListItem","position":2,"name":"\u00c9v\u00e9nements","item":"https:\/\/www.hireimmigrantsottawa.ca\/fr\/evenements\/"},{"@type":"ListItem","position":3,"name":"Forum du savoir des employeurs"}]},{"@type":"WebSite","@id":"https:\/\/www.hireimmigrantsottawa.ca\/#website","url":"https:\/\/www.hireimmigrantsottawa.ca\/","name":"Hire Immigrants Ottawa","description":"increases the capacity of employers to attract and integrate skilled immigrants","publisher":{"@id":"https:\/\/www.hireimmigrantsottawa.ca\/#organization"},"potentialAction":[{"@type":"SearchAction","target":{"@type":"EntryPoint","urlTemplate":"https:\/\/www.hireimmigrantsottawa.ca\/?s={search_term_string}"},"query-input":{"@type":"PropertyValueSpecification","valueRequired":true,"valueName":"search_term_string"}}],"inLanguage":"fr-FR"},{"@type":"Organization","@id":"https:\/\/www.hireimmigrantsottawa.ca\/#organization","name":"Hire Immigrants Ottawa","url":"https:\/\/www.hireimmigrantsottawa.ca\/","logo":{"@type":"ImageObject","inLanguage":"fr-FR","@id":"https:\/\/www.hireimmigrantsottawa.ca\/#\/schema\/logo\/image\/","url":"https:\/\/www.hireimmigrantsottawa.ca\/wp-content\/uploads\/2023\/10\/hio-logo_bow_EN_web.png","contentUrl":"https:\/\/www.hireimmigrantsottawa.ca\/wp-content\/uploads\/2023\/10\/hio-logo_bow_EN_web.png","width":745,"height":160,"caption":"Hire Immigrants Ottawa"},"image":{"@id":"https:\/\/www.hireimmigrantsottawa.ca\/#\/schema\/logo\/image\/"},"sameAs":["https:\/\/x.com\/HireImmOttawa","https:\/\/www.youtube.com\/user\/hireimmigrantsottawa"]}]}},"_links":{"self":[{"href":"https:\/\/www.hireimmigrantsottawa.ca\/fr\/wp-json\/wp\/v2\/pages\/7967","targetHints":{"allow":["GET"]}}],"collection":[{"href":"https:\/\/www.hireimmigrantsottawa.ca\/fr\/wp-json\/wp\/v2\/pages"}],"about":[{"href":"https:\/\/www.hireimmigrantsottawa.ca\/fr\/wp-json\/wp\/v2\/types\/page"}],"author":[{"embeddable":true,"href":"https:\/\/www.hireimmigrantsottawa.ca\/fr\/wp-json\/wp\/v2\/users\/12"}],"replies":[{"embeddable":true,"href":"https:\/\/www.hireimmigrantsottawa.ca\/fr\/wp-json\/wp\/v2\/comments?post=7967"}],"version-history":[{"count":1,"href":"https:\/\/www.hireimmigrantsottawa.ca\/fr\/wp-json\/wp\/v2\/pages\/7967\/revisions"}],"predecessor-version":[{"id":7972,"href":"https:\/\/www.hireimmigrantsottawa.ca\/fr\/wp-json\/wp\/v2\/pages\/7967\/revisions\/7972"}],"up":[{"embeddable":true,"href":"https:\/\/www.hireimmigrantsottawa.ca\/fr\/wp-json\/wp\/v2\/pages\/79"}],"wp:featuredmedia":[{"embeddable":true,"href":"https:\/\/www.hireimmigrantsottawa.ca\/fr\/wp-json\/wp\/v2\/media\/11152"}],"wp:attachment":[{"href":"https:\/\/www.hireimmigrantsottawa.ca\/fr\/wp-json\/wp\/v2\/media?parent=7967"}],"curies":[{"name":"wp","href":"https:\/\/api.w.org\/{rel}","templated":true}]}}