{"id":7357,"date":"2022-04-20T22:24:05","date_gmt":"2022-04-21T02:24:05","guid":{"rendered":"https:\/\/www.hireimmigrantsottawa.ca\/evenements\/summit-registration\/"},"modified":"2022-05-02T19:45:55","modified_gmt":"2022-05-02T23:45:55","slug":"sommet-inscription-2","status":"publish","type":"page","link":"https:\/\/www.hireimmigrantsottawa.ca\/fr\/evenements\/sommet-inscription-2\/","title":{"rendered":"Prix et Sommet du Conseil des employeurs champions de 2022"},"content":{"rendered":"<h3>Le leadership inclusif \u00e0 l\u2019heure du changement<\/h3>\n<table>\n<tbody>\n<tr>\n<td>&nbsp;<\/td>\n<\/tr>\n<\/tbody>\n<\/table>\n<h4>Le 26 mai 2022~&nbsp;<strong>\u00c9v\u00e9nement virtuel sur la plateforme Zoom<\/strong><\/h4>\n<div class=\"menu-sommet-menu2-container\"><ul id=\"short_menu_69e3957c71e35\" class=\"shortcode_menu summit-menu wpsm-menu enhance_shortcode_menu_inline  \"><li id=\"menu-item-7363\" class=\"menu-item menu-item-type-post_type menu-item-object-page menu-item-7363\"><a href=\"https:\/\/www.hireimmigrantsottawa.ca\/fr\/evenements\/sommet-inscription-2\/\">S&rsquo;inscrire<\/a><\/li>\n<li id=\"menu-item-7364\" class=\"menu-item menu-item-type-post_type menu-item-object-page menu-item-7364\"><a href=\"https:\/\/www.hireimmigrantsottawa.ca\/fr\/evenements\/sommet-des-employeurs-programme\/\">Programme<\/a><\/li>\n<\/ul><\/div><div class=\"clear\"><\/div>\n\t\t\t<style>\n\t\t\t\t#short_menu_69e3957c71e35 {  }\n\t\t\t\t#short_menu_69e3957c71e35 ul.wpsm-arrow-enabled:before {  } \n\t\t\t\t#short_menu_69e3957c71e35 ul, #short_menu_69e3957c71e35 ul ul {  }\n\t\t\t\t#short_menu_69e3957c71e35 a {  }\n\t\t\t\t#short_menu_69e3957c71e35 a:hover {  }\n\t\t\t\t#short_menu_69e3957c71e35 ul a {  }\n\t\t\t\t#short_menu_69e3957c71e35 ul a:hover {  }\n\t\t\t\t\n\t\t\t<\/style>\n\t\t\t<script type=\"text\/javascript\">\n\t\t\t\tvar show_arrow = \"true\";var $sm = jQuery.noConflict();\n\t\t\t\t\tjQuery(function ($) {\n\t\t\t\t\t\t$(\"#short_menu_69e3957c71e35\").tinyNav();\n\t\t\t\t\t\t$(\"#short_menu_69e3957c71e35\").next().addClass(\"shortcode-menu-mobile\");\n\t\t\t\t\t\t\n\t\t\t\t\t\tshortcode_menu_responsive();\n\t\t\t\t\t});\n\t\t\t\t\tjQuery(window).resize(function($){\n\t\t\t\t\t\tshortcode_menu_responsive();\n\t\t\t\t\t});\n\t\t\t\t\tfunction shortcode_menu_responsive()\n\t\t\t\t\t{\n\t\t\t\t\t\tvar window_width = $sm(window).width();\n\t\t\t\t\t\tif(window_width <= 650)\n\t\t\t\t\t\t{\n\t\t\t\t\t\t\t$sm(\"#short_menu_69e3957c71e35\").hide();\n\t\t\t\t\t\t\t$sm(\"#short_menu_69e3957c71e35\").next().show();\n\t\t\t\t\t\t}\n\t\t\t\t\t\telse\n\t\t\t\t\t\t{\n\t\t\t\t\t\t\t$sm(\"#short_menu_69e3957c71e35\").show();\n\t\t\t\t\t\t\t$sm(\"#short_menu_69e3957c71e35\").next().hide();\n\t\t\t\t\t\t}\n\t\t\t\t\t}<\/script>\n\n\n<p>Joignez-vous \u00e0 plus de 100 cadres sup\u00e9rieurs, sp\u00e9cialistes en ressources humaines et leaders communautaires (provenant d\u2019entreprises, du gouvernement et d\u2019organismes sans but lucratif) pour discuter du r\u00f4le du leadership au chapitre de la promotion du changement dans les pratiques en mati\u00e8re de diversit\u00e9, d\u2019\u00e9quit\u00e9, d\u2019inclusion et d\u2019appartenance des organismes.<\/p>\n\n\n\n<div id=\"eventbrite-widget-container-311438199037\"><\/div>\n\n<script src=\"https:\/\/www.eventbrite.ca\/static\/widgets\/eb_widgets.js\"><\/script>\n\n<script type=\"text\/javascript\">\n    var exampleCallback = function() {\n        console.log('Order complete!');\n    };\n\n    window.EBWidgets.createWidget({\n        \/\/ Required\n        widgetType: 'checkout',\n        eventId: '311438199037',\n        iframeContainerId: 'eventbrite-widget-container-311438199037',\n\n        \/\/ Optional\n        iframeContainerHeight: 600,  \/\/ Widget height in pixels. Defaults to a minimum of 425px if not provided\n        onOrderComplete: exampleCallback  \/\/ Method called when an order has successfully completed\n    });\n<\/script>\n\n\n\n<h2 class=\"wp-block-heading\">Nouveau!<\/h2>\n\n\n\n<figure class=\"wp-block-image size-full\"><a href=\"https:\/\/www.hireimmigrantsottawa.ca\/fr\/evenements\/inclusion-et-dappartenance\/\"><img fetchpriority=\"high\" decoding=\"async\" width=\"1024\" height=\"171\" src=\"https:\/\/www.hireimmigrantsottawa.ca\/wp-content\/uploads\/2022\/05\/FR-CIB_GrayBanner-V2-600-\u00d7-100-px.png\" alt=\"\" class=\"wp-image-7416\" srcset=\"https:\/\/www.hireimmigrantsottawa.ca\/wp-content\/uploads\/2022\/05\/FR-CIB_GrayBanner-V2-600-\u00d7-100-px.png 1024w, https:\/\/www.hireimmigrantsottawa.ca\/wp-content\/uploads\/2022\/05\/FR-CIB_GrayBanner-V2-600-\u00d7-100-px-300x50.png 300w, https:\/\/www.hireimmigrantsottawa.ca\/wp-content\/uploads\/2022\/05\/FR-CIB_GrayBanner-V2-600-\u00d7-100-px-768x128.png 768w\" sizes=\"(max-width: 1024px) 100vw, 1024px\" \/><\/a><\/figure>\n","protected":false},"excerpt":{"rendered":"<p>Le leadership inclusif \u00e0 l\u2019heure du changement &nbsp; Le 26 mai 2022~&nbsp;\u00c9v\u00e9nement virtuel sur la plateforme Zoom Joignez-vous \u00e0 plus de 100 cadres sup\u00e9rieurs, sp\u00e9cialistes en ressources humaines et leaders [&hellip;]<\/p>\n","protected":false},"author":13,"featured_media":0,"parent":79,"menu_order":0,"comment_status":"closed","ping_status":"closed","template":"","meta":{"_exactmetrics_skip_tracking":false,"_exactmetrics_sitenote_active":false,"_exactmetrics_sitenote_note":"","_exactmetrics_sitenote_category":0,"footnotes":"","_links_to":"","_links_to_target":""},"class_list":["post-7357","page","type-page","status-publish","hentry"],"yoast_head":"<!-- This site is optimized with the Yoast SEO plugin v27.2 - https:\/\/yoast.com\/product\/yoast-seo-wordpress\/ -->\n<title>Prix et Sommet du Conseil des employeurs champions de 2022 - Hire Immigrants Ottawa<\/title>\n<meta name=\"robots\" content=\"index, follow, max-snippet:-1, max-image-preview:large, max-video-preview:-1\" \/>\n<link rel=\"canonical\" href=\"https:\/\/www.hireimmigrantsottawa.ca\/fr\/evenements\/sommet-inscription-2\/\" \/>\n<meta property=\"og:locale\" content=\"fr_FR\" \/>\n<meta property=\"og:type\" content=\"article\" \/>\n<meta property=\"og:title\" content=\"Prix et Sommet du Conseil des employeurs champions de 2022 - Hire Immigrants Ottawa\" \/>\n<meta property=\"og:description\" content=\"Le leadership inclusif \u00e0 l\u2019heure du changement &nbsp; Le 26 mai 2022~&nbsp;\u00c9v\u00e9nement virtuel sur la plateforme Zoom Joignez-vous \u00e0 plus de 100 cadres sup\u00e9rieurs, sp\u00e9cialistes en ressources humaines et leaders [&hellip;]\" \/>\n<meta property=\"og:url\" content=\"https:\/\/www.hireimmigrantsottawa.ca\/fr\/evenements\/sommet-inscription-2\/\" \/>\n<meta property=\"og:site_name\" content=\"Hire Immigrants Ottawa\" \/>\n<meta property=\"article:modified_time\" content=\"2022-05-02T23:45:55+00:00\" \/>\n<meta property=\"og:image\" content=\"https:\/\/www.hireimmigrantsottawa.ca\/wp-content\/uploads\/2017\/02\/hio-screenshot.png\" \/>\n\t<meta property=\"og:image:width\" content=\"781\" \/>\n\t<meta property=\"og:image:height\" content=\"429\" \/>\n\t<meta property=\"og:image:type\" content=\"image\/png\" \/>\n<meta name=\"twitter:card\" content=\"summary_large_image\" \/>\n<meta name=\"twitter:site\" content=\"@HireImmOttawa\" \/>\n<meta name=\"twitter:label1\" content=\"Dur\u00e9e de lecture estim\u00e9e\" \/>\n\t<meta name=\"twitter:data1\" content=\"1 minute\" \/>\n<script type=\"application\/ld+json\" class=\"yoast-schema-graph\">{\"@context\":\"https:\/\/schema.org\",\"@graph\":[{\"@type\":\"WebPage\",\"@id\":\"https:\/\/www.hireimmigrantsottawa.ca\/fr\/evenements\/sommet-inscription-2\/\",\"url\":\"https:\/\/www.hireimmigrantsottawa.ca\/fr\/evenements\/sommet-inscription-2\/\",\"name\":\"Prix et Sommet du Conseil des employeurs champions de 2022 - Hire Immigrants Ottawa\",\"isPartOf\":{\"@id\":\"https:\/\/www.hireimmigrantsottawa.ca\/#website\"},\"datePublished\":\"2022-04-21T02:24:05+00:00\",\"dateModified\":\"2022-05-02T23:45:55+00:00\",\"breadcrumb\":{\"@id\":\"https:\/\/www.hireimmigrantsottawa.ca\/fr\/evenements\/sommet-inscription-2\/#breadcrumb\"},\"inLanguage\":\"fr-FR\",\"potentialAction\":[{\"@type\":\"ReadAction\",\"target\":[\"https:\/\/www.hireimmigrantsottawa.ca\/fr\/evenements\/sommet-inscription-2\/\"]}]},{\"@type\":\"BreadcrumbList\",\"@id\":\"https:\/\/www.hireimmigrantsottawa.ca\/fr\/evenements\/sommet-inscription-2\/#breadcrumb\",\"itemListElement\":[{\"@type\":\"ListItem\",\"position\":1,\"name\":\"Home\",\"item\":\"https:\/\/www.hireimmigrantsottawa.ca\/\"},{\"@type\":\"ListItem\",\"position\":2,\"name\":\"\u00c9v\u00e9nements\",\"item\":\"https:\/\/www.hireimmigrantsottawa.ca\/fr\/evenements\/\"},{\"@type\":\"ListItem\",\"position\":3,\"name\":\"Prix et Sommet du Conseil des employeurs champions de 2022\"}]},{\"@type\":\"WebSite\",\"@id\":\"https:\/\/www.hireimmigrantsottawa.ca\/#website\",\"url\":\"https:\/\/www.hireimmigrantsottawa.ca\/\",\"name\":\"Hire Immigrants Ottawa\",\"description\":\"increases the capacity of employers to attract and integrate skilled immigrants\",\"publisher\":{\"@id\":\"https:\/\/www.hireimmigrantsottawa.ca\/#organization\"},\"potentialAction\":[{\"@type\":\"SearchAction\",\"target\":{\"@type\":\"EntryPoint\",\"urlTemplate\":\"https:\/\/www.hireimmigrantsottawa.ca\/?s={search_term_string}\"},\"query-input\":{\"@type\":\"PropertyValueSpecification\",\"valueRequired\":true,\"valueName\":\"search_term_string\"}}],\"inLanguage\":\"fr-FR\"},{\"@type\":\"Organization\",\"@id\":\"https:\/\/www.hireimmigrantsottawa.ca\/#organization\",\"name\":\"Hire Immigrants Ottawa\",\"url\":\"https:\/\/www.hireimmigrantsottawa.ca\/\",\"logo\":{\"@type\":\"ImageObject\",\"inLanguage\":\"fr-FR\",\"@id\":\"https:\/\/www.hireimmigrantsottawa.ca\/#\/schema\/logo\/image\/\",\"url\":\"https:\/\/www.hireimmigrantsottawa.ca\/wp-content\/uploads\/2023\/10\/hio-logo_bow_EN_web.png\",\"contentUrl\":\"https:\/\/www.hireimmigrantsottawa.ca\/wp-content\/uploads\/2023\/10\/hio-logo_bow_EN_web.png\",\"width\":745,\"height\":160,\"caption\":\"Hire Immigrants Ottawa\"},\"image\":{\"@id\":\"https:\/\/www.hireimmigrantsottawa.ca\/#\/schema\/logo\/image\/\"},\"sameAs\":[\"https:\/\/x.com\/HireImmOttawa\",\"https:\/\/www.youtube.com\/user\/hireimmigrantsottawa\"]}]}<\/script>\n<!-- \/ Yoast SEO plugin. -->","yoast_head_json":{"title":"Prix et Sommet du Conseil des employeurs champions de 2022 - Hire Immigrants Ottawa","robots":{"index":"index","follow":"follow","max-snippet":"max-snippet:-1","max-image-preview":"max-image-preview:large","max-video-preview":"max-video-preview:-1"},"canonical":"https:\/\/www.hireimmigrantsottawa.ca\/fr\/evenements\/sommet-inscription-2\/","og_locale":"fr_FR","og_type":"article","og_title":"Prix et Sommet du Conseil des employeurs champions de 2022 - Hire Immigrants Ottawa","og_description":"Le leadership inclusif \u00e0 l\u2019heure du changement &nbsp; Le 26 mai 2022~&nbsp;\u00c9v\u00e9nement virtuel sur la plateforme Zoom Joignez-vous \u00e0 plus de 100 cadres sup\u00e9rieurs, sp\u00e9cialistes en ressources humaines et leaders [&hellip;]","og_url":"https:\/\/www.hireimmigrantsottawa.ca\/fr\/evenements\/sommet-inscription-2\/","og_site_name":"Hire Immigrants Ottawa","article_modified_time":"2022-05-02T23:45:55+00:00","og_image":[{"width":781,"height":429,"url":"https:\/\/www.hireimmigrantsottawa.ca\/wp-content\/uploads\/2017\/02\/hio-screenshot.png","type":"image\/png"}],"twitter_card":"summary_large_image","twitter_site":"@HireImmOttawa","twitter_misc":{"Dur\u00e9e de lecture estim\u00e9e":"1 minute"},"schema":{"@context":"https:\/\/schema.org","@graph":[{"@type":"WebPage","@id":"https:\/\/www.hireimmigrantsottawa.ca\/fr\/evenements\/sommet-inscription-2\/","url":"https:\/\/www.hireimmigrantsottawa.ca\/fr\/evenements\/sommet-inscription-2\/","name":"Prix et Sommet du Conseil des employeurs champions de 2022 - Hire Immigrants Ottawa","isPartOf":{"@id":"https:\/\/www.hireimmigrantsottawa.ca\/#website"},"datePublished":"2022-04-21T02:24:05+00:00","dateModified":"2022-05-02T23:45:55+00:00","breadcrumb":{"@id":"https:\/\/www.hireimmigrantsottawa.ca\/fr\/evenements\/sommet-inscription-2\/#breadcrumb"},"inLanguage":"fr-FR","potentialAction":[{"@type":"ReadAction","target":["https:\/\/www.hireimmigrantsottawa.ca\/fr\/evenements\/sommet-inscription-2\/"]}]},{"@type":"BreadcrumbList","@id":"https:\/\/www.hireimmigrantsottawa.ca\/fr\/evenements\/sommet-inscription-2\/#breadcrumb","itemListElement":[{"@type":"ListItem","position":1,"name":"Home","item":"https:\/\/www.hireimmigrantsottawa.ca\/"},{"@type":"ListItem","position":2,"name":"\u00c9v\u00e9nements","item":"https:\/\/www.hireimmigrantsottawa.ca\/fr\/evenements\/"},{"@type":"ListItem","position":3,"name":"Prix et Sommet du Conseil des employeurs champions de 2022"}]},{"@type":"WebSite","@id":"https:\/\/www.hireimmigrantsottawa.ca\/#website","url":"https:\/\/www.hireimmigrantsottawa.ca\/","name":"Hire Immigrants Ottawa","description":"increases the capacity of employers to attract and integrate skilled immigrants","publisher":{"@id":"https:\/\/www.hireimmigrantsottawa.ca\/#organization"},"potentialAction":[{"@type":"SearchAction","target":{"@type":"EntryPoint","urlTemplate":"https:\/\/www.hireimmigrantsottawa.ca\/?s={search_term_string}"},"query-input":{"@type":"PropertyValueSpecification","valueRequired":true,"valueName":"search_term_string"}}],"inLanguage":"fr-FR"},{"@type":"Organization","@id":"https:\/\/www.hireimmigrantsottawa.ca\/#organization","name":"Hire Immigrants Ottawa","url":"https:\/\/www.hireimmigrantsottawa.ca\/","logo":{"@type":"ImageObject","inLanguage":"fr-FR","@id":"https:\/\/www.hireimmigrantsottawa.ca\/#\/schema\/logo\/image\/","url":"https:\/\/www.hireimmigrantsottawa.ca\/wp-content\/uploads\/2023\/10\/hio-logo_bow_EN_web.png","contentUrl":"https:\/\/www.hireimmigrantsottawa.ca\/wp-content\/uploads\/2023\/10\/hio-logo_bow_EN_web.png","width":745,"height":160,"caption":"Hire Immigrants Ottawa"},"image":{"@id":"https:\/\/www.hireimmigrantsottawa.ca\/#\/schema\/logo\/image\/"},"sameAs":["https:\/\/x.com\/HireImmOttawa","https:\/\/www.youtube.com\/user\/hireimmigrantsottawa"]}]}},"_links":{"self":[{"href":"https:\/\/www.hireimmigrantsottawa.ca\/fr\/wp-json\/wp\/v2\/pages\/7357","targetHints":{"allow":["GET"]}}],"collection":[{"href":"https:\/\/www.hireimmigrantsottawa.ca\/fr\/wp-json\/wp\/v2\/pages"}],"about":[{"href":"https:\/\/www.hireimmigrantsottawa.ca\/fr\/wp-json\/wp\/v2\/types\/page"}],"author":[{"embeddable":true,"href":"https:\/\/www.hireimmigrantsottawa.ca\/fr\/wp-json\/wp\/v2\/users\/13"}],"replies":[{"embeddable":true,"href":"https:\/\/www.hireimmigrantsottawa.ca\/fr\/wp-json\/wp\/v2\/comments?post=7357"}],"version-history":[{"count":5,"href":"https:\/\/www.hireimmigrantsottawa.ca\/fr\/wp-json\/wp\/v2\/pages\/7357\/revisions"}],"predecessor-version":[{"id":7421,"href":"https:\/\/www.hireimmigrantsottawa.ca\/fr\/wp-json\/wp\/v2\/pages\/7357\/revisions\/7421"}],"up":[{"embeddable":true,"href":"https:\/\/www.hireimmigrantsottawa.ca\/fr\/wp-json\/wp\/v2\/pages\/79"}],"wp:attachment":[{"href":"https:\/\/www.hireimmigrantsottawa.ca\/fr\/wp-json\/wp\/v2\/media?parent=7357"}],"curies":[{"name":"wp","href":"https:\/\/api.w.org\/{rel}","templated":true}]}}