{"id":7334,"date":"2022-04-22T13:41:51","date_gmt":"2022-04-22T17:41:51","guid":{"rendered":"https:\/\/www.hireimmigrantsottawa.ca\/?page_id=7334"},"modified":"2022-05-25T21:49:21","modified_gmt":"2022-05-26T01:49:21","slug":"inclusion-et-dappartenance","status":"publish","type":"page","link":"https:\/\/www.hireimmigrantsottawa.ca\/fr\/evenements\/inclusion-et-dappartenance\/","title":{"rendered":"Favoriser une culture d&rsquo;inclusion et d&rsquo;appartenance en milieu de travail"},"content":{"rendered":"<p>Un sentiment d\u2019appartenance au travail peut accro\u00eetre le rendement, r\u00e9duire le roulement de personnel et stimuler des \u00e9quipes r\u00e9silientes. Mais que signifie \u00ab appartenance au travail \u00bb, et comment cr\u00e9er une culture organisationnelle d\u2019appartenance au sein des organismes?<\/p>\n<p><iframe title=\"Favoriser une culture d\u2019inclusion et d\u2019appartenance en milieu de travail\" width=\"800\" height=\"450\" src=\"https:\/\/www.youtube.com\/embed\/7lPeoACuSEA?feature=oembed\" frameborder=\"0\" allow=\"accelerometer; autoplay; clipboard-write; encrypted-media; gyroscope; picture-in-picture; web-share\" referrerpolicy=\"strict-origin-when-cross-origin\" allowfullscreen><\/iframe><\/p>\n<p>Embauche immigrants Ottawa (EIO) offre une nouvelle s\u00e9rie de modules \u00e0 l\u2019intention des employeurs pour explorer les fa\u00e7ons d\u2019enraciner et d\u2019enrichir une culture d\u2019appartenance au travail.<\/p>\n<p>Cet atelier en trois modules vise \u00e0 d\u00e9velopper les connaissances et comp\u00e9tences des participants en mati\u00e8re de pratiques inclusives pour b\u00e2tir une culture d\u2019appartenance. Les participants recevront un certificat apr\u00e8s avoir termin\u00e9 les trois modules.<\/p>\n<p><strong><span style=\"color: #5871b3;\">Module 1 : Cr\u00e9er une culture d\u2019appartenance<br><\/span><\/strong><br>Nous voulons tous ressentir l\u2019appartenance, mais comment offrir cette exp\u00e9rience au travail? Ce module d\u2019introduction explore la signification, l\u2019image et l\u2019importance de l\u2019appartenance au travail, ainsi que les \u00e9l\u00e9ments de base pour b\u00e2tir une telle culture.<\/p>\n<p>D&rsquo;ici la fin de l&rsquo;atelier, les participant(e)s seront en mesure de :<\/p>\n<p>\u2022 D\u00e9finir les concepts de diversit\u00e9, d\u2019inclusion, d\u2019\u00e9quit\u00e9 et d\u2019appartenance;<br>\u2022 Expliquer les avantages d\u2019une culture d\u2019appartenance et d\u2019inclusion en milieu de travail;<br>\u2022 Identifier les composantes cl\u00e9s qui favorisent une culture d\u2019appartenance en milieu de travail<\/p>\n<p><strong>Les s\u00e9ances sont offertes gratuitement sur la plateforme Zoom, mais vous devez vous inscrire \u00e0 l\u2019avance.<\/strong><\/p>\n\n\n<div id=\"eventbrite-widget-container-348964160197\"><\/div>\n\n<script src=\"https:\/\/www.eventbrite.ca\/static\/widgets\/eb_widgets.js\"><\/script>\n\n<script type=\"text\/javascript\">\n    var exampleCallback = function() {\n        console.log('Order complete!');\n    };\n\n    window.EBWidgets.createWidget({\n        \/\/ Required\n        widgetType: 'checkout',\n        eventId: '348964160197',\n        iframeContainerId: 'eventbrite-widget-container-348964160197',\n\n        \/\/ Optional\n        iframeContainerHeight: 600,  \/\/ Widget height in pixels. Defaults to a minimum of 425px if not provided\n        onOrderComplete: exampleCallback  \/\/ Method called when an order has successfully completed\n    });\n<\/script>\n","protected":false},"excerpt":{"rendered":"<p>Un sentiment d\u2019appartenance au travail peut accro\u00eetre le rendement, r\u00e9duire le roulement de personnel et stimuler des \u00e9quipes r\u00e9silientes. Mais que signifie \u00ab appartenance au travail \u00bb, et comment cr\u00e9er [&hellip;]<\/p>\n","protected":false},"author":13,"featured_media":0,"parent":79,"menu_order":0,"comment_status":"closed","ping_status":"closed","template":"","meta":{"_exactmetrics_skip_tracking":false,"_exactmetrics_sitenote_active":false,"_exactmetrics_sitenote_note":"","_exactmetrics_sitenote_category":0,"footnotes":"","_links_to":"","_links_to_target":""},"class_list":["post-7334","page","type-page","status-publish","hentry"],"yoast_head":"<!-- This site is optimized with the Yoast SEO plugin v27.2 - https:\/\/yoast.com\/product\/yoast-seo-wordpress\/ -->\n<title>Favoriser une culture d&#039;inclusion et d&#039;appartenance en milieu de travail - Hire Immigrants Ottawa<\/title>\n<meta name=\"robots\" content=\"index, follow, max-snippet:-1, max-image-preview:large, max-video-preview:-1\" \/>\n<link rel=\"canonical\" href=\"https:\/\/www.hireimmigrantsottawa.ca\/fr\/evenements\/inclusion-et-dappartenance\/\" \/>\n<meta property=\"og:locale\" content=\"fr_FR\" \/>\n<meta property=\"og:type\" content=\"article\" \/>\n<meta property=\"og:title\" content=\"Favoriser une culture d&#039;inclusion et d&#039;appartenance en milieu de travail - Hire Immigrants Ottawa\" \/>\n<meta property=\"og:description\" content=\"Un sentiment d\u2019appartenance au travail peut accro\u00eetre le rendement, r\u00e9duire le roulement de personnel et stimuler des \u00e9quipes r\u00e9silientes. Mais que signifie \u00ab appartenance au travail \u00bb, et comment cr\u00e9er [&hellip;]\" \/>\n<meta property=\"og:url\" content=\"https:\/\/www.hireimmigrantsottawa.ca\/fr\/evenements\/inclusion-et-dappartenance\/\" \/>\n<meta property=\"og:site_name\" content=\"Hire Immigrants Ottawa\" \/>\n<meta property=\"article:modified_time\" content=\"2022-05-26T01:49:21+00:00\" \/>\n<meta property=\"og:image\" content=\"https:\/\/www.hireimmigrantsottawa.ca\/wp-content\/uploads\/2017\/02\/hio-screenshot.png\" \/>\n\t<meta property=\"og:image:width\" content=\"781\" \/>\n\t<meta property=\"og:image:height\" content=\"429\" \/>\n\t<meta property=\"og:image:type\" content=\"image\/png\" \/>\n<meta name=\"twitter:card\" content=\"summary_large_image\" \/>\n<meta name=\"twitter:site\" content=\"@HireImmOttawa\" \/>\n<meta name=\"twitter:label1\" content=\"Dur\u00e9e de lecture estim\u00e9e\" \/>\n\t<meta name=\"twitter:data1\" content=\"2 minutes\" \/>\n<script type=\"application\/ld+json\" class=\"yoast-schema-graph\">{\"@context\":\"https:\/\/schema.org\",\"@graph\":[{\"@type\":\"WebPage\",\"@id\":\"https:\/\/www.hireimmigrantsottawa.ca\/fr\/evenements\/inclusion-et-dappartenance\/\",\"url\":\"https:\/\/www.hireimmigrantsottawa.ca\/fr\/evenements\/inclusion-et-dappartenance\/\",\"name\":\"Favoriser une culture d'inclusion et d'appartenance en milieu de travail - Hire Immigrants Ottawa\",\"isPartOf\":{\"@id\":\"https:\/\/www.hireimmigrantsottawa.ca\/#website\"},\"datePublished\":\"2022-04-22T17:41:51+00:00\",\"dateModified\":\"2022-05-26T01:49:21+00:00\",\"breadcrumb\":{\"@id\":\"https:\/\/www.hireimmigrantsottawa.ca\/fr\/evenements\/inclusion-et-dappartenance\/#breadcrumb\"},\"inLanguage\":\"fr-FR\",\"potentialAction\":[{\"@type\":\"ReadAction\",\"target\":[\"https:\/\/www.hireimmigrantsottawa.ca\/fr\/evenements\/inclusion-et-dappartenance\/\"]}]},{\"@type\":\"BreadcrumbList\",\"@id\":\"https:\/\/www.hireimmigrantsottawa.ca\/fr\/evenements\/inclusion-et-dappartenance\/#breadcrumb\",\"itemListElement\":[{\"@type\":\"ListItem\",\"position\":1,\"name\":\"Home\",\"item\":\"https:\/\/www.hireimmigrantsottawa.ca\/\"},{\"@type\":\"ListItem\",\"position\":2,\"name\":\"\u00c9v\u00e9nements\",\"item\":\"https:\/\/www.hireimmigrantsottawa.ca\/fr\/evenements\/\"},{\"@type\":\"ListItem\",\"position\":3,\"name\":\"Favoriser une culture d&#8217;inclusion et d&#8217;appartenance en milieu de travail\"}]},{\"@type\":\"WebSite\",\"@id\":\"https:\/\/www.hireimmigrantsottawa.ca\/#website\",\"url\":\"https:\/\/www.hireimmigrantsottawa.ca\/\",\"name\":\"Hire Immigrants Ottawa\",\"description\":\"increases the capacity of employers to attract and integrate skilled immigrants\",\"publisher\":{\"@id\":\"https:\/\/www.hireimmigrantsottawa.ca\/#organization\"},\"potentialAction\":[{\"@type\":\"SearchAction\",\"target\":{\"@type\":\"EntryPoint\",\"urlTemplate\":\"https:\/\/www.hireimmigrantsottawa.ca\/?s={search_term_string}\"},\"query-input\":{\"@type\":\"PropertyValueSpecification\",\"valueRequired\":true,\"valueName\":\"search_term_string\"}}],\"inLanguage\":\"fr-FR\"},{\"@type\":\"Organization\",\"@id\":\"https:\/\/www.hireimmigrantsottawa.ca\/#organization\",\"name\":\"Hire Immigrants Ottawa\",\"url\":\"https:\/\/www.hireimmigrantsottawa.ca\/\",\"logo\":{\"@type\":\"ImageObject\",\"inLanguage\":\"fr-FR\",\"@id\":\"https:\/\/www.hireimmigrantsottawa.ca\/#\/schema\/logo\/image\/\",\"url\":\"https:\/\/www.hireimmigrantsottawa.ca\/wp-content\/uploads\/2023\/10\/hio-logo_bow_EN_web.png\",\"contentUrl\":\"https:\/\/www.hireimmigrantsottawa.ca\/wp-content\/uploads\/2023\/10\/hio-logo_bow_EN_web.png\",\"width\":745,\"height\":160,\"caption\":\"Hire Immigrants Ottawa\"},\"image\":{\"@id\":\"https:\/\/www.hireimmigrantsottawa.ca\/#\/schema\/logo\/image\/\"},\"sameAs\":[\"https:\/\/x.com\/HireImmOttawa\",\"https:\/\/www.youtube.com\/user\/hireimmigrantsottawa\"]}]}<\/script>\n<!-- \/ Yoast SEO plugin. -->","yoast_head_json":{"title":"Favoriser une culture d'inclusion et d'appartenance en milieu de travail - Hire Immigrants Ottawa","robots":{"index":"index","follow":"follow","max-snippet":"max-snippet:-1","max-image-preview":"max-image-preview:large","max-video-preview":"max-video-preview:-1"},"canonical":"https:\/\/www.hireimmigrantsottawa.ca\/fr\/evenements\/inclusion-et-dappartenance\/","og_locale":"fr_FR","og_type":"article","og_title":"Favoriser une culture d'inclusion et d'appartenance en milieu de travail - Hire Immigrants Ottawa","og_description":"Un sentiment d\u2019appartenance au travail peut accro\u00eetre le rendement, r\u00e9duire le roulement de personnel et stimuler des \u00e9quipes r\u00e9silientes. Mais que signifie \u00ab appartenance au travail \u00bb, et comment cr\u00e9er [&hellip;]","og_url":"https:\/\/www.hireimmigrantsottawa.ca\/fr\/evenements\/inclusion-et-dappartenance\/","og_site_name":"Hire Immigrants Ottawa","article_modified_time":"2022-05-26T01:49:21+00:00","og_image":[{"width":781,"height":429,"url":"https:\/\/www.hireimmigrantsottawa.ca\/wp-content\/uploads\/2017\/02\/hio-screenshot.png","type":"image\/png"}],"twitter_card":"summary_large_image","twitter_site":"@HireImmOttawa","twitter_misc":{"Dur\u00e9e de lecture estim\u00e9e":"2 minutes"},"schema":{"@context":"https:\/\/schema.org","@graph":[{"@type":"WebPage","@id":"https:\/\/www.hireimmigrantsottawa.ca\/fr\/evenements\/inclusion-et-dappartenance\/","url":"https:\/\/www.hireimmigrantsottawa.ca\/fr\/evenements\/inclusion-et-dappartenance\/","name":"Favoriser une culture d'inclusion et d'appartenance en milieu de travail - Hire Immigrants Ottawa","isPartOf":{"@id":"https:\/\/www.hireimmigrantsottawa.ca\/#website"},"datePublished":"2022-04-22T17:41:51+00:00","dateModified":"2022-05-26T01:49:21+00:00","breadcrumb":{"@id":"https:\/\/www.hireimmigrantsottawa.ca\/fr\/evenements\/inclusion-et-dappartenance\/#breadcrumb"},"inLanguage":"fr-FR","potentialAction":[{"@type":"ReadAction","target":["https:\/\/www.hireimmigrantsottawa.ca\/fr\/evenements\/inclusion-et-dappartenance\/"]}]},{"@type":"BreadcrumbList","@id":"https:\/\/www.hireimmigrantsottawa.ca\/fr\/evenements\/inclusion-et-dappartenance\/#breadcrumb","itemListElement":[{"@type":"ListItem","position":1,"name":"Home","item":"https:\/\/www.hireimmigrantsottawa.ca\/"},{"@type":"ListItem","position":2,"name":"\u00c9v\u00e9nements","item":"https:\/\/www.hireimmigrantsottawa.ca\/fr\/evenements\/"},{"@type":"ListItem","position":3,"name":"Favoriser une culture d&#8217;inclusion et d&#8217;appartenance en milieu de travail"}]},{"@type":"WebSite","@id":"https:\/\/www.hireimmigrantsottawa.ca\/#website","url":"https:\/\/www.hireimmigrantsottawa.ca\/","name":"Hire Immigrants Ottawa","description":"increases the capacity of employers to attract and integrate skilled immigrants","publisher":{"@id":"https:\/\/www.hireimmigrantsottawa.ca\/#organization"},"potentialAction":[{"@type":"SearchAction","target":{"@type":"EntryPoint","urlTemplate":"https:\/\/www.hireimmigrantsottawa.ca\/?s={search_term_string}"},"query-input":{"@type":"PropertyValueSpecification","valueRequired":true,"valueName":"search_term_string"}}],"inLanguage":"fr-FR"},{"@type":"Organization","@id":"https:\/\/www.hireimmigrantsottawa.ca\/#organization","name":"Hire Immigrants Ottawa","url":"https:\/\/www.hireimmigrantsottawa.ca\/","logo":{"@type":"ImageObject","inLanguage":"fr-FR","@id":"https:\/\/www.hireimmigrantsottawa.ca\/#\/schema\/logo\/image\/","url":"https:\/\/www.hireimmigrantsottawa.ca\/wp-content\/uploads\/2023\/10\/hio-logo_bow_EN_web.png","contentUrl":"https:\/\/www.hireimmigrantsottawa.ca\/wp-content\/uploads\/2023\/10\/hio-logo_bow_EN_web.png","width":745,"height":160,"caption":"Hire Immigrants Ottawa"},"image":{"@id":"https:\/\/www.hireimmigrantsottawa.ca\/#\/schema\/logo\/image\/"},"sameAs":["https:\/\/x.com\/HireImmOttawa","https:\/\/www.youtube.com\/user\/hireimmigrantsottawa"]}]}},"_links":{"self":[{"href":"https:\/\/www.hireimmigrantsottawa.ca\/fr\/wp-json\/wp\/v2\/pages\/7334","targetHints":{"allow":["GET"]}}],"collection":[{"href":"https:\/\/www.hireimmigrantsottawa.ca\/fr\/wp-json\/wp\/v2\/pages"}],"about":[{"href":"https:\/\/www.hireimmigrantsottawa.ca\/fr\/wp-json\/wp\/v2\/types\/page"}],"author":[{"embeddable":true,"href":"https:\/\/www.hireimmigrantsottawa.ca\/fr\/wp-json\/wp\/v2\/users\/13"}],"replies":[{"embeddable":true,"href":"https:\/\/www.hireimmigrantsottawa.ca\/fr\/wp-json\/wp\/v2\/comments?post=7334"}],"version-history":[{"count":9,"href":"https:\/\/www.hireimmigrantsottawa.ca\/fr\/wp-json\/wp\/v2\/pages\/7334\/revisions"}],"predecessor-version":[{"id":7645,"href":"https:\/\/www.hireimmigrantsottawa.ca\/fr\/wp-json\/wp\/v2\/pages\/7334\/revisions\/7645"}],"up":[{"embeddable":true,"href":"https:\/\/www.hireimmigrantsottawa.ca\/fr\/wp-json\/wp\/v2\/pages\/79"}],"wp:attachment":[{"href":"https:\/\/www.hireimmigrantsottawa.ca\/fr\/wp-json\/wp\/v2\/media?parent=7334"}],"curies":[{"name":"wp","href":"https:\/\/api.w.org\/{rel}","templated":true}]}}