{"id":73,"date":"2013-10-03T17:13:21","date_gmt":"2013-10-03T17:13:21","guid":{"rendered":"http:\/\/www.hireimmigrantsottawa.ca\/?page_id=73"},"modified":"2018-09-12T16:42:42","modified_gmt":"2018-09-12T20:42:42","slug":"pourquoi-embaucher-des-immigrants","status":"publish","type":"page","link":"https:\/\/www.hireimmigrantsottawa.ca\/fr\/pour-les-employeurs\/pourquoi-embaucher-des-immigrants\/","title":{"rendered":"Pourquoi Embaucher des immigrants?"},"content":{"rendered":"<p>En bref, embaucher des immigrants et d\u2019autres talents divers dans notre ville est tout simplement bon pour les affaires. Les immigrants constituent un segment diversifi\u00e9, hautement qualifi\u00e9 et en pleine croissance de la population ottavienne. Les entreprises qui refl\u00e8tent la diversit\u00e9 de notre ville ont plus de chances de r\u00e9ussir.<\/p>\n<p>Les employeurs ottaviens qui ont embauch\u00e9 des immigrants affirment en g\u00e9n\u00e9ral que ces employ\u00e9s ont apport\u00e9 une valeur ajout\u00e9e \u00e0 leur entreprise, puis qu\u2019ils ont eu un effet positif sur celle-ci.<\/p>\n<p><iframe src=\"https:\/\/www.youtube.com\/embed\/V-0AhjWhtPc\" width=\"475\" height=\"287\" frameborder=\"0\" allowfullscreen=\"allowfullscreen\"><\/iframe><\/p>\n<p><strong>Les entreprises qui embauchent d\u2019immigrants et de talents diversifi\u00e9s en tirent plusieurs avantages :<\/strong><\/p>\n<p><strong><span style=\"color: #5871b3;\">Les immigrants sont un \u00e9l\u00e9ment cl\u00e9 et un talent inexploit\u00e9 du bassin ottavien<\/span><\/strong><\/p>\n<ul>\n<li>L\u2019accroissement net de la main-d\u2019\u0153uvre \u00e0 Ottawa est enti\u00e8rement d\u00fb \u00e0 l\u2019immigration.<\/li>\n<li>L\u2019immigration permet d\u2019augmenter la population active \u00e0 Ottawa.<\/li>\n<li>Le bassin de talents est \u00e9largi lorsque vient le temps de recruter de nouveaux employ\u00e9s.<\/li>\n<li>Les immigrants apportent une exp\u00e9rience mondiale, une intelligence culturelle et linguistique, ainsi qu\u2019un acc\u00e8s \u00e0 divers r\u00e9seaux locaux et mondiaux.<\/li>\n<li>Ottawa attire des immigrants hautement qualifi\u00e9s dans tous les domaines de sp\u00e9cialisation.<\/li>\n<\/ul>\n<p><strong><span style=\"color: #5871b3;\">Les talents diversifi\u00e9s am\u00e9liorent le rendement en milieu de travail<\/span><\/strong><\/p>\n<ul>\n<li>Les entreprises diversifi\u00e9es et inclusives surpassent les entreprises homog\u00e8nes.<\/li>\n<li>Les diverses perspectives stimulent l\u2019innovation et la cr\u00e9ativit\u00e9.<\/li>\n<li>Les entreprises h\u00e9t\u00e9rog\u00e8nes ont de meilleures \u00e9valuations de risques, puis sont davantage en mesure d\u2019\u00e9voluer et de r\u00e9sister aux perturbations et aux changements.<\/li>\n<li>Les \u00e9quipes diversifi\u00e9es et bien g\u00e9r\u00e9es sont plus productives et g\u00e9n\u00e8rent plus de revenus.<\/li>\n<\/ul>\n<p><strong><span style=\"color: #5871b3;\">Un acc\u00e8s \u00e0 de nouveaux r\u00e9seaux et march\u00e9s<\/span><\/strong><\/p>\n<ul>\n<li>\u00c9tendez les march\u00e9s locaux et explorez de nouveaux march\u00e9s en tirant parti de l\u2019exp\u00e9rience internationale, de la sensibilisation culturelle et des r\u00e9seaux des immigrants.<\/li>\n<li>\u00c9largissez votre client\u00e8le en d\u00e9veloppant des id\u00e9es en interne, qui r\u00e9pondent aux besoins en mati\u00e8re de produits et services des march\u00e9s ethnosp\u00e9cifiques.<\/li>\n<li>Am\u00e9liorez le service \u00e0 la client\u00e8le en \u00e9tablissant de meilleurs liens avec les clients diversifi\u00e9s et en leur offrant de meilleurs services.<\/li>\n<\/ul>\n<p><strong><span style=\"color: #5871b3;\">Devenir \u00ab Employeur de choix \u00bb<\/span><\/strong><\/p>\n<ul>\n<li>Les entreprises diversifi\u00e9es et inclusives attirent les clients, les talents et les autres entreprises.<\/li>\n<li>Les entreprises peuvent d\u00e9sormais r\u00e9pondre plus efficacement \u00e0 la p\u00e9nurie de talent et de comp\u00e9tences en devenant employeur de choix.<\/li>\n<li>Les entreprises connaissent un retour sur les investissements en embauchant et en conservant encore plus longtemps les meilleurs talents.<\/li>\n<li>Les entreprises sont conformes \u00e0 leurs valeurs et \u00e0 leur responsabilit\u00e9 sociale organisationnelle.<\/li>\n<li>Les entreprises ont une marque plus forte et une meilleure r\u00e9putation.<\/li>\n<\/ul>\n<p><strong><span style=\"color: #5871b3;\">Avantages sociaux et \u00e9conomiques plus larges<\/span><\/strong><\/p>\n<ul>\n<li>Les milieux de travail diversifi\u00e9s et inclusifs ottaviens positionnent la ville en tant que destination de choix pour les talents, puis contribuent \u00e0 la croissance.<\/li>\n<li>Lorsque les immigrants sont embauch\u00e9s \u00e0 la hauteur de leurs comp\u00e9tences, ils ont un plus grand revenu disponible \u00e0 d\u00e9penser en biens et services.<\/li>\n<li>Les entreprises locales et l\u2019\u00e9conomie en g\u00e9n\u00e9ral tirent parti du bien-\u00eatre \u00e9conomique des r\u00e9sidents.<\/li>\n<li>Les communaut\u00e9s sont plus s\u00e9curitaires, fortes et saines lorsque davantage de personnes participent activement aux travaux et s\u2019int\u00e8grent pleinement dans la soci\u00e9t\u00e9.<\/li>\n<li>Une prosp\u00e9rit\u00e9 partag\u00e9e favorise la croissance des affaires.<\/li>\n<\/ul>\n<p><strong>\u2026 Et c\u2019est bon pour Ottawa.<\/strong><br \/>\nNous sommes tous gagnants quand les immigrants qualifi\u00e9s de notre communaut\u00e9<br \/>\noccupent pleinement des postes qui conviennent \u00e0 leurs qualifications.<\/p>\n","protected":false},"excerpt":{"rendered":"<p>En bref, embaucher des immigrants et d\u2019autres talents divers dans notre ville est tout simplement bon pour les affaires. Les immigrants constituent un segment diversifi\u00e9, hautement qualifi\u00e9 et en pleine [&hellip;]<\/p>\n","protected":false},"author":13,"featured_media":0,"parent":81,"menu_order":0,"comment_status":"open","ping_status":"closed","template":"employers.php","meta":{"_exactmetrics_skip_tracking":false,"_exactmetrics_sitenote_active":false,"_exactmetrics_sitenote_note":"","_exactmetrics_sitenote_category":0,"footnotes":"","_links_to":"","_links_to_target":""},"class_list":["post-73","page","type-page","status-publish","hentry"],"yoast_head":"<!-- This site is optimized with the Yoast SEO plugin v27.2 - https:\/\/yoast.com\/product\/yoast-seo-wordpress\/ -->\n<title>Pourquoi Embaucher des immigrants? - Hire Immigrants Ottawa<\/title>\n<meta name=\"robots\" content=\"index, follow, max-snippet:-1, max-image-preview:large, max-video-preview:-1\" \/>\n<link rel=\"canonical\" href=\"https:\/\/www.hireimmigrantsottawa.ca\/fr\/pour-les-employeurs\/pourquoi-embaucher-des-immigrants\/\" \/>\n<meta property=\"og:locale\" content=\"fr_FR\" \/>\n<meta property=\"og:type\" content=\"article\" \/>\n<meta property=\"og:title\" content=\"Pourquoi Embaucher des immigrants? - Hire Immigrants Ottawa\" \/>\n<meta property=\"og:description\" content=\"En bref, embaucher des immigrants et d\u2019autres talents divers dans notre ville est tout simplement bon pour les affaires. Les immigrants constituent un segment diversifi\u00e9, hautement qualifi\u00e9 et en pleine [&hellip;]\" \/>\n<meta property=\"og:url\" content=\"https:\/\/www.hireimmigrantsottawa.ca\/fr\/pour-les-employeurs\/pourquoi-embaucher-des-immigrants\/\" \/>\n<meta property=\"og:site_name\" content=\"Hire Immigrants Ottawa\" \/>\n<meta property=\"article:modified_time\" content=\"2018-09-12T20:42:42+00:00\" \/>\n<meta property=\"og:image\" content=\"https:\/\/www.hireimmigrantsottawa.ca\/wp-content\/uploads\/2017\/02\/hio-screenshot.png\" \/>\n\t<meta property=\"og:image:width\" content=\"781\" \/>\n\t<meta property=\"og:image:height\" content=\"429\" \/>\n\t<meta property=\"og:image:type\" content=\"image\/png\" \/>\n<meta name=\"twitter:card\" content=\"summary_large_image\" \/>\n<meta name=\"twitter:site\" content=\"@HireImmOttawa\" \/>\n<meta name=\"twitter:label1\" content=\"Dur\u00e9e de lecture estim\u00e9e\" \/>\n\t<meta name=\"twitter:data1\" content=\"3 minutes\" \/>\n<script type=\"application\/ld+json\" class=\"yoast-schema-graph\">{\"@context\":\"https:\/\/schema.org\",\"@graph\":[{\"@type\":\"WebPage\",\"@id\":\"https:\/\/www.hireimmigrantsottawa.ca\/fr\/pour-les-employeurs\/pourquoi-embaucher-des-immigrants\/\",\"url\":\"https:\/\/www.hireimmigrantsottawa.ca\/fr\/pour-les-employeurs\/pourquoi-embaucher-des-immigrants\/\",\"name\":\"Pourquoi Embaucher des immigrants? - Hire Immigrants Ottawa\",\"isPartOf\":{\"@id\":\"https:\/\/www.hireimmigrantsottawa.ca\/#website\"},\"datePublished\":\"2013-10-03T17:13:21+00:00\",\"dateModified\":\"2018-09-12T20:42:42+00:00\",\"breadcrumb\":{\"@id\":\"https:\/\/www.hireimmigrantsottawa.ca\/fr\/pour-les-employeurs\/pourquoi-embaucher-des-immigrants\/#breadcrumb\"},\"inLanguage\":\"fr-FR\",\"potentialAction\":[{\"@type\":\"ReadAction\",\"target\":[\"https:\/\/www.hireimmigrantsottawa.ca\/fr\/pour-les-employeurs\/pourquoi-embaucher-des-immigrants\/\"]}]},{\"@type\":\"BreadcrumbList\",\"@id\":\"https:\/\/www.hireimmigrantsottawa.ca\/fr\/pour-les-employeurs\/pourquoi-embaucher-des-immigrants\/#breadcrumb\",\"itemListElement\":[{\"@type\":\"ListItem\",\"position\":1,\"name\":\"Home\",\"item\":\"https:\/\/www.hireimmigrantsottawa.ca\/\"},{\"@type\":\"ListItem\",\"position\":2,\"name\":\"Pour les employeurs\",\"item\":\"https:\/\/www.hireimmigrantsottawa.ca\/fr\/pour-les-employeurs\/\"},{\"@type\":\"ListItem\",\"position\":3,\"name\":\"Pourquoi Embaucher des immigrants?\"}]},{\"@type\":\"WebSite\",\"@id\":\"https:\/\/www.hireimmigrantsottawa.ca\/#website\",\"url\":\"https:\/\/www.hireimmigrantsottawa.ca\/\",\"name\":\"Hire Immigrants Ottawa\",\"description\":\"increases the capacity of employers to attract and integrate skilled immigrants\",\"publisher\":{\"@id\":\"https:\/\/www.hireimmigrantsottawa.ca\/#organization\"},\"potentialAction\":[{\"@type\":\"SearchAction\",\"target\":{\"@type\":\"EntryPoint\",\"urlTemplate\":\"https:\/\/www.hireimmigrantsottawa.ca\/?s={search_term_string}\"},\"query-input\":{\"@type\":\"PropertyValueSpecification\",\"valueRequired\":true,\"valueName\":\"search_term_string\"}}],\"inLanguage\":\"fr-FR\"},{\"@type\":\"Organization\",\"@id\":\"https:\/\/www.hireimmigrantsottawa.ca\/#organization\",\"name\":\"Hire Immigrants Ottawa\",\"url\":\"https:\/\/www.hireimmigrantsottawa.ca\/\",\"logo\":{\"@type\":\"ImageObject\",\"inLanguage\":\"fr-FR\",\"@id\":\"https:\/\/www.hireimmigrantsottawa.ca\/#\/schema\/logo\/image\/\",\"url\":\"https:\/\/www.hireimmigrantsottawa.ca\/wp-content\/uploads\/2023\/10\/hio-logo_bow_EN_web.png\",\"contentUrl\":\"https:\/\/www.hireimmigrantsottawa.ca\/wp-content\/uploads\/2023\/10\/hio-logo_bow_EN_web.png\",\"width\":745,\"height\":160,\"caption\":\"Hire Immigrants Ottawa\"},\"image\":{\"@id\":\"https:\/\/www.hireimmigrantsottawa.ca\/#\/schema\/logo\/image\/\"},\"sameAs\":[\"https:\/\/x.com\/HireImmOttawa\",\"https:\/\/www.youtube.com\/user\/hireimmigrantsottawa\"]}]}<\/script>\n<!-- \/ Yoast SEO plugin. -->","yoast_head_json":{"title":"Pourquoi Embaucher des immigrants? - Hire Immigrants Ottawa","robots":{"index":"index","follow":"follow","max-snippet":"max-snippet:-1","max-image-preview":"max-image-preview:large","max-video-preview":"max-video-preview:-1"},"canonical":"https:\/\/www.hireimmigrantsottawa.ca\/fr\/pour-les-employeurs\/pourquoi-embaucher-des-immigrants\/","og_locale":"fr_FR","og_type":"article","og_title":"Pourquoi Embaucher des immigrants? - Hire Immigrants Ottawa","og_description":"En bref, embaucher des immigrants et d\u2019autres talents divers dans notre ville est tout simplement bon pour les affaires. Les immigrants constituent un segment diversifi\u00e9, hautement qualifi\u00e9 et en pleine [&hellip;]","og_url":"https:\/\/www.hireimmigrantsottawa.ca\/fr\/pour-les-employeurs\/pourquoi-embaucher-des-immigrants\/","og_site_name":"Hire Immigrants Ottawa","article_modified_time":"2018-09-12T20:42:42+00:00","og_image":[{"width":781,"height":429,"url":"https:\/\/www.hireimmigrantsottawa.ca\/wp-content\/uploads\/2017\/02\/hio-screenshot.png","type":"image\/png"}],"twitter_card":"summary_large_image","twitter_site":"@HireImmOttawa","twitter_misc":{"Dur\u00e9e de lecture estim\u00e9e":"3 minutes"},"schema":{"@context":"https:\/\/schema.org","@graph":[{"@type":"WebPage","@id":"https:\/\/www.hireimmigrantsottawa.ca\/fr\/pour-les-employeurs\/pourquoi-embaucher-des-immigrants\/","url":"https:\/\/www.hireimmigrantsottawa.ca\/fr\/pour-les-employeurs\/pourquoi-embaucher-des-immigrants\/","name":"Pourquoi Embaucher des immigrants? - Hire Immigrants Ottawa","isPartOf":{"@id":"https:\/\/www.hireimmigrantsottawa.ca\/#website"},"datePublished":"2013-10-03T17:13:21+00:00","dateModified":"2018-09-12T20:42:42+00:00","breadcrumb":{"@id":"https:\/\/www.hireimmigrantsottawa.ca\/fr\/pour-les-employeurs\/pourquoi-embaucher-des-immigrants\/#breadcrumb"},"inLanguage":"fr-FR","potentialAction":[{"@type":"ReadAction","target":["https:\/\/www.hireimmigrantsottawa.ca\/fr\/pour-les-employeurs\/pourquoi-embaucher-des-immigrants\/"]}]},{"@type":"BreadcrumbList","@id":"https:\/\/www.hireimmigrantsottawa.ca\/fr\/pour-les-employeurs\/pourquoi-embaucher-des-immigrants\/#breadcrumb","itemListElement":[{"@type":"ListItem","position":1,"name":"Home","item":"https:\/\/www.hireimmigrantsottawa.ca\/"},{"@type":"ListItem","position":2,"name":"Pour les employeurs","item":"https:\/\/www.hireimmigrantsottawa.ca\/fr\/pour-les-employeurs\/"},{"@type":"ListItem","position":3,"name":"Pourquoi Embaucher des immigrants?"}]},{"@type":"WebSite","@id":"https:\/\/www.hireimmigrantsottawa.ca\/#website","url":"https:\/\/www.hireimmigrantsottawa.ca\/","name":"Hire Immigrants Ottawa","description":"increases the capacity of employers to attract and integrate skilled immigrants","publisher":{"@id":"https:\/\/www.hireimmigrantsottawa.ca\/#organization"},"potentialAction":[{"@type":"SearchAction","target":{"@type":"EntryPoint","urlTemplate":"https:\/\/www.hireimmigrantsottawa.ca\/?s={search_term_string}"},"query-input":{"@type":"PropertyValueSpecification","valueRequired":true,"valueName":"search_term_string"}}],"inLanguage":"fr-FR"},{"@type":"Organization","@id":"https:\/\/www.hireimmigrantsottawa.ca\/#organization","name":"Hire Immigrants Ottawa","url":"https:\/\/www.hireimmigrantsottawa.ca\/","logo":{"@type":"ImageObject","inLanguage":"fr-FR","@id":"https:\/\/www.hireimmigrantsottawa.ca\/#\/schema\/logo\/image\/","url":"https:\/\/www.hireimmigrantsottawa.ca\/wp-content\/uploads\/2023\/10\/hio-logo_bow_EN_web.png","contentUrl":"https:\/\/www.hireimmigrantsottawa.ca\/wp-content\/uploads\/2023\/10\/hio-logo_bow_EN_web.png","width":745,"height":160,"caption":"Hire Immigrants Ottawa"},"image":{"@id":"https:\/\/www.hireimmigrantsottawa.ca\/#\/schema\/logo\/image\/"},"sameAs":["https:\/\/x.com\/HireImmOttawa","https:\/\/www.youtube.com\/user\/hireimmigrantsottawa"]}]}},"_links":{"self":[{"href":"https:\/\/www.hireimmigrantsottawa.ca\/fr\/wp-json\/wp\/v2\/pages\/73","targetHints":{"allow":["GET"]}}],"collection":[{"href":"https:\/\/www.hireimmigrantsottawa.ca\/fr\/wp-json\/wp\/v2\/pages"}],"about":[{"href":"https:\/\/www.hireimmigrantsottawa.ca\/fr\/wp-json\/wp\/v2\/types\/page"}],"author":[{"embeddable":true,"href":"https:\/\/www.hireimmigrantsottawa.ca\/fr\/wp-json\/wp\/v2\/users\/13"}],"replies":[{"embeddable":true,"href":"https:\/\/www.hireimmigrantsottawa.ca\/fr\/wp-json\/wp\/v2\/comments?post=73"}],"version-history":[{"count":4,"href":"https:\/\/www.hireimmigrantsottawa.ca\/fr\/wp-json\/wp\/v2\/pages\/73\/revisions"}],"predecessor-version":[{"id":2696,"href":"https:\/\/www.hireimmigrantsottawa.ca\/fr\/wp-json\/wp\/v2\/pages\/73\/revisions\/2696"}],"up":[{"embeddable":true,"href":"https:\/\/www.hireimmigrantsottawa.ca\/fr\/wp-json\/wp\/v2\/pages\/81"}],"wp:attachment":[{"href":"https:\/\/www.hireimmigrantsottawa.ca\/fr\/wp-json\/wp\/v2\/media?parent=73"}],"curies":[{"name":"wp","href":"https:\/\/api.w.org\/{rel}","templated":true}]}}