{"id":7008,"date":"2021-06-29T09:49:38","date_gmt":"2021-06-29T13:49:38","guid":{"rendered":"http:\/\/www.hireimmigrantsottawa.ca\/?page_id=7008"},"modified":"2024-11-13T12:00:25","modified_gmt":"2024-11-13T17:00:25","slug":"guide-de-lemployeur-strategies-dinclusion-des-immigrants","status":"publish","type":"page","link":"https:\/\/www.hireimmigrantsottawa.ca\/fr\/pour-les-employeurs\/outils-et-ressources\/guide-de-lemployeur-strategies-dinclusion-des-immigrants\/","title":{"rendered":"Guide de l\u2019employeur : Strat\u00e9gies d\u2019inclusion des immigrants dans les milieux de travail canadiens"},"content":{"rendered":"\r\n<p><\/p>\r\n<p>Fruit de l\u2019expertise et des pratiques exemplaires mises au point par les membres de la coalition nationale, le Guide vise \u00e0 offrir des strat\u00e9gies faciles \u00e0 mettre en oeuvre qui facilitent vos efforts en vue de :<\/p>\r\n<p>\r\n\r\n<\/p>\r\n<div class=\"wp-block-image\">\r\n<figure class=\"alignright size-large is-resized\"><a href=\"http:\/\/www.hireimmigrantsottawa.ca\/wp-content\/uploads\/2021\/07\/Employer-PlayBK-Title-Card-French.png\"><img fetchpriority=\"high\" decoding=\"async\" class=\"wp-image-7091\" src=\"http:\/\/www.hireimmigrantsottawa.ca\/wp-content\/uploads\/2021\/07\/Employer-PlayBK-Title-Card-French.png\" alt=\"\" width=\"300\" height=\"170\" srcset=\"https:\/\/www.hireimmigrantsottawa.ca\/wp-content\/uploads\/2021\/07\/Employer-PlayBK-Title-Card-French.png 1024w, https:\/\/www.hireimmigrantsottawa.ca\/wp-content\/uploads\/2021\/07\/Employer-PlayBK-Title-Card-French-300x170.png 300w, https:\/\/www.hireimmigrantsottawa.ca\/wp-content\/uploads\/2021\/07\/Employer-PlayBK-Title-Card-French-768x436.png 768w\" sizes=\"(max-width: 300px) 100vw, 300px\" \/><\/a><\/figure>\r\n<\/div>\r\n<p>\r\n\r\n<\/p>\r\n<ul class=\"wp-block-list\">\r\n<li>recruter les meilleurs candidats pour faire traverser cette p\u00e9riode turbulente \u00e0 votre organisation<\/li>\r\n<li>ajouter des points de vue diversifi\u00e9s pour consolider la r\u00e9silience de votre entreprise<\/li>\r\n<li>promouvoir un milieu de travail inclusif o\u00f9 les immigrants peuvent s\u2019\u00e9panouir<\/li>\r\n<\/ul>\r\n<p>\r\n\r\n<\/p>\r\n<p>L\u2019inclusion de divers points de vue est un puissant catalyseur du rendement de l\u2019entreprise. Les immigrants repr\u00e9sentent un quart de la main-d\u2019\u0153uvre canadienne et d\u2019ici des ann\u00e9es, on pr\u00e9voit que l\u2019immigration sera responsable de 100 pour cent de la croissance de la main-d\u2019oeuvre. La reprise \u00e9conomique repose sur la capacit\u00e9 d\u2019adaptation de nos entreprises\u00a0: Investir dans un milieu de travail inclusif des immigrants assurera la future r\u00e9silience de la main-d\u2019oeuvre.<\/p>\r\n<p>\r\n\r\n<\/p>\r\n<p>\u00c0 qui ce Guide s\u2019adresse-t-il?*<\/p>\r\n<p>\r\n\r\n<\/p>\r\n<ul class=\"wp-block-list\">\r\n<li>Employeurs canadiens, RH et associations industrielles ou sectorielles<\/li>\r\n<li>Employeurs canadiens : secteur priv\u00e9, public et sans but lucratif<\/li>\r\n<li>Organisations au service des immigrants<\/li>\r\n<li>Bureaux de placement<\/li>\r\n<li>Organismes de d\u00e9veloppement et de planification de la main-d\u2019oeuvre<\/li>\r\n<li>Responsables du d\u00e9veloppement \u00e9conomique<\/li>\r\n<\/ul>\r\n<p>\r\n\r\n\r\n\r\n<\/p>\r\n<div class=\"forminator-guttenberg\"><a href=\"https:\/\/www.hireimmigrantsottawa.ca\/wp-content\/uploads\/2021\/06\/Guide-de-lemployeur_strategies-dinclusion-FINAL.pdf\">T\u00e9l\u00e9chargez le document.<\/a><\/div>\r\n<p>\r\n\r\n<\/p>\r\n<p><strong><br \/>#ImmigrantsWork Coalition<\/strong><\/p>\r\n<p>\r\n\r\n<\/p>\r\n<p><a href=\"https:\/\/www.criec.ca\/\"><em>Calgary Region Immigrant Employment Council (CRIEC)<\/em><\/a><em>,\u00a0<\/em><a href=\"https:\/\/www.eriec.ca\/\"><em>Edmonton Region Immigrant Employment Council (ERIEC)<\/em><\/a><em>,\u00a0<\/em><a href=\"https:\/\/halifaxpartnership.com\/\"><em>Halifax Partnership<\/em><\/a><em>,\u00a0<\/em><a href=\"http:\/\/www.hireimmigrantsottawa.ca\/\"><em>Hire Immigrants Ottawa<\/em><\/a><em>,\u00a0<\/em><a href=\"https:\/\/iecbc.ca\/\"><em>Immigrant Employment Council of B.C. (IEC-BC)<\/em><\/a><em>,\u00a0<\/em><a href=\"https:\/\/nwpb.ca\/\"><em>Niagara Workforce Planning Board (NWPB)<\/em><\/a><em>,\u00a0<\/em><a href=\"https:\/\/triec.ca\/\"><em>Toronto Region Immigrant Employment Council (TRIEC)<\/em><\/a><em>, and\u00a0<\/em><a href=\"https:\/\/www.wes.org\/ca\/\"><em>World Education Services (WES)<\/em><\/a><em>.<\/em><\/p>\r\n<p><\/p>\r\n","protected":false},"excerpt":{"rendered":"","protected":false},"author":13,"featured_media":7013,"parent":156,"menu_order":0,"comment_status":"closed","ping_status":"closed","template":"","meta":{"_exactmetrics_skip_tracking":false,"_exactmetrics_sitenote_active":false,"_exactmetrics_sitenote_note":"","_exactmetrics_sitenote_category":0,"footnotes":"","_links_to":"","_links_to_target":""},"class_list":["post-7008","page","type-page","status-publish","has-post-thumbnail","hentry"],"yoast_head":"<!-- This site is optimized with the Yoast SEO plugin v27.2 - https:\/\/yoast.com\/product\/yoast-seo-wordpress\/ -->\n<title>Guide de l\u2019employeur : Strat\u00e9gies d\u2019inclusion des immigrants dans les milieux de travail canadiens - Hire Immigrants Ottawa<\/title>\n<meta name=\"description\" content=\"Fruit de l\u2019expertise et des pratiques exemplaires mises au point par les membres de la coalition nationale, le Guide vise \u00e0 offrir des ...\" \/>\n<meta name=\"robots\" content=\"index, follow, max-snippet:-1, max-image-preview:large, max-video-preview:-1\" \/>\n<link rel=\"canonical\" href=\"https:\/\/www.hireimmigrantsottawa.ca\/fr\/pour-les-employeurs\/outils-et-ressources\/guide-de-lemployeur-strategies-dinclusion-des-immigrants\/\" \/>\n<meta property=\"og:locale\" content=\"fr_FR\" \/>\n<meta property=\"og:type\" content=\"article\" \/>\n<meta property=\"og:title\" content=\"Guide de l\u2019employeur : Strat\u00e9gies d\u2019inclusion des immigrants dans les milieux de travail canadiens - Hire Immigrants Ottawa\" \/>\n<meta property=\"og:description\" content=\"Fruit de l\u2019expertise et des pratiques exemplaires mises au point par les membres de la coalition nationale, le Guide vise \u00e0 offrir des ...\" \/>\n<meta property=\"og:url\" content=\"https:\/\/www.hireimmigrantsottawa.ca\/fr\/pour-les-employeurs\/outils-et-ressources\/guide-de-lemployeur-strategies-dinclusion-des-immigrants\/\" \/>\n<meta property=\"og:site_name\" content=\"Hire Immigrants Ottawa\" \/>\n<meta property=\"article:modified_time\" content=\"2024-11-13T17:00:25+00:00\" \/>\n<meta property=\"og:image\" content=\"https:\/\/www.hireimmigrantsottawa.ca\/wp-content\/uploads\/2021\/06\/Playbook-Title-FR.jpg\" \/>\n\t<meta property=\"og:image:width\" content=\"1024\" \/>\n\t<meta property=\"og:image:height\" content=\"391\" \/>\n\t<meta property=\"og:image:type\" content=\"image\/jpeg\" \/>\n<meta name=\"twitter:card\" content=\"summary_large_image\" \/>\n<meta name=\"twitter:site\" content=\"@HireImmOttawa\" \/>\n<meta name=\"twitter:label1\" content=\"Dur\u00e9e de lecture estim\u00e9e\" \/>\n\t<meta name=\"twitter:data1\" content=\"2 minutes\" \/>\n<script type=\"application\/ld+json\" class=\"yoast-schema-graph\">{\"@context\":\"https:\/\/schema.org\",\"@graph\":[{\"@type\":\"WebPage\",\"@id\":\"https:\/\/www.hireimmigrantsottawa.ca\/fr\/pour-les-employeurs\/outils-et-ressources\/guide-de-lemployeur-strategies-dinclusion-des-immigrants\/\",\"url\":\"https:\/\/www.hireimmigrantsottawa.ca\/fr\/pour-les-employeurs\/outils-et-ressources\/guide-de-lemployeur-strategies-dinclusion-des-immigrants\/\",\"name\":\"Guide de l\u2019employeur : Strat\u00e9gies d\u2019inclusion des immigrants dans les milieux de travail canadiens - Hire Immigrants Ottawa\",\"isPartOf\":{\"@id\":\"https:\/\/www.hireimmigrantsottawa.ca\/#website\"},\"primaryImageOfPage\":{\"@id\":\"https:\/\/www.hireimmigrantsottawa.ca\/fr\/pour-les-employeurs\/outils-et-ressources\/guide-de-lemployeur-strategies-dinclusion-des-immigrants\/#primaryimage\"},\"image\":{\"@id\":\"https:\/\/www.hireimmigrantsottawa.ca\/fr\/pour-les-employeurs\/outils-et-ressources\/guide-de-lemployeur-strategies-dinclusion-des-immigrants\/#primaryimage\"},\"thumbnailUrl\":\"https:\/\/www.hireimmigrantsottawa.ca\/wp-content\/uploads\/2021\/06\/Playbook-Title-FR.jpg\",\"datePublished\":\"2021-06-29T13:49:38+00:00\",\"dateModified\":\"2024-11-13T17:00:25+00:00\",\"description\":\"Fruit de l\u2019expertise et des pratiques exemplaires mises au point par les membres de la coalition nationale, le Guide vise \u00e0 offrir des ...\",\"breadcrumb\":{\"@id\":\"https:\/\/www.hireimmigrantsottawa.ca\/fr\/pour-les-employeurs\/outils-et-ressources\/guide-de-lemployeur-strategies-dinclusion-des-immigrants\/#breadcrumb\"},\"inLanguage\":\"fr-FR\",\"potentialAction\":[{\"@type\":\"ReadAction\",\"target\":[\"https:\/\/www.hireimmigrantsottawa.ca\/fr\/pour-les-employeurs\/outils-et-ressources\/guide-de-lemployeur-strategies-dinclusion-des-immigrants\/\"]}]},{\"@type\":\"ImageObject\",\"inLanguage\":\"fr-FR\",\"@id\":\"https:\/\/www.hireimmigrantsottawa.ca\/fr\/pour-les-employeurs\/outils-et-ressources\/guide-de-lemployeur-strategies-dinclusion-des-immigrants\/#primaryimage\",\"url\":\"https:\/\/www.hireimmigrantsottawa.ca\/wp-content\/uploads\/2021\/06\/Playbook-Title-FR.jpg\",\"contentUrl\":\"https:\/\/www.hireimmigrantsottawa.ca\/wp-content\/uploads\/2021\/06\/Playbook-Title-FR.jpg\",\"width\":1024,\"height\":391,\"caption\":\"femme assise \u00e0 l'ordinateur parlant au t\u00e9l\u00e9phone\"},{\"@type\":\"BreadcrumbList\",\"@id\":\"https:\/\/www.hireimmigrantsottawa.ca\/fr\/pour-les-employeurs\/outils-et-ressources\/guide-de-lemployeur-strategies-dinclusion-des-immigrants\/#breadcrumb\",\"itemListElement\":[{\"@type\":\"ListItem\",\"position\":1,\"name\":\"Home\",\"item\":\"https:\/\/www.hireimmigrantsottawa.ca\/\"},{\"@type\":\"ListItem\",\"position\":2,\"name\":\"Pour les employeurs\",\"item\":\"https:\/\/www.hireimmigrantsottawa.ca\/fr\/pour-les-employeurs\/\"},{\"@type\":\"ListItem\",\"position\":3,\"name\":\"Outils et ressources\",\"item\":\"https:\/\/www.hireimmigrantsottawa.ca\/fr\/pour-les-employeurs\/outils-et-ressources\/\"},{\"@type\":\"ListItem\",\"position\":4,\"name\":\"Guide de l\u2019employeur : Strat\u00e9gies d\u2019inclusion des immigrants dans les milieux de travail canadiens\"}]},{\"@type\":\"WebSite\",\"@id\":\"https:\/\/www.hireimmigrantsottawa.ca\/#website\",\"url\":\"https:\/\/www.hireimmigrantsottawa.ca\/\",\"name\":\"Hire Immigrants Ottawa\",\"description\":\"increases the capacity of employers to attract and integrate skilled immigrants\",\"publisher\":{\"@id\":\"https:\/\/www.hireimmigrantsottawa.ca\/#organization\"},\"potentialAction\":[{\"@type\":\"SearchAction\",\"target\":{\"@type\":\"EntryPoint\",\"urlTemplate\":\"https:\/\/www.hireimmigrantsottawa.ca\/?s={search_term_string}\"},\"query-input\":{\"@type\":\"PropertyValueSpecification\",\"valueRequired\":true,\"valueName\":\"search_term_string\"}}],\"inLanguage\":\"fr-FR\"},{\"@type\":\"Organization\",\"@id\":\"https:\/\/www.hireimmigrantsottawa.ca\/#organization\",\"name\":\"Hire Immigrants Ottawa\",\"url\":\"https:\/\/www.hireimmigrantsottawa.ca\/\",\"logo\":{\"@type\":\"ImageObject\",\"inLanguage\":\"fr-FR\",\"@id\":\"https:\/\/www.hireimmigrantsottawa.ca\/#\/schema\/logo\/image\/\",\"url\":\"https:\/\/www.hireimmigrantsottawa.ca\/wp-content\/uploads\/2023\/10\/hio-logo_bow_EN_web.png\",\"contentUrl\":\"https:\/\/www.hireimmigrantsottawa.ca\/wp-content\/uploads\/2023\/10\/hio-logo_bow_EN_web.png\",\"width\":745,\"height\":160,\"caption\":\"Hire Immigrants Ottawa\"},\"image\":{\"@id\":\"https:\/\/www.hireimmigrantsottawa.ca\/#\/schema\/logo\/image\/\"},\"sameAs\":[\"https:\/\/x.com\/HireImmOttawa\",\"https:\/\/www.youtube.com\/user\/hireimmigrantsottawa\"]}]}<\/script>\n<!-- \/ Yoast SEO plugin. -->","yoast_head_json":{"title":"Guide de l\u2019employeur : Strat\u00e9gies d\u2019inclusion des immigrants dans les milieux de travail canadiens - Hire Immigrants Ottawa","description":"Fruit de l\u2019expertise et des pratiques exemplaires mises au point par les membres de la coalition nationale, le Guide vise \u00e0 offrir des ...","robots":{"index":"index","follow":"follow","max-snippet":"max-snippet:-1","max-image-preview":"max-image-preview:large","max-video-preview":"max-video-preview:-1"},"canonical":"https:\/\/www.hireimmigrantsottawa.ca\/fr\/pour-les-employeurs\/outils-et-ressources\/guide-de-lemployeur-strategies-dinclusion-des-immigrants\/","og_locale":"fr_FR","og_type":"article","og_title":"Guide de l\u2019employeur : Strat\u00e9gies d\u2019inclusion des immigrants dans les milieux de travail canadiens - Hire Immigrants Ottawa","og_description":"Fruit de l\u2019expertise et des pratiques exemplaires mises au point par les membres de la coalition nationale, le Guide vise \u00e0 offrir des ...","og_url":"https:\/\/www.hireimmigrantsottawa.ca\/fr\/pour-les-employeurs\/outils-et-ressources\/guide-de-lemployeur-strategies-dinclusion-des-immigrants\/","og_site_name":"Hire Immigrants Ottawa","article_modified_time":"2024-11-13T17:00:25+00:00","og_image":[{"width":1024,"height":391,"url":"https:\/\/www.hireimmigrantsottawa.ca\/wp-content\/uploads\/2021\/06\/Playbook-Title-FR.jpg","type":"image\/jpeg"}],"twitter_card":"summary_large_image","twitter_site":"@HireImmOttawa","twitter_misc":{"Dur\u00e9e de lecture estim\u00e9e":"2 minutes"},"schema":{"@context":"https:\/\/schema.org","@graph":[{"@type":"WebPage","@id":"https:\/\/www.hireimmigrantsottawa.ca\/fr\/pour-les-employeurs\/outils-et-ressources\/guide-de-lemployeur-strategies-dinclusion-des-immigrants\/","url":"https:\/\/www.hireimmigrantsottawa.ca\/fr\/pour-les-employeurs\/outils-et-ressources\/guide-de-lemployeur-strategies-dinclusion-des-immigrants\/","name":"Guide de l\u2019employeur : Strat\u00e9gies d\u2019inclusion des immigrants dans les milieux de travail canadiens - Hire Immigrants Ottawa","isPartOf":{"@id":"https:\/\/www.hireimmigrantsottawa.ca\/#website"},"primaryImageOfPage":{"@id":"https:\/\/www.hireimmigrantsottawa.ca\/fr\/pour-les-employeurs\/outils-et-ressources\/guide-de-lemployeur-strategies-dinclusion-des-immigrants\/#primaryimage"},"image":{"@id":"https:\/\/www.hireimmigrantsottawa.ca\/fr\/pour-les-employeurs\/outils-et-ressources\/guide-de-lemployeur-strategies-dinclusion-des-immigrants\/#primaryimage"},"thumbnailUrl":"https:\/\/www.hireimmigrantsottawa.ca\/wp-content\/uploads\/2021\/06\/Playbook-Title-FR.jpg","datePublished":"2021-06-29T13:49:38+00:00","dateModified":"2024-11-13T17:00:25+00:00","description":"Fruit de l\u2019expertise et des pratiques exemplaires mises au point par les membres de la coalition nationale, le Guide vise \u00e0 offrir des ...","breadcrumb":{"@id":"https:\/\/www.hireimmigrantsottawa.ca\/fr\/pour-les-employeurs\/outils-et-ressources\/guide-de-lemployeur-strategies-dinclusion-des-immigrants\/#breadcrumb"},"inLanguage":"fr-FR","potentialAction":[{"@type":"ReadAction","target":["https:\/\/www.hireimmigrantsottawa.ca\/fr\/pour-les-employeurs\/outils-et-ressources\/guide-de-lemployeur-strategies-dinclusion-des-immigrants\/"]}]},{"@type":"ImageObject","inLanguage":"fr-FR","@id":"https:\/\/www.hireimmigrantsottawa.ca\/fr\/pour-les-employeurs\/outils-et-ressources\/guide-de-lemployeur-strategies-dinclusion-des-immigrants\/#primaryimage","url":"https:\/\/www.hireimmigrantsottawa.ca\/wp-content\/uploads\/2021\/06\/Playbook-Title-FR.jpg","contentUrl":"https:\/\/www.hireimmigrantsottawa.ca\/wp-content\/uploads\/2021\/06\/Playbook-Title-FR.jpg","width":1024,"height":391,"caption":"femme assise \u00e0 l'ordinateur parlant au t\u00e9l\u00e9phone"},{"@type":"BreadcrumbList","@id":"https:\/\/www.hireimmigrantsottawa.ca\/fr\/pour-les-employeurs\/outils-et-ressources\/guide-de-lemployeur-strategies-dinclusion-des-immigrants\/#breadcrumb","itemListElement":[{"@type":"ListItem","position":1,"name":"Home","item":"https:\/\/www.hireimmigrantsottawa.ca\/"},{"@type":"ListItem","position":2,"name":"Pour les employeurs","item":"https:\/\/www.hireimmigrantsottawa.ca\/fr\/pour-les-employeurs\/"},{"@type":"ListItem","position":3,"name":"Outils et ressources","item":"https:\/\/www.hireimmigrantsottawa.ca\/fr\/pour-les-employeurs\/outils-et-ressources\/"},{"@type":"ListItem","position":4,"name":"Guide de l\u2019employeur : Strat\u00e9gies d\u2019inclusion des immigrants dans les milieux de travail canadiens"}]},{"@type":"WebSite","@id":"https:\/\/www.hireimmigrantsottawa.ca\/#website","url":"https:\/\/www.hireimmigrantsottawa.ca\/","name":"Hire Immigrants Ottawa","description":"increases the capacity of employers to attract and integrate skilled immigrants","publisher":{"@id":"https:\/\/www.hireimmigrantsottawa.ca\/#organization"},"potentialAction":[{"@type":"SearchAction","target":{"@type":"EntryPoint","urlTemplate":"https:\/\/www.hireimmigrantsottawa.ca\/?s={search_term_string}"},"query-input":{"@type":"PropertyValueSpecification","valueRequired":true,"valueName":"search_term_string"}}],"inLanguage":"fr-FR"},{"@type":"Organization","@id":"https:\/\/www.hireimmigrantsottawa.ca\/#organization","name":"Hire Immigrants Ottawa","url":"https:\/\/www.hireimmigrantsottawa.ca\/","logo":{"@type":"ImageObject","inLanguage":"fr-FR","@id":"https:\/\/www.hireimmigrantsottawa.ca\/#\/schema\/logo\/image\/","url":"https:\/\/www.hireimmigrantsottawa.ca\/wp-content\/uploads\/2023\/10\/hio-logo_bow_EN_web.png","contentUrl":"https:\/\/www.hireimmigrantsottawa.ca\/wp-content\/uploads\/2023\/10\/hio-logo_bow_EN_web.png","width":745,"height":160,"caption":"Hire Immigrants Ottawa"},"image":{"@id":"https:\/\/www.hireimmigrantsottawa.ca\/#\/schema\/logo\/image\/"},"sameAs":["https:\/\/x.com\/HireImmOttawa","https:\/\/www.youtube.com\/user\/hireimmigrantsottawa"]}]}},"_links":{"self":[{"href":"https:\/\/www.hireimmigrantsottawa.ca\/fr\/wp-json\/wp\/v2\/pages\/7008","targetHints":{"allow":["GET"]}}],"collection":[{"href":"https:\/\/www.hireimmigrantsottawa.ca\/fr\/wp-json\/wp\/v2\/pages"}],"about":[{"href":"https:\/\/www.hireimmigrantsottawa.ca\/fr\/wp-json\/wp\/v2\/types\/page"}],"author":[{"embeddable":true,"href":"https:\/\/www.hireimmigrantsottawa.ca\/fr\/wp-json\/wp\/v2\/users\/13"}],"replies":[{"embeddable":true,"href":"https:\/\/www.hireimmigrantsottawa.ca\/fr\/wp-json\/wp\/v2\/comments?post=7008"}],"version-history":[{"count":6,"href":"https:\/\/www.hireimmigrantsottawa.ca\/fr\/wp-json\/wp\/v2\/pages\/7008\/revisions"}],"predecessor-version":[{"id":9211,"href":"https:\/\/www.hireimmigrantsottawa.ca\/fr\/wp-json\/wp\/v2\/pages\/7008\/revisions\/9211"}],"up":[{"embeddable":true,"href":"https:\/\/www.hireimmigrantsottawa.ca\/fr\/wp-json\/wp\/v2\/pages\/156"}],"wp:featuredmedia":[{"embeddable":true,"href":"https:\/\/www.hireimmigrantsottawa.ca\/fr\/wp-json\/wp\/v2\/media\/7013"}],"wp:attachment":[{"href":"https:\/\/www.hireimmigrantsottawa.ca\/fr\/wp-json\/wp\/v2\/media?parent=7008"}],"curies":[{"name":"wp","href":"https:\/\/api.w.org\/{rel}","templated":true}]}}