{"id":6881,"date":"2021-03-22T16:24:53","date_gmt":"2021-03-22T20:24:53","guid":{"rendered":"http:\/\/www.hireimmigrantsottawa.ca\/?page_id=6881"},"modified":"2021-03-22T16:25:26","modified_gmt":"2021-03-22T20:25:26","slug":"investir-ottawa-ottawa-prete-pour-lavenir-grace-a-une-main-doeuvre-internationale-superieure","status":"publish","type":"page","link":"https:\/\/www.hireimmigrantsottawa.ca\/fr\/pour-les-employeurs\/employeur-en-vedette\/investir-ottawa-ottawa-prete-pour-lavenir-grace-a-une-main-doeuvre-internationale-superieure\/","title":{"rendered":"Investir Ottawa :  Ottawa pr\u00eate pour l\u2019avenir gr\u00e2ce \u00e0 une main-d\u2019\u0153uvre internationale sup\u00e9rieure"},"content":{"rendered":"<p><span style=\"color: #5871b3;\"><strong><img fetchpriority=\"high\" decoding=\"async\" class=\"alignleft wp-image-6854\" src=\"http:\/\/www.hireimmigrantsottawa.ca\/wp-content\/uploads\/2021\/03\/HIO-Spotlight2021-InvestOttawa-FRE.jpg\" alt=\"\" width=\"517\" height=\"259\" srcset=\"https:\/\/www.hireimmigrantsottawa.ca\/wp-content\/uploads\/2021\/03\/HIO-Spotlight2021-InvestOttawa-FRE.jpg 1024w, https:\/\/www.hireimmigrantsottawa.ca\/wp-content\/uploads\/2021\/03\/HIO-Spotlight2021-InvestOttawa-FRE-300x150.jpg 300w, https:\/\/www.hireimmigrantsottawa.ca\/wp-content\/uploads\/2021\/03\/HIO-Spotlight2021-InvestOttawa-FRE-768x384.jpg 768w\" sizes=\"(max-width: 517px) 100vw, 517px\" \/>Coup d\u2019\u0153il sur Investir Ottawa<\/strong><\/span><\/p>\n<p>Investir Ottawa (IO) est la principale agence de d\u00e9veloppement \u00e9conomique des industries de l\u2019information qui facilite la croissance \u00e9conomique et la cr\u00e9ation d\u2019emplois \u00e0 Ottawa. Son but est d\u2019aider Ottawa \u00e0 atteindre son plein potentiel \u00e0 titre de ville innovante, pr\u00eate pour l\u2019avenir et reconnue \u00e0 l\u2019\u00e9chelle mondiale, et comme meilleur endroit o\u00f9 apprendre, travailler, vivre et se divertir. IO propose des programmes et services de d\u00e9veloppement de projets et d\u2019expansion mondiale qui favorisent le succ\u00e8s des entrepreneurs et des soci\u00e9t\u00e9s. Depuis 2012, IO a travaill\u00e9 avec des milliers d\u2019entrepreneurs et d\u2019entreprises, contribu\u00e9 \u00e0 la cr\u00e9ation de plus de 9\u00a0714 emplois \u00e0 Ottawa et attir\u00e9 des investissements nationaux et \u00e9trangers de 862\u00a0millions de dollars.<\/p>\n<p><span style=\"color: #5871b3;\"><strong>Diversification du bassin de talents<\/strong><\/span><\/p>\n<p>IO s\u2019engage \u00e0 \u00eatre une organisation qui refl\u00e8te le caract\u00e8re vibrant et diversifi\u00e9 d\u2019Ottawa et exploite la pleine valeur de l\u2019inclusivit\u00e9. Elle dispose d\u2019un chef interne de l\u2019administration de la diversit\u00e9, de l\u2019\u00e9quit\u00e9 et de l\u2019inclusion qui\u00a0: 1) \u00e9labore des strat\u00e9gies d\u2019affaires pour attirer et mieux appuyer les clients de petites entreprises des cinq groupes en qu\u00eate d\u2019\u00e9quit\u00e9; 2) \u00e9labore une strat\u00e9gie de diversit\u00e9, d\u2019\u00e9quit\u00e9, d\u2019inclusion et d\u2019appartenance \u00e0 l\u2019interne et pour les clients; 3)\u00a0organise des formations et des discussions en petits groupes pour b\u00e2tir une culture plus inclusive et aborder les questions internes et \u00e0 l\u2019\u00e9chelle de l\u2019organisation; 4) prend des mesures de sensibilisation et fournit aux gens les comp\u00e9tences n\u00e9cessaires pour int\u00e9grer judicieusement des principes de diversit\u00e9, d\u2019\u00e9quit\u00e9 et d\u2019inclusion dans les activit\u00e9s quotidiennes. Dans le cadre de ses travaux internes, IO tente de cr\u00e9er un environnement de travail accueillant et de prioriser la diversit\u00e9, l\u2019\u00e9quit\u00e9 et l\u2019inclusion dans ses programmes.<\/p>\n<p>Les programmes de d\u00e9veloppement de projets d\u2019IO offrent un soutien aux entreprises naissantes. Ils comprennent de la formation et du mentorat dans des secteurs op\u00e9rationnels cl\u00e9s, comme les ressources humaines, pour aider \u00e0 \u00e9laborer des politiques, des pratiques et des strat\u00e9gies en la mati\u00e8re. Dans le cadre de ces services, IO met l\u2019accent sur l\u2019importance de la diversit\u00e9 et de l\u2019inclusion aupr\u00e8s des entreprises en croissance \u00e0 Ottawa.<\/p>\n<p>Le programme de talents d\u2019IO, lanc\u00e9 en juillet 2019, appuie les entreprises naissantes en fournissant des services complets de gestion strat\u00e9gique des talents, dont de l\u2019aide aux soci\u00e9t\u00e9s en mati\u00e8re d\u2019image de marque, de recrutement, de maintien en poste des employ\u00e9s et d\u2019\u00e9tablissement d\u2019un bassin. Pour gravir les \u00e9chelons et innover, ces entreprises ont besoin d\u2019un bassin de talents diversifi\u00e9s. IO cherche donc d\u00e9lib\u00e9r\u00e9ment \u00e0 recruter des talents immigrants.<\/p>\n<p><span style=\"color: #5871b3;\"><strong>Collaboration avec Embauche immigrants Ottawa<\/strong><\/span><\/p>\n<p>IO a particip\u00e9 activement \u00e0 une vari\u00e9t\u00e9 de programmes et d\u2019\u00e9v\u00e9nements d\u2019Embauche immigrants Ottawa (EIO). Son personnel a notamment suivi une formation sur les comp\u00e9tences interculturelles de sorte \u00e0 acqu\u00e9rir les comp\u00e9tences, les perspectives, les strat\u00e9gies personnelles et les principes de conscience de savoir n\u00e9cessaires pour devenir des gestionnaires et des leaders inclusifs et efficaces dans un environnement de travail interculturel. Le personnel a aussi pris part au programme Facilitating Cross-Cultural Change (FC3), con\u00e7u pour b\u00e2tir une fondation sup\u00e9rieure de compr\u00e9hension culturelle pour accro\u00eetre l\u2019efficacit\u00e9 des syst\u00e8mes et des interactions avec les coll\u00e8gues et les clients en milieu de travail. En tant que membre du Conseil des employeurs champions d\u2019EIO, IO fait partie d\u2019un groupe de leaders locaux qui s\u2019engagent \u00e0 d\u00e9fendre la cause li\u00e9e \u00e0 l\u2019embauche et \u00e0 l\u2019inclusion d\u2019immigrants qualifi\u00e9s. Ces occasions de formation et d\u2019engagement rehaussent la capacit\u00e9 d\u2019IO d\u2019offrir aux entreprises d\u2019Ottawa des services de soutien \u00e0 la gestion, au recrutement et \u00e0 la croissance des talents en leur permettant de mieux comprendre le r\u00f4le des immigrants sur le march\u00e9 du travail et dans l\u2019\u00e9conomie, ainsi que les questions et les ressources li\u00e9es \u00e0 l\u2019attrait et \u00e0 l\u2019inclusion efficace d\u2019immigrants dans le secteur de l\u2019information de la ville.<\/p>\n<p>\u00ab\u00a0Il est avantageux d\u2019apprendre \u00e0 conna\u00eetre les divers fournisseurs de services dans la communaut\u00e9 du r\u00e9seau d\u2019EIO pour que nous puissions collaborer et acqu\u00e9rir des perspectives vari\u00e9es. Cela fait partie int\u00e9grante de notre obligation d\u2019engagement communautaire \u00e0 titre d\u2019organisation. [\u2026] Nous avons \u00e9tabli un partenariat solide avec EIO et souhaitons tisser des liens avec les nouveaux arrivants\u00a0\u00bb, dit Yoko Cooper, <em>agente de ressourcement de talents <\/em>chez IO.<\/p>\n<p><span style=\"color: #5871b3;\"><strong>D\u00e9couverte de talents<\/strong><\/span><\/p>\n<p>Les employ\u00e9s d\u2019IO participent r\u00e9guli\u00e8rement \u00e0 des \u00e9v\u00e9nements d\u2019EIO et pensent \u00e0 des postes qu\u2019ils aimeraient pourvoir. \u00ab\u00a0Nous aimons toujours rencontrer des candidats,\u00a0\u00bb pr\u00e9cise Yoko qui, l\u2019automne dernier, avait un poste \u00e0 combler aupr\u00e8s d\u2019une entreprise en biotechnologie \u00e0 Ottawa. \u00ab\u00a0Ce poste \u00e9tait unique parce que nous ne cherchions pas un expert en technologie, ce qui est notre domaine d\u2019expertise.\u00a0\u00bb En novembre 2019, Yoko a particip\u00e9 au Forum du savoir des employeurs d\u2019EIO au centre-ville d\u2019Ottawa et assist\u00e9 \u00e0 la pr\u00e9sentation R\u00e9orientation de carri\u00e8re en sant\u00e9 du Centre catholique pour immigrants, un programme de pr\u00e9paration \u00e0 l\u2019emploi pour que les professionnels en sant\u00e9 form\u00e9s \u00e0 l\u2019\u00e9tranger puissent r\u00e9orienter leurs connaissances et leurs comp\u00e9tences dans des postes du secteur de la sant\u00e9 \u00e0 Ottawa. Ce programme a mis Yoko en contact avec un m\u00e9decin form\u00e9 \u00e0 l\u2019\u00e9tranger et, apr\u00e8s une s\u00e9rie d\u2019entrevues, l\u2019entreprise en technologie a embauch\u00e9 le candidat en raison de son expertise m\u00e9dicale. \u00ab\u00a0L\u2019\u00e9v\u00e9nement d\u2019EIO m\u2019a fait rencontrer des nouveaux clients comp\u00e9tents,\u00a0\u00bb dit Yoko.<\/p>\n","protected":false},"excerpt":{"rendered":"<p>Coup d\u2019\u0153il sur Investir Ottawa Investir Ottawa (IO) est la principale agence de d\u00e9veloppement \u00e9conomique des industries de l\u2019information qui facilite la croissance \u00e9conomique et la cr\u00e9ation d\u2019emplois \u00e0 Ottawa. [&hellip;]<\/p>\n","protected":false},"author":13,"featured_media":6854,"parent":6491,"menu_order":0,"comment_status":"closed","ping_status":"closed","template":"employer-spotlights.php","meta":{"_exactmetrics_skip_tracking":false,"_exactmetrics_sitenote_active":false,"_exactmetrics_sitenote_note":"","_exactmetrics_sitenote_category":0,"footnotes":"","_links_to":"","_links_to_target":""},"class_list":["post-6881","page","type-page","status-publish","has-post-thumbnail","hentry"],"yoast_head":"<!-- This site is optimized with the Yoast SEO plugin v27.2 - https:\/\/yoast.com\/product\/yoast-seo-wordpress\/ -->\n<title>Investir Ottawa : Ottawa pr\u00eate pour l\u2019avenir gr\u00e2ce \u00e0 une main-d\u2019\u0153uvre internationale sup\u00e9rieure - Hire Immigrants Ottawa<\/title>\n<meta name=\"robots\" content=\"index, follow, max-snippet:-1, max-image-preview:large, max-video-preview:-1\" \/>\n<link rel=\"canonical\" href=\"https:\/\/www.hireimmigrantsottawa.ca\/for-employers\/employer-spotlight\/invest-ottawa-making-ottawa-a-future-ready-city-by-connecting-to-top-global-workforce\/\" \/>\n<meta property=\"og:locale\" content=\"fr_FR\" \/>\n<meta property=\"og:type\" content=\"article\" \/>\n<meta property=\"og:title\" content=\"Investir Ottawa : Ottawa pr\u00eate pour l\u2019avenir gr\u00e2ce \u00e0 une main-d\u2019\u0153uvre internationale sup\u00e9rieure - Hire Immigrants Ottawa\" \/>\n<meta property=\"og:description\" content=\"Coup d\u2019\u0153il sur Investir Ottawa Investir Ottawa (IO) est la principale agence de d\u00e9veloppement \u00e9conomique des industries de l\u2019information qui facilite la croissance \u00e9conomique et la cr\u00e9ation d\u2019emplois \u00e0 Ottawa. [&hellip;]\" \/>\n<meta property=\"og:url\" content=\"https:\/\/www.hireimmigrantsottawa.ca\/for-employers\/employer-spotlight\/invest-ottawa-making-ottawa-a-future-ready-city-by-connecting-to-top-global-workforce\/\" \/>\n<meta property=\"og:site_name\" content=\"Hire Immigrants Ottawa\" \/>\n<meta property=\"article:modified_time\" content=\"2021-03-22T20:25:26+00:00\" \/>\n<meta property=\"og:image\" content=\"https:\/\/www.hireimmigrantsottawa.ca\/wp-content\/uploads\/2021\/03\/HIO-Spotlight2021-InvestOttawa-FRE.jpg\" \/>\n\t<meta property=\"og:image:width\" content=\"1024\" \/>\n\t<meta property=\"og:image:height\" content=\"512\" \/>\n\t<meta property=\"og:image:type\" content=\"image\/jpeg\" \/>\n<meta name=\"twitter:card\" content=\"summary_large_image\" \/>\n<meta name=\"twitter:site\" content=\"@HireImmOttawa\" \/>\n<meta name=\"twitter:label1\" content=\"Dur\u00e9e de lecture estim\u00e9e\" \/>\n\t<meta name=\"twitter:data1\" content=\"4 minutes\" \/>\n<script type=\"application\/ld+json\" class=\"yoast-schema-graph\">{\"@context\":\"https:\/\/schema.org\",\"@graph\":[{\"@type\":\"WebPage\",\"@id\":\"https:\/\/www.hireimmigrantsottawa.ca\/for-employers\/employer-spotlight\/invest-ottawa-making-ottawa-a-future-ready-city-by-connecting-to-top-global-workforce\/\",\"url\":\"https:\/\/www.hireimmigrantsottawa.ca\/for-employers\/employer-spotlight\/invest-ottawa-making-ottawa-a-future-ready-city-by-connecting-to-top-global-workforce\/\",\"name\":\"Investir Ottawa : Ottawa pr\u00eate pour l\u2019avenir gr\u00e2ce \u00e0 une main-d\u2019\u0153uvre internationale sup\u00e9rieure - Hire Immigrants Ottawa\",\"isPartOf\":{\"@id\":\"https:\/\/www.hireimmigrantsottawa.ca\/#website\"},\"primaryImageOfPage\":{\"@id\":\"https:\/\/www.hireimmigrantsottawa.ca\/for-employers\/employer-spotlight\/invest-ottawa-making-ottawa-a-future-ready-city-by-connecting-to-top-global-workforce\/#primaryimage\"},\"image\":{\"@id\":\"https:\/\/www.hireimmigrantsottawa.ca\/for-employers\/employer-spotlight\/invest-ottawa-making-ottawa-a-future-ready-city-by-connecting-to-top-global-workforce\/#primaryimage\"},\"thumbnailUrl\":\"https:\/\/www.hireimmigrantsottawa.ca\/wp-content\/uploads\/2021\/03\/HIO-Spotlight2021-InvestOttawa-FRE.jpg\",\"datePublished\":\"2021-03-22T20:24:53+00:00\",\"dateModified\":\"2021-03-22T20:25:26+00:00\",\"breadcrumb\":{\"@id\":\"https:\/\/www.hireimmigrantsottawa.ca\/for-employers\/employer-spotlight\/invest-ottawa-making-ottawa-a-future-ready-city-by-connecting-to-top-global-workforce\/#breadcrumb\"},\"inLanguage\":\"fr-FR\",\"potentialAction\":[{\"@type\":\"ReadAction\",\"target\":[\"https:\/\/www.hireimmigrantsottawa.ca\/for-employers\/employer-spotlight\/invest-ottawa-making-ottawa-a-future-ready-city-by-connecting-to-top-global-workforce\/\"]}]},{\"@type\":\"ImageObject\",\"inLanguage\":\"fr-FR\",\"@id\":\"https:\/\/www.hireimmigrantsottawa.ca\/for-employers\/employer-spotlight\/invest-ottawa-making-ottawa-a-future-ready-city-by-connecting-to-top-global-workforce\/#primaryimage\",\"url\":\"https:\/\/www.hireimmigrantsottawa.ca\/wp-content\/uploads\/2021\/03\/HIO-Spotlight2021-InvestOttawa-FRE.jpg\",\"contentUrl\":\"https:\/\/www.hireimmigrantsottawa.ca\/wp-content\/uploads\/2021\/03\/HIO-Spotlight2021-InvestOttawa-FRE.jpg\",\"width\":1024,\"height\":512},{\"@type\":\"BreadcrumbList\",\"@id\":\"https:\/\/www.hireimmigrantsottawa.ca\/for-employers\/employer-spotlight\/invest-ottawa-making-ottawa-a-future-ready-city-by-connecting-to-top-global-workforce\/#breadcrumb\",\"itemListElement\":[{\"@type\":\"ListItem\",\"position\":1,\"name\":\"Home\",\"item\":\"https:\/\/www.hireimmigrantsottawa.ca\/\"},{\"@type\":\"ListItem\",\"position\":2,\"name\":\"Pour les employeurs\",\"item\":\"https:\/\/www.hireimmigrantsottawa.ca\/fr\/pour-les-employeurs\/\"},{\"@type\":\"ListItem\",\"position\":3,\"name\":\"Employeur en vedette\",\"item\":\"https:\/\/www.hireimmigrantsottawa.ca\/for-employers\/employer-spotlight\/\"},{\"@type\":\"ListItem\",\"position\":4,\"name\":\"Investir Ottawa : Ottawa pr\u00eate pour l\u2019avenir gr\u00e2ce \u00e0 une main-d\u2019\u0153uvre internationale sup\u00e9rieure\"}]},{\"@type\":\"WebSite\",\"@id\":\"https:\/\/www.hireimmigrantsottawa.ca\/#website\",\"url\":\"https:\/\/www.hireimmigrantsottawa.ca\/\",\"name\":\"Hire Immigrants Ottawa\",\"description\":\"increases the capacity of employers to attract and integrate skilled immigrants\",\"publisher\":{\"@id\":\"https:\/\/www.hireimmigrantsottawa.ca\/#organization\"},\"potentialAction\":[{\"@type\":\"SearchAction\",\"target\":{\"@type\":\"EntryPoint\",\"urlTemplate\":\"https:\/\/www.hireimmigrantsottawa.ca\/?s={search_term_string}\"},\"query-input\":{\"@type\":\"PropertyValueSpecification\",\"valueRequired\":true,\"valueName\":\"search_term_string\"}}],\"inLanguage\":\"fr-FR\"},{\"@type\":\"Organization\",\"@id\":\"https:\/\/www.hireimmigrantsottawa.ca\/#organization\",\"name\":\"Hire Immigrants Ottawa\",\"url\":\"https:\/\/www.hireimmigrantsottawa.ca\/\",\"logo\":{\"@type\":\"ImageObject\",\"inLanguage\":\"fr-FR\",\"@id\":\"https:\/\/www.hireimmigrantsottawa.ca\/#\/schema\/logo\/image\/\",\"url\":\"https:\/\/www.hireimmigrantsottawa.ca\/wp-content\/uploads\/2023\/10\/hio-logo_bow_EN_web.png\",\"contentUrl\":\"https:\/\/www.hireimmigrantsottawa.ca\/wp-content\/uploads\/2023\/10\/hio-logo_bow_EN_web.png\",\"width\":745,\"height\":160,\"caption\":\"Hire Immigrants Ottawa\"},\"image\":{\"@id\":\"https:\/\/www.hireimmigrantsottawa.ca\/#\/schema\/logo\/image\/\"},\"sameAs\":[\"https:\/\/x.com\/HireImmOttawa\",\"https:\/\/www.youtube.com\/user\/hireimmigrantsottawa\"]}]}<\/script>\n<!-- \/ Yoast SEO plugin. -->","yoast_head_json":{"title":"Investir Ottawa : Ottawa pr\u00eate pour l\u2019avenir gr\u00e2ce \u00e0 une main-d\u2019\u0153uvre internationale sup\u00e9rieure - Hire Immigrants Ottawa","robots":{"index":"index","follow":"follow","max-snippet":"max-snippet:-1","max-image-preview":"max-image-preview:large","max-video-preview":"max-video-preview:-1"},"canonical":"https:\/\/www.hireimmigrantsottawa.ca\/for-employers\/employer-spotlight\/invest-ottawa-making-ottawa-a-future-ready-city-by-connecting-to-top-global-workforce\/","og_locale":"fr_FR","og_type":"article","og_title":"Investir Ottawa : Ottawa pr\u00eate pour l\u2019avenir gr\u00e2ce \u00e0 une main-d\u2019\u0153uvre internationale sup\u00e9rieure - Hire Immigrants Ottawa","og_description":"Coup d\u2019\u0153il sur Investir Ottawa Investir Ottawa (IO) est la principale agence de d\u00e9veloppement \u00e9conomique des industries de l\u2019information qui facilite la croissance \u00e9conomique et la cr\u00e9ation d\u2019emplois \u00e0 Ottawa. [&hellip;]","og_url":"https:\/\/www.hireimmigrantsottawa.ca\/for-employers\/employer-spotlight\/invest-ottawa-making-ottawa-a-future-ready-city-by-connecting-to-top-global-workforce\/","og_site_name":"Hire Immigrants Ottawa","article_modified_time":"2021-03-22T20:25:26+00:00","og_image":[{"width":1024,"height":512,"url":"https:\/\/www.hireimmigrantsottawa.ca\/wp-content\/uploads\/2021\/03\/HIO-Spotlight2021-InvestOttawa-FRE.jpg","type":"image\/jpeg"}],"twitter_card":"summary_large_image","twitter_site":"@HireImmOttawa","twitter_misc":{"Dur\u00e9e de lecture estim\u00e9e":"4 minutes"},"schema":{"@context":"https:\/\/schema.org","@graph":[{"@type":"WebPage","@id":"https:\/\/www.hireimmigrantsottawa.ca\/for-employers\/employer-spotlight\/invest-ottawa-making-ottawa-a-future-ready-city-by-connecting-to-top-global-workforce\/","url":"https:\/\/www.hireimmigrantsottawa.ca\/for-employers\/employer-spotlight\/invest-ottawa-making-ottawa-a-future-ready-city-by-connecting-to-top-global-workforce\/","name":"Investir Ottawa : Ottawa pr\u00eate pour l\u2019avenir gr\u00e2ce \u00e0 une main-d\u2019\u0153uvre internationale sup\u00e9rieure - Hire Immigrants Ottawa","isPartOf":{"@id":"https:\/\/www.hireimmigrantsottawa.ca\/#website"},"primaryImageOfPage":{"@id":"https:\/\/www.hireimmigrantsottawa.ca\/for-employers\/employer-spotlight\/invest-ottawa-making-ottawa-a-future-ready-city-by-connecting-to-top-global-workforce\/#primaryimage"},"image":{"@id":"https:\/\/www.hireimmigrantsottawa.ca\/for-employers\/employer-spotlight\/invest-ottawa-making-ottawa-a-future-ready-city-by-connecting-to-top-global-workforce\/#primaryimage"},"thumbnailUrl":"https:\/\/www.hireimmigrantsottawa.ca\/wp-content\/uploads\/2021\/03\/HIO-Spotlight2021-InvestOttawa-FRE.jpg","datePublished":"2021-03-22T20:24:53+00:00","dateModified":"2021-03-22T20:25:26+00:00","breadcrumb":{"@id":"https:\/\/www.hireimmigrantsottawa.ca\/for-employers\/employer-spotlight\/invest-ottawa-making-ottawa-a-future-ready-city-by-connecting-to-top-global-workforce\/#breadcrumb"},"inLanguage":"fr-FR","potentialAction":[{"@type":"ReadAction","target":["https:\/\/www.hireimmigrantsottawa.ca\/for-employers\/employer-spotlight\/invest-ottawa-making-ottawa-a-future-ready-city-by-connecting-to-top-global-workforce\/"]}]},{"@type":"ImageObject","inLanguage":"fr-FR","@id":"https:\/\/www.hireimmigrantsottawa.ca\/for-employers\/employer-spotlight\/invest-ottawa-making-ottawa-a-future-ready-city-by-connecting-to-top-global-workforce\/#primaryimage","url":"https:\/\/www.hireimmigrantsottawa.ca\/wp-content\/uploads\/2021\/03\/HIO-Spotlight2021-InvestOttawa-FRE.jpg","contentUrl":"https:\/\/www.hireimmigrantsottawa.ca\/wp-content\/uploads\/2021\/03\/HIO-Spotlight2021-InvestOttawa-FRE.jpg","width":1024,"height":512},{"@type":"BreadcrumbList","@id":"https:\/\/www.hireimmigrantsottawa.ca\/for-employers\/employer-spotlight\/invest-ottawa-making-ottawa-a-future-ready-city-by-connecting-to-top-global-workforce\/#breadcrumb","itemListElement":[{"@type":"ListItem","position":1,"name":"Home","item":"https:\/\/www.hireimmigrantsottawa.ca\/"},{"@type":"ListItem","position":2,"name":"Pour les employeurs","item":"https:\/\/www.hireimmigrantsottawa.ca\/fr\/pour-les-employeurs\/"},{"@type":"ListItem","position":3,"name":"Employeur en vedette","item":"https:\/\/www.hireimmigrantsottawa.ca\/for-employers\/employer-spotlight\/"},{"@type":"ListItem","position":4,"name":"Investir Ottawa : Ottawa pr\u00eate pour l\u2019avenir gr\u00e2ce \u00e0 une main-d\u2019\u0153uvre internationale sup\u00e9rieure"}]},{"@type":"WebSite","@id":"https:\/\/www.hireimmigrantsottawa.ca\/#website","url":"https:\/\/www.hireimmigrantsottawa.ca\/","name":"Hire Immigrants Ottawa","description":"increases the capacity of employers to attract and integrate skilled immigrants","publisher":{"@id":"https:\/\/www.hireimmigrantsottawa.ca\/#organization"},"potentialAction":[{"@type":"SearchAction","target":{"@type":"EntryPoint","urlTemplate":"https:\/\/www.hireimmigrantsottawa.ca\/?s={search_term_string}"},"query-input":{"@type":"PropertyValueSpecification","valueRequired":true,"valueName":"search_term_string"}}],"inLanguage":"fr-FR"},{"@type":"Organization","@id":"https:\/\/www.hireimmigrantsottawa.ca\/#organization","name":"Hire Immigrants Ottawa","url":"https:\/\/www.hireimmigrantsottawa.ca\/","logo":{"@type":"ImageObject","inLanguage":"fr-FR","@id":"https:\/\/www.hireimmigrantsottawa.ca\/#\/schema\/logo\/image\/","url":"https:\/\/www.hireimmigrantsottawa.ca\/wp-content\/uploads\/2023\/10\/hio-logo_bow_EN_web.png","contentUrl":"https:\/\/www.hireimmigrantsottawa.ca\/wp-content\/uploads\/2023\/10\/hio-logo_bow_EN_web.png","width":745,"height":160,"caption":"Hire Immigrants Ottawa"},"image":{"@id":"https:\/\/www.hireimmigrantsottawa.ca\/#\/schema\/logo\/image\/"},"sameAs":["https:\/\/x.com\/HireImmOttawa","https:\/\/www.youtube.com\/user\/hireimmigrantsottawa"]}]}},"_links":{"self":[{"href":"https:\/\/www.hireimmigrantsottawa.ca\/fr\/wp-json\/wp\/v2\/pages\/6881","targetHints":{"allow":["GET"]}}],"collection":[{"href":"https:\/\/www.hireimmigrantsottawa.ca\/fr\/wp-json\/wp\/v2\/pages"}],"about":[{"href":"https:\/\/www.hireimmigrantsottawa.ca\/fr\/wp-json\/wp\/v2\/types\/page"}],"author":[{"embeddable":true,"href":"https:\/\/www.hireimmigrantsottawa.ca\/fr\/wp-json\/wp\/v2\/users\/13"}],"replies":[{"embeddable":true,"href":"https:\/\/www.hireimmigrantsottawa.ca\/fr\/wp-json\/wp\/v2\/comments?post=6881"}],"version-history":[{"count":3,"href":"https:\/\/www.hireimmigrantsottawa.ca\/fr\/wp-json\/wp\/v2\/pages\/6881\/revisions"}],"predecessor-version":[{"id":6891,"href":"https:\/\/www.hireimmigrantsottawa.ca\/fr\/wp-json\/wp\/v2\/pages\/6881\/revisions\/6891"}],"up":[{"embeddable":true,"href":"https:\/\/www.hireimmigrantsottawa.ca\/fr\/wp-json\/wp\/v2\/pages\/6491"}],"wp:featuredmedia":[{"embeddable":true,"href":"https:\/\/www.hireimmigrantsottawa.ca\/fr\/wp-json\/wp\/v2\/media\/6854"}],"wp:attachment":[{"href":"https:\/\/www.hireimmigrantsottawa.ca\/fr\/wp-json\/wp\/v2\/media?parent=6881"}],"curies":[{"name":"wp","href":"https:\/\/api.w.org\/{rel}","templated":true}]}}