{"id":678,"date":"2013-10-09T17:39:03","date_gmt":"2013-10-09T17:39:03","guid":{"rendered":"http:\/\/www.hireimmigrantsottawa.ca\/?page_id=678"},"modified":"2013-10-09T17:39:03","modified_gmt":"2013-10-09T17:39:03","slug":"eugene-luanda-2","status":"publish","type":"page","link":"https:\/\/www.hireimmigrantsottawa.ca\/fr\/pour-les-employeurs\/histoires-de-reussite\/eugene-luanda-2\/","title":{"rendered":"Eugene Luanda"},"content":{"rendered":"<figure style=\"width: 250px\" class=\"wp-caption alignleft\"><img fetchpriority=\"high\" decoding=\"async\" style=\"margin: 10px 0px;\" alt=\"\" src=\"http:\/\/www.hireimmigrantsottawa.ca\/wp-content\/uploads\/2013\/10\/Eugene_Luanda.jpg\" width=\"250\" height=\"220\" hspace=\"0\" vspace=\"10\" \/><figcaption class=\"wp-caption-text\">EUGENE LUANDA<br \/>Travailleur social, Programme B\u00e9b\u00e9s en sant\u00e9 enfants en sant\u00e9, Ville d\u2019Ottawa<\/figcaption><\/figure>\n<p>Professeur, traducteur et travailleur humanitaire dans son pays natal de la R\u00e9publique d\u00e9mocratique du Congo, Eug\u00e8ne Luanda est immigr\u00e9 \u00e0 Ottawa, o\u00f9 il a occup\u00e9 divers postes de services de niveau inf\u00e9rieur et a poursuivi des \u00e9tudes universitaires. Le CV d\u2019Eugene laisse imaginer un v\u00e9cu fascinant et un parcours plut\u00f4t inhabituel pour se rendre o\u00f9 il est aujourd\u2019hui.<br \/>\nPour Eugene, la cl\u00e9 est de saisir toutes les occasions possibles d\u2019am\u00e9liorer sa qualit\u00e9 de vie et celle de son \u00e9pouse et de ses sept enfants, dont trois sont adopt\u00e9s.<br \/>\nLorsque le g\u00e9nocide s\u00e9vissait au Rwanda il y a 16 ans, de nombreuses personnes se sont dirig\u00e9es vers le Congo. C\u2019est \u00e0 ce moment-l\u00e0 que M. Luanda est pass\u00e9 de professeur \u00e0 travailleur r\u00e9fugi\u00e9 pour trois organisations des Nations Unies, dont le Haut Commissariat des Nations Unies pour les r\u00e9fugi\u00e9s et UNICEF. Lorsque les conditions se sont envenim\u00e9es, lui et sa famille ont d\u00fb s\u2019enfuir et ils sont arriv\u00e9s \u00e0 Ottawa en 2000.<br \/>\nLa cl\u00e9 de l\u2019int\u00e9gration de M. Luanda dans la communaut\u00e9 est l\u2019\u00e9ventail de ressources qui \u00e9taient offerts \u00e0 lui et \u00e0 sa famille. En acc\u00e9dant aux diff\u00e9rents services de LASI World Skills et d\u2019autres organismes locaux pour immigrants, M. Luanda \u00e9tait d\u00e9termin\u00e9 \u00e0 am\u00e9liorer son sort et celui de sa famille dans son nouveau pays d\u2019adoption. \u00ab L\u2019information est la cl\u00e9, dit-il. J\u2019ai particip\u00e9 \u00e0 des ateliers de recherche d\u2019emploi et \u00e0 des s\u00e9ances d\u2019orientation, j\u2019ai r\u00e9dig\u00e9 des CV pour toutes sortes d\u2019emplois et j\u2019ai visit\u00e9 des organismes. \u00bb<br \/>\nLorsqu\u2019il a fait ses \u00e9tudes universitaires \u00e0 temps partiel en travail social, Eugene avait deux emplois de subsistance \u00e0 temps partiel pour boucler les fins de mois.<br \/>\nApr\u00e8s avoir obtenu son baccalaur\u00e9at, il a d\u00e9croch\u00e9 un poste de travailleur de bureau \u00e0 la Ville d\u2019Ottawa. Lorsqu\u2019un poste de travailleur social est devenu vacant, il y a pos\u00e9 sa candidature. Reconnaissant la valeur de son exp\u00e9rience professionnelle ant\u00e9rieure et de son savoir-\u00eatre, la Ville l\u2019a promu au poste qu\u2019il occupe aujourd\u2019hui.<br \/>\nM. Luanda est ardent partisan des programmes et services pour les nouveaux arrivants offerts aux immigrants qualifi\u00e9s comme lui.<br \/>\n\u00ab L\u2019attitude est importante, ajoute-t-il. Comme professionnels form\u00e9s \u00e0 l\u2019\u00e9tranger, nous ajoutons de la valeur. Il ne faut pas oublier d\u2019utiliser les ressources disponibles, car elles facilitent l\u2019int\u00e9gration. \u00bb<br \/>\nLa Ville d\u2019Ottawa est membre du Conseil des employeurs champions d\u2019Embauche immigrants Ottawa (EIO) et laur\u00e9at d\u2019un Prix Employeur d\u2019excellence 2010 pour ses pratiques exemplaires de recrutement d\u2019immigrants qualifi\u00e9s.<br \/>\nRenseignez-vous sur les pratiques prometteuses de<a title=\"Histoires de r\u00e9ussites \u2013 La Ville d\u2019Ottawa\" href=\"http:\/\/www.hireimmigrantsottawa.ca\/fr\/histoires-de-reussites-la-ville-dottawa\/\">\u00a0la Ville d\u2019Ottawa<\/a>\u00a0&gt;&gt;<\/p>\n","protected":false},"excerpt":{"rendered":"<p>Professeur, traducteur et travailleur humanitaire dans son pays natal de la R\u00e9publique d\u00e9mocratique du Congo, Eug\u00e8ne Luanda est immigr\u00e9 \u00e0 Ottawa, o\u00f9 il a occup\u00e9 divers postes de services de [&hellip;]<\/p>\n","protected":false},"author":12,"featured_media":0,"parent":199,"menu_order":0,"comment_status":"open","ping_status":"closed","template":"employers.php","meta":{"_exactmetrics_skip_tracking":false,"_exactmetrics_sitenote_active":false,"_exactmetrics_sitenote_note":"","_exactmetrics_sitenote_category":0,"footnotes":"","_links_to":"","_links_to_target":""},"class_list":["post-678","page","type-page","status-publish","hentry"],"yoast_head":"<!-- This site is optimized with the Yoast SEO plugin v27.2 - https:\/\/yoast.com\/product\/yoast-seo-wordpress\/ -->\n<title>Eugene Luanda - Hire Immigrants Ottawa<\/title>\n<meta name=\"robots\" content=\"index, follow, max-snippet:-1, max-image-preview:large, max-video-preview:-1\" \/>\n<link rel=\"canonical\" href=\"https:\/\/www.hireimmigrantsottawa.ca\/fr\/pour-les-employeurs\/histoires-de-reussite\/eugene-luanda-2\/\" \/>\n<meta property=\"og:locale\" content=\"fr_FR\" \/>\n<meta property=\"og:type\" content=\"article\" \/>\n<meta property=\"og:title\" content=\"Eugene Luanda - Hire Immigrants Ottawa\" \/>\n<meta property=\"og:description\" content=\"Professeur, traducteur et travailleur humanitaire dans son pays natal de la R\u00e9publique d\u00e9mocratique du Congo, Eug\u00e8ne Luanda est immigr\u00e9 \u00e0 Ottawa, o\u00f9 il a occup\u00e9 divers postes de services de [&hellip;]\" \/>\n<meta property=\"og:url\" content=\"https:\/\/www.hireimmigrantsottawa.ca\/fr\/pour-les-employeurs\/histoires-de-reussite\/eugene-luanda-2\/\" \/>\n<meta property=\"og:site_name\" content=\"Hire Immigrants Ottawa\" \/>\n<meta property=\"og:image\" content=\"http:\/\/www.hireimmigrantsottawa.ca\/wp-content\/uploads\/2013\/10\/Eugene_Luanda.jpg\" \/>\n<meta name=\"twitter:card\" content=\"summary_large_image\" \/>\n<meta name=\"twitter:site\" content=\"@HireImmOttawa\" \/>\n<meta name=\"twitter:label1\" content=\"Dur\u00e9e de lecture estim\u00e9e\" \/>\n\t<meta name=\"twitter:data1\" content=\"2 minutes\" \/>\n<script type=\"application\/ld+json\" class=\"yoast-schema-graph\">{\"@context\":\"https:\/\/schema.org\",\"@graph\":[{\"@type\":\"WebPage\",\"@id\":\"https:\/\/www.hireimmigrantsottawa.ca\/fr\/pour-les-employeurs\/histoires-de-reussite\/eugene-luanda-2\/\",\"url\":\"https:\/\/www.hireimmigrantsottawa.ca\/fr\/pour-les-employeurs\/histoires-de-reussite\/eugene-luanda-2\/\",\"name\":\"Eugene Luanda - Hire Immigrants Ottawa\",\"isPartOf\":{\"@id\":\"https:\/\/www.hireimmigrantsottawa.ca\/#website\"},\"primaryImageOfPage\":{\"@id\":\"https:\/\/www.hireimmigrantsottawa.ca\/fr\/pour-les-employeurs\/histoires-de-reussite\/eugene-luanda-2\/#primaryimage\"},\"image\":{\"@id\":\"https:\/\/www.hireimmigrantsottawa.ca\/fr\/pour-les-employeurs\/histoires-de-reussite\/eugene-luanda-2\/#primaryimage\"},\"thumbnailUrl\":\"http:\/\/www.hireimmigrantsottawa.ca\/wp-content\/uploads\/2013\/10\/Eugene_Luanda.jpg\",\"datePublished\":\"2013-10-09T17:39:03+00:00\",\"breadcrumb\":{\"@id\":\"https:\/\/www.hireimmigrantsottawa.ca\/fr\/pour-les-employeurs\/histoires-de-reussite\/eugene-luanda-2\/#breadcrumb\"},\"inLanguage\":\"fr-FR\",\"potentialAction\":[{\"@type\":\"ReadAction\",\"target\":[\"https:\/\/www.hireimmigrantsottawa.ca\/fr\/pour-les-employeurs\/histoires-de-reussite\/eugene-luanda-2\/\"]}]},{\"@type\":\"ImageObject\",\"inLanguage\":\"fr-FR\",\"@id\":\"https:\/\/www.hireimmigrantsottawa.ca\/fr\/pour-les-employeurs\/histoires-de-reussite\/eugene-luanda-2\/#primaryimage\",\"url\":\"http:\/\/www.hireimmigrantsottawa.ca\/wp-content\/uploads\/2013\/10\/Eugene_Luanda.jpg\",\"contentUrl\":\"http:\/\/www.hireimmigrantsottawa.ca\/wp-content\/uploads\/2013\/10\/Eugene_Luanda.jpg\"},{\"@type\":\"BreadcrumbList\",\"@id\":\"https:\/\/www.hireimmigrantsottawa.ca\/fr\/pour-les-employeurs\/histoires-de-reussite\/eugene-luanda-2\/#breadcrumb\",\"itemListElement\":[{\"@type\":\"ListItem\",\"position\":1,\"name\":\"Home\",\"item\":\"https:\/\/www.hireimmigrantsottawa.ca\/\"},{\"@type\":\"ListItem\",\"position\":2,\"name\":\"Pour les employeurs\",\"item\":\"https:\/\/www.hireimmigrantsottawa.ca\/fr\/pour-les-employeurs\/\"},{\"@type\":\"ListItem\",\"position\":3,\"name\":\"Histoires de r\u00e9ussite\",\"item\":\"https:\/\/www.hireimmigrantsottawa.ca\/fr\/pour-les-employeurs\/histoires-de-reussite\/\"},{\"@type\":\"ListItem\",\"position\":4,\"name\":\"Eugene Luanda\"}]},{\"@type\":\"WebSite\",\"@id\":\"https:\/\/www.hireimmigrantsottawa.ca\/#website\",\"url\":\"https:\/\/www.hireimmigrantsottawa.ca\/\",\"name\":\"Hire Immigrants Ottawa\",\"description\":\"increases the capacity of employers to attract and integrate skilled immigrants\",\"publisher\":{\"@id\":\"https:\/\/www.hireimmigrantsottawa.ca\/#organization\"},\"potentialAction\":[{\"@type\":\"SearchAction\",\"target\":{\"@type\":\"EntryPoint\",\"urlTemplate\":\"https:\/\/www.hireimmigrantsottawa.ca\/?s={search_term_string}\"},\"query-input\":{\"@type\":\"PropertyValueSpecification\",\"valueRequired\":true,\"valueName\":\"search_term_string\"}}],\"inLanguage\":\"fr-FR\"},{\"@type\":\"Organization\",\"@id\":\"https:\/\/www.hireimmigrantsottawa.ca\/#organization\",\"name\":\"Hire Immigrants Ottawa\",\"url\":\"https:\/\/www.hireimmigrantsottawa.ca\/\",\"logo\":{\"@type\":\"ImageObject\",\"inLanguage\":\"fr-FR\",\"@id\":\"https:\/\/www.hireimmigrantsottawa.ca\/#\/schema\/logo\/image\/\",\"url\":\"https:\/\/www.hireimmigrantsottawa.ca\/wp-content\/uploads\/2023\/10\/hio-logo_bow_EN_web.png\",\"contentUrl\":\"https:\/\/www.hireimmigrantsottawa.ca\/wp-content\/uploads\/2023\/10\/hio-logo_bow_EN_web.png\",\"width\":745,\"height\":160,\"caption\":\"Hire Immigrants Ottawa\"},\"image\":{\"@id\":\"https:\/\/www.hireimmigrantsottawa.ca\/#\/schema\/logo\/image\/\"},\"sameAs\":[\"https:\/\/x.com\/HireImmOttawa\",\"https:\/\/www.youtube.com\/user\/hireimmigrantsottawa\"]}]}<\/script>\n<!-- \/ Yoast SEO plugin. -->","yoast_head_json":{"title":"Eugene Luanda - Hire Immigrants Ottawa","robots":{"index":"index","follow":"follow","max-snippet":"max-snippet:-1","max-image-preview":"max-image-preview:large","max-video-preview":"max-video-preview:-1"},"canonical":"https:\/\/www.hireimmigrantsottawa.ca\/fr\/pour-les-employeurs\/histoires-de-reussite\/eugene-luanda-2\/","og_locale":"fr_FR","og_type":"article","og_title":"Eugene Luanda - Hire Immigrants Ottawa","og_description":"Professeur, traducteur et travailleur humanitaire dans son pays natal de la R\u00e9publique d\u00e9mocratique du Congo, Eug\u00e8ne Luanda est immigr\u00e9 \u00e0 Ottawa, o\u00f9 il a occup\u00e9 divers postes de services de [&hellip;]","og_url":"https:\/\/www.hireimmigrantsottawa.ca\/fr\/pour-les-employeurs\/histoires-de-reussite\/eugene-luanda-2\/","og_site_name":"Hire Immigrants Ottawa","og_image":[{"url":"http:\/\/www.hireimmigrantsottawa.ca\/wp-content\/uploads\/2013\/10\/Eugene_Luanda.jpg","type":"","width":"","height":""}],"twitter_card":"summary_large_image","twitter_site":"@HireImmOttawa","twitter_misc":{"Dur\u00e9e de lecture estim\u00e9e":"2 minutes"},"schema":{"@context":"https:\/\/schema.org","@graph":[{"@type":"WebPage","@id":"https:\/\/www.hireimmigrantsottawa.ca\/fr\/pour-les-employeurs\/histoires-de-reussite\/eugene-luanda-2\/","url":"https:\/\/www.hireimmigrantsottawa.ca\/fr\/pour-les-employeurs\/histoires-de-reussite\/eugene-luanda-2\/","name":"Eugene Luanda - Hire Immigrants Ottawa","isPartOf":{"@id":"https:\/\/www.hireimmigrantsottawa.ca\/#website"},"primaryImageOfPage":{"@id":"https:\/\/www.hireimmigrantsottawa.ca\/fr\/pour-les-employeurs\/histoires-de-reussite\/eugene-luanda-2\/#primaryimage"},"image":{"@id":"https:\/\/www.hireimmigrantsottawa.ca\/fr\/pour-les-employeurs\/histoires-de-reussite\/eugene-luanda-2\/#primaryimage"},"thumbnailUrl":"http:\/\/www.hireimmigrantsottawa.ca\/wp-content\/uploads\/2013\/10\/Eugene_Luanda.jpg","datePublished":"2013-10-09T17:39:03+00:00","breadcrumb":{"@id":"https:\/\/www.hireimmigrantsottawa.ca\/fr\/pour-les-employeurs\/histoires-de-reussite\/eugene-luanda-2\/#breadcrumb"},"inLanguage":"fr-FR","potentialAction":[{"@type":"ReadAction","target":["https:\/\/www.hireimmigrantsottawa.ca\/fr\/pour-les-employeurs\/histoires-de-reussite\/eugene-luanda-2\/"]}]},{"@type":"ImageObject","inLanguage":"fr-FR","@id":"https:\/\/www.hireimmigrantsottawa.ca\/fr\/pour-les-employeurs\/histoires-de-reussite\/eugene-luanda-2\/#primaryimage","url":"http:\/\/www.hireimmigrantsottawa.ca\/wp-content\/uploads\/2013\/10\/Eugene_Luanda.jpg","contentUrl":"http:\/\/www.hireimmigrantsottawa.ca\/wp-content\/uploads\/2013\/10\/Eugene_Luanda.jpg"},{"@type":"BreadcrumbList","@id":"https:\/\/www.hireimmigrantsottawa.ca\/fr\/pour-les-employeurs\/histoires-de-reussite\/eugene-luanda-2\/#breadcrumb","itemListElement":[{"@type":"ListItem","position":1,"name":"Home","item":"https:\/\/www.hireimmigrantsottawa.ca\/"},{"@type":"ListItem","position":2,"name":"Pour les employeurs","item":"https:\/\/www.hireimmigrantsottawa.ca\/fr\/pour-les-employeurs\/"},{"@type":"ListItem","position":3,"name":"Histoires de r\u00e9ussite","item":"https:\/\/www.hireimmigrantsottawa.ca\/fr\/pour-les-employeurs\/histoires-de-reussite\/"},{"@type":"ListItem","position":4,"name":"Eugene Luanda"}]},{"@type":"WebSite","@id":"https:\/\/www.hireimmigrantsottawa.ca\/#website","url":"https:\/\/www.hireimmigrantsottawa.ca\/","name":"Hire Immigrants Ottawa","description":"increases the capacity of employers to attract and integrate skilled immigrants","publisher":{"@id":"https:\/\/www.hireimmigrantsottawa.ca\/#organization"},"potentialAction":[{"@type":"SearchAction","target":{"@type":"EntryPoint","urlTemplate":"https:\/\/www.hireimmigrantsottawa.ca\/?s={search_term_string}"},"query-input":{"@type":"PropertyValueSpecification","valueRequired":true,"valueName":"search_term_string"}}],"inLanguage":"fr-FR"},{"@type":"Organization","@id":"https:\/\/www.hireimmigrantsottawa.ca\/#organization","name":"Hire Immigrants Ottawa","url":"https:\/\/www.hireimmigrantsottawa.ca\/","logo":{"@type":"ImageObject","inLanguage":"fr-FR","@id":"https:\/\/www.hireimmigrantsottawa.ca\/#\/schema\/logo\/image\/","url":"https:\/\/www.hireimmigrantsottawa.ca\/wp-content\/uploads\/2023\/10\/hio-logo_bow_EN_web.png","contentUrl":"https:\/\/www.hireimmigrantsottawa.ca\/wp-content\/uploads\/2023\/10\/hio-logo_bow_EN_web.png","width":745,"height":160,"caption":"Hire Immigrants Ottawa"},"image":{"@id":"https:\/\/www.hireimmigrantsottawa.ca\/#\/schema\/logo\/image\/"},"sameAs":["https:\/\/x.com\/HireImmOttawa","https:\/\/www.youtube.com\/user\/hireimmigrantsottawa"]}]}},"_links":{"self":[{"href":"https:\/\/www.hireimmigrantsottawa.ca\/fr\/wp-json\/wp\/v2\/pages\/678","targetHints":{"allow":["GET"]}}],"collection":[{"href":"https:\/\/www.hireimmigrantsottawa.ca\/fr\/wp-json\/wp\/v2\/pages"}],"about":[{"href":"https:\/\/www.hireimmigrantsottawa.ca\/fr\/wp-json\/wp\/v2\/types\/page"}],"author":[{"embeddable":true,"href":"https:\/\/www.hireimmigrantsottawa.ca\/fr\/wp-json\/wp\/v2\/users\/12"}],"replies":[{"embeddable":true,"href":"https:\/\/www.hireimmigrantsottawa.ca\/fr\/wp-json\/wp\/v2\/comments?post=678"}],"version-history":[{"count":1,"href":"https:\/\/www.hireimmigrantsottawa.ca\/fr\/wp-json\/wp\/v2\/pages\/678\/revisions"}],"predecessor-version":[{"id":679,"href":"https:\/\/www.hireimmigrantsottawa.ca\/fr\/wp-json\/wp\/v2\/pages\/678\/revisions\/679"}],"up":[{"embeddable":true,"href":"https:\/\/www.hireimmigrantsottawa.ca\/fr\/wp-json\/wp\/v2\/pages\/199"}],"wp:attachment":[{"href":"https:\/\/www.hireimmigrantsottawa.ca\/fr\/wp-json\/wp\/v2\/media?parent=678"}],"curies":[{"name":"wp","href":"https:\/\/api.w.org\/{rel}","templated":true}]}}