{"id":659,"date":"2013-10-09T17:23:48","date_gmt":"2013-10-09T17:23:48","guid":{"rendered":"http:\/\/www.hireimmigrantsottawa.ca\/?page_id=659"},"modified":"2015-06-11T09:44:52","modified_gmt":"2015-06-11T13:44:52","slug":"la-banque-scotia","status":"publish","type":"page","link":"https:\/\/www.hireimmigrantsottawa.ca\/fr\/pour-les-employeurs\/histoires-de-reussite\/la-banque-scotia\/","title":{"rendered":"la Banque Scotia"},"content":{"rendered":"<p>Dans le cadre de son engagement en faveur de la diversit\u00e9, la\u00a0<a href=\"http:\/\/scotiabank.com\/\" target=\"_blank\">Banque Scotia<\/a>\u00a0fait partie du r\u00e9seau d\u2019employeurs partenaires d\u2019Embauche immigrants Ottawa (EIO) depuis 2007. Par l\u2019entremise d\u2019EIO, la Banque Scotia s\u2019est r\u00e9unie avec d\u2019autres employeurs souhaitant embaucher des immigrants qualifi\u00e9s, \u00e0 participer \u00e0 des \u00e9v\u00e9nements de recrutement et \u00e0 utiliser diff\u00e9rentes ressources d\u2019EIO. En tant que banque canadienne la plus internationale avec plus de 67 000 employ\u00e9s dans 50 pays, la Banque Scotia est une organisation qui comprend et appuie la diversit\u00e9.<\/p>\n<p>La Banque Scotia reconna\u00eet l\u2019importance d\u2019int\u00e9grer les n\u00e9o\u2011Canadiens au milieu de travail de la Banque. Par cons\u00e9quent, son processus de s\u00e9lection des candidats s\u2019\u00e9tend au-del\u00e0 des exp\u00e9riences canadiennes, aux titres de comp\u00e9tences et accr\u00e9ditations transf\u00e9rables que peuvent poss\u00e9der les n\u00e9o\u2011Canadiens. De m\u00eame, dans le cadre d\u2019un processus d\u2019embauche inclusif, les gestionnaires sont form\u00e9s \u00e0 \u00eatre flexibles dans leur style d\u2019entrevue, pour mieux accommoder les n\u00e9o\u2011Canadiens qui pourraient ne pas \u00eatre habitu\u00e9s aux pratiques canadiennes.<\/p>\n<h2><a href=\"http:\/\/scotiabank.com\/\" target=\"_blank\"><img decoding=\"async\" class=\" alignleft\" style=\"margin: 0px; border: 0px;\" src=\"http:\/\/www.hireimmigrantsottawa.ca\/wp-content\/uploads\/2013\/10\/Banque_Scotia.jpg\" alt=\"\" width=\"250\" height=\"35\" border=\"0\" hspace=\"0\" vspace=\"0\" \/><\/a><\/h2>\n<p>La Banque Scotia encourage \u00e9galement les gestionnaires d\u2019embauche \u00e0 faire le meilleur usage possible des ressources et des activit\u00e9s interculturelles offertes par des organisations telles qu\u2019EIO.<\/p>\n<p>Les sessions de r\u00e9seautage d\u2019EIO, par exemple, sp\u00e9cialement con\u00e7ues pour les n\u00e9o\u2011Canadiens, les invitent \u00e0 des activit\u00e9s de recrutement adapt\u00e9es \u00e0 leurs besoins, et offrent de pr\u00e9cieux contacts en personne. Cela repr\u00e9sente un service important puisque le recrutement se produit le plus souvent de fa\u00e7on \u00e9lectronique, au t\u00e9l\u00e9phone, et au cours de foires \u00e0 l\u2019emploi dans les universit\u00e9s. De m\u00eame, les activit\u00e9s de mentorat d\u2019EIO fournissent l\u2019occasion de rencontrer en personne les n\u00e9o-Canadiens pour leur pr\u00e9senter des techniques de r\u00e9daction de r\u00e9sum\u00e9 et d\u2019entrevue.<\/p>\n<p>La Banque Scotia guide aussi activement des immigrants qualifi\u00e9s dans le cadre d\u2019agences au service des immigrants et de programmes tels que le R\u00e9seau jumelage emploi-travailleur d&rsquo;Ottawa. Par l\u2019entremise de ces organisations, la Banque Scotia a acc\u00e8s \u00e0 des employ\u00e9s \u00e0 fort potentiel comme Alberta Lawson, une Canadienne originaire du Ghana qui poss\u00e9dait une exp\u00e9rience bancaire pr\u00e9alable ainsi qu\u2019une ma\u00eetrise de l\u2019Universit\u00e9 Carleton. En reconnaissance de son niveau de qualification et de son exp\u00e9rience internationale dans le secteur bancaire, Mme Lawson a r\u00e9cemment \u00e9t\u00e9 plac\u00e9e \u00e0 un poste plus \u00e9lev\u00e9 que celui auquel elle avait postul\u00e9 au d\u00e9part. La Banque Scotia et Mme Lawson se sont rencontr\u00e9s lors d\u2019une session de r\u00e9seautage au Sommet du Conseil des employeurs champions de 2009.<\/p>\n<p>Gr\u00e2ce \u00e0 des partenaires tels qu\u2019EIO, la Banque Scotia continue de mobiliser la communaut\u00e9 autour de son engagement envers un milieu de travail inclusif et accessible. La Banque Scotia a re\u00e7u une mention honorable aux Prix des employeurs d\u2019excellence de 2008 pour ses pratiques prometteuses de recrutement des immigrants qualifi\u00e9s. En 2010, la Banque Scotia a \u00e9t\u00e9 nomm\u00e9e pour la deuxi\u00e8me ann\u00e9e cons\u00e9cutive parmi les Meilleurs employeurs de la diversit\u00e9.<\/p>\n<p>Lisez le r\u00e9cit d&rsquo;\u00a0<a title=\"Alberta Lawson\" href=\"http:\/\/www.hireimmigrantsottawa.ca\/fr\/alberta-lawson-2\/\">Alberta Lawson<\/a>, Premier agent des services bancaires personnels, Banque Scotia.<\/p>\n","protected":false},"excerpt":{"rendered":"<p>Dans le cadre de son engagement en faveur de la diversit\u00e9, la\u00a0Banque Scotia\u00a0fait partie du r\u00e9seau d\u2019employeurs partenaires d\u2019Embauche immigrants Ottawa (EIO) depuis 2007. Par l\u2019entremise d\u2019EIO, la Banque Scotia [&hellip;]<\/p>\n","protected":false},"author":12,"featured_media":0,"parent":199,"menu_order":0,"comment_status":"open","ping_status":"closed","template":"employers.php","meta":{"_exactmetrics_skip_tracking":false,"_exactmetrics_sitenote_active":false,"_exactmetrics_sitenote_note":"","_exactmetrics_sitenote_category":0,"footnotes":"","_links_to":"","_links_to_target":""},"class_list":["post-659","page","type-page","status-publish","hentry"],"yoast_head":"<!-- This site is optimized with the Yoast SEO plugin v27.2 - https:\/\/yoast.com\/product\/yoast-seo-wordpress\/ -->\n<title>la Banque Scotia - Hire Immigrants Ottawa<\/title>\n<meta name=\"robots\" content=\"index, follow, max-snippet:-1, max-image-preview:large, max-video-preview:-1\" \/>\n<link rel=\"canonical\" href=\"https:\/\/www.hireimmigrantsottawa.ca\/fr\/pour-les-employeurs\/histoires-de-reussite\/la-banque-scotia\/\" \/>\n<meta property=\"og:locale\" content=\"fr_FR\" \/>\n<meta property=\"og:type\" content=\"article\" \/>\n<meta property=\"og:title\" content=\"la Banque Scotia - Hire Immigrants Ottawa\" \/>\n<meta property=\"og:description\" content=\"Dans le cadre de son engagement en faveur de la diversit\u00e9, la\u00a0Banque Scotia\u00a0fait partie du r\u00e9seau d\u2019employeurs partenaires d\u2019Embauche immigrants Ottawa (EIO) depuis 2007. Par l\u2019entremise d\u2019EIO, la Banque Scotia [&hellip;]\" \/>\n<meta property=\"og:url\" content=\"https:\/\/www.hireimmigrantsottawa.ca\/fr\/pour-les-employeurs\/histoires-de-reussite\/la-banque-scotia\/\" \/>\n<meta property=\"og:site_name\" content=\"Hire Immigrants Ottawa\" \/>\n<meta property=\"article:modified_time\" content=\"2015-06-11T13:44:52+00:00\" \/>\n<meta property=\"og:image\" content=\"http:\/\/www.hireimmigrantsottawa.ca\/wp-content\/uploads\/2013\/10\/Banque_Scotia.jpg\" \/>\n<meta name=\"twitter:card\" content=\"summary_large_image\" \/>\n<meta name=\"twitter:site\" content=\"@HireImmOttawa\" \/>\n<meta name=\"twitter:label1\" content=\"Dur\u00e9e de lecture estim\u00e9e\" \/>\n\t<meta name=\"twitter:data1\" content=\"3 minutes\" \/>\n<script type=\"application\/ld+json\" class=\"yoast-schema-graph\">{\"@context\":\"https:\/\/schema.org\",\"@graph\":[{\"@type\":\"WebPage\",\"@id\":\"https:\/\/www.hireimmigrantsottawa.ca\/fr\/pour-les-employeurs\/histoires-de-reussite\/la-banque-scotia\/\",\"url\":\"https:\/\/www.hireimmigrantsottawa.ca\/fr\/pour-les-employeurs\/histoires-de-reussite\/la-banque-scotia\/\",\"name\":\"la Banque Scotia - Hire Immigrants Ottawa\",\"isPartOf\":{\"@id\":\"https:\/\/www.hireimmigrantsottawa.ca\/#website\"},\"primaryImageOfPage\":{\"@id\":\"https:\/\/www.hireimmigrantsottawa.ca\/fr\/pour-les-employeurs\/histoires-de-reussite\/la-banque-scotia\/#primaryimage\"},\"image\":{\"@id\":\"https:\/\/www.hireimmigrantsottawa.ca\/fr\/pour-les-employeurs\/histoires-de-reussite\/la-banque-scotia\/#primaryimage\"},\"thumbnailUrl\":\"http:\/\/www.hireimmigrantsottawa.ca\/wp-content\/uploads\/2013\/10\/Banque_Scotia.jpg\",\"datePublished\":\"2013-10-09T17:23:48+00:00\",\"dateModified\":\"2015-06-11T13:44:52+00:00\",\"breadcrumb\":{\"@id\":\"https:\/\/www.hireimmigrantsottawa.ca\/fr\/pour-les-employeurs\/histoires-de-reussite\/la-banque-scotia\/#breadcrumb\"},\"inLanguage\":\"fr-FR\",\"potentialAction\":[{\"@type\":\"ReadAction\",\"target\":[\"https:\/\/www.hireimmigrantsottawa.ca\/fr\/pour-les-employeurs\/histoires-de-reussite\/la-banque-scotia\/\"]}]},{\"@type\":\"ImageObject\",\"inLanguage\":\"fr-FR\",\"@id\":\"https:\/\/www.hireimmigrantsottawa.ca\/fr\/pour-les-employeurs\/histoires-de-reussite\/la-banque-scotia\/#primaryimage\",\"url\":\"http:\/\/www.hireimmigrantsottawa.ca\/wp-content\/uploads\/2013\/10\/Banque_Scotia.jpg\",\"contentUrl\":\"http:\/\/www.hireimmigrantsottawa.ca\/wp-content\/uploads\/2013\/10\/Banque_Scotia.jpg\"},{\"@type\":\"BreadcrumbList\",\"@id\":\"https:\/\/www.hireimmigrantsottawa.ca\/fr\/pour-les-employeurs\/histoires-de-reussite\/la-banque-scotia\/#breadcrumb\",\"itemListElement\":[{\"@type\":\"ListItem\",\"position\":1,\"name\":\"Home\",\"item\":\"https:\/\/www.hireimmigrantsottawa.ca\/\"},{\"@type\":\"ListItem\",\"position\":2,\"name\":\"Pour les employeurs\",\"item\":\"https:\/\/www.hireimmigrantsottawa.ca\/fr\/pour-les-employeurs\/\"},{\"@type\":\"ListItem\",\"position\":3,\"name\":\"Histoires de r\u00e9ussite\",\"item\":\"https:\/\/www.hireimmigrantsottawa.ca\/fr\/pour-les-employeurs\/histoires-de-reussite\/\"},{\"@type\":\"ListItem\",\"position\":4,\"name\":\"la Banque Scotia\"}]},{\"@type\":\"WebSite\",\"@id\":\"https:\/\/www.hireimmigrantsottawa.ca\/#website\",\"url\":\"https:\/\/www.hireimmigrantsottawa.ca\/\",\"name\":\"Hire Immigrants Ottawa\",\"description\":\"increases the capacity of employers to attract and integrate skilled immigrants\",\"publisher\":{\"@id\":\"https:\/\/www.hireimmigrantsottawa.ca\/#organization\"},\"potentialAction\":[{\"@type\":\"SearchAction\",\"target\":{\"@type\":\"EntryPoint\",\"urlTemplate\":\"https:\/\/www.hireimmigrantsottawa.ca\/?s={search_term_string}\"},\"query-input\":{\"@type\":\"PropertyValueSpecification\",\"valueRequired\":true,\"valueName\":\"search_term_string\"}}],\"inLanguage\":\"fr-FR\"},{\"@type\":\"Organization\",\"@id\":\"https:\/\/www.hireimmigrantsottawa.ca\/#organization\",\"name\":\"Hire Immigrants Ottawa\",\"url\":\"https:\/\/www.hireimmigrantsottawa.ca\/\",\"logo\":{\"@type\":\"ImageObject\",\"inLanguage\":\"fr-FR\",\"@id\":\"https:\/\/www.hireimmigrantsottawa.ca\/#\/schema\/logo\/image\/\",\"url\":\"https:\/\/www.hireimmigrantsottawa.ca\/wp-content\/uploads\/2023\/10\/hio-logo_bow_EN_web.png\",\"contentUrl\":\"https:\/\/www.hireimmigrantsottawa.ca\/wp-content\/uploads\/2023\/10\/hio-logo_bow_EN_web.png\",\"width\":745,\"height\":160,\"caption\":\"Hire Immigrants Ottawa\"},\"image\":{\"@id\":\"https:\/\/www.hireimmigrantsottawa.ca\/#\/schema\/logo\/image\/\"},\"sameAs\":[\"https:\/\/x.com\/HireImmOttawa\",\"https:\/\/www.youtube.com\/user\/hireimmigrantsottawa\"]}]}<\/script>\n<!-- \/ Yoast SEO plugin. -->","yoast_head_json":{"title":"la Banque Scotia - Hire Immigrants Ottawa","robots":{"index":"index","follow":"follow","max-snippet":"max-snippet:-1","max-image-preview":"max-image-preview:large","max-video-preview":"max-video-preview:-1"},"canonical":"https:\/\/www.hireimmigrantsottawa.ca\/fr\/pour-les-employeurs\/histoires-de-reussite\/la-banque-scotia\/","og_locale":"fr_FR","og_type":"article","og_title":"la Banque Scotia - Hire Immigrants Ottawa","og_description":"Dans le cadre de son engagement en faveur de la diversit\u00e9, la\u00a0Banque Scotia\u00a0fait partie du r\u00e9seau d\u2019employeurs partenaires d\u2019Embauche immigrants Ottawa (EIO) depuis 2007. Par l\u2019entremise d\u2019EIO, la Banque Scotia [&hellip;]","og_url":"https:\/\/www.hireimmigrantsottawa.ca\/fr\/pour-les-employeurs\/histoires-de-reussite\/la-banque-scotia\/","og_site_name":"Hire Immigrants Ottawa","article_modified_time":"2015-06-11T13:44:52+00:00","og_image":[{"url":"http:\/\/www.hireimmigrantsottawa.ca\/wp-content\/uploads\/2013\/10\/Banque_Scotia.jpg","type":"","width":"","height":""}],"twitter_card":"summary_large_image","twitter_site":"@HireImmOttawa","twitter_misc":{"Dur\u00e9e de lecture estim\u00e9e":"3 minutes"},"schema":{"@context":"https:\/\/schema.org","@graph":[{"@type":"WebPage","@id":"https:\/\/www.hireimmigrantsottawa.ca\/fr\/pour-les-employeurs\/histoires-de-reussite\/la-banque-scotia\/","url":"https:\/\/www.hireimmigrantsottawa.ca\/fr\/pour-les-employeurs\/histoires-de-reussite\/la-banque-scotia\/","name":"la Banque Scotia - Hire Immigrants Ottawa","isPartOf":{"@id":"https:\/\/www.hireimmigrantsottawa.ca\/#website"},"primaryImageOfPage":{"@id":"https:\/\/www.hireimmigrantsottawa.ca\/fr\/pour-les-employeurs\/histoires-de-reussite\/la-banque-scotia\/#primaryimage"},"image":{"@id":"https:\/\/www.hireimmigrantsottawa.ca\/fr\/pour-les-employeurs\/histoires-de-reussite\/la-banque-scotia\/#primaryimage"},"thumbnailUrl":"http:\/\/www.hireimmigrantsottawa.ca\/wp-content\/uploads\/2013\/10\/Banque_Scotia.jpg","datePublished":"2013-10-09T17:23:48+00:00","dateModified":"2015-06-11T13:44:52+00:00","breadcrumb":{"@id":"https:\/\/www.hireimmigrantsottawa.ca\/fr\/pour-les-employeurs\/histoires-de-reussite\/la-banque-scotia\/#breadcrumb"},"inLanguage":"fr-FR","potentialAction":[{"@type":"ReadAction","target":["https:\/\/www.hireimmigrantsottawa.ca\/fr\/pour-les-employeurs\/histoires-de-reussite\/la-banque-scotia\/"]}]},{"@type":"ImageObject","inLanguage":"fr-FR","@id":"https:\/\/www.hireimmigrantsottawa.ca\/fr\/pour-les-employeurs\/histoires-de-reussite\/la-banque-scotia\/#primaryimage","url":"http:\/\/www.hireimmigrantsottawa.ca\/wp-content\/uploads\/2013\/10\/Banque_Scotia.jpg","contentUrl":"http:\/\/www.hireimmigrantsottawa.ca\/wp-content\/uploads\/2013\/10\/Banque_Scotia.jpg"},{"@type":"BreadcrumbList","@id":"https:\/\/www.hireimmigrantsottawa.ca\/fr\/pour-les-employeurs\/histoires-de-reussite\/la-banque-scotia\/#breadcrumb","itemListElement":[{"@type":"ListItem","position":1,"name":"Home","item":"https:\/\/www.hireimmigrantsottawa.ca\/"},{"@type":"ListItem","position":2,"name":"Pour les employeurs","item":"https:\/\/www.hireimmigrantsottawa.ca\/fr\/pour-les-employeurs\/"},{"@type":"ListItem","position":3,"name":"Histoires de r\u00e9ussite","item":"https:\/\/www.hireimmigrantsottawa.ca\/fr\/pour-les-employeurs\/histoires-de-reussite\/"},{"@type":"ListItem","position":4,"name":"la Banque Scotia"}]},{"@type":"WebSite","@id":"https:\/\/www.hireimmigrantsottawa.ca\/#website","url":"https:\/\/www.hireimmigrantsottawa.ca\/","name":"Hire Immigrants Ottawa","description":"increases the capacity of employers to attract and integrate skilled immigrants","publisher":{"@id":"https:\/\/www.hireimmigrantsottawa.ca\/#organization"},"potentialAction":[{"@type":"SearchAction","target":{"@type":"EntryPoint","urlTemplate":"https:\/\/www.hireimmigrantsottawa.ca\/?s={search_term_string}"},"query-input":{"@type":"PropertyValueSpecification","valueRequired":true,"valueName":"search_term_string"}}],"inLanguage":"fr-FR"},{"@type":"Organization","@id":"https:\/\/www.hireimmigrantsottawa.ca\/#organization","name":"Hire Immigrants Ottawa","url":"https:\/\/www.hireimmigrantsottawa.ca\/","logo":{"@type":"ImageObject","inLanguage":"fr-FR","@id":"https:\/\/www.hireimmigrantsottawa.ca\/#\/schema\/logo\/image\/","url":"https:\/\/www.hireimmigrantsottawa.ca\/wp-content\/uploads\/2023\/10\/hio-logo_bow_EN_web.png","contentUrl":"https:\/\/www.hireimmigrantsottawa.ca\/wp-content\/uploads\/2023\/10\/hio-logo_bow_EN_web.png","width":745,"height":160,"caption":"Hire Immigrants Ottawa"},"image":{"@id":"https:\/\/www.hireimmigrantsottawa.ca\/#\/schema\/logo\/image\/"},"sameAs":["https:\/\/x.com\/HireImmOttawa","https:\/\/www.youtube.com\/user\/hireimmigrantsottawa"]}]}},"_links":{"self":[{"href":"https:\/\/www.hireimmigrantsottawa.ca\/fr\/wp-json\/wp\/v2\/pages\/659","targetHints":{"allow":["GET"]}}],"collection":[{"href":"https:\/\/www.hireimmigrantsottawa.ca\/fr\/wp-json\/wp\/v2\/pages"}],"about":[{"href":"https:\/\/www.hireimmigrantsottawa.ca\/fr\/wp-json\/wp\/v2\/types\/page"}],"author":[{"embeddable":true,"href":"https:\/\/www.hireimmigrantsottawa.ca\/fr\/wp-json\/wp\/v2\/users\/12"}],"replies":[{"embeddable":true,"href":"https:\/\/www.hireimmigrantsottawa.ca\/fr\/wp-json\/wp\/v2\/comments?post=659"}],"version-history":[{"count":3,"href":"https:\/\/www.hireimmigrantsottawa.ca\/fr\/wp-json\/wp\/v2\/pages\/659\/revisions"}],"predecessor-version":[{"id":3033,"href":"https:\/\/www.hireimmigrantsottawa.ca\/fr\/wp-json\/wp\/v2\/pages\/659\/revisions\/3033"}],"up":[{"embeddable":true,"href":"https:\/\/www.hireimmigrantsottawa.ca\/fr\/wp-json\/wp\/v2\/pages\/199"}],"wp:attachment":[{"href":"https:\/\/www.hireimmigrantsottawa.ca\/fr\/wp-json\/wp\/v2\/media?parent=659"}],"curies":[{"name":"wp","href":"https:\/\/api.w.org\/{rel}","templated":true}]}}