{"id":655,"date":"2013-10-09T17:20:42","date_gmt":"2013-10-09T17:20:42","guid":{"rendered":"http:\/\/www.hireimmigrantsottawa.ca\/?page_id=655"},"modified":"2015-06-11T09:37:42","modified_gmt":"2015-06-11T13:37:42","slug":"alberta-lawson-2","status":"publish","type":"page","link":"https:\/\/www.hireimmigrantsottawa.ca\/fr\/pour-les-employeurs\/histoires-de-reussite\/alberta-lawson-2\/","title":{"rendered":"Alberta Lawson"},"content":{"rendered":"<figure id=\"attachment_653\" aria-describedby=\"caption-attachment-653\" style=\"width: 250px\" class=\"wp-caption alignleft\"><a href=\"http:\/\/www.hireimmigrantsottawa.ca\/wp-content\/uploads\/2013\/10\/AlbertaLawson1.jpg\"><img fetchpriority=\"high\" decoding=\"async\" class=\"size-full wp-image-653\" alt=\"ALBERTA LAWSON Senior Personal Banking Officer, Scotiabank\" src=\"http:\/\/www.hireimmigrantsottawa.ca\/wp-content\/uploads\/2013\/10\/AlbertaLawson1.jpg\" width=\"250\" height=\"232\" \/><\/a><figcaption id=\"caption-attachment-653\" class=\"wp-caption-text\">ALBERTA LAWSON<br \/>Senior Personal Banking Officer, Scotiabank<\/figcaption><\/figure>\n<p>Alberta a tout de suite ador\u00e9 le Canada, depuis qu\u2019elle est venue terminer une ma\u00eetrise en gestion publique \u00e0 l\u2019Universit\u00e9 Carleton en 1997. En 2003, alors qu\u2019elle cherchait \u00e0 prendre un nouveau d\u00e9part, elle a senti que le Canada serait son nouveau domicile.<\/p>\n<p>Alberta a quitt\u00e9 son travail \u00e0 la Banque centrale du Ghana, pour emm\u00e9nager au Canada accompagn\u00e9e de ses trois enfants. \u00ab\u00a0J\u2019ai pens\u00e9 qu\u2019il serait plus facile d\u2019obtenir un emploi gr\u00e2ce \u00e0 mon exp\u00e9rience et \u00e0 mon dipl\u00f4me canadien\u00a0\u00bb, a expliqu\u00e9 Alberta. \u00ab\u00a0Mais une fois ici, j\u2019ai vite compris que ce n\u2019\u00e9tait pas le cas.\u00a0\u00bb<\/p>\n<p>Comme Alberta d\u00e9sirait poursuivre une carri\u00e8re dans le secteur des banques et de la finance, elle est entr\u00e9e au service d\u2019une compagnie d\u2019assurance \u00e0 titre de conseill\u00e8re.\u00a0\u00a0 \u00a0Puis, elle a d\u00e9couvert le R\u00e9seau jumelage emploi-travailleur \u2013 un projet qui aide les nouveaux immigrants \u00e0 trouver du travail dans leur domaine \u2013 qui l\u2019a aid\u00e9e \u00e0 am\u00e9liorer son C.V. et l\u2019a orient\u00e9e vers diff\u00e9rents r\u00e9seaux.<\/p>\n<p>\u00c0 l\u2019occasion d\u2019une activit\u00e9 de r\u00e9seautage organis\u00e9e par EIO au printemps 2009, \u00a0Alberta a rencontr\u00e9 un repr\u00e9sentant de la Banque Scotia. Trois entrevues plus tard, Scotia a offert \u00e0 Alberta un poste plus \u00e9lev\u00e9 que celui pour lequel elle avait postul\u00e9.<\/p>\n<p>Aujourd\u2019hui, Alberta occupe un emploi qu\u2019elle adore. \u00ab\u00a0Je peux entrevoir un bel avenir, et je suis vraiment heureuse de pouvoir faire ce qui me tient \u00e0 c\u0153ur, c\u2019est-\u00e0-dire d\u2019aider les gens \u00e0 am\u00e9liorer leur situation financi\u00e8re.\u00a0\u00bb<\/p>\n<p>Pour Alberta, son succ\u00e8s repose en grande partie sur Embauche immigrants Ottawa et le R\u00e9seau jumelage emploi-travailleur, qui travaillent \u00e0 mettre en contact des employeurs et des immigrants qualifi\u00e9s \u00e0 Ottawa\u00a0: \u00ab\u00a0Il est impossible d\u2019\u00e9valuer un candidat seulement sur papier. On se fait une impression superficielle, et on risque de perdre un excellent candidat. Le r\u00e9seautage est critique \u00e0 la fois pour les employeurs et pour les immigrants form\u00e9s \u00e0 l\u2019\u00e9tranger.\u00a0\u00bb<\/p>\n<p>Toujours optimiste et tenace, Alberta envisage la vie avec le sourire et beaucoup d\u2019ambition. Elle est un mod\u00e8le positif pour ses trois enfants, qui \u00e9tudient tous en vue d\u2019obtenir un dipl\u00f4me en affaires dans diff\u00e9rentes institutions postsecondaires. Et elle commence m\u00eame \u00e0 s\u2019habituer \u00e0 la neige.<\/p>\n","protected":false},"excerpt":{"rendered":"<p>Alberta a tout de suite ador\u00e9 le Canada, depuis qu\u2019elle est venue terminer une ma\u00eetrise en gestion publique \u00e0 l\u2019Universit\u00e9 Carleton en 1997. En 2003, alors qu\u2019elle cherchait \u00e0 prendre [&hellip;]<\/p>\n","protected":false},"author":12,"featured_media":656,"parent":199,"menu_order":0,"comment_status":"open","ping_status":"closed","template":"employers.php","meta":{"_exactmetrics_skip_tracking":false,"_exactmetrics_sitenote_active":false,"_exactmetrics_sitenote_note":"","_exactmetrics_sitenote_category":0,"footnotes":"","_links_to":"","_links_to_target":""},"class_list":["post-655","page","type-page","status-publish","has-post-thumbnail","hentry"],"yoast_head":"<!-- This site is optimized with the Yoast SEO plugin v27.2 - https:\/\/yoast.com\/product\/yoast-seo-wordpress\/ -->\n<title>Alberta Lawson - Hire Immigrants Ottawa<\/title>\n<meta name=\"robots\" content=\"index, follow, max-snippet:-1, max-image-preview:large, max-video-preview:-1\" \/>\n<link rel=\"canonical\" href=\"https:\/\/www.hireimmigrantsottawa.ca\/fr\/pour-les-employeurs\/histoires-de-reussite\/alberta-lawson-2\/\" \/>\n<meta property=\"og:locale\" content=\"fr_FR\" \/>\n<meta property=\"og:type\" content=\"article\" \/>\n<meta property=\"og:title\" content=\"Alberta Lawson - Hire Immigrants Ottawa\" \/>\n<meta property=\"og:description\" content=\"Alberta a tout de suite ador\u00e9 le Canada, depuis qu\u2019elle est venue terminer une ma\u00eetrise en gestion publique \u00e0 l\u2019Universit\u00e9 Carleton en 1997. En 2003, alors qu\u2019elle cherchait \u00e0 prendre [&hellip;]\" \/>\n<meta property=\"og:url\" content=\"https:\/\/www.hireimmigrantsottawa.ca\/fr\/pour-les-employeurs\/histoires-de-reussite\/alberta-lawson-2\/\" \/>\n<meta property=\"og:site_name\" content=\"Hire Immigrants Ottawa\" \/>\n<meta property=\"article:modified_time\" content=\"2015-06-11T13:37:42+00:00\" \/>\n<meta property=\"og:image\" content=\"https:\/\/www.hireimmigrantsottawa.ca\/wp-content\/uploads\/2013\/10\/AlbertaLawson1.jpg\" \/>\n\t<meta property=\"og:image:width\" content=\"250\" \/>\n\t<meta property=\"og:image:height\" content=\"232\" \/>\n\t<meta property=\"og:image:type\" content=\"image\/jpeg\" \/>\n<meta name=\"twitter:card\" content=\"summary_large_image\" \/>\n<meta name=\"twitter:site\" content=\"@HireImmOttawa\" \/>\n<meta name=\"twitter:label1\" content=\"Dur\u00e9e de lecture estim\u00e9e\" \/>\n\t<meta name=\"twitter:data1\" content=\"2 minutes\" \/>\n<script type=\"application\/ld+json\" class=\"yoast-schema-graph\">{\"@context\":\"https:\/\/schema.org\",\"@graph\":[{\"@type\":\"WebPage\",\"@id\":\"https:\/\/www.hireimmigrantsottawa.ca\/fr\/pour-les-employeurs\/histoires-de-reussite\/alberta-lawson-2\/\",\"url\":\"https:\/\/www.hireimmigrantsottawa.ca\/fr\/pour-les-employeurs\/histoires-de-reussite\/alberta-lawson-2\/\",\"name\":\"Alberta Lawson - Hire Immigrants Ottawa\",\"isPartOf\":{\"@id\":\"https:\/\/www.hireimmigrantsottawa.ca\/#website\"},\"primaryImageOfPage\":{\"@id\":\"https:\/\/www.hireimmigrantsottawa.ca\/fr\/pour-les-employeurs\/histoires-de-reussite\/alberta-lawson-2\/#primaryimage\"},\"image\":{\"@id\":\"https:\/\/www.hireimmigrantsottawa.ca\/fr\/pour-les-employeurs\/histoires-de-reussite\/alberta-lawson-2\/#primaryimage\"},\"thumbnailUrl\":\"https:\/\/www.hireimmigrantsottawa.ca\/wp-content\/uploads\/2013\/10\/AlbertaLawson1.jpg\",\"datePublished\":\"2013-10-09T17:20:42+00:00\",\"dateModified\":\"2015-06-11T13:37:42+00:00\",\"breadcrumb\":{\"@id\":\"https:\/\/www.hireimmigrantsottawa.ca\/fr\/pour-les-employeurs\/histoires-de-reussite\/alberta-lawson-2\/#breadcrumb\"},\"inLanguage\":\"fr-FR\",\"potentialAction\":[{\"@type\":\"ReadAction\",\"target\":[\"https:\/\/www.hireimmigrantsottawa.ca\/fr\/pour-les-employeurs\/histoires-de-reussite\/alberta-lawson-2\/\"]}]},{\"@type\":\"ImageObject\",\"inLanguage\":\"fr-FR\",\"@id\":\"https:\/\/www.hireimmigrantsottawa.ca\/fr\/pour-les-employeurs\/histoires-de-reussite\/alberta-lawson-2\/#primaryimage\",\"url\":\"https:\/\/www.hireimmigrantsottawa.ca\/wp-content\/uploads\/2013\/10\/AlbertaLawson1.jpg\",\"contentUrl\":\"https:\/\/www.hireimmigrantsottawa.ca\/wp-content\/uploads\/2013\/10\/AlbertaLawson1.jpg\",\"width\":250,\"height\":232,\"caption\":\"ALBERTA LAWSON Senior Personal Banking Officer, Scotiabank\"},{\"@type\":\"BreadcrumbList\",\"@id\":\"https:\/\/www.hireimmigrantsottawa.ca\/fr\/pour-les-employeurs\/histoires-de-reussite\/alberta-lawson-2\/#breadcrumb\",\"itemListElement\":[{\"@type\":\"ListItem\",\"position\":1,\"name\":\"Home\",\"item\":\"https:\/\/www.hireimmigrantsottawa.ca\/\"},{\"@type\":\"ListItem\",\"position\":2,\"name\":\"Pour les employeurs\",\"item\":\"https:\/\/www.hireimmigrantsottawa.ca\/fr\/pour-les-employeurs\/\"},{\"@type\":\"ListItem\",\"position\":3,\"name\":\"Histoires de r\u00e9ussite\",\"item\":\"https:\/\/www.hireimmigrantsottawa.ca\/fr\/pour-les-employeurs\/histoires-de-reussite\/\"},{\"@type\":\"ListItem\",\"position\":4,\"name\":\"Alberta Lawson\"}]},{\"@type\":\"WebSite\",\"@id\":\"https:\/\/www.hireimmigrantsottawa.ca\/#website\",\"url\":\"https:\/\/www.hireimmigrantsottawa.ca\/\",\"name\":\"Hire Immigrants Ottawa\",\"description\":\"increases the capacity of employers to attract and integrate skilled immigrants\",\"publisher\":{\"@id\":\"https:\/\/www.hireimmigrantsottawa.ca\/#organization\"},\"potentialAction\":[{\"@type\":\"SearchAction\",\"target\":{\"@type\":\"EntryPoint\",\"urlTemplate\":\"https:\/\/www.hireimmigrantsottawa.ca\/?s={search_term_string}\"},\"query-input\":{\"@type\":\"PropertyValueSpecification\",\"valueRequired\":true,\"valueName\":\"search_term_string\"}}],\"inLanguage\":\"fr-FR\"},{\"@type\":\"Organization\",\"@id\":\"https:\/\/www.hireimmigrantsottawa.ca\/#organization\",\"name\":\"Hire Immigrants Ottawa\",\"url\":\"https:\/\/www.hireimmigrantsottawa.ca\/\",\"logo\":{\"@type\":\"ImageObject\",\"inLanguage\":\"fr-FR\",\"@id\":\"https:\/\/www.hireimmigrantsottawa.ca\/#\/schema\/logo\/image\/\",\"url\":\"https:\/\/www.hireimmigrantsottawa.ca\/wp-content\/uploads\/2023\/10\/hio-logo_bow_EN_web.png\",\"contentUrl\":\"https:\/\/www.hireimmigrantsottawa.ca\/wp-content\/uploads\/2023\/10\/hio-logo_bow_EN_web.png\",\"width\":745,\"height\":160,\"caption\":\"Hire Immigrants Ottawa\"},\"image\":{\"@id\":\"https:\/\/www.hireimmigrantsottawa.ca\/#\/schema\/logo\/image\/\"},\"sameAs\":[\"https:\/\/x.com\/HireImmOttawa\",\"https:\/\/www.youtube.com\/user\/hireimmigrantsottawa\"]}]}<\/script>\n<!-- \/ Yoast SEO plugin. -->","yoast_head_json":{"title":"Alberta Lawson - Hire Immigrants Ottawa","robots":{"index":"index","follow":"follow","max-snippet":"max-snippet:-1","max-image-preview":"max-image-preview:large","max-video-preview":"max-video-preview:-1"},"canonical":"https:\/\/www.hireimmigrantsottawa.ca\/fr\/pour-les-employeurs\/histoires-de-reussite\/alberta-lawson-2\/","og_locale":"fr_FR","og_type":"article","og_title":"Alberta Lawson - Hire Immigrants Ottawa","og_description":"Alberta a tout de suite ador\u00e9 le Canada, depuis qu\u2019elle est venue terminer une ma\u00eetrise en gestion publique \u00e0 l\u2019Universit\u00e9 Carleton en 1997. En 2003, alors qu\u2019elle cherchait \u00e0 prendre [&hellip;]","og_url":"https:\/\/www.hireimmigrantsottawa.ca\/fr\/pour-les-employeurs\/histoires-de-reussite\/alberta-lawson-2\/","og_site_name":"Hire Immigrants Ottawa","article_modified_time":"2015-06-11T13:37:42+00:00","og_image":[{"width":250,"height":232,"url":"https:\/\/www.hireimmigrantsottawa.ca\/wp-content\/uploads\/2013\/10\/AlbertaLawson1.jpg","type":"image\/jpeg"}],"twitter_card":"summary_large_image","twitter_site":"@HireImmOttawa","twitter_misc":{"Dur\u00e9e de lecture estim\u00e9e":"2 minutes"},"schema":{"@context":"https:\/\/schema.org","@graph":[{"@type":"WebPage","@id":"https:\/\/www.hireimmigrantsottawa.ca\/fr\/pour-les-employeurs\/histoires-de-reussite\/alberta-lawson-2\/","url":"https:\/\/www.hireimmigrantsottawa.ca\/fr\/pour-les-employeurs\/histoires-de-reussite\/alberta-lawson-2\/","name":"Alberta Lawson - Hire Immigrants Ottawa","isPartOf":{"@id":"https:\/\/www.hireimmigrantsottawa.ca\/#website"},"primaryImageOfPage":{"@id":"https:\/\/www.hireimmigrantsottawa.ca\/fr\/pour-les-employeurs\/histoires-de-reussite\/alberta-lawson-2\/#primaryimage"},"image":{"@id":"https:\/\/www.hireimmigrantsottawa.ca\/fr\/pour-les-employeurs\/histoires-de-reussite\/alberta-lawson-2\/#primaryimage"},"thumbnailUrl":"https:\/\/www.hireimmigrantsottawa.ca\/wp-content\/uploads\/2013\/10\/AlbertaLawson1.jpg","datePublished":"2013-10-09T17:20:42+00:00","dateModified":"2015-06-11T13:37:42+00:00","breadcrumb":{"@id":"https:\/\/www.hireimmigrantsottawa.ca\/fr\/pour-les-employeurs\/histoires-de-reussite\/alberta-lawson-2\/#breadcrumb"},"inLanguage":"fr-FR","potentialAction":[{"@type":"ReadAction","target":["https:\/\/www.hireimmigrantsottawa.ca\/fr\/pour-les-employeurs\/histoires-de-reussite\/alberta-lawson-2\/"]}]},{"@type":"ImageObject","inLanguage":"fr-FR","@id":"https:\/\/www.hireimmigrantsottawa.ca\/fr\/pour-les-employeurs\/histoires-de-reussite\/alberta-lawson-2\/#primaryimage","url":"https:\/\/www.hireimmigrantsottawa.ca\/wp-content\/uploads\/2013\/10\/AlbertaLawson1.jpg","contentUrl":"https:\/\/www.hireimmigrantsottawa.ca\/wp-content\/uploads\/2013\/10\/AlbertaLawson1.jpg","width":250,"height":232,"caption":"ALBERTA LAWSON Senior Personal Banking Officer, Scotiabank"},{"@type":"BreadcrumbList","@id":"https:\/\/www.hireimmigrantsottawa.ca\/fr\/pour-les-employeurs\/histoires-de-reussite\/alberta-lawson-2\/#breadcrumb","itemListElement":[{"@type":"ListItem","position":1,"name":"Home","item":"https:\/\/www.hireimmigrantsottawa.ca\/"},{"@type":"ListItem","position":2,"name":"Pour les employeurs","item":"https:\/\/www.hireimmigrantsottawa.ca\/fr\/pour-les-employeurs\/"},{"@type":"ListItem","position":3,"name":"Histoires de r\u00e9ussite","item":"https:\/\/www.hireimmigrantsottawa.ca\/fr\/pour-les-employeurs\/histoires-de-reussite\/"},{"@type":"ListItem","position":4,"name":"Alberta Lawson"}]},{"@type":"WebSite","@id":"https:\/\/www.hireimmigrantsottawa.ca\/#website","url":"https:\/\/www.hireimmigrantsottawa.ca\/","name":"Hire Immigrants Ottawa","description":"increases the capacity of employers to attract and integrate skilled immigrants","publisher":{"@id":"https:\/\/www.hireimmigrantsottawa.ca\/#organization"},"potentialAction":[{"@type":"SearchAction","target":{"@type":"EntryPoint","urlTemplate":"https:\/\/www.hireimmigrantsottawa.ca\/?s={search_term_string}"},"query-input":{"@type":"PropertyValueSpecification","valueRequired":true,"valueName":"search_term_string"}}],"inLanguage":"fr-FR"},{"@type":"Organization","@id":"https:\/\/www.hireimmigrantsottawa.ca\/#organization","name":"Hire Immigrants Ottawa","url":"https:\/\/www.hireimmigrantsottawa.ca\/","logo":{"@type":"ImageObject","inLanguage":"fr-FR","@id":"https:\/\/www.hireimmigrantsottawa.ca\/#\/schema\/logo\/image\/","url":"https:\/\/www.hireimmigrantsottawa.ca\/wp-content\/uploads\/2023\/10\/hio-logo_bow_EN_web.png","contentUrl":"https:\/\/www.hireimmigrantsottawa.ca\/wp-content\/uploads\/2023\/10\/hio-logo_bow_EN_web.png","width":745,"height":160,"caption":"Hire Immigrants Ottawa"},"image":{"@id":"https:\/\/www.hireimmigrantsottawa.ca\/#\/schema\/logo\/image\/"},"sameAs":["https:\/\/x.com\/HireImmOttawa","https:\/\/www.youtube.com\/user\/hireimmigrantsottawa"]}]}},"_links":{"self":[{"href":"https:\/\/www.hireimmigrantsottawa.ca\/fr\/wp-json\/wp\/v2\/pages\/655","targetHints":{"allow":["GET"]}}],"collection":[{"href":"https:\/\/www.hireimmigrantsottawa.ca\/fr\/wp-json\/wp\/v2\/pages"}],"about":[{"href":"https:\/\/www.hireimmigrantsottawa.ca\/fr\/wp-json\/wp\/v2\/types\/page"}],"author":[{"embeddable":true,"href":"https:\/\/www.hireimmigrantsottawa.ca\/fr\/wp-json\/wp\/v2\/users\/12"}],"replies":[{"embeddable":true,"href":"https:\/\/www.hireimmigrantsottawa.ca\/fr\/wp-json\/wp\/v2\/comments?post=655"}],"version-history":[{"count":2,"href":"https:\/\/www.hireimmigrantsottawa.ca\/fr\/wp-json\/wp\/v2\/pages\/655\/revisions"}],"predecessor-version":[{"id":3029,"href":"https:\/\/www.hireimmigrantsottawa.ca\/fr\/wp-json\/wp\/v2\/pages\/655\/revisions\/3029"}],"up":[{"embeddable":true,"href":"https:\/\/www.hireimmigrantsottawa.ca\/fr\/wp-json\/wp\/v2\/pages\/199"}],"wp:featuredmedia":[{"embeddable":true,"href":"https:\/\/www.hireimmigrantsottawa.ca\/fr\/wp-json\/wp\/v2\/media\/656"}],"wp:attachment":[{"href":"https:\/\/www.hireimmigrantsottawa.ca\/fr\/wp-json\/wp\/v2\/media?parent=655"}],"curies":[{"name":"wp","href":"https:\/\/api.w.org\/{rel}","templated":true}]}}