{"id":643,"date":"2013-10-09T17:13:43","date_gmt":"2013-10-09T17:13:43","guid":{"rendered":"http:\/\/www.hireimmigrantsottawa.ca\/?page_id=643"},"modified":"2013-10-09T17:13:43","modified_gmt":"2013-10-09T17:13:43","slug":"ghadeer-abou-shakra","status":"publish","type":"page","link":"https:\/\/www.hireimmigrantsottawa.ca\/fr\/pour-les-employeurs\/histoires-de-reussite\/ghadeer-abou-shakra\/","title":{"rendered":"Ghadeer Abou-Shakra"},"content":{"rendered":"<p>Avec un dipl\u00f4me universitaire, une exp\u00e9rience en TI et de bonnes connaissances de l\u2019anglais, Ghadeer Abou-Shakra \u00e9tait certaine de pouvoir d\u00e9crocher assez rapidement un emploi dans son domaine, \u00e0 Ottawa.\u00a0 Les choses ne devaient pas se passer de cette fa\u00e7on.\u00a0 La plupart des employeurs d\u2019Ottawa exigeaient le bilinguisme (anglais\/fran\u00e7ais), une exp\u00e9rience de travail au Canada et des r\u00e9f\u00e9rences.\u00a0 Incapable de trouver un poste correspondant \u00e0 son exp\u00e9rience et \u00e0 son \u00e9ducation, elle a du accepter un poste de survie dans un centre d\u2019appels local.<\/p>\n<p>Ghadeer d\u00e9tient un baccalaur\u00e9at en sciences informatiques de l\u2019Universit\u00e9 Al-Azhar de Gaza. Apr\u00e8s son arriv\u00e9e au Canada, elle a obtenu un certificat de maitrise en analyse commerciale de la\u00a0<em>Sprott School of Business<\/em>\u00a0de l\u2019Universit\u00e9 Carleton. L\u2019exp\u00e9rience de travail de Ghadeer \u00e0 l\u2019\u00e9tranger comprend des postes de gestionnaire dans des entreprises mondiales telles que DHL et UPS.<\/p>\n<p>Pour l\u2019aider \u00e0 am\u00e9liorer ses perspectives d\u2019emploi, Ghadeer a pris part \u00e0 des ateliers de recherche d\u2019emploi \u00e0 LASI Comp\u00e9tences mondiales.\u00a0 Par l\u2019entremise de LASI, elle a eu l\u2019occasion de pr\u00e9senter une demande au Programme pilote d\u2019internat pour les immigrants (IIPP) de Ressources humaines et d\u00e9veloppement des comp\u00e9tences Canada (RHDCC).\u00a0 Elle\u00a0 \u00e9t\u00e9 embauch\u00e9e comme analyste par l\u2019unit\u00e9 de Reconnaissance des titres de comp\u00e9tences \u00e9trangers de RHDCC.<\/p>\n<p>L\u2019internat IIPP \u00e0 RHDCC a donn\u00e9 \u00e0 Ghadeer une exp\u00e9rience canadienne de travail incomparable, et l\u2019a mise en contact avec un r\u00e9seau local.\u00a0 Ce r\u00e9seau comprend un mentor, qui l\u2019a aid\u00e9 \u00e0 faire la transition et \u00e0 comprendre son milieu de travail canadien, tout en lui fournissant une r\u00e9f\u00e9rence locale.\u00a0\u00a0 Cette relation de mentorat s\u2019est poursuivie apr\u00e8s qu\u2019elle eut compl\u00e9t\u00e9 le programme IIPP.\u00a0 Gr\u00e2ce au programme de mentorat, Ghadeer a appris \u00e0 mieux conna\u00eetre le processus de demande d\u2019emploi aupr\u00e8s du gouvernement f\u00e9d\u00e9ral, et poss\u00e8de maintenant une habilitation de s\u00e9curit\u00e9 valide, toujours pratique pour pr\u00e9senter une demande d\u2019emploi aupr\u00e8s de la fonction publique f\u00e9d\u00e9rale.<\/p>\n<p>\u00c0 la suite de son internat, Ghadeer a \u00e9t\u00e9 embauch\u00e9e comme analyste commercial au sein d\u2019un minist\u00e8re f\u00e9d\u00e9ral, ici \u00e0 Ottawa.<\/p>\n<p>&nbsp;<\/p>\n","protected":false},"excerpt":{"rendered":"<p>Avec un dipl\u00f4me universitaire, une exp\u00e9rience en TI et de bonnes connaissances de l\u2019anglais, Ghadeer Abou-Shakra \u00e9tait certaine de pouvoir d\u00e9crocher assez rapidement un emploi dans son domaine, \u00e0 Ottawa.\u00a0 [&hellip;]<\/p>\n","protected":false},"author":12,"featured_media":0,"parent":199,"menu_order":0,"comment_status":"open","ping_status":"closed","template":"employers.php","meta":{"_exactmetrics_skip_tracking":false,"_exactmetrics_sitenote_active":false,"_exactmetrics_sitenote_note":"","_exactmetrics_sitenote_category":0,"footnotes":"","_links_to":"","_links_to_target":""},"class_list":["post-643","page","type-page","status-publish","hentry"],"yoast_head":"<!-- This site is optimized with the Yoast SEO plugin v27.2 - https:\/\/yoast.com\/product\/yoast-seo-wordpress\/ -->\n<title>Ghadeer Abou-Shakra - Hire Immigrants Ottawa<\/title>\n<meta name=\"robots\" content=\"index, follow, max-snippet:-1, max-image-preview:large, max-video-preview:-1\" \/>\n<link rel=\"canonical\" href=\"https:\/\/www.hireimmigrantsottawa.ca\/fr\/pour-les-employeurs\/histoires-de-reussite\/ghadeer-abou-shakra\/\" \/>\n<meta property=\"og:locale\" content=\"fr_FR\" \/>\n<meta property=\"og:type\" content=\"article\" \/>\n<meta property=\"og:title\" content=\"Ghadeer Abou-Shakra - Hire Immigrants Ottawa\" \/>\n<meta property=\"og:description\" content=\"Avec un dipl\u00f4me universitaire, une exp\u00e9rience en TI et de bonnes connaissances de l\u2019anglais, Ghadeer Abou-Shakra \u00e9tait certaine de pouvoir d\u00e9crocher assez rapidement un emploi dans son domaine, \u00e0 Ottawa.\u00a0 [&hellip;]\" \/>\n<meta property=\"og:url\" content=\"https:\/\/www.hireimmigrantsottawa.ca\/fr\/pour-les-employeurs\/histoires-de-reussite\/ghadeer-abou-shakra\/\" \/>\n<meta property=\"og:site_name\" content=\"Hire Immigrants Ottawa\" \/>\n<meta property=\"og:image\" content=\"https:\/\/www.hireimmigrantsottawa.ca\/wp-content\/uploads\/2017\/02\/hio-screenshot.png\" \/>\n\t<meta property=\"og:image:width\" content=\"781\" \/>\n\t<meta property=\"og:image:height\" content=\"429\" \/>\n\t<meta property=\"og:image:type\" content=\"image\/png\" \/>\n<meta name=\"twitter:card\" content=\"summary_large_image\" \/>\n<meta name=\"twitter:site\" content=\"@HireImmOttawa\" \/>\n<meta name=\"twitter:label1\" content=\"Dur\u00e9e de lecture estim\u00e9e\" \/>\n\t<meta name=\"twitter:data1\" content=\"2 minutes\" \/>\n<script type=\"application\/ld+json\" class=\"yoast-schema-graph\">{\"@context\":\"https:\/\/schema.org\",\"@graph\":[{\"@type\":\"WebPage\",\"@id\":\"https:\/\/www.hireimmigrantsottawa.ca\/fr\/pour-les-employeurs\/histoires-de-reussite\/ghadeer-abou-shakra\/\",\"url\":\"https:\/\/www.hireimmigrantsottawa.ca\/fr\/pour-les-employeurs\/histoires-de-reussite\/ghadeer-abou-shakra\/\",\"name\":\"Ghadeer Abou-Shakra - Hire Immigrants Ottawa\",\"isPartOf\":{\"@id\":\"https:\/\/www.hireimmigrantsottawa.ca\/#website\"},\"datePublished\":\"2013-10-09T17:13:43+00:00\",\"breadcrumb\":{\"@id\":\"https:\/\/www.hireimmigrantsottawa.ca\/fr\/pour-les-employeurs\/histoires-de-reussite\/ghadeer-abou-shakra\/#breadcrumb\"},\"inLanguage\":\"fr-FR\",\"potentialAction\":[{\"@type\":\"ReadAction\",\"target\":[\"https:\/\/www.hireimmigrantsottawa.ca\/fr\/pour-les-employeurs\/histoires-de-reussite\/ghadeer-abou-shakra\/\"]}]},{\"@type\":\"BreadcrumbList\",\"@id\":\"https:\/\/www.hireimmigrantsottawa.ca\/fr\/pour-les-employeurs\/histoires-de-reussite\/ghadeer-abou-shakra\/#breadcrumb\",\"itemListElement\":[{\"@type\":\"ListItem\",\"position\":1,\"name\":\"Home\",\"item\":\"https:\/\/www.hireimmigrantsottawa.ca\/\"},{\"@type\":\"ListItem\",\"position\":2,\"name\":\"Pour les employeurs\",\"item\":\"https:\/\/www.hireimmigrantsottawa.ca\/fr\/pour-les-employeurs\/\"},{\"@type\":\"ListItem\",\"position\":3,\"name\":\"Histoires de r\u00e9ussite\",\"item\":\"https:\/\/www.hireimmigrantsottawa.ca\/fr\/pour-les-employeurs\/histoires-de-reussite\/\"},{\"@type\":\"ListItem\",\"position\":4,\"name\":\"Ghadeer Abou-Shakra\"}]},{\"@type\":\"WebSite\",\"@id\":\"https:\/\/www.hireimmigrantsottawa.ca\/#website\",\"url\":\"https:\/\/www.hireimmigrantsottawa.ca\/\",\"name\":\"Hire Immigrants Ottawa\",\"description\":\"increases the capacity of employers to attract and integrate skilled immigrants\",\"publisher\":{\"@id\":\"https:\/\/www.hireimmigrantsottawa.ca\/#organization\"},\"potentialAction\":[{\"@type\":\"SearchAction\",\"target\":{\"@type\":\"EntryPoint\",\"urlTemplate\":\"https:\/\/www.hireimmigrantsottawa.ca\/?s={search_term_string}\"},\"query-input\":{\"@type\":\"PropertyValueSpecification\",\"valueRequired\":true,\"valueName\":\"search_term_string\"}}],\"inLanguage\":\"fr-FR\"},{\"@type\":\"Organization\",\"@id\":\"https:\/\/www.hireimmigrantsottawa.ca\/#organization\",\"name\":\"Hire Immigrants Ottawa\",\"url\":\"https:\/\/www.hireimmigrantsottawa.ca\/\",\"logo\":{\"@type\":\"ImageObject\",\"inLanguage\":\"fr-FR\",\"@id\":\"https:\/\/www.hireimmigrantsottawa.ca\/#\/schema\/logo\/image\/\",\"url\":\"https:\/\/www.hireimmigrantsottawa.ca\/wp-content\/uploads\/2023\/10\/hio-logo_bow_EN_web.png\",\"contentUrl\":\"https:\/\/www.hireimmigrantsottawa.ca\/wp-content\/uploads\/2023\/10\/hio-logo_bow_EN_web.png\",\"width\":745,\"height\":160,\"caption\":\"Hire Immigrants Ottawa\"},\"image\":{\"@id\":\"https:\/\/www.hireimmigrantsottawa.ca\/#\/schema\/logo\/image\/\"},\"sameAs\":[\"https:\/\/x.com\/HireImmOttawa\",\"https:\/\/www.youtube.com\/user\/hireimmigrantsottawa\"]}]}<\/script>\n<!-- \/ Yoast SEO plugin. -->","yoast_head_json":{"title":"Ghadeer Abou-Shakra - Hire Immigrants Ottawa","robots":{"index":"index","follow":"follow","max-snippet":"max-snippet:-1","max-image-preview":"max-image-preview:large","max-video-preview":"max-video-preview:-1"},"canonical":"https:\/\/www.hireimmigrantsottawa.ca\/fr\/pour-les-employeurs\/histoires-de-reussite\/ghadeer-abou-shakra\/","og_locale":"fr_FR","og_type":"article","og_title":"Ghadeer Abou-Shakra - Hire Immigrants Ottawa","og_description":"Avec un dipl\u00f4me universitaire, une exp\u00e9rience en TI et de bonnes connaissances de l\u2019anglais, Ghadeer Abou-Shakra \u00e9tait certaine de pouvoir d\u00e9crocher assez rapidement un emploi dans son domaine, \u00e0 Ottawa.\u00a0 [&hellip;]","og_url":"https:\/\/www.hireimmigrantsottawa.ca\/fr\/pour-les-employeurs\/histoires-de-reussite\/ghadeer-abou-shakra\/","og_site_name":"Hire Immigrants Ottawa","og_image":[{"width":781,"height":429,"url":"https:\/\/www.hireimmigrantsottawa.ca\/wp-content\/uploads\/2017\/02\/hio-screenshot.png","type":"image\/png"}],"twitter_card":"summary_large_image","twitter_site":"@HireImmOttawa","twitter_misc":{"Dur\u00e9e de lecture estim\u00e9e":"2 minutes"},"schema":{"@context":"https:\/\/schema.org","@graph":[{"@type":"WebPage","@id":"https:\/\/www.hireimmigrantsottawa.ca\/fr\/pour-les-employeurs\/histoires-de-reussite\/ghadeer-abou-shakra\/","url":"https:\/\/www.hireimmigrantsottawa.ca\/fr\/pour-les-employeurs\/histoires-de-reussite\/ghadeer-abou-shakra\/","name":"Ghadeer Abou-Shakra - Hire Immigrants Ottawa","isPartOf":{"@id":"https:\/\/www.hireimmigrantsottawa.ca\/#website"},"datePublished":"2013-10-09T17:13:43+00:00","breadcrumb":{"@id":"https:\/\/www.hireimmigrantsottawa.ca\/fr\/pour-les-employeurs\/histoires-de-reussite\/ghadeer-abou-shakra\/#breadcrumb"},"inLanguage":"fr-FR","potentialAction":[{"@type":"ReadAction","target":["https:\/\/www.hireimmigrantsottawa.ca\/fr\/pour-les-employeurs\/histoires-de-reussite\/ghadeer-abou-shakra\/"]}]},{"@type":"BreadcrumbList","@id":"https:\/\/www.hireimmigrantsottawa.ca\/fr\/pour-les-employeurs\/histoires-de-reussite\/ghadeer-abou-shakra\/#breadcrumb","itemListElement":[{"@type":"ListItem","position":1,"name":"Home","item":"https:\/\/www.hireimmigrantsottawa.ca\/"},{"@type":"ListItem","position":2,"name":"Pour les employeurs","item":"https:\/\/www.hireimmigrantsottawa.ca\/fr\/pour-les-employeurs\/"},{"@type":"ListItem","position":3,"name":"Histoires de r\u00e9ussite","item":"https:\/\/www.hireimmigrantsottawa.ca\/fr\/pour-les-employeurs\/histoires-de-reussite\/"},{"@type":"ListItem","position":4,"name":"Ghadeer Abou-Shakra"}]},{"@type":"WebSite","@id":"https:\/\/www.hireimmigrantsottawa.ca\/#website","url":"https:\/\/www.hireimmigrantsottawa.ca\/","name":"Hire Immigrants Ottawa","description":"increases the capacity of employers to attract and integrate skilled immigrants","publisher":{"@id":"https:\/\/www.hireimmigrantsottawa.ca\/#organization"},"potentialAction":[{"@type":"SearchAction","target":{"@type":"EntryPoint","urlTemplate":"https:\/\/www.hireimmigrantsottawa.ca\/?s={search_term_string}"},"query-input":{"@type":"PropertyValueSpecification","valueRequired":true,"valueName":"search_term_string"}}],"inLanguage":"fr-FR"},{"@type":"Organization","@id":"https:\/\/www.hireimmigrantsottawa.ca\/#organization","name":"Hire Immigrants Ottawa","url":"https:\/\/www.hireimmigrantsottawa.ca\/","logo":{"@type":"ImageObject","inLanguage":"fr-FR","@id":"https:\/\/www.hireimmigrantsottawa.ca\/#\/schema\/logo\/image\/","url":"https:\/\/www.hireimmigrantsottawa.ca\/wp-content\/uploads\/2023\/10\/hio-logo_bow_EN_web.png","contentUrl":"https:\/\/www.hireimmigrantsottawa.ca\/wp-content\/uploads\/2023\/10\/hio-logo_bow_EN_web.png","width":745,"height":160,"caption":"Hire Immigrants Ottawa"},"image":{"@id":"https:\/\/www.hireimmigrantsottawa.ca\/#\/schema\/logo\/image\/"},"sameAs":["https:\/\/x.com\/HireImmOttawa","https:\/\/www.youtube.com\/user\/hireimmigrantsottawa"]}]}},"_links":{"self":[{"href":"https:\/\/www.hireimmigrantsottawa.ca\/fr\/wp-json\/wp\/v2\/pages\/643","targetHints":{"allow":["GET"]}}],"collection":[{"href":"https:\/\/www.hireimmigrantsottawa.ca\/fr\/wp-json\/wp\/v2\/pages"}],"about":[{"href":"https:\/\/www.hireimmigrantsottawa.ca\/fr\/wp-json\/wp\/v2\/types\/page"}],"author":[{"embeddable":true,"href":"https:\/\/www.hireimmigrantsottawa.ca\/fr\/wp-json\/wp\/v2\/users\/12"}],"replies":[{"embeddable":true,"href":"https:\/\/www.hireimmigrantsottawa.ca\/fr\/wp-json\/wp\/v2\/comments?post=643"}],"version-history":[{"count":1,"href":"https:\/\/www.hireimmigrantsottawa.ca\/fr\/wp-json\/wp\/v2\/pages\/643\/revisions"}],"predecessor-version":[{"id":645,"href":"https:\/\/www.hireimmigrantsottawa.ca\/fr\/wp-json\/wp\/v2\/pages\/643\/revisions\/645"}],"up":[{"embeddable":true,"href":"https:\/\/www.hireimmigrantsottawa.ca\/fr\/wp-json\/wp\/v2\/pages\/199"}],"wp:attachment":[{"href":"https:\/\/www.hireimmigrantsottawa.ca\/fr\/wp-json\/wp\/v2\/media?parent=643"}],"curies":[{"name":"wp","href":"https:\/\/api.w.org\/{rel}","templated":true}]}}