{"id":636,"date":"2013-10-09T17:10:02","date_gmt":"2013-10-09T17:10:02","guid":{"rendered":"http:\/\/www.hireimmigrantsottawa.ca\/?page_id=636"},"modified":"2013-10-09T17:10:02","modified_gmt":"2013-10-09T17:10:02","slug":"les-services-de-sante-gem","status":"publish","type":"page","link":"https:\/\/www.hireimmigrantsottawa.ca\/fr\/pour-les-employeurs\/histoires-de-reussite\/les-services-de-sante-gem\/","title":{"rendered":"les Services de sant\u00e9 GEM"},"content":{"rendered":"<p><a href=\"http:\/\/www.gemhealthcare.com\/\" target=\"_blank\"><br \/>\n<img decoding=\"async\" style=\"border: 0px;\" alt=\"\" src=\"http:\/\/www.hireimmigrantsottawa.ca\/wp-content\/uploads\/2013\/10\/GEM_logo.jpg\" width=\"250\" height=\"80\" border=\"0\" \/><\/a><\/p>\n<p>Le visage d&rsquo;Ottawa change et continue de changer \u2014 de pair avec les\u00a0<a href=\"http:\/\/www.gemhealthcare.com\/\" target=\"_blank\">Services de sant\u00e9 GEM<\/a>. Au cours des quelques prochaines ann\u00e9es, la croissance nette des effectifs de notre ville sera attribuable aux immigrants, et GEM est d\u00e9j\u00e0 t\u00e9moin de ce ph\u00e9nom\u00e8ne au sein de ses effectifs depuis la fondation de l\u2019organisation il y a un peu plus de 16 ans.<br \/>\n\u00ab Notre entreprise convient bien aux immigrants \u00bb, explique Gaye Moffett, pr\u00e9sidente de Services de sant\u00e9 GEM. \u00ab Ils viennent ici en ayant des comp\u00e9tences, et ils se rendent compte que le secteur des soins de sant\u00e9 repr\u00e9sente pour eux une excellente occasion de carri\u00e8re. \u00bb<br \/>\n\u00ab GEM est tr\u00e8s respect\u00e9 dans la communaut\u00e9 des immigrants \u00bb, explique Mme Moffett avec fiert\u00e9. \u00ab Nous sommes reconnus comme employeur accueillant pour les immigrants, mais nous apprenons aussi \u00e9norm\u00e9ment des diff\u00e9rents besoins culturels de nos clients de la part de nos employ\u00e9s. C&rsquo;est une situation gagnante pour tout le monde. \u00bb<br \/>\nL&rsquo;histoire d&rsquo;Asli Ahmed est un bon exemple de l&rsquo;engagement de GEM \u00e0 b\u00e2tir la diversit\u00e9 au sein de ses effectifs. Immigrante somalienne, Mme Ahmed a occup\u00e9 une s\u00e9rie de diff\u00e9rents emplois temporaires avant d&rsquo;entrer aux Services de sant\u00e9 GEM.<br \/>\n<a id=\"asli\" name=\"asli\"><\/a>Elle a d\u00e9but\u00e9 comme travailleuse personnelle de soutien (TPS) aupr\u00e8s de GEM. Son employeur, reconnaissant et appr\u00e9ciant les comp\u00e9tences et l&rsquo;\u00e9thique de travail qu&rsquo;elle contribuait au milieu, lui a \u00e9ventuellement offert un r\u00f4le comportant plus de responsabilit\u00e9s : coordonnatrice au bureau chef. Quand Mme Ahmed a d\u00e9cid\u00e9 qu&rsquo;elle souhaitait \u00e9galement am\u00e9liorer ses comp\u00e9tences en soins infirmiers, elle s&rsquo;est inscrite au St. Lawrence College de Brockville. Sans se laisser d\u00e9courager par le long trajet ou par les d\u00e9fis, elle a continu\u00e9 de travailler \u00e0 temps partiel les soirs et les fins de semaines, tout en \u00e9tant m\u00e8re \u00e0 plein temps et en fr\u00e9quentant l&rsquo;\u00e9cole les jours de semaines.<img decoding=\"async\" style=\"margin: 10px;\" alt=\"\" src=\"http:\/\/www.hireimmigrantsottawa.ca\/wp-content\/uploads\/2013\/10\/Asli.jpg\" width=\"200\" height=\"186\" align=\"right\" hspace=\"10\" vspace=\"10\" \/><br \/>\nSon travail acharn\u00e9 et sa d\u00e9termination ont rapport\u00e9 gros. Aujourd&rsquo;hui, elle est infirmi\u00e8re auxiliaire autoris\u00e9e pour les Services de sant\u00e9 GEM. Elle forme maintenant d&rsquo;autres TPS, en leur transmettant son exp\u00e9rience et les connaissances qu\u2019elle a acquises \u00e0 l&rsquo;\u00e9poque o\u00f9 elle occupait ce poste. Mme Ahmed se retrouve maintenant au m\u00eame niveau qu\u2019elle l\u2019\u00e9tait dans son pays d\u2019origine.<br \/>\nPour elle, GEM est l&#8217;employeur parfait. La compagnie lui a donn\u00e9 la flexibilit\u00e9 dont elle avait besoin pour poursuivre ses \u00e9tudes et r\u00e9aliser ses objectifs de carri\u00e8re, accommoder son horaire de travail, prendre des cours de langue &#8211; en d&rsquo;autres mots, tout ce qui \u00e9tait n\u00e9cessaire \u00e0 la reconnaissance de son potentiel comme employ\u00e9e.<br \/>\n\u00ab GEM m&rsquo;a procur\u00e9 plusieurs occasions de b\u00e2tir ma carri\u00e8re &#8211; et la chance de travailler pour eux d&rsquo;une fa\u00e7on qui me convienne \u00bb, explique Mme Ahmed.<br \/>\nPour Mme Ahmed, qui est musulmane, il est \u00e9galement important que tout employeur pour lequel elle travaille reconnaisse les diff\u00e9rentes croyances et les diff\u00e9rents besoins culturels de ses employ\u00e9s. \u00ab GEM conna\u00eet les accommodations culturelles n\u00e9cessaires dans le milieu de travail &#8211; et est tr\u00e8s flexible pour ce qui est d&rsquo;accorder aux employ\u00e9s du temps libre pour observer leur religion et leur culture \u00bb, dit-elle.<br \/>\nLa politique de portes ouvertes de GEM signifie plus que de simplement accueillir les immigrants qui cherchent un emploi. Elle aide les employ\u00e9s \u00e0 s&rsquo;int\u00e9grer au milieu de travail et \u00e0 la communaut\u00e9 en offrant des cours de fran\u00e7ais et d&rsquo;anglais, en les aidant \u00e0 se pr\u00e9parer au programme de soins infirmiers auxiliaires et en offrant de l&rsquo;aide financi\u00e8re aux employ\u00e9s qui d\u00e9sirent d\u00e9velopper leurs comp\u00e9tences en soins infirmiers par l&rsquo;entremise d&rsquo;une bourse d\u2019\u00e9tudes, et en adaptant continuellement ses pratiques de travail pour accommoder les besoins de ses employ\u00e9s au niveau culturel et religieux. Cela comprend des heures flexibles, afin que le personnel puisse participer \u00e0 des f\u00eates religieuses et organiser des \u00e9changes culturels mensuels dans le but de discuter de leurs propres exp\u00e9riences d&rsquo;int\u00e9gration.<br \/>\nPour GEM, les avantages de ce genre de soutien comportent deux volets. D&rsquo;une part, les employ\u00e9s re\u00e7oivent un coup de main et d&rsquo;autre part, GEM b\u00e9n\u00e9ficie d&#8217;employ\u00e9s heureux et productifs. Pour GEM, cela s&rsquo;est traduit par d&rsquo;excellents b\u00e9n\u00e9fices nets. De plus, les employ\u00e9s sont presque exclusivement recrut\u00e9s \u00e0 l\u2019aide du bouche \u00e0 oreille. Au fil des ann\u00e9es, GEM a rarement du recourir \u00e0 des annonces pour engager du personnel.<br \/>\nUn autre avantage d&#8217;employer des immigrants ayant diff\u00e9rentes croyances et ant\u00e9c\u00e9dents culturels est que GEM peut de plus en plus servir une base de client\u00e8le diversifi\u00e9e &#8211; ses clients peuvent recevoir des soins d&#8217;employ\u00e9s qui partagent la m\u00eame culture et parlent la m\u00eame langue.<br \/>\nLa diversit\u00e9 a \u00e9galement aid\u00e9 GEM \u00e0 explorer des possibilit\u00e9s d&rsquo;expansion, notamment aupr\u00e8s de franchises outre-mer potentielles.<br \/>\nPour ses pratiques exceptionnelles au niveau du recrutement d&rsquo;immigrants qualifi\u00e9s, GEM a re\u00e7u un Prix d&#8217;employeur par excellence d&rsquo;Embauche immigrants Ottawa (EIO). Services de sant\u00e9 GEM est membre du Conseil des employeurs champions de EIO et de son Groupe de travail du secteur des soins de sant\u00e9.<\/p>\n","protected":false},"excerpt":{"rendered":"<p>Le visage d&rsquo;Ottawa change et continue de changer \u2014 de pair avec les\u00a0Services de sant\u00e9 GEM. Au cours des quelques prochaines ann\u00e9es, la croissance nette des effectifs de notre ville [&hellip;]<\/p>\n","protected":false},"author":12,"featured_media":0,"parent":199,"menu_order":0,"comment_status":"open","ping_status":"closed","template":"employers.php","meta":{"_exactmetrics_skip_tracking":false,"_exactmetrics_sitenote_active":false,"_exactmetrics_sitenote_note":"","_exactmetrics_sitenote_category":0,"footnotes":"","_links_to":"","_links_to_target":""},"class_list":["post-636","page","type-page","status-publish","hentry"],"yoast_head":"<!-- This site is optimized with the Yoast SEO plugin v27.2 - https:\/\/yoast.com\/product\/yoast-seo-wordpress\/ -->\n<title>les Services de sant\u00e9 GEM - Hire Immigrants Ottawa<\/title>\n<meta name=\"robots\" content=\"index, follow, max-snippet:-1, max-image-preview:large, max-video-preview:-1\" \/>\n<link rel=\"canonical\" href=\"https:\/\/www.hireimmigrantsottawa.ca\/fr\/pour-les-employeurs\/histoires-de-reussite\/les-services-de-sante-gem\/\" \/>\n<meta property=\"og:locale\" content=\"fr_FR\" \/>\n<meta property=\"og:type\" content=\"article\" \/>\n<meta property=\"og:title\" content=\"les Services de sant\u00e9 GEM - Hire Immigrants Ottawa\" \/>\n<meta property=\"og:description\" content=\"Le visage d&rsquo;Ottawa change et continue de changer \u2014 de pair avec les\u00a0Services de sant\u00e9 GEM. Au cours des quelques prochaines ann\u00e9es, la croissance nette des effectifs de notre ville [&hellip;]\" \/>\n<meta property=\"og:url\" content=\"https:\/\/www.hireimmigrantsottawa.ca\/fr\/pour-les-employeurs\/histoires-de-reussite\/les-services-de-sante-gem\/\" \/>\n<meta property=\"og:site_name\" content=\"Hire Immigrants Ottawa\" \/>\n<meta property=\"og:image\" content=\"http:\/\/www.hireimmigrantsottawa.ca\/wp-content\/uploads\/2013\/10\/GEM_logo.jpg\" \/>\n<meta name=\"twitter:card\" content=\"summary_large_image\" \/>\n<meta name=\"twitter:site\" content=\"@HireImmOttawa\" \/>\n<meta name=\"twitter:label1\" content=\"Dur\u00e9e de lecture estim\u00e9e\" \/>\n\t<meta name=\"twitter:data1\" content=\"4 minutes\" \/>\n<script type=\"application\/ld+json\" class=\"yoast-schema-graph\">{\"@context\":\"https:\/\/schema.org\",\"@graph\":[{\"@type\":\"WebPage\",\"@id\":\"https:\/\/www.hireimmigrantsottawa.ca\/fr\/pour-les-employeurs\/histoires-de-reussite\/les-services-de-sante-gem\/\",\"url\":\"https:\/\/www.hireimmigrantsottawa.ca\/fr\/pour-les-employeurs\/histoires-de-reussite\/les-services-de-sante-gem\/\",\"name\":\"les Services de sant\u00e9 GEM - Hire Immigrants Ottawa\",\"isPartOf\":{\"@id\":\"https:\/\/www.hireimmigrantsottawa.ca\/#website\"},\"primaryImageOfPage\":{\"@id\":\"https:\/\/www.hireimmigrantsottawa.ca\/fr\/pour-les-employeurs\/histoires-de-reussite\/les-services-de-sante-gem\/#primaryimage\"},\"image\":{\"@id\":\"https:\/\/www.hireimmigrantsottawa.ca\/fr\/pour-les-employeurs\/histoires-de-reussite\/les-services-de-sante-gem\/#primaryimage\"},\"thumbnailUrl\":\"http:\/\/www.hireimmigrantsottawa.ca\/wp-content\/uploads\/2013\/10\/GEM_logo.jpg\",\"datePublished\":\"2013-10-09T17:10:02+00:00\",\"breadcrumb\":{\"@id\":\"https:\/\/www.hireimmigrantsottawa.ca\/fr\/pour-les-employeurs\/histoires-de-reussite\/les-services-de-sante-gem\/#breadcrumb\"},\"inLanguage\":\"fr-FR\",\"potentialAction\":[{\"@type\":\"ReadAction\",\"target\":[\"https:\/\/www.hireimmigrantsottawa.ca\/fr\/pour-les-employeurs\/histoires-de-reussite\/les-services-de-sante-gem\/\"]}]},{\"@type\":\"ImageObject\",\"inLanguage\":\"fr-FR\",\"@id\":\"https:\/\/www.hireimmigrantsottawa.ca\/fr\/pour-les-employeurs\/histoires-de-reussite\/les-services-de-sante-gem\/#primaryimage\",\"url\":\"http:\/\/www.hireimmigrantsottawa.ca\/wp-content\/uploads\/2013\/10\/GEM_logo.jpg\",\"contentUrl\":\"http:\/\/www.hireimmigrantsottawa.ca\/wp-content\/uploads\/2013\/10\/GEM_logo.jpg\"},{\"@type\":\"BreadcrumbList\",\"@id\":\"https:\/\/www.hireimmigrantsottawa.ca\/fr\/pour-les-employeurs\/histoires-de-reussite\/les-services-de-sante-gem\/#breadcrumb\",\"itemListElement\":[{\"@type\":\"ListItem\",\"position\":1,\"name\":\"Home\",\"item\":\"https:\/\/www.hireimmigrantsottawa.ca\/\"},{\"@type\":\"ListItem\",\"position\":2,\"name\":\"Pour les employeurs\",\"item\":\"https:\/\/www.hireimmigrantsottawa.ca\/fr\/pour-les-employeurs\/\"},{\"@type\":\"ListItem\",\"position\":3,\"name\":\"Histoires de r\u00e9ussite\",\"item\":\"https:\/\/www.hireimmigrantsottawa.ca\/fr\/pour-les-employeurs\/histoires-de-reussite\/\"},{\"@type\":\"ListItem\",\"position\":4,\"name\":\"les Services de sant\u00e9 GEM\"}]},{\"@type\":\"WebSite\",\"@id\":\"https:\/\/www.hireimmigrantsottawa.ca\/#website\",\"url\":\"https:\/\/www.hireimmigrantsottawa.ca\/\",\"name\":\"Hire Immigrants Ottawa\",\"description\":\"increases the capacity of employers to attract and integrate skilled immigrants\",\"publisher\":{\"@id\":\"https:\/\/www.hireimmigrantsottawa.ca\/#organization\"},\"potentialAction\":[{\"@type\":\"SearchAction\",\"target\":{\"@type\":\"EntryPoint\",\"urlTemplate\":\"https:\/\/www.hireimmigrantsottawa.ca\/?s={search_term_string}\"},\"query-input\":{\"@type\":\"PropertyValueSpecification\",\"valueRequired\":true,\"valueName\":\"search_term_string\"}}],\"inLanguage\":\"fr-FR\"},{\"@type\":\"Organization\",\"@id\":\"https:\/\/www.hireimmigrantsottawa.ca\/#organization\",\"name\":\"Hire Immigrants Ottawa\",\"url\":\"https:\/\/www.hireimmigrantsottawa.ca\/\",\"logo\":{\"@type\":\"ImageObject\",\"inLanguage\":\"fr-FR\",\"@id\":\"https:\/\/www.hireimmigrantsottawa.ca\/#\/schema\/logo\/image\/\",\"url\":\"https:\/\/www.hireimmigrantsottawa.ca\/wp-content\/uploads\/2023\/10\/hio-logo_bow_EN_web.png\",\"contentUrl\":\"https:\/\/www.hireimmigrantsottawa.ca\/wp-content\/uploads\/2023\/10\/hio-logo_bow_EN_web.png\",\"width\":745,\"height\":160,\"caption\":\"Hire Immigrants Ottawa\"},\"image\":{\"@id\":\"https:\/\/www.hireimmigrantsottawa.ca\/#\/schema\/logo\/image\/\"},\"sameAs\":[\"https:\/\/x.com\/HireImmOttawa\",\"https:\/\/www.youtube.com\/user\/hireimmigrantsottawa\"]}]}<\/script>\n<!-- \/ Yoast SEO plugin. -->","yoast_head_json":{"title":"les Services de sant\u00e9 GEM - Hire Immigrants Ottawa","robots":{"index":"index","follow":"follow","max-snippet":"max-snippet:-1","max-image-preview":"max-image-preview:large","max-video-preview":"max-video-preview:-1"},"canonical":"https:\/\/www.hireimmigrantsottawa.ca\/fr\/pour-les-employeurs\/histoires-de-reussite\/les-services-de-sante-gem\/","og_locale":"fr_FR","og_type":"article","og_title":"les Services de sant\u00e9 GEM - Hire Immigrants Ottawa","og_description":"Le visage d&rsquo;Ottawa change et continue de changer \u2014 de pair avec les\u00a0Services de sant\u00e9 GEM. Au cours des quelques prochaines ann\u00e9es, la croissance nette des effectifs de notre ville [&hellip;]","og_url":"https:\/\/www.hireimmigrantsottawa.ca\/fr\/pour-les-employeurs\/histoires-de-reussite\/les-services-de-sante-gem\/","og_site_name":"Hire Immigrants Ottawa","og_image":[{"url":"http:\/\/www.hireimmigrantsottawa.ca\/wp-content\/uploads\/2013\/10\/GEM_logo.jpg","type":"","width":"","height":""}],"twitter_card":"summary_large_image","twitter_site":"@HireImmOttawa","twitter_misc":{"Dur\u00e9e de lecture estim\u00e9e":"4 minutes"},"schema":{"@context":"https:\/\/schema.org","@graph":[{"@type":"WebPage","@id":"https:\/\/www.hireimmigrantsottawa.ca\/fr\/pour-les-employeurs\/histoires-de-reussite\/les-services-de-sante-gem\/","url":"https:\/\/www.hireimmigrantsottawa.ca\/fr\/pour-les-employeurs\/histoires-de-reussite\/les-services-de-sante-gem\/","name":"les Services de sant\u00e9 GEM - Hire Immigrants Ottawa","isPartOf":{"@id":"https:\/\/www.hireimmigrantsottawa.ca\/#website"},"primaryImageOfPage":{"@id":"https:\/\/www.hireimmigrantsottawa.ca\/fr\/pour-les-employeurs\/histoires-de-reussite\/les-services-de-sante-gem\/#primaryimage"},"image":{"@id":"https:\/\/www.hireimmigrantsottawa.ca\/fr\/pour-les-employeurs\/histoires-de-reussite\/les-services-de-sante-gem\/#primaryimage"},"thumbnailUrl":"http:\/\/www.hireimmigrantsottawa.ca\/wp-content\/uploads\/2013\/10\/GEM_logo.jpg","datePublished":"2013-10-09T17:10:02+00:00","breadcrumb":{"@id":"https:\/\/www.hireimmigrantsottawa.ca\/fr\/pour-les-employeurs\/histoires-de-reussite\/les-services-de-sante-gem\/#breadcrumb"},"inLanguage":"fr-FR","potentialAction":[{"@type":"ReadAction","target":["https:\/\/www.hireimmigrantsottawa.ca\/fr\/pour-les-employeurs\/histoires-de-reussite\/les-services-de-sante-gem\/"]}]},{"@type":"ImageObject","inLanguage":"fr-FR","@id":"https:\/\/www.hireimmigrantsottawa.ca\/fr\/pour-les-employeurs\/histoires-de-reussite\/les-services-de-sante-gem\/#primaryimage","url":"http:\/\/www.hireimmigrantsottawa.ca\/wp-content\/uploads\/2013\/10\/GEM_logo.jpg","contentUrl":"http:\/\/www.hireimmigrantsottawa.ca\/wp-content\/uploads\/2013\/10\/GEM_logo.jpg"},{"@type":"BreadcrumbList","@id":"https:\/\/www.hireimmigrantsottawa.ca\/fr\/pour-les-employeurs\/histoires-de-reussite\/les-services-de-sante-gem\/#breadcrumb","itemListElement":[{"@type":"ListItem","position":1,"name":"Home","item":"https:\/\/www.hireimmigrantsottawa.ca\/"},{"@type":"ListItem","position":2,"name":"Pour les employeurs","item":"https:\/\/www.hireimmigrantsottawa.ca\/fr\/pour-les-employeurs\/"},{"@type":"ListItem","position":3,"name":"Histoires de r\u00e9ussite","item":"https:\/\/www.hireimmigrantsottawa.ca\/fr\/pour-les-employeurs\/histoires-de-reussite\/"},{"@type":"ListItem","position":4,"name":"les Services de sant\u00e9 GEM"}]},{"@type":"WebSite","@id":"https:\/\/www.hireimmigrantsottawa.ca\/#website","url":"https:\/\/www.hireimmigrantsottawa.ca\/","name":"Hire Immigrants Ottawa","description":"increases the capacity of employers to attract and integrate skilled immigrants","publisher":{"@id":"https:\/\/www.hireimmigrantsottawa.ca\/#organization"},"potentialAction":[{"@type":"SearchAction","target":{"@type":"EntryPoint","urlTemplate":"https:\/\/www.hireimmigrantsottawa.ca\/?s={search_term_string}"},"query-input":{"@type":"PropertyValueSpecification","valueRequired":true,"valueName":"search_term_string"}}],"inLanguage":"fr-FR"},{"@type":"Organization","@id":"https:\/\/www.hireimmigrantsottawa.ca\/#organization","name":"Hire Immigrants Ottawa","url":"https:\/\/www.hireimmigrantsottawa.ca\/","logo":{"@type":"ImageObject","inLanguage":"fr-FR","@id":"https:\/\/www.hireimmigrantsottawa.ca\/#\/schema\/logo\/image\/","url":"https:\/\/www.hireimmigrantsottawa.ca\/wp-content\/uploads\/2023\/10\/hio-logo_bow_EN_web.png","contentUrl":"https:\/\/www.hireimmigrantsottawa.ca\/wp-content\/uploads\/2023\/10\/hio-logo_bow_EN_web.png","width":745,"height":160,"caption":"Hire Immigrants Ottawa"},"image":{"@id":"https:\/\/www.hireimmigrantsottawa.ca\/#\/schema\/logo\/image\/"},"sameAs":["https:\/\/x.com\/HireImmOttawa","https:\/\/www.youtube.com\/user\/hireimmigrantsottawa"]}]}},"_links":{"self":[{"href":"https:\/\/www.hireimmigrantsottawa.ca\/fr\/wp-json\/wp\/v2\/pages\/636","targetHints":{"allow":["GET"]}}],"collection":[{"href":"https:\/\/www.hireimmigrantsottawa.ca\/fr\/wp-json\/wp\/v2\/pages"}],"about":[{"href":"https:\/\/www.hireimmigrantsottawa.ca\/fr\/wp-json\/wp\/v2\/types\/page"}],"author":[{"embeddable":true,"href":"https:\/\/www.hireimmigrantsottawa.ca\/fr\/wp-json\/wp\/v2\/users\/12"}],"replies":[{"embeddable":true,"href":"https:\/\/www.hireimmigrantsottawa.ca\/fr\/wp-json\/wp\/v2\/comments?post=636"}],"version-history":[{"count":1,"href":"https:\/\/www.hireimmigrantsottawa.ca\/fr\/wp-json\/wp\/v2\/pages\/636\/revisions"}],"predecessor-version":[{"id":637,"href":"https:\/\/www.hireimmigrantsottawa.ca\/fr\/wp-json\/wp\/v2\/pages\/636\/revisions\/637"}],"up":[{"embeddable":true,"href":"https:\/\/www.hireimmigrantsottawa.ca\/fr\/wp-json\/wp\/v2\/pages\/199"}],"wp:attachment":[{"href":"https:\/\/www.hireimmigrantsottawa.ca\/fr\/wp-json\/wp\/v2\/media?parent=636"}],"curies":[{"name":"wp","href":"https:\/\/api.w.org\/{rel}","templated":true}]}}