{"id":612,"date":"2013-10-09T16:48:13","date_gmt":"2013-10-09T16:48:13","guid":{"rendered":"http:\/\/www.hireimmigrantsottawa.ca\/?page_id=612"},"modified":"2013-10-09T16:48:13","modified_gmt":"2013-10-09T16:48:13","slug":"le-gouvernement-de-lontario-annonce-un-financement-pour-des-programmes-relais-dottawa","status":"publish","type":"page","link":"https:\/\/www.hireimmigrantsottawa.ca\/fr\/centre-des-medias\/articles\/le-gouvernement-de-lontario-annonce-un-financement-pour-des-programmes-relais-dottawa\/","title":{"rendered":"Le gouvernement de l\u2019Ontario annonce un financement pour des programmes-relais d\u2019Ottawa"},"content":{"rendered":"<p>OTTAWA, le 16 septembre 2010 \u2013 Embauche immigrants Ottawa f\u00e9licite trois partenaires, soit LASI World Skills, La Cit\u00e9 coll\u00e9giale et le Coll\u00e8ge Algonquin, qui ont obtenu un financement du gouvernement de l\u2019Ontario.<br \/>\nLors d\u2019un \u00e9v\u00e9nement commandit\u00e9 par Embauche immigrants Ottawa, aux bureaux de Centraide Ottawa, l\u2019honorable Eric Hoskins, ministre ontarien de la Citoyennet\u00e9 et des Affaires sociales, a annonc\u00e9 l\u2019octroi d\u2019un financement de 1,7 million $ pour des programmes-relais visant \u00e0 appuyer l\u2019int\u00e9gration des immigrants au sein de la main-d\u2019\u0153uvre ontarienne.<\/p>\n<p>Ce financement viendra appuyer des programmes-relais portant sur le perfectionnement des comp\u00e9tences, des ateliers de recherche d\u2019emploi, du jumelage d\u2019emploi, de la formation interculturelle en milieu de travail et des cliniques de r\u00e9daction de CV, de m\u00eame que d\u2019autres services qui aideront les immigrants et les n\u00e9o-Canadiens \u00e0 surmonter les obstacles et \u00e0 relever les d\u00e9fis auxquels ils sont souvent confront\u00e9s lorsqu\u2019ils arrivent sur le march\u00e9 du travail. Les programmes de ces organisations correspondent \u00e0 l\u2019approche d\u2019Embauche immigrants Ottawa, qui travaille avec les employeurs pour cr\u00e9er un bassin de candidats talentueux et pr\u00eats \u00e0 l\u2019emploi.<\/p>\n<p>Du fait du vieillissement de la main-d\u2019\u0153uvre et de la baisse du taux de natalit\u00e9 d\u2019Ottawa, les immigrants repr\u00e9senteront la totalit\u00e9 de la croissance de la main-d\u2019\u0153uvre de la r\u00e9gion d\u2019ici deux ans. L\u2019\u00e9conomie locale est d\u00e9j\u00e0 aux prises avec une p\u00e9nurie de travailleurs qualifi\u00e9s dans certains secteurs et la situation s\u2019aggravera. \u00c0 l\u2019heure actuelle, plus de 80 pour cent de la croissance de la main-d\u2019\u0153uvre d\u2019Ottawa est attribuable \u00e0 l\u2019immigration. Selon la Ville d\u2019Ottawa, le sous-emploi d\u2019immigrants qualifi\u00e9s entra\u00eene une perte annuelle d\u2019environ 5,9 milliards $ pour l\u2019\u00e9conomie canadienne .<\/p>\n<p>\u00ab Les investissements du gouvernement de l\u2019Ontario dans la formation professionnelle des immigrants atteste de l\u2019importance qu\u2019il attache \u00e0 l\u2019int\u00e9gration efficace des immigrants et \u00e0 l\u2019optimisation de leurs talents pour la croissance et la prosp\u00e9rit\u00e9 de l\u2019\u00e9conomie ontarienne, mentionne Henry Akanko, directeur d\u2019Embauche immigrants Ottawa. Les nouveaux arrivants \u00e0 Ottawa r\u00e9pondent \u00e0 une demande croissante de talents qualifi\u00e9s. Si Ottawa tient \u00e0 demeurer ce que l\u2019urbaniste Richard Florida appelle la capitale de l\u2019\u00e9conomie cr\u00e9ative du Canada, il importe de combler les p\u00e9nuries critiques de main-d\u2019\u0153uvre qualifi\u00e9e et de reconna\u00eetre que les immigrants qualifi\u00e9s font partie de la solution. \u00bb<\/p>\n<p align=\"center\">\u2013 30 \u2013<\/p>\n<p><strong>Au sujet d\u2019Embauche immigrants Ottawa<\/strong><br \/>\nEmbauche immigrants Ottawa (EIO) est une initiative communautaire qui rassemble des employeurs locaux, des agences de service aux immigrants et d&rsquo;autres intervenants afin de cr\u00e9er des possibilit\u00e9s d&#8217;emploi pour les immigrants qualifi\u00e9s dans la r\u00e9gion Ottawa. Parmi les principaux partenaires d&rsquo;EIO, citons Centraide Ottawa, la Ville d&rsquo;Ottawa, LASI comp\u00e9tences mondiales, le Regroupement des Gens d&rsquo;Affaires de la Capitale Nationale (RGA), le Centre de recherche et d&rsquo;innovation d&rsquo;Ottawa (OCRI), et la Chambre de commerce d&rsquo;Ottawa. EIO est financ\u00e9e par le Gouvernement de l&rsquo;Ontario et Citoyennet\u00e9 et Immigration Canada.<\/p>\n<p>&nbsp;<\/p>\n<p>Pour un compl\u00e9ment d\u2019information, communiquez avec :<\/p>\n<blockquote><p>Melinda Wong,<br \/>\nGestionnaire, Communication et marketing<br \/>\nEmbauche immigrants Ottawa<\/p>\n<p>T\u00e9l. : 613-683-3882<br \/>\nCourriel :\u00a0<a href=\"https:\/\/mail.google.com\/mail\/?view=cm&amp;fs=1&amp;tf=1&amp;to=mwong@embaucheimmigrantsottawa.ca\" target=\"_blank\">mwong@embaucheimmigrantsottawa.ca<\/a><br \/>\n<a href=\"http:\/\/www.embaucheimmigrantsottawa.ca\/\">www.embaucheimmigrantsottawa.ca<\/a><\/p><\/blockquote>\n","protected":false},"excerpt":{"rendered":"<p>OTTAWA, le 16 septembre 2010 \u2013 Embauche immigrants Ottawa f\u00e9licite trois partenaires, soit LASI World Skills, La Cit\u00e9 coll\u00e9giale et le Coll\u00e8ge Algonquin, qui ont obtenu un financement du gouvernement [&hellip;]<\/p>\n","protected":false},"author":12,"featured_media":0,"parent":269,"menu_order":0,"comment_status":"open","ping_status":"closed","template":"media-centre.php","meta":{"_exactmetrics_skip_tracking":false,"_exactmetrics_sitenote_active":false,"_exactmetrics_sitenote_note":"","_exactmetrics_sitenote_category":0,"footnotes":"","_links_to":"","_links_to_target":""},"class_list":["post-612","page","type-page","status-publish","hentry"],"yoast_head":"<!-- This site is optimized with the Yoast SEO plugin v27.2 - https:\/\/yoast.com\/product\/yoast-seo-wordpress\/ -->\n<title>Le gouvernement de l\u2019Ontario annonce un financement pour des programmes-relais d\u2019Ottawa - Hire Immigrants Ottawa<\/title>\n<meta name=\"robots\" content=\"index, follow, max-snippet:-1, max-image-preview:large, max-video-preview:-1\" \/>\n<link rel=\"canonical\" href=\"https:\/\/www.hireimmigrantsottawa.ca\/fr\/centre-des-medias\/articles\/le-gouvernement-de-lontario-annonce-un-financement-pour-des-programmes-relais-dottawa\/\" \/>\n<meta property=\"og:locale\" content=\"fr_FR\" \/>\n<meta property=\"og:type\" content=\"article\" \/>\n<meta property=\"og:title\" content=\"Le gouvernement de l\u2019Ontario annonce un financement pour des programmes-relais d\u2019Ottawa - Hire Immigrants Ottawa\" \/>\n<meta property=\"og:description\" content=\"OTTAWA, le 16 septembre 2010 \u2013 Embauche immigrants Ottawa f\u00e9licite trois partenaires, soit LASI World Skills, La Cit\u00e9 coll\u00e9giale et le Coll\u00e8ge Algonquin, qui ont obtenu un financement du gouvernement [&hellip;]\" \/>\n<meta property=\"og:url\" content=\"https:\/\/www.hireimmigrantsottawa.ca\/fr\/centre-des-medias\/articles\/le-gouvernement-de-lontario-annonce-un-financement-pour-des-programmes-relais-dottawa\/\" \/>\n<meta property=\"og:site_name\" content=\"Hire Immigrants Ottawa\" \/>\n<meta property=\"og:image\" content=\"https:\/\/www.hireimmigrantsottawa.ca\/wp-content\/uploads\/2017\/02\/hio-screenshot.png\" \/>\n\t<meta property=\"og:image:width\" content=\"781\" \/>\n\t<meta property=\"og:image:height\" content=\"429\" \/>\n\t<meta property=\"og:image:type\" content=\"image\/png\" \/>\n<meta name=\"twitter:card\" content=\"summary_large_image\" \/>\n<meta name=\"twitter:site\" content=\"@HireImmOttawa\" \/>\n<meta name=\"twitter:label1\" content=\"Dur\u00e9e de lecture estim\u00e9e\" \/>\n\t<meta name=\"twitter:data1\" content=\"3 minutes\" \/>\n<script type=\"application\/ld+json\" class=\"yoast-schema-graph\">{\"@context\":\"https:\/\/schema.org\",\"@graph\":[{\"@type\":\"WebPage\",\"@id\":\"https:\/\/www.hireimmigrantsottawa.ca\/fr\/centre-des-medias\/articles\/le-gouvernement-de-lontario-annonce-un-financement-pour-des-programmes-relais-dottawa\/\",\"url\":\"https:\/\/www.hireimmigrantsottawa.ca\/fr\/centre-des-medias\/articles\/le-gouvernement-de-lontario-annonce-un-financement-pour-des-programmes-relais-dottawa\/\",\"name\":\"Le gouvernement de l\u2019Ontario annonce un financement pour des programmes-relais d\u2019Ottawa - Hire Immigrants Ottawa\",\"isPartOf\":{\"@id\":\"https:\/\/www.hireimmigrantsottawa.ca\/#website\"},\"datePublished\":\"2013-10-09T16:48:13+00:00\",\"breadcrumb\":{\"@id\":\"https:\/\/www.hireimmigrantsottawa.ca\/fr\/centre-des-medias\/articles\/le-gouvernement-de-lontario-annonce-un-financement-pour-des-programmes-relais-dottawa\/#breadcrumb\"},\"inLanguage\":\"fr-FR\",\"potentialAction\":[{\"@type\":\"ReadAction\",\"target\":[\"https:\/\/www.hireimmigrantsottawa.ca\/fr\/centre-des-medias\/articles\/le-gouvernement-de-lontario-annonce-un-financement-pour-des-programmes-relais-dottawa\/\"]}]},{\"@type\":\"BreadcrumbList\",\"@id\":\"https:\/\/www.hireimmigrantsottawa.ca\/fr\/centre-des-medias\/articles\/le-gouvernement-de-lontario-annonce-un-financement-pour-des-programmes-relais-dottawa\/#breadcrumb\",\"itemListElement\":[{\"@type\":\"ListItem\",\"position\":1,\"name\":\"Home\",\"item\":\"https:\/\/www.hireimmigrantsottawa.ca\/\"},{\"@type\":\"ListItem\",\"position\":2,\"name\":\"Centre des m\u00e9dias\",\"item\":\"https:\/\/www.hireimmigrantsottawa.ca\/fr\/centre-des-medias\/\"},{\"@type\":\"ListItem\",\"position\":3,\"name\":\"Articles\",\"item\":\"https:\/\/www.hireimmigrantsottawa.ca\/fr\/centre-des-medias\/articles\/\"},{\"@type\":\"ListItem\",\"position\":4,\"name\":\"Le gouvernement de l\u2019Ontario annonce un financement pour des programmes-relais d\u2019Ottawa\"}]},{\"@type\":\"WebSite\",\"@id\":\"https:\/\/www.hireimmigrantsottawa.ca\/#website\",\"url\":\"https:\/\/www.hireimmigrantsottawa.ca\/\",\"name\":\"Hire Immigrants Ottawa\",\"description\":\"increases the capacity of employers to attract and integrate skilled immigrants\",\"publisher\":{\"@id\":\"https:\/\/www.hireimmigrantsottawa.ca\/#organization\"},\"potentialAction\":[{\"@type\":\"SearchAction\",\"target\":{\"@type\":\"EntryPoint\",\"urlTemplate\":\"https:\/\/www.hireimmigrantsottawa.ca\/?s={search_term_string}\"},\"query-input\":{\"@type\":\"PropertyValueSpecification\",\"valueRequired\":true,\"valueName\":\"search_term_string\"}}],\"inLanguage\":\"fr-FR\"},{\"@type\":\"Organization\",\"@id\":\"https:\/\/www.hireimmigrantsottawa.ca\/#organization\",\"name\":\"Hire Immigrants Ottawa\",\"url\":\"https:\/\/www.hireimmigrantsottawa.ca\/\",\"logo\":{\"@type\":\"ImageObject\",\"inLanguage\":\"fr-FR\",\"@id\":\"https:\/\/www.hireimmigrantsottawa.ca\/#\/schema\/logo\/image\/\",\"url\":\"https:\/\/www.hireimmigrantsottawa.ca\/wp-content\/uploads\/2023\/10\/hio-logo_bow_EN_web.png\",\"contentUrl\":\"https:\/\/www.hireimmigrantsottawa.ca\/wp-content\/uploads\/2023\/10\/hio-logo_bow_EN_web.png\",\"width\":745,\"height\":160,\"caption\":\"Hire Immigrants Ottawa\"},\"image\":{\"@id\":\"https:\/\/www.hireimmigrantsottawa.ca\/#\/schema\/logo\/image\/\"},\"sameAs\":[\"https:\/\/x.com\/HireImmOttawa\",\"https:\/\/www.youtube.com\/user\/hireimmigrantsottawa\"]}]}<\/script>\n<!-- \/ Yoast SEO plugin. -->","yoast_head_json":{"title":"Le gouvernement de l\u2019Ontario annonce un financement pour des programmes-relais d\u2019Ottawa - Hire Immigrants Ottawa","robots":{"index":"index","follow":"follow","max-snippet":"max-snippet:-1","max-image-preview":"max-image-preview:large","max-video-preview":"max-video-preview:-1"},"canonical":"https:\/\/www.hireimmigrantsottawa.ca\/fr\/centre-des-medias\/articles\/le-gouvernement-de-lontario-annonce-un-financement-pour-des-programmes-relais-dottawa\/","og_locale":"fr_FR","og_type":"article","og_title":"Le gouvernement de l\u2019Ontario annonce un financement pour des programmes-relais d\u2019Ottawa - Hire Immigrants Ottawa","og_description":"OTTAWA, le 16 septembre 2010 \u2013 Embauche immigrants Ottawa f\u00e9licite trois partenaires, soit LASI World Skills, La Cit\u00e9 coll\u00e9giale et le Coll\u00e8ge Algonquin, qui ont obtenu un financement du gouvernement [&hellip;]","og_url":"https:\/\/www.hireimmigrantsottawa.ca\/fr\/centre-des-medias\/articles\/le-gouvernement-de-lontario-annonce-un-financement-pour-des-programmes-relais-dottawa\/","og_site_name":"Hire Immigrants Ottawa","og_image":[{"width":781,"height":429,"url":"https:\/\/www.hireimmigrantsottawa.ca\/wp-content\/uploads\/2017\/02\/hio-screenshot.png","type":"image\/png"}],"twitter_card":"summary_large_image","twitter_site":"@HireImmOttawa","twitter_misc":{"Dur\u00e9e de lecture estim\u00e9e":"3 minutes"},"schema":{"@context":"https:\/\/schema.org","@graph":[{"@type":"WebPage","@id":"https:\/\/www.hireimmigrantsottawa.ca\/fr\/centre-des-medias\/articles\/le-gouvernement-de-lontario-annonce-un-financement-pour-des-programmes-relais-dottawa\/","url":"https:\/\/www.hireimmigrantsottawa.ca\/fr\/centre-des-medias\/articles\/le-gouvernement-de-lontario-annonce-un-financement-pour-des-programmes-relais-dottawa\/","name":"Le gouvernement de l\u2019Ontario annonce un financement pour des programmes-relais d\u2019Ottawa - Hire Immigrants Ottawa","isPartOf":{"@id":"https:\/\/www.hireimmigrantsottawa.ca\/#website"},"datePublished":"2013-10-09T16:48:13+00:00","breadcrumb":{"@id":"https:\/\/www.hireimmigrantsottawa.ca\/fr\/centre-des-medias\/articles\/le-gouvernement-de-lontario-annonce-un-financement-pour-des-programmes-relais-dottawa\/#breadcrumb"},"inLanguage":"fr-FR","potentialAction":[{"@type":"ReadAction","target":["https:\/\/www.hireimmigrantsottawa.ca\/fr\/centre-des-medias\/articles\/le-gouvernement-de-lontario-annonce-un-financement-pour-des-programmes-relais-dottawa\/"]}]},{"@type":"BreadcrumbList","@id":"https:\/\/www.hireimmigrantsottawa.ca\/fr\/centre-des-medias\/articles\/le-gouvernement-de-lontario-annonce-un-financement-pour-des-programmes-relais-dottawa\/#breadcrumb","itemListElement":[{"@type":"ListItem","position":1,"name":"Home","item":"https:\/\/www.hireimmigrantsottawa.ca\/"},{"@type":"ListItem","position":2,"name":"Centre des m\u00e9dias","item":"https:\/\/www.hireimmigrantsottawa.ca\/fr\/centre-des-medias\/"},{"@type":"ListItem","position":3,"name":"Articles","item":"https:\/\/www.hireimmigrantsottawa.ca\/fr\/centre-des-medias\/articles\/"},{"@type":"ListItem","position":4,"name":"Le gouvernement de l\u2019Ontario annonce un financement pour des programmes-relais d\u2019Ottawa"}]},{"@type":"WebSite","@id":"https:\/\/www.hireimmigrantsottawa.ca\/#website","url":"https:\/\/www.hireimmigrantsottawa.ca\/","name":"Hire Immigrants Ottawa","description":"increases the capacity of employers to attract and integrate skilled immigrants","publisher":{"@id":"https:\/\/www.hireimmigrantsottawa.ca\/#organization"},"potentialAction":[{"@type":"SearchAction","target":{"@type":"EntryPoint","urlTemplate":"https:\/\/www.hireimmigrantsottawa.ca\/?s={search_term_string}"},"query-input":{"@type":"PropertyValueSpecification","valueRequired":true,"valueName":"search_term_string"}}],"inLanguage":"fr-FR"},{"@type":"Organization","@id":"https:\/\/www.hireimmigrantsottawa.ca\/#organization","name":"Hire Immigrants Ottawa","url":"https:\/\/www.hireimmigrantsottawa.ca\/","logo":{"@type":"ImageObject","inLanguage":"fr-FR","@id":"https:\/\/www.hireimmigrantsottawa.ca\/#\/schema\/logo\/image\/","url":"https:\/\/www.hireimmigrantsottawa.ca\/wp-content\/uploads\/2023\/10\/hio-logo_bow_EN_web.png","contentUrl":"https:\/\/www.hireimmigrantsottawa.ca\/wp-content\/uploads\/2023\/10\/hio-logo_bow_EN_web.png","width":745,"height":160,"caption":"Hire Immigrants Ottawa"},"image":{"@id":"https:\/\/www.hireimmigrantsottawa.ca\/#\/schema\/logo\/image\/"},"sameAs":["https:\/\/x.com\/HireImmOttawa","https:\/\/www.youtube.com\/user\/hireimmigrantsottawa"]}]}},"_links":{"self":[{"href":"https:\/\/www.hireimmigrantsottawa.ca\/fr\/wp-json\/wp\/v2\/pages\/612","targetHints":{"allow":["GET"]}}],"collection":[{"href":"https:\/\/www.hireimmigrantsottawa.ca\/fr\/wp-json\/wp\/v2\/pages"}],"about":[{"href":"https:\/\/www.hireimmigrantsottawa.ca\/fr\/wp-json\/wp\/v2\/types\/page"}],"author":[{"embeddable":true,"href":"https:\/\/www.hireimmigrantsottawa.ca\/fr\/wp-json\/wp\/v2\/users\/12"}],"replies":[{"embeddable":true,"href":"https:\/\/www.hireimmigrantsottawa.ca\/fr\/wp-json\/wp\/v2\/comments?post=612"}],"version-history":[{"count":1,"href":"https:\/\/www.hireimmigrantsottawa.ca\/fr\/wp-json\/wp\/v2\/pages\/612\/revisions"}],"predecessor-version":[{"id":613,"href":"https:\/\/www.hireimmigrantsottawa.ca\/fr\/wp-json\/wp\/v2\/pages\/612\/revisions\/613"}],"up":[{"embeddable":true,"href":"https:\/\/www.hireimmigrantsottawa.ca\/fr\/wp-json\/wp\/v2\/pages\/269"}],"wp:attachment":[{"href":"https:\/\/www.hireimmigrantsottawa.ca\/fr\/wp-json\/wp\/v2\/media?parent=612"}],"curies":[{"name":"wp","href":"https:\/\/api.w.org\/{rel}","templated":true}]}}