{"id":607,"date":"2013-10-09T16:46:29","date_gmt":"2013-10-09T16:46:29","guid":{"rendered":"http:\/\/www.hireimmigrantsottawa.ca\/?page_id=607"},"modified":"2013-10-09T16:46:29","modified_gmt":"2013-10-09T16:46:29","slug":"embauche-immigrants-ottawa-obtient-un-financement-pour-lelaboration-dun-modele-collaboratif-de-programmes-de-mentorat-pour-les-immigrants","status":"publish","type":"page","link":"https:\/\/www.hireimmigrantsottawa.ca\/fr\/centre-des-medias\/articles\/embauche-immigrants-ottawa-obtient-un-financement-pour-lelaboration-dun-modele-collaboratif-de-programmes-de-mentorat-pour-les-immigrants\/","title":{"rendered":"Embauche immigrants Ottawa obtient un financement pour l&rsquo;\u00e9laboration d&rsquo;un mod\u00e8le collaboratif de programmes de mentorat pour les immigrants"},"content":{"rendered":"<p><strong>Le lundi 15 ao\u00fbt<\/strong><strong>\u00a02011, Ottawa\u00a0<\/strong><strong>\u2013<\/strong>\u00a0Embauche immigrants Ottawa (EIO), une initiative pancommunautaire de Centraide Ottawa, a obtenu une subvention de 50 500 $ du minist\u00e8re de la Formation et des Coll\u00e8ges et Universit\u00e9s (MFCU) afin d\u2019\u00e9laborer une m\u00e9thode concert\u00e9e pour les programmes de mentorat destin\u00e9s aux immigrants, \u00e0 Ottawa.<\/p>\n<p>\u00ab\u00a0Ottawa attire des immigrants g\u00e9n\u00e9ralement tr\u00e8s bien scolaris\u00e9s, mais qui doivent aussi affronter des obstacles pour acc\u00e9der au march\u00e9 du travail, a affirm\u00e9 Henry Akanko, directeur, EIO. C\u2019est du talent gaspill\u00e9, si nous ne parvenons \u00e0 appuyer efficacement leur int\u00e9gration dans notre march\u00e9 du travail et notre \u00e9conomie.\u00a0\u00bb<\/p>\n<p>En pr\u00e9sence d\u2019un taux croissant de d\u00e9parts \u00e0 la retraite et d\u2019une diminution de nouveaux entrants sur le march\u00e9 du travail, Ottawa devra affronter d\u2019autres villes pour attirer du talent et le maintenir en poste. Des programmes de mentorat efficaces aideront les immigrants \u00e0 \u00e9tablir des r\u00e9seaux, \u00e0 comprendre le march\u00e9 du travail canadien et \u00e0 apprendre comment trouver du travail adapt\u00e9 \u00e0 leurs comp\u00e9tences.<\/p>\n<p>Selon l\u2019Organisme Communautaire des Services aux Immigrants d\u2019Ottawa (OCSIO), qui offre un programme de mentorat professionnel, 62 pour cent des immigrants qualifi\u00e9s ayant particip\u00e9 \u00e0 son programme ont trouv\u00e9 du travail dans leur domaine de comp\u00e9tence.<\/p>\n<p>EIO s\u2019associera \u00e0 l\u2019OCSIO, au Coll\u00e8ge Algonquin, au YMCA-YWCA de la r\u00e9gion de la capitale nationale, \u00e0 LASI Comp\u00e9tences mondiales, \u00e0 La Cit\u00e9 coll\u00e9giale, et au Conseil \u00c9conomique et Social d\u2018Ottawa-Carleton afin d\u2019\u00e9laborer une m\u00e9thode concert\u00e9e pour les programmes de mentorat, \u00e0 Ottawa.<\/p>\n<p>\u00ab\u00a0Le r\u00f4le de leadership d\u2019EIO dans l\u2019\u00e9laboration d\u2019un cadre plus efficace de mentorat illustre bien comment Centraide Ottawa rassemble les gens et les organisations pour apporter des changements syst\u00e9miques qui nous aideront \u00e0 atteindre notre objectif selon lequel les immigrants d\u00e9crocheront un emploi,\u00a0\u00bb a d\u00e9clar\u00e9 Michael Allen, pr\u00e9sident et chef de la direction de Ottawa.<\/p>\n<p>&nbsp;<\/p>\n<p><strong>Au sujet d\u2019Embauche immigrants Ottawa :<\/strong><\/p>\n<p>EIO vient renforcer la capacit\u00e9 des employeurs \u00e0 attirer et int\u00e9grer des immigrants qualifi\u00e9s dans leur milieu de travail en leur fournissant les outils et les ressources n\u00e9cessaires pour le faire, dont des ateliers sur les comp\u00e9tences interculturelles, des s\u00e9ances d\u2019information, des occasions de r\u00e9seautage et des activit\u00e9s d\u2019encadrement qui r\u00e9unissent les employeurs et les immigrants. Les employeurs partenaires de l\u2019EIO ont recrut\u00e9, ces quatre derni\u00e8res ann\u00e9es, plus de 1 000 immigrants qualifi\u00e9s dans des postes r\u00e9pondant \u00e0 leurs titres de comp\u00e9tence.<\/p>\n<p>EIO est financ\u00e9 par le gouvernement de l\u2019Ontario et Citoyennet\u00e9 et Immigration Canada.<\/p>\n<p>\u2013 30 \u2013<\/p>\n<p><strong>\u00a0<\/strong><\/p>\n<p><strong>Pour de plus amples renseignements, veuillez communiquer avec :<\/strong><\/p>\n<p>Melinda Buijs, gestionnaire, Communications et Marketing, Embauche immigrants Ottawa<\/p>\n<p>T\u00e9l. : 613-683-3882<br \/>\nTwitter: @HireImmOttawa<\/p>\n<p>Courriel :\u00a0<a href=\"https:\/\/mail.google.com\/mail\/?view=cm&amp;fs=1&amp;tf=1&amp;to=mbuijs@embaucheimmigrantsottawa.ca\" target=\"_blank\">mbuijs@embaucheimmigrantsottawa.ca<\/a><\/p>\n<p><a href=\"http:\/\/www.embaucheimmigrantsottawa.ca\/\">www.embaucheimmigrantsottawa.ca<\/a><\/p>\n<p>Barry Keegan, Gestionnaire, Media et Communications, Centraide Ottawa<\/p>\n<p>T\u00e9l\u00e9phone : 613-228-6709; Mobile : 613-294-8128<br \/>\nTwitter: @UnitedWayOttawa ou @barry_keegan<br \/>\nCourriel :\u00a0<a href=\"https:\/\/mail.google.com\/mail\/?view=cm&amp;fs=1&amp;tf=1&amp;to=bkeegan@centraideottawa.ca\" target=\"_blank\">bkeegan@centraideottawa.ca<\/a><br \/>\nSite Web :\u00a0<a href=\"http:\/\/www.centraideottawa.ca\/\" target=\"_blank\">www.centraideottawa.ca<\/a><\/p>\n","protected":false},"excerpt":{"rendered":"<p>Le lundi 15 ao\u00fbt\u00a02011, Ottawa\u00a0\u2013\u00a0Embauche immigrants Ottawa (EIO), une initiative pancommunautaire de Centraide Ottawa, a obtenu une subvention de 50 500 $ du minist\u00e8re de la Formation et des Coll\u00e8ges [&hellip;]<\/p>\n","protected":false},"author":12,"featured_media":0,"parent":269,"menu_order":0,"comment_status":"open","ping_status":"closed","template":"media-centre.php","meta":{"_exactmetrics_skip_tracking":false,"_exactmetrics_sitenote_active":false,"_exactmetrics_sitenote_note":"","_exactmetrics_sitenote_category":0,"footnotes":"","_links_to":"","_links_to_target":""},"class_list":["post-607","page","type-page","status-publish","hentry"],"yoast_head":"<!-- This site is optimized with the Yoast SEO plugin v27.2 - https:\/\/yoast.com\/product\/yoast-seo-wordpress\/ -->\n<title>Embauche immigrants Ottawa obtient un financement pour l&#039;\u00e9laboration d&#039;un mod\u00e8le collaboratif de programmes de mentorat pour les immigrants - Hire Immigrants Ottawa<\/title>\n<meta name=\"robots\" content=\"index, follow, max-snippet:-1, max-image-preview:large, max-video-preview:-1\" \/>\n<link rel=\"canonical\" href=\"https:\/\/www.hireimmigrantsottawa.ca\/fr\/centre-des-medias\/articles\/embauche-immigrants-ottawa-obtient-un-financement-pour-lelaboration-dun-modele-collaboratif-de-programmes-de-mentorat-pour-les-immigrants\/\" \/>\n<meta property=\"og:locale\" content=\"fr_FR\" \/>\n<meta property=\"og:type\" content=\"article\" \/>\n<meta property=\"og:title\" content=\"Embauche immigrants Ottawa obtient un financement pour l&#039;\u00e9laboration d&#039;un mod\u00e8le collaboratif de programmes de mentorat pour les immigrants - Hire Immigrants Ottawa\" \/>\n<meta property=\"og:description\" content=\"Le lundi 15 ao\u00fbt\u00a02011, Ottawa\u00a0\u2013\u00a0Embauche immigrants Ottawa (EIO), une initiative pancommunautaire de Centraide Ottawa, a obtenu une subvention de 50 500 $ du minist\u00e8re de la Formation et des Coll\u00e8ges [&hellip;]\" \/>\n<meta property=\"og:url\" content=\"https:\/\/www.hireimmigrantsottawa.ca\/fr\/centre-des-medias\/articles\/embauche-immigrants-ottawa-obtient-un-financement-pour-lelaboration-dun-modele-collaboratif-de-programmes-de-mentorat-pour-les-immigrants\/\" \/>\n<meta property=\"og:site_name\" content=\"Hire Immigrants Ottawa\" \/>\n<meta property=\"og:image\" content=\"https:\/\/www.hireimmigrantsottawa.ca\/wp-content\/uploads\/2017\/02\/hio-screenshot.png\" \/>\n\t<meta property=\"og:image:width\" content=\"781\" \/>\n\t<meta property=\"og:image:height\" content=\"429\" \/>\n\t<meta property=\"og:image:type\" content=\"image\/png\" \/>\n<meta name=\"twitter:card\" content=\"summary_large_image\" \/>\n<meta name=\"twitter:site\" content=\"@HireImmOttawa\" \/>\n<meta name=\"twitter:label1\" content=\"Dur\u00e9e de lecture estim\u00e9e\" \/>\n\t<meta name=\"twitter:data1\" content=\"2 minutes\" \/>\n<script type=\"application\/ld+json\" class=\"yoast-schema-graph\">{\"@context\":\"https:\/\/schema.org\",\"@graph\":[{\"@type\":\"WebPage\",\"@id\":\"https:\/\/www.hireimmigrantsottawa.ca\/fr\/centre-des-medias\/articles\/embauche-immigrants-ottawa-obtient-un-financement-pour-lelaboration-dun-modele-collaboratif-de-programmes-de-mentorat-pour-les-immigrants\/\",\"url\":\"https:\/\/www.hireimmigrantsottawa.ca\/fr\/centre-des-medias\/articles\/embauche-immigrants-ottawa-obtient-un-financement-pour-lelaboration-dun-modele-collaboratif-de-programmes-de-mentorat-pour-les-immigrants\/\",\"name\":\"Embauche immigrants Ottawa obtient un financement pour l'\u00e9laboration d'un mod\u00e8le collaboratif de programmes de mentorat pour les immigrants - Hire Immigrants Ottawa\",\"isPartOf\":{\"@id\":\"https:\/\/www.hireimmigrantsottawa.ca\/#website\"},\"datePublished\":\"2013-10-09T16:46:29+00:00\",\"breadcrumb\":{\"@id\":\"https:\/\/www.hireimmigrantsottawa.ca\/fr\/centre-des-medias\/articles\/embauche-immigrants-ottawa-obtient-un-financement-pour-lelaboration-dun-modele-collaboratif-de-programmes-de-mentorat-pour-les-immigrants\/#breadcrumb\"},\"inLanguage\":\"fr-FR\",\"potentialAction\":[{\"@type\":\"ReadAction\",\"target\":[\"https:\/\/www.hireimmigrantsottawa.ca\/fr\/centre-des-medias\/articles\/embauche-immigrants-ottawa-obtient-un-financement-pour-lelaboration-dun-modele-collaboratif-de-programmes-de-mentorat-pour-les-immigrants\/\"]}]},{\"@type\":\"BreadcrumbList\",\"@id\":\"https:\/\/www.hireimmigrantsottawa.ca\/fr\/centre-des-medias\/articles\/embauche-immigrants-ottawa-obtient-un-financement-pour-lelaboration-dun-modele-collaboratif-de-programmes-de-mentorat-pour-les-immigrants\/#breadcrumb\",\"itemListElement\":[{\"@type\":\"ListItem\",\"position\":1,\"name\":\"Home\",\"item\":\"https:\/\/www.hireimmigrantsottawa.ca\/\"},{\"@type\":\"ListItem\",\"position\":2,\"name\":\"Centre des m\u00e9dias\",\"item\":\"https:\/\/www.hireimmigrantsottawa.ca\/fr\/centre-des-medias\/\"},{\"@type\":\"ListItem\",\"position\":3,\"name\":\"Articles\",\"item\":\"https:\/\/www.hireimmigrantsottawa.ca\/fr\/centre-des-medias\/articles\/\"},{\"@type\":\"ListItem\",\"position\":4,\"name\":\"Embauche immigrants Ottawa obtient un financement pour l&rsquo;\u00e9laboration d&rsquo;un mod\u00e8le collaboratif de programmes de mentorat pour les immigrants\"}]},{\"@type\":\"WebSite\",\"@id\":\"https:\/\/www.hireimmigrantsottawa.ca\/#website\",\"url\":\"https:\/\/www.hireimmigrantsottawa.ca\/\",\"name\":\"Hire Immigrants Ottawa\",\"description\":\"increases the capacity of employers to attract and integrate skilled immigrants\",\"publisher\":{\"@id\":\"https:\/\/www.hireimmigrantsottawa.ca\/#organization\"},\"potentialAction\":[{\"@type\":\"SearchAction\",\"target\":{\"@type\":\"EntryPoint\",\"urlTemplate\":\"https:\/\/www.hireimmigrantsottawa.ca\/?s={search_term_string}\"},\"query-input\":{\"@type\":\"PropertyValueSpecification\",\"valueRequired\":true,\"valueName\":\"search_term_string\"}}],\"inLanguage\":\"fr-FR\"},{\"@type\":\"Organization\",\"@id\":\"https:\/\/www.hireimmigrantsottawa.ca\/#organization\",\"name\":\"Hire Immigrants Ottawa\",\"url\":\"https:\/\/www.hireimmigrantsottawa.ca\/\",\"logo\":{\"@type\":\"ImageObject\",\"inLanguage\":\"fr-FR\",\"@id\":\"https:\/\/www.hireimmigrantsottawa.ca\/#\/schema\/logo\/image\/\",\"url\":\"https:\/\/www.hireimmigrantsottawa.ca\/wp-content\/uploads\/2023\/10\/hio-logo_bow_EN_web.png\",\"contentUrl\":\"https:\/\/www.hireimmigrantsottawa.ca\/wp-content\/uploads\/2023\/10\/hio-logo_bow_EN_web.png\",\"width\":745,\"height\":160,\"caption\":\"Hire Immigrants Ottawa\"},\"image\":{\"@id\":\"https:\/\/www.hireimmigrantsottawa.ca\/#\/schema\/logo\/image\/\"},\"sameAs\":[\"https:\/\/x.com\/HireImmOttawa\",\"https:\/\/www.youtube.com\/user\/hireimmigrantsottawa\"]}]}<\/script>\n<!-- \/ Yoast SEO plugin. -->","yoast_head_json":{"title":"Embauche immigrants Ottawa obtient un financement pour l'\u00e9laboration d'un mod\u00e8le collaboratif de programmes de mentorat pour les immigrants - Hire Immigrants Ottawa","robots":{"index":"index","follow":"follow","max-snippet":"max-snippet:-1","max-image-preview":"max-image-preview:large","max-video-preview":"max-video-preview:-1"},"canonical":"https:\/\/www.hireimmigrantsottawa.ca\/fr\/centre-des-medias\/articles\/embauche-immigrants-ottawa-obtient-un-financement-pour-lelaboration-dun-modele-collaboratif-de-programmes-de-mentorat-pour-les-immigrants\/","og_locale":"fr_FR","og_type":"article","og_title":"Embauche immigrants Ottawa obtient un financement pour l'\u00e9laboration d'un mod\u00e8le collaboratif de programmes de mentorat pour les immigrants - Hire Immigrants Ottawa","og_description":"Le lundi 15 ao\u00fbt\u00a02011, Ottawa\u00a0\u2013\u00a0Embauche immigrants Ottawa (EIO), une initiative pancommunautaire de Centraide Ottawa, a obtenu une subvention de 50 500 $ du minist\u00e8re de la Formation et des Coll\u00e8ges [&hellip;]","og_url":"https:\/\/www.hireimmigrantsottawa.ca\/fr\/centre-des-medias\/articles\/embauche-immigrants-ottawa-obtient-un-financement-pour-lelaboration-dun-modele-collaboratif-de-programmes-de-mentorat-pour-les-immigrants\/","og_site_name":"Hire Immigrants Ottawa","og_image":[{"width":781,"height":429,"url":"https:\/\/www.hireimmigrantsottawa.ca\/wp-content\/uploads\/2017\/02\/hio-screenshot.png","type":"image\/png"}],"twitter_card":"summary_large_image","twitter_site":"@HireImmOttawa","twitter_misc":{"Dur\u00e9e de lecture estim\u00e9e":"2 minutes"},"schema":{"@context":"https:\/\/schema.org","@graph":[{"@type":"WebPage","@id":"https:\/\/www.hireimmigrantsottawa.ca\/fr\/centre-des-medias\/articles\/embauche-immigrants-ottawa-obtient-un-financement-pour-lelaboration-dun-modele-collaboratif-de-programmes-de-mentorat-pour-les-immigrants\/","url":"https:\/\/www.hireimmigrantsottawa.ca\/fr\/centre-des-medias\/articles\/embauche-immigrants-ottawa-obtient-un-financement-pour-lelaboration-dun-modele-collaboratif-de-programmes-de-mentorat-pour-les-immigrants\/","name":"Embauche immigrants Ottawa obtient un financement pour l'\u00e9laboration d'un mod\u00e8le collaboratif de programmes de mentorat pour les immigrants - Hire Immigrants Ottawa","isPartOf":{"@id":"https:\/\/www.hireimmigrantsottawa.ca\/#website"},"datePublished":"2013-10-09T16:46:29+00:00","breadcrumb":{"@id":"https:\/\/www.hireimmigrantsottawa.ca\/fr\/centre-des-medias\/articles\/embauche-immigrants-ottawa-obtient-un-financement-pour-lelaboration-dun-modele-collaboratif-de-programmes-de-mentorat-pour-les-immigrants\/#breadcrumb"},"inLanguage":"fr-FR","potentialAction":[{"@type":"ReadAction","target":["https:\/\/www.hireimmigrantsottawa.ca\/fr\/centre-des-medias\/articles\/embauche-immigrants-ottawa-obtient-un-financement-pour-lelaboration-dun-modele-collaboratif-de-programmes-de-mentorat-pour-les-immigrants\/"]}]},{"@type":"BreadcrumbList","@id":"https:\/\/www.hireimmigrantsottawa.ca\/fr\/centre-des-medias\/articles\/embauche-immigrants-ottawa-obtient-un-financement-pour-lelaboration-dun-modele-collaboratif-de-programmes-de-mentorat-pour-les-immigrants\/#breadcrumb","itemListElement":[{"@type":"ListItem","position":1,"name":"Home","item":"https:\/\/www.hireimmigrantsottawa.ca\/"},{"@type":"ListItem","position":2,"name":"Centre des m\u00e9dias","item":"https:\/\/www.hireimmigrantsottawa.ca\/fr\/centre-des-medias\/"},{"@type":"ListItem","position":3,"name":"Articles","item":"https:\/\/www.hireimmigrantsottawa.ca\/fr\/centre-des-medias\/articles\/"},{"@type":"ListItem","position":4,"name":"Embauche immigrants Ottawa obtient un financement pour l&rsquo;\u00e9laboration d&rsquo;un mod\u00e8le collaboratif de programmes de mentorat pour les immigrants"}]},{"@type":"WebSite","@id":"https:\/\/www.hireimmigrantsottawa.ca\/#website","url":"https:\/\/www.hireimmigrantsottawa.ca\/","name":"Hire Immigrants Ottawa","description":"increases the capacity of employers to attract and integrate skilled immigrants","publisher":{"@id":"https:\/\/www.hireimmigrantsottawa.ca\/#organization"},"potentialAction":[{"@type":"SearchAction","target":{"@type":"EntryPoint","urlTemplate":"https:\/\/www.hireimmigrantsottawa.ca\/?s={search_term_string}"},"query-input":{"@type":"PropertyValueSpecification","valueRequired":true,"valueName":"search_term_string"}}],"inLanguage":"fr-FR"},{"@type":"Organization","@id":"https:\/\/www.hireimmigrantsottawa.ca\/#organization","name":"Hire Immigrants Ottawa","url":"https:\/\/www.hireimmigrantsottawa.ca\/","logo":{"@type":"ImageObject","inLanguage":"fr-FR","@id":"https:\/\/www.hireimmigrantsottawa.ca\/#\/schema\/logo\/image\/","url":"https:\/\/www.hireimmigrantsottawa.ca\/wp-content\/uploads\/2023\/10\/hio-logo_bow_EN_web.png","contentUrl":"https:\/\/www.hireimmigrantsottawa.ca\/wp-content\/uploads\/2023\/10\/hio-logo_bow_EN_web.png","width":745,"height":160,"caption":"Hire Immigrants Ottawa"},"image":{"@id":"https:\/\/www.hireimmigrantsottawa.ca\/#\/schema\/logo\/image\/"},"sameAs":["https:\/\/x.com\/HireImmOttawa","https:\/\/www.youtube.com\/user\/hireimmigrantsottawa"]}]}},"_links":{"self":[{"href":"https:\/\/www.hireimmigrantsottawa.ca\/fr\/wp-json\/wp\/v2\/pages\/607","targetHints":{"allow":["GET"]}}],"collection":[{"href":"https:\/\/www.hireimmigrantsottawa.ca\/fr\/wp-json\/wp\/v2\/pages"}],"about":[{"href":"https:\/\/www.hireimmigrantsottawa.ca\/fr\/wp-json\/wp\/v2\/types\/page"}],"author":[{"embeddable":true,"href":"https:\/\/www.hireimmigrantsottawa.ca\/fr\/wp-json\/wp\/v2\/users\/12"}],"replies":[{"embeddable":true,"href":"https:\/\/www.hireimmigrantsottawa.ca\/fr\/wp-json\/wp\/v2\/comments?post=607"}],"version-history":[{"count":1,"href":"https:\/\/www.hireimmigrantsottawa.ca\/fr\/wp-json\/wp\/v2\/pages\/607\/revisions"}],"predecessor-version":[{"id":608,"href":"https:\/\/www.hireimmigrantsottawa.ca\/fr\/wp-json\/wp\/v2\/pages\/607\/revisions\/608"}],"up":[{"embeddable":true,"href":"https:\/\/www.hireimmigrantsottawa.ca\/fr\/wp-json\/wp\/v2\/pages\/269"}],"wp:attachment":[{"href":"https:\/\/www.hireimmigrantsottawa.ca\/fr\/wp-json\/wp\/v2\/media?parent=607"}],"curies":[{"name":"wp","href":"https:\/\/api.w.org\/{rel}","templated":true}]}}