{"id":6023,"date":"2020-03-10T11:11:35","date_gmt":"2020-03-10T15:11:35","guid":{"rendered":"http:\/\/www.hireimmigrantsottawa.ca\/fr\/?page_id=6023"},"modified":"2024-12-10T15:53:27","modified_gmt":"2024-12-10T20:53:27","slug":"sommet-2020","status":"publish","type":"page","link":"https:\/\/www.hireimmigrantsottawa.ca\/fr\/evenements\/sommet-2020\/","title":{"rendered":"Sommet des employeurs de 2020"},"content":{"rendered":"\t\t<div data-elementor-type=\"wp-page\" data-elementor-id=\"6023\" class=\"elementor elementor-6023 elementor-6021\">\n\t\t\t\t\t\t<section class=\"elementor-section elementor-top-section elementor-element elementor-element-b4ce5ac elementor-section-boxed elementor-section-height-default elementor-section-height-default\" data-id=\"b4ce5ac\" data-element_type=\"section\" data-e-type=\"section\">\n\t\t\t\t\t\t<div class=\"elementor-container elementor-column-gap-default\">\n\t\t\t\t\t<div class=\"elementor-column elementor-col-100 elementor-top-column elementor-element elementor-element-0fc04c9\" data-id=\"0fc04c9\" data-element_type=\"column\" data-e-type=\"column\">\n\t\t\t<div class=\"elementor-widget-wrap elementor-element-populated\">\n\t\t\t\t\t\t<div class=\"elementor-element elementor-element-9ac49a4 elementor-grid-eael-col-3 elementor-grid-tablet-eael-col-2 elementor-grid-mobile-eael-col-1 elementor-widget elementor-widget-eael-post-grid\" data-id=\"9ac49a4\" data-element_type=\"widget\" data-e-type=\"widget\" data-settings=\"{&quot;eael_post_grid_columns&quot;:&quot;eael-col-3&quot;,&quot;eael_post_grid_columns_tablet&quot;:&quot;eael-col-2&quot;,&quot;eael_post_grid_columns_mobile&quot;:&quot;eael-col-1&quot;}\" data-widget_type=\"eael-post-grid.default\">\n\t\t\t\t<div class=\"elementor-widget-container\">\n\t\t\t\t\t<div id=\"eael-post-grid-9ac49a4\" class=\"eael-post-grid-container\">\n            <div class=\"eael-post-grid eael-post-appender eael-post-appender-9ac49a4 eael-post-grid-style-three\" data-layout-mode=\"grid\"><article class=\"eael-grid-post  eael-post-grid-column eael-pg-post-6225\" data-id=\"6225\">\n        <div class=\"eael-grid-post-holder\">\n            <div class=\"eael-grid-post-holder-inner\"><div class=\"eael-entry-media\"><div class=\"eael-entry-overlay fade-in\"><i class=\"fas fa-long-arrow-alt-right\" aria-hidden=\"true\"><\/i><a href=\"https:\/\/www.hireimmigrantsottawa.ca\/fr\/2020_ecc_post\/petit-dejeuner-des-champions-et-remise-de-prix\/\"><\/a><\/div><div class=\"eael-entry-thumbnail eael-image-ratio\">\n                 <img fetchpriority=\"high\" decoding=\"async\" width=\"800\" height=\"316\" src=\"https:\/\/www.hireimmigrantsottawa.ca\/wp-content\/uploads\/2020\/03\/HIO-2020-Summit.jpg\" class=\"attachment-large size-large wp-image-6164\" alt=\"\" srcset=\"https:\/\/www.hireimmigrantsottawa.ca\/wp-content\/uploads\/2020\/03\/HIO-2020-Summit.jpg 1024w, https:\/\/www.hireimmigrantsottawa.ca\/wp-content\/uploads\/2020\/03\/HIO-2020-Summit-300x118.jpg 300w, https:\/\/www.hireimmigrantsottawa.ca\/wp-content\/uploads\/2020\/03\/HIO-2020-Summit-768x303.jpg 768w\" sizes=\"(max-width: 800px) 100vw, 800px\" \/>\n             <\/div>\n        <\/div><div class=\"eael-entry-wrapper\"><header class=\"eael-entry-header\"><h2 class=\"eael-entry-title\"><a class=\"eael-grid-post-link\" href=\"https:\/\/www.hireimmigrantsottawa.ca\/fr\/2020_ecc_post\/petit-dejeuner-des-champions-et-remise-de-prix\/\" title=\"Petit-d\u00e9jeuner des champions et remise de prix\">Petit-d\u00e9jeuner des champions et remise de prix<\/a><\/h2><\/header><div class=\"eael-entry-meta\"><span class=\"eael-posted-on\"><time datetime=\"avril 2, 2020\">avril 2, 2020<\/time><\/span><\/div><div class=\"eael-entry-content\">\n                        <div class=\"eael-grid-post-excerpt\"><p>Le Sommet des employeurs, qui s\u2019est tenu le 11 mars 2020 au Centre national des Arts, a port\u00e9 sur l\u2019incidence des technologies perturbatrices, la nature...<\/p><a href=\"https:\/\/www.hireimmigrantsottawa.ca\/fr\/2020_ecc_post\/petit-dejeuner-des-champions-et-remise-de-prix\/\" class=\"eael-post-elements-readmore-btn\">Continuer la lecture<\/a><\/div>\n                    <\/div><\/div><\/div>\n        <\/div>\n    <\/article><article class=\"eael-grid-post  eael-post-grid-column eael-pg-post-6220\" data-id=\"6220\">\n        <div class=\"eael-grid-post-holder\">\n            <div class=\"eael-grid-post-holder-inner\"><div class=\"eael-entry-media\"><div class=\"eael-entry-overlay fade-in\"><i class=\"fas fa-long-arrow-alt-right\" aria-hidden=\"true\"><\/i><a href=\"https:\/\/www.hireimmigrantsottawa.ca\/fr\/2020_ecc_post\/carrefour-dapprentissage-pour-les-employeurs\/\"><\/a><\/div><div class=\"eael-entry-thumbnail eael-image-ratio\">\n                 <img decoding=\"async\" width=\"800\" height=\"342\" src=\"https:\/\/www.hireimmigrantsottawa.ca\/wp-content\/uploads\/2020\/03\/HIO-2020Summit-panel.jpg\" class=\"attachment-large size-large wp-image-6166\" alt=\"\" srcset=\"https:\/\/www.hireimmigrantsottawa.ca\/wp-content\/uploads\/2020\/03\/HIO-2020Summit-panel.jpg 1024w, https:\/\/www.hireimmigrantsottawa.ca\/wp-content\/uploads\/2020\/03\/HIO-2020Summit-panel-300x128.jpg 300w, https:\/\/www.hireimmigrantsottawa.ca\/wp-content\/uploads\/2020\/03\/HIO-2020Summit-panel-768x329.jpg 768w\" sizes=\"(max-width: 800px) 100vw, 800px\" \/>\n             <\/div>\n        <\/div><div class=\"eael-entry-wrapper\"><header class=\"eael-entry-header\"><h2 class=\"eael-entry-title\"><a class=\"eael-grid-post-link\" href=\"https:\/\/www.hireimmigrantsottawa.ca\/fr\/2020_ecc_post\/carrefour-dapprentissage-pour-les-employeurs\/\" title=\"Carrefour d\u2019apprentissage pour les employeurs\">Carrefour d\u2019apprentissage pour les employeurs<\/a><\/h2><\/header><div class=\"eael-entry-meta\"><span class=\"eael-posted-on\"><time datetime=\"avril 2, 2020\">avril 2, 2020<\/time><\/span><\/div><div class=\"eael-entry-content\">\n                        <div class=\"eael-grid-post-excerpt\"><p>Un groupe d\u2019experts compos\u00e9 d\u2019employeurs et d\u2019une employ\u00e9e immigrante qualifi\u00e9e a discut\u00e9 de la fa\u00e7on dont les technologies perturbatrices changent la nature du travail, cr\u00e9ant...<\/p><a href=\"https:\/\/www.hireimmigrantsottawa.ca\/fr\/2020_ecc_post\/carrefour-dapprentissage-pour-les-employeurs\/\" class=\"eael-post-elements-readmore-btn\">Continuer la lecture<\/a><\/div>\n                    <\/div><\/div><\/div>\n        <\/div>\n    <\/article><\/div>\n            <div class=\"clearfix\"><\/div>\n        <\/div>\t\t\t\t<\/div>\n\t\t\t\t<\/div>\n\t\t\t\t\t<\/div>\n\t\t<\/div>\n\t\t\t\t\t<\/div>\n\t\t<\/section>\n\t\t\t\t<\/div>\n\t\t","protected":false},"excerpt":{"rendered":"<p>Breakfast of Champions and Awards March 30, 2020 The impact of disruptive technologies, the changing nature of work and the role of immigration on labour market and economic trends was [&hellip;]<\/p>\n","protected":false},"author":12,"featured_media":0,"parent":79,"menu_order":0,"comment_status":"closed","ping_status":"closed","template":"","meta":{"_exactmetrics_skip_tracking":false,"_exactmetrics_sitenote_active":false,"_exactmetrics_sitenote_note":"","_exactmetrics_sitenote_category":0,"footnotes":"","_links_to":"","_links_to_target":""},"class_list":["post-6023","page","type-page","status-publish","hentry"],"yoast_head":"<!-- This site is optimized with the Yoast SEO plugin v27.2 - https:\/\/yoast.com\/product\/yoast-seo-wordpress\/ -->\n<title>Sommet des employeurs de 2020 - Hire Immigrants Ottawa<\/title>\n<meta name=\"robots\" content=\"index, follow, max-snippet:-1, max-image-preview:large, max-video-preview:-1\" \/>\n<link rel=\"canonical\" href=\"https:\/\/www.hireimmigrantsottawa.ca\/events-training\/2020-summit\/\" \/>\n<meta property=\"og:locale\" content=\"fr_FR\" \/>\n<meta property=\"og:type\" content=\"article\" \/>\n<meta property=\"og:title\" content=\"Sommet des employeurs de 2020 - Hire Immigrants Ottawa\" \/>\n<meta property=\"og:description\" content=\"Breakfast of Champions and Awards March 30, 2020 The impact of disruptive technologies, the changing nature of work and the role of immigration on labour market and economic trends was [&hellip;]\" \/>\n<meta property=\"og:url\" content=\"https:\/\/www.hireimmigrantsottawa.ca\/events-training\/2020-summit\/\" \/>\n<meta property=\"og:site_name\" content=\"Hire Immigrants Ottawa\" \/>\n<meta property=\"article:modified_time\" content=\"2024-12-10T20:53:27+00:00\" \/>\n<meta property=\"og:image\" content=\"https:\/\/www.hireimmigrantsottawa.ca\/wp-content\/uploads\/2020\/03\/HIO-2020-Summit.jpg\" \/>\n\t<meta property=\"og:image:width\" content=\"1024\" \/>\n\t<meta property=\"og:image:height\" content=\"404\" \/>\n\t<meta property=\"og:image:type\" content=\"image\/jpeg\" \/>\n<meta name=\"twitter:card\" content=\"summary_large_image\" \/>\n<meta name=\"twitter:site\" content=\"@HireImmOttawa\" \/>\n<meta name=\"twitter:label1\" content=\"Dur\u00e9e de lecture estim\u00e9e\" \/>\n\t<meta name=\"twitter:data1\" content=\"1 minute\" \/>\n<script type=\"application\/ld+json\" class=\"yoast-schema-graph\">{\"@context\":\"https:\/\/schema.org\",\"@graph\":[{\"@type\":\"WebPage\",\"@id\":\"https:\/\/www.hireimmigrantsottawa.ca\/events-training\/2020-summit\/\",\"url\":\"https:\/\/www.hireimmigrantsottawa.ca\/events-training\/2020-summit\/\",\"name\":\"Sommet des employeurs de 2020 - Hire Immigrants Ottawa\",\"isPartOf\":{\"@id\":\"https:\/\/www.hireimmigrantsottawa.ca\/#website\"},\"primaryImageOfPage\":{\"@id\":\"https:\/\/www.hireimmigrantsottawa.ca\/events-training\/2020-summit\/#primaryimage\"},\"image\":{\"@id\":\"https:\/\/www.hireimmigrantsottawa.ca\/events-training\/2020-summit\/#primaryimage\"},\"thumbnailUrl\":\"https:\/\/www.hireimmigrantsottawa.ca\/wp-content\/uploads\/2020\/03\/HIO-2020-Summit.jpg\",\"datePublished\":\"2020-03-10T15:11:35+00:00\",\"dateModified\":\"2024-12-10T20:53:27+00:00\",\"breadcrumb\":{\"@id\":\"https:\/\/www.hireimmigrantsottawa.ca\/events-training\/2020-summit\/#breadcrumb\"},\"inLanguage\":\"fr-FR\",\"potentialAction\":[{\"@type\":\"ReadAction\",\"target\":[\"https:\/\/www.hireimmigrantsottawa.ca\/events-training\/2020-summit\/\"]}]},{\"@type\":\"ImageObject\",\"inLanguage\":\"fr-FR\",\"@id\":\"https:\/\/www.hireimmigrantsottawa.ca\/events-training\/2020-summit\/#primaryimage\",\"url\":\"https:\/\/www.hireimmigrantsottawa.ca\/wp-content\/uploads\/2020\/03\/HIO-2020-Summit.jpg\",\"contentUrl\":\"https:\/\/www.hireimmigrantsottawa.ca\/wp-content\/uploads\/2020\/03\/HIO-2020-Summit.jpg\"},{\"@type\":\"BreadcrumbList\",\"@id\":\"https:\/\/www.hireimmigrantsottawa.ca\/events-training\/2020-summit\/#breadcrumb\",\"itemListElement\":[{\"@type\":\"ListItem\",\"position\":1,\"name\":\"Home\",\"item\":\"https:\/\/www.hireimmigrantsottawa.ca\/\"},{\"@type\":\"ListItem\",\"position\":2,\"name\":\"\u00c9v\u00e9nements\",\"item\":\"https:\/\/www.hireimmigrantsottawa.ca\/fr\/evenements\/\"},{\"@type\":\"ListItem\",\"position\":3,\"name\":\"Sommet des employeurs de 2020\"}]},{\"@type\":\"WebSite\",\"@id\":\"https:\/\/www.hireimmigrantsottawa.ca\/#website\",\"url\":\"https:\/\/www.hireimmigrantsottawa.ca\/\",\"name\":\"Hire Immigrants Ottawa\",\"description\":\"increases the capacity of employers to attract and integrate skilled immigrants\",\"publisher\":{\"@id\":\"https:\/\/www.hireimmigrantsottawa.ca\/#organization\"},\"potentialAction\":[{\"@type\":\"SearchAction\",\"target\":{\"@type\":\"EntryPoint\",\"urlTemplate\":\"https:\/\/www.hireimmigrantsottawa.ca\/?s={search_term_string}\"},\"query-input\":{\"@type\":\"PropertyValueSpecification\",\"valueRequired\":true,\"valueName\":\"search_term_string\"}}],\"inLanguage\":\"fr-FR\"},{\"@type\":\"Organization\",\"@id\":\"https:\/\/www.hireimmigrantsottawa.ca\/#organization\",\"name\":\"Hire Immigrants Ottawa\",\"url\":\"https:\/\/www.hireimmigrantsottawa.ca\/\",\"logo\":{\"@type\":\"ImageObject\",\"inLanguage\":\"fr-FR\",\"@id\":\"https:\/\/www.hireimmigrantsottawa.ca\/#\/schema\/logo\/image\/\",\"url\":\"https:\/\/www.hireimmigrantsottawa.ca\/wp-content\/uploads\/2023\/10\/hio-logo_bow_EN_web.png\",\"contentUrl\":\"https:\/\/www.hireimmigrantsottawa.ca\/wp-content\/uploads\/2023\/10\/hio-logo_bow_EN_web.png\",\"width\":745,\"height\":160,\"caption\":\"Hire Immigrants Ottawa\"},\"image\":{\"@id\":\"https:\/\/www.hireimmigrantsottawa.ca\/#\/schema\/logo\/image\/\"},\"sameAs\":[\"https:\/\/x.com\/HireImmOttawa\",\"https:\/\/www.youtube.com\/user\/hireimmigrantsottawa\"]}]}<\/script>\n<!-- \/ Yoast SEO plugin. -->","yoast_head_json":{"title":"Sommet des employeurs de 2020 - Hire Immigrants Ottawa","robots":{"index":"index","follow":"follow","max-snippet":"max-snippet:-1","max-image-preview":"max-image-preview:large","max-video-preview":"max-video-preview:-1"},"canonical":"https:\/\/www.hireimmigrantsottawa.ca\/events-training\/2020-summit\/","og_locale":"fr_FR","og_type":"article","og_title":"Sommet des employeurs de 2020 - Hire Immigrants Ottawa","og_description":"Breakfast of Champions and Awards March 30, 2020 The impact of disruptive technologies, the changing nature of work and the role of immigration on labour market and economic trends was [&hellip;]","og_url":"https:\/\/www.hireimmigrantsottawa.ca\/events-training\/2020-summit\/","og_site_name":"Hire Immigrants Ottawa","article_modified_time":"2024-12-10T20:53:27+00:00","og_image":[{"width":1024,"height":404,"url":"https:\/\/www.hireimmigrantsottawa.ca\/wp-content\/uploads\/2020\/03\/HIO-2020-Summit.jpg","type":"image\/jpeg"}],"twitter_card":"summary_large_image","twitter_site":"@HireImmOttawa","twitter_misc":{"Dur\u00e9e de lecture estim\u00e9e":"1 minute"},"schema":{"@context":"https:\/\/schema.org","@graph":[{"@type":"WebPage","@id":"https:\/\/www.hireimmigrantsottawa.ca\/events-training\/2020-summit\/","url":"https:\/\/www.hireimmigrantsottawa.ca\/events-training\/2020-summit\/","name":"Sommet des employeurs de 2020 - Hire Immigrants Ottawa","isPartOf":{"@id":"https:\/\/www.hireimmigrantsottawa.ca\/#website"},"primaryImageOfPage":{"@id":"https:\/\/www.hireimmigrantsottawa.ca\/events-training\/2020-summit\/#primaryimage"},"image":{"@id":"https:\/\/www.hireimmigrantsottawa.ca\/events-training\/2020-summit\/#primaryimage"},"thumbnailUrl":"https:\/\/www.hireimmigrantsottawa.ca\/wp-content\/uploads\/2020\/03\/HIO-2020-Summit.jpg","datePublished":"2020-03-10T15:11:35+00:00","dateModified":"2024-12-10T20:53:27+00:00","breadcrumb":{"@id":"https:\/\/www.hireimmigrantsottawa.ca\/events-training\/2020-summit\/#breadcrumb"},"inLanguage":"fr-FR","potentialAction":[{"@type":"ReadAction","target":["https:\/\/www.hireimmigrantsottawa.ca\/events-training\/2020-summit\/"]}]},{"@type":"ImageObject","inLanguage":"fr-FR","@id":"https:\/\/www.hireimmigrantsottawa.ca\/events-training\/2020-summit\/#primaryimage","url":"https:\/\/www.hireimmigrantsottawa.ca\/wp-content\/uploads\/2020\/03\/HIO-2020-Summit.jpg","contentUrl":"https:\/\/www.hireimmigrantsottawa.ca\/wp-content\/uploads\/2020\/03\/HIO-2020-Summit.jpg"},{"@type":"BreadcrumbList","@id":"https:\/\/www.hireimmigrantsottawa.ca\/events-training\/2020-summit\/#breadcrumb","itemListElement":[{"@type":"ListItem","position":1,"name":"Home","item":"https:\/\/www.hireimmigrantsottawa.ca\/"},{"@type":"ListItem","position":2,"name":"\u00c9v\u00e9nements","item":"https:\/\/www.hireimmigrantsottawa.ca\/fr\/evenements\/"},{"@type":"ListItem","position":3,"name":"Sommet des employeurs de 2020"}]},{"@type":"WebSite","@id":"https:\/\/www.hireimmigrantsottawa.ca\/#website","url":"https:\/\/www.hireimmigrantsottawa.ca\/","name":"Hire Immigrants Ottawa","description":"increases the capacity of employers to attract and integrate skilled immigrants","publisher":{"@id":"https:\/\/www.hireimmigrantsottawa.ca\/#organization"},"potentialAction":[{"@type":"SearchAction","target":{"@type":"EntryPoint","urlTemplate":"https:\/\/www.hireimmigrantsottawa.ca\/?s={search_term_string}"},"query-input":{"@type":"PropertyValueSpecification","valueRequired":true,"valueName":"search_term_string"}}],"inLanguage":"fr-FR"},{"@type":"Organization","@id":"https:\/\/www.hireimmigrantsottawa.ca\/#organization","name":"Hire Immigrants Ottawa","url":"https:\/\/www.hireimmigrantsottawa.ca\/","logo":{"@type":"ImageObject","inLanguage":"fr-FR","@id":"https:\/\/www.hireimmigrantsottawa.ca\/#\/schema\/logo\/image\/","url":"https:\/\/www.hireimmigrantsottawa.ca\/wp-content\/uploads\/2023\/10\/hio-logo_bow_EN_web.png","contentUrl":"https:\/\/www.hireimmigrantsottawa.ca\/wp-content\/uploads\/2023\/10\/hio-logo_bow_EN_web.png","width":745,"height":160,"caption":"Hire Immigrants Ottawa"},"image":{"@id":"https:\/\/www.hireimmigrantsottawa.ca\/#\/schema\/logo\/image\/"},"sameAs":["https:\/\/x.com\/HireImmOttawa","https:\/\/www.youtube.com\/user\/hireimmigrantsottawa"]}]}},"_links":{"self":[{"href":"https:\/\/www.hireimmigrantsottawa.ca\/fr\/wp-json\/wp\/v2\/pages\/6023","targetHints":{"allow":["GET"]}}],"collection":[{"href":"https:\/\/www.hireimmigrantsottawa.ca\/fr\/wp-json\/wp\/v2\/pages"}],"about":[{"href":"https:\/\/www.hireimmigrantsottawa.ca\/fr\/wp-json\/wp\/v2\/types\/page"}],"author":[{"embeddable":true,"href":"https:\/\/www.hireimmigrantsottawa.ca\/fr\/wp-json\/wp\/v2\/users\/12"}],"replies":[{"embeddable":true,"href":"https:\/\/www.hireimmigrantsottawa.ca\/fr\/wp-json\/wp\/v2\/comments?post=6023"}],"version-history":[{"count":8,"href":"https:\/\/www.hireimmigrantsottawa.ca\/fr\/wp-json\/wp\/v2\/pages\/6023\/revisions"}],"predecessor-version":[{"id":9471,"href":"https:\/\/www.hireimmigrantsottawa.ca\/fr\/wp-json\/wp\/v2\/pages\/6023\/revisions\/9471"}],"up":[{"embeddable":true,"href":"https:\/\/www.hireimmigrantsottawa.ca\/fr\/wp-json\/wp\/v2\/pages\/79"}],"wp:attachment":[{"href":"https:\/\/www.hireimmigrantsottawa.ca\/fr\/wp-json\/wp\/v2\/media?parent=6023"}],"curies":[{"name":"wp","href":"https:\/\/api.w.org\/{rel}","templated":true}]}}