{"id":5590,"date":"2019-03-05T19:40:32","date_gmt":"2019-03-06T00:40:32","guid":{"rendered":"http:\/\/www.hireimmigrantsottawa.ca\/fr\/?page_id=5590"},"modified":"2024-12-10T15:54:43","modified_gmt":"2024-12-10T20:54:43","slug":"laureats-2019","status":"publish","type":"page","link":"https:\/\/www.hireimmigrantsottawa.ca\/fr\/prix-demployeur\/laureats-2019\/","title":{"rendered":"Laur\u00e9ats 2019"},"content":{"rendered":"\t\t<div data-elementor-type=\"wp-page\" data-elementor-id=\"5590\" class=\"elementor elementor-5590 elementor-5588\">\n\t\t\t\t\t\t<section class=\"elementor-section elementor-top-section elementor-element elementor-element-4a18456 elementor-section-boxed elementor-section-height-default elementor-section-height-default\" data-id=\"4a18456\" data-element_type=\"section\" data-e-type=\"section\">\n\t\t\t\t\t\t<div class=\"elementor-container elementor-column-gap-default\">\n\t\t\t\t\t<div class=\"elementor-column elementor-col-100 elementor-top-column elementor-element elementor-element-0fd6bef\" data-id=\"0fd6bef\" data-element_type=\"column\" data-e-type=\"column\">\n\t\t\t<div class=\"elementor-widget-wrap elementor-element-populated\">\n\t\t\t\t\t\t<div class=\"elementor-element elementor-element-636ed04 elementor-grid-eael-col-3 elementor-grid-tablet-eael-col-2 elementor-grid-mobile-eael-col-1 elementor-widget elementor-widget-eael-post-grid\" data-id=\"636ed04\" data-element_type=\"widget\" data-e-type=\"widget\" data-settings=\"{&quot;eael_post_grid_columns&quot;:&quot;eael-col-3&quot;,&quot;eael_post_grid_columns_tablet&quot;:&quot;eael-col-2&quot;,&quot;eael_post_grid_columns_mobile&quot;:&quot;eael-col-1&quot;}\" data-widget_type=\"eael-post-grid.default\">\n\t\t\t\t<div class=\"elementor-widget-container\">\n\t\t\t\t\t<div id=\"eael-post-grid-636ed04\" class=\"eael-post-grid-container\">\n            <div class=\"eael-post-grid eael-post-appender eael-post-appender-636ed04 eael-post-grid-style-three\" data-layout-mode=\"grid\"><article class=\"eael-grid-post  eael-post-grid-column eael-pg-post-5631\" data-id=\"5631\">\n        <div class=\"eael-grid-post-holder\">\n            <div class=\"eael-grid-post-holder-inner\"><div class=\"eael-entry-media\"><div class=\"eael-entry-overlay fade-in\"><i class=\"fas fa-long-arrow-alt-right\" aria-hidden=\"true\"><\/i><a href=\"https:\/\/www.hireimmigrantsottawa.ca\/fr\/2019_award_recipient\/cuso-international\/\"><\/a><\/div><div class=\"eael-entry-thumbnail eael-image-ratio\">\n                 <img fetchpriority=\"high\" decoding=\"async\" width=\"583\" height=\"391\" src=\"https:\/\/www.hireimmigrantsottawa.ca\/wp-content\/uploads\/2019\/03\/Cuso_Int.-Awards2019-Web.jpg\" class=\"attachment-large size-large wp-image-5666\" alt=\"\" srcset=\"https:\/\/www.hireimmigrantsottawa.ca\/wp-content\/uploads\/2019\/03\/Cuso_Int.-Awards2019-Web.jpg 583w, https:\/\/www.hireimmigrantsottawa.ca\/wp-content\/uploads\/2019\/03\/Cuso_Int.-Awards2019-Web-300x201.jpg 300w\" sizes=\"(max-width: 583px) 100vw, 583px\" \/>\n             <\/div>\n        <\/div><div class=\"eael-entry-wrapper\"><header class=\"eael-entry-header\"><h2 class=\"eael-entry-title\"><a class=\"eael-grid-post-link\" href=\"https:\/\/www.hireimmigrantsottawa.ca\/fr\/2019_award_recipient\/cuso-international\/\" title=\"Cuso International\">Cuso International<\/a><\/h2><\/header><div class=\"eael-entry-meta\"><span class=\"eael-posted-on\"><time datetime=\"mars 5, 2019\">mars 5, 2019<\/time><\/span><\/div><div class=\"eael-entry-content\">\n                        <div class=\"eael-grid-post-excerpt\"><p>Une approche r\u00e9ussie, bas\u00e9e sur les valeurs Cuso International est un organisme de d\u00e9veloppement international sans but lucratif ayant pour mission et vision de r\u00e9duire...<\/p><a href=\"https:\/\/www.hireimmigrantsottawa.ca\/fr\/2019_award_recipient\/cuso-international\/\" class=\"eael-post-elements-readmore-btn\">Continuer la lecture<\/a><\/div>\n                    <\/div><\/div><\/div>\n        <\/div>\n    <\/article><article class=\"eael-grid-post  eael-post-grid-column eael-pg-post-5615\" data-id=\"5615\">\n        <div class=\"eael-grid-post-holder\">\n            <div class=\"eael-grid-post-holder-inner\"><div class=\"eael-entry-media\"><div class=\"eael-entry-overlay fade-in\"><i class=\"fas fa-long-arrow-alt-right\" aria-hidden=\"true\"><\/i><a href=\"https:\/\/www.hireimmigrantsottawa.ca\/fr\/2019_award_recipient\/lim-geomatics\/\"><\/a><\/div><div class=\"eael-entry-thumbnail eael-image-ratio\">\n                 <img decoding=\"async\" width=\"608\" height=\"406\" src=\"https:\/\/www.hireimmigrantsottawa.ca\/wp-content\/uploads\/2019\/03\/Lim-Geomatics_Awards2019-Web.jpg\" class=\"attachment-large size-large wp-image-5661\" alt=\"\" srcset=\"https:\/\/www.hireimmigrantsottawa.ca\/wp-content\/uploads\/2019\/03\/Lim-Geomatics_Awards2019-Web.jpg 608w, https:\/\/www.hireimmigrantsottawa.ca\/wp-content\/uploads\/2019\/03\/Lim-Geomatics_Awards2019-Web-300x200.jpg 300w\" sizes=\"(max-width: 608px) 100vw, 608px\" \/>\n             <\/div>\n        <\/div><div class=\"eael-entry-wrapper\"><header class=\"eael-entry-header\"><h2 class=\"eael-entry-title\"><a class=\"eael-grid-post-link\" href=\"https:\/\/www.hireimmigrantsottawa.ca\/fr\/2019_award_recipient\/lim-geomatics\/\" title=\"Lim Geomatics\">Lim Geomatics<\/a><\/h2><\/header><div class=\"eael-entry-meta\"><span class=\"eael-posted-on\"><time datetime=\"mars 5, 2019\">mars 5, 2019<\/time><\/span><\/div><div class=\"eael-entry-content\">\n                        <div class=\"eael-grid-post-excerpt\"><p>La diversit\u00e9 fait tourner le moteur de l\u2019innovation Lim Geomatics est une entreprise de technologie g\u00e9ospatiale en croissance exceptionnelle. L\u2019entreprise est devenue une marque mondiale,...<\/p><a href=\"https:\/\/www.hireimmigrantsottawa.ca\/fr\/2019_award_recipient\/lim-geomatics\/\" class=\"eael-post-elements-readmore-btn\">Continuer la lecture<\/a><\/div>\n                    <\/div><\/div><\/div>\n        <\/div>\n    <\/article><article class=\"eael-grid-post  eael-post-grid-column eael-pg-post-5610\" data-id=\"5610\">\n        <div class=\"eael-grid-post-holder\">\n            <div class=\"eael-grid-post-holder-inner\"><div class=\"eael-entry-media\"><div class=\"eael-entry-overlay fade-in\"><i class=\"fas fa-long-arrow-alt-right\" aria-hidden=\"true\"><\/i><a href=\"https:\/\/www.hireimmigrantsottawa.ca\/fr\/2019_award_recipient\/lhopital-dottawa\/\"><\/a><\/div><div class=\"eael-entry-thumbnail eael-image-ratio\">\n                 <img decoding=\"async\" width=\"640\" height=\"427\" src=\"https:\/\/www.hireimmigrantsottawa.ca\/wp-content\/uploads\/2019\/03\/TOH_Awards2019-Web.jpg\" class=\"attachment-large size-large wp-image-5664\" alt=\"\" srcset=\"https:\/\/www.hireimmigrantsottawa.ca\/wp-content\/uploads\/2019\/03\/TOH_Awards2019-Web.jpg 640w, https:\/\/www.hireimmigrantsottawa.ca\/wp-content\/uploads\/2019\/03\/TOH_Awards2019-Web-300x200.jpg 300w\" sizes=\"(max-width: 640px) 100vw, 640px\" \/>\n             <\/div>\n        <\/div><div class=\"eael-entry-wrapper\"><header class=\"eael-entry-header\"><h2 class=\"eael-entry-title\"><a class=\"eael-grid-post-link\" href=\"https:\/\/www.hireimmigrantsottawa.ca\/fr\/2019_award_recipient\/lhopital-dottawa\/\" title=\"L\u2019H\u00f4pital d\u2019Ottawa\">L\u2019H\u00f4pital d\u2019Ottawa<\/a><\/h2><\/header><div class=\"eael-entry-meta\"><span class=\"eael-posted-on\"><time datetime=\"mars 5, 2019\">mars 5, 2019<\/time><\/span><\/div><div class=\"eael-entry-content\">\n                        <div class=\"eael-grid-post-excerpt\"><p>Soins sans \u00e9gaux dans la communaut\u00e9 L\u2019H\u00f4pital d\u2019Ottawa (HO) est un centre universitaire des sciences de la sant\u00e9 \u00e9tabli sur plusieurs campus qui dessert 1,2...<\/p><a href=\"https:\/\/www.hireimmigrantsottawa.ca\/fr\/2019_award_recipient\/lhopital-dottawa\/\" class=\"eael-post-elements-readmore-btn\">Continuer la lecture<\/a><\/div>\n                    <\/div><\/div><\/div>\n        <\/div>\n    <\/article><\/div>\n            <div class=\"clearfix\"><\/div>\n        <\/div>\t\t\t\t<\/div>\n\t\t\t\t<\/div>\n\t\t\t\t\t<\/div>\n\t\t<\/div>\n\t\t\t\t\t<\/div>\n\t\t<\/section>\n\t\t\t\t<\/div>\n\t\t","protected":false},"excerpt":{"rendered":"<p>Cuso International March 5, 2019 A Values-Driven Approach that Works Cuso International is a not-for-profit, development organization with a vision and mission to eradicate poverty and inequality through the efforts&#8230; [&hellip;]<\/p>\n","protected":false},"author":12,"featured_media":0,"parent":77,"menu_order":0,"comment_status":"closed","ping_status":"closed","template":"","meta":{"_exactmetrics_skip_tracking":false,"_exactmetrics_sitenote_active":false,"_exactmetrics_sitenote_note":"","_exactmetrics_sitenote_category":0,"footnotes":"","_links_to":"","_links_to_target":""},"class_list":["post-5590","page","type-page","status-publish","hentry"],"yoast_head":"<!-- This site is optimized with the Yoast SEO plugin v27.2 - https:\/\/yoast.com\/product\/yoast-seo-wordpress\/ -->\n<title>Laur\u00e9ats 2019 - Hire Immigrants Ottawa<\/title>\n<meta name=\"robots\" content=\"index, follow, max-snippet:-1, max-image-preview:large, max-video-preview:-1\" \/>\n<link rel=\"canonical\" href=\"https:\/\/www.hireimmigrantsottawa.ca\/employer-awards\/2019-awards-recipients\/\" \/>\n<meta property=\"og:locale\" content=\"fr_FR\" \/>\n<meta property=\"og:type\" content=\"article\" \/>\n<meta property=\"og:title\" content=\"Laur\u00e9ats 2019 - Hire Immigrants Ottawa\" \/>\n<meta property=\"og:description\" content=\"Cuso International March 5, 2019 A Values-Driven Approach that Works Cuso International is a not-for-profit, development organization with a vision and mission to eradicate poverty and inequality through the efforts&#8230; [&hellip;]\" \/>\n<meta property=\"og:url\" content=\"https:\/\/www.hireimmigrantsottawa.ca\/employer-awards\/2019-awards-recipients\/\" \/>\n<meta property=\"og:site_name\" content=\"Hire Immigrants Ottawa\" \/>\n<meta property=\"article:modified_time\" content=\"2024-12-10T20:54:43+00:00\" \/>\n<meta property=\"og:image\" content=\"https:\/\/www.hireimmigrantsottawa.ca\/wp-content\/uploads\/2019\/03\/Cuso_Int.-Awards2019-Web.jpg\" \/>\n\t<meta property=\"og:image:width\" content=\"583\" \/>\n\t<meta property=\"og:image:height\" content=\"391\" \/>\n\t<meta property=\"og:image:type\" content=\"image\/jpeg\" \/>\n<meta name=\"twitter:card\" content=\"summary_large_image\" \/>\n<meta name=\"twitter:site\" content=\"@HireImmOttawa\" \/>\n<meta name=\"twitter:label1\" content=\"Dur\u00e9e de lecture estim\u00e9e\" \/>\n\t<meta name=\"twitter:data1\" content=\"2 minutes\" \/>\n<script type=\"application\/ld+json\" class=\"yoast-schema-graph\">{\"@context\":\"https:\/\/schema.org\",\"@graph\":[{\"@type\":\"WebPage\",\"@id\":\"https:\/\/www.hireimmigrantsottawa.ca\/employer-awards\/2019-awards-recipients\/\",\"url\":\"https:\/\/www.hireimmigrantsottawa.ca\/employer-awards\/2019-awards-recipients\/\",\"name\":\"Laur\u00e9ats 2019 - Hire Immigrants Ottawa\",\"isPartOf\":{\"@id\":\"https:\/\/www.hireimmigrantsottawa.ca\/#website\"},\"primaryImageOfPage\":{\"@id\":\"https:\/\/www.hireimmigrantsottawa.ca\/employer-awards\/2019-awards-recipients\/#primaryimage\"},\"image\":{\"@id\":\"https:\/\/www.hireimmigrantsottawa.ca\/employer-awards\/2019-awards-recipients\/#primaryimage\"},\"thumbnailUrl\":\"https:\/\/www.hireimmigrantsottawa.ca\/wp-content\/uploads\/2019\/03\/Cuso_Int.-Awards2019-Web.jpg\",\"datePublished\":\"2019-03-06T00:40:32+00:00\",\"dateModified\":\"2024-12-10T20:54:43+00:00\",\"breadcrumb\":{\"@id\":\"https:\/\/www.hireimmigrantsottawa.ca\/employer-awards\/2019-awards-recipients\/#breadcrumb\"},\"inLanguage\":\"fr-FR\",\"potentialAction\":[{\"@type\":\"ReadAction\",\"target\":[\"https:\/\/www.hireimmigrantsottawa.ca\/employer-awards\/2019-awards-recipients\/\"]}]},{\"@type\":\"ImageObject\",\"inLanguage\":\"fr-FR\",\"@id\":\"https:\/\/www.hireimmigrantsottawa.ca\/employer-awards\/2019-awards-recipients\/#primaryimage\",\"url\":\"https:\/\/www.hireimmigrantsottawa.ca\/wp-content\/uploads\/2019\/03\/Cuso_Int.-Awards2019-Web.jpg\",\"contentUrl\":\"https:\/\/www.hireimmigrantsottawa.ca\/wp-content\/uploads\/2019\/03\/Cuso_Int.-Awards2019-Web.jpg\"},{\"@type\":\"BreadcrumbList\",\"@id\":\"https:\/\/www.hireimmigrantsottawa.ca\/employer-awards\/2019-awards-recipients\/#breadcrumb\",\"itemListElement\":[{\"@type\":\"ListItem\",\"position\":1,\"name\":\"Home\",\"item\":\"https:\/\/www.hireimmigrantsottawa.ca\/\"},{\"@type\":\"ListItem\",\"position\":2,\"name\":\"Prix d&#8217;employeur\",\"item\":\"https:\/\/www.hireimmigrantsottawa.ca\/fr\/prix-demployeur\/\"},{\"@type\":\"ListItem\",\"position\":3,\"name\":\"Laur\u00e9ats 2019\"}]},{\"@type\":\"WebSite\",\"@id\":\"https:\/\/www.hireimmigrantsottawa.ca\/#website\",\"url\":\"https:\/\/www.hireimmigrantsottawa.ca\/\",\"name\":\"Hire Immigrants Ottawa\",\"description\":\"increases the capacity of employers to attract and integrate skilled immigrants\",\"publisher\":{\"@id\":\"https:\/\/www.hireimmigrantsottawa.ca\/#organization\"},\"potentialAction\":[{\"@type\":\"SearchAction\",\"target\":{\"@type\":\"EntryPoint\",\"urlTemplate\":\"https:\/\/www.hireimmigrantsottawa.ca\/?s={search_term_string}\"},\"query-input\":{\"@type\":\"PropertyValueSpecification\",\"valueRequired\":true,\"valueName\":\"search_term_string\"}}],\"inLanguage\":\"fr-FR\"},{\"@type\":\"Organization\",\"@id\":\"https:\/\/www.hireimmigrantsottawa.ca\/#organization\",\"name\":\"Hire Immigrants Ottawa\",\"url\":\"https:\/\/www.hireimmigrantsottawa.ca\/\",\"logo\":{\"@type\":\"ImageObject\",\"inLanguage\":\"fr-FR\",\"@id\":\"https:\/\/www.hireimmigrantsottawa.ca\/#\/schema\/logo\/image\/\",\"url\":\"https:\/\/www.hireimmigrantsottawa.ca\/wp-content\/uploads\/2023\/10\/hio-logo_bow_EN_web.png\",\"contentUrl\":\"https:\/\/www.hireimmigrantsottawa.ca\/wp-content\/uploads\/2023\/10\/hio-logo_bow_EN_web.png\",\"width\":745,\"height\":160,\"caption\":\"Hire Immigrants Ottawa\"},\"image\":{\"@id\":\"https:\/\/www.hireimmigrantsottawa.ca\/#\/schema\/logo\/image\/\"},\"sameAs\":[\"https:\/\/x.com\/HireImmOttawa\",\"https:\/\/www.youtube.com\/user\/hireimmigrantsottawa\"]}]}<\/script>\n<!-- \/ Yoast SEO plugin. -->","yoast_head_json":{"title":"Laur\u00e9ats 2019 - Hire Immigrants Ottawa","robots":{"index":"index","follow":"follow","max-snippet":"max-snippet:-1","max-image-preview":"max-image-preview:large","max-video-preview":"max-video-preview:-1"},"canonical":"https:\/\/www.hireimmigrantsottawa.ca\/employer-awards\/2019-awards-recipients\/","og_locale":"fr_FR","og_type":"article","og_title":"Laur\u00e9ats 2019 - Hire Immigrants Ottawa","og_description":"Cuso International March 5, 2019 A Values-Driven Approach that Works Cuso International is a not-for-profit, development organization with a vision and mission to eradicate poverty and inequality through the efforts&#8230; [&hellip;]","og_url":"https:\/\/www.hireimmigrantsottawa.ca\/employer-awards\/2019-awards-recipients\/","og_site_name":"Hire Immigrants Ottawa","article_modified_time":"2024-12-10T20:54:43+00:00","og_image":[{"width":583,"height":391,"url":"https:\/\/www.hireimmigrantsottawa.ca\/wp-content\/uploads\/2019\/03\/Cuso_Int.-Awards2019-Web.jpg","type":"image\/jpeg"}],"twitter_card":"summary_large_image","twitter_site":"@HireImmOttawa","twitter_misc":{"Dur\u00e9e de lecture estim\u00e9e":"2 minutes"},"schema":{"@context":"https:\/\/schema.org","@graph":[{"@type":"WebPage","@id":"https:\/\/www.hireimmigrantsottawa.ca\/employer-awards\/2019-awards-recipients\/","url":"https:\/\/www.hireimmigrantsottawa.ca\/employer-awards\/2019-awards-recipients\/","name":"Laur\u00e9ats 2019 - Hire Immigrants Ottawa","isPartOf":{"@id":"https:\/\/www.hireimmigrantsottawa.ca\/#website"},"primaryImageOfPage":{"@id":"https:\/\/www.hireimmigrantsottawa.ca\/employer-awards\/2019-awards-recipients\/#primaryimage"},"image":{"@id":"https:\/\/www.hireimmigrantsottawa.ca\/employer-awards\/2019-awards-recipients\/#primaryimage"},"thumbnailUrl":"https:\/\/www.hireimmigrantsottawa.ca\/wp-content\/uploads\/2019\/03\/Cuso_Int.-Awards2019-Web.jpg","datePublished":"2019-03-06T00:40:32+00:00","dateModified":"2024-12-10T20:54:43+00:00","breadcrumb":{"@id":"https:\/\/www.hireimmigrantsottawa.ca\/employer-awards\/2019-awards-recipients\/#breadcrumb"},"inLanguage":"fr-FR","potentialAction":[{"@type":"ReadAction","target":["https:\/\/www.hireimmigrantsottawa.ca\/employer-awards\/2019-awards-recipients\/"]}]},{"@type":"ImageObject","inLanguage":"fr-FR","@id":"https:\/\/www.hireimmigrantsottawa.ca\/employer-awards\/2019-awards-recipients\/#primaryimage","url":"https:\/\/www.hireimmigrantsottawa.ca\/wp-content\/uploads\/2019\/03\/Cuso_Int.-Awards2019-Web.jpg","contentUrl":"https:\/\/www.hireimmigrantsottawa.ca\/wp-content\/uploads\/2019\/03\/Cuso_Int.-Awards2019-Web.jpg"},{"@type":"BreadcrumbList","@id":"https:\/\/www.hireimmigrantsottawa.ca\/employer-awards\/2019-awards-recipients\/#breadcrumb","itemListElement":[{"@type":"ListItem","position":1,"name":"Home","item":"https:\/\/www.hireimmigrantsottawa.ca\/"},{"@type":"ListItem","position":2,"name":"Prix d&#8217;employeur","item":"https:\/\/www.hireimmigrantsottawa.ca\/fr\/prix-demployeur\/"},{"@type":"ListItem","position":3,"name":"Laur\u00e9ats 2019"}]},{"@type":"WebSite","@id":"https:\/\/www.hireimmigrantsottawa.ca\/#website","url":"https:\/\/www.hireimmigrantsottawa.ca\/","name":"Hire Immigrants Ottawa","description":"increases the capacity of employers to attract and integrate skilled immigrants","publisher":{"@id":"https:\/\/www.hireimmigrantsottawa.ca\/#organization"},"potentialAction":[{"@type":"SearchAction","target":{"@type":"EntryPoint","urlTemplate":"https:\/\/www.hireimmigrantsottawa.ca\/?s={search_term_string}"},"query-input":{"@type":"PropertyValueSpecification","valueRequired":true,"valueName":"search_term_string"}}],"inLanguage":"fr-FR"},{"@type":"Organization","@id":"https:\/\/www.hireimmigrantsottawa.ca\/#organization","name":"Hire Immigrants Ottawa","url":"https:\/\/www.hireimmigrantsottawa.ca\/","logo":{"@type":"ImageObject","inLanguage":"fr-FR","@id":"https:\/\/www.hireimmigrantsottawa.ca\/#\/schema\/logo\/image\/","url":"https:\/\/www.hireimmigrantsottawa.ca\/wp-content\/uploads\/2023\/10\/hio-logo_bow_EN_web.png","contentUrl":"https:\/\/www.hireimmigrantsottawa.ca\/wp-content\/uploads\/2023\/10\/hio-logo_bow_EN_web.png","width":745,"height":160,"caption":"Hire Immigrants Ottawa"},"image":{"@id":"https:\/\/www.hireimmigrantsottawa.ca\/#\/schema\/logo\/image\/"},"sameAs":["https:\/\/x.com\/HireImmOttawa","https:\/\/www.youtube.com\/user\/hireimmigrantsottawa"]}]}},"_links":{"self":[{"href":"https:\/\/www.hireimmigrantsottawa.ca\/fr\/wp-json\/wp\/v2\/pages\/5590","targetHints":{"allow":["GET"]}}],"collection":[{"href":"https:\/\/www.hireimmigrantsottawa.ca\/fr\/wp-json\/wp\/v2\/pages"}],"about":[{"href":"https:\/\/www.hireimmigrantsottawa.ca\/fr\/wp-json\/wp\/v2\/types\/page"}],"author":[{"embeddable":true,"href":"https:\/\/www.hireimmigrantsottawa.ca\/fr\/wp-json\/wp\/v2\/users\/12"}],"replies":[{"embeddable":true,"href":"https:\/\/www.hireimmigrantsottawa.ca\/fr\/wp-json\/wp\/v2\/comments?post=5590"}],"version-history":[{"count":5,"href":"https:\/\/www.hireimmigrantsottawa.ca\/fr\/wp-json\/wp\/v2\/pages\/5590\/revisions"}],"predecessor-version":[{"id":9480,"href":"https:\/\/www.hireimmigrantsottawa.ca\/fr\/wp-json\/wp\/v2\/pages\/5590\/revisions\/9480"}],"up":[{"embeddable":true,"href":"https:\/\/www.hireimmigrantsottawa.ca\/fr\/wp-json\/wp\/v2\/pages\/77"}],"wp:attachment":[{"href":"https:\/\/www.hireimmigrantsottawa.ca\/fr\/wp-json\/wp\/v2\/media?parent=5590"}],"curies":[{"name":"wp","href":"https:\/\/api.w.org\/{rel}","templated":true}]}}