{"id":55,"date":"2013-10-03T04:19:07","date_gmt":"2013-10-03T04:19:07","guid":{"rendered":"http:\/\/www.hireimmigrantsottawa.ca\/?page_id=55"},"modified":"2017-02-03T21:53:11","modified_gmt":"2017-02-04T02:53:11","slug":"initiative","status":"publish","type":"page","link":"https:\/\/www.hireimmigrantsottawa.ca\/fr\/initiative\/","title":{"rendered":"L\u2019Initiative EIO"},"content":{"rendered":"<p>Embauche Immigrants Ottawa (EIO) est une initiative qui r\u00e9unit employeurs, agences d\u2019immigrants et intervenants en vue d\u2019augmenter la capacit\u00e9 des employeurs d\u2019avoir acc\u00e8s aux talents d\u2019immigrants qualifi\u00e9s de la r\u00e9gion d\u2019Ottawa. L\u2019initiative, qui a vu le jour en 2006, vise a r\u00e9pondre aux besoins grandissants d\u2019identifier et d\u2019\u00e9liminer les obstacles auxquels les employeurs font face quand vient le temps d\u2019attirer, d\u2019embaucher et de maintenir en poste des immigrants qualifi\u00e9s dans la population active.<\/p>\n<p>EIO a pour mandat d\u2019augmenter la capacit\u00e9 des employeurs de la r\u00e9gion d\u2019Ottawa \u00e0 attirer, embaucher et maintenir en poste de fa\u00e7on plus efficace des immigrants qualifi\u00e9s dans des emplois qui correspondent \u00e0 leurs comp\u00e9tences.<\/p>\n<h2>Approche<\/h2>\n<p>Par le biais d\u2019une strat\u00e9gie de participation exhaustive, EIO :<\/p>\n<h3>1. Rassemble employeurs et intervenants, et collabore avec eux :<\/h3>\n<ul>\n<li><a href=\"http:\/\/www.hireimmigrantsottawa.ca\/fr\/a-notre-sujet\/conseil-des-employeurs-champions\/\" target=\"_blank\">Un Conseil d\u2019employeurs champions<\/a> : un conseil multisectoriel de cadres sup\u00e9rieurs provenant d\u2019organismes ottaviens, y compris des employ\u00e9s des secteurs public et priv\u00e9, des associations professionnelles et des groupes ouvriers, qui favorise l\u2019int\u00e9gration efficace des immigrants qualifi\u00e9s sur le march\u00e9 du travail.<\/li>\n<\/ul>\n<ul>\n<li><a href=\"http:\/\/www.hireimmigrantsottawa.ca\/fr\/a-notre-sujet\/groupes-de-travail\/\" target=\"_blank\">Groupes de travail sectoriels<\/a> (secteurs de la technologie de l\u2019information, de la sant\u00e9, des finances, de la biotechnologie et public) adressant les obstacles syst\u00e9miques auxquels les employeurs doivent faire face quand vient le temps d\u2019embaucher et d\u2019int\u00e9grer les immigrants qualifi\u00e9s sur le march\u00e9 du travail.<\/li>\n<\/ul>\n<ul>\n<li>Collaboration avec les organismes d&rsquo;aide aux immigrants et les autres intervenants; promotion des programmes locaux qui jumellent les immigrants qualifi\u00e9s aptes \u00e0 l\u2019emploi aux employeurs.<\/li>\n<\/ul>\n<h3>2. Renforce les capacit\u00e9s des employeurs :<\/h3>\n<ul>\n<li>D\u00e9veloppement d\u2019outils, de ressources, de programmes et d\u2019\u00e9v\u00e9nements qui appuient la capacit\u00e9 des employeurs \u00e0 attirer, embaucher et int\u00e9grer de fa\u00e7on plus efficace des immigrants qualifi\u00e9s sur le march\u00e9 du travail.<br \/>\nEn voici des exemples :<br \/>\n<a href=\"http:\/\/www.hireimmigrantsottawa.ca\/fr\/evenements\/formation-en-competences-interculturelles-pour-des-employeurs\/\" target=\"_blank\">Ateliers portant sur les comp\u00e9tences interculturelles<\/a><br \/>\n<a href=\"http:\/\/www.hireimmigrantsottawa.ca\/fr\/evenements\/coaching-events\/\" target=\"_blank\">Activit\u00e9s de mentorat et de r\u00e9seautage<\/a><br \/>\n<a href=\"http:\/\/www.hireimmigrantsottawa.ca\/fr\/pour-les-employeurs\/outils-et-ressources\/le-guide-de-lemployeur\/\" target=\"_blank\">Outils et ressources destin\u00e9s aux employeurs<\/a><br \/>\n<a href=\"http:\/\/www.hireimmigrantsottawa.ca\/fr\/pour-les-employeurs\/feuillets-dinformation\/\" target=\"_blank\">Renseignements sur le march\u00e9 du travail<\/a><br \/>\n<a href=\"http:\/\/www.hireimmigrantsottawa.ca\/fr\/evenements\/sommet-des-employeurs1\/\">Sommet annuel des employeurs<\/a><br \/>\n<a href=\"http:\/\/www.hireimmigrantsottawa.ca\/fr\/prix-demployeur\/apply\/\" target=\"_blank\">Prix employeurs d\u2019excellence<\/a><\/li>\n<\/ul>\n<h3>3. Sensibilise le public :<\/h3>\n<ul>\n<li>Une campagne continue visant \u00e0 accro\u00eetre la compr\u00e9hension des employeurs en ce qui a trait aux imp\u00e9ratifs \u00e9conomiques de la participation des immigrants dans la population active, et les ressources mises \u00e0 la disposition des employeurs dans le but d\u2019appuyer leurs efforts.<\/li>\n<\/ul>\n<h2>R\u00e9percussions<\/h2>\n<p>Depuis ses d\u00e9buts, EIO a contribu\u00e9 de fa\u00e7on importante \u00e0 la population active d\u2019Ottawa et \u00e0 l\u2019embauche des immigrants qualifi\u00e9s. L\u2019initiative a touch\u00e9 plus de 600 employeurs; elle a permis de les sensibiliser, de renforcer leurs capacit\u00e9s, de d\u00e9velopper des outils et des ressources, et de collaborer avec des partenaires et des intervenants. EIO a appuy\u00e9 plus de 200 employeurs \u00e0 faire les changements syst\u00e9miques n\u00e9cessaires \u00e0 leurs politiques et \u00e0 leurs pratiques en mati\u00e8re de ressources humaines, y compris pour ce qui est des pratiques de recrutement et de maintien en poste, et de l\u2019accroissement de leurs comp\u00e9tences interculturelles. Gr\u00e2ce \u00e0 l\u2019engagement et au soutien d\u2019EIO, les organismes participants ont embauch\u00e9 plus de 1 500 immigrants dans des emplois qui correspondent \u00e0 leurs comp\u00e9tences.<\/p>\n<p><strong>Lire sur les <a href=\"http:\/\/www.hireimmigrantsottawa.ca\/fr\/pour-les-employeurs\/rapports-annuels\/\" target=\"_blank\">R\u00e9sultats et les r\u00e9percussions<\/a> d\u2019EIO.<\/strong><\/p>\n","protected":false},"excerpt":{"rendered":"<p>Embauche Immigrants Ottawa (EIO) est une initiative qui r\u00e9unit employeurs, agences d\u2019immigrants et intervenants en vue d\u2019augmenter la capacit\u00e9 des employeurs d\u2019avoir acc\u00e8s aux talents d\u2019immigrants qualifi\u00e9s de la r\u00e9gion [&hellip;]<\/p>\n","protected":false},"author":12,"featured_media":0,"parent":0,"menu_order":0,"comment_status":"open","ping_status":"closed","template":"about.php","meta":{"_exactmetrics_skip_tracking":false,"_exactmetrics_sitenote_active":false,"_exactmetrics_sitenote_note":"","_exactmetrics_sitenote_category":0,"footnotes":"","_links_to":"","_links_to_target":""},"class_list":["post-55","page","type-page","status-publish","hentry"],"yoast_head":"<!-- This site is optimized with the Yoast SEO plugin v27.2 - https:\/\/yoast.com\/product\/yoast-seo-wordpress\/ -->\n<title>L\u2019Initiative EIO - Hire Immigrants Ottawa<\/title>\n<meta name=\"robots\" content=\"index, follow, max-snippet:-1, max-image-preview:large, max-video-preview:-1\" \/>\n<link rel=\"canonical\" href=\"https:\/\/www.hireimmigrantsottawa.ca\/fr\/initiative\/\" \/>\n<meta property=\"og:locale\" content=\"fr_FR\" \/>\n<meta property=\"og:type\" content=\"article\" \/>\n<meta property=\"og:title\" content=\"L\u2019Initiative EIO - Hire Immigrants Ottawa\" \/>\n<meta property=\"og:description\" content=\"Embauche Immigrants Ottawa (EIO) est une initiative qui r\u00e9unit employeurs, agences d\u2019immigrants et intervenants en vue d\u2019augmenter la capacit\u00e9 des employeurs d\u2019avoir acc\u00e8s aux talents d\u2019immigrants qualifi\u00e9s de la r\u00e9gion [&hellip;]\" \/>\n<meta property=\"og:url\" content=\"https:\/\/www.hireimmigrantsottawa.ca\/fr\/initiative\/\" \/>\n<meta property=\"og:site_name\" content=\"Hire Immigrants Ottawa\" \/>\n<meta property=\"article:modified_time\" content=\"2017-02-04T02:53:11+00:00\" \/>\n<meta property=\"og:image\" content=\"https:\/\/www.hireimmigrantsottawa.ca\/wp-content\/uploads\/2017\/02\/hio-screenshot.png\" \/>\n\t<meta property=\"og:image:width\" content=\"781\" \/>\n\t<meta property=\"og:image:height\" content=\"429\" \/>\n\t<meta property=\"og:image:type\" content=\"image\/png\" \/>\n<meta name=\"twitter:card\" content=\"summary_large_image\" \/>\n<meta name=\"twitter:site\" content=\"@HireImmOttawa\" \/>\n<meta name=\"twitter:label1\" content=\"Dur\u00e9e de lecture estim\u00e9e\" \/>\n\t<meta name=\"twitter:data1\" content=\"3 minutes\" \/>\n<script type=\"application\/ld+json\" class=\"yoast-schema-graph\">{\"@context\":\"https:\/\/schema.org\",\"@graph\":[{\"@type\":\"WebPage\",\"@id\":\"https:\/\/www.hireimmigrantsottawa.ca\/fr\/initiative\/\",\"url\":\"https:\/\/www.hireimmigrantsottawa.ca\/fr\/initiative\/\",\"name\":\"L\u2019Initiative EIO - Hire Immigrants Ottawa\",\"isPartOf\":{\"@id\":\"https:\/\/www.hireimmigrantsottawa.ca\/#website\"},\"datePublished\":\"2013-10-03T04:19:07+00:00\",\"dateModified\":\"2017-02-04T02:53:11+00:00\",\"breadcrumb\":{\"@id\":\"https:\/\/www.hireimmigrantsottawa.ca\/fr\/initiative\/#breadcrumb\"},\"inLanguage\":\"fr-FR\",\"potentialAction\":[{\"@type\":\"ReadAction\",\"target\":[\"https:\/\/www.hireimmigrantsottawa.ca\/fr\/initiative\/\"]}]},{\"@type\":\"BreadcrumbList\",\"@id\":\"https:\/\/www.hireimmigrantsottawa.ca\/fr\/initiative\/#breadcrumb\",\"itemListElement\":[{\"@type\":\"ListItem\",\"position\":1,\"name\":\"Home\",\"item\":\"https:\/\/www.hireimmigrantsottawa.ca\/\"},{\"@type\":\"ListItem\",\"position\":2,\"name\":\"L\u2019Initiative EIO\"}]},{\"@type\":\"WebSite\",\"@id\":\"https:\/\/www.hireimmigrantsottawa.ca\/#website\",\"url\":\"https:\/\/www.hireimmigrantsottawa.ca\/\",\"name\":\"Hire Immigrants Ottawa\",\"description\":\"increases the capacity of employers to attract and integrate skilled immigrants\",\"publisher\":{\"@id\":\"https:\/\/www.hireimmigrantsottawa.ca\/#organization\"},\"potentialAction\":[{\"@type\":\"SearchAction\",\"target\":{\"@type\":\"EntryPoint\",\"urlTemplate\":\"https:\/\/www.hireimmigrantsottawa.ca\/?s={search_term_string}\"},\"query-input\":{\"@type\":\"PropertyValueSpecification\",\"valueRequired\":true,\"valueName\":\"search_term_string\"}}],\"inLanguage\":\"fr-FR\"},{\"@type\":\"Organization\",\"@id\":\"https:\/\/www.hireimmigrantsottawa.ca\/#organization\",\"name\":\"Hire Immigrants Ottawa\",\"url\":\"https:\/\/www.hireimmigrantsottawa.ca\/\",\"logo\":{\"@type\":\"ImageObject\",\"inLanguage\":\"fr-FR\",\"@id\":\"https:\/\/www.hireimmigrantsottawa.ca\/#\/schema\/logo\/image\/\",\"url\":\"https:\/\/www.hireimmigrantsottawa.ca\/wp-content\/uploads\/2023\/10\/hio-logo_bow_EN_web.png\",\"contentUrl\":\"https:\/\/www.hireimmigrantsottawa.ca\/wp-content\/uploads\/2023\/10\/hio-logo_bow_EN_web.png\",\"width\":745,\"height\":160,\"caption\":\"Hire Immigrants Ottawa\"},\"image\":{\"@id\":\"https:\/\/www.hireimmigrantsottawa.ca\/#\/schema\/logo\/image\/\"},\"sameAs\":[\"https:\/\/x.com\/HireImmOttawa\",\"https:\/\/www.youtube.com\/user\/hireimmigrantsottawa\"]}]}<\/script>\n<!-- \/ Yoast SEO plugin. -->","yoast_head_json":{"title":"L\u2019Initiative EIO - Hire Immigrants Ottawa","robots":{"index":"index","follow":"follow","max-snippet":"max-snippet:-1","max-image-preview":"max-image-preview:large","max-video-preview":"max-video-preview:-1"},"canonical":"https:\/\/www.hireimmigrantsottawa.ca\/fr\/initiative\/","og_locale":"fr_FR","og_type":"article","og_title":"L\u2019Initiative EIO - Hire Immigrants Ottawa","og_description":"Embauche Immigrants Ottawa (EIO) est une initiative qui r\u00e9unit employeurs, agences d\u2019immigrants et intervenants en vue d\u2019augmenter la capacit\u00e9 des employeurs d\u2019avoir acc\u00e8s aux talents d\u2019immigrants qualifi\u00e9s de la r\u00e9gion [&hellip;]","og_url":"https:\/\/www.hireimmigrantsottawa.ca\/fr\/initiative\/","og_site_name":"Hire Immigrants Ottawa","article_modified_time":"2017-02-04T02:53:11+00:00","og_image":[{"width":781,"height":429,"url":"https:\/\/www.hireimmigrantsottawa.ca\/wp-content\/uploads\/2017\/02\/hio-screenshot.png","type":"image\/png"}],"twitter_card":"summary_large_image","twitter_site":"@HireImmOttawa","twitter_misc":{"Dur\u00e9e de lecture estim\u00e9e":"3 minutes"},"schema":{"@context":"https:\/\/schema.org","@graph":[{"@type":"WebPage","@id":"https:\/\/www.hireimmigrantsottawa.ca\/fr\/initiative\/","url":"https:\/\/www.hireimmigrantsottawa.ca\/fr\/initiative\/","name":"L\u2019Initiative EIO - Hire Immigrants Ottawa","isPartOf":{"@id":"https:\/\/www.hireimmigrantsottawa.ca\/#website"},"datePublished":"2013-10-03T04:19:07+00:00","dateModified":"2017-02-04T02:53:11+00:00","breadcrumb":{"@id":"https:\/\/www.hireimmigrantsottawa.ca\/fr\/initiative\/#breadcrumb"},"inLanguage":"fr-FR","potentialAction":[{"@type":"ReadAction","target":["https:\/\/www.hireimmigrantsottawa.ca\/fr\/initiative\/"]}]},{"@type":"BreadcrumbList","@id":"https:\/\/www.hireimmigrantsottawa.ca\/fr\/initiative\/#breadcrumb","itemListElement":[{"@type":"ListItem","position":1,"name":"Home","item":"https:\/\/www.hireimmigrantsottawa.ca\/"},{"@type":"ListItem","position":2,"name":"L\u2019Initiative EIO"}]},{"@type":"WebSite","@id":"https:\/\/www.hireimmigrantsottawa.ca\/#website","url":"https:\/\/www.hireimmigrantsottawa.ca\/","name":"Hire Immigrants Ottawa","description":"increases the capacity of employers to attract and integrate skilled immigrants","publisher":{"@id":"https:\/\/www.hireimmigrantsottawa.ca\/#organization"},"potentialAction":[{"@type":"SearchAction","target":{"@type":"EntryPoint","urlTemplate":"https:\/\/www.hireimmigrantsottawa.ca\/?s={search_term_string}"},"query-input":{"@type":"PropertyValueSpecification","valueRequired":true,"valueName":"search_term_string"}}],"inLanguage":"fr-FR"},{"@type":"Organization","@id":"https:\/\/www.hireimmigrantsottawa.ca\/#organization","name":"Hire Immigrants Ottawa","url":"https:\/\/www.hireimmigrantsottawa.ca\/","logo":{"@type":"ImageObject","inLanguage":"fr-FR","@id":"https:\/\/www.hireimmigrantsottawa.ca\/#\/schema\/logo\/image\/","url":"https:\/\/www.hireimmigrantsottawa.ca\/wp-content\/uploads\/2023\/10\/hio-logo_bow_EN_web.png","contentUrl":"https:\/\/www.hireimmigrantsottawa.ca\/wp-content\/uploads\/2023\/10\/hio-logo_bow_EN_web.png","width":745,"height":160,"caption":"Hire Immigrants Ottawa"},"image":{"@id":"https:\/\/www.hireimmigrantsottawa.ca\/#\/schema\/logo\/image\/"},"sameAs":["https:\/\/x.com\/HireImmOttawa","https:\/\/www.youtube.com\/user\/hireimmigrantsottawa"]}]}},"_links":{"self":[{"href":"https:\/\/www.hireimmigrantsottawa.ca\/fr\/wp-json\/wp\/v2\/pages\/55","targetHints":{"allow":["GET"]}}],"collection":[{"href":"https:\/\/www.hireimmigrantsottawa.ca\/fr\/wp-json\/wp\/v2\/pages"}],"about":[{"href":"https:\/\/www.hireimmigrantsottawa.ca\/fr\/wp-json\/wp\/v2\/types\/page"}],"author":[{"embeddable":true,"href":"https:\/\/www.hireimmigrantsottawa.ca\/fr\/wp-json\/wp\/v2\/users\/12"}],"replies":[{"embeddable":true,"href":"https:\/\/www.hireimmigrantsottawa.ca\/fr\/wp-json\/wp\/v2\/comments?post=55"}],"version-history":[{"count":9,"href":"https:\/\/www.hireimmigrantsottawa.ca\/fr\/wp-json\/wp\/v2\/pages\/55\/revisions"}],"predecessor-version":[{"id":4265,"href":"https:\/\/www.hireimmigrantsottawa.ca\/fr\/wp-json\/wp\/v2\/pages\/55\/revisions\/4265"}],"wp:attachment":[{"href":"https:\/\/www.hireimmigrantsottawa.ca\/fr\/wp-json\/wp\/v2\/media?parent=55"}],"curies":[{"name":"wp","href":"https:\/\/api.w.org\/{rel}","templated":true}]}}