{"id":5456,"date":"2018-12-21T10:00:05","date_gmt":"2018-12-21T15:00:05","guid":{"rendered":"http:\/\/www.hireimmigrantsottawa.ca\/fr\/?page_id=5456"},"modified":"2023-02-22T18:26:40","modified_gmt":"2023-02-22T23:26:40","slug":"changement-interculturel","status":"publish","type":"page","link":"https:\/\/www.hireimmigrantsottawa.ca\/fr\/pour-les-employeurs\/changement-interculturel\/","title":{"rendered":"Programme de facilitation du changement interculturel"},"content":{"rendered":"<h3>(cette activit\u00e9 est en anglais seulement)<\/h3>\n<p>Le programme de facilitation du changement interculturel (FC3) est con\u00e7u pour cr\u00e9er des bases solides visant la compr\u00e9hension culturelle, et ce, afin d\u2019accro\u00eetre l\u2019efficacit\u00e9 des syst\u00e8mes en milieu de travail, et d\u2019am\u00e9liorer les interactions avec les coll\u00e8gues et les clients. Cette occasion de perfectionnement professionnel s\u2019appuie sur les comp\u00e9tences acquises lors des s\u00e9ances de formation d\u2019EIO sur les comp\u00e9tences interculturelles. Nous esp\u00e9rons que les participants utiliseront les connaissances et les comp\u00e9tences acquises dans le cadre du programme FC3 pour soutenir l\u2019apprentissage et le changement de culture au sein des milieux de travail.<\/p>\n<p>Les participants vont :<\/p>\n<ul>\n<li>Acqu\u00e9rir les comp\u00e9tences n\u00e9cessaires pour r\u00e9aliser un atelier d\u2019introduction aux comp\u00e9tences interculturelles au sein de leur milieu de travail.<\/li>\n<li>Se familiariser avec un \u00ab mod\u00e8le de d\u00e9veloppement \u00bb visant \u00e0 mieux d\u00e9terminer, comprendre et r\u00e9concilier les diff\u00e9rentes \u00e9tapes de la comp\u00e9tence interculturelle.<\/li>\n<li>Am\u00e9liorer leurs habilet\u00e9s \u00e0 \u00e9valuer et \u00e0 r\u00e9soudre les conflits interculturels et les enjeux qui existent sur les lieux de travail.<\/li>\n<li>Avoir l\u2019occasion de r\u00e9seauter avec d\u2019autres employeurs.<\/li>\n<\/ul>\n<p><strong>Crit\u00e8res d\u2019admissibilit\u00e9 :<\/strong> les personnes ayant suivi au moins quatre s\u00e9ances de <a href=\"http:\/\/www.hireimmigrantsottawa.ca\/for-employers\/what\/training-program\/\">formation sur les comp\u00e9tences interculturelles d\u2019EIO<\/a>.<\/p>\n<p><strong>Quand :<\/strong><br \/>\nLe mercredi 29 mars 2023, de 1 h \u00e0 16 h, et<br \/>\nLe mardi 4 avril 2023, de 9 h \u00e0 12 h<\/p>\n<p><strong>Endroit :<\/strong> Session Virtuelle (Zoom)<\/p>\n<p><strong>Avant de vous inscrire, veuillez vous assurer de disposer du temps n\u00e9cessaire afin d\u2019\u00eatre pr\u00e9sent pendant les deux jours.<\/strong><\/p>\n<p><a href=\"https:\/\/www.eventbrite.ca\/e\/2023-facilitating-cross-cultural-change-fc3-registration-tickets-546417267757\"><strong>INSCRIPTION ICI \u00c0<\/strong><\/a> effectuer d\u2019ici mercredi le 15 mars 2023.<br \/>\n<strong>Frais : 350 $<\/strong><\/p>\n<p>Les places sont limit\u00e9es et elles seront confirm\u00e9es selon le principe du premier arriv\u00e9, premier servi. Le paiement complet doit \u00eatre re\u00e7u afin de confirmer l\u2019inscription.<\/p>\n<p>Les participants qui terminent le programme complet recevront un certificat de formation.<\/p>\n<p><a href=\"https:\/\/www.hireimmigrantsottawa.ca\/wp-content\/uploads\/2023\/02\/HIO_FC3_Cancellation-Policy-2023-FR.pdf\"><strong><span style=\"color: #ff6600;\">Politique d\u2019annulation<\/span><\/strong><\/a><\/p>\n<p>Pour de plus amples renseignements, veuillez communiquer avec nous au :\u00a0 <a href=\"mailto:events@immigrantsottawa.ca\">events@immigrantsottawa.ca<\/a><\/p>\n","protected":false},"excerpt":{"rendered":"<p>(cette activit\u00e9 est en anglais seulement) Le programme de facilitation du changement interculturel (FC3) est con\u00e7u pour cr\u00e9er des bases solides visant la compr\u00e9hension culturelle, et ce, afin d\u2019accro\u00eetre l\u2019efficacit\u00e9 [&hellip;]<\/p>\n","protected":false},"author":13,"featured_media":0,"parent":81,"menu_order":0,"comment_status":"closed","ping_status":"closed","template":"employers.php","meta":{"_exactmetrics_skip_tracking":false,"_exactmetrics_sitenote_active":false,"_exactmetrics_sitenote_note":"","_exactmetrics_sitenote_category":0,"footnotes":"","_links_to":"","_links_to_target":""},"class_list":["post-5456","page","type-page","status-publish","hentry"],"yoast_head":"<!-- This site is optimized with the Yoast SEO plugin v27.2 - https:\/\/yoast.com\/product\/yoast-seo-wordpress\/ -->\n<title>Programme de facilitation du changement interculturel - Hire Immigrants Ottawa<\/title>\n<meta name=\"robots\" content=\"index, follow, max-snippet:-1, max-image-preview:large, max-video-preview:-1\" \/>\n<link rel=\"canonical\" href=\"https:\/\/www.hireimmigrantsottawa.ca\/fr\/pour-les-employeurs\/changement-interculturel\/\" \/>\n<meta property=\"og:locale\" content=\"fr_FR\" \/>\n<meta property=\"og:type\" content=\"article\" \/>\n<meta property=\"og:title\" content=\"Programme de facilitation du changement interculturel - Hire Immigrants Ottawa\" \/>\n<meta property=\"og:description\" content=\"(cette activit\u00e9 est en anglais seulement) Le programme de facilitation du changement interculturel (FC3) est con\u00e7u pour cr\u00e9er des bases solides visant la compr\u00e9hension culturelle, et ce, afin d\u2019accro\u00eetre l\u2019efficacit\u00e9 [&hellip;]\" \/>\n<meta property=\"og:url\" content=\"https:\/\/www.hireimmigrantsottawa.ca\/fr\/pour-les-employeurs\/changement-interculturel\/\" \/>\n<meta property=\"og:site_name\" content=\"Hire Immigrants Ottawa\" \/>\n<meta property=\"article:modified_time\" content=\"2023-02-22T23:26:40+00:00\" \/>\n<meta property=\"og:image\" content=\"https:\/\/www.hireimmigrantsottawa.ca\/wp-content\/uploads\/2017\/02\/hio-screenshot.png\" \/>\n\t<meta property=\"og:image:width\" content=\"781\" \/>\n\t<meta property=\"og:image:height\" content=\"429\" \/>\n\t<meta property=\"og:image:type\" content=\"image\/png\" \/>\n<meta name=\"twitter:card\" content=\"summary_large_image\" \/>\n<meta name=\"twitter:site\" content=\"@HireImmOttawa\" \/>\n<meta name=\"twitter:label1\" content=\"Dur\u00e9e de lecture estim\u00e9e\" \/>\n\t<meta name=\"twitter:data1\" content=\"2 minutes\" \/>\n<script type=\"application\/ld+json\" class=\"yoast-schema-graph\">{\"@context\":\"https:\/\/schema.org\",\"@graph\":[{\"@type\":\"WebPage\",\"@id\":\"https:\/\/www.hireimmigrantsottawa.ca\/fr\/pour-les-employeurs\/changement-interculturel\/\",\"url\":\"https:\/\/www.hireimmigrantsottawa.ca\/fr\/pour-les-employeurs\/changement-interculturel\/\",\"name\":\"Programme de facilitation du changement interculturel - Hire Immigrants Ottawa\",\"isPartOf\":{\"@id\":\"https:\/\/www.hireimmigrantsottawa.ca\/#website\"},\"datePublished\":\"2018-12-21T15:00:05+00:00\",\"dateModified\":\"2023-02-22T23:26:40+00:00\",\"breadcrumb\":{\"@id\":\"https:\/\/www.hireimmigrantsottawa.ca\/fr\/pour-les-employeurs\/changement-interculturel\/#breadcrumb\"},\"inLanguage\":\"fr-FR\",\"potentialAction\":[{\"@type\":\"ReadAction\",\"target\":[\"https:\/\/www.hireimmigrantsottawa.ca\/fr\/pour-les-employeurs\/changement-interculturel\/\"]}]},{\"@type\":\"BreadcrumbList\",\"@id\":\"https:\/\/www.hireimmigrantsottawa.ca\/fr\/pour-les-employeurs\/changement-interculturel\/#breadcrumb\",\"itemListElement\":[{\"@type\":\"ListItem\",\"position\":1,\"name\":\"Home\",\"item\":\"https:\/\/www.hireimmigrantsottawa.ca\/\"},{\"@type\":\"ListItem\",\"position\":2,\"name\":\"Pour les employeurs\",\"item\":\"https:\/\/www.hireimmigrantsottawa.ca\/fr\/pour-les-employeurs\/\"},{\"@type\":\"ListItem\",\"position\":3,\"name\":\"Programme de facilitation du changement interculturel\"}]},{\"@type\":\"WebSite\",\"@id\":\"https:\/\/www.hireimmigrantsottawa.ca\/#website\",\"url\":\"https:\/\/www.hireimmigrantsottawa.ca\/\",\"name\":\"Hire Immigrants Ottawa\",\"description\":\"increases the capacity of employers to attract and integrate skilled immigrants\",\"publisher\":{\"@id\":\"https:\/\/www.hireimmigrantsottawa.ca\/#organization\"},\"potentialAction\":[{\"@type\":\"SearchAction\",\"target\":{\"@type\":\"EntryPoint\",\"urlTemplate\":\"https:\/\/www.hireimmigrantsottawa.ca\/?s={search_term_string}\"},\"query-input\":{\"@type\":\"PropertyValueSpecification\",\"valueRequired\":true,\"valueName\":\"search_term_string\"}}],\"inLanguage\":\"fr-FR\"},{\"@type\":\"Organization\",\"@id\":\"https:\/\/www.hireimmigrantsottawa.ca\/#organization\",\"name\":\"Hire Immigrants Ottawa\",\"url\":\"https:\/\/www.hireimmigrantsottawa.ca\/\",\"logo\":{\"@type\":\"ImageObject\",\"inLanguage\":\"fr-FR\",\"@id\":\"https:\/\/www.hireimmigrantsottawa.ca\/#\/schema\/logo\/image\/\",\"url\":\"https:\/\/www.hireimmigrantsottawa.ca\/wp-content\/uploads\/2023\/10\/hio-logo_bow_EN_web.png\",\"contentUrl\":\"https:\/\/www.hireimmigrantsottawa.ca\/wp-content\/uploads\/2023\/10\/hio-logo_bow_EN_web.png\",\"width\":745,\"height\":160,\"caption\":\"Hire Immigrants Ottawa\"},\"image\":{\"@id\":\"https:\/\/www.hireimmigrantsottawa.ca\/#\/schema\/logo\/image\/\"},\"sameAs\":[\"https:\/\/x.com\/HireImmOttawa\",\"https:\/\/www.youtube.com\/user\/hireimmigrantsottawa\"]}]}<\/script>\n<!-- \/ Yoast SEO plugin. -->","yoast_head_json":{"title":"Programme de facilitation du changement interculturel - Hire Immigrants Ottawa","robots":{"index":"index","follow":"follow","max-snippet":"max-snippet:-1","max-image-preview":"max-image-preview:large","max-video-preview":"max-video-preview:-1"},"canonical":"https:\/\/www.hireimmigrantsottawa.ca\/fr\/pour-les-employeurs\/changement-interculturel\/","og_locale":"fr_FR","og_type":"article","og_title":"Programme de facilitation du changement interculturel - Hire Immigrants Ottawa","og_description":"(cette activit\u00e9 est en anglais seulement) Le programme de facilitation du changement interculturel (FC3) est con\u00e7u pour cr\u00e9er des bases solides visant la compr\u00e9hension culturelle, et ce, afin d\u2019accro\u00eetre l\u2019efficacit\u00e9 [&hellip;]","og_url":"https:\/\/www.hireimmigrantsottawa.ca\/fr\/pour-les-employeurs\/changement-interculturel\/","og_site_name":"Hire Immigrants Ottawa","article_modified_time":"2023-02-22T23:26:40+00:00","og_image":[{"width":781,"height":429,"url":"https:\/\/www.hireimmigrantsottawa.ca\/wp-content\/uploads\/2017\/02\/hio-screenshot.png","type":"image\/png"}],"twitter_card":"summary_large_image","twitter_site":"@HireImmOttawa","twitter_misc":{"Dur\u00e9e de lecture estim\u00e9e":"2 minutes"},"schema":{"@context":"https:\/\/schema.org","@graph":[{"@type":"WebPage","@id":"https:\/\/www.hireimmigrantsottawa.ca\/fr\/pour-les-employeurs\/changement-interculturel\/","url":"https:\/\/www.hireimmigrantsottawa.ca\/fr\/pour-les-employeurs\/changement-interculturel\/","name":"Programme de facilitation du changement interculturel - Hire Immigrants Ottawa","isPartOf":{"@id":"https:\/\/www.hireimmigrantsottawa.ca\/#website"},"datePublished":"2018-12-21T15:00:05+00:00","dateModified":"2023-02-22T23:26:40+00:00","breadcrumb":{"@id":"https:\/\/www.hireimmigrantsottawa.ca\/fr\/pour-les-employeurs\/changement-interculturel\/#breadcrumb"},"inLanguage":"fr-FR","potentialAction":[{"@type":"ReadAction","target":["https:\/\/www.hireimmigrantsottawa.ca\/fr\/pour-les-employeurs\/changement-interculturel\/"]}]},{"@type":"BreadcrumbList","@id":"https:\/\/www.hireimmigrantsottawa.ca\/fr\/pour-les-employeurs\/changement-interculturel\/#breadcrumb","itemListElement":[{"@type":"ListItem","position":1,"name":"Home","item":"https:\/\/www.hireimmigrantsottawa.ca\/"},{"@type":"ListItem","position":2,"name":"Pour les employeurs","item":"https:\/\/www.hireimmigrantsottawa.ca\/fr\/pour-les-employeurs\/"},{"@type":"ListItem","position":3,"name":"Programme de facilitation du changement interculturel"}]},{"@type":"WebSite","@id":"https:\/\/www.hireimmigrantsottawa.ca\/#website","url":"https:\/\/www.hireimmigrantsottawa.ca\/","name":"Hire Immigrants Ottawa","description":"increases the capacity of employers to attract and integrate skilled immigrants","publisher":{"@id":"https:\/\/www.hireimmigrantsottawa.ca\/#organization"},"potentialAction":[{"@type":"SearchAction","target":{"@type":"EntryPoint","urlTemplate":"https:\/\/www.hireimmigrantsottawa.ca\/?s={search_term_string}"},"query-input":{"@type":"PropertyValueSpecification","valueRequired":true,"valueName":"search_term_string"}}],"inLanguage":"fr-FR"},{"@type":"Organization","@id":"https:\/\/www.hireimmigrantsottawa.ca\/#organization","name":"Hire Immigrants Ottawa","url":"https:\/\/www.hireimmigrantsottawa.ca\/","logo":{"@type":"ImageObject","inLanguage":"fr-FR","@id":"https:\/\/www.hireimmigrantsottawa.ca\/#\/schema\/logo\/image\/","url":"https:\/\/www.hireimmigrantsottawa.ca\/wp-content\/uploads\/2023\/10\/hio-logo_bow_EN_web.png","contentUrl":"https:\/\/www.hireimmigrantsottawa.ca\/wp-content\/uploads\/2023\/10\/hio-logo_bow_EN_web.png","width":745,"height":160,"caption":"Hire Immigrants Ottawa"},"image":{"@id":"https:\/\/www.hireimmigrantsottawa.ca\/#\/schema\/logo\/image\/"},"sameAs":["https:\/\/x.com\/HireImmOttawa","https:\/\/www.youtube.com\/user\/hireimmigrantsottawa"]}]}},"_links":{"self":[{"href":"https:\/\/www.hireimmigrantsottawa.ca\/fr\/wp-json\/wp\/v2\/pages\/5456","targetHints":{"allow":["GET"]}}],"collection":[{"href":"https:\/\/www.hireimmigrantsottawa.ca\/fr\/wp-json\/wp\/v2\/pages"}],"about":[{"href":"https:\/\/www.hireimmigrantsottawa.ca\/fr\/wp-json\/wp\/v2\/types\/page"}],"author":[{"embeddable":true,"href":"https:\/\/www.hireimmigrantsottawa.ca\/fr\/wp-json\/wp\/v2\/users\/13"}],"replies":[{"embeddable":true,"href":"https:\/\/www.hireimmigrantsottawa.ca\/fr\/wp-json\/wp\/v2\/comments?post=5456"}],"version-history":[{"count":12,"href":"https:\/\/www.hireimmigrantsottawa.ca\/fr\/wp-json\/wp\/v2\/pages\/5456\/revisions"}],"predecessor-version":[{"id":7617,"href":"https:\/\/www.hireimmigrantsottawa.ca\/fr\/wp-json\/wp\/v2\/pages\/5456\/revisions\/7617"}],"up":[{"embeddable":true,"href":"https:\/\/www.hireimmigrantsottawa.ca\/fr\/wp-json\/wp\/v2\/pages\/81"}],"wp:attachment":[{"href":"https:\/\/www.hireimmigrantsottawa.ca\/fr\/wp-json\/wp\/v2\/media?parent=5456"}],"curies":[{"name":"wp","href":"https:\/\/api.w.org\/{rel}","templated":true}]}}