{"id":527,"date":"2013-10-04T17:32:10","date_gmt":"2013-10-04T17:32:10","guid":{"rendered":"http:\/\/www.hireimmigrantsottawa.ca\/?page_id=527"},"modified":"2013-10-04T17:32:10","modified_gmt":"2013-10-04T17:32:10","slug":"surqualification-p2","status":"publish","type":"page","link":"https:\/\/www.hireimmigrantsottawa.ca\/fr\/pour-les-employeurs\/articles\/surqualification-p2\/","title":{"rendered":"Immigrants membres de minorit\u00e9s visibles : la surqualification et la loi"},"content":{"rendered":"<p><em>Suite<\/em><\/p>\n<p>En plus du pointage accord\u00e9 aux entrevues, le comit\u00e9 a bas\u00e9 sa d\u00e9cision de faire une offre d\u2019emploi sur le profil global du postulant et sur l\u2019opinion du comit\u00e9 quant au postulant qui semblait bien cadrer avec le poste. Dans le cas de M. Sangha, le comit\u00e9 a fond\u00e9 sa d\u00e9cision de ne pas l\u2019embaucher sur le fait qu\u2019\u00e0 son avis, il \u00e9tait surqualifi\u00e9 pour ce poste de d\u00e9butant et que, par cons\u00e9quent, il se lasserait du type de travail exig\u00e9. Deux candidats ont refus\u00e9 l\u2019offre de l\u2019Office, qui a alors embauch\u00e9 deux candidats dont le pointage \u00e9tait nettement moindre que celui de M. Sangha.<br \/>\nLe roulement du personnel est un probl\u00e8me propre au Nord du Canada. C\u2019est l\u00e0 une des raisons pour laquelle l\u2019Office privil\u00e9gie une exp\u00e9rience de vie dans le Nord. L\u2019ironie est qu\u2019il appert que les candidats retenus par l\u2019Office n\u2019ont pas permis d\u2019\u00e9viter le roulement du personnel. En effet, la plupart des postes d\u2019AR combl\u00e9s sont devenus vacants dans les trois ans suivant l\u2019embauche, les titulaires ayant accept\u00e9 d\u2019autres postes ou ayant quitt\u00e9 le Nord. En ce qui concerne M. Sangha, sa candidature n\u2019a pas \u00e9t\u00e9 rejet\u00e9e en raison de son manque d\u2019exp\u00e9rience du Nord.<br \/>\nSe penchant sur le cas, le Tribunal canadien des droits de la personne a d\u00e9clar\u00e9 que pour prouver qu\u2019il y avait eu discrimination, M. Sangha devait montrer qu\u2019il poss\u00e9dait les comp\u00e9tences de base pour l\u2019emploi; qu\u2019il \u00e9tait un immigrant appartenant \u00e0 une minorit\u00e9 visible; qu\u2019il \u00e9tait surqualifi\u00e9 par rapport \u00e0 l\u2019emploi en question; que le statut de personne surqualifi\u00e9e \u00e9tait l\u2019une des raisons pour laquelle il n\u2019avait pas \u00e9t\u00e9 embauch\u00e9; et qu\u2019il existait une corr\u00e9lation entre le statut d\u2019immigrant appartenant \u00e0 une minorit\u00e9 visible et le statut de personne surqualifi\u00e9e.<\/p>\n<p>Le Tribunal a facilement conclu que M. Sangha avait prouv\u00e9 les quatre premiers points, et qu\u2019en portant l\u2019affaire devant le Tribunal, la Commission canadienne des droits de la personne s\u2019est fi\u00e9e dans une large mesure aux avis de M. Jeffrey Reitz, professeur \u00e0 l\u2019Universit\u00e9 de Toronto et expert dans le domaine des \u00e9tudes de minorit\u00e9s ethniques, d\u2019immigration et de pluralisme. M. Reitz a pr\u00e9sent\u00e9 plusieurs conclusions \u00e0 l\u2019appui concernant le march\u00e9 du travail des immigrants bas\u00e9es sur les donn\u00e9es du Recensement et de l\u2019Enqu\u00eate sur la population active :<br \/>\nLes immigrants sont, en moyenne, plus scolaris\u00e9s que les Canadiens de souche. Depuis les ann\u00e9es 70, la plupart des immigrants appartiennent \u00e0 des minorit\u00e9s visibles, et ils sont en grande partie des immigrants \u00e9conomiques ou immigrants ind\u00e9pendants qui sont choisis en fonction d\u2019un syst\u00e8me de points. Ces immigrants ont tendance \u00e0 avoir une certaine formation postsecondaire, et un nombre important d\u2019entre eux n\u2019ont pas seulement un dipl\u00f4me universitaire de premier cycle, mais bien des dipl\u00f4mes d\u2019\u00e9tudes sup\u00e9rieures. Or, en d\u00e9pit de leur scolarit\u00e9, les immigrants membres de minorit\u00e9s visibles doivent surmonter des obstacles \u00e0 l\u2019emploi correspondant \u00e0 leur niveau de qualification, ce qui les oblige \u00e0 chercher des emplois exigeant moins de comp\u00e9tences. Au nombre de ces obstacles, citons la m\u00e9connaissance des employeurs des dipl\u00f4mes \u00e9trangers, le manque de cr\u00e9dit pour l\u2019exp\u00e9rience de travail hors du Canada, des processus d\u2019octroi de licences tr\u00e8s restrictifs, ainsi que des pratiques d\u2019embauche discriminatoires fond\u00e9es sur la race, le statut d\u2019immigrant ou l\u2019origine.<br \/>\nLes immigrants acceptent souvent un travail pour lequel ils sont surqualifi\u00e9s, car ils se voient refuser un emploi correspondant \u00e0 leur niveau de qualification. Par cons\u00e9quent, ils sont surrepr\u00e9sent\u00e9s dans les emplois moins sp\u00e9cialis\u00e9s par rapport aux Canadiens ayant des qualifications \u00e9quivalentes et sous-repr\u00e9sent\u00e9s dans les \u00ab professions du savoir \u00bb, o\u00f9 une forte proportion des travailleurs a une formation universitaire (p. ex., en science, en ing\u00e9nierie, en sant\u00e9 et dans d\u2019autres professions). M\u00eame si ces professions sont de plus en plus importantes et que le niveau de comp\u00e9tences des immigrants augmente, en termes absolus, la repr\u00e9sentation des immigrants dans ces professions a baiss\u00e9.<br \/>\nLes immigrants viennent souvent de pays o\u00f9 les possibilit\u00e9s \u00e9conomiques sont inf\u00e9rieures, et leur point de comparaison constitue les emplois occup\u00e9s dans leur pays d\u2019origine par des personnes aux comp\u00e9tences similaires. Dans la mesure o\u00f9 le roulement du personnel est le r\u00e9sultat de travailleurs poursuivant d\u2019autres possibilit\u00e9s d\u2019emploi, les obstacles rencontr\u00e9s par les immigrants \u00e9liminent ces possibilit\u00e9s. En fait, le taux de roulement peut s\u2019av\u00e9rer moindre chez les travailleurs immigrants. Les donn\u00e9es r\u00e9v\u00e8lent que les candidats surqualifi\u00e9s sont susceptibles d\u2019\u00eatre des immigrants issus de minorit\u00e9s raciales, ce qui signifie qu\u2019une politique de non-embauche de candidats surqualifi\u00e9s entra\u00eene la non-s\u00e9lection d\u2019immigrants appartenant \u00e0 des minorit\u00e9s visibles.<br \/>\nS\u2019inspirant du t\u00e9moignage expert de M. Reitz, le Tribunal a constat\u00e9 qu\u2019il existait une corr\u00e9lation \u00ab entre le statut d\u2019immigrant appartenant \u00e0 une minorit\u00e9 visible et le statut de personne surqualifi\u00e9e \u00bb. Cette conclusion confirme donc qu\u2019il y a bel et bien eu contravention \u00e0 l\u2019article 7 de la Loi canadienne sur les droits de la personne, en ce qui concerne la plainte de M. Sangha. Le Tribunal a donc ordonn\u00e9 que : \u00ab lorsqu\u2019un immigrant appartenant \u00e0 une minorit\u00e9 visible a \u00e9t\u00e9 s\u00e9lectionn\u00e9 pour passer une entrevue quant \u00e0 un poste \u00e0 l\u2019Office, l\u2019Office mette fin \u00e0 toute politique ou pratique qui exclurait automatiquement ce candidat au motif qu\u2019il est surqualifi\u00e9 pour l\u2019emploi. \u00bb<br \/>\nLes dommages-int\u00e9r\u00eats accord\u00e9s par le Tribunal n\u2019ont pas entra\u00een\u00e9 l\u2019embauche de M. Sangha \u00e0 un poste d\u2019AR ou au versement d\u2019une indemnit\u00e9 pour perte de salaire. Toutefois, une demande subs\u00e9quente aupr\u00e8s de la Cour f\u00e9d\u00e9rale en vue d\u2019accorder un examen juridique a permis de conclure que le Tribunal avait err\u00e9 \u00e0 cet \u00e9gard. D\u00e9clarant qu\u2019il y avait des preuves importantes sugg\u00e9rant qu\u2019il y avait pour M. Sangha une \u00ab possibilit\u00e9 s\u00e9rieuse \u00bb d\u2019embauche, la Cour f\u00e9d\u00e9rale a renvoy\u00e9 l\u2019affaire devant le Tribunal. L\u2019absence de rapports compl\u00e9mentaires sur le cas sugg\u00e8re que les parties sont parvenues \u00e0 une entente \u00e0 l\u2019amiable.<br \/>\nLes conclusions du Tribunal et de la Cour f\u00e9d\u00e9rale font maintenant partie de la jurisprudence du Canada et ont d\u00e9j\u00e0 \u00e9t\u00e9 cit\u00e9es comme pr\u00e9c\u00e9dent dans un certain nombre de cas subs\u00e9quents.<br \/>\nLe cas de M. Sangha est, aux yeux de la Commission canadienne des droits de la personne, une d\u00e9cision historique. Cette d\u00e9cision signifie \u00e9galement que le paysage de la l\u00e9gislation du travail et des droits de la personne au Canada est en voie de devenir plus en phase avec le profil changeant de notre paysage ethnod\u00e9mographique. Non seulement les employeurs doivent-ils d\u00e9sormais \u00eatre conscients de l\u2019aspect juridique \u00e9mergent du processus d\u2019embauche, mais ils auraient aussi avantage \u00e0 explorer le riche bassin de main-d\u2019\u0153uvre que repr\u00e9sentent les immigrants qualifi\u00e9s.<br \/>\nOn retrouve d\u00e9sormais dans bon nombre de villes des conseils d\u2019emploi d\u2019immigrants ainsi que des organismes d\u2019aide aux immigrants, qui offrent une expertise consid\u00e9rable sur le processus de recrutement et d\u2019int\u00e9gration des immigrants qualifi\u00e9s dans la population active. Gr\u00e2ce \u00e0 ce type de soutien auquel les employeurs peuvent g\u00e9n\u00e9ralement avoir acc\u00e8s gratuitement, l\u2019embauche d\u2019immigrants qualifi\u00e9s peut \u00eatre extr\u00eamement gratifiante et permettre d\u2019\u00e9laborer une solide strat\u00e9gie de ressources humaines.<\/p>\n<p><a href=\"http:\/\/www.hireimmigrantsottawa.ca\/Francais\/surqualification.php\">Retour \u00e0 la page 1&gt;&gt;<\/a><br \/>\n&#8212;&#8212;&#8212;<\/p>\n<p><strong>Les auteurs<\/strong><br \/>\nRaquel Chisholm, associ\u00e9e principale pour Emond Harnden s.r.l.<\/p>\n<p>Vous pouvez joindre Mme Chisholm au 613-563-7660 ou \u00e0<a href=\"https:\/\/mail.google.com\/mail\/?view=cm&amp;fs=1&amp;tf=1&amp;to=rchisholm@emondharnden.com\" target=\"_blank\">rchisholm@emondharnden.com<\/a>.<\/p>\n<p>Le cabinet Emond Harnden s.r.l. est le plus important cabinet d\u2019avocats de l\u2019Est de l\u2019Ontario qui se consacre exclusivement \u00e0 conseiller les gestionnaires d\u2019entreprises sur les questions relatives aux relations de travail et \u00e0 l\u2019emploi. Pour plus d\u2019informations, consultez son site \u00e0<a href=\"http:\/\/www.hireimmigrantsottawa.ca\/Francais\/www.emondharnden.com\">www.emondharnden.com<\/a>.<\/p>\n<p>&nbsp;<\/p>\n<p>Michael Sebold, gestionnaire principal, Politiques publiques et recherche, Embauche immigrants Ottawa<\/p>\n<p>Vous pouvez joindre M. Sebold au 613-228-2502 ou \u00e0<a href=\"https:\/\/mail.google.com\/mail\/?view=cm&amp;fs=1&amp;tf=1&amp;to=msebold@embaucheimmigrantsottawa.ca\" target=\"_blank\">msebold@embaucheimmigrantsottawa.ca<\/a>.<br \/>\nConsultez notre page d&rsquo;\u00a0<a href=\"http:\/\/www.hireimmigrantsottawa.ca\/Francais\/Pour-les-employeurs\/tools-resources.php\">Outils et ressources<\/a>\u00a0pour obtenir des ressources faites sur mesure pour les employeurs et des outils permettant \u00e0 votre organisation d\u2019\u00eatre mieux pr\u00e9par\u00e9e \u00e0 recruter et \u00e0 int\u00e9grer des professionnels form\u00e9s \u00e0 l\u2019\u00e9tranger.<\/p>\n","protected":false},"excerpt":{"rendered":"<p>Suite En plus du pointage accord\u00e9 aux entrevues, le comit\u00e9 a bas\u00e9 sa d\u00e9cision de faire une offre d\u2019emploi sur le profil global du postulant et sur l\u2019opinion du comit\u00e9 [&hellip;]<\/p>\n","protected":false},"author":12,"featured_media":0,"parent":208,"menu_order":0,"comment_status":"open","ping_status":"closed","template":"employers.php","meta":{"_exactmetrics_skip_tracking":false,"_exactmetrics_sitenote_active":false,"_exactmetrics_sitenote_note":"","_exactmetrics_sitenote_category":0,"footnotes":"","_links_to":"","_links_to_target":""},"class_list":["post-527","page","type-page","status-publish","hentry"],"yoast_head":"<!-- This site is optimized with the Yoast SEO plugin v27.5 - https:\/\/yoast.com\/product\/yoast-seo-wordpress\/ -->\n<title>Immigrants membres de minorit\u00e9s visibles : la surqualification et la loi - Hire Immigrants Ottawa<\/title>\n<meta name=\"robots\" content=\"index, follow, max-snippet:-1, max-image-preview:large, max-video-preview:-1\" \/>\n<link rel=\"canonical\" href=\"https:\/\/www.hireimmigrantsottawa.ca\/for-employers\/news-articles\/over-qualified-p2\/\" \/>\n<meta property=\"og:locale\" content=\"fr_FR\" \/>\n<meta property=\"og:type\" content=\"article\" \/>\n<meta property=\"og:title\" content=\"Immigrants membres de minorit\u00e9s visibles : la surqualification et la loi - Hire Immigrants Ottawa\" \/>\n<meta property=\"og:description\" content=\"Suite En plus du pointage accord\u00e9 aux entrevues, le comit\u00e9 a bas\u00e9 sa d\u00e9cision de faire une offre d\u2019emploi sur le profil global du postulant et sur l\u2019opinion du comit\u00e9 [&hellip;]\" \/>\n<meta property=\"og:url\" content=\"https:\/\/www.hireimmigrantsottawa.ca\/for-employers\/news-articles\/over-qualified-p2\/\" \/>\n<meta property=\"og:site_name\" content=\"Hire Immigrants Ottawa\" \/>\n<meta property=\"og:image\" content=\"https:\/\/www.hireimmigrantsottawa.ca\/wp-content\/uploads\/2017\/02\/hio-screenshot.png\" \/>\n\t<meta property=\"og:image:width\" content=\"781\" \/>\n\t<meta property=\"og:image:height\" content=\"429\" \/>\n\t<meta property=\"og:image:type\" content=\"image\/png\" \/>\n<meta name=\"twitter:card\" content=\"summary_large_image\" \/>\n<meta name=\"twitter:site\" content=\"@HireImmOttawa\" \/>\n<meta name=\"twitter:label1\" content=\"Dur\u00e9e de lecture estim\u00e9e\" \/>\n\t<meta name=\"twitter:data1\" content=\"7 minutes\" \/>\n<script type=\"application\/ld+json\" class=\"yoast-schema-graph\">{\"@context\":\"https:\\\/\\\/schema.org\",\"@graph\":[{\"@type\":\"WebPage\",\"@id\":\"https:\\\/\\\/www.hireimmigrantsottawa.ca\\\/for-employers\\\/news-articles\\\/over-qualified-p2\\\/\",\"url\":\"https:\\\/\\\/www.hireimmigrantsottawa.ca\\\/for-employers\\\/news-articles\\\/over-qualified-p2\\\/\",\"name\":\"Immigrants membres de minorit\u00e9s visibles : la surqualification et la loi - Hire Immigrants Ottawa\",\"isPartOf\":{\"@id\":\"https:\\\/\\\/www.hireimmigrantsottawa.ca\\\/#website\"},\"datePublished\":\"2013-10-04T17:32:10+00:00\",\"breadcrumb\":{\"@id\":\"https:\\\/\\\/www.hireimmigrantsottawa.ca\\\/for-employers\\\/news-articles\\\/over-qualified-p2\\\/#breadcrumb\"},\"inLanguage\":\"fr-FR\",\"potentialAction\":[{\"@type\":\"ReadAction\",\"target\":[\"https:\\\/\\\/www.hireimmigrantsottawa.ca\\\/for-employers\\\/news-articles\\\/over-qualified-p2\\\/\"]}]},{\"@type\":\"BreadcrumbList\",\"@id\":\"https:\\\/\\\/www.hireimmigrantsottawa.ca\\\/for-employers\\\/news-articles\\\/over-qualified-p2\\\/#breadcrumb\",\"itemListElement\":[{\"@type\":\"ListItem\",\"position\":1,\"name\":\"Home\",\"item\":\"https:\\\/\\\/www.hireimmigrantsottawa.ca\\\/\"},{\"@type\":\"ListItem\",\"position\":2,\"name\":\"Pour les employeurs\",\"item\":\"https:\\\/\\\/www.hireimmigrantsottawa.ca\\\/fr\\\/pour-les-employeurs\\\/\"},{\"@type\":\"ListItem\",\"position\":3,\"name\":\"Articles\",\"item\":\"https:\\\/\\\/www.hireimmigrantsottawa.ca\\\/for-employers\\\/news-articles\\\/\"},{\"@type\":\"ListItem\",\"position\":4,\"name\":\"Immigrants membres de minorit\u00e9s visibles : la surqualification et la loi\"}]},{\"@type\":\"WebSite\",\"@id\":\"https:\\\/\\\/www.hireimmigrantsottawa.ca\\\/#website\",\"url\":\"https:\\\/\\\/www.hireimmigrantsottawa.ca\\\/\",\"name\":\"Hire Immigrants Ottawa\",\"description\":\"increases the capacity of employers to attract and integrate skilled immigrants\",\"publisher\":{\"@id\":\"https:\\\/\\\/www.hireimmigrantsottawa.ca\\\/#organization\"},\"potentialAction\":[{\"@type\":\"SearchAction\",\"target\":{\"@type\":\"EntryPoint\",\"urlTemplate\":\"https:\\\/\\\/www.hireimmigrantsottawa.ca\\\/?s={search_term_string}\"},\"query-input\":{\"@type\":\"PropertyValueSpecification\",\"valueRequired\":true,\"valueName\":\"search_term_string\"}}],\"inLanguage\":\"fr-FR\"},{\"@type\":\"Organization\",\"@id\":\"https:\\\/\\\/www.hireimmigrantsottawa.ca\\\/#organization\",\"name\":\"Hire Immigrants Ottawa\",\"url\":\"https:\\\/\\\/www.hireimmigrantsottawa.ca\\\/\",\"logo\":{\"@type\":\"ImageObject\",\"inLanguage\":\"fr-FR\",\"@id\":\"https:\\\/\\\/www.hireimmigrantsottawa.ca\\\/#\\\/schema\\\/logo\\\/image\\\/\",\"url\":\"https:\\\/\\\/www.hireimmigrantsottawa.ca\\\/wp-content\\\/uploads\\\/2023\\\/10\\\/hio-logo_bow_EN_web.png\",\"contentUrl\":\"https:\\\/\\\/www.hireimmigrantsottawa.ca\\\/wp-content\\\/uploads\\\/2023\\\/10\\\/hio-logo_bow_EN_web.png\",\"width\":745,\"height\":160,\"caption\":\"Hire Immigrants Ottawa\"},\"image\":{\"@id\":\"https:\\\/\\\/www.hireimmigrantsottawa.ca\\\/#\\\/schema\\\/logo\\\/image\\\/\"},\"sameAs\":[\"https:\\\/\\\/x.com\\\/HireImmOttawa\",\"https:\\\/\\\/www.youtube.com\\\/user\\\/hireimmigrantsottawa\"]}]}<\/script>\n<!-- \/ Yoast SEO plugin. -->","yoast_head_json":{"title":"Immigrants membres de minorit\u00e9s visibles : la surqualification et la loi - Hire Immigrants Ottawa","robots":{"index":"index","follow":"follow","max-snippet":"max-snippet:-1","max-image-preview":"max-image-preview:large","max-video-preview":"max-video-preview:-1"},"canonical":"https:\/\/www.hireimmigrantsottawa.ca\/for-employers\/news-articles\/over-qualified-p2\/","og_locale":"fr_FR","og_type":"article","og_title":"Immigrants membres de minorit\u00e9s visibles : la surqualification et la loi - Hire Immigrants Ottawa","og_description":"Suite En plus du pointage accord\u00e9 aux entrevues, le comit\u00e9 a bas\u00e9 sa d\u00e9cision de faire une offre d\u2019emploi sur le profil global du postulant et sur l\u2019opinion du comit\u00e9 [&hellip;]","og_url":"https:\/\/www.hireimmigrantsottawa.ca\/for-employers\/news-articles\/over-qualified-p2\/","og_site_name":"Hire Immigrants Ottawa","og_image":[{"width":781,"height":429,"url":"https:\/\/www.hireimmigrantsottawa.ca\/wp-content\/uploads\/2017\/02\/hio-screenshot.png","type":"image\/png"}],"twitter_card":"summary_large_image","twitter_site":"@HireImmOttawa","twitter_misc":{"Dur\u00e9e de lecture estim\u00e9e":"7 minutes"},"schema":{"@context":"https:\/\/schema.org","@graph":[{"@type":"WebPage","@id":"https:\/\/www.hireimmigrantsottawa.ca\/for-employers\/news-articles\/over-qualified-p2\/","url":"https:\/\/www.hireimmigrantsottawa.ca\/for-employers\/news-articles\/over-qualified-p2\/","name":"Immigrants membres de minorit\u00e9s visibles : la surqualification et la loi - Hire Immigrants Ottawa","isPartOf":{"@id":"https:\/\/www.hireimmigrantsottawa.ca\/#website"},"datePublished":"2013-10-04T17:32:10+00:00","breadcrumb":{"@id":"https:\/\/www.hireimmigrantsottawa.ca\/for-employers\/news-articles\/over-qualified-p2\/#breadcrumb"},"inLanguage":"fr-FR","potentialAction":[{"@type":"ReadAction","target":["https:\/\/www.hireimmigrantsottawa.ca\/for-employers\/news-articles\/over-qualified-p2\/"]}]},{"@type":"BreadcrumbList","@id":"https:\/\/www.hireimmigrantsottawa.ca\/for-employers\/news-articles\/over-qualified-p2\/#breadcrumb","itemListElement":[{"@type":"ListItem","position":1,"name":"Home","item":"https:\/\/www.hireimmigrantsottawa.ca\/"},{"@type":"ListItem","position":2,"name":"Pour les employeurs","item":"https:\/\/www.hireimmigrantsottawa.ca\/fr\/pour-les-employeurs\/"},{"@type":"ListItem","position":3,"name":"Articles","item":"https:\/\/www.hireimmigrantsottawa.ca\/for-employers\/news-articles\/"},{"@type":"ListItem","position":4,"name":"Immigrants membres de minorit\u00e9s visibles : la surqualification et la loi"}]},{"@type":"WebSite","@id":"https:\/\/www.hireimmigrantsottawa.ca\/#website","url":"https:\/\/www.hireimmigrantsottawa.ca\/","name":"Hire Immigrants Ottawa","description":"increases the capacity of employers to attract and integrate skilled immigrants","publisher":{"@id":"https:\/\/www.hireimmigrantsottawa.ca\/#organization"},"potentialAction":[{"@type":"SearchAction","target":{"@type":"EntryPoint","urlTemplate":"https:\/\/www.hireimmigrantsottawa.ca\/?s={search_term_string}"},"query-input":{"@type":"PropertyValueSpecification","valueRequired":true,"valueName":"search_term_string"}}],"inLanguage":"fr-FR"},{"@type":"Organization","@id":"https:\/\/www.hireimmigrantsottawa.ca\/#organization","name":"Hire Immigrants Ottawa","url":"https:\/\/www.hireimmigrantsottawa.ca\/","logo":{"@type":"ImageObject","inLanguage":"fr-FR","@id":"https:\/\/www.hireimmigrantsottawa.ca\/#\/schema\/logo\/image\/","url":"https:\/\/www.hireimmigrantsottawa.ca\/wp-content\/uploads\/2023\/10\/hio-logo_bow_EN_web.png","contentUrl":"https:\/\/www.hireimmigrantsottawa.ca\/wp-content\/uploads\/2023\/10\/hio-logo_bow_EN_web.png","width":745,"height":160,"caption":"Hire Immigrants Ottawa"},"image":{"@id":"https:\/\/www.hireimmigrantsottawa.ca\/#\/schema\/logo\/image\/"},"sameAs":["https:\/\/x.com\/HireImmOttawa","https:\/\/www.youtube.com\/user\/hireimmigrantsottawa"]}]}},"_links":{"self":[{"href":"https:\/\/www.hireimmigrantsottawa.ca\/fr\/wp-json\/wp\/v2\/pages\/527","targetHints":{"allow":["GET"]}}],"collection":[{"href":"https:\/\/www.hireimmigrantsottawa.ca\/fr\/wp-json\/wp\/v2\/pages"}],"about":[{"href":"https:\/\/www.hireimmigrantsottawa.ca\/fr\/wp-json\/wp\/v2\/types\/page"}],"author":[{"embeddable":true,"href":"https:\/\/www.hireimmigrantsottawa.ca\/fr\/wp-json\/wp\/v2\/users\/12"}],"replies":[{"embeddable":true,"href":"https:\/\/www.hireimmigrantsottawa.ca\/fr\/wp-json\/wp\/v2\/comments?post=527"}],"version-history":[{"count":1,"href":"https:\/\/www.hireimmigrantsottawa.ca\/fr\/wp-json\/wp\/v2\/pages\/527\/revisions"}],"predecessor-version":[{"id":528,"href":"https:\/\/www.hireimmigrantsottawa.ca\/fr\/wp-json\/wp\/v2\/pages\/527\/revisions\/528"}],"up":[{"embeddable":true,"href":"https:\/\/www.hireimmigrantsottawa.ca\/fr\/wp-json\/wp\/v2\/pages\/208"}],"wp:attachment":[{"href":"https:\/\/www.hireimmigrantsottawa.ca\/fr\/wp-json\/wp\/v2\/media?parent=527"}],"curies":[{"name":"wp","href":"https:\/\/api.w.org\/{rel}","templated":true}]}}