{"id":5042,"date":"2018-03-23T09:47:11","date_gmt":"2018-03-23T13:47:11","guid":{"rendered":"http:\/\/www.hireimmigrantsottawa.ca\/fr\/?page_id=5042"},"modified":"2024-12-10T15:54:42","modified_gmt":"2024-12-10T20:54:42","slug":"laureats-2018","status":"publish","type":"page","link":"https:\/\/www.hireimmigrantsottawa.ca\/fr\/prix-demployeur\/laureats-2018\/","title":{"rendered":"Laur\u00e9ats 2018"},"content":{"rendered":"\t\t<div data-elementor-type=\"wp-page\" data-elementor-id=\"5042\" class=\"elementor elementor-5042 elementor-5040\">\n\t\t\t\t\t\t<section class=\"elementor-section elementor-top-section elementor-element elementor-element-42bb38c elementor-section-boxed elementor-section-height-default elementor-section-height-default\" data-id=\"42bb38c\" data-element_type=\"section\" data-e-type=\"section\">\n\t\t\t\t\t\t<div class=\"elementor-container elementor-column-gap-default\">\n\t\t\t\t\t<div class=\"elementor-column elementor-col-100 elementor-top-column elementor-element elementor-element-c36d1d2\" data-id=\"c36d1d2\" data-element_type=\"column\" data-e-type=\"column\">\n\t\t\t<div class=\"elementor-widget-wrap elementor-element-populated\">\n\t\t\t\t\t\t<div class=\"elementor-element elementor-element-da1630b elementor-grid-eael-col-3 elementor-grid-tablet-eael-col-2 elementor-grid-mobile-eael-col-1 elementor-widget elementor-widget-eael-post-grid\" data-id=\"da1630b\" data-element_type=\"widget\" data-e-type=\"widget\" data-settings=\"{&quot;eael_post_grid_columns&quot;:&quot;eael-col-3&quot;,&quot;eael_post_grid_columns_tablet&quot;:&quot;eael-col-2&quot;,&quot;eael_post_grid_columns_mobile&quot;:&quot;eael-col-1&quot;}\" data-widget_type=\"eael-post-grid.default\">\n\t\t\t\t<div class=\"elementor-widget-container\">\n\t\t\t\t\t<div id=\"eael-post-grid-da1630b\" class=\"eael-post-grid-container\">\n            <div class=\"eael-post-grid eael-post-appender eael-post-appender-da1630b eael-post-grid-style-three\" data-layout-mode=\"grid\"><article class=\"eael-grid-post  eael-post-grid-column eael-pg-post-5133\" data-id=\"5133\">\n        <div class=\"eael-grid-post-holder\">\n            <div class=\"eael-grid-post-holder-inner\"><div class=\"eael-entry-media\"><div class=\"eael-entry-overlay fade-in\"><i class=\"fas fa-long-arrow-alt-right\" aria-hidden=\"true\"><\/i><a href=\"https:\/\/www.hireimmigrantsottawa.ca\/fr\/2018_award_recipient\/assent-compliance\/\"><\/a><\/div><div class=\"eael-entry-thumbnail eael-image-ratio\">\n                 <img fetchpriority=\"high\" decoding=\"async\" width=\"640\" height=\"393\" src=\"https:\/\/www.hireimmigrantsottawa.ca\/wp-content\/uploads\/2018\/03\/Assent-2018-Award-Winner-0395-Web1.jpg\" class=\"attachment-large size-large wp-image-5131\" alt=\"\" srcset=\"https:\/\/www.hireimmigrantsottawa.ca\/wp-content\/uploads\/2018\/03\/Assent-2018-Award-Winner-0395-Web1.jpg 640w, https:\/\/www.hireimmigrantsottawa.ca\/wp-content\/uploads\/2018\/03\/Assent-2018-Award-Winner-0395-Web1-300x184.jpg 300w\" sizes=\"(max-width: 640px) 100vw, 640px\" \/>\n             <\/div>\n        <\/div><div class=\"eael-entry-wrapper\"><header class=\"eael-entry-header\"><h2 class=\"eael-entry-title\"><a class=\"eael-grid-post-link\" href=\"https:\/\/www.hireimmigrantsottawa.ca\/fr\/2018_award_recipient\/assent-compliance\/\" title=\"Assent Compliance\">Assent Compliance<\/a><\/h2><\/header><div class=\"eael-entry-meta\"><span class=\"eael-posted-on\"><time datetime=\"mars 27, 2018\">mars 27, 2018<\/time><\/span><\/div><div class=\"eael-entry-content\">\n                        <div class=\"eael-grid-post-excerpt\"><p>La diversit\u00e9 n\u2019est pas qu\u2019un objectif, elle est aussi une attente. Bien que l\u2019entreprise Assent se concentre sur le respect, son travail visant \u00e0 cr\u00e9er...<\/p><a href=\"https:\/\/www.hireimmigrantsottawa.ca\/fr\/2018_award_recipient\/assent-compliance\/\" class=\"eael-post-elements-readmore-btn\">Continuer la lecture<\/a><\/div>\n                    <\/div><\/div><\/div>\n        <\/div>\n    <\/article><article class=\"eael-grid-post  eael-post-grid-column eael-pg-post-5127\" data-id=\"5127\">\n        <div class=\"eael-grid-post-holder\">\n            <div class=\"eael-grid-post-holder-inner\"><div class=\"eael-entry-media\"><div class=\"eael-entry-overlay fade-in\"><i class=\"fas fa-long-arrow-alt-right\" aria-hidden=\"true\"><\/i><a href=\"https:\/\/www.hireimmigrantsottawa.ca\/fr\/2018_award_recipient\/banque-royale-rbc\/\"><\/a><\/div><div class=\"eael-entry-thumbnail eael-image-ratio\">\n                 <img decoding=\"async\" width=\"640\" height=\"394\" src=\"https:\/\/www.hireimmigrantsottawa.ca\/wp-content\/uploads\/2018\/03\/RBC-Award-Winner-2018-0396-Web1.jpg\" class=\"attachment-large size-large wp-image-5122\" alt=\"\" srcset=\"https:\/\/www.hireimmigrantsottawa.ca\/wp-content\/uploads\/2018\/03\/RBC-Award-Winner-2018-0396-Web1.jpg 640w, https:\/\/www.hireimmigrantsottawa.ca\/wp-content\/uploads\/2018\/03\/RBC-Award-Winner-2018-0396-Web1-300x185.jpg 300w\" sizes=\"(max-width: 640px) 100vw, 640px\" \/>\n             <\/div>\n        <\/div><div class=\"eael-entry-wrapper\"><header class=\"eael-entry-header\"><h2 class=\"eael-entry-title\"><a class=\"eael-grid-post-link\" href=\"https:\/\/www.hireimmigrantsottawa.ca\/fr\/2018_award_recipient\/banque-royale-rbc\/\" title=\"Banque Royale RBC\">Banque Royale RBC<\/a><\/h2><\/header><div class=\"eael-entry-meta\"><span class=\"eael-posted-on\"><time datetime=\"mars 27, 2018\">mars 27, 2018<\/time><\/span><\/div><div class=\"eael-entry-content\">\n                        <div class=\"eael-grid-post-excerpt\"><p>Int\u00e9gration de la diversit\u00e9 et de l\u2019inclusion dans la culture. La diversit\u00e9 et l\u2019inclusion font partie int\u00e9grante de la culture en milieu de travail et...<\/p><a href=\"https:\/\/www.hireimmigrantsottawa.ca\/fr\/2018_award_recipient\/banque-royale-rbc\/\" class=\"eael-post-elements-readmore-btn\">Continuer la lecture<\/a><\/div>\n                    <\/div><\/div><\/div>\n        <\/div>\n    <\/article><article class=\"eael-grid-post  eael-post-grid-column eael-pg-post-5105\" data-id=\"5105\">\n        <div class=\"eael-grid-post-holder\">\n            <div class=\"eael-grid-post-holder-inner\"><div class=\"eael-entry-media\"><div class=\"eael-entry-overlay fade-in\"><i class=\"fas fa-long-arrow-alt-right\" aria-hidden=\"true\"><\/i><a href=\"https:\/\/www.hireimmigrantsottawa.ca\/fr\/2018_award_recipient\/realdecoy-inc\/\"><\/a><\/div><div class=\"eael-entry-thumbnail eael-image-ratio\">\n                 <img decoding=\"async\" width=\"640\" height=\"465\" src=\"https:\/\/www.hireimmigrantsottawa.ca\/wp-content\/uploads\/2018\/03\/RealDecoy-2018-Award-Winner-0402-Web.jpg\" class=\"attachment-large size-large wp-image-5069\" alt=\"\" srcset=\"https:\/\/www.hireimmigrantsottawa.ca\/wp-content\/uploads\/2018\/03\/RealDecoy-2018-Award-Winner-0402-Web.jpg 640w, https:\/\/www.hireimmigrantsottawa.ca\/wp-content\/uploads\/2018\/03\/RealDecoy-2018-Award-Winner-0402-Web-300x218.jpg 300w\" sizes=\"(max-width: 640px) 100vw, 640px\" \/>\n             <\/div>\n        <\/div><div class=\"eael-entry-wrapper\"><header class=\"eael-entry-header\"><h2 class=\"eael-entry-title\"><a class=\"eael-grid-post-link\" href=\"https:\/\/www.hireimmigrantsottawa.ca\/fr\/2018_award_recipient\/realdecoy-inc\/\" title=\"RealDecoy Inc\">RealDecoy Inc<\/a><\/h2><\/header><div class=\"eael-entry-meta\"><span class=\"eael-posted-on\"><time datetime=\"mars 27, 2018\">mars 27, 2018<\/time><\/span><\/div><div class=\"eael-entry-content\">\n                        <div class=\"eael-grid-post-excerpt\"><p>Int\u00e9gration de la diversit\u00e9 dans la culture. RealDecoy compte des bureaux \u00e0 Ottawa, \u00e0 Kingston, en Jama\u00efque et aux \u00c9tats-Unis. C\u2019est pourquoi la diversit\u00e9 est...<\/p><a href=\"https:\/\/www.hireimmigrantsottawa.ca\/fr\/2018_award_recipient\/realdecoy-inc\/\" class=\"eael-post-elements-readmore-btn\">Continuer la lecture<\/a><\/div>\n                    <\/div><\/div><\/div>\n        <\/div>\n    <\/article><article class=\"eael-grid-post  eael-post-grid-column eael-pg-post-5100\" data-id=\"5100\">\n        <div class=\"eael-grid-post-holder\">\n            <div class=\"eael-grid-post-holder-inner\"><div class=\"eael-entry-media\"><div class=\"eael-entry-overlay fade-in\"><i class=\"fas fa-long-arrow-alt-right\" aria-hidden=\"true\"><\/i><a href=\"https:\/\/www.hireimmigrantsottawa.ca\/fr\/2018_award_recipient\/shopify\/\"><\/a><\/div><div class=\"eael-entry-thumbnail eael-image-ratio\">\n                 <img loading=\"lazy\" decoding=\"async\" width=\"640\" height=\"357\" src=\"https:\/\/www.hireimmigrantsottawa.ca\/wp-content\/uploads\/2018\/03\/Shopify-2018-Award-Winner-0412-Web1.jpg\" class=\"attachment-large size-large wp-image-5094\" alt=\"\" srcset=\"https:\/\/www.hireimmigrantsottawa.ca\/wp-content\/uploads\/2018\/03\/Shopify-2018-Award-Winner-0412-Web1.jpg 640w, https:\/\/www.hireimmigrantsottawa.ca\/wp-content\/uploads\/2018\/03\/Shopify-2018-Award-Winner-0412-Web1-300x167.jpg 300w\" sizes=\"(max-width: 640px) 100vw, 640px\" \/>\n             <\/div>\n        <\/div><div class=\"eael-entry-wrapper\"><header class=\"eael-entry-header\"><h2 class=\"eael-entry-title\"><a class=\"eael-grid-post-link\" href=\"https:\/\/www.hireimmigrantsottawa.ca\/fr\/2018_award_recipient\/shopify\/\" title=\"Shopify\">Shopify<\/a><\/h2><\/header><div class=\"eael-entry-meta\"><span class=\"eael-posted-on\"><time datetime=\"mars 27, 2018\">mars 27, 2018<\/time><\/span><\/div><div class=\"eael-entry-content\">\n                        <div class=\"eael-grid-post-excerpt\"><p>Une exp\u00e9rience cr\u00e9ative pour acc\u00e9der au talent immigrant. Shopify est une soci\u00e9t\u00e9 internationale qui compte de nombreux besoins urgents en mati\u00e8re de talent, difficile \u00e0...<\/p><a href=\"https:\/\/www.hireimmigrantsottawa.ca\/fr\/2018_award_recipient\/shopify\/\" class=\"eael-post-elements-readmore-btn\">Continuer la lecture<\/a><\/div>\n                    <\/div><\/div><\/div>\n        <\/div>\n    <\/article><\/div>\n            <div class=\"clearfix\"><\/div>\n        <\/div>\t\t\t\t<\/div>\n\t\t\t\t<\/div>\n\t\t\t\t\t<\/div>\n\t\t<\/div>\n\t\t\t\t\t<\/div>\n\t\t<\/section>\n\t\t\t\t<\/div>\n\t\t","protected":false},"excerpt":{"rendered":"<p>Assent Compliance March 27, 2018 Diversity is not a Goal, it\u2019s an Expectation. While the focus of the work at Assent is on compliance, their work to create a diverse&#8230; [&hellip;]<\/p>\n","protected":false},"author":12,"featured_media":0,"parent":77,"menu_order":0,"comment_status":"closed","ping_status":"closed","template":"","meta":{"_exactmetrics_skip_tracking":false,"_exactmetrics_sitenote_active":false,"_exactmetrics_sitenote_note":"","_exactmetrics_sitenote_category":0,"footnotes":"","_links_to":"","_links_to_target":""},"class_list":["post-5042","page","type-page","status-publish","hentry"],"yoast_head":"<!-- This site is optimized with the Yoast SEO plugin v27.2 - https:\/\/yoast.com\/product\/yoast-seo-wordpress\/ -->\n<title>Laur\u00e9ats 2018 - Hire Immigrants Ottawa<\/title>\n<meta name=\"robots\" content=\"index, follow, max-snippet:-1, max-image-preview:large, max-video-preview:-1\" \/>\n<link rel=\"canonical\" href=\"https:\/\/www.hireimmigrantsottawa.ca\/employer-awards\/2018-awards-recipients\/\" \/>\n<meta property=\"og:locale\" content=\"fr_FR\" \/>\n<meta property=\"og:type\" content=\"article\" \/>\n<meta property=\"og:title\" content=\"Laur\u00e9ats 2018 - Hire Immigrants Ottawa\" \/>\n<meta property=\"og:description\" content=\"Assent Compliance March 27, 2018 Diversity is not a Goal, it\u2019s an Expectation. While the focus of the work at Assent is on compliance, their work to create a diverse&#8230; [&hellip;]\" \/>\n<meta property=\"og:url\" content=\"https:\/\/www.hireimmigrantsottawa.ca\/employer-awards\/2018-awards-recipients\/\" \/>\n<meta property=\"og:site_name\" content=\"Hire Immigrants Ottawa\" \/>\n<meta property=\"article:modified_time\" content=\"2024-12-10T20:54:42+00:00\" \/>\n<meta property=\"og:image\" content=\"https:\/\/www.hireimmigrantsottawa.ca\/wp-content\/uploads\/2018\/03\/Assent-2018-Award-Winner-0395-Web1.jpg\" \/>\n\t<meta property=\"og:image:width\" content=\"640\" \/>\n\t<meta property=\"og:image:height\" content=\"393\" \/>\n\t<meta property=\"og:image:type\" content=\"image\/jpeg\" \/>\n<meta name=\"twitter:card\" content=\"summary_large_image\" \/>\n<meta name=\"twitter:site\" content=\"@HireImmOttawa\" \/>\n<meta name=\"twitter:label1\" content=\"Dur\u00e9e de lecture estim\u00e9e\" \/>\n\t<meta name=\"twitter:data1\" content=\"2 minutes\" \/>\n<script type=\"application\/ld+json\" class=\"yoast-schema-graph\">{\"@context\":\"https:\/\/schema.org\",\"@graph\":[{\"@type\":\"WebPage\",\"@id\":\"https:\/\/www.hireimmigrantsottawa.ca\/employer-awards\/2018-awards-recipients\/\",\"url\":\"https:\/\/www.hireimmigrantsottawa.ca\/employer-awards\/2018-awards-recipients\/\",\"name\":\"Laur\u00e9ats 2018 - Hire Immigrants Ottawa\",\"isPartOf\":{\"@id\":\"https:\/\/www.hireimmigrantsottawa.ca\/#website\"},\"primaryImageOfPage\":{\"@id\":\"https:\/\/www.hireimmigrantsottawa.ca\/employer-awards\/2018-awards-recipients\/#primaryimage\"},\"image\":{\"@id\":\"https:\/\/www.hireimmigrantsottawa.ca\/employer-awards\/2018-awards-recipients\/#primaryimage\"},\"thumbnailUrl\":\"https:\/\/www.hireimmigrantsottawa.ca\/wp-content\/uploads\/2018\/03\/Assent-2018-Award-Winner-0395-Web1.jpg\",\"datePublished\":\"2018-03-23T13:47:11+00:00\",\"dateModified\":\"2024-12-10T20:54:42+00:00\",\"breadcrumb\":{\"@id\":\"https:\/\/www.hireimmigrantsottawa.ca\/employer-awards\/2018-awards-recipients\/#breadcrumb\"},\"inLanguage\":\"fr-FR\",\"potentialAction\":[{\"@type\":\"ReadAction\",\"target\":[\"https:\/\/www.hireimmigrantsottawa.ca\/employer-awards\/2018-awards-recipients\/\"]}]},{\"@type\":\"ImageObject\",\"inLanguage\":\"fr-FR\",\"@id\":\"https:\/\/www.hireimmigrantsottawa.ca\/employer-awards\/2018-awards-recipients\/#primaryimage\",\"url\":\"https:\/\/www.hireimmigrantsottawa.ca\/wp-content\/uploads\/2018\/03\/Assent-2018-Award-Winner-0395-Web1.jpg\",\"contentUrl\":\"https:\/\/www.hireimmigrantsottawa.ca\/wp-content\/uploads\/2018\/03\/Assent-2018-Award-Winner-0395-Web1.jpg\"},{\"@type\":\"BreadcrumbList\",\"@id\":\"https:\/\/www.hireimmigrantsottawa.ca\/employer-awards\/2018-awards-recipients\/#breadcrumb\",\"itemListElement\":[{\"@type\":\"ListItem\",\"position\":1,\"name\":\"Home\",\"item\":\"https:\/\/www.hireimmigrantsottawa.ca\/\"},{\"@type\":\"ListItem\",\"position\":2,\"name\":\"Prix d&#8217;employeur\",\"item\":\"https:\/\/www.hireimmigrantsottawa.ca\/fr\/prix-demployeur\/\"},{\"@type\":\"ListItem\",\"position\":3,\"name\":\"Laur\u00e9ats 2018\"}]},{\"@type\":\"WebSite\",\"@id\":\"https:\/\/www.hireimmigrantsottawa.ca\/#website\",\"url\":\"https:\/\/www.hireimmigrantsottawa.ca\/\",\"name\":\"Hire Immigrants Ottawa\",\"description\":\"increases the capacity of employers to attract and integrate skilled immigrants\",\"publisher\":{\"@id\":\"https:\/\/www.hireimmigrantsottawa.ca\/#organization\"},\"potentialAction\":[{\"@type\":\"SearchAction\",\"target\":{\"@type\":\"EntryPoint\",\"urlTemplate\":\"https:\/\/www.hireimmigrantsottawa.ca\/?s={search_term_string}\"},\"query-input\":{\"@type\":\"PropertyValueSpecification\",\"valueRequired\":true,\"valueName\":\"search_term_string\"}}],\"inLanguage\":\"fr-FR\"},{\"@type\":\"Organization\",\"@id\":\"https:\/\/www.hireimmigrantsottawa.ca\/#organization\",\"name\":\"Hire Immigrants Ottawa\",\"url\":\"https:\/\/www.hireimmigrantsottawa.ca\/\",\"logo\":{\"@type\":\"ImageObject\",\"inLanguage\":\"fr-FR\",\"@id\":\"https:\/\/www.hireimmigrantsottawa.ca\/#\/schema\/logo\/image\/\",\"url\":\"https:\/\/www.hireimmigrantsottawa.ca\/wp-content\/uploads\/2023\/10\/hio-logo_bow_EN_web.png\",\"contentUrl\":\"https:\/\/www.hireimmigrantsottawa.ca\/wp-content\/uploads\/2023\/10\/hio-logo_bow_EN_web.png\",\"width\":745,\"height\":160,\"caption\":\"Hire Immigrants Ottawa\"},\"image\":{\"@id\":\"https:\/\/www.hireimmigrantsottawa.ca\/#\/schema\/logo\/image\/\"},\"sameAs\":[\"https:\/\/x.com\/HireImmOttawa\",\"https:\/\/www.youtube.com\/user\/hireimmigrantsottawa\"]}]}<\/script>\n<!-- \/ Yoast SEO plugin. -->","yoast_head_json":{"title":"Laur\u00e9ats 2018 - Hire Immigrants Ottawa","robots":{"index":"index","follow":"follow","max-snippet":"max-snippet:-1","max-image-preview":"max-image-preview:large","max-video-preview":"max-video-preview:-1"},"canonical":"https:\/\/www.hireimmigrantsottawa.ca\/employer-awards\/2018-awards-recipients\/","og_locale":"fr_FR","og_type":"article","og_title":"Laur\u00e9ats 2018 - Hire Immigrants Ottawa","og_description":"Assent Compliance March 27, 2018 Diversity is not a Goal, it\u2019s an Expectation. While the focus of the work at Assent is on compliance, their work to create a diverse&#8230; [&hellip;]","og_url":"https:\/\/www.hireimmigrantsottawa.ca\/employer-awards\/2018-awards-recipients\/","og_site_name":"Hire Immigrants Ottawa","article_modified_time":"2024-12-10T20:54:42+00:00","og_image":[{"width":640,"height":393,"url":"https:\/\/www.hireimmigrantsottawa.ca\/wp-content\/uploads\/2018\/03\/Assent-2018-Award-Winner-0395-Web1.jpg","type":"image\/jpeg"}],"twitter_card":"summary_large_image","twitter_site":"@HireImmOttawa","twitter_misc":{"Dur\u00e9e de lecture estim\u00e9e":"2 minutes"},"schema":{"@context":"https:\/\/schema.org","@graph":[{"@type":"WebPage","@id":"https:\/\/www.hireimmigrantsottawa.ca\/employer-awards\/2018-awards-recipients\/","url":"https:\/\/www.hireimmigrantsottawa.ca\/employer-awards\/2018-awards-recipients\/","name":"Laur\u00e9ats 2018 - Hire Immigrants Ottawa","isPartOf":{"@id":"https:\/\/www.hireimmigrantsottawa.ca\/#website"},"primaryImageOfPage":{"@id":"https:\/\/www.hireimmigrantsottawa.ca\/employer-awards\/2018-awards-recipients\/#primaryimage"},"image":{"@id":"https:\/\/www.hireimmigrantsottawa.ca\/employer-awards\/2018-awards-recipients\/#primaryimage"},"thumbnailUrl":"https:\/\/www.hireimmigrantsottawa.ca\/wp-content\/uploads\/2018\/03\/Assent-2018-Award-Winner-0395-Web1.jpg","datePublished":"2018-03-23T13:47:11+00:00","dateModified":"2024-12-10T20:54:42+00:00","breadcrumb":{"@id":"https:\/\/www.hireimmigrantsottawa.ca\/employer-awards\/2018-awards-recipients\/#breadcrumb"},"inLanguage":"fr-FR","potentialAction":[{"@type":"ReadAction","target":["https:\/\/www.hireimmigrantsottawa.ca\/employer-awards\/2018-awards-recipients\/"]}]},{"@type":"ImageObject","inLanguage":"fr-FR","@id":"https:\/\/www.hireimmigrantsottawa.ca\/employer-awards\/2018-awards-recipients\/#primaryimage","url":"https:\/\/www.hireimmigrantsottawa.ca\/wp-content\/uploads\/2018\/03\/Assent-2018-Award-Winner-0395-Web1.jpg","contentUrl":"https:\/\/www.hireimmigrantsottawa.ca\/wp-content\/uploads\/2018\/03\/Assent-2018-Award-Winner-0395-Web1.jpg"},{"@type":"BreadcrumbList","@id":"https:\/\/www.hireimmigrantsottawa.ca\/employer-awards\/2018-awards-recipients\/#breadcrumb","itemListElement":[{"@type":"ListItem","position":1,"name":"Home","item":"https:\/\/www.hireimmigrantsottawa.ca\/"},{"@type":"ListItem","position":2,"name":"Prix d&#8217;employeur","item":"https:\/\/www.hireimmigrantsottawa.ca\/fr\/prix-demployeur\/"},{"@type":"ListItem","position":3,"name":"Laur\u00e9ats 2018"}]},{"@type":"WebSite","@id":"https:\/\/www.hireimmigrantsottawa.ca\/#website","url":"https:\/\/www.hireimmigrantsottawa.ca\/","name":"Hire Immigrants Ottawa","description":"increases the capacity of employers to attract and integrate skilled immigrants","publisher":{"@id":"https:\/\/www.hireimmigrantsottawa.ca\/#organization"},"potentialAction":[{"@type":"SearchAction","target":{"@type":"EntryPoint","urlTemplate":"https:\/\/www.hireimmigrantsottawa.ca\/?s={search_term_string}"},"query-input":{"@type":"PropertyValueSpecification","valueRequired":true,"valueName":"search_term_string"}}],"inLanguage":"fr-FR"},{"@type":"Organization","@id":"https:\/\/www.hireimmigrantsottawa.ca\/#organization","name":"Hire Immigrants Ottawa","url":"https:\/\/www.hireimmigrantsottawa.ca\/","logo":{"@type":"ImageObject","inLanguage":"fr-FR","@id":"https:\/\/www.hireimmigrantsottawa.ca\/#\/schema\/logo\/image\/","url":"https:\/\/www.hireimmigrantsottawa.ca\/wp-content\/uploads\/2023\/10\/hio-logo_bow_EN_web.png","contentUrl":"https:\/\/www.hireimmigrantsottawa.ca\/wp-content\/uploads\/2023\/10\/hio-logo_bow_EN_web.png","width":745,"height":160,"caption":"Hire Immigrants Ottawa"},"image":{"@id":"https:\/\/www.hireimmigrantsottawa.ca\/#\/schema\/logo\/image\/"},"sameAs":["https:\/\/x.com\/HireImmOttawa","https:\/\/www.youtube.com\/user\/hireimmigrantsottawa"]}]}},"_links":{"self":[{"href":"https:\/\/www.hireimmigrantsottawa.ca\/fr\/wp-json\/wp\/v2\/pages\/5042","targetHints":{"allow":["GET"]}}],"collection":[{"href":"https:\/\/www.hireimmigrantsottawa.ca\/fr\/wp-json\/wp\/v2\/pages"}],"about":[{"href":"https:\/\/www.hireimmigrantsottawa.ca\/fr\/wp-json\/wp\/v2\/types\/page"}],"author":[{"embeddable":true,"href":"https:\/\/www.hireimmigrantsottawa.ca\/fr\/wp-json\/wp\/v2\/users\/12"}],"replies":[{"embeddable":true,"href":"https:\/\/www.hireimmigrantsottawa.ca\/fr\/wp-json\/wp\/v2\/comments?post=5042"}],"version-history":[{"count":5,"href":"https:\/\/www.hireimmigrantsottawa.ca\/fr\/wp-json\/wp\/v2\/pages\/5042\/revisions"}],"predecessor-version":[{"id":9479,"href":"https:\/\/www.hireimmigrantsottawa.ca\/fr\/wp-json\/wp\/v2\/pages\/5042\/revisions\/9479"}],"up":[{"embeddable":true,"href":"https:\/\/www.hireimmigrantsottawa.ca\/fr\/wp-json\/wp\/v2\/pages\/77"}],"wp:attachment":[{"href":"https:\/\/www.hireimmigrantsottawa.ca\/fr\/wp-json\/wp\/v2\/media?parent=5042"}],"curies":[{"name":"wp","href":"https:\/\/api.w.org\/{rel}","templated":true}]}}