{"id":4973,"date":"2018-02-01T22:10:45","date_gmt":"2018-02-02T03:10:45","guid":{"rendered":"http:\/\/www.hireimmigrantsottawa.ca\/fr\/?page_id=4973"},"modified":"2022-07-24T09:38:46","modified_gmt":"2022-07-24T13:38:46","slug":"sommet-des-employeurs-programme","status":"publish","type":"page","link":"https:\/\/www.hireimmigrantsottawa.ca\/fr\/evenements\/sommet-des-employeurs-programme\/","title":{"rendered":"Prix et Sommet du Conseil des employeurs champions de 2022"},"content":{"rendered":"<h3>Le leadership inclusif \u00e0 l\u2019heure du changement<\/h3>\n<table>\n<tbody>\n<tr>\n<td><\/td>\n<\/tr>\n<\/tbody>\n<\/table>\n<h4>Le 9 mai 2022 ~ <strong>\u00c9v\u00e9nement virtuel sur la plateforme Zoom<\/strong><\/h4>\n<div class=\"menu-sommet-menu2-container\"><ul id=\"short_menu_69e8ada13a8f1\" class=\"shortcode_menu summit-menu wpsm-menu enhance_shortcode_menu_inline  \"><li id=\"menu-item-7363\" class=\"menu-item menu-item-type-post_type menu-item-object-page menu-item-7363\"><a href=\"https:\/\/www.hireimmigrantsottawa.ca\/fr\/evenements\/sommet-inscription-2\/\">S&rsquo;inscrire<\/a><\/li>\n<li id=\"menu-item-7364\" class=\"menu-item menu-item-type-post_type menu-item-object-page menu-item-7364\"><a href=\"https:\/\/www.hireimmigrantsottawa.ca\/fr\/evenements\/sommet-des-employeurs-programme\/\">Programme<\/a><\/li>\n<\/ul><\/div><div class=\"clear\"><\/div>\n\t\t\t<style>\n\t\t\t\t#short_menu_69e8ada13a8f1 {  }\n\t\t\t\t#short_menu_69e8ada13a8f1 ul.wpsm-arrow-enabled:before {  } \n\t\t\t\t#short_menu_69e8ada13a8f1 ul, #short_menu_69e8ada13a8f1 ul ul {  }\n\t\t\t\t#short_menu_69e8ada13a8f1 a {  }\n\t\t\t\t#short_menu_69e8ada13a8f1 a:hover {  }\n\t\t\t\t#short_menu_69e8ada13a8f1 ul a {  }\n\t\t\t\t#short_menu_69e8ada13a8f1 ul a:hover {  }\n\t\t\t\t\n\t\t\t<\/style>\n\t\t\t<script type=\"text\/javascript\">\n\t\t\t\tvar show_arrow = \"true\";var $sm = jQuery.noConflict();\n\t\t\t\t\tjQuery(function ($) {\n\t\t\t\t\t\t$(\"#short_menu_69e8ada13a8f1\").tinyNav();\n\t\t\t\t\t\t$(\"#short_menu_69e8ada13a8f1\").next().addClass(\"shortcode-menu-mobile\");\n\t\t\t\t\t\t\n\t\t\t\t\t\tshortcode_menu_responsive();\n\t\t\t\t\t});\n\t\t\t\t\tjQuery(window).resize(function($){\n\t\t\t\t\t\tshortcode_menu_responsive();\n\t\t\t\t\t});\n\t\t\t\t\tfunction shortcode_menu_responsive()\n\t\t\t\t\t{\n\t\t\t\t\t\tvar window_width = $sm(window).width();\n\t\t\t\t\t\tif(window_width <= 650)\n\t\t\t\t\t\t{\n\t\t\t\t\t\t\t$sm(\"#short_menu_69e8ada13a8f1\").hide();\n\t\t\t\t\t\t\t$sm(\"#short_menu_69e8ada13a8f1\").next().show();\n\t\t\t\t\t\t}\n\t\t\t\t\t\telse\n\t\t\t\t\t\t{\n\t\t\t\t\t\t\t$sm(\"#short_menu_69e8ada13a8f1\").show();\n\t\t\t\t\t\t\t$sm(\"#short_menu_69e8ada13a8f1\").next().hide();\n\t\t\t\t\t\t}\n\t\t\t\t\t}<\/script>\n<table style=\"height: 731px; width: 522px; font-size: 12px;\">\n<tbody>\n<tr style=\"height: 40px;\" valign=\"top\">\n<td style=\"height: 40px; width: 78px;\">9 h<\/td>\n<td style=\"height: 40px; width: 477px;\"><strong>Mot de bienvenue \u00a0<\/strong><br \/>\nAdrian Harewood, animateur, CBC News Ottawa<\/td>\n<\/tr>\n<tr style=\"height: 60px;\" valign=\"top\">\n<td style=\"height: 60px; width: 78px;\">9 h5<\/td>\n<td style=\"height: 60px; width: 477px;\"><strong>Discours d\u2019ouverture:<\/strong>\u00a0Copr\u00e9sidents du Conseil des employeurs champions<br \/>\nGaye Moffett, fondatrice de GEM HealthCare Services Inc.<br \/>\nFrank Bilodeau, directeur r\u00e9gional pour l\u2019est du Canada \u2013 conseiller en investissements priv\u00e9s, Scotia Gestion de patrimoine<\/td>\n<\/tr>\n<tr style=\"height: 40px;\" valign=\"top\">\n<td style=\"height: 40px; width: 78px;\">9 h15<\/td>\n<td style=\"height: 40px; width: 477px;\"><strong>Salutations de la Ville d\u2019Ottawa<\/strong><br \/>\nMaire Jim Watson<\/td>\n<\/tr>\n<tr style=\"height: 40px;\" valign=\"top\">\n<td style=\"height: 40px; width: 78px;\">9 h 25<\/td>\n<td style=\"width: 477px; height: 40px;\"><strong>Discours-programme :<\/strong>\u00a0Leadership inclusif \u2013 Pr\u00eacher par l\u2019exemple<br \/>\nMohamad Fakih, pr\u00e9sident et directeur g\u00e9n\u00e9ral de Paramount Fine Foods<\/td>\n<\/tr>\n<tr style=\"height: 40px;\" valign=\"top\">\n<td style=\"height: 40px; width: 78px;\">10 h 15<\/td>\n<td style=\"width: 477px; height: 40px;\"><strong>Pr\u00e9sentation des Prix<\/strong><br \/>\nPrix employeur d\u2019excellence de 2021<\/td>\n<\/tr>\n<tr style=\"height: 25px;\" valign=\"top\">\n<td style=\"height: 25px; width: 78px;\">10 h 30<\/td>\n<td style=\"width: 477px; height: 25px;\"><strong>Pause-sant\u00e9<\/strong><\/td>\n<\/tr>\n<tr style=\"height: 30px;\" valign=\"top\">\n<td style=\"height: 10px; width: 78px;\">10 h 35<\/td>\n<td style=\"width: 477px; height: 10px;\"><strong>Discussion en groupe<\/strong> : C<em>r\u00e9er des milieux de travail inclusifs<\/em><\/p>\n<p><strong>Ren\u00e9e L\u00e9gar\u00e9<\/strong>, vice-pr\u00e9sidente ex\u00e9cutive et chef des ressources humaines<br \/>\nL\u2019H\u00f4pital d\u2019Ottawa<\/p>\n<p><strong>Monika Bains<\/strong>, conseill\u00e8re en ressources humaines<br \/>\nMultiview Corporation<\/p>\n<p><strong>Marie-Daphn\u00e9 Laguerre<\/strong>, consultante en diversit\u00e9, inclusion et ressources humaines, Les Consultations AfroQueen Consultant<\/p>\n<p><strong>Keira Torkko<\/strong>, vice-pr\u00e9sidente de l\u2019exp\u00e9rience du personnel<br \/>\nAssent Compliance Inc.<\/p>\n<p><strong>Richard Pinnock<\/strong>, directeur de la diversit\u00e9<br \/>\nExportation et D\u00e9veloppement Canada<\/td>\n<\/tr>\n<tr style=\"height: 25px;\" valign=\"top\">\n<td style=\"width: 78px; height: 25px;\">11 h 50<\/td>\n<td style=\"width: 477px; height: 25px;\"><strong>Mot de la fin<\/strong><br \/>\nHenry Akanko, directeur, Embauche Immigrants Ottawa<\/td>\n<\/tr>\n<tr style=\"height: 25px;\">\n<td style=\"width: 78px; height: 25px;\">12 h<\/td>\n<td style=\"width: 477px; height: 25px;\"><strong>Fin du Sommet<\/strong><\/td>\n<\/tr>\n<\/tbody>\n<\/table>\n<hr \/>\n<h3><span style=\"color: #ff6600;\"><strong>Nouveau!<\/strong><\/span><br \/>\n<a href=\"https:\/\/www.hireimmigrantsottawa.ca\/fr\/evenements\/inclusion-et-dappartenance\/\"><img fetchpriority=\"high\" decoding=\"async\" class=\"alignleft wp-image-7416 \" src=\"https:\/\/www.hireimmigrantsottawa.ca\/wp-content\/uploads\/2022\/05\/FR-CIB_GrayBanner-V2-600-\u00d7-100-px.png\" alt=\"\" width=\"581\" height=\"97\" srcset=\"https:\/\/www.hireimmigrantsottawa.ca\/wp-content\/uploads\/2022\/05\/FR-CIB_GrayBanner-V2-600-\u00d7-100-px.png 1024w, https:\/\/www.hireimmigrantsottawa.ca\/wp-content\/uploads\/2022\/05\/FR-CIB_GrayBanner-V2-600-\u00d7-100-px-300x50.png 300w, https:\/\/www.hireimmigrantsottawa.ca\/wp-content\/uploads\/2022\/05\/FR-CIB_GrayBanner-V2-600-\u00d7-100-px-768x128.png 768w\" sizes=\"(max-width: 581px) 100vw, 581px\" \/><\/a><\/h3>\n<h3><\/h3>\n<p>&nbsp;<\/p>\n","protected":false},"excerpt":{"rendered":"<p>Le leadership inclusif \u00e0 l\u2019heure du changement Le 9 mai 2022 ~ \u00c9v\u00e9nement virtuel sur la plateforme Zoom 9 h Mot de bienvenue \u00a0 Adrian Harewood, animateur, CBC News Ottawa [&hellip;]<\/p>\n","protected":false},"author":13,"featured_media":11186,"parent":79,"menu_order":0,"comment_status":"closed","ping_status":"closed","template":"","meta":{"_exactmetrics_skip_tracking":false,"_exactmetrics_sitenote_active":false,"_exactmetrics_sitenote_note":"","_exactmetrics_sitenote_category":0,"footnotes":"","_links_to":"","_links_to_target":""},"class_list":["post-4973","page","type-page","status-publish","has-post-thumbnail","hentry"],"yoast_head":"<!-- This site is optimized with the Yoast SEO plugin v27.2 - https:\/\/yoast.com\/product\/yoast-seo-wordpress\/ -->\n<title>Prix et Sommet du Conseil des employeurs champions de 2022 - Hire Immigrants Ottawa<\/title>\n<meta name=\"robots\" content=\"index, follow, max-snippet:-1, max-image-preview:large, max-video-preview:-1\" \/>\n<link rel=\"canonical\" href=\"https:\/\/www.hireimmigrantsottawa.ca\/fr\/evenements\/sommet-des-employeurs-programme\/\" \/>\n<meta property=\"og:locale\" content=\"fr_FR\" \/>\n<meta property=\"og:type\" content=\"article\" \/>\n<meta property=\"og:title\" content=\"Prix et Sommet du Conseil des employeurs champions de 2022 - Hire Immigrants Ottawa\" \/>\n<meta property=\"og:description\" content=\"Le leadership inclusif \u00e0 l\u2019heure du changement Le 9 mai 2022 ~ \u00c9v\u00e9nement virtuel sur la plateforme Zoom 9 h Mot de bienvenue \u00a0 Adrian Harewood, animateur, CBC News Ottawa [&hellip;]\" \/>\n<meta property=\"og:url\" content=\"https:\/\/www.hireimmigrantsottawa.ca\/fr\/evenements\/sommet-des-employeurs-programme\/\" \/>\n<meta property=\"og:site_name\" content=\"Hire Immigrants Ottawa\" \/>\n<meta property=\"article:modified_time\" content=\"2022-07-24T13:38:46+00:00\" \/>\n<meta property=\"og:image\" content=\"https:\/\/www.hireimmigrantsottawa.ca\/wp-content\/uploads\/2022\/05\/EN-CIB_GrayBanner-V2-600-\u00d7-100-px.png\" \/>\n\t<meta property=\"og:image:width\" content=\"1024\" \/>\n\t<meta property=\"og:image:height\" content=\"171\" \/>\n\t<meta property=\"og:image:type\" content=\"image\/png\" \/>\n<meta name=\"twitter:card\" content=\"summary_large_image\" \/>\n<meta name=\"twitter:site\" content=\"@HireImmOttawa\" \/>\n<meta name=\"twitter:label1\" content=\"Dur\u00e9e de lecture estim\u00e9e\" \/>\n\t<meta name=\"twitter:data1\" content=\"2 minutes\" \/>\n<script type=\"application\/ld+json\" class=\"yoast-schema-graph\">{\"@context\":\"https:\/\/schema.org\",\"@graph\":[{\"@type\":\"WebPage\",\"@id\":\"https:\/\/www.hireimmigrantsottawa.ca\/fr\/evenements\/sommet-des-employeurs-programme\/\",\"url\":\"https:\/\/www.hireimmigrantsottawa.ca\/fr\/evenements\/sommet-des-employeurs-programme\/\",\"name\":\"Prix et Sommet du Conseil des employeurs champions de 2022 - Hire Immigrants Ottawa\",\"isPartOf\":{\"@id\":\"https:\/\/www.hireimmigrantsottawa.ca\/#website\"},\"primaryImageOfPage\":{\"@id\":\"https:\/\/www.hireimmigrantsottawa.ca\/fr\/evenements\/sommet-des-employeurs-programme\/#primaryimage\"},\"image\":{\"@id\":\"https:\/\/www.hireimmigrantsottawa.ca\/fr\/evenements\/sommet-des-employeurs-programme\/#primaryimage\"},\"thumbnailUrl\":\"https:\/\/www.hireimmigrantsottawa.ca\/wp-content\/uploads\/2026\/01\/2026-Employer-Summit-Keynote-Wendy-Cukier.png\",\"datePublished\":\"2018-02-02T03:10:45+00:00\",\"dateModified\":\"2022-07-24T13:38:46+00:00\",\"breadcrumb\":{\"@id\":\"https:\/\/www.hireimmigrantsottawa.ca\/fr\/evenements\/sommet-des-employeurs-programme\/#breadcrumb\"},\"inLanguage\":\"fr-FR\",\"potentialAction\":[{\"@type\":\"ReadAction\",\"target\":[\"https:\/\/www.hireimmigrantsottawa.ca\/fr\/evenements\/sommet-des-employeurs-programme\/\"]}]},{\"@type\":\"ImageObject\",\"inLanguage\":\"fr-FR\",\"@id\":\"https:\/\/www.hireimmigrantsottawa.ca\/fr\/evenements\/sommet-des-employeurs-programme\/#primaryimage\",\"url\":\"https:\/\/www.hireimmigrantsottawa.ca\/wp-content\/uploads\/2026\/01\/2026-Employer-Summit-Keynote-Wendy-Cukier.png\",\"contentUrl\":\"https:\/\/www.hireimmigrantsottawa.ca\/wp-content\/uploads\/2026\/01\/2026-Employer-Summit-Keynote-Wendy-Cukier.png\",\"width\":922,\"height\":1024},{\"@type\":\"BreadcrumbList\",\"@id\":\"https:\/\/www.hireimmigrantsottawa.ca\/fr\/evenements\/sommet-des-employeurs-programme\/#breadcrumb\",\"itemListElement\":[{\"@type\":\"ListItem\",\"position\":1,\"name\":\"Home\",\"item\":\"https:\/\/www.hireimmigrantsottawa.ca\/\"},{\"@type\":\"ListItem\",\"position\":2,\"name\":\"\u00c9v\u00e9nements\",\"item\":\"https:\/\/www.hireimmigrantsottawa.ca\/fr\/evenements\/\"},{\"@type\":\"ListItem\",\"position\":3,\"name\":\"Prix et Sommet du Conseil des employeurs champions de 2022\"}]},{\"@type\":\"WebSite\",\"@id\":\"https:\/\/www.hireimmigrantsottawa.ca\/#website\",\"url\":\"https:\/\/www.hireimmigrantsottawa.ca\/\",\"name\":\"Hire Immigrants Ottawa\",\"description\":\"increases the capacity of employers to attract and integrate skilled immigrants\",\"publisher\":{\"@id\":\"https:\/\/www.hireimmigrantsottawa.ca\/#organization\"},\"potentialAction\":[{\"@type\":\"SearchAction\",\"target\":{\"@type\":\"EntryPoint\",\"urlTemplate\":\"https:\/\/www.hireimmigrantsottawa.ca\/?s={search_term_string}\"},\"query-input\":{\"@type\":\"PropertyValueSpecification\",\"valueRequired\":true,\"valueName\":\"search_term_string\"}}],\"inLanguage\":\"fr-FR\"},{\"@type\":\"Organization\",\"@id\":\"https:\/\/www.hireimmigrantsottawa.ca\/#organization\",\"name\":\"Hire Immigrants Ottawa\",\"url\":\"https:\/\/www.hireimmigrantsottawa.ca\/\",\"logo\":{\"@type\":\"ImageObject\",\"inLanguage\":\"fr-FR\",\"@id\":\"https:\/\/www.hireimmigrantsottawa.ca\/#\/schema\/logo\/image\/\",\"url\":\"https:\/\/www.hireimmigrantsottawa.ca\/wp-content\/uploads\/2023\/10\/hio-logo_bow_EN_web.png\",\"contentUrl\":\"https:\/\/www.hireimmigrantsottawa.ca\/wp-content\/uploads\/2023\/10\/hio-logo_bow_EN_web.png\",\"width\":745,\"height\":160,\"caption\":\"Hire Immigrants Ottawa\"},\"image\":{\"@id\":\"https:\/\/www.hireimmigrantsottawa.ca\/#\/schema\/logo\/image\/\"},\"sameAs\":[\"https:\/\/x.com\/HireImmOttawa\",\"https:\/\/www.youtube.com\/user\/hireimmigrantsottawa\"]}]}<\/script>\n<!-- \/ Yoast SEO plugin. -->","yoast_head_json":{"title":"Prix et Sommet du Conseil des employeurs champions de 2022 - Hire Immigrants Ottawa","robots":{"index":"index","follow":"follow","max-snippet":"max-snippet:-1","max-image-preview":"max-image-preview:large","max-video-preview":"max-video-preview:-1"},"canonical":"https:\/\/www.hireimmigrantsottawa.ca\/fr\/evenements\/sommet-des-employeurs-programme\/","og_locale":"fr_FR","og_type":"article","og_title":"Prix et Sommet du Conseil des employeurs champions de 2022 - Hire Immigrants Ottawa","og_description":"Le leadership inclusif \u00e0 l\u2019heure du changement Le 9 mai 2022 ~ \u00c9v\u00e9nement virtuel sur la plateforme Zoom 9 h Mot de bienvenue \u00a0 Adrian Harewood, animateur, CBC News Ottawa [&hellip;]","og_url":"https:\/\/www.hireimmigrantsottawa.ca\/fr\/evenements\/sommet-des-employeurs-programme\/","og_site_name":"Hire Immigrants Ottawa","article_modified_time":"2022-07-24T13:38:46+00:00","og_image":[{"width":1024,"height":171,"url":"https:\/\/www.hireimmigrantsottawa.ca\/wp-content\/uploads\/2022\/05\/EN-CIB_GrayBanner-V2-600-\u00d7-100-px.png","type":"image\/png"}],"twitter_card":"summary_large_image","twitter_site":"@HireImmOttawa","twitter_misc":{"Dur\u00e9e de lecture estim\u00e9e":"2 minutes"},"schema":{"@context":"https:\/\/schema.org","@graph":[{"@type":"WebPage","@id":"https:\/\/www.hireimmigrantsottawa.ca\/fr\/evenements\/sommet-des-employeurs-programme\/","url":"https:\/\/www.hireimmigrantsottawa.ca\/fr\/evenements\/sommet-des-employeurs-programme\/","name":"Prix et Sommet du Conseil des employeurs champions de 2022 - Hire Immigrants Ottawa","isPartOf":{"@id":"https:\/\/www.hireimmigrantsottawa.ca\/#website"},"primaryImageOfPage":{"@id":"https:\/\/www.hireimmigrantsottawa.ca\/fr\/evenements\/sommet-des-employeurs-programme\/#primaryimage"},"image":{"@id":"https:\/\/www.hireimmigrantsottawa.ca\/fr\/evenements\/sommet-des-employeurs-programme\/#primaryimage"},"thumbnailUrl":"https:\/\/www.hireimmigrantsottawa.ca\/wp-content\/uploads\/2026\/01\/2026-Employer-Summit-Keynote-Wendy-Cukier.png","datePublished":"2018-02-02T03:10:45+00:00","dateModified":"2022-07-24T13:38:46+00:00","breadcrumb":{"@id":"https:\/\/www.hireimmigrantsottawa.ca\/fr\/evenements\/sommet-des-employeurs-programme\/#breadcrumb"},"inLanguage":"fr-FR","potentialAction":[{"@type":"ReadAction","target":["https:\/\/www.hireimmigrantsottawa.ca\/fr\/evenements\/sommet-des-employeurs-programme\/"]}]},{"@type":"ImageObject","inLanguage":"fr-FR","@id":"https:\/\/www.hireimmigrantsottawa.ca\/fr\/evenements\/sommet-des-employeurs-programme\/#primaryimage","url":"https:\/\/www.hireimmigrantsottawa.ca\/wp-content\/uploads\/2026\/01\/2026-Employer-Summit-Keynote-Wendy-Cukier.png","contentUrl":"https:\/\/www.hireimmigrantsottawa.ca\/wp-content\/uploads\/2026\/01\/2026-Employer-Summit-Keynote-Wendy-Cukier.png","width":922,"height":1024},{"@type":"BreadcrumbList","@id":"https:\/\/www.hireimmigrantsottawa.ca\/fr\/evenements\/sommet-des-employeurs-programme\/#breadcrumb","itemListElement":[{"@type":"ListItem","position":1,"name":"Home","item":"https:\/\/www.hireimmigrantsottawa.ca\/"},{"@type":"ListItem","position":2,"name":"\u00c9v\u00e9nements","item":"https:\/\/www.hireimmigrantsottawa.ca\/fr\/evenements\/"},{"@type":"ListItem","position":3,"name":"Prix et Sommet du Conseil des employeurs champions de 2022"}]},{"@type":"WebSite","@id":"https:\/\/www.hireimmigrantsottawa.ca\/#website","url":"https:\/\/www.hireimmigrantsottawa.ca\/","name":"Hire Immigrants Ottawa","description":"increases the capacity of employers to attract and integrate skilled immigrants","publisher":{"@id":"https:\/\/www.hireimmigrantsottawa.ca\/#organization"},"potentialAction":[{"@type":"SearchAction","target":{"@type":"EntryPoint","urlTemplate":"https:\/\/www.hireimmigrantsottawa.ca\/?s={search_term_string}"},"query-input":{"@type":"PropertyValueSpecification","valueRequired":true,"valueName":"search_term_string"}}],"inLanguage":"fr-FR"},{"@type":"Organization","@id":"https:\/\/www.hireimmigrantsottawa.ca\/#organization","name":"Hire Immigrants Ottawa","url":"https:\/\/www.hireimmigrantsottawa.ca\/","logo":{"@type":"ImageObject","inLanguage":"fr-FR","@id":"https:\/\/www.hireimmigrantsottawa.ca\/#\/schema\/logo\/image\/","url":"https:\/\/www.hireimmigrantsottawa.ca\/wp-content\/uploads\/2023\/10\/hio-logo_bow_EN_web.png","contentUrl":"https:\/\/www.hireimmigrantsottawa.ca\/wp-content\/uploads\/2023\/10\/hio-logo_bow_EN_web.png","width":745,"height":160,"caption":"Hire Immigrants Ottawa"},"image":{"@id":"https:\/\/www.hireimmigrantsottawa.ca\/#\/schema\/logo\/image\/"},"sameAs":["https:\/\/x.com\/HireImmOttawa","https:\/\/www.youtube.com\/user\/hireimmigrantsottawa"]}]}},"_links":{"self":[{"href":"https:\/\/www.hireimmigrantsottawa.ca\/fr\/wp-json\/wp\/v2\/pages\/4973","targetHints":{"allow":["GET"]}}],"collection":[{"href":"https:\/\/www.hireimmigrantsottawa.ca\/fr\/wp-json\/wp\/v2\/pages"}],"about":[{"href":"https:\/\/www.hireimmigrantsottawa.ca\/fr\/wp-json\/wp\/v2\/types\/page"}],"author":[{"embeddable":true,"href":"https:\/\/www.hireimmigrantsottawa.ca\/fr\/wp-json\/wp\/v2\/users\/13"}],"replies":[{"embeddable":true,"href":"https:\/\/www.hireimmigrantsottawa.ca\/fr\/wp-json\/wp\/v2\/comments?post=4973"}],"version-history":[{"count":61,"href":"https:\/\/www.hireimmigrantsottawa.ca\/fr\/wp-json\/wp\/v2\/pages\/4973\/revisions"}],"predecessor-version":[{"id":7498,"href":"https:\/\/www.hireimmigrantsottawa.ca\/fr\/wp-json\/wp\/v2\/pages\/4973\/revisions\/7498"}],"up":[{"embeddable":true,"href":"https:\/\/www.hireimmigrantsottawa.ca\/fr\/wp-json\/wp\/v2\/pages\/79"}],"wp:featuredmedia":[{"embeddable":true,"href":"https:\/\/www.hireimmigrantsottawa.ca\/fr\/wp-json\/wp\/v2\/media\/11186"}],"wp:attachment":[{"href":"https:\/\/www.hireimmigrantsottawa.ca\/fr\/wp-json\/wp\/v2\/media?parent=4973"}],"curies":[{"name":"wp","href":"https:\/\/api.w.org\/{rel}","templated":true}]}}