{"id":470,"date":"2013-10-04T05:35:39","date_gmt":"2013-10-04T05:35:39","guid":{"rendered":"http:\/\/www.hireimmigrantsottawa.ca\/?page_id=470"},"modified":"2025-07-17T14:59:25","modified_gmt":"2025-07-17T18:59:25","slug":"introduction","status":"publish","type":"page","link":"https:\/\/www.hireimmigrantsottawa.ca\/fr\/pour-les-employeurs\/what\/introduction\/","title":{"rendered":"Introduction \u00e0 l\u2019acquisition de comp\u00e9tences culturelles"},"content":{"rendered":"<p>Au cours de cet atelier interactif, nous allons explorer et mettre en place la base d\u2019une communication efficace entre les n\u00e9o-Canadiens et leurs employeurs canadiens. Les sujets abord\u00e9s comprennent : la perception et son incidence sur la communication dans le lieu de travail, comment l\u2019adaptation culturelle influence l\u2019efficacit\u00e9 d\u2019un lieu de travail, les styles de communication (comment nous interagissons dans une conversation) ainsi que des \u00e9tudes de cas, la r\u00e9solution de probl\u00e8mes \u2013 \u00e9tudes de cas.<\/p>\n<p><strong><em>Objectifs d\u2019apprentissage\u00a0<\/em><\/strong><em>\u2013 Lors de cette s\u00e9ance, vous apprendrez :<\/em><\/p>\n<ul>\n<li>Comment utiliser cinq comp\u00e9tences interculturelles cl\u00e9s en milieu de travail.<\/li>\n<li>Comment discuter efficacement des d\u00e9fis au travail avec les personnes form\u00e9es \u00e0 l\u2019\u00e9tranger (PFE).<\/li>\n<\/ul>\n<h4><a title=\"s\u2019inscrire \u00e0 la formation\" href=\"https:\/\/www.hireimmigrantsottawa.ca\/fr\/evenements\/events-training-cross-cultural-training\/\">Inscrivez-vous \u00e0 un module d\u00e8s aujourd\u2019hui!<\/a><\/h4>\n<p>&nbsp;<\/p>\n","protected":false},"excerpt":{"rendered":"<p>Au cours de cet atelier interactif, nous allons explorer et mettre en place la base d\u2019une communication efficace entre les n\u00e9o-Canadiens et leurs employeurs canadiens. Les sujets abord\u00e9s comprennent : [&hellip;]<\/p>\n","protected":false},"author":12,"featured_media":3090,"parent":185,"menu_order":0,"comment_status":"closed","ping_status":"closed","template":"","meta":{"_exactmetrics_skip_tracking":false,"_exactmetrics_sitenote_active":false,"_exactmetrics_sitenote_note":"","_exactmetrics_sitenote_category":0,"footnotes":"","_links_to":"","_links_to_target":""},"class_list":["post-470","page","type-page","status-publish","has-post-thumbnail","hentry"],"yoast_head":"<!-- This site is optimized with the Yoast SEO plugin v27.5 - https:\/\/yoast.com\/product\/yoast-seo-wordpress\/ -->\n<title>Introduction \u00e0 l\u2019acquisition de comp\u00e9tences culturelles - Hire Immigrants Ottawa<\/title>\n<meta name=\"robots\" content=\"index, follow, max-snippet:-1, max-image-preview:large, max-video-preview:-1\" \/>\n<link rel=\"canonical\" href=\"https:\/\/www.hireimmigrantsottawa.ca\/fr\/pour-les-employeurs\/what\/introduction\/\" \/>\n<meta property=\"og:locale\" content=\"fr_FR\" \/>\n<meta property=\"og:type\" content=\"article\" \/>\n<meta property=\"og:title\" content=\"Introduction \u00e0 l\u2019acquisition de comp\u00e9tences culturelles - Hire Immigrants Ottawa\" \/>\n<meta property=\"og:description\" content=\"Au cours de cet atelier interactif, nous allons explorer et mettre en place la base d\u2019une communication efficace entre les n\u00e9o-Canadiens et leurs employeurs canadiens. Les sujets abord\u00e9s comprennent : [&hellip;]\" \/>\n<meta property=\"og:url\" content=\"https:\/\/www.hireimmigrantsottawa.ca\/fr\/pour-les-employeurs\/what\/introduction\/\" \/>\n<meta property=\"og:site_name\" content=\"Hire Immigrants Ottawa\" \/>\n<meta property=\"article:modified_time\" content=\"2025-07-17T18:59:25+00:00\" \/>\n<meta property=\"og:image\" content=\"https:\/\/www.hireimmigrantsottawa.ca\/wp-content\/uploads\/2014\/10\/HIO-HR.jpg\" \/>\n\t<meta property=\"og:image:width\" content=\"468\" \/>\n\t<meta property=\"og:image:height\" content=\"60\" \/>\n\t<meta property=\"og:image:type\" content=\"image\/jpeg\" \/>\n<meta name=\"twitter:card\" content=\"summary_large_image\" \/>\n<meta name=\"twitter:site\" content=\"@HireImmOttawa\" \/>\n<meta name=\"twitter:label1\" content=\"Dur\u00e9e de lecture estim\u00e9e\" \/>\n\t<meta name=\"twitter:data1\" content=\"1 minute\" \/>\n<script type=\"application\/ld+json\" class=\"yoast-schema-graph\">{\"@context\":\"https:\\\/\\\/schema.org\",\"@graph\":[{\"@type\":\"WebPage\",\"@id\":\"https:\\\/\\\/www.hireimmigrantsottawa.ca\\\/fr\\\/pour-les-employeurs\\\/what\\\/introduction\\\/\",\"url\":\"https:\\\/\\\/www.hireimmigrantsottawa.ca\\\/fr\\\/pour-les-employeurs\\\/what\\\/introduction\\\/\",\"name\":\"Introduction \u00e0 l\u2019acquisition de comp\u00e9tences culturelles - Hire Immigrants Ottawa\",\"isPartOf\":{\"@id\":\"https:\\\/\\\/www.hireimmigrantsottawa.ca\\\/#website\"},\"primaryImageOfPage\":{\"@id\":\"https:\\\/\\\/www.hireimmigrantsottawa.ca\\\/fr\\\/pour-les-employeurs\\\/what\\\/introduction\\\/#primaryimage\"},\"image\":{\"@id\":\"https:\\\/\\\/www.hireimmigrantsottawa.ca\\\/fr\\\/pour-les-employeurs\\\/what\\\/introduction\\\/#primaryimage\"},\"thumbnailUrl\":\"https:\\\/\\\/www.hireimmigrantsottawa.ca\\\/wp-content\\\/uploads\\\/2014\\\/10\\\/HIO-HR.jpg\",\"datePublished\":\"2013-10-04T05:35:39+00:00\",\"dateModified\":\"2025-07-17T18:59:25+00:00\",\"breadcrumb\":{\"@id\":\"https:\\\/\\\/www.hireimmigrantsottawa.ca\\\/fr\\\/pour-les-employeurs\\\/what\\\/introduction\\\/#breadcrumb\"},\"inLanguage\":\"fr-FR\",\"potentialAction\":[{\"@type\":\"ReadAction\",\"target\":[\"https:\\\/\\\/www.hireimmigrantsottawa.ca\\\/fr\\\/pour-les-employeurs\\\/what\\\/introduction\\\/\"]}]},{\"@type\":\"ImageObject\",\"inLanguage\":\"fr-FR\",\"@id\":\"https:\\\/\\\/www.hireimmigrantsottawa.ca\\\/fr\\\/pour-les-employeurs\\\/what\\\/introduction\\\/#primaryimage\",\"url\":\"https:\\\/\\\/www.hireimmigrantsottawa.ca\\\/wp-content\\\/uploads\\\/2014\\\/10\\\/HIO-HR.jpg\",\"contentUrl\":\"https:\\\/\\\/www.hireimmigrantsottawa.ca\\\/wp-content\\\/uploads\\\/2014\\\/10\\\/HIO-HR.jpg\",\"width\":468,\"height\":60,\"caption\":\"Cross Cultural Competency Training\"},{\"@type\":\"BreadcrumbList\",\"@id\":\"https:\\\/\\\/www.hireimmigrantsottawa.ca\\\/fr\\\/pour-les-employeurs\\\/what\\\/introduction\\\/#breadcrumb\",\"itemListElement\":[{\"@type\":\"ListItem\",\"position\":1,\"name\":\"Home\",\"item\":\"https:\\\/\\\/www.hireimmigrantsottawa.ca\\\/\"},{\"@type\":\"ListItem\",\"position\":2,\"name\":\"Pour les employeurs\",\"item\":\"https:\\\/\\\/www.hireimmigrantsottawa.ca\\\/fr\\\/pour-les-employeurs\\\/\"},{\"@type\":\"ListItem\",\"position\":3,\"name\":\"Que sont les \u00ab comp\u00e9tences interculturelles \u00bb?\",\"item\":\"https:\\\/\\\/www.hireimmigrantsottawa.ca\\\/fr\\\/pour-les-employeurs\\\/what\\\/\"},{\"@type\":\"ListItem\",\"position\":4,\"name\":\"Introduction \u00e0 l\u2019acquisition de comp\u00e9tences culturelles\"}]},{\"@type\":\"WebSite\",\"@id\":\"https:\\\/\\\/www.hireimmigrantsottawa.ca\\\/#website\",\"url\":\"https:\\\/\\\/www.hireimmigrantsottawa.ca\\\/\",\"name\":\"Hire Immigrants Ottawa\",\"description\":\"increases the capacity of employers to attract and integrate skilled immigrants\",\"publisher\":{\"@id\":\"https:\\\/\\\/www.hireimmigrantsottawa.ca\\\/#organization\"},\"potentialAction\":[{\"@type\":\"SearchAction\",\"target\":{\"@type\":\"EntryPoint\",\"urlTemplate\":\"https:\\\/\\\/www.hireimmigrantsottawa.ca\\\/?s={search_term_string}\"},\"query-input\":{\"@type\":\"PropertyValueSpecification\",\"valueRequired\":true,\"valueName\":\"search_term_string\"}}],\"inLanguage\":\"fr-FR\"},{\"@type\":\"Organization\",\"@id\":\"https:\\\/\\\/www.hireimmigrantsottawa.ca\\\/#organization\",\"name\":\"Hire Immigrants Ottawa\",\"url\":\"https:\\\/\\\/www.hireimmigrantsottawa.ca\\\/\",\"logo\":{\"@type\":\"ImageObject\",\"inLanguage\":\"fr-FR\",\"@id\":\"https:\\\/\\\/www.hireimmigrantsottawa.ca\\\/#\\\/schema\\\/logo\\\/image\\\/\",\"url\":\"https:\\\/\\\/www.hireimmigrantsottawa.ca\\\/wp-content\\\/uploads\\\/2023\\\/10\\\/hio-logo_bow_EN_web.png\",\"contentUrl\":\"https:\\\/\\\/www.hireimmigrantsottawa.ca\\\/wp-content\\\/uploads\\\/2023\\\/10\\\/hio-logo_bow_EN_web.png\",\"width\":745,\"height\":160,\"caption\":\"Hire Immigrants Ottawa\"},\"image\":{\"@id\":\"https:\\\/\\\/www.hireimmigrantsottawa.ca\\\/#\\\/schema\\\/logo\\\/image\\\/\"},\"sameAs\":[\"https:\\\/\\\/x.com\\\/HireImmOttawa\",\"https:\\\/\\\/www.youtube.com\\\/user\\\/hireimmigrantsottawa\"]}]}<\/script>\n<!-- \/ Yoast SEO plugin. -->","yoast_head_json":{"title":"Introduction \u00e0 l\u2019acquisition de comp\u00e9tences culturelles - Hire Immigrants Ottawa","robots":{"index":"index","follow":"follow","max-snippet":"max-snippet:-1","max-image-preview":"max-image-preview:large","max-video-preview":"max-video-preview:-1"},"canonical":"https:\/\/www.hireimmigrantsottawa.ca\/fr\/pour-les-employeurs\/what\/introduction\/","og_locale":"fr_FR","og_type":"article","og_title":"Introduction \u00e0 l\u2019acquisition de comp\u00e9tences culturelles - Hire Immigrants Ottawa","og_description":"Au cours de cet atelier interactif, nous allons explorer et mettre en place la base d\u2019une communication efficace entre les n\u00e9o-Canadiens et leurs employeurs canadiens. Les sujets abord\u00e9s comprennent : [&hellip;]","og_url":"https:\/\/www.hireimmigrantsottawa.ca\/fr\/pour-les-employeurs\/what\/introduction\/","og_site_name":"Hire Immigrants Ottawa","article_modified_time":"2025-07-17T18:59:25+00:00","og_image":[{"width":468,"height":60,"url":"https:\/\/www.hireimmigrantsottawa.ca\/wp-content\/uploads\/2014\/10\/HIO-HR.jpg","type":"image\/jpeg"}],"twitter_card":"summary_large_image","twitter_site":"@HireImmOttawa","twitter_misc":{"Dur\u00e9e de lecture estim\u00e9e":"1 minute"},"schema":{"@context":"https:\/\/schema.org","@graph":[{"@type":"WebPage","@id":"https:\/\/www.hireimmigrantsottawa.ca\/fr\/pour-les-employeurs\/what\/introduction\/","url":"https:\/\/www.hireimmigrantsottawa.ca\/fr\/pour-les-employeurs\/what\/introduction\/","name":"Introduction \u00e0 l\u2019acquisition de comp\u00e9tences culturelles - Hire Immigrants Ottawa","isPartOf":{"@id":"https:\/\/www.hireimmigrantsottawa.ca\/#website"},"primaryImageOfPage":{"@id":"https:\/\/www.hireimmigrantsottawa.ca\/fr\/pour-les-employeurs\/what\/introduction\/#primaryimage"},"image":{"@id":"https:\/\/www.hireimmigrantsottawa.ca\/fr\/pour-les-employeurs\/what\/introduction\/#primaryimage"},"thumbnailUrl":"https:\/\/www.hireimmigrantsottawa.ca\/wp-content\/uploads\/2014\/10\/HIO-HR.jpg","datePublished":"2013-10-04T05:35:39+00:00","dateModified":"2025-07-17T18:59:25+00:00","breadcrumb":{"@id":"https:\/\/www.hireimmigrantsottawa.ca\/fr\/pour-les-employeurs\/what\/introduction\/#breadcrumb"},"inLanguage":"fr-FR","potentialAction":[{"@type":"ReadAction","target":["https:\/\/www.hireimmigrantsottawa.ca\/fr\/pour-les-employeurs\/what\/introduction\/"]}]},{"@type":"ImageObject","inLanguage":"fr-FR","@id":"https:\/\/www.hireimmigrantsottawa.ca\/fr\/pour-les-employeurs\/what\/introduction\/#primaryimage","url":"https:\/\/www.hireimmigrantsottawa.ca\/wp-content\/uploads\/2014\/10\/HIO-HR.jpg","contentUrl":"https:\/\/www.hireimmigrantsottawa.ca\/wp-content\/uploads\/2014\/10\/HIO-HR.jpg","width":468,"height":60,"caption":"Cross Cultural Competency Training"},{"@type":"BreadcrumbList","@id":"https:\/\/www.hireimmigrantsottawa.ca\/fr\/pour-les-employeurs\/what\/introduction\/#breadcrumb","itemListElement":[{"@type":"ListItem","position":1,"name":"Home","item":"https:\/\/www.hireimmigrantsottawa.ca\/"},{"@type":"ListItem","position":2,"name":"Pour les employeurs","item":"https:\/\/www.hireimmigrantsottawa.ca\/fr\/pour-les-employeurs\/"},{"@type":"ListItem","position":3,"name":"Que sont les \u00ab comp\u00e9tences interculturelles \u00bb?","item":"https:\/\/www.hireimmigrantsottawa.ca\/fr\/pour-les-employeurs\/what\/"},{"@type":"ListItem","position":4,"name":"Introduction \u00e0 l\u2019acquisition de comp\u00e9tences culturelles"}]},{"@type":"WebSite","@id":"https:\/\/www.hireimmigrantsottawa.ca\/#website","url":"https:\/\/www.hireimmigrantsottawa.ca\/","name":"Hire Immigrants Ottawa","description":"increases the capacity of employers to attract and integrate skilled immigrants","publisher":{"@id":"https:\/\/www.hireimmigrantsottawa.ca\/#organization"},"potentialAction":[{"@type":"SearchAction","target":{"@type":"EntryPoint","urlTemplate":"https:\/\/www.hireimmigrantsottawa.ca\/?s={search_term_string}"},"query-input":{"@type":"PropertyValueSpecification","valueRequired":true,"valueName":"search_term_string"}}],"inLanguage":"fr-FR"},{"@type":"Organization","@id":"https:\/\/www.hireimmigrantsottawa.ca\/#organization","name":"Hire Immigrants Ottawa","url":"https:\/\/www.hireimmigrantsottawa.ca\/","logo":{"@type":"ImageObject","inLanguage":"fr-FR","@id":"https:\/\/www.hireimmigrantsottawa.ca\/#\/schema\/logo\/image\/","url":"https:\/\/www.hireimmigrantsottawa.ca\/wp-content\/uploads\/2023\/10\/hio-logo_bow_EN_web.png","contentUrl":"https:\/\/www.hireimmigrantsottawa.ca\/wp-content\/uploads\/2023\/10\/hio-logo_bow_EN_web.png","width":745,"height":160,"caption":"Hire Immigrants Ottawa"},"image":{"@id":"https:\/\/www.hireimmigrantsottawa.ca\/#\/schema\/logo\/image\/"},"sameAs":["https:\/\/x.com\/HireImmOttawa","https:\/\/www.youtube.com\/user\/hireimmigrantsottawa"]}]}},"_links":{"self":[{"href":"https:\/\/www.hireimmigrantsottawa.ca\/fr\/wp-json\/wp\/v2\/pages\/470","targetHints":{"allow":["GET"]}}],"collection":[{"href":"https:\/\/www.hireimmigrantsottawa.ca\/fr\/wp-json\/wp\/v2\/pages"}],"about":[{"href":"https:\/\/www.hireimmigrantsottawa.ca\/fr\/wp-json\/wp\/v2\/types\/page"}],"author":[{"embeddable":true,"href":"https:\/\/www.hireimmigrantsottawa.ca\/fr\/wp-json\/wp\/v2\/users\/12"}],"replies":[{"embeddable":true,"href":"https:\/\/www.hireimmigrantsottawa.ca\/fr\/wp-json\/wp\/v2\/comments?post=470"}],"version-history":[{"count":3,"href":"https:\/\/www.hireimmigrantsottawa.ca\/fr\/wp-json\/wp\/v2\/pages\/470\/revisions"}],"predecessor-version":[{"id":10404,"href":"https:\/\/www.hireimmigrantsottawa.ca\/fr\/wp-json\/wp\/v2\/pages\/470\/revisions\/10404"}],"up":[{"embeddable":true,"href":"https:\/\/www.hireimmigrantsottawa.ca\/fr\/wp-json\/wp\/v2\/pages\/185"}],"wp:featuredmedia":[{"embeddable":true,"href":"https:\/\/www.hireimmigrantsottawa.ca\/fr\/wp-json\/wp\/v2\/media\/3090"}],"wp:attachment":[{"href":"https:\/\/www.hireimmigrantsottawa.ca\/fr\/wp-json\/wp\/v2\/media?parent=470"}],"curies":[{"name":"wp","href":"https:\/\/api.w.org\/{rel}","templated":true}]}}