{"id":459,"date":"2013-10-04T05:23:00","date_gmt":"2013-10-04T05:23:00","guid":{"rendered":"http:\/\/www.hireimmigrantsottawa.ca\/?page_id=459"},"modified":"2013-10-04T05:25:26","modified_gmt":"2013-10-04T05:25:26","slug":"programme-de-formation-en-competences-interculturelles","status":"publish","type":"page","link":"https:\/\/www.hireimmigrantsottawa.ca\/fr\/pour-les-employeurs\/programme-de-formation-en-competences-interculturelles\/","title":{"rendered":"Programme de formation en competences interculturelles"},"content":{"rendered":"<ol>\n<li><strong>Introduction \u00e0 l\u2019acquisition de comp\u00e9tences culturelles<\/strong><br \/>\nAu cours de cet atelier interactif, nous allons explorer et mettre en place la base d\u2019une communication efficace entre les n\u00e9o-Canadiens et leurs employeurs canadiens. Les sujets abord\u00e9s comprennent : la perception et son incidence sur la communication dans le lieu de travail, comment l\u2019adaptation culturelle influence l\u2019efficacit\u00e9 d\u2019un lieu de travail, les styles de communication (comment nous interagissons dans une conversation) ainsi que des \u00e9tudes de cas, la r\u00e9solution de probl\u00e8mes \u2013 \u00e9tudes de cas.<\/li>\n<li><strong>Strat\u00e9gies de r\u00e9solution de probl\u00e8mes interculturels et Comprendre les messages verbaux et non verbaux<\/strong><br \/>\nLa majorit\u00e9 des conflits interculturels sont li\u00e9s \u00e0 des diff\u00e9rences de perception. Au cours de cet atelier, nous allons aborder les sujets suivants : \u00e9laboration de strat\u00e9gies pour identifier et compenser les diff\u00e9rences au niveau des styles de communication, apprendre quand et comment nous pr\u00e9occuper des probl\u00e8mes non verbaux, avoir recours \u00e0 un paradigme de r\u00e8glement de probl\u00e8mes pour mener des analyses de cas, et identifier des aspects de la culture chinoise susceptibles d\u2019intervenir dans les interactions sur un lieu de travail.<\/li>\n<li><strong>Strat\u00e9gies efficaces d\u2019adaptation culturelle<\/strong><br \/>\nGr\u00e2ce \u00e0 la recherche, nous pouvons maintenant d\u00e9crire le profil d\u2019une personne qui d\u00e9sire s\u2019adapter le plus efficacement possible sur le plan interculturel (\u00e0 la fois \u00e0 la culture et aux milieux de travail). Cet atelier portera sur les sujets suivants : explorer le processus d\u2019adaptation et les strat\u00e9gies qui permettent d\u2019en faire un succ\u00e8s, un outil d\u2019auto\u00e9valuation (utilis\u00e9 \u00e0 la fois par les n\u00e9o-Canadiens et les lieux de travail multiculturels) qui non seulement permet d\u2019identifier les points forts et les difficult\u00e9s d\u2019une personne au niveau de l\u2019adaptation, mais offre \u00e9galement des plans d\u2019action pour les domaines qui repr\u00e9sentent des d\u00e9fis. Enfin, l\u2019atelier vise \u00e0 identifier les aspects des cultures africaines et arabes qui peuvent intervenir dans les interactions sur un lieu de travail.<\/li>\n<li><strong>Gestion du rendement et commentaires<\/strong><br \/>\nAu cours de cette s\u00e9ance interactive, nous examinerons les techniques de communication efficaces qui permettent de donner aux professionnels form\u00e9s \u00e0 l\u2019\u00e9tranger des commentaires sur leur rendement quotidien et lors de leur \u00e9valuation de rendement. Nous en apprendrons davantage sur les diff\u00e9rences perceptuelles, sur les diff\u00e9rents styles de communication et sur le conditionnement culturel afin de d\u00e9terminer l\u2019efficacit\u00e9 des fa\u00e7ons actuelles de transmettre des commentaires et d\u2019aborder les changements qui peuvent s\u2019imposer. Nous utiliserons \u00e9galement un paradigme portant sur la r\u00e9solution de probl\u00e8mes afin d\u2019analyser les \u00e9tudes de cas qui traitent de la fa\u00e7on de transmettre des commentaires et proposerons diff\u00e9rents contextes permettant de nous pratiquer \u00e0 faire des commentaires.<\/li>\n<li><strong>Cr\u00e9er un milieu de travail accommodant et efficace<\/strong><br \/>\nCette s\u00e9ance interactive explore les aspects essentiels d\u2019une strat\u00e9gie d\u2019int\u00e9gration r\u00e9ussie, notamment le lien entre l\u2019int\u00e9gration culturelle et les accommodements, l\u2019adaptation des diff\u00e9rentes normes culturelles et des pratiques raisonnables dans les accommodements, l\u2019inclusion syst\u00e9mique et les accommodements, le point de vue d\u2019un nouveau Canadien sur les accommodements et l\u2019utilisation d\u2019un mod\u00e8le de r\u00e9solution de probl\u00e8me pour analyser des \u00e9tudes de cas.<\/li>\n<li><strong>Dimensions de l\u2019inclusion<\/strong><br \/>\nNotre mod\u00e9rateur sera accompagn\u00e9 d\u2019un panel de nouveaux Canadiens pour cette s\u00e9ance interactive qui vise \u00e0 ouvrir le dialogue entre personnes form\u00e9es \u00e0 l\u2019\u00e9tranger (PFE) et votre personnel actuel. Nous explorerons quatre dimensions essentielles de l\u2019inclusion dans les milieux de travail : Se familiariser avec une nouvelle culture du travail \u2013 Conseils aux PFE; Comprendre les r\u00e8gles implicites; Le mentorat facile; et Strat\u00e9gie d\u2019inclusion \u2013 Comment organiser une session d\u2019information sur les PFE \u00e0 l\u2019intention du personnel.<\/li>\n<\/ol>\n<p><a title=\"s\u2019inscrire \u00e0 la formation\" href=\"http:\/\/www.hireimmigrantsottawa.ca\/fr\/pour-les-employeurs\/what\/sinscrire-a-la-formation\/\">Inscrivez-vous des sessions gratuites de formation interculturelle &gt;&gt;<\/a><\/p>\n","protected":false},"excerpt":{"rendered":"<p>Introduction \u00e0 l\u2019acquisition de comp\u00e9tences culturelles Au cours de cet atelier interactif, nous allons explorer et mettre en place la base d\u2019une communication efficace entre les n\u00e9o-Canadiens et leurs employeurs [&hellip;]<\/p>\n","protected":false},"author":12,"featured_media":0,"parent":81,"menu_order":0,"comment_status":"open","ping_status":"closed","template":"employers.php","meta":{"_exactmetrics_skip_tracking":false,"_exactmetrics_sitenote_active":false,"_exactmetrics_sitenote_note":"","_exactmetrics_sitenote_category":0,"footnotes":"","_links_to":"","_links_to_target":""},"class_list":["post-459","page","type-page","status-publish","hentry"],"yoast_head":"<!-- This site is optimized with the Yoast SEO plugin v27.5 - https:\/\/yoast.com\/product\/yoast-seo-wordpress\/ -->\n<title>Programme de formation en competences interculturelles - Hire Immigrants Ottawa<\/title>\n<meta name=\"robots\" content=\"index, follow, max-snippet:-1, max-image-preview:large, max-video-preview:-1\" \/>\n<link rel=\"canonical\" href=\"https:\/\/www.hireimmigrantsottawa.ca\/fr\/pour-les-employeurs\/programme-de-formation-en-competences-interculturelles\/\" \/>\n<meta property=\"og:locale\" content=\"fr_FR\" \/>\n<meta property=\"og:type\" content=\"article\" \/>\n<meta property=\"og:title\" content=\"Programme de formation en competences interculturelles - Hire Immigrants Ottawa\" \/>\n<meta property=\"og:description\" content=\"Introduction \u00e0 l\u2019acquisition de comp\u00e9tences culturelles Au cours de cet atelier interactif, nous allons explorer et mettre en place la base d\u2019une communication efficace entre les n\u00e9o-Canadiens et leurs employeurs [&hellip;]\" \/>\n<meta property=\"og:url\" content=\"https:\/\/www.hireimmigrantsottawa.ca\/fr\/pour-les-employeurs\/programme-de-formation-en-competences-interculturelles\/\" \/>\n<meta property=\"og:site_name\" content=\"Hire Immigrants Ottawa\" \/>\n<meta property=\"article:modified_time\" content=\"2013-10-04T05:25:26+00:00\" \/>\n<meta property=\"og:image\" content=\"https:\/\/www.hireimmigrantsottawa.ca\/wp-content\/uploads\/2017\/02\/hio-screenshot.png\" \/>\n\t<meta property=\"og:image:width\" content=\"781\" \/>\n\t<meta property=\"og:image:height\" content=\"429\" \/>\n\t<meta property=\"og:image:type\" content=\"image\/png\" \/>\n<meta name=\"twitter:card\" content=\"summary_large_image\" \/>\n<meta name=\"twitter:site\" content=\"@HireImmOttawa\" \/>\n<meta name=\"twitter:label1\" content=\"Dur\u00e9e de lecture estim\u00e9e\" \/>\n\t<meta name=\"twitter:data1\" content=\"3 minutes\" \/>\n<script type=\"application\/ld+json\" class=\"yoast-schema-graph\">{\"@context\":\"https:\\\/\\\/schema.org\",\"@graph\":[{\"@type\":\"WebPage\",\"@id\":\"https:\\\/\\\/www.hireimmigrantsottawa.ca\\\/fr\\\/pour-les-employeurs\\\/programme-de-formation-en-competences-interculturelles\\\/\",\"url\":\"https:\\\/\\\/www.hireimmigrantsottawa.ca\\\/fr\\\/pour-les-employeurs\\\/programme-de-formation-en-competences-interculturelles\\\/\",\"name\":\"Programme de formation en competences interculturelles - Hire Immigrants Ottawa\",\"isPartOf\":{\"@id\":\"https:\\\/\\\/www.hireimmigrantsottawa.ca\\\/#website\"},\"datePublished\":\"2013-10-04T05:23:00+00:00\",\"dateModified\":\"2013-10-04T05:25:26+00:00\",\"breadcrumb\":{\"@id\":\"https:\\\/\\\/www.hireimmigrantsottawa.ca\\\/fr\\\/pour-les-employeurs\\\/programme-de-formation-en-competences-interculturelles\\\/#breadcrumb\"},\"inLanguage\":\"fr-FR\",\"potentialAction\":[{\"@type\":\"ReadAction\",\"target\":[\"https:\\\/\\\/www.hireimmigrantsottawa.ca\\\/fr\\\/pour-les-employeurs\\\/programme-de-formation-en-competences-interculturelles\\\/\"]}]},{\"@type\":\"BreadcrumbList\",\"@id\":\"https:\\\/\\\/www.hireimmigrantsottawa.ca\\\/fr\\\/pour-les-employeurs\\\/programme-de-formation-en-competences-interculturelles\\\/#breadcrumb\",\"itemListElement\":[{\"@type\":\"ListItem\",\"position\":1,\"name\":\"Home\",\"item\":\"https:\\\/\\\/www.hireimmigrantsottawa.ca\\\/\"},{\"@type\":\"ListItem\",\"position\":2,\"name\":\"Pour les employeurs\",\"item\":\"https:\\\/\\\/www.hireimmigrantsottawa.ca\\\/fr\\\/pour-les-employeurs\\\/\"},{\"@type\":\"ListItem\",\"position\":3,\"name\":\"Programme de formation en competences interculturelles\"}]},{\"@type\":\"WebSite\",\"@id\":\"https:\\\/\\\/www.hireimmigrantsottawa.ca\\\/#website\",\"url\":\"https:\\\/\\\/www.hireimmigrantsottawa.ca\\\/\",\"name\":\"Hire Immigrants Ottawa\",\"description\":\"increases the capacity of employers to attract and integrate skilled immigrants\",\"publisher\":{\"@id\":\"https:\\\/\\\/www.hireimmigrantsottawa.ca\\\/#organization\"},\"potentialAction\":[{\"@type\":\"SearchAction\",\"target\":{\"@type\":\"EntryPoint\",\"urlTemplate\":\"https:\\\/\\\/www.hireimmigrantsottawa.ca\\\/?s={search_term_string}\"},\"query-input\":{\"@type\":\"PropertyValueSpecification\",\"valueRequired\":true,\"valueName\":\"search_term_string\"}}],\"inLanguage\":\"fr-FR\"},{\"@type\":\"Organization\",\"@id\":\"https:\\\/\\\/www.hireimmigrantsottawa.ca\\\/#organization\",\"name\":\"Hire Immigrants Ottawa\",\"url\":\"https:\\\/\\\/www.hireimmigrantsottawa.ca\\\/\",\"logo\":{\"@type\":\"ImageObject\",\"inLanguage\":\"fr-FR\",\"@id\":\"https:\\\/\\\/www.hireimmigrantsottawa.ca\\\/#\\\/schema\\\/logo\\\/image\\\/\",\"url\":\"https:\\\/\\\/www.hireimmigrantsottawa.ca\\\/wp-content\\\/uploads\\\/2023\\\/10\\\/hio-logo_bow_EN_web.png\",\"contentUrl\":\"https:\\\/\\\/www.hireimmigrantsottawa.ca\\\/wp-content\\\/uploads\\\/2023\\\/10\\\/hio-logo_bow_EN_web.png\",\"width\":745,\"height\":160,\"caption\":\"Hire Immigrants Ottawa\"},\"image\":{\"@id\":\"https:\\\/\\\/www.hireimmigrantsottawa.ca\\\/#\\\/schema\\\/logo\\\/image\\\/\"},\"sameAs\":[\"https:\\\/\\\/x.com\\\/HireImmOttawa\",\"https:\\\/\\\/www.youtube.com\\\/user\\\/hireimmigrantsottawa\"]}]}<\/script>\n<!-- \/ Yoast SEO plugin. -->","yoast_head_json":{"title":"Programme de formation en competences interculturelles - Hire Immigrants Ottawa","robots":{"index":"index","follow":"follow","max-snippet":"max-snippet:-1","max-image-preview":"max-image-preview:large","max-video-preview":"max-video-preview:-1"},"canonical":"https:\/\/www.hireimmigrantsottawa.ca\/fr\/pour-les-employeurs\/programme-de-formation-en-competences-interculturelles\/","og_locale":"fr_FR","og_type":"article","og_title":"Programme de formation en competences interculturelles - Hire Immigrants Ottawa","og_description":"Introduction \u00e0 l\u2019acquisition de comp\u00e9tences culturelles Au cours de cet atelier interactif, nous allons explorer et mettre en place la base d\u2019une communication efficace entre les n\u00e9o-Canadiens et leurs employeurs [&hellip;]","og_url":"https:\/\/www.hireimmigrantsottawa.ca\/fr\/pour-les-employeurs\/programme-de-formation-en-competences-interculturelles\/","og_site_name":"Hire Immigrants Ottawa","article_modified_time":"2013-10-04T05:25:26+00:00","og_image":[{"width":781,"height":429,"url":"https:\/\/www.hireimmigrantsottawa.ca\/wp-content\/uploads\/2017\/02\/hio-screenshot.png","type":"image\/png"}],"twitter_card":"summary_large_image","twitter_site":"@HireImmOttawa","twitter_misc":{"Dur\u00e9e de lecture estim\u00e9e":"3 minutes"},"schema":{"@context":"https:\/\/schema.org","@graph":[{"@type":"WebPage","@id":"https:\/\/www.hireimmigrantsottawa.ca\/fr\/pour-les-employeurs\/programme-de-formation-en-competences-interculturelles\/","url":"https:\/\/www.hireimmigrantsottawa.ca\/fr\/pour-les-employeurs\/programme-de-formation-en-competences-interculturelles\/","name":"Programme de formation en competences interculturelles - Hire Immigrants Ottawa","isPartOf":{"@id":"https:\/\/www.hireimmigrantsottawa.ca\/#website"},"datePublished":"2013-10-04T05:23:00+00:00","dateModified":"2013-10-04T05:25:26+00:00","breadcrumb":{"@id":"https:\/\/www.hireimmigrantsottawa.ca\/fr\/pour-les-employeurs\/programme-de-formation-en-competences-interculturelles\/#breadcrumb"},"inLanguage":"fr-FR","potentialAction":[{"@type":"ReadAction","target":["https:\/\/www.hireimmigrantsottawa.ca\/fr\/pour-les-employeurs\/programme-de-formation-en-competences-interculturelles\/"]}]},{"@type":"BreadcrumbList","@id":"https:\/\/www.hireimmigrantsottawa.ca\/fr\/pour-les-employeurs\/programme-de-formation-en-competences-interculturelles\/#breadcrumb","itemListElement":[{"@type":"ListItem","position":1,"name":"Home","item":"https:\/\/www.hireimmigrantsottawa.ca\/"},{"@type":"ListItem","position":2,"name":"Pour les employeurs","item":"https:\/\/www.hireimmigrantsottawa.ca\/fr\/pour-les-employeurs\/"},{"@type":"ListItem","position":3,"name":"Programme de formation en competences interculturelles"}]},{"@type":"WebSite","@id":"https:\/\/www.hireimmigrantsottawa.ca\/#website","url":"https:\/\/www.hireimmigrantsottawa.ca\/","name":"Hire Immigrants Ottawa","description":"increases the capacity of employers to attract and integrate skilled immigrants","publisher":{"@id":"https:\/\/www.hireimmigrantsottawa.ca\/#organization"},"potentialAction":[{"@type":"SearchAction","target":{"@type":"EntryPoint","urlTemplate":"https:\/\/www.hireimmigrantsottawa.ca\/?s={search_term_string}"},"query-input":{"@type":"PropertyValueSpecification","valueRequired":true,"valueName":"search_term_string"}}],"inLanguage":"fr-FR"},{"@type":"Organization","@id":"https:\/\/www.hireimmigrantsottawa.ca\/#organization","name":"Hire Immigrants Ottawa","url":"https:\/\/www.hireimmigrantsottawa.ca\/","logo":{"@type":"ImageObject","inLanguage":"fr-FR","@id":"https:\/\/www.hireimmigrantsottawa.ca\/#\/schema\/logo\/image\/","url":"https:\/\/www.hireimmigrantsottawa.ca\/wp-content\/uploads\/2023\/10\/hio-logo_bow_EN_web.png","contentUrl":"https:\/\/www.hireimmigrantsottawa.ca\/wp-content\/uploads\/2023\/10\/hio-logo_bow_EN_web.png","width":745,"height":160,"caption":"Hire Immigrants Ottawa"},"image":{"@id":"https:\/\/www.hireimmigrantsottawa.ca\/#\/schema\/logo\/image\/"},"sameAs":["https:\/\/x.com\/HireImmOttawa","https:\/\/www.youtube.com\/user\/hireimmigrantsottawa"]}]}},"_links":{"self":[{"href":"https:\/\/www.hireimmigrantsottawa.ca\/fr\/wp-json\/wp\/v2\/pages\/459","targetHints":{"allow":["GET"]}}],"collection":[{"href":"https:\/\/www.hireimmigrantsottawa.ca\/fr\/wp-json\/wp\/v2\/pages"}],"about":[{"href":"https:\/\/www.hireimmigrantsottawa.ca\/fr\/wp-json\/wp\/v2\/types\/page"}],"author":[{"embeddable":true,"href":"https:\/\/www.hireimmigrantsottawa.ca\/fr\/wp-json\/wp\/v2\/users\/12"}],"replies":[{"embeddable":true,"href":"https:\/\/www.hireimmigrantsottawa.ca\/fr\/wp-json\/wp\/v2\/comments?post=459"}],"version-history":[{"count":2,"href":"https:\/\/www.hireimmigrantsottawa.ca\/fr\/wp-json\/wp\/v2\/pages\/459\/revisions"}],"predecessor-version":[{"id":462,"href":"https:\/\/www.hireimmigrantsottawa.ca\/fr\/wp-json\/wp\/v2\/pages\/459\/revisions\/462"}],"up":[{"embeddable":true,"href":"https:\/\/www.hireimmigrantsottawa.ca\/fr\/wp-json\/wp\/v2\/pages\/81"}],"wp:attachment":[{"href":"https:\/\/www.hireimmigrantsottawa.ca\/fr\/wp-json\/wp\/v2\/media?parent=459"}],"curies":[{"name":"wp","href":"https:\/\/api.w.org\/{rel}","templated":true}]}}