{"id":408,"date":"2013-10-04T04:49:13","date_gmt":"2013-10-04T04:49:13","guid":{"rendered":"http:\/\/www.hireimmigrantsottawa.ca\/?page_id=408"},"modified":"2024-12-10T16:24:32","modified_gmt":"2024-12-10T21:24:32","slug":"laureats-2008","status":"publish","type":"page","link":"https:\/\/www.hireimmigrantsottawa.ca\/fr\/prix-demployeur\/laureats-2008\/","title":{"rendered":"Laureats 2008"},"content":{"rendered":"<h3>F\u00e9licitations aux r\u00e9cipiendaires des Prix de 2008 !<\/h3>\n<p><a href=\"http:\/\/www.hireimmigrantsottawa.ca\/wp-content\/uploads\/2013\/10\/2008Winners.jpg\"><img fetchpriority=\"high\" decoding=\"async\" class=\"size-full wp-image-416 alignleft\" src=\"http:\/\/www.hireimmigrantsottawa.ca\/wp-content\/uploads\/2013\/10\/2008Winners.jpg\" alt=\"2008Winners\" width=\"400\" height=\"265\" srcset=\"https:\/\/www.hireimmigrantsottawa.ca\/wp-content\/uploads\/2013\/10\/2008Winners.jpg 400w, https:\/\/www.hireimmigrantsottawa.ca\/wp-content\/uploads\/2013\/10\/2008Winners-300x198.jpg 300w\" sizes=\"(max-width: 400px) 100vw, 400px\" \/><\/a><\/p>\n<p><strong><a href=\"http:\/\/www.gemhealthcare.com\/\" target=\"_blank\" rel=\"noopener\">GEM Health Care Services\u00a0<\/a>\u00a0&#8211;\u00a0Prix employeurs de taille moyenne\u00a0<\/strong><\/p>\n<p>GEM Health Care Services\u00a0(GEM HCS) est un chef de file en mati\u00e8re d\u2019embauche d\u2019immigrants \u00e0 l\u2019aide de ses programmes de formation.<\/p>\n<p>La majorit\u00e9 des participants au Personal Support Worker Training Program (PSWT) de GEM HCS sont des immigrants. Le programme est un processus de transition qui permet aux immigrants de recevoir une formation canadienne en soins de sant\u00e9, et contribute \u00e0 procurer \u00e0 GEM Health Care Services une r\u00e9serve de personnes comp\u00e9tentes en soins de sant\u00e9. GEM HCS a embauch\u00e9 et form\u00e9 plus de 500 PSWT depuis 2000.<\/p>\n<p>En plus du programme PSWT, GEM HCS offre une formation au niveau de son Patient\/Client Sitter (Sitter) Training Program. En leur confiant des affectations de t\u00e2ches, ce programme permet \u00e0 des immigrants r\u00e9cents de se familiariser avec les lieux de travail canadiens en mati\u00e8re de soins de sant\u00e9. GEM HCS procure souvent aux immigrants leur premier emploi au Canada.<\/p>\n<p>\u00ab Nous sommes heureux de recevoir ce prix qui r\u00e9compense le recrutement d\u2019employ\u00e9s \u00bb, a d\u00e9clar\u00e9 Gaye Moffett, fondatrice et pr\u00e9sidente-directrice g\u00e9n\u00e9rale de GEM HCS. \u00ab En plus de nos effort au niveau du recrutement, nous adaptons continuellement notre environnement de travail afin de cr\u00e9er un environnement accueillant et inclusif pour les personnes d\u2019origines et de cultures diff\u00e9rentes. \u00bb Par exemple, GEM HCS respecte les besoins de ses employ\u00e9s au niveau des pratiques religieuses, fait preuve de sensibilit\u00e9 envers les restrictions alimentaires associ\u00e9es \u00e0 diff\u00e9rentes cultures et religions, et prodigue des soins appropri\u00e9s au contexte culturel de ses patients.<\/p>\n<p>GEM HCS a \u00e9galement mis sur pied un syst\u00e8me de r\u00e9mun\u00e9ration par ch\u00e8que en personne pour son personnel. Ce syst\u00e8me permet au bureau chef de GEM HCS d\u2019entretenir d\u2019\u00e9troites relations avec tous ses employ\u00e9s au niveau des r\u00e9unions, de la formation en cours d\u2019emploi, du coaching et du partage de renseignements entreprise\/clients.<\/p>\n<p><strong><a href=\"http:\/\/www.algonquincollege.com\/\" target=\"_blank\" rel=\"noopener\">Algonquin College<\/a>\u00a0&#8211;\u00a0Prix grand employeur\u00a0<\/strong><\/p>\n<p>Algonquin College\u00a0a lanc\u00e9 une initiative strat\u00e9gique cibl\u00e9e qui favorise les perspectives d\u2019emploi des immigrants et des travailleurs form\u00e9s \u00e0 l\u2019\u00e9tranger. Algonquin est reconnaissant envers les nombreux organismes, groupes communautaires et individus qui ont contribu\u00e9 \u00e0 la conception et \u00e0 la prestation des programmes.<\/p>\n<p>Le coll\u00e8ge s\u2019est engag\u00e9 \u00e0 rehausser la r\u00e9ussite de ses \u00e9l\u00e8ves en leur offrant des exp\u00e9riences d\u2019apprentissage enrichissantes et inspirantes, \u00e0 l\u2019aide d\u2019employ\u00e9s qui prennent leur succ\u00e8s \u00e0 coeur. R\u00e9agissant \u00e0 la n\u00e9cessit\u00e9 de r\u00e9agir envers les changements d\u00e9mographiques de la population de l\u2019Ontario, Algonquin a fait du perfectionnement des employ\u00e9s une priorit\u00e9 strat\u00e9gique. En guise d\u2019exemple, Algonquin va offrir cette ann\u00e9e une formation en competence interculturelle \u00e0 ses employ\u00e9s de premi\u00e8re ligne, notamment ses recruteurs, enseignants et conseillers.<\/p>\n<p>Algonquin coordonne et fournit des services distincts aux immigrants et aux personnes form\u00e9es \u00e0 l\u2019\u00e9tranger dans les domaines de l\u2019\u00e9tablissement, de l\u2019orientation et de l\u2019int\u00e9gration p\u00e9dagogique, de l\u2019\u00e9valuation et reconnaissance des acquis, de la reconnaissance des dipl\u00f4mes \u00e9trangers, du mentorat au niveau d\u2019une profession, de l\u2019am\u00e9lioration des comp\u00e9tences, des exigences p\u00e9dagogiques sectorielles et professionnelles, ainsi que de l\u2019embauche et du recrutement.<\/p>\n<p>Algonquin travaille pr\u00e9sentement avec des intervenant externes et des groupes communautaires pour harmoniser continuellement ses pratiques en mati\u00e8re de ressources humaines au bassin d\u2019immigrants et de personnes form\u00e9es \u00e0 l\u2019\u00e9tranger.<\/p>\n<p><strong>Mention honorable de 2008<\/strong><\/p>\n<p>Cette ann\u00e9e, CGI, MBNA et la Banque Scotia sont les laur\u00e9ats des prix EIO et ont \u00e9t\u00e9 choisis pour leurs pratiques de recrutement d\u2019immigrants qualifi\u00e9s.<\/p>\n<p align=\"center\">&#8212;&#8212;&#8212;&#8212;&#8212;&#8212;&#8212;&#8212;&#8212;&#8212;&#8212;&#8212;&#8212;&#8211;<\/p>\n<p>Les Prix employeur d\u2019excellence rendent hommage \u00e0 des employeurs locaux qui ont des politiques novatrices en mati\u00e8re de recrutement et de fid\u00e9lisation et suivent des pratiques prometteuses dans l\u2019int\u00e9gration d\u2019immigrants qualifi\u00e9s \u00e0 leur organisation. Les Prix sont d\u00e9cern\u00e9s \u00e0 des entreprises et \u00e0 des organismes priv\u00e9s et publics de la r\u00e9gion de la capitale nationale dans les trois cat\u00e9gories suivantes : employeur de petite taille, employeur de moyenne taille et employeur de grande taille.<\/p>\n<p>Les formulaires de mise en candidature pour les Prix seront disponibles \u00e0 l\u2019automne. Si vous d\u00e9sirez \u00eatre pr\u00e9venus lorsque d\u00e9butera la p\u00e9riode des mises en candidatures, veuillez envoyer un courriel \u00e0\u00a0<a href=\"https:\/\/mail.google.com\/mail\/?view=cm&amp;fs=1&amp;tf=1&amp;to=info@embaucheimmigrantsottawa.ca\" target=\"_blank\" rel=\"noopener\">info@embaucheimmigrantsottawa.ca<\/a>.<\/p>\n","protected":false},"excerpt":{"rendered":"<p>F\u00e9licitations aux r\u00e9cipiendaires des Prix de 2008 ! GEM Health Care Services\u00a0\u00a0&#8211;\u00a0Prix employeurs de taille moyenne\u00a0 GEM Health Care Services\u00a0(GEM HCS) est un chef de file en mati\u00e8re d\u2019embauche d\u2019immigrants [&hellip;]<\/p>\n","protected":false},"author":12,"featured_media":416,"parent":77,"menu_order":0,"comment_status":"closed","ping_status":"closed","template":"","meta":{"_exactmetrics_skip_tracking":false,"_exactmetrics_sitenote_active":false,"_exactmetrics_sitenote_note":"","_exactmetrics_sitenote_category":0,"footnotes":"","_links_to":"","_links_to_target":""},"class_list":["post-408","page","type-page","status-publish","has-post-thumbnail","hentry"],"yoast_head":"<!-- This site is optimized with the Yoast SEO plugin v27.2 - https:\/\/yoast.com\/product\/yoast-seo-wordpress\/ -->\n<title>Laureats 2008 - Hire Immigrants Ottawa<\/title>\n<meta name=\"robots\" content=\"index, follow, max-snippet:-1, max-image-preview:large, max-video-preview:-1\" \/>\n<link rel=\"canonical\" href=\"https:\/\/www.hireimmigrantsottawa.ca\/fr\/prix-demployeur\/laureats-2008\/\" \/>\n<meta property=\"og:locale\" content=\"fr_FR\" \/>\n<meta property=\"og:type\" content=\"article\" \/>\n<meta property=\"og:title\" content=\"Laureats 2008 - Hire Immigrants Ottawa\" \/>\n<meta property=\"og:description\" content=\"F\u00e9licitations aux r\u00e9cipiendaires des Prix de 2008 ! GEM Health Care Services\u00a0\u00a0&#8211;\u00a0Prix employeurs de taille moyenne\u00a0 GEM Health Care Services\u00a0(GEM HCS) est un chef de file en mati\u00e8re d\u2019embauche d\u2019immigrants [&hellip;]\" \/>\n<meta property=\"og:url\" content=\"https:\/\/www.hireimmigrantsottawa.ca\/fr\/prix-demployeur\/laureats-2008\/\" \/>\n<meta property=\"og:site_name\" content=\"Hire Immigrants Ottawa\" \/>\n<meta property=\"article:modified_time\" content=\"2024-12-10T21:24:32+00:00\" \/>\n<meta property=\"og:image\" content=\"https:\/\/www.hireimmigrantsottawa.ca\/wp-content\/uploads\/2013\/10\/2008Winners.jpg\" \/>\n\t<meta property=\"og:image:width\" content=\"400\" \/>\n\t<meta property=\"og:image:height\" content=\"265\" \/>\n\t<meta property=\"og:image:type\" content=\"image\/jpeg\" \/>\n<meta name=\"twitter:card\" content=\"summary_large_image\" \/>\n<meta name=\"twitter:site\" content=\"@HireImmOttawa\" \/>\n<meta name=\"twitter:label1\" content=\"Dur\u00e9e de lecture estim\u00e9e\" \/>\n\t<meta name=\"twitter:data1\" content=\"4 minutes\" \/>\n<script type=\"application\/ld+json\" class=\"yoast-schema-graph\">{\"@context\":\"https:\/\/schema.org\",\"@graph\":[{\"@type\":\"WebPage\",\"@id\":\"https:\/\/www.hireimmigrantsottawa.ca\/fr\/prix-demployeur\/laureats-2008\/\",\"url\":\"https:\/\/www.hireimmigrantsottawa.ca\/fr\/prix-demployeur\/laureats-2008\/\",\"name\":\"Laureats 2008 - Hire Immigrants Ottawa\",\"isPartOf\":{\"@id\":\"https:\/\/www.hireimmigrantsottawa.ca\/#website\"},\"primaryImageOfPage\":{\"@id\":\"https:\/\/www.hireimmigrantsottawa.ca\/fr\/prix-demployeur\/laureats-2008\/#primaryimage\"},\"image\":{\"@id\":\"https:\/\/www.hireimmigrantsottawa.ca\/fr\/prix-demployeur\/laureats-2008\/#primaryimage\"},\"thumbnailUrl\":\"https:\/\/www.hireimmigrantsottawa.ca\/wp-content\/uploads\/2013\/10\/2008Winners.jpg\",\"datePublished\":\"2013-10-04T04:49:13+00:00\",\"dateModified\":\"2024-12-10T21:24:32+00:00\",\"breadcrumb\":{\"@id\":\"https:\/\/www.hireimmigrantsottawa.ca\/fr\/prix-demployeur\/laureats-2008\/#breadcrumb\"},\"inLanguage\":\"fr-FR\",\"potentialAction\":[{\"@type\":\"ReadAction\",\"target\":[\"https:\/\/www.hireimmigrantsottawa.ca\/fr\/prix-demployeur\/laureats-2008\/\"]}]},{\"@type\":\"ImageObject\",\"inLanguage\":\"fr-FR\",\"@id\":\"https:\/\/www.hireimmigrantsottawa.ca\/fr\/prix-demployeur\/laureats-2008\/#primaryimage\",\"url\":\"https:\/\/www.hireimmigrantsottawa.ca\/wp-content\/uploads\/2013\/10\/2008Winners.jpg\",\"contentUrl\":\"https:\/\/www.hireimmigrantsottawa.ca\/wp-content\/uploads\/2013\/10\/2008Winners.jpg\",\"width\":400,\"height\":265},{\"@type\":\"BreadcrumbList\",\"@id\":\"https:\/\/www.hireimmigrantsottawa.ca\/fr\/prix-demployeur\/laureats-2008\/#breadcrumb\",\"itemListElement\":[{\"@type\":\"ListItem\",\"position\":1,\"name\":\"Home\",\"item\":\"https:\/\/www.hireimmigrantsottawa.ca\/\"},{\"@type\":\"ListItem\",\"position\":2,\"name\":\"Prix d&#8217;employeur\",\"item\":\"https:\/\/www.hireimmigrantsottawa.ca\/fr\/prix-demployeur\/\"},{\"@type\":\"ListItem\",\"position\":3,\"name\":\"Laureats 2008\"}]},{\"@type\":\"WebSite\",\"@id\":\"https:\/\/www.hireimmigrantsottawa.ca\/#website\",\"url\":\"https:\/\/www.hireimmigrantsottawa.ca\/\",\"name\":\"Hire Immigrants Ottawa\",\"description\":\"increases the capacity of employers to attract and integrate skilled immigrants\",\"publisher\":{\"@id\":\"https:\/\/www.hireimmigrantsottawa.ca\/#organization\"},\"potentialAction\":[{\"@type\":\"SearchAction\",\"target\":{\"@type\":\"EntryPoint\",\"urlTemplate\":\"https:\/\/www.hireimmigrantsottawa.ca\/?s={search_term_string}\"},\"query-input\":{\"@type\":\"PropertyValueSpecification\",\"valueRequired\":true,\"valueName\":\"search_term_string\"}}],\"inLanguage\":\"fr-FR\"},{\"@type\":\"Organization\",\"@id\":\"https:\/\/www.hireimmigrantsottawa.ca\/#organization\",\"name\":\"Hire Immigrants Ottawa\",\"url\":\"https:\/\/www.hireimmigrantsottawa.ca\/\",\"logo\":{\"@type\":\"ImageObject\",\"inLanguage\":\"fr-FR\",\"@id\":\"https:\/\/www.hireimmigrantsottawa.ca\/#\/schema\/logo\/image\/\",\"url\":\"https:\/\/www.hireimmigrantsottawa.ca\/wp-content\/uploads\/2023\/10\/hio-logo_bow_EN_web.png\",\"contentUrl\":\"https:\/\/www.hireimmigrantsottawa.ca\/wp-content\/uploads\/2023\/10\/hio-logo_bow_EN_web.png\",\"width\":745,\"height\":160,\"caption\":\"Hire Immigrants Ottawa\"},\"image\":{\"@id\":\"https:\/\/www.hireimmigrantsottawa.ca\/#\/schema\/logo\/image\/\"},\"sameAs\":[\"https:\/\/x.com\/HireImmOttawa\",\"https:\/\/www.youtube.com\/user\/hireimmigrantsottawa\"]}]}<\/script>\n<!-- \/ Yoast SEO plugin. -->","yoast_head_json":{"title":"Laureats 2008 - Hire Immigrants Ottawa","robots":{"index":"index","follow":"follow","max-snippet":"max-snippet:-1","max-image-preview":"max-image-preview:large","max-video-preview":"max-video-preview:-1"},"canonical":"https:\/\/www.hireimmigrantsottawa.ca\/fr\/prix-demployeur\/laureats-2008\/","og_locale":"fr_FR","og_type":"article","og_title":"Laureats 2008 - Hire Immigrants Ottawa","og_description":"F\u00e9licitations aux r\u00e9cipiendaires des Prix de 2008 ! GEM Health Care Services\u00a0\u00a0&#8211;\u00a0Prix employeurs de taille moyenne\u00a0 GEM Health Care Services\u00a0(GEM HCS) est un chef de file en mati\u00e8re d\u2019embauche d\u2019immigrants [&hellip;]","og_url":"https:\/\/www.hireimmigrantsottawa.ca\/fr\/prix-demployeur\/laureats-2008\/","og_site_name":"Hire Immigrants Ottawa","article_modified_time":"2024-12-10T21:24:32+00:00","og_image":[{"width":400,"height":265,"url":"https:\/\/www.hireimmigrantsottawa.ca\/wp-content\/uploads\/2013\/10\/2008Winners.jpg","type":"image\/jpeg"}],"twitter_card":"summary_large_image","twitter_site":"@HireImmOttawa","twitter_misc":{"Dur\u00e9e de lecture estim\u00e9e":"4 minutes"},"schema":{"@context":"https:\/\/schema.org","@graph":[{"@type":"WebPage","@id":"https:\/\/www.hireimmigrantsottawa.ca\/fr\/prix-demployeur\/laureats-2008\/","url":"https:\/\/www.hireimmigrantsottawa.ca\/fr\/prix-demployeur\/laureats-2008\/","name":"Laureats 2008 - Hire Immigrants Ottawa","isPartOf":{"@id":"https:\/\/www.hireimmigrantsottawa.ca\/#website"},"primaryImageOfPage":{"@id":"https:\/\/www.hireimmigrantsottawa.ca\/fr\/prix-demployeur\/laureats-2008\/#primaryimage"},"image":{"@id":"https:\/\/www.hireimmigrantsottawa.ca\/fr\/prix-demployeur\/laureats-2008\/#primaryimage"},"thumbnailUrl":"https:\/\/www.hireimmigrantsottawa.ca\/wp-content\/uploads\/2013\/10\/2008Winners.jpg","datePublished":"2013-10-04T04:49:13+00:00","dateModified":"2024-12-10T21:24:32+00:00","breadcrumb":{"@id":"https:\/\/www.hireimmigrantsottawa.ca\/fr\/prix-demployeur\/laureats-2008\/#breadcrumb"},"inLanguage":"fr-FR","potentialAction":[{"@type":"ReadAction","target":["https:\/\/www.hireimmigrantsottawa.ca\/fr\/prix-demployeur\/laureats-2008\/"]}]},{"@type":"ImageObject","inLanguage":"fr-FR","@id":"https:\/\/www.hireimmigrantsottawa.ca\/fr\/prix-demployeur\/laureats-2008\/#primaryimage","url":"https:\/\/www.hireimmigrantsottawa.ca\/wp-content\/uploads\/2013\/10\/2008Winners.jpg","contentUrl":"https:\/\/www.hireimmigrantsottawa.ca\/wp-content\/uploads\/2013\/10\/2008Winners.jpg","width":400,"height":265},{"@type":"BreadcrumbList","@id":"https:\/\/www.hireimmigrantsottawa.ca\/fr\/prix-demployeur\/laureats-2008\/#breadcrumb","itemListElement":[{"@type":"ListItem","position":1,"name":"Home","item":"https:\/\/www.hireimmigrantsottawa.ca\/"},{"@type":"ListItem","position":2,"name":"Prix d&#8217;employeur","item":"https:\/\/www.hireimmigrantsottawa.ca\/fr\/prix-demployeur\/"},{"@type":"ListItem","position":3,"name":"Laureats 2008"}]},{"@type":"WebSite","@id":"https:\/\/www.hireimmigrantsottawa.ca\/#website","url":"https:\/\/www.hireimmigrantsottawa.ca\/","name":"Hire Immigrants Ottawa","description":"increases the capacity of employers to attract and integrate skilled immigrants","publisher":{"@id":"https:\/\/www.hireimmigrantsottawa.ca\/#organization"},"potentialAction":[{"@type":"SearchAction","target":{"@type":"EntryPoint","urlTemplate":"https:\/\/www.hireimmigrantsottawa.ca\/?s={search_term_string}"},"query-input":{"@type":"PropertyValueSpecification","valueRequired":true,"valueName":"search_term_string"}}],"inLanguage":"fr-FR"},{"@type":"Organization","@id":"https:\/\/www.hireimmigrantsottawa.ca\/#organization","name":"Hire Immigrants Ottawa","url":"https:\/\/www.hireimmigrantsottawa.ca\/","logo":{"@type":"ImageObject","inLanguage":"fr-FR","@id":"https:\/\/www.hireimmigrantsottawa.ca\/#\/schema\/logo\/image\/","url":"https:\/\/www.hireimmigrantsottawa.ca\/wp-content\/uploads\/2023\/10\/hio-logo_bow_EN_web.png","contentUrl":"https:\/\/www.hireimmigrantsottawa.ca\/wp-content\/uploads\/2023\/10\/hio-logo_bow_EN_web.png","width":745,"height":160,"caption":"Hire Immigrants Ottawa"},"image":{"@id":"https:\/\/www.hireimmigrantsottawa.ca\/#\/schema\/logo\/image\/"},"sameAs":["https:\/\/x.com\/HireImmOttawa","https:\/\/www.youtube.com\/user\/hireimmigrantsottawa"]}]}},"_links":{"self":[{"href":"https:\/\/www.hireimmigrantsottawa.ca\/fr\/wp-json\/wp\/v2\/pages\/408","targetHints":{"allow":["GET"]}}],"collection":[{"href":"https:\/\/www.hireimmigrantsottawa.ca\/fr\/wp-json\/wp\/v2\/pages"}],"about":[{"href":"https:\/\/www.hireimmigrantsottawa.ca\/fr\/wp-json\/wp\/v2\/types\/page"}],"author":[{"embeddable":true,"href":"https:\/\/www.hireimmigrantsottawa.ca\/fr\/wp-json\/wp\/v2\/users\/12"}],"replies":[{"embeddable":true,"href":"https:\/\/www.hireimmigrantsottawa.ca\/fr\/wp-json\/wp\/v2\/comments?post=408"}],"version-history":[{"count":6,"href":"https:\/\/www.hireimmigrantsottawa.ca\/fr\/wp-json\/wp\/v2\/pages\/408\/revisions"}],"predecessor-version":[{"id":9526,"href":"https:\/\/www.hireimmigrantsottawa.ca\/fr\/wp-json\/wp\/v2\/pages\/408\/revisions\/9526"}],"up":[{"embeddable":true,"href":"https:\/\/www.hireimmigrantsottawa.ca\/fr\/wp-json\/wp\/v2\/pages\/77"}],"wp:featuredmedia":[{"embeddable":true,"href":"https:\/\/www.hireimmigrantsottawa.ca\/fr\/wp-json\/wp\/v2\/media\/416"}],"wp:attachment":[{"href":"https:\/\/www.hireimmigrantsottawa.ca\/fr\/wp-json\/wp\/v2\/media?parent=408"}],"curies":[{"name":"wp","href":"https:\/\/api.w.org\/{rel}","templated":true}]}}