{"id":404,"date":"2013-10-04T04:47:00","date_gmt":"2013-10-04T04:47:00","guid":{"rendered":"http:\/\/www.hireimmigrantsottawa.ca\/?page_id=404"},"modified":"2024-11-13T10:37:47","modified_gmt":"2024-11-13T15:37:47","slug":"laureats-2009","status":"publish","type":"page","link":"https:\/\/www.hireimmigrantsottawa.ca\/fr\/prix-demployeur\/laureats-2009\/","title":{"rendered":"Laur\u00e9ats 2009"},"content":{"rendered":"<h3>F\u00e9licitations aux laur\u00e9ats des Prix employeur d\u2019excellence 2009<\/h3>\n<p>L\u2019Universit\u00e9 d\u2019Ottawa, ainsi que Ressources humaines et D\u00e9veloppement des comp\u00e9tences Canada (RHDCC) ont tous deux re\u00e7u un Prix EIO pour leurs pratiques exceptionnelles de recrutement d\u2019immigrants qualifi\u00e9s.<\/p>\n<p style=\"text-align: center;\"><a href=\"http:\/\/www.hireimmigrantsottawa.ca\/wp-content\/uploads\/2013\/10\/UofOttawa_0001.jpg\"><img fetchpriority=\"high\" decoding=\"async\" class=\"size-full wp-image-449 alignleft\" src=\"http:\/\/www.hireimmigrantsottawa.ca\/wp-content\/uploads\/2013\/10\/UofOttawa_0001.jpg\" alt=\"UofOttawa_000\" width=\"400\" height=\"267\" srcset=\"https:\/\/www.hireimmigrantsottawa.ca\/wp-content\/uploads\/2013\/10\/UofOttawa_0001.jpg 400w, https:\/\/www.hireimmigrantsottawa.ca\/wp-content\/uploads\/2013\/10\/UofOttawa_0001-300x200.jpg 300w\" sizes=\"(max-width: 400px) 100vw, 400px\" \/><\/a><\/p>\n<p><strong><a href=\"http:\/\/www.uottawa.ca\/fr\" target=\"_blank\" rel=\"noopener\">L\u2019Universit\u00e9 d\u2019Ottawa<\/a> <\/strong>a \u00e9t\u00e9 honor\u00e9e pour son programme Access uOttawa. Gr\u00e2ce \u00e0 ce programme, l\u2019universit\u00e9 recrute un groupe de candidats qualifi\u00e9s, bilingues et pr\u00eats au travail, au sein duquel les gestionnaires de l\u2019universit\u00e9 peuvent puiser pour combler des postes \u00e0 court terme. Les candidat choisis se procurent une exp\u00e9rience de travail importante qui am\u00e9liore leur capacit\u00e9 d\u2019obtenir un emploi permanent, et contribuent \u00e0 promouvoir la diversit\u00e9 au sein de l\u2019universit\u00e9.<\/p>\n<p>\u00abNous sommes extr\u00eamement fiers du programme Acc\u00e8s uOttawa, qui vise \u00e0 augmenter la diversit\u00e9 de notre milieu de travail. Ce prix confirme une fois de plus que les partenariats avec Embauche immigrants Ottawa profitent aux membres de la communaut\u00e9\u00bb, dit Louise Pag\u00e9-Valin, vice-rectrice associ\u00e9e aux ressources humaines de l\u2019Universit\u00e9 d\u2019Ottawa. \u00abNous sommes honor\u00e9s de recevoir ce prix et serons heureux de poursuivre ce partenariat pour atteindre nos objectifs communs.\u00bb<\/p>\n<p style=\"text-align: center;\"><a href=\"http:\/\/www.hireimmigrantsottawa.ca\/wp-content\/uploads\/2013\/10\/HRSDC.jpg\"><img decoding=\"async\" class=\"size-full wp-image-451 alignleft\" src=\"http:\/\/www.hireimmigrantsottawa.ca\/wp-content\/uploads\/2013\/10\/HRSDC.jpg\" alt=\"HRSDC\" width=\"400\" height=\"267\" srcset=\"https:\/\/www.hireimmigrantsottawa.ca\/wp-content\/uploads\/2013\/10\/HRSDC.jpg 400w, https:\/\/www.hireimmigrantsottawa.ca\/wp-content\/uploads\/2013\/10\/HRSDC-300x200.jpg 300w\" sizes=\"(max-width: 400px) 100vw, 400px\" \/><\/a><\/p>\n<p><strong><a href=\"http:\/\/www.edsc.gc.ca\/fra\/accueil.sh\" target=\"_blank\" rel=\"noopener\">Ressources humaines et D\u00e9veloppement des comp\u00e9tences Canada<\/a><\/strong> (RHDCC) aide les Canadiens \u00e0 relever les d\u00e9fis auxquelles ils font face en mettant en place des politiques, programmes et services flexibles, qui cr\u00e9ent des occasions et offrent des choix dans le march\u00e9 du travail d\u2019aujourd\u2019hui. Son Programme pilote d\u2019internat des immigrants (PPII) met en relief l\u2019engagement du minist\u00e8re envers la cr\u00e9ation de pratiques exceptionnelles de recrutement des immigrants qualifi\u00e9s.<\/p>\n<p>\u00abNous sommes extr\u00eamement heureux que Ressources humaines et D\u00e9veloppement des comp\u00e9tences Canada (RHDCC) ait \u00e9t\u00e9 en mesure d\u2019entreprendre le Programme pilote d\u2019internat des immigrants\u00bb, a d\u00e9clar\u00e9 Janice Charette, sous-ministre de RHDCC. \u00abCe projet pilote a donn\u00e9 au minist\u00e8re l\u2019occasion de recruter et d\u2019encadrer des professionnels de formation \u00e9trang\u00e8re et, en plus d\u2019augmenter la diversit\u00e9 de notre milieu de travail, de leur fournir une exp\u00e9rience de travail de qualit\u00e9 qui va les aider \u00e0 mieux s\u2019int\u00e9grer \u00e0 la main d\u2019\u0153uvre. C\u2019est vraiment un honneur de recevoir ce prix, et nous souhaitons poursuivre notre partenariat avec Embauche immigrants Ottawa en vue d\u2019atteindre nos objectifs communs.\u00bb<\/p>\n<p align=\"center\">&#8212;&#8212;&#8212;&#8212;&#8212;&#8212;&#8212;&#8212;&#8212;&#8212;&#8212;&#8212;&#8212;&#8211;<\/p>\n<p>Des certificats de reconnaissance ont \u00e9t\u00e9 accord\u00e9s \u00e0 l\u2019Association pour l\u2019int\u00e9gration sociale d\u2019Ottawa et \u00e0 la Citizen Advocacy Ottawa, afin de souligner leurs pratiques prometteuses en mati\u00e8re de recrutement et de r\u00e9tention des immigrants qualifi\u00e9s.<\/p>\n<p>De son c\u00f4t\u00e9, <strong><a href=\"http:\/\/www.aiso.org\/\" target=\"_blank\" rel=\"noopener\">l\u2019Association pour l\u2019int\u00e9gration sociale d\u2019Ottawa<\/a><\/strong> a \u00e9t\u00e9 honor\u00e9e pour avoir adapt\u00e9 ses pratiques de gestion des ressources humaines au recrutement d\u2019une main-d\u2019\u0153uvre diverse. Gr\u00e2ce \u00e0 un partenariat productif avec La Cit\u00e9 Coll\u00e9giale, l\u2019association a \u00e9t\u00e9 en mesure d\u2019embaucher des immigrants bien form\u00e9s qui apportent une contribution exemplaire \u00e0 sa mission.Les immigrants ont transform\u00e9 l\u2019association, et en ont fait un employeur de choix dans un environnement de travail recherch\u00e9.<\/p>\n<p><strong><a href=\"http:\/\/www.citizenadvocacy.org\/\" target=\"_blank\" rel=\"noopener\">Citizen Advocacy of Ottawa<\/a><\/strong> a \u00e9t\u00e9 reconnu pour le volet de r\u00e9tention des employ\u00e9s de son programme Champions de tous les jours. En offrant dans le milieu de travail des appuis additionnels aux nouveaux immigrants, pour les aider \u00e0 s\u2019adapter aux diff\u00e9rences en mati\u00e8re de langues et de cultures, Citizen Advocacy of Ottawa fait preuve d\u2019adaptation \u00e0 l\u2019endroit d\u2019une main-d\u2019\u0153uvre en \u00e9volution. Les immigrants qualifi\u00e9s b\u00e9n\u00e9ficient particuli\u00e8rement de l\u2019exp\u00e9rience des travailleurs s\u00e9niors de l\u2019organisation, qui fournissent aux nouveaux employ\u00e9s soutien et mentorat.<\/p>\n<p align=\"center\">&#8212;&#8212;&#8212;&#8212;&#8212;&#8212;&#8212;&#8212;&#8212;&#8212;&#8212;&#8212;&#8212;&#8211;<\/p>\n<p>Les Prix employeur d\u2019excellence rendent hommage \u00e0 des employeurs locaux qui ont des politiques novatrices en mati\u00e8re de recrutement et de fid\u00e9lisation et suivent des pratiques prometteuses dans l\u2019int\u00e9gration d\u2019immigrants qualifi\u00e9s \u00e0 leur organisation. Les Prix sont d\u00e9cern\u00e9s \u00e0 des entreprises et \u00e0 des organismes priv\u00e9s et publics de la r\u00e9gion de la capitale nationale dans les trois cat\u00e9gories suivantes : employeur de petite taille, employeur de moyenne taille et employeur de grande taille.<\/p>\n<p>Les formulaires de mise en candidature pour les Prix seront disponibles \u00e0 l\u2019automne. Si vous d\u00e9sirez \u00eatre pr\u00e9venus lorsque d\u00e9butera la p\u00e9riode des mises en candidatures, veuillez envoyer un courriel \u00e0\u00a0<a href=\"https:\/\/mail.google.com\/mail\/?view=cm&amp;fs=1&amp;tf=1&amp;to=info@embaucheimmigrantsottawa.ca\" target=\"_blank\" rel=\"noopener\">info@embaucheimmigrantsottawa.ca<\/a>.<\/p>\n","protected":false},"excerpt":{"rendered":"<p>F\u00e9licitations aux laur\u00e9ats des Prix employeur d\u2019excellence 2009 L\u2019Universit\u00e9 d\u2019Ottawa, ainsi que Ressources humaines et D\u00e9veloppement des comp\u00e9tences Canada (RHDCC) ont tous deux re\u00e7u un Prix EIO pour leurs pratiques [&hellip;]<\/p>\n","protected":false},"author":12,"featured_media":451,"parent":77,"menu_order":0,"comment_status":"closed","ping_status":"closed","template":"","meta":{"_exactmetrics_skip_tracking":false,"_exactmetrics_sitenote_active":false,"_exactmetrics_sitenote_note":"","_exactmetrics_sitenote_category":0,"footnotes":"","_links_to":"","_links_to_target":""},"class_list":["post-404","page","type-page","status-publish","has-post-thumbnail","hentry"],"yoast_head":"<!-- This site is optimized with the Yoast SEO plugin v27.5 - https:\/\/yoast.com\/product\/yoast-seo-wordpress\/ -->\n<title>Laur\u00e9ats 2009 - Hire Immigrants Ottawa<\/title>\n<meta name=\"robots\" content=\"index, follow, max-snippet:-1, max-image-preview:large, max-video-preview:-1\" \/>\n<link rel=\"canonical\" href=\"https:\/\/www.hireimmigrantsottawa.ca\/fr\/prix-demployeur\/laureats-2009\/\" \/>\n<meta property=\"og:locale\" content=\"fr_FR\" \/>\n<meta property=\"og:type\" content=\"article\" \/>\n<meta property=\"og:title\" content=\"Laur\u00e9ats 2009 - Hire Immigrants Ottawa\" \/>\n<meta property=\"og:description\" content=\"F\u00e9licitations aux laur\u00e9ats des Prix employeur d\u2019excellence 2009 L\u2019Universit\u00e9 d\u2019Ottawa, ainsi que Ressources humaines et D\u00e9veloppement des comp\u00e9tences Canada (RHDCC) ont tous deux re\u00e7u un Prix EIO pour leurs pratiques [&hellip;]\" \/>\n<meta property=\"og:url\" content=\"https:\/\/www.hireimmigrantsottawa.ca\/fr\/prix-demployeur\/laureats-2009\/\" \/>\n<meta property=\"og:site_name\" content=\"Hire Immigrants Ottawa\" \/>\n<meta property=\"article:modified_time\" content=\"2024-11-13T15:37:47+00:00\" \/>\n<meta property=\"og:image\" content=\"https:\/\/www.hireimmigrantsottawa.ca\/wp-content\/uploads\/2013\/10\/HRSDC.jpg\" \/>\n\t<meta property=\"og:image:width\" content=\"400\" \/>\n\t<meta property=\"og:image:height\" content=\"267\" \/>\n\t<meta property=\"og:image:type\" content=\"image\/jpeg\" \/>\n<meta name=\"twitter:card\" content=\"summary_large_image\" \/>\n<meta name=\"twitter:site\" content=\"@HireImmOttawa\" \/>\n<meta name=\"twitter:label1\" content=\"Dur\u00e9e de lecture estim\u00e9e\" \/>\n\t<meta name=\"twitter:data1\" content=\"4 minutes\" \/>\n<script type=\"application\/ld+json\" class=\"yoast-schema-graph\">{\"@context\":\"https:\\\/\\\/schema.org\",\"@graph\":[{\"@type\":\"WebPage\",\"@id\":\"https:\\\/\\\/www.hireimmigrantsottawa.ca\\\/fr\\\/prix-demployeur\\\/laureats-2009\\\/\",\"url\":\"https:\\\/\\\/www.hireimmigrantsottawa.ca\\\/fr\\\/prix-demployeur\\\/laureats-2009\\\/\",\"name\":\"Laur\u00e9ats 2009 - Hire Immigrants Ottawa\",\"isPartOf\":{\"@id\":\"https:\\\/\\\/www.hireimmigrantsottawa.ca\\\/#website\"},\"primaryImageOfPage\":{\"@id\":\"https:\\\/\\\/www.hireimmigrantsottawa.ca\\\/fr\\\/prix-demployeur\\\/laureats-2009\\\/#primaryimage\"},\"image\":{\"@id\":\"https:\\\/\\\/www.hireimmigrantsottawa.ca\\\/fr\\\/prix-demployeur\\\/laureats-2009\\\/#primaryimage\"},\"thumbnailUrl\":\"https:\\\/\\\/www.hireimmigrantsottawa.ca\\\/wp-content\\\/uploads\\\/2013\\\/10\\\/HRSDC.jpg\",\"datePublished\":\"2013-10-04T04:47:00+00:00\",\"dateModified\":\"2024-11-13T15:37:47+00:00\",\"breadcrumb\":{\"@id\":\"https:\\\/\\\/www.hireimmigrantsottawa.ca\\\/fr\\\/prix-demployeur\\\/laureats-2009\\\/#breadcrumb\"},\"inLanguage\":\"fr-FR\",\"potentialAction\":[{\"@type\":\"ReadAction\",\"target\":[\"https:\\\/\\\/www.hireimmigrantsottawa.ca\\\/fr\\\/prix-demployeur\\\/laureats-2009\\\/\"]}]},{\"@type\":\"ImageObject\",\"inLanguage\":\"fr-FR\",\"@id\":\"https:\\\/\\\/www.hireimmigrantsottawa.ca\\\/fr\\\/prix-demployeur\\\/laureats-2009\\\/#primaryimage\",\"url\":\"https:\\\/\\\/www.hireimmigrantsottawa.ca\\\/wp-content\\\/uploads\\\/2013\\\/10\\\/HRSDC.jpg\",\"contentUrl\":\"https:\\\/\\\/www.hireimmigrantsottawa.ca\\\/wp-content\\\/uploads\\\/2013\\\/10\\\/HRSDC.jpg\",\"width\":400,\"height\":267},{\"@type\":\"BreadcrumbList\",\"@id\":\"https:\\\/\\\/www.hireimmigrantsottawa.ca\\\/fr\\\/prix-demployeur\\\/laureats-2009\\\/#breadcrumb\",\"itemListElement\":[{\"@type\":\"ListItem\",\"position\":1,\"name\":\"Home\",\"item\":\"https:\\\/\\\/www.hireimmigrantsottawa.ca\\\/\"},{\"@type\":\"ListItem\",\"position\":2,\"name\":\"Prix d&#8217;employeur\",\"item\":\"https:\\\/\\\/www.hireimmigrantsottawa.ca\\\/fr\\\/prix-demployeur\\\/\"},{\"@type\":\"ListItem\",\"position\":3,\"name\":\"Laur\u00e9ats 2009\"}]},{\"@type\":\"WebSite\",\"@id\":\"https:\\\/\\\/www.hireimmigrantsottawa.ca\\\/#website\",\"url\":\"https:\\\/\\\/www.hireimmigrantsottawa.ca\\\/\",\"name\":\"Hire Immigrants Ottawa\",\"description\":\"increases the capacity of employers to attract and integrate skilled immigrants\",\"publisher\":{\"@id\":\"https:\\\/\\\/www.hireimmigrantsottawa.ca\\\/#organization\"},\"potentialAction\":[{\"@type\":\"SearchAction\",\"target\":{\"@type\":\"EntryPoint\",\"urlTemplate\":\"https:\\\/\\\/www.hireimmigrantsottawa.ca\\\/?s={search_term_string}\"},\"query-input\":{\"@type\":\"PropertyValueSpecification\",\"valueRequired\":true,\"valueName\":\"search_term_string\"}}],\"inLanguage\":\"fr-FR\"},{\"@type\":\"Organization\",\"@id\":\"https:\\\/\\\/www.hireimmigrantsottawa.ca\\\/#organization\",\"name\":\"Hire Immigrants Ottawa\",\"url\":\"https:\\\/\\\/www.hireimmigrantsottawa.ca\\\/\",\"logo\":{\"@type\":\"ImageObject\",\"inLanguage\":\"fr-FR\",\"@id\":\"https:\\\/\\\/www.hireimmigrantsottawa.ca\\\/#\\\/schema\\\/logo\\\/image\\\/\",\"url\":\"https:\\\/\\\/www.hireimmigrantsottawa.ca\\\/wp-content\\\/uploads\\\/2023\\\/10\\\/hio-logo_bow_EN_web.png\",\"contentUrl\":\"https:\\\/\\\/www.hireimmigrantsottawa.ca\\\/wp-content\\\/uploads\\\/2023\\\/10\\\/hio-logo_bow_EN_web.png\",\"width\":745,\"height\":160,\"caption\":\"Hire Immigrants Ottawa\"},\"image\":{\"@id\":\"https:\\\/\\\/www.hireimmigrantsottawa.ca\\\/#\\\/schema\\\/logo\\\/image\\\/\"},\"sameAs\":[\"https:\\\/\\\/x.com\\\/HireImmOttawa\",\"https:\\\/\\\/www.youtube.com\\\/user\\\/hireimmigrantsottawa\"]}]}<\/script>\n<!-- \/ Yoast SEO plugin. -->","yoast_head_json":{"title":"Laur\u00e9ats 2009 - Hire Immigrants Ottawa","robots":{"index":"index","follow":"follow","max-snippet":"max-snippet:-1","max-image-preview":"max-image-preview:large","max-video-preview":"max-video-preview:-1"},"canonical":"https:\/\/www.hireimmigrantsottawa.ca\/fr\/prix-demployeur\/laureats-2009\/","og_locale":"fr_FR","og_type":"article","og_title":"Laur\u00e9ats 2009 - Hire Immigrants Ottawa","og_description":"F\u00e9licitations aux laur\u00e9ats des Prix employeur d\u2019excellence 2009 L\u2019Universit\u00e9 d\u2019Ottawa, ainsi que Ressources humaines et D\u00e9veloppement des comp\u00e9tences Canada (RHDCC) ont tous deux re\u00e7u un Prix EIO pour leurs pratiques [&hellip;]","og_url":"https:\/\/www.hireimmigrantsottawa.ca\/fr\/prix-demployeur\/laureats-2009\/","og_site_name":"Hire Immigrants Ottawa","article_modified_time":"2024-11-13T15:37:47+00:00","og_image":[{"width":400,"height":267,"url":"https:\/\/www.hireimmigrantsottawa.ca\/wp-content\/uploads\/2013\/10\/HRSDC.jpg","type":"image\/jpeg"}],"twitter_card":"summary_large_image","twitter_site":"@HireImmOttawa","twitter_misc":{"Dur\u00e9e de lecture estim\u00e9e":"4 minutes"},"schema":{"@context":"https:\/\/schema.org","@graph":[{"@type":"WebPage","@id":"https:\/\/www.hireimmigrantsottawa.ca\/fr\/prix-demployeur\/laureats-2009\/","url":"https:\/\/www.hireimmigrantsottawa.ca\/fr\/prix-demployeur\/laureats-2009\/","name":"Laur\u00e9ats 2009 - Hire Immigrants Ottawa","isPartOf":{"@id":"https:\/\/www.hireimmigrantsottawa.ca\/#website"},"primaryImageOfPage":{"@id":"https:\/\/www.hireimmigrantsottawa.ca\/fr\/prix-demployeur\/laureats-2009\/#primaryimage"},"image":{"@id":"https:\/\/www.hireimmigrantsottawa.ca\/fr\/prix-demployeur\/laureats-2009\/#primaryimage"},"thumbnailUrl":"https:\/\/www.hireimmigrantsottawa.ca\/wp-content\/uploads\/2013\/10\/HRSDC.jpg","datePublished":"2013-10-04T04:47:00+00:00","dateModified":"2024-11-13T15:37:47+00:00","breadcrumb":{"@id":"https:\/\/www.hireimmigrantsottawa.ca\/fr\/prix-demployeur\/laureats-2009\/#breadcrumb"},"inLanguage":"fr-FR","potentialAction":[{"@type":"ReadAction","target":["https:\/\/www.hireimmigrantsottawa.ca\/fr\/prix-demployeur\/laureats-2009\/"]}]},{"@type":"ImageObject","inLanguage":"fr-FR","@id":"https:\/\/www.hireimmigrantsottawa.ca\/fr\/prix-demployeur\/laureats-2009\/#primaryimage","url":"https:\/\/www.hireimmigrantsottawa.ca\/wp-content\/uploads\/2013\/10\/HRSDC.jpg","contentUrl":"https:\/\/www.hireimmigrantsottawa.ca\/wp-content\/uploads\/2013\/10\/HRSDC.jpg","width":400,"height":267},{"@type":"BreadcrumbList","@id":"https:\/\/www.hireimmigrantsottawa.ca\/fr\/prix-demployeur\/laureats-2009\/#breadcrumb","itemListElement":[{"@type":"ListItem","position":1,"name":"Home","item":"https:\/\/www.hireimmigrantsottawa.ca\/"},{"@type":"ListItem","position":2,"name":"Prix d&#8217;employeur","item":"https:\/\/www.hireimmigrantsottawa.ca\/fr\/prix-demployeur\/"},{"@type":"ListItem","position":3,"name":"Laur\u00e9ats 2009"}]},{"@type":"WebSite","@id":"https:\/\/www.hireimmigrantsottawa.ca\/#website","url":"https:\/\/www.hireimmigrantsottawa.ca\/","name":"Hire Immigrants Ottawa","description":"increases the capacity of employers to attract and integrate skilled immigrants","publisher":{"@id":"https:\/\/www.hireimmigrantsottawa.ca\/#organization"},"potentialAction":[{"@type":"SearchAction","target":{"@type":"EntryPoint","urlTemplate":"https:\/\/www.hireimmigrantsottawa.ca\/?s={search_term_string}"},"query-input":{"@type":"PropertyValueSpecification","valueRequired":true,"valueName":"search_term_string"}}],"inLanguage":"fr-FR"},{"@type":"Organization","@id":"https:\/\/www.hireimmigrantsottawa.ca\/#organization","name":"Hire Immigrants Ottawa","url":"https:\/\/www.hireimmigrantsottawa.ca\/","logo":{"@type":"ImageObject","inLanguage":"fr-FR","@id":"https:\/\/www.hireimmigrantsottawa.ca\/#\/schema\/logo\/image\/","url":"https:\/\/www.hireimmigrantsottawa.ca\/wp-content\/uploads\/2023\/10\/hio-logo_bow_EN_web.png","contentUrl":"https:\/\/www.hireimmigrantsottawa.ca\/wp-content\/uploads\/2023\/10\/hio-logo_bow_EN_web.png","width":745,"height":160,"caption":"Hire Immigrants Ottawa"},"image":{"@id":"https:\/\/www.hireimmigrantsottawa.ca\/#\/schema\/logo\/image\/"},"sameAs":["https:\/\/x.com\/HireImmOttawa","https:\/\/www.youtube.com\/user\/hireimmigrantsottawa"]}]}},"_links":{"self":[{"href":"https:\/\/www.hireimmigrantsottawa.ca\/fr\/wp-json\/wp\/v2\/pages\/404","targetHints":{"allow":["GET"]}}],"collection":[{"href":"https:\/\/www.hireimmigrantsottawa.ca\/fr\/wp-json\/wp\/v2\/pages"}],"about":[{"href":"https:\/\/www.hireimmigrantsottawa.ca\/fr\/wp-json\/wp\/v2\/types\/page"}],"author":[{"embeddable":true,"href":"https:\/\/www.hireimmigrantsottawa.ca\/fr\/wp-json\/wp\/v2\/users\/12"}],"replies":[{"embeddable":true,"href":"https:\/\/www.hireimmigrantsottawa.ca\/fr\/wp-json\/wp\/v2\/comments?post=404"}],"version-history":[{"count":5,"href":"https:\/\/www.hireimmigrantsottawa.ca\/fr\/wp-json\/wp\/v2\/pages\/404\/revisions"}],"predecessor-version":[{"id":9094,"href":"https:\/\/www.hireimmigrantsottawa.ca\/fr\/wp-json\/wp\/v2\/pages\/404\/revisions\/9094"}],"up":[{"embeddable":true,"href":"https:\/\/www.hireimmigrantsottawa.ca\/fr\/wp-json\/wp\/v2\/pages\/77"}],"wp:featuredmedia":[{"embeddable":true,"href":"https:\/\/www.hireimmigrantsottawa.ca\/fr\/wp-json\/wp\/v2\/media\/451"}],"wp:attachment":[{"href":"https:\/\/www.hireimmigrantsottawa.ca\/fr\/wp-json\/wp\/v2\/media?parent=404"}],"curies":[{"name":"wp","href":"https:\/\/api.w.org\/{rel}","templated":true}]}}