{"id":3939,"date":"2016-06-17T11:12:40","date_gmt":"2016-06-17T15:12:40","guid":{"rendered":"http:\/\/www.hireimmigrantsottawa.ca\/fr\/?page_id=3939"},"modified":"2016-06-17T11:39:16","modified_gmt":"2016-06-17T15:39:16","slug":"hio-recognition","status":"publish","type":"page","link":"https:\/\/www.hireimmigrantsottawa.ca\/fr\/centre-des-medias\/hio-recognition\/","title":{"rendered":"Les succ\u00e8s d\u2019EIO"},"content":{"rendered":"<h3><strong>EIO nomm\u00e9 chef de file de la diversit\u00e9<\/strong><\/h3>\n<p><img fetchpriority=\"high\" decoding=\"async\" class=\"wp-image-3930 aligncenter\" src=\"http:\/\/www.hireimmigrantsottawa.ca\/wp-content\/uploads\/2016\/06\/VOscars2016-1190.jpg\" alt=\"VOscars2016-1190\" width=\"500\" height=\"333\" srcset=\"https:\/\/www.hireimmigrantsottawa.ca\/wp-content\/uploads\/2016\/06\/VOscars2016-1190.jpg 1024w, https:\/\/www.hireimmigrantsottawa.ca\/wp-content\/uploads\/2016\/06\/VOscars2016-1190-300x200.jpg 300w, https:\/\/www.hireimmigrantsottawa.ca\/wp-content\/uploads\/2016\/06\/VOscars2016-1190-768x512.jpg 768w\" sizes=\"(max-width: 500px) 100vw, 500px\" \/><\/p>\n<p>Embauche Immigrants Ottawa a re\u00e7u un prix VOscar 2016, d\u00e9cern\u00e9 par B\u00e9n\u00e9voles Ottawa, dans la cat\u00e9gorie Chef de fil de la diversit\u00e9. Ce prix est remis \u00e0 une personne, une entreprise ou une organisation qui a r\u00e9ussi \u00e0 cr\u00e9er un environnement propice \u00e0 la diversit\u00e9, \u00e0 l\u2019enthousiasme et \u00e0 l\u2019engagement des b\u00e9n\u00e9voles.<\/p>\n<p>En remettant le prix \u00e0 EIO, B\u00e9n\u00e9voles Ottawa a dit : \u00ab EIO travaille de pair avec les employeurs pour montrer que la diversit\u00e9 dans le secteur de l\u2019emploi \u00e0 Ottawa est une valeur ajout\u00e9e. EIO n\u2019est pas seulement un chef de file de la diversit\u00e9, mais aussi une source pr\u00e9cieuse d\u2019expertise dans le d\u00e9veloppement des comp\u00e9tences interculturelles. Plus de 1300 employeurs ont pu tirer profit des s\u00e9ances de formation d\u2019EIO qui leur ont permis d\u2019am\u00e9liorer leurs comp\u00e9tences interculturelles et de favoriser la diversit\u00e9 en milieu de travail. \u00bb<\/p>\n<p>\u00ab EIO a ouvert la voie \u00e0 d\u2019autres organisations et projets d\u2019Ottawa, notamment DiverseCity onBoard, qui ont suivi son exemple et ont encourag\u00e9 la diversit\u00e9 dans la gouvernance des entreprises. \u00bb<\/p>\n<hr \/>\n<h3><strong>EIO remporte le Prix d\u2019affaires publiques Arthur Kroeger <\/strong><\/h3>\n<p><img decoding=\"async\" class=\" wp-image-3934 aligncenter\" src=\"http:\/\/www.hireimmigrantsottawa.ca\/wp-content\/uploads\/2016\/06\/IMG_6510.jpg\" alt=\"Kroger Awards\" width=\"500\" height=\"357\" srcset=\"https:\/\/www.hireimmigrantsottawa.ca\/wp-content\/uploads\/2016\/06\/IMG_6510.jpg 504w, https:\/\/www.hireimmigrantsottawa.ca\/wp-content\/uploads\/2016\/06\/IMG_6510-300x214.jpg 300w\" sizes=\"(max-width: 500px) 100vw, 500px\" \/><\/p>\n<p>Embauche Immigrants Ottawa a re\u00e7u le Prix d\u2019affaires publiques du Coll\u00e8ge Arthur Kroeger 2010 dans la cat\u00e9gorie Citoyennet\u00e9 et affaires communautaires. Ce prix souligne le r\u00f4le pr\u00e9pond\u00e9rant que joue EIO dans les efforts pour inciter les employeurs et les intervenants \u00e0 modifier leurs pratiques li\u00e9es \u00e0 l\u2019embauche et \u00e0 l\u2019int\u00e9gration r\u00e9ussie des immigrants qualifi\u00e9s. <a href=\"http:\/\/www.hireimmigrantsottawa.ca\/documents\/Kroeger_Awards_Citation.pdf\">Lire les \u00e9loges.<\/a> (Document en anglais)<\/p>\n<p><strong>Merci aux employeurs et aux intervenants<\/strong><\/p>\n<p>EIO est reconnaissant de l\u2019appui continu des employeurs et de ses partenaires communautaires. Leur appui permet de combler les besoins de notre \u00e9conomie locale en comp\u00e9tences et en main-d\u2019\u0153uvre.<\/p>\n<p>EIO remercie les membres de son Conseil, les groupes de travail et les intervenants qui se d\u00e9vouent afin de cr\u00e9er des occasions pour l\u2019int\u00e9gration des immigrants qualifi\u00e9s d\u2019Ottawa sur le march\u00e9 du travail.<\/p>\n","protected":false},"excerpt":{"rendered":"<p>EIO nomm\u00e9 chef de file de la diversit\u00e9 Embauche Immigrants Ottawa a re\u00e7u un prix VOscar 2016, d\u00e9cern\u00e9 par B\u00e9n\u00e9voles Ottawa, dans la cat\u00e9gorie Chef de fil de la diversit\u00e9. [&hellip;]<\/p>\n","protected":false},"author":13,"featured_media":3931,"parent":86,"menu_order":0,"comment_status":"closed","ping_status":"closed","template":"media-centre.php","meta":{"_exactmetrics_skip_tracking":false,"_exactmetrics_sitenote_active":false,"_exactmetrics_sitenote_note":"","_exactmetrics_sitenote_category":0,"footnotes":"","_links_to":"","_links_to_target":""},"class_list":["post-3939","page","type-page","status-publish","has-post-thumbnail","hentry"],"yoast_head":"<!-- This site is optimized with the Yoast SEO plugin v27.2 - https:\/\/yoast.com\/product\/yoast-seo-wordpress\/ -->\n<title>Les succ\u00e8s d\u2019EIO - Hire Immigrants Ottawa<\/title>\n<meta name=\"robots\" content=\"index, follow, max-snippet:-1, max-image-preview:large, max-video-preview:-1\" \/>\n<link rel=\"canonical\" href=\"https:\/\/www.hireimmigrantsottawa.ca\/fr\/centre-des-medias\/hio-recognition\/\" \/>\n<meta property=\"og:locale\" content=\"fr_FR\" \/>\n<meta property=\"og:type\" content=\"article\" \/>\n<meta property=\"og:title\" content=\"Les succ\u00e8s d\u2019EIO - Hire Immigrants Ottawa\" \/>\n<meta property=\"og:description\" content=\"EIO nomm\u00e9 chef de file de la diversit\u00e9 Embauche Immigrants Ottawa a re\u00e7u un prix VOscar 2016, d\u00e9cern\u00e9 par B\u00e9n\u00e9voles Ottawa, dans la cat\u00e9gorie Chef de fil de la diversit\u00e9. [&hellip;]\" \/>\n<meta property=\"og:url\" content=\"https:\/\/www.hireimmigrantsottawa.ca\/fr\/centre-des-medias\/hio-recognition\/\" \/>\n<meta property=\"og:site_name\" content=\"Hire Immigrants Ottawa\" \/>\n<meta property=\"article:modified_time\" content=\"2016-06-17T15:39:16+00:00\" \/>\n<meta property=\"og:image\" content=\"https:\/\/www.hireimmigrantsottawa.ca\/wp-content\/uploads\/2016\/06\/VOscars2016-1190.jpg\" \/>\n\t<meta property=\"og:image:width\" content=\"1024\" \/>\n\t<meta property=\"og:image:height\" content=\"682\" \/>\n\t<meta property=\"og:image:type\" content=\"image\/jpeg\" \/>\n<meta name=\"twitter:card\" content=\"summary_large_image\" \/>\n<meta name=\"twitter:site\" content=\"@HireImmOttawa\" \/>\n<meta name=\"twitter:label1\" content=\"Dur\u00e9e de lecture estim\u00e9e\" \/>\n\t<meta name=\"twitter:data1\" content=\"2 minutes\" \/>\n<script type=\"application\/ld+json\" class=\"yoast-schema-graph\">{\"@context\":\"https:\/\/schema.org\",\"@graph\":[{\"@type\":\"WebPage\",\"@id\":\"https:\/\/www.hireimmigrantsottawa.ca\/fr\/centre-des-medias\/hio-recognition\/\",\"url\":\"https:\/\/www.hireimmigrantsottawa.ca\/fr\/centre-des-medias\/hio-recognition\/\",\"name\":\"Les succ\u00e8s d\u2019EIO - Hire Immigrants Ottawa\",\"isPartOf\":{\"@id\":\"https:\/\/www.hireimmigrantsottawa.ca\/#website\"},\"primaryImageOfPage\":{\"@id\":\"https:\/\/www.hireimmigrantsottawa.ca\/fr\/centre-des-medias\/hio-recognition\/#primaryimage\"},\"image\":{\"@id\":\"https:\/\/www.hireimmigrantsottawa.ca\/fr\/centre-des-medias\/hio-recognition\/#primaryimage\"},\"thumbnailUrl\":\"https:\/\/www.hireimmigrantsottawa.ca\/wp-content\/uploads\/2016\/06\/VOscars2016-1190.jpg\",\"datePublished\":\"2016-06-17T15:12:40+00:00\",\"dateModified\":\"2016-06-17T15:39:16+00:00\",\"breadcrumb\":{\"@id\":\"https:\/\/www.hireimmigrantsottawa.ca\/fr\/centre-des-medias\/hio-recognition\/#breadcrumb\"},\"inLanguage\":\"fr-FR\",\"potentialAction\":[{\"@type\":\"ReadAction\",\"target\":[\"https:\/\/www.hireimmigrantsottawa.ca\/fr\/centre-des-medias\/hio-recognition\/\"]}]},{\"@type\":\"ImageObject\",\"inLanguage\":\"fr-FR\",\"@id\":\"https:\/\/www.hireimmigrantsottawa.ca\/fr\/centre-des-medias\/hio-recognition\/#primaryimage\",\"url\":\"https:\/\/www.hireimmigrantsottawa.ca\/wp-content\/uploads\/2016\/06\/VOscars2016-1190.jpg\",\"contentUrl\":\"https:\/\/www.hireimmigrantsottawa.ca\/wp-content\/uploads\/2016\/06\/VOscars2016-1190.jpg\",\"width\":1024,\"height\":682},{\"@type\":\"BreadcrumbList\",\"@id\":\"https:\/\/www.hireimmigrantsottawa.ca\/fr\/centre-des-medias\/hio-recognition\/#breadcrumb\",\"itemListElement\":[{\"@type\":\"ListItem\",\"position\":1,\"name\":\"Home\",\"item\":\"https:\/\/www.hireimmigrantsottawa.ca\/\"},{\"@type\":\"ListItem\",\"position\":2,\"name\":\"Centre des m\u00e9dias\",\"item\":\"https:\/\/www.hireimmigrantsottawa.ca\/fr\/centre-des-medias\/\"},{\"@type\":\"ListItem\",\"position\":3,\"name\":\"Les succ\u00e8s d\u2019EIO\"}]},{\"@type\":\"WebSite\",\"@id\":\"https:\/\/www.hireimmigrantsottawa.ca\/#website\",\"url\":\"https:\/\/www.hireimmigrantsottawa.ca\/\",\"name\":\"Hire Immigrants Ottawa\",\"description\":\"increases the capacity of employers to attract and integrate skilled immigrants\",\"publisher\":{\"@id\":\"https:\/\/www.hireimmigrantsottawa.ca\/#organization\"},\"potentialAction\":[{\"@type\":\"SearchAction\",\"target\":{\"@type\":\"EntryPoint\",\"urlTemplate\":\"https:\/\/www.hireimmigrantsottawa.ca\/?s={search_term_string}\"},\"query-input\":{\"@type\":\"PropertyValueSpecification\",\"valueRequired\":true,\"valueName\":\"search_term_string\"}}],\"inLanguage\":\"fr-FR\"},{\"@type\":\"Organization\",\"@id\":\"https:\/\/www.hireimmigrantsottawa.ca\/#organization\",\"name\":\"Hire Immigrants Ottawa\",\"url\":\"https:\/\/www.hireimmigrantsottawa.ca\/\",\"logo\":{\"@type\":\"ImageObject\",\"inLanguage\":\"fr-FR\",\"@id\":\"https:\/\/www.hireimmigrantsottawa.ca\/#\/schema\/logo\/image\/\",\"url\":\"https:\/\/www.hireimmigrantsottawa.ca\/wp-content\/uploads\/2023\/10\/hio-logo_bow_EN_web.png\",\"contentUrl\":\"https:\/\/www.hireimmigrantsottawa.ca\/wp-content\/uploads\/2023\/10\/hio-logo_bow_EN_web.png\",\"width\":745,\"height\":160,\"caption\":\"Hire Immigrants Ottawa\"},\"image\":{\"@id\":\"https:\/\/www.hireimmigrantsottawa.ca\/#\/schema\/logo\/image\/\"},\"sameAs\":[\"https:\/\/x.com\/HireImmOttawa\",\"https:\/\/www.youtube.com\/user\/hireimmigrantsottawa\"]}]}<\/script>\n<!-- \/ Yoast SEO plugin. -->","yoast_head_json":{"title":"Les succ\u00e8s d\u2019EIO - Hire Immigrants Ottawa","robots":{"index":"index","follow":"follow","max-snippet":"max-snippet:-1","max-image-preview":"max-image-preview:large","max-video-preview":"max-video-preview:-1"},"canonical":"https:\/\/www.hireimmigrantsottawa.ca\/fr\/centre-des-medias\/hio-recognition\/","og_locale":"fr_FR","og_type":"article","og_title":"Les succ\u00e8s d\u2019EIO - Hire Immigrants Ottawa","og_description":"EIO nomm\u00e9 chef de file de la diversit\u00e9 Embauche Immigrants Ottawa a re\u00e7u un prix VOscar 2016, d\u00e9cern\u00e9 par B\u00e9n\u00e9voles Ottawa, dans la cat\u00e9gorie Chef de fil de la diversit\u00e9. [&hellip;]","og_url":"https:\/\/www.hireimmigrantsottawa.ca\/fr\/centre-des-medias\/hio-recognition\/","og_site_name":"Hire Immigrants Ottawa","article_modified_time":"2016-06-17T15:39:16+00:00","og_image":[{"width":1024,"height":682,"url":"https:\/\/www.hireimmigrantsottawa.ca\/wp-content\/uploads\/2016\/06\/VOscars2016-1190.jpg","type":"image\/jpeg"}],"twitter_card":"summary_large_image","twitter_site":"@HireImmOttawa","twitter_misc":{"Dur\u00e9e de lecture estim\u00e9e":"2 minutes"},"schema":{"@context":"https:\/\/schema.org","@graph":[{"@type":"WebPage","@id":"https:\/\/www.hireimmigrantsottawa.ca\/fr\/centre-des-medias\/hio-recognition\/","url":"https:\/\/www.hireimmigrantsottawa.ca\/fr\/centre-des-medias\/hio-recognition\/","name":"Les succ\u00e8s d\u2019EIO - Hire Immigrants Ottawa","isPartOf":{"@id":"https:\/\/www.hireimmigrantsottawa.ca\/#website"},"primaryImageOfPage":{"@id":"https:\/\/www.hireimmigrantsottawa.ca\/fr\/centre-des-medias\/hio-recognition\/#primaryimage"},"image":{"@id":"https:\/\/www.hireimmigrantsottawa.ca\/fr\/centre-des-medias\/hio-recognition\/#primaryimage"},"thumbnailUrl":"https:\/\/www.hireimmigrantsottawa.ca\/wp-content\/uploads\/2016\/06\/VOscars2016-1190.jpg","datePublished":"2016-06-17T15:12:40+00:00","dateModified":"2016-06-17T15:39:16+00:00","breadcrumb":{"@id":"https:\/\/www.hireimmigrantsottawa.ca\/fr\/centre-des-medias\/hio-recognition\/#breadcrumb"},"inLanguage":"fr-FR","potentialAction":[{"@type":"ReadAction","target":["https:\/\/www.hireimmigrantsottawa.ca\/fr\/centre-des-medias\/hio-recognition\/"]}]},{"@type":"ImageObject","inLanguage":"fr-FR","@id":"https:\/\/www.hireimmigrantsottawa.ca\/fr\/centre-des-medias\/hio-recognition\/#primaryimage","url":"https:\/\/www.hireimmigrantsottawa.ca\/wp-content\/uploads\/2016\/06\/VOscars2016-1190.jpg","contentUrl":"https:\/\/www.hireimmigrantsottawa.ca\/wp-content\/uploads\/2016\/06\/VOscars2016-1190.jpg","width":1024,"height":682},{"@type":"BreadcrumbList","@id":"https:\/\/www.hireimmigrantsottawa.ca\/fr\/centre-des-medias\/hio-recognition\/#breadcrumb","itemListElement":[{"@type":"ListItem","position":1,"name":"Home","item":"https:\/\/www.hireimmigrantsottawa.ca\/"},{"@type":"ListItem","position":2,"name":"Centre des m\u00e9dias","item":"https:\/\/www.hireimmigrantsottawa.ca\/fr\/centre-des-medias\/"},{"@type":"ListItem","position":3,"name":"Les succ\u00e8s d\u2019EIO"}]},{"@type":"WebSite","@id":"https:\/\/www.hireimmigrantsottawa.ca\/#website","url":"https:\/\/www.hireimmigrantsottawa.ca\/","name":"Hire Immigrants Ottawa","description":"increases the capacity of employers to attract and integrate skilled immigrants","publisher":{"@id":"https:\/\/www.hireimmigrantsottawa.ca\/#organization"},"potentialAction":[{"@type":"SearchAction","target":{"@type":"EntryPoint","urlTemplate":"https:\/\/www.hireimmigrantsottawa.ca\/?s={search_term_string}"},"query-input":{"@type":"PropertyValueSpecification","valueRequired":true,"valueName":"search_term_string"}}],"inLanguage":"fr-FR"},{"@type":"Organization","@id":"https:\/\/www.hireimmigrantsottawa.ca\/#organization","name":"Hire Immigrants Ottawa","url":"https:\/\/www.hireimmigrantsottawa.ca\/","logo":{"@type":"ImageObject","inLanguage":"fr-FR","@id":"https:\/\/www.hireimmigrantsottawa.ca\/#\/schema\/logo\/image\/","url":"https:\/\/www.hireimmigrantsottawa.ca\/wp-content\/uploads\/2023\/10\/hio-logo_bow_EN_web.png","contentUrl":"https:\/\/www.hireimmigrantsottawa.ca\/wp-content\/uploads\/2023\/10\/hio-logo_bow_EN_web.png","width":745,"height":160,"caption":"Hire Immigrants Ottawa"},"image":{"@id":"https:\/\/www.hireimmigrantsottawa.ca\/#\/schema\/logo\/image\/"},"sameAs":["https:\/\/x.com\/HireImmOttawa","https:\/\/www.youtube.com\/user\/hireimmigrantsottawa"]}]}},"_links":{"self":[{"href":"https:\/\/www.hireimmigrantsottawa.ca\/fr\/wp-json\/wp\/v2\/pages\/3939","targetHints":{"allow":["GET"]}}],"collection":[{"href":"https:\/\/www.hireimmigrantsottawa.ca\/fr\/wp-json\/wp\/v2\/pages"}],"about":[{"href":"https:\/\/www.hireimmigrantsottawa.ca\/fr\/wp-json\/wp\/v2\/types\/page"}],"author":[{"embeddable":true,"href":"https:\/\/www.hireimmigrantsottawa.ca\/fr\/wp-json\/wp\/v2\/users\/13"}],"replies":[{"embeddable":true,"href":"https:\/\/www.hireimmigrantsottawa.ca\/fr\/wp-json\/wp\/v2\/comments?post=3939"}],"version-history":[{"count":2,"href":"https:\/\/www.hireimmigrantsottawa.ca\/fr\/wp-json\/wp\/v2\/pages\/3939\/revisions"}],"predecessor-version":[{"id":3941,"href":"https:\/\/www.hireimmigrantsottawa.ca\/fr\/wp-json\/wp\/v2\/pages\/3939\/revisions\/3941"}],"up":[{"embeddable":true,"href":"https:\/\/www.hireimmigrantsottawa.ca\/fr\/wp-json\/wp\/v2\/pages\/86"}],"wp:featuredmedia":[{"embeddable":true,"href":"https:\/\/www.hireimmigrantsottawa.ca\/fr\/wp-json\/wp\/v2\/media\/3931"}],"wp:attachment":[{"href":"https:\/\/www.hireimmigrantsottawa.ca\/fr\/wp-json\/wp\/v2\/media?parent=3939"}],"curies":[{"name":"wp","href":"https:\/\/api.w.org\/{rel}","templated":true}]}}