{"id":367,"date":"2013-10-04T04:20:20","date_gmt":"2013-10-04T04:20:20","guid":{"rendered":"http:\/\/www.hireimmigrantsottawa.ca\/?page_id=367"},"modified":"2015-12-02T10:13:58","modified_gmt":"2015-12-02T15:13:58","slug":"ecc-membership-list","status":"publish","type":"page","link":"https:\/\/www.hireimmigrantsottawa.ca\/fr\/ecc-membership-list\/","title":{"rendered":"Conseil des employeurs champions"},"content":{"rendered":"<ul type=\"disc\">\n<li><a href=\"http:\/\/syndicatafpc.ca\/\" target=\"_blank\">Alliance de la Fonction publique du Canada<\/a><\/li>\n<li><a href=\"http:\/\/www.bank-banque-canada.ca\/\" target=\"_blank\">Banque du Canada<\/a><\/li>\n<li><a href=\"http:\/\/www.scotiabank.com\/cda\/index\/0,,LIDfr_SID3002,00.html\" target=\"_blank\">Banque Scotia<\/a><\/li>\n<li><a href=\"http:\/\/www.calian.com\/\" target=\"_blank\">Calian<\/a><\/li>\n<li><a href=\"http:\/\/www.unitedwayottawa.ca\/index-fr.php\" target=\"_blank\">Centraide Ottawa<\/a><\/li>\n<li><a href=\"http:\/\/www.cgi.com\/web\/fr\/accueil.htm\" target=\"_blank\">CGI<\/a><\/li>\n<li><a href=\"http:\/\/www.cic.gc.ca\/francais\/index.asp\" target=\"_blank\">Citoyennet\u00e9 et Immigration Canada<\/a><\/li>\n<li><a href=\"http:\/\/www.ictc-ctic.ca\/?page_id=2084&amp;lang=fr\" target=\"_blank\">Conseil des technologies de l\u2019information et des communications (CTIC)<\/a><\/li>\n<li><a href=\"http:\/\/www.ottawalabour.org\/\" target=\"_blank\">Conseil du Travail d\u2019Ottawa et du District<\/a><\/li>\n<li><a href=\"http:\/\/www.edc.ca\/\" target=\"_blank\">Exportation et D\u00e9veloppement Canada<\/a><\/li>\n<li><a href=\"https:\/\/www.hydroottawa.com\/index.cfm?&amp;LANG=F\" target=\"_blank\">Hydro Ottawa<\/a><\/li>\n<li><a href=\"http:\/\/investottawa.ca\/fr\/\" target=\"_blank\">Investir Ottawa<\/a><\/li>\n<li><a href=\"http:\/\/www.ottawahospital.on.ca\/\" target=\"_blank\">L\u2019H\u00f4pital d\u2019Ottawa<\/a><\/li>\n<li><a href=\"http:\/\/www.uottawa.ca\/\" target=\"_blank\">L\u2019Universit\u00e9 d\u2019Ottawa<\/a><\/li>\n<li><a href=\"http:\/\/www.rbcbanqueroyale.com\/personal.html\" target=\"_blank\">La Banque Royale du Canada<\/a><\/li>\n<li><a href=\"http:\/\/www.ottawachamber.ca\/en\/\" target=\"_blank\">La Chambre de commerce d\u2019Ottawa<\/a><\/li>\n<li><a href=\"http:\/\/www3.lacitec.on.ca\/\" target=\"_blank\">La Cit\u00e9 coll\u00e9giale<\/a><\/li>\n<li><a href=\"http:\/\/www.ottawa.ca\/\" target=\"_blank\">La Ville d\u2019Ottawa<\/a><\/li>\n<li><a href=\"http:\/\/www.ottawa-worldskills.org\/\" target=\"_blank\">LASI Comp\u00e9tences Mondiales<\/a><\/li>\n<li><a href=\"http:\/\/www.algonquincollege.com\/\" target=\"_blank\">Le Coll\u00e8ge Algonquin<\/a><\/li>\n<li><a href=\"http:\/\/www.conferenceboard.ca\/francais\/\" target=\"_blank\">Le Conference Board du Canada<\/a><\/li>\n<li><a href=\"http:\/\/www.edu.gov.on.ca\/\" target=\"_blank\">Le minist\u00e8re de la Formation et des Coll\u00e8ges et Universit\u00e9s de l\u2019Ontario<\/a><\/li>\n<li><a href=\"http:\/\/www.rga.ca\/index.php?module=SiteNews&amp;cat=0&amp;newlang=fra\" target=\"_blank\">Le Regroupement des gens d\u2019affaires de la Capitale nationale (RGA)<\/a><\/li>\n<li><a href=\"http:\/\/www.mds.nordion.com\/index.asp\" target=\"_blank\">Nordion Inc.<\/a><\/li>\n<li><a href=\"http:\/\/www.mcss.gov.on.ca\/mcss\/splash.htm\" target=\"_blank\">Ministre des Services sociaux et communautaires<\/a><\/li>\n<li><a href=\"http:\/\/www.ocdsb.ca\" target=\"_blank\">Ottawa-Carleton District School Board <\/a><\/li>\n<li><a href=\"http:\/\/www.pythian.com\/\" target=\"_blank\">Pythian<\/a><\/li>\n<li><a href=\"http:\/\/www.ottawapolice.ca\/fr\/home.aspx\" target=\"_blank\">Service de police d\u2019Ottawa<\/a><\/li>\n<li><a href=\"http:\/\/www.gemhealthcare.com\/\" target=\"_blank\">Services de Sant\u00e9 GEM Inc<\/a><\/li>\n<li><a href=\"http:\/\/www.ssc-spc.gc.ca\/index-fra.html\" target=\"_blank\">Services partag\u00e9s Canada<\/a><\/li>\n<li><a href=\"http:\/\/www.shoppersdrugmart.ca\/french\/index.html\" target=\"_blank\">Shoppers Drug Mart<\/a><\/li>\n<li><a href=\"http:\/\/www.bruyere.org\/fr\/accueil\">Soins Continus Bruy\u00e8re<\/a><\/li>\n<li><a href=\"https:\/\/www.tdcanadatrust.com\/francais\" target=\"_blank\">TD Canada Trust<\/a><\/li>\n<\/ul>\n","protected":false},"excerpt":{"rendered":"<p>Alliance de la Fonction publique du Canada Banque du Canada Banque Scotia Calian Centraide Ottawa CGI Citoyennet\u00e9 et Immigration Canada Conseil des technologies de l\u2019information et des communications (CTIC) Conseil [&hellip;]<\/p>\n","protected":false},"author":12,"featured_media":0,"parent":0,"menu_order":0,"comment_status":"open","ping_status":"closed","template":"about.php","meta":{"_exactmetrics_skip_tracking":false,"_exactmetrics_sitenote_active":false,"_exactmetrics_sitenote_note":"","_exactmetrics_sitenote_category":0,"footnotes":"","_links_to":"","_links_to_target":""},"class_list":["post-367","page","type-page","status-publish","hentry"],"yoast_head":"<!-- This site is optimized with the Yoast SEO plugin v27.5 - https:\/\/yoast.com\/product\/yoast-seo-wordpress\/ -->\n<title>Conseil des employeurs champions - Hire Immigrants Ottawa<\/title>\n<meta name=\"robots\" content=\"index, follow, max-snippet:-1, max-image-preview:large, max-video-preview:-1\" \/>\n<link rel=\"canonical\" href=\"https:\/\/www.hireimmigrantsottawa.ca\/fr\/ecc-membership-list\/\" \/>\n<meta property=\"og:locale\" content=\"fr_FR\" \/>\n<meta property=\"og:type\" content=\"article\" \/>\n<meta property=\"og:title\" content=\"Conseil des employeurs champions - Hire Immigrants Ottawa\" \/>\n<meta property=\"og:description\" content=\"Alliance de la Fonction publique du Canada Banque du Canada Banque Scotia Calian Centraide Ottawa CGI Citoyennet\u00e9 et Immigration Canada Conseil des technologies de l\u2019information et des communications (CTIC) Conseil [&hellip;]\" \/>\n<meta property=\"og:url\" content=\"https:\/\/www.hireimmigrantsottawa.ca\/fr\/ecc-membership-list\/\" \/>\n<meta property=\"og:site_name\" content=\"Hire Immigrants Ottawa\" \/>\n<meta property=\"article:modified_time\" content=\"2015-12-02T15:13:58+00:00\" \/>\n<meta property=\"og:image\" content=\"https:\/\/www.hireimmigrantsottawa.ca\/wp-content\/uploads\/2017\/02\/hio-screenshot.png\" \/>\n\t<meta property=\"og:image:width\" content=\"781\" \/>\n\t<meta property=\"og:image:height\" content=\"429\" \/>\n\t<meta property=\"og:image:type\" content=\"image\/png\" \/>\n<meta name=\"twitter:card\" content=\"summary_large_image\" \/>\n<meta name=\"twitter:site\" content=\"@HireImmOttawa\" \/>\n<meta name=\"twitter:label1\" content=\"Dur\u00e9e de lecture estim\u00e9e\" \/>\n\t<meta name=\"twitter:data1\" content=\"1 minute\" \/>\n<script type=\"application\/ld+json\" class=\"yoast-schema-graph\">{\"@context\":\"https:\\\/\\\/schema.org\",\"@graph\":[{\"@type\":\"WebPage\",\"@id\":\"https:\\\/\\\/www.hireimmigrantsottawa.ca\\\/fr\\\/ecc-membership-list\\\/\",\"url\":\"https:\\\/\\\/www.hireimmigrantsottawa.ca\\\/fr\\\/ecc-membership-list\\\/\",\"name\":\"Conseil des employeurs champions - Hire Immigrants Ottawa\",\"isPartOf\":{\"@id\":\"https:\\\/\\\/www.hireimmigrantsottawa.ca\\\/#website\"},\"datePublished\":\"2013-10-04T04:20:20+00:00\",\"dateModified\":\"2015-12-02T15:13:58+00:00\",\"breadcrumb\":{\"@id\":\"https:\\\/\\\/www.hireimmigrantsottawa.ca\\\/fr\\\/ecc-membership-list\\\/#breadcrumb\"},\"inLanguage\":\"fr-FR\",\"potentialAction\":[{\"@type\":\"ReadAction\",\"target\":[\"https:\\\/\\\/www.hireimmigrantsottawa.ca\\\/fr\\\/ecc-membership-list\\\/\"]}]},{\"@type\":\"BreadcrumbList\",\"@id\":\"https:\\\/\\\/www.hireimmigrantsottawa.ca\\\/fr\\\/ecc-membership-list\\\/#breadcrumb\",\"itemListElement\":[{\"@type\":\"ListItem\",\"position\":1,\"name\":\"Home\",\"item\":\"https:\\\/\\\/www.hireimmigrantsottawa.ca\\\/\"},{\"@type\":\"ListItem\",\"position\":2,\"name\":\"Conseil des employeurs champions\"}]},{\"@type\":\"WebSite\",\"@id\":\"https:\\\/\\\/www.hireimmigrantsottawa.ca\\\/#website\",\"url\":\"https:\\\/\\\/www.hireimmigrantsottawa.ca\\\/\",\"name\":\"Hire Immigrants Ottawa\",\"description\":\"increases the capacity of employers to attract and integrate skilled immigrants\",\"publisher\":{\"@id\":\"https:\\\/\\\/www.hireimmigrantsottawa.ca\\\/#organization\"},\"potentialAction\":[{\"@type\":\"SearchAction\",\"target\":{\"@type\":\"EntryPoint\",\"urlTemplate\":\"https:\\\/\\\/www.hireimmigrantsottawa.ca\\\/?s={search_term_string}\"},\"query-input\":{\"@type\":\"PropertyValueSpecification\",\"valueRequired\":true,\"valueName\":\"search_term_string\"}}],\"inLanguage\":\"fr-FR\"},{\"@type\":\"Organization\",\"@id\":\"https:\\\/\\\/www.hireimmigrantsottawa.ca\\\/#organization\",\"name\":\"Hire Immigrants Ottawa\",\"url\":\"https:\\\/\\\/www.hireimmigrantsottawa.ca\\\/\",\"logo\":{\"@type\":\"ImageObject\",\"inLanguage\":\"fr-FR\",\"@id\":\"https:\\\/\\\/www.hireimmigrantsottawa.ca\\\/#\\\/schema\\\/logo\\\/image\\\/\",\"url\":\"https:\\\/\\\/www.hireimmigrantsottawa.ca\\\/wp-content\\\/uploads\\\/2023\\\/10\\\/hio-logo_bow_EN_web.png\",\"contentUrl\":\"https:\\\/\\\/www.hireimmigrantsottawa.ca\\\/wp-content\\\/uploads\\\/2023\\\/10\\\/hio-logo_bow_EN_web.png\",\"width\":745,\"height\":160,\"caption\":\"Hire Immigrants Ottawa\"},\"image\":{\"@id\":\"https:\\\/\\\/www.hireimmigrantsottawa.ca\\\/#\\\/schema\\\/logo\\\/image\\\/\"},\"sameAs\":[\"https:\\\/\\\/x.com\\\/HireImmOttawa\",\"https:\\\/\\\/www.youtube.com\\\/user\\\/hireimmigrantsottawa\"]}]}<\/script>\n<!-- \/ Yoast SEO plugin. -->","yoast_head_json":{"title":"Conseil des employeurs champions - Hire Immigrants Ottawa","robots":{"index":"index","follow":"follow","max-snippet":"max-snippet:-1","max-image-preview":"max-image-preview:large","max-video-preview":"max-video-preview:-1"},"canonical":"https:\/\/www.hireimmigrantsottawa.ca\/fr\/ecc-membership-list\/","og_locale":"fr_FR","og_type":"article","og_title":"Conseil des employeurs champions - Hire Immigrants Ottawa","og_description":"Alliance de la Fonction publique du Canada Banque du Canada Banque Scotia Calian Centraide Ottawa CGI Citoyennet\u00e9 et Immigration Canada Conseil des technologies de l\u2019information et des communications (CTIC) Conseil [&hellip;]","og_url":"https:\/\/www.hireimmigrantsottawa.ca\/fr\/ecc-membership-list\/","og_site_name":"Hire Immigrants Ottawa","article_modified_time":"2015-12-02T15:13:58+00:00","og_image":[{"width":781,"height":429,"url":"https:\/\/www.hireimmigrantsottawa.ca\/wp-content\/uploads\/2017\/02\/hio-screenshot.png","type":"image\/png"}],"twitter_card":"summary_large_image","twitter_site":"@HireImmOttawa","twitter_misc":{"Dur\u00e9e de lecture estim\u00e9e":"1 minute"},"schema":{"@context":"https:\/\/schema.org","@graph":[{"@type":"WebPage","@id":"https:\/\/www.hireimmigrantsottawa.ca\/fr\/ecc-membership-list\/","url":"https:\/\/www.hireimmigrantsottawa.ca\/fr\/ecc-membership-list\/","name":"Conseil des employeurs champions - Hire Immigrants Ottawa","isPartOf":{"@id":"https:\/\/www.hireimmigrantsottawa.ca\/#website"},"datePublished":"2013-10-04T04:20:20+00:00","dateModified":"2015-12-02T15:13:58+00:00","breadcrumb":{"@id":"https:\/\/www.hireimmigrantsottawa.ca\/fr\/ecc-membership-list\/#breadcrumb"},"inLanguage":"fr-FR","potentialAction":[{"@type":"ReadAction","target":["https:\/\/www.hireimmigrantsottawa.ca\/fr\/ecc-membership-list\/"]}]},{"@type":"BreadcrumbList","@id":"https:\/\/www.hireimmigrantsottawa.ca\/fr\/ecc-membership-list\/#breadcrumb","itemListElement":[{"@type":"ListItem","position":1,"name":"Home","item":"https:\/\/www.hireimmigrantsottawa.ca\/"},{"@type":"ListItem","position":2,"name":"Conseil des employeurs champions"}]},{"@type":"WebSite","@id":"https:\/\/www.hireimmigrantsottawa.ca\/#website","url":"https:\/\/www.hireimmigrantsottawa.ca\/","name":"Hire Immigrants Ottawa","description":"increases the capacity of employers to attract and integrate skilled immigrants","publisher":{"@id":"https:\/\/www.hireimmigrantsottawa.ca\/#organization"},"potentialAction":[{"@type":"SearchAction","target":{"@type":"EntryPoint","urlTemplate":"https:\/\/www.hireimmigrantsottawa.ca\/?s={search_term_string}"},"query-input":{"@type":"PropertyValueSpecification","valueRequired":true,"valueName":"search_term_string"}}],"inLanguage":"fr-FR"},{"@type":"Organization","@id":"https:\/\/www.hireimmigrantsottawa.ca\/#organization","name":"Hire Immigrants Ottawa","url":"https:\/\/www.hireimmigrantsottawa.ca\/","logo":{"@type":"ImageObject","inLanguage":"fr-FR","@id":"https:\/\/www.hireimmigrantsottawa.ca\/#\/schema\/logo\/image\/","url":"https:\/\/www.hireimmigrantsottawa.ca\/wp-content\/uploads\/2023\/10\/hio-logo_bow_EN_web.png","contentUrl":"https:\/\/www.hireimmigrantsottawa.ca\/wp-content\/uploads\/2023\/10\/hio-logo_bow_EN_web.png","width":745,"height":160,"caption":"Hire Immigrants Ottawa"},"image":{"@id":"https:\/\/www.hireimmigrantsottawa.ca\/#\/schema\/logo\/image\/"},"sameAs":["https:\/\/x.com\/HireImmOttawa","https:\/\/www.youtube.com\/user\/hireimmigrantsottawa"]}]}},"_links":{"self":[{"href":"https:\/\/www.hireimmigrantsottawa.ca\/fr\/wp-json\/wp\/v2\/pages\/367","targetHints":{"allow":["GET"]}}],"collection":[{"href":"https:\/\/www.hireimmigrantsottawa.ca\/fr\/wp-json\/wp\/v2\/pages"}],"about":[{"href":"https:\/\/www.hireimmigrantsottawa.ca\/fr\/wp-json\/wp\/v2\/types\/page"}],"author":[{"embeddable":true,"href":"https:\/\/www.hireimmigrantsottawa.ca\/fr\/wp-json\/wp\/v2\/users\/12"}],"replies":[{"embeddable":true,"href":"https:\/\/www.hireimmigrantsottawa.ca\/fr\/wp-json\/wp\/v2\/comments?post=367"}],"version-history":[{"count":15,"href":"https:\/\/www.hireimmigrantsottawa.ca\/fr\/wp-json\/wp\/v2\/pages\/367\/revisions"}],"predecessor-version":[{"id":3298,"href":"https:\/\/www.hireimmigrantsottawa.ca\/fr\/wp-json\/wp\/v2\/pages\/367\/revisions\/3298"}],"wp:attachment":[{"href":"https:\/\/www.hireimmigrantsottawa.ca\/fr\/wp-json\/wp\/v2\/media?parent=367"}],"curies":[{"name":"wp","href":"https:\/\/api.w.org\/{rel}","templated":true}]}}