{"id":3514,"date":"2016-02-08T11:53:41","date_gmt":"2016-02-08T16:53:41","guid":{"rendered":"http:\/\/www.hireimmigrantsottawa.ca\/?page_id=3514"},"modified":"2024-12-10T15:53:36","modified_gmt":"2024-12-10T20:53:36","slug":"conseils","status":"publish","type":"page","link":"https:\/\/www.hireimmigrantsottawa.ca\/fr\/pour-les-employeurs\/conseils\/","title":{"rendered":"Conseils"},"content":{"rendered":"\t\t<div data-elementor-type=\"wp-page\" data-elementor-id=\"3514\" class=\"elementor elementor-3514 elementor-3512\">\n\t\t\t\t\t\t<section class=\"elementor-section elementor-top-section elementor-element elementor-element-88be92f elementor-section-boxed elementor-section-height-default elementor-section-height-default\" data-id=\"88be92f\" data-element_type=\"section\" data-e-type=\"section\">\n\t\t\t\t\t\t<div class=\"elementor-container elementor-column-gap-default\">\n\t\t\t\t\t<div class=\"elementor-column elementor-col-100 elementor-top-column elementor-element elementor-element-6421b13\" data-id=\"6421b13\" data-element_type=\"column\" data-e-type=\"column\">\n\t\t\t<div class=\"elementor-widget-wrap elementor-element-populated\">\n\t\t\t\t\t\t<div class=\"elementor-element elementor-element-69bf8b0 elementor-grid-eael-col-3 elementor-grid-tablet-eael-col-2 elementor-grid-mobile-eael-col-1 elementor-widget elementor-widget-eael-post-grid\" data-id=\"69bf8b0\" data-element_type=\"widget\" data-e-type=\"widget\" data-settings=\"{&quot;eael_post_grid_columns&quot;:&quot;eael-col-3&quot;,&quot;eael_post_grid_columns_tablet&quot;:&quot;eael-col-2&quot;,&quot;eael_post_grid_columns_mobile&quot;:&quot;eael-col-1&quot;}\" data-widget_type=\"eael-post-grid.default\">\n\t\t\t\t<div class=\"elementor-widget-container\">\n\t\t\t\t\t<div id=\"eael-post-grid-69bf8b0\" class=\"eael-post-grid-container\">\n            <div class=\"eael-post-grid eael-post-appender eael-post-appender-69bf8b0 eael-post-grid-style-three\" data-layout-mode=\"grid\"><article class=\"eael-grid-post  eael-post-grid-column eael-pg-post-6263\" data-id=\"6263\">\n        <div class=\"eael-grid-post-holder\">\n            <div class=\"eael-grid-post-holder-inner\"><div class=\"eael-entry-media\"><div class=\"eael-entry-overlay fade-in\"><i class=\"fas fa-long-arrow-alt-right\" aria-hidden=\"true\"><\/i><a href=\"https:\/\/www.hireimmigrantsottawa.ca\/fr\/tip\/tenir-compte-des-besoins-de-ses-employes-pendant-la-pandemie-de-la-covid-19\/\"><\/a><\/div><div class=\"eael-entry-thumbnail eael-image-ratio\">\n                 <img fetchpriority=\"high\" decoding=\"async\" width=\"800\" height=\"398\" src=\"https:\/\/www.hireimmigrantsottawa.ca\/wp-content\/uploads\/2020\/04\/pexels-photo-3759080.jpeg\" class=\"attachment-large size-large wp-image-6247\" alt=\"\" srcset=\"https:\/\/www.hireimmigrantsottawa.ca\/wp-content\/uploads\/2020\/04\/pexels-photo-3759080.jpeg 1024w, https:\/\/www.hireimmigrantsottawa.ca\/wp-content\/uploads\/2020\/04\/pexels-photo-3759080-300x149.jpeg 300w, https:\/\/www.hireimmigrantsottawa.ca\/wp-content\/uploads\/2020\/04\/pexels-photo-3759080-768x382.jpeg 768w\" sizes=\"(max-width: 800px) 100vw, 800px\" \/>\n             <\/div>\n        <\/div><div class=\"eael-entry-wrapper\"><header class=\"eael-entry-header\"><h2 class=\"eael-entry-title\"><a class=\"eael-grid-post-link\" href=\"https:\/\/www.hireimmigrantsottawa.ca\/fr\/tip\/tenir-compte-des-besoins-de-ses-employes-pendant-la-pandemie-de-la-covid-19\/\" title=\"Tenir compte des besoins de ses employ\u00e9s pendant la pand\u00e9mie de la COVID-19\">Tenir compte des besoins de ses employ\u00e9s pendant la pand\u00e9mie de la COVID-19<\/a><\/h2><\/header><div class=\"eael-entry-meta\"><span class=\"eael-posted-on\"><time datetime=\"avril 30, 2020\">avril 30, 2020<\/time><\/span><\/div><div class=\"eael-entry-content\">\n                        <div class=\"eael-grid-post-excerpt\"><p>Voici certains conseils li\u00e9s aux mesures d\u2019adaptation pour les employ\u00e9s; ceux-ci vous aideront \u00e0 bien g\u00e9rer votre \u00e9quipe en cette p\u00e9riode d\u2019adaptation. Lisez la suite.<\/p><a href=\"https:\/\/www.hireimmigrantsottawa.ca\/fr\/tip\/tenir-compte-des-besoins-de-ses-employes-pendant-la-pandemie-de-la-covid-19\/\" class=\"eael-post-elements-readmore-btn\">Continuer la lecture<\/a><\/div>\n                    <\/div><\/div><\/div>\n        <\/div>\n    <\/article><article class=\"eael-grid-post  eael-post-grid-column eael-pg-post-4097\" data-id=\"4097\">\n        <div class=\"eael-grid-post-holder\">\n            <div class=\"eael-grid-post-holder-inner\"><div class=\"eael-entry-media\"><div class=\"eael-entry-overlay fade-in\"><i class=\"fas fa-long-arrow-alt-right\" aria-hidden=\"true\"><\/i><a href=\"https:\/\/www.hireimmigrantsottawa.ca\/fr\/tip\/dix-pratiques-prometteuses-pour-recruter-et-embaucher-les-talents-etrangers-ottawa\/\"><\/a><\/div><div class=\"eael-entry-thumbnail eael-image-ratio\">\n                 <img decoding=\"async\" width=\"800\" height=\"640\" src=\"https:\/\/www.hireimmigrantsottawa.ca\/wp-content\/uploads\/2016\/11\/ThinkstockPhotos-495986356-1024x819.jpg\" class=\"attachment-large size-large wp-image-4085\" alt=\"\" srcset=\"https:\/\/www.hireimmigrantsottawa.ca\/wp-content\/uploads\/2016\/11\/ThinkstockPhotos-495986356.jpg 1024w, https:\/\/www.hireimmigrantsottawa.ca\/wp-content\/uploads\/2016\/11\/ThinkstockPhotos-495986356-300x240.jpg 300w, https:\/\/www.hireimmigrantsottawa.ca\/wp-content\/uploads\/2016\/11\/ThinkstockPhotos-495986356-768x614.jpg 768w\" sizes=\"(max-width: 800px) 100vw, 800px\" \/>\n             <\/div>\n        <\/div><div class=\"eael-entry-wrapper\"><header class=\"eael-entry-header\"><h2 class=\"eael-entry-title\"><a class=\"eael-grid-post-link\" href=\"https:\/\/www.hireimmigrantsottawa.ca\/fr\/tip\/dix-pratiques-prometteuses-pour-recruter-et-embaucher-les-talents-etrangers-ottawa\/\" title=\"Dix pratiques prometteuses pour recruter et embaucher les talents \u00e9trangers \u00e0 Ottawa\">Dix pratiques prometteuses pour recruter et embaucher les talents \u00e9trangers \u00e0 Ottawa<\/a><\/h2><\/header><div class=\"eael-entry-meta\"><span class=\"eael-posted-on\"><time datetime=\"novembre 27, 2016\">novembre 27, 2016<\/time><\/span><\/div><div class=\"eael-entry-content\">\n                        <div class=\"eael-grid-post-excerpt\"><p>Vous n\u2019arrivez pas \u00e0 trouver des talents qualifi\u00e9s? La concurrence pour stimuler l\u2019innovation et accro\u00eetre la productivit\u00e9 des talents les plus prometteurs continue d\u2019\u00eatre une...<\/p><a href=\"https:\/\/www.hireimmigrantsottawa.ca\/fr\/tip\/dix-pratiques-prometteuses-pour-recruter-et-embaucher-les-talents-etrangers-ottawa\/\" class=\"eael-post-elements-readmore-btn\">Continuer la lecture<\/a><\/div>\n                    <\/div><\/div><\/div>\n        <\/div>\n    <\/article><article class=\"eael-grid-post  eael-post-grid-column eael-pg-post-3962\" data-id=\"3962\">\n        <div class=\"eael-grid-post-holder\">\n            <div class=\"eael-grid-post-holder-inner\"><div class=\"eael-entry-media\"><div class=\"eael-entry-overlay fade-in\"><i class=\"fas fa-long-arrow-alt-right\" aria-hidden=\"true\"><\/i><a href=\"https:\/\/www.hireimmigrantsottawa.ca\/fr\/tip\/competences-linguistiques-conseils-pour-embaucher-des-immigrants-qualifies\/\"><\/a><\/div><div class=\"eael-entry-thumbnail eael-image-ratio\">\n                 <img decoding=\"async\" width=\"800\" height=\"518\" src=\"https:\/\/www.hireimmigrantsottawa.ca\/wp-content\/uploads\/2016\/06\/Language-proficiency-wordle.png\" class=\"attachment-large size-large wp-image-3965\" alt=\"\" srcset=\"https:\/\/www.hireimmigrantsottawa.ca\/wp-content\/uploads\/2016\/06\/Language-proficiency-wordle.png 812w, https:\/\/www.hireimmigrantsottawa.ca\/wp-content\/uploads\/2016\/06\/Language-proficiency-wordle-300x194.png 300w, https:\/\/www.hireimmigrantsottawa.ca\/wp-content\/uploads\/2016\/06\/Language-proficiency-wordle-768x497.png 768w\" sizes=\"(max-width: 800px) 100vw, 800px\" \/>\n             <\/div>\n        <\/div><div class=\"eael-entry-wrapper\"><header class=\"eael-entry-header\"><h2 class=\"eael-entry-title\"><a class=\"eael-grid-post-link\" href=\"https:\/\/www.hireimmigrantsottawa.ca\/fr\/tip\/competences-linguistiques-conseils-pour-embaucher-des-immigrants-qualifies\/\" title=\"Comp\u00e9tences linguistiques : Conseils pour embaucher des immigrants qualifi\u00e9s\">Comp\u00e9tences linguistiques : Conseils pour embaucher des immigrants qualifi\u00e9s<\/a><\/h2><\/header><div class=\"eael-entry-meta\"><span class=\"eael-posted-on\"><time datetime=\"juin 19, 2016\">juin 19, 2016<\/time><\/span><\/div><div class=\"eael-entry-content\">\n                        <div class=\"eael-grid-post-excerpt\"><p>Il n\u2019est pas rare que de bonnes comp\u00e9tences linguistiques soient exig\u00e9es pour un emploi. Or, il peut \u00eatre difficile pour un employeur de trouver des...<\/p><a href=\"https:\/\/www.hireimmigrantsottawa.ca\/fr\/tip\/competences-linguistiques-conseils-pour-embaucher-des-immigrants-qualifies\/\" class=\"eael-post-elements-readmore-btn\">Continuer la lecture<\/a><\/div>\n                    <\/div><\/div><\/div>\n        <\/div>\n    <\/article><article class=\"eael-grid-post  eael-post-grid-column eael-pg-post-3510\" data-id=\"3510\">\n        <div class=\"eael-grid-post-holder\">\n            <div class=\"eael-grid-post-holder-inner\"><div class=\"eael-entry-media\"><div class=\"eael-entry-overlay fade-in\"><i class=\"fas fa-long-arrow-alt-right\" aria-hidden=\"true\"><\/i><a href=\"https:\/\/www.hireimmigrantsottawa.ca\/fr\/tip\/recrutement-judicieux-trois-strategies-permettant-le-recrutement-dimmigrants-qualifies\/\"><\/a><\/div><div class=\"eael-entry-thumbnail eael-image-ratio\">\n                 <img loading=\"lazy\" decoding=\"async\" width=\"501\" height=\"342\" src=\"https:\/\/www.hireimmigrantsottawa.ca\/wp-content\/uploads\/2016\/02\/Talent-Web.jpg\" class=\"attachment-large size-large wp-image-3525\" alt=\"Head Hunter - Recruiter\" srcset=\"https:\/\/www.hireimmigrantsottawa.ca\/wp-content\/uploads\/2016\/02\/Talent-Web.jpg 501w, https:\/\/www.hireimmigrantsottawa.ca\/wp-content\/uploads\/2016\/02\/Talent-Web-300x205.jpg 300w\" sizes=\"(max-width: 501px) 100vw, 501px\" \/>\n             <\/div>\n        <\/div><div class=\"eael-entry-wrapper\"><header class=\"eael-entry-header\"><h2 class=\"eael-entry-title\"><a class=\"eael-grid-post-link\" href=\"https:\/\/www.hireimmigrantsottawa.ca\/fr\/tip\/recrutement-judicieux-trois-strategies-permettant-le-recrutement-dimmigrants-qualifies\/\" title=\"Recrutement judicieux\u00a0: trois strat\u00e9gies permettant le recrutement d\u2019immigrants qualifi\u00e9s\">Recrutement judicieux\u00a0: trois strat\u00e9gies permettant le recrutement d\u2019immigrants qualifi\u00e9s<\/a><\/h2><\/header><div class=\"eael-entry-meta\"><span class=\"eael-posted-on\"><time datetime=\"f\u00e9vrier 8, 2016\">f\u00e9vrier 8, 2016<\/time><\/span><\/div><div class=\"eael-entry-content\">\n                        <div class=\"eael-grid-post-excerpt\"><p>Vous souhaitez \u00eatre plus efficace lorsque vous exploitez le bassin d\u2019immigrants qualifi\u00e9s d\u2019Ottawa? Il peut \u00eatre long et co\u00fbteux de rep\u00e9rer et de recruter le...<\/p><a href=\"https:\/\/www.hireimmigrantsottawa.ca\/fr\/tip\/recrutement-judicieux-trois-strategies-permettant-le-recrutement-dimmigrants-qualifies\/\" class=\"eael-post-elements-readmore-btn\">Continuer la lecture<\/a><\/div>\n                    <\/div><\/div><\/div>\n        <\/div>\n    <\/article><article class=\"eael-grid-post  eael-post-grid-column eael-pg-post-3506\" data-id=\"3506\">\n        <div class=\"eael-grid-post-holder\">\n            <div class=\"eael-grid-post-holder-inner\"><div class=\"eael-entry-media\"><div class=\"eael-entry-overlay fade-in\"><i class=\"fas fa-long-arrow-alt-right\" aria-hidden=\"true\"><\/i><a href=\"https:\/\/www.hireimmigrantsottawa.ca\/fr\/tip\/trois-facons-de-promouvoir-la-diversite-et-linclusion-au-sein-de-votre-organisme\/\"><\/a><\/div><div class=\"eael-entry-thumbnail eael-image-ratio\">\n                 <img loading=\"lazy\" decoding=\"async\" width=\"493\" height=\"334\" src=\"https:\/\/www.hireimmigrantsottawa.ca\/wp-content\/uploads\/2015\/06\/Org-Wide-Ownership-Web.jpg\" class=\"attachment-large size-large wp-image-3539\" alt=\"workforce, team working, business people in motion, motivation for success.\" srcset=\"https:\/\/www.hireimmigrantsottawa.ca\/wp-content\/uploads\/2015\/06\/Org-Wide-Ownership-Web.jpg 493w, https:\/\/www.hireimmigrantsottawa.ca\/wp-content\/uploads\/2015\/06\/Org-Wide-Ownership-Web-300x203.jpg 300w\" sizes=\"(max-width: 493px) 100vw, 493px\" \/>\n             <\/div>\n        <\/div><div class=\"eael-entry-wrapper\"><header class=\"eael-entry-header\"><h2 class=\"eael-entry-title\"><a class=\"eael-grid-post-link\" href=\"https:\/\/www.hireimmigrantsottawa.ca\/fr\/tip\/trois-facons-de-promouvoir-la-diversite-et-linclusion-au-sein-de-votre-organisme\/\" title=\"Trois fa\u00e7ons de promouvoir la diversit\u00e9 et l\u2019inclusion au sein de votre organisme\">Trois fa\u00e7ons de promouvoir la diversit\u00e9 et l\u2019inclusion au sein de votre organisme<\/a><\/h2><\/header><div class=\"eael-entry-meta\"><span class=\"eael-posted-on\"><time datetime=\"f\u00e9vrier 8, 2016\">f\u00e9vrier 8, 2016<\/time><\/span><\/div><div class=\"eael-entry-content\">\n                        <div class=\"eael-grid-post-excerpt\"><p>Par des employeurs, pour les employeurs : Quelques trucs pour renforcer l\u2019engagement quant \u00e0 la diversit\u00e9 et l\u2019inclusion par l\u2019entremise de l\u2019organisme ou de l\u2019entreprise,...<\/p><a href=\"https:\/\/www.hireimmigrantsottawa.ca\/fr\/tip\/trois-facons-de-promouvoir-la-diversite-et-linclusion-au-sein-de-votre-organisme\/\" class=\"eael-post-elements-readmore-btn\">Continuer la lecture<\/a><\/div>\n                    <\/div><\/div><\/div>\n        <\/div>\n    <\/article><\/div>\n            <div class=\"clearfix\"><\/div>\n        <\/div>\t\t\t\t<\/div>\n\t\t\t\t<\/div>\n\t\t\t\t\t<\/div>\n\t\t<\/div>\n\t\t\t\t\t<\/div>\n\t\t<\/section>\n\t\t\t\t<\/div>\n\t\t","protected":false},"excerpt":{"rendered":"<p>Accommodating Employees in a Time of Crisis &#8211; COVID-19 April 8, 2020 Here are some tips related to accommodation that will help you manage your employee\u2019s needs during this period [&hellip;]<\/p>\n","protected":false},"author":12,"featured_media":9113,"parent":81,"menu_order":0,"comment_status":"closed","ping_status":"closed","template":"","meta":{"_exactmetrics_skip_tracking":false,"_exactmetrics_sitenote_active":false,"_exactmetrics_sitenote_note":"","_exactmetrics_sitenote_category":0,"footnotes":"","_links_to":"","_links_to_target":""},"class_list":["post-3514","page","type-page","status-publish","has-post-thumbnail","hentry"],"yoast_head":"<!-- This site is optimized with the Yoast SEO plugin v27.2 - https:\/\/yoast.com\/product\/yoast-seo-wordpress\/ -->\n<title>Conseils - Hire Immigrants Ottawa<\/title>\n<meta name=\"robots\" content=\"index, follow, max-snippet:-1, max-image-preview:large, max-video-preview:-1\" \/>\n<link rel=\"canonical\" href=\"https:\/\/www.hireimmigrantsottawa.ca\/for-employers\/tips\/\" \/>\n<meta property=\"og:locale\" content=\"fr_FR\" \/>\n<meta property=\"og:type\" content=\"article\" \/>\n<meta property=\"og:title\" content=\"Conseils - Hire Immigrants Ottawa\" \/>\n<meta property=\"og:description\" content=\"Accommodating Employees in a Time of Crisis &#8211; COVID-19 April 8, 2020 Here are some tips related to accommodation that will help you manage your employee\u2019s needs during this period [&hellip;]\" \/>\n<meta property=\"og:url\" content=\"https:\/\/www.hireimmigrantsottawa.ca\/for-employers\/tips\/\" \/>\n<meta property=\"og:site_name\" content=\"Hire Immigrants Ottawa\" \/>\n<meta property=\"article:modified_time\" content=\"2024-12-10T20:53:36+00:00\" \/>\n<meta property=\"og:image\" content=\"https:\/\/www.hireimmigrantsottawa.ca\/wp-content\/uploads\/2024\/11\/loop-placeholder_FR.jpg\" \/>\n\t<meta property=\"og:image:width\" content=\"1024\" \/>\n\t<meta property=\"og:image:height\" content=\"1024\" \/>\n\t<meta property=\"og:image:type\" content=\"image\/jpeg\" \/>\n<meta name=\"twitter:card\" content=\"summary_large_image\" \/>\n<meta name=\"twitter:site\" content=\"@HireImmOttawa\" \/>\n<meta name=\"twitter:label1\" content=\"Dur\u00e9e de lecture estim\u00e9e\" \/>\n\t<meta name=\"twitter:data1\" content=\"2 minutes\" \/>\n<script type=\"application\/ld+json\" class=\"yoast-schema-graph\">{\"@context\":\"https:\/\/schema.org\",\"@graph\":[{\"@type\":\"WebPage\",\"@id\":\"https:\/\/www.hireimmigrantsottawa.ca\/for-employers\/tips\/\",\"url\":\"https:\/\/www.hireimmigrantsottawa.ca\/for-employers\/tips\/\",\"name\":\"Conseils - Hire Immigrants Ottawa\",\"isPartOf\":{\"@id\":\"https:\/\/www.hireimmigrantsottawa.ca\/#website\"},\"primaryImageOfPage\":{\"@id\":\"https:\/\/www.hireimmigrantsottawa.ca\/for-employers\/tips\/#primaryimage\"},\"image\":{\"@id\":\"https:\/\/www.hireimmigrantsottawa.ca\/for-employers\/tips\/#primaryimage\"},\"thumbnailUrl\":\"https:\/\/www.hireimmigrantsottawa.ca\/wp-content\/uploads\/2024\/11\/loop-placeholder_FR.jpg\",\"datePublished\":\"2016-02-08T16:53:41+00:00\",\"dateModified\":\"2024-12-10T20:53:36+00:00\",\"breadcrumb\":{\"@id\":\"https:\/\/www.hireimmigrantsottawa.ca\/for-employers\/tips\/#breadcrumb\"},\"inLanguage\":\"fr-FR\",\"potentialAction\":[{\"@type\":\"ReadAction\",\"target\":[\"https:\/\/www.hireimmigrantsottawa.ca\/for-employers\/tips\/\"]}]},{\"@type\":\"ImageObject\",\"inLanguage\":\"fr-FR\",\"@id\":\"https:\/\/www.hireimmigrantsottawa.ca\/for-employers\/tips\/#primaryimage\",\"url\":\"https:\/\/www.hireimmigrantsottawa.ca\/wp-content\/uploads\/2024\/11\/loop-placeholder_FR.jpg\",\"contentUrl\":\"https:\/\/www.hireimmigrantsottawa.ca\/wp-content\/uploads\/2024\/11\/loop-placeholder_FR.jpg\",\"width\":1024,\"height\":1024},{\"@type\":\"BreadcrumbList\",\"@id\":\"https:\/\/www.hireimmigrantsottawa.ca\/for-employers\/tips\/#breadcrumb\",\"itemListElement\":[{\"@type\":\"ListItem\",\"position\":1,\"name\":\"Home\",\"item\":\"https:\/\/www.hireimmigrantsottawa.ca\/\"},{\"@type\":\"ListItem\",\"position\":2,\"name\":\"Pour les employeurs\",\"item\":\"https:\/\/www.hireimmigrantsottawa.ca\/fr\/pour-les-employeurs\/\"},{\"@type\":\"ListItem\",\"position\":3,\"name\":\"Conseils\"}]},{\"@type\":\"WebSite\",\"@id\":\"https:\/\/www.hireimmigrantsottawa.ca\/#website\",\"url\":\"https:\/\/www.hireimmigrantsottawa.ca\/\",\"name\":\"Hire Immigrants Ottawa\",\"description\":\"increases the capacity of employers to attract and integrate skilled immigrants\",\"publisher\":{\"@id\":\"https:\/\/www.hireimmigrantsottawa.ca\/#organization\"},\"potentialAction\":[{\"@type\":\"SearchAction\",\"target\":{\"@type\":\"EntryPoint\",\"urlTemplate\":\"https:\/\/www.hireimmigrantsottawa.ca\/?s={search_term_string}\"},\"query-input\":{\"@type\":\"PropertyValueSpecification\",\"valueRequired\":true,\"valueName\":\"search_term_string\"}}],\"inLanguage\":\"fr-FR\"},{\"@type\":\"Organization\",\"@id\":\"https:\/\/www.hireimmigrantsottawa.ca\/#organization\",\"name\":\"Hire Immigrants Ottawa\",\"url\":\"https:\/\/www.hireimmigrantsottawa.ca\/\",\"logo\":{\"@type\":\"ImageObject\",\"inLanguage\":\"fr-FR\",\"@id\":\"https:\/\/www.hireimmigrantsottawa.ca\/#\/schema\/logo\/image\/\",\"url\":\"https:\/\/www.hireimmigrantsottawa.ca\/wp-content\/uploads\/2023\/10\/hio-logo_bow_EN_web.png\",\"contentUrl\":\"https:\/\/www.hireimmigrantsottawa.ca\/wp-content\/uploads\/2023\/10\/hio-logo_bow_EN_web.png\",\"width\":745,\"height\":160,\"caption\":\"Hire Immigrants Ottawa\"},\"image\":{\"@id\":\"https:\/\/www.hireimmigrantsottawa.ca\/#\/schema\/logo\/image\/\"},\"sameAs\":[\"https:\/\/x.com\/HireImmOttawa\",\"https:\/\/www.youtube.com\/user\/hireimmigrantsottawa\"]}]}<\/script>\n<!-- \/ Yoast SEO plugin. -->","yoast_head_json":{"title":"Conseils - Hire Immigrants Ottawa","robots":{"index":"index","follow":"follow","max-snippet":"max-snippet:-1","max-image-preview":"max-image-preview:large","max-video-preview":"max-video-preview:-1"},"canonical":"https:\/\/www.hireimmigrantsottawa.ca\/for-employers\/tips\/","og_locale":"fr_FR","og_type":"article","og_title":"Conseils - Hire Immigrants Ottawa","og_description":"Accommodating Employees in a Time of Crisis &#8211; COVID-19 April 8, 2020 Here are some tips related to accommodation that will help you manage your employee\u2019s needs during this period [&hellip;]","og_url":"https:\/\/www.hireimmigrantsottawa.ca\/for-employers\/tips\/","og_site_name":"Hire Immigrants Ottawa","article_modified_time":"2024-12-10T20:53:36+00:00","og_image":[{"width":1024,"height":1024,"url":"https:\/\/www.hireimmigrantsottawa.ca\/wp-content\/uploads\/2024\/11\/loop-placeholder_FR.jpg","type":"image\/jpeg"}],"twitter_card":"summary_large_image","twitter_site":"@HireImmOttawa","twitter_misc":{"Dur\u00e9e de lecture estim\u00e9e":"2 minutes"},"schema":{"@context":"https:\/\/schema.org","@graph":[{"@type":"WebPage","@id":"https:\/\/www.hireimmigrantsottawa.ca\/for-employers\/tips\/","url":"https:\/\/www.hireimmigrantsottawa.ca\/for-employers\/tips\/","name":"Conseils - Hire Immigrants Ottawa","isPartOf":{"@id":"https:\/\/www.hireimmigrantsottawa.ca\/#website"},"primaryImageOfPage":{"@id":"https:\/\/www.hireimmigrantsottawa.ca\/for-employers\/tips\/#primaryimage"},"image":{"@id":"https:\/\/www.hireimmigrantsottawa.ca\/for-employers\/tips\/#primaryimage"},"thumbnailUrl":"https:\/\/www.hireimmigrantsottawa.ca\/wp-content\/uploads\/2024\/11\/loop-placeholder_FR.jpg","datePublished":"2016-02-08T16:53:41+00:00","dateModified":"2024-12-10T20:53:36+00:00","breadcrumb":{"@id":"https:\/\/www.hireimmigrantsottawa.ca\/for-employers\/tips\/#breadcrumb"},"inLanguage":"fr-FR","potentialAction":[{"@type":"ReadAction","target":["https:\/\/www.hireimmigrantsottawa.ca\/for-employers\/tips\/"]}]},{"@type":"ImageObject","inLanguage":"fr-FR","@id":"https:\/\/www.hireimmigrantsottawa.ca\/for-employers\/tips\/#primaryimage","url":"https:\/\/www.hireimmigrantsottawa.ca\/wp-content\/uploads\/2024\/11\/loop-placeholder_FR.jpg","contentUrl":"https:\/\/www.hireimmigrantsottawa.ca\/wp-content\/uploads\/2024\/11\/loop-placeholder_FR.jpg","width":1024,"height":1024},{"@type":"BreadcrumbList","@id":"https:\/\/www.hireimmigrantsottawa.ca\/for-employers\/tips\/#breadcrumb","itemListElement":[{"@type":"ListItem","position":1,"name":"Home","item":"https:\/\/www.hireimmigrantsottawa.ca\/"},{"@type":"ListItem","position":2,"name":"Pour les employeurs","item":"https:\/\/www.hireimmigrantsottawa.ca\/fr\/pour-les-employeurs\/"},{"@type":"ListItem","position":3,"name":"Conseils"}]},{"@type":"WebSite","@id":"https:\/\/www.hireimmigrantsottawa.ca\/#website","url":"https:\/\/www.hireimmigrantsottawa.ca\/","name":"Hire Immigrants Ottawa","description":"increases the capacity of employers to attract and integrate skilled immigrants","publisher":{"@id":"https:\/\/www.hireimmigrantsottawa.ca\/#organization"},"potentialAction":[{"@type":"SearchAction","target":{"@type":"EntryPoint","urlTemplate":"https:\/\/www.hireimmigrantsottawa.ca\/?s={search_term_string}"},"query-input":{"@type":"PropertyValueSpecification","valueRequired":true,"valueName":"search_term_string"}}],"inLanguage":"fr-FR"},{"@type":"Organization","@id":"https:\/\/www.hireimmigrantsottawa.ca\/#organization","name":"Hire Immigrants Ottawa","url":"https:\/\/www.hireimmigrantsottawa.ca\/","logo":{"@type":"ImageObject","inLanguage":"fr-FR","@id":"https:\/\/www.hireimmigrantsottawa.ca\/#\/schema\/logo\/image\/","url":"https:\/\/www.hireimmigrantsottawa.ca\/wp-content\/uploads\/2023\/10\/hio-logo_bow_EN_web.png","contentUrl":"https:\/\/www.hireimmigrantsottawa.ca\/wp-content\/uploads\/2023\/10\/hio-logo_bow_EN_web.png","width":745,"height":160,"caption":"Hire Immigrants Ottawa"},"image":{"@id":"https:\/\/www.hireimmigrantsottawa.ca\/#\/schema\/logo\/image\/"},"sameAs":["https:\/\/x.com\/HireImmOttawa","https:\/\/www.youtube.com\/user\/hireimmigrantsottawa"]}]}},"_links":{"self":[{"href":"https:\/\/www.hireimmigrantsottawa.ca\/fr\/wp-json\/wp\/v2\/pages\/3514","targetHints":{"allow":["GET"]}}],"collection":[{"href":"https:\/\/www.hireimmigrantsottawa.ca\/fr\/wp-json\/wp\/v2\/pages"}],"about":[{"href":"https:\/\/www.hireimmigrantsottawa.ca\/fr\/wp-json\/wp\/v2\/types\/page"}],"author":[{"embeddable":true,"href":"https:\/\/www.hireimmigrantsottawa.ca\/fr\/wp-json\/wp\/v2\/users\/12"}],"replies":[{"embeddable":true,"href":"https:\/\/www.hireimmigrantsottawa.ca\/fr\/wp-json\/wp\/v2\/comments?post=3514"}],"version-history":[{"count":5,"href":"https:\/\/www.hireimmigrantsottawa.ca\/fr\/wp-json\/wp\/v2\/pages\/3514\/revisions"}],"predecessor-version":[{"id":9474,"href":"https:\/\/www.hireimmigrantsottawa.ca\/fr\/wp-json\/wp\/v2\/pages\/3514\/revisions\/9474"}],"up":[{"embeddable":true,"href":"https:\/\/www.hireimmigrantsottawa.ca\/fr\/wp-json\/wp\/v2\/pages\/81"}],"wp:featuredmedia":[{"embeddable":true,"href":"https:\/\/www.hireimmigrantsottawa.ca\/fr\/wp-json\/wp\/v2\/media\/9113"}],"wp:attachment":[{"href":"https:\/\/www.hireimmigrantsottawa.ca\/fr\/wp-json\/wp\/v2\/media?parent=3514"}],"curies":[{"name":"wp","href":"https:\/\/api.w.org\/{rel}","templated":true}]}}