{"id":286,"date":"2013-10-04T01:08:44","date_gmt":"2013-10-04T01:08:44","guid":{"rendered":"http:\/\/www.hireimmigrantsottawa.ca\/?page_id=286"},"modified":"2014-04-09T15:10:42","modified_gmt":"2014-04-09T19:10:42","slug":"coaching-events","status":"publish","type":"page","link":"https:\/\/www.hireimmigrantsottawa.ca\/fr\/evenements\/coaching-events\/","title":{"rendered":"Activit\u00e9s d\u2019accompagnement professionnel s\u2019adressant aux employeurs"},"content":{"rendered":"<p>Les activit\u00e9s d\u2019accompagnement professionnel sont l\u2019occasion de rassembler des employeurs et des immigrants qualifi\u00e9s dans un cadre d\u00e9contract\u00e9 et d\u00e9nu\u00e9 de toute formalit\u00e9, en dehors du contexte d\u2019une entrevue d\u2019emploi r\u00e9elle. Au cours de ces activit\u00e9s, les employeurs donnent des conseils sur la r\u00e9daction de curriculum vitae et les strat\u00e9gies de recherche d\u2019emploi afin d\u2019aider les immigrants qualifi\u00e9s \u00e0 mieux se retrouver sur le march\u00e9 local. Pour sa part, l\u2019accompagnement professionnel aide les employeurs \u00e0 se doter d\u2019un r\u00e9seau de personnes de talents plus vari\u00e9 et \u00e0 mieux cerner les comp\u00e9tences et les qualifications des nouveaux arrivants au Canada. L\u2019accompagnement professionnel est aussi un moyen tr\u00e8s utile pour les employeurs de mettre en pratique et de perfectionner leurs propres comp\u00e9tences interculturelles.<\/p>\n<p><b>Les avantages de l\u2019accompagnement professionnel <\/b><strong>:<\/strong><\/p>\n<p><a href=\"http:\/\/www.hireimmigrantsottawa.ca\/wp-content\/uploads\/2013\/10\/Coaching-Event-21.jpg\"><img decoding=\"async\" class=\" wp-image-1762 alignright\" alt=\"Coaching Event - 2\" src=\"http:\/\/www.hireimmigrantsottawa.ca\/wp-content\/uploads\/2013\/10\/Coaching-Event-21-300x199.jpg\" width=\"243\" height=\"161\" srcset=\"https:\/\/www.hireimmigrantsottawa.ca\/wp-content\/uploads\/2013\/10\/Coaching-Event-21-300x199.jpg 300w, https:\/\/www.hireimmigrantsottawa.ca\/wp-content\/uploads\/2013\/10\/Coaching-Event-21.jpg 1024w\" sizes=\"(max-width: 243px) 100vw, 243px\" \/><\/a><\/p>\n<ul>\n<li>Gr\u00e2ce aux employeurs, les immigrants tirent de pr\u00e9cieux enseignements, conseils et indications sur les strat\u00e9gies de recherche d\u2019emploi dans leur domaine<\/li>\n<li>Les immigrants acqui\u00e8rent des comp\u00e9tences en mati\u00e8re de r\u00e9seautage et sont mieux pr\u00e9par\u00e9s \u00e0 la recherche d\u2019emploi<\/li>\n<li>Les employeurs et les immigrants \u00e9largissent leur sph\u00e8re de connaissances<\/li>\n<li>Les employeurs se familiarisent avec les comp\u00e9tences, les qualifications et l\u2019exp\u00e9rience des immigrants \u00e0 la recherche d\u2019un emploi<\/li>\n<\/ul>\n<p><b>Comment cela fonctionne-t-il?<\/b><\/p>\n<ul>\n<li>Chaque activit\u00e9 d\u2019accompagnement professionnel compte entre 10 et 15 employeurs participants (p. ex., des gestionnaires des RH ou des agents de recrutement) provenant du m\u00eame secteur ou d\u2019un secteur apparent\u00e9; cette activit\u00e9 est habituellement organis\u00e9e sur le lieu de travail d\u2019un employeur participant.<\/li>\n<li>Les immigrants qualifi\u00e9s aptes au travail (provenant du m\u00eame secteur) sont invit\u00e9s \u00e0 participer au Ottawa Job Match Network.<\/li>\n<li>Chaque activit\u00e9 d\u2019accompagnement professionnel dure environ deux heures.<\/li>\n<li>Bien que souple, le format ressemble \u00e0 des rencontres \u00e9clair\u00a0: les employeurs sont assis \u00e0 des tables et les immigrants qualifi\u00e9s passent d\u2019un employeur \u00e0 l\u2019autre toutes les 10 minutes.<\/li>\n<li>Les employeurs fournissent des conseils et des indications sur les strat\u00e9gies de recherche d\u2019emploi propres au secteur.<\/li>\n<\/ul>\n<p><b>Comment les employeurs peuvent contribuer :<\/b><\/p>\n<p>L\u2019accompagnement professionnel constitue une exp\u00e9rience enrichissante. Pour savoir comment participer \u00e0 une activit\u00e9 d\u2019accompagnement professionnel, veuillez communiquer avec<br \/>\nLorena Costa, gestionnaire, Mobilisation des employeurs : <a href=\"mailto:lcosta@hireimmigrantsottawa.ca\">lcosta@hireimmigrantsottawa.ca<\/a> ou au<br \/>\n613 228-6715.<\/p>\n","protected":false},"excerpt":{"rendered":"<p>Les activit\u00e9s d\u2019accompagnement professionnel sont l\u2019occasion de rassembler des employeurs et des immigrants qualifi\u00e9s dans un cadre d\u00e9contract\u00e9 et d\u00e9nu\u00e9 de toute formalit\u00e9, en dehors du contexte d\u2019une entrevue d\u2019emploi [&hellip;]<\/p>\n","protected":false},"author":12,"featured_media":1762,"parent":79,"menu_order":0,"comment_status":"closed","ping_status":"closed","template":"","meta":{"_exactmetrics_skip_tracking":false,"_exactmetrics_sitenote_active":false,"_exactmetrics_sitenote_note":"","_exactmetrics_sitenote_category":0,"footnotes":"","_links_to":"","_links_to_target":""},"class_list":["post-286","page","type-page","status-publish","has-post-thumbnail","hentry"],"yoast_head":"<!-- This site is optimized with the Yoast SEO plugin v27.2 - https:\/\/yoast.com\/product\/yoast-seo-wordpress\/ -->\n<title>Activit\u00e9s d\u2019accompagnement professionnel s\u2019adressant aux employeurs - Hire Immigrants Ottawa<\/title>\n<meta name=\"robots\" content=\"index, follow, max-snippet:-1, max-image-preview:large, max-video-preview:-1\" \/>\n<link rel=\"canonical\" href=\"https:\/\/www.hireimmigrantsottawa.ca\/fr\/evenements\/coaching-events\/\" \/>\n<meta property=\"og:locale\" content=\"fr_FR\" \/>\n<meta property=\"og:type\" content=\"article\" \/>\n<meta property=\"og:title\" content=\"Activit\u00e9s d\u2019accompagnement professionnel s\u2019adressant aux employeurs - Hire Immigrants Ottawa\" \/>\n<meta property=\"og:description\" content=\"Les activit\u00e9s d\u2019accompagnement professionnel sont l\u2019occasion de rassembler des employeurs et des immigrants qualifi\u00e9s dans un cadre d\u00e9contract\u00e9 et d\u00e9nu\u00e9 de toute formalit\u00e9, en dehors du contexte d\u2019une entrevue d\u2019emploi [&hellip;]\" \/>\n<meta property=\"og:url\" content=\"https:\/\/www.hireimmigrantsottawa.ca\/fr\/evenements\/coaching-events\/\" \/>\n<meta property=\"og:site_name\" content=\"Hire Immigrants Ottawa\" \/>\n<meta property=\"article:modified_time\" content=\"2014-04-09T19:10:42+00:00\" \/>\n<meta property=\"og:image\" content=\"https:\/\/www.hireimmigrantsottawa.ca\/wp-content\/uploads\/2013\/10\/Coaching-Event-21.jpg\" \/>\n\t<meta property=\"og:image:width\" content=\"1024\" \/>\n\t<meta property=\"og:image:height\" content=\"680\" \/>\n\t<meta property=\"og:image:type\" content=\"image\/jpeg\" \/>\n<meta name=\"twitter:card\" content=\"summary_large_image\" \/>\n<meta name=\"twitter:site\" content=\"@HireImmOttawa\" \/>\n<meta name=\"twitter:label1\" content=\"Dur\u00e9e de lecture estim\u00e9e\" \/>\n\t<meta name=\"twitter:data1\" content=\"2 minutes\" \/>\n<script type=\"application\/ld+json\" class=\"yoast-schema-graph\">{\"@context\":\"https:\/\/schema.org\",\"@graph\":[{\"@type\":\"WebPage\",\"@id\":\"https:\/\/www.hireimmigrantsottawa.ca\/fr\/evenements\/coaching-events\/\",\"url\":\"https:\/\/www.hireimmigrantsottawa.ca\/fr\/evenements\/coaching-events\/\",\"name\":\"Activit\u00e9s d\u2019accompagnement professionnel s\u2019adressant aux employeurs - Hire Immigrants Ottawa\",\"isPartOf\":{\"@id\":\"https:\/\/www.hireimmigrantsottawa.ca\/#website\"},\"primaryImageOfPage\":{\"@id\":\"https:\/\/www.hireimmigrantsottawa.ca\/fr\/evenements\/coaching-events\/#primaryimage\"},\"image\":{\"@id\":\"https:\/\/www.hireimmigrantsottawa.ca\/fr\/evenements\/coaching-events\/#primaryimage\"},\"thumbnailUrl\":\"https:\/\/www.hireimmigrantsottawa.ca\/wp-content\/uploads\/2013\/10\/Coaching-Event-21.jpg\",\"datePublished\":\"2013-10-04T01:08:44+00:00\",\"dateModified\":\"2014-04-09T19:10:42+00:00\",\"breadcrumb\":{\"@id\":\"https:\/\/www.hireimmigrantsottawa.ca\/fr\/evenements\/coaching-events\/#breadcrumb\"},\"inLanguage\":\"fr-FR\",\"potentialAction\":[{\"@type\":\"ReadAction\",\"target\":[\"https:\/\/www.hireimmigrantsottawa.ca\/fr\/evenements\/coaching-events\/\"]}]},{\"@type\":\"ImageObject\",\"inLanguage\":\"fr-FR\",\"@id\":\"https:\/\/www.hireimmigrantsottawa.ca\/fr\/evenements\/coaching-events\/#primaryimage\",\"url\":\"https:\/\/www.hireimmigrantsottawa.ca\/wp-content\/uploads\/2013\/10\/Coaching-Event-21.jpg\",\"contentUrl\":\"https:\/\/www.hireimmigrantsottawa.ca\/wp-content\/uploads\/2013\/10\/Coaching-Event-21.jpg\",\"width\":1024,\"height\":680},{\"@type\":\"BreadcrumbList\",\"@id\":\"https:\/\/www.hireimmigrantsottawa.ca\/fr\/evenements\/coaching-events\/#breadcrumb\",\"itemListElement\":[{\"@type\":\"ListItem\",\"position\":1,\"name\":\"Home\",\"item\":\"https:\/\/www.hireimmigrantsottawa.ca\/\"},{\"@type\":\"ListItem\",\"position\":2,\"name\":\"\u00c9v\u00e9nements\",\"item\":\"https:\/\/www.hireimmigrantsottawa.ca\/fr\/evenements\/\"},{\"@type\":\"ListItem\",\"position\":3,\"name\":\"Activit\u00e9s d\u2019accompagnement professionnel s\u2019adressant aux employeurs\"}]},{\"@type\":\"WebSite\",\"@id\":\"https:\/\/www.hireimmigrantsottawa.ca\/#website\",\"url\":\"https:\/\/www.hireimmigrantsottawa.ca\/\",\"name\":\"Hire Immigrants Ottawa\",\"description\":\"increases the capacity of employers to attract and integrate skilled immigrants\",\"publisher\":{\"@id\":\"https:\/\/www.hireimmigrantsottawa.ca\/#organization\"},\"potentialAction\":[{\"@type\":\"SearchAction\",\"target\":{\"@type\":\"EntryPoint\",\"urlTemplate\":\"https:\/\/www.hireimmigrantsottawa.ca\/?s={search_term_string}\"},\"query-input\":{\"@type\":\"PropertyValueSpecification\",\"valueRequired\":true,\"valueName\":\"search_term_string\"}}],\"inLanguage\":\"fr-FR\"},{\"@type\":\"Organization\",\"@id\":\"https:\/\/www.hireimmigrantsottawa.ca\/#organization\",\"name\":\"Hire Immigrants Ottawa\",\"url\":\"https:\/\/www.hireimmigrantsottawa.ca\/\",\"logo\":{\"@type\":\"ImageObject\",\"inLanguage\":\"fr-FR\",\"@id\":\"https:\/\/www.hireimmigrantsottawa.ca\/#\/schema\/logo\/image\/\",\"url\":\"https:\/\/www.hireimmigrantsottawa.ca\/wp-content\/uploads\/2023\/10\/hio-logo_bow_EN_web.png\",\"contentUrl\":\"https:\/\/www.hireimmigrantsottawa.ca\/wp-content\/uploads\/2023\/10\/hio-logo_bow_EN_web.png\",\"width\":745,\"height\":160,\"caption\":\"Hire Immigrants Ottawa\"},\"image\":{\"@id\":\"https:\/\/www.hireimmigrantsottawa.ca\/#\/schema\/logo\/image\/\"},\"sameAs\":[\"https:\/\/x.com\/HireImmOttawa\",\"https:\/\/www.youtube.com\/user\/hireimmigrantsottawa\"]}]}<\/script>\n<!-- \/ Yoast SEO plugin. -->","yoast_head_json":{"title":"Activit\u00e9s d\u2019accompagnement professionnel s\u2019adressant aux employeurs - Hire Immigrants Ottawa","robots":{"index":"index","follow":"follow","max-snippet":"max-snippet:-1","max-image-preview":"max-image-preview:large","max-video-preview":"max-video-preview:-1"},"canonical":"https:\/\/www.hireimmigrantsottawa.ca\/fr\/evenements\/coaching-events\/","og_locale":"fr_FR","og_type":"article","og_title":"Activit\u00e9s d\u2019accompagnement professionnel s\u2019adressant aux employeurs - Hire Immigrants Ottawa","og_description":"Les activit\u00e9s d\u2019accompagnement professionnel sont l\u2019occasion de rassembler des employeurs et des immigrants qualifi\u00e9s dans un cadre d\u00e9contract\u00e9 et d\u00e9nu\u00e9 de toute formalit\u00e9, en dehors du contexte d\u2019une entrevue d\u2019emploi [&hellip;]","og_url":"https:\/\/www.hireimmigrantsottawa.ca\/fr\/evenements\/coaching-events\/","og_site_name":"Hire Immigrants Ottawa","article_modified_time":"2014-04-09T19:10:42+00:00","og_image":[{"width":1024,"height":680,"url":"https:\/\/www.hireimmigrantsottawa.ca\/wp-content\/uploads\/2013\/10\/Coaching-Event-21.jpg","type":"image\/jpeg"}],"twitter_card":"summary_large_image","twitter_site":"@HireImmOttawa","twitter_misc":{"Dur\u00e9e de lecture estim\u00e9e":"2 minutes"},"schema":{"@context":"https:\/\/schema.org","@graph":[{"@type":"WebPage","@id":"https:\/\/www.hireimmigrantsottawa.ca\/fr\/evenements\/coaching-events\/","url":"https:\/\/www.hireimmigrantsottawa.ca\/fr\/evenements\/coaching-events\/","name":"Activit\u00e9s d\u2019accompagnement professionnel s\u2019adressant aux employeurs - Hire Immigrants Ottawa","isPartOf":{"@id":"https:\/\/www.hireimmigrantsottawa.ca\/#website"},"primaryImageOfPage":{"@id":"https:\/\/www.hireimmigrantsottawa.ca\/fr\/evenements\/coaching-events\/#primaryimage"},"image":{"@id":"https:\/\/www.hireimmigrantsottawa.ca\/fr\/evenements\/coaching-events\/#primaryimage"},"thumbnailUrl":"https:\/\/www.hireimmigrantsottawa.ca\/wp-content\/uploads\/2013\/10\/Coaching-Event-21.jpg","datePublished":"2013-10-04T01:08:44+00:00","dateModified":"2014-04-09T19:10:42+00:00","breadcrumb":{"@id":"https:\/\/www.hireimmigrantsottawa.ca\/fr\/evenements\/coaching-events\/#breadcrumb"},"inLanguage":"fr-FR","potentialAction":[{"@type":"ReadAction","target":["https:\/\/www.hireimmigrantsottawa.ca\/fr\/evenements\/coaching-events\/"]}]},{"@type":"ImageObject","inLanguage":"fr-FR","@id":"https:\/\/www.hireimmigrantsottawa.ca\/fr\/evenements\/coaching-events\/#primaryimage","url":"https:\/\/www.hireimmigrantsottawa.ca\/wp-content\/uploads\/2013\/10\/Coaching-Event-21.jpg","contentUrl":"https:\/\/www.hireimmigrantsottawa.ca\/wp-content\/uploads\/2013\/10\/Coaching-Event-21.jpg","width":1024,"height":680},{"@type":"BreadcrumbList","@id":"https:\/\/www.hireimmigrantsottawa.ca\/fr\/evenements\/coaching-events\/#breadcrumb","itemListElement":[{"@type":"ListItem","position":1,"name":"Home","item":"https:\/\/www.hireimmigrantsottawa.ca\/"},{"@type":"ListItem","position":2,"name":"\u00c9v\u00e9nements","item":"https:\/\/www.hireimmigrantsottawa.ca\/fr\/evenements\/"},{"@type":"ListItem","position":3,"name":"Activit\u00e9s d\u2019accompagnement professionnel s\u2019adressant aux employeurs"}]},{"@type":"WebSite","@id":"https:\/\/www.hireimmigrantsottawa.ca\/#website","url":"https:\/\/www.hireimmigrantsottawa.ca\/","name":"Hire Immigrants Ottawa","description":"increases the capacity of employers to attract and integrate skilled immigrants","publisher":{"@id":"https:\/\/www.hireimmigrantsottawa.ca\/#organization"},"potentialAction":[{"@type":"SearchAction","target":{"@type":"EntryPoint","urlTemplate":"https:\/\/www.hireimmigrantsottawa.ca\/?s={search_term_string}"},"query-input":{"@type":"PropertyValueSpecification","valueRequired":true,"valueName":"search_term_string"}}],"inLanguage":"fr-FR"},{"@type":"Organization","@id":"https:\/\/www.hireimmigrantsottawa.ca\/#organization","name":"Hire Immigrants Ottawa","url":"https:\/\/www.hireimmigrantsottawa.ca\/","logo":{"@type":"ImageObject","inLanguage":"fr-FR","@id":"https:\/\/www.hireimmigrantsottawa.ca\/#\/schema\/logo\/image\/","url":"https:\/\/www.hireimmigrantsottawa.ca\/wp-content\/uploads\/2023\/10\/hio-logo_bow_EN_web.png","contentUrl":"https:\/\/www.hireimmigrantsottawa.ca\/wp-content\/uploads\/2023\/10\/hio-logo_bow_EN_web.png","width":745,"height":160,"caption":"Hire Immigrants Ottawa"},"image":{"@id":"https:\/\/www.hireimmigrantsottawa.ca\/#\/schema\/logo\/image\/"},"sameAs":["https:\/\/x.com\/HireImmOttawa","https:\/\/www.youtube.com\/user\/hireimmigrantsottawa"]}]}},"_links":{"self":[{"href":"https:\/\/www.hireimmigrantsottawa.ca\/fr\/wp-json\/wp\/v2\/pages\/286","targetHints":{"allow":["GET"]}}],"collection":[{"href":"https:\/\/www.hireimmigrantsottawa.ca\/fr\/wp-json\/wp\/v2\/pages"}],"about":[{"href":"https:\/\/www.hireimmigrantsottawa.ca\/fr\/wp-json\/wp\/v2\/types\/page"}],"author":[{"embeddable":true,"href":"https:\/\/www.hireimmigrantsottawa.ca\/fr\/wp-json\/wp\/v2\/users\/12"}],"replies":[{"embeddable":true,"href":"https:\/\/www.hireimmigrantsottawa.ca\/fr\/wp-json\/wp\/v2\/comments?post=286"}],"version-history":[{"count":4,"href":"https:\/\/www.hireimmigrantsottawa.ca\/fr\/wp-json\/wp\/v2\/pages\/286\/revisions"}],"predecessor-version":[{"id":1763,"href":"https:\/\/www.hireimmigrantsottawa.ca\/fr\/wp-json\/wp\/v2\/pages\/286\/revisions\/1763"}],"up":[{"embeddable":true,"href":"https:\/\/www.hireimmigrantsottawa.ca\/fr\/wp-json\/wp\/v2\/pages\/79"}],"wp:featuredmedia":[{"embeddable":true,"href":"https:\/\/www.hireimmigrantsottawa.ca\/fr\/wp-json\/wp\/v2\/media\/1762"}],"wp:attachment":[{"href":"https:\/\/www.hireimmigrantsottawa.ca\/fr\/wp-json\/wp\/v2\/media?parent=286"}],"curies":[{"name":"wp","href":"https:\/\/api.w.org\/{rel}","templated":true}]}}