{"id":2780,"date":"2015-03-19T23:16:10","date_gmt":"2015-03-20T03:16:10","guid":{"rendered":"http:\/\/www.hireimmigrantsottawa.ca\/?page_id=2780"},"modified":"2015-05-04T12:05:17","modified_gmt":"2015-05-04T16:05:17","slug":"sommet-des-employeurs-2015-panel","status":"publish","type":"page","link":"https:\/\/www.hireimmigrantsottawa.ca\/fr\/evenements\/sommet-des-employeurs-2015-panel\/","title":{"rendered":"Sommet du Conseil des employeurs champions de 2015"},"content":{"rendered":"<h3>Qualifi\u00e9s pour les emplois : Les exigences en capital humain d\u2019Ottawa dans l\u2019\u00e9conomie du savoir<\/h3>\n<p>Les 3 et 4 mars 2015<\/p>\n<h4><strong>Discussion de groupe \u2013 Les comp\u00e9tences et le capital humain \u00e0 Ottawa : l\u2019offre et la demande<\/strong><\/h4>\n<figure id=\"attachment_2806\" aria-describedby=\"caption-attachment-2806\" style=\"width: 490px\" class=\"wp-caption alignleft\"><img fetchpriority=\"high\" decoding=\"async\" class=\"wp-image-2806\" title=\"Ram Raju, Kivuto, Magdalene Cooman-Maxwell, LASI WorldSkills et Saad Bashir, Ville d\u2019Ottawa\" src=\"http:\/\/www.hireimmigrantsottawa.ca\/wp-content\/uploads\/2015\/03\/Ram_Magdalene_Saad.jpg\" alt=\"Ram_Magdalene_Saad\" width=\"490\" height=\"272\" \/><figcaption id=\"caption-attachment-2806\" class=\"wp-caption-text\">Ram Raju, Kivuto, Magdalene Cooman-Maxwell, LASI WorldSkills et Saad Bashir, Ville d\u2019Ottawa<\/figcaption><\/figure>\n<h6><\/h6>\n<p>Des experts repr\u00e9sentant l\u2019offre et la demande ont discut\u00e9 de leur exp\u00e9rience pour ce qui est de r\u00e9pondre \u00e0 leurs propres besoins et \u00e0 ceux de la population active d\u2019Ottawa. <strong><a href=\"http:\/\/www.hireimmigrantsottawa.ca\/fr\/evenements\/sommet-des-employeurs-2015-groupe-dexperts-1\/\" target=\"_blank\">Lire le sommaire des pan\u00e9listes &gt;&gt;&gt;<\/a><\/strong><\/p>\n<h4><strong>Discussion de groupe \u2013 Activer la quantit\u00e9 de travailleurs immigrants qualifies<\/strong><\/h4>\n<figure id=\"attachment_2818\" aria-describedby=\"caption-attachment-2818\" style=\"width: 490px\" class=\"wp-caption alignleft\"><img decoding=\"async\" class=\"wp-image-2818\" title=\"Mark Chapeskie, BioTalent Canada, Amber Neville, BDC et Lisa Anna Palmer, Cattelan Palmer Consulting\" src=\"http:\/\/www.hireimmigrantsottawa.ca\/wp-content\/uploads\/2015\/03\/Mark_Amber_Lisa.jpg\" alt=\"Mark_Amber_Lisa\" width=\"490\" height=\"272\" \/><figcaption id=\"caption-attachment-2818\" class=\"wp-caption-text\">Mark Chapeskie, BioTalent Canada, Amber Neville, BDC et Lisa Anna Palmer, Cattelan Palmer Consulting<\/figcaption><\/figure>\n<h6><\/h6>\n<p>Comment aller au bout des talents immigrants de votre entreprise? Et de la ville? Parfois, on doit jeter un coup d\u2019\u0153il critique \u00e0 l\u2019ancienne m\u00e9thode, a dit Mark Chapeskie. <strong><a href=\"http:\/\/www.hireimmigrantsottawa.ca\/fr\/evenements\/sommet-des-employeurs-dexperts-2\/\" target=\"_blank\">Lire le sommaire des pan\u00e9listes &gt;&gt;&gt;<\/a><\/strong><\/p>\n<h4><strong>Discussion de groupe \u2013 Exigences en mati\u00e8re de capital humain \u00e0 Ottawa : D\u00e9fis, occasions et mesures<\/strong><\/h4>\n<figure id=\"attachment_2792\" aria-describedby=\"caption-attachment-2792\" style=\"width: 490px\" class=\"wp-caption alignleft\"><img decoding=\"async\" class=\"wp-image-2792\" title=\"Ian Faris, Ottawa Chamber of Commerce, Sandra Saric, CTIC et Seema Aurora, TAG-HR\" src=\"http:\/\/www.hireimmigrantsottawa.ca\/wp-content\/uploads\/2015\/03\/Ian_Sandra_Seema.jpg\" alt=\"Ian_Sandra_Seema\" width=\"490\" height=\"272\" srcset=\"https:\/\/www.hireimmigrantsottawa.ca\/wp-content\/uploads\/2015\/03\/Ian_Sandra_Seema.jpg 640w, https:\/\/www.hireimmigrantsottawa.ca\/wp-content\/uploads\/2015\/03\/Ian_Sandra_Seema-300x166.jpg 300w\" sizes=\"(max-width: 490px) 100vw, 490px\" \/><figcaption id=\"caption-attachment-2792\" class=\"wp-caption-text\">Ian Faris, Ottawa Chamber of Commerce, Sandra Saric, CTIC et Seema Aurora, TAG-HR<\/figcaption><\/figure>\n<h6><\/h6>\n<p>\u00c0 quoi ressemblera le march\u00e9 du travail \u00e0 Ottawa, et quel effet aura-t-il aupr\u00e8s des immigrants? Ce groupe d\u2019experts constate l\u2019acc\u00e9l\u00e9ration continue des changements et l\u2019\u00e9volution des d\u00e9fis. <a href=\"http:\/\/www.hireimmigrantsottawa.ca\/fr\/evenements\/sommer-des-employeurs-2015-groupe-dexperts-day2\/\" target=\"_blank\"><strong>Lire le sommaire des pan\u00e9listes &gt;&gt;&gt;<\/strong><\/a><\/p>\n<p><a href=\"http:\/\/www.hireimmigrantsottawa.ca\/fr\/evenements\/sommet-des-employeurs-de-2015\/\" target=\"_blank\"><span style=\"text-decoration: underline;\"><span style=\"color: #000000; text-decoration: underline;\"><strong>Retour<\/strong><\/span><\/span><\/a><\/p>\n","protected":false},"excerpt":{"rendered":"<p>Qualifi\u00e9s pour les emplois : Les exigences en capital humain d\u2019Ottawa dans l\u2019\u00e9conomie du savoir Les 3 et 4 mars 2015 Discussion de groupe \u2013 Les comp\u00e9tences et le capital [&hellip;]<\/p>\n","protected":false},"author":13,"featured_media":0,"parent":79,"menu_order":0,"comment_status":"closed","ping_status":"closed","template":"events-training.php","meta":{"_exactmetrics_skip_tracking":false,"_exactmetrics_sitenote_active":false,"_exactmetrics_sitenote_note":"","_exactmetrics_sitenote_category":0,"footnotes":"","_links_to":"","_links_to_target":""},"class_list":["post-2780","page","type-page","status-publish","hentry"],"yoast_head":"<!-- This site is optimized with the Yoast SEO plugin v27.2 - https:\/\/yoast.com\/product\/yoast-seo-wordpress\/ -->\n<title>Sommet du Conseil des employeurs champions de 2015 - Hire Immigrants Ottawa<\/title>\n<meta name=\"robots\" content=\"index, follow, max-snippet:-1, max-image-preview:large, max-video-preview:-1\" \/>\n<link rel=\"canonical\" href=\"https:\/\/www.hireimmigrantsottawa.ca\/fr\/evenements\/sommet-des-employeurs-2015-panel\/\" \/>\n<meta property=\"og:locale\" content=\"fr_FR\" \/>\n<meta property=\"og:type\" content=\"article\" \/>\n<meta property=\"og:title\" content=\"Sommet du Conseil des employeurs champions de 2015 - Hire Immigrants Ottawa\" \/>\n<meta property=\"og:description\" content=\"Qualifi\u00e9s pour les emplois : Les exigences en capital humain d\u2019Ottawa dans l\u2019\u00e9conomie du savoir Les 3 et 4 mars 2015 Discussion de groupe \u2013 Les comp\u00e9tences et le capital [&hellip;]\" \/>\n<meta property=\"og:url\" content=\"https:\/\/www.hireimmigrantsottawa.ca\/fr\/evenements\/sommet-des-employeurs-2015-panel\/\" \/>\n<meta property=\"og:site_name\" content=\"Hire Immigrants Ottawa\" \/>\n<meta property=\"article:modified_time\" content=\"2015-05-04T16:05:17+00:00\" \/>\n<meta property=\"og:image\" content=\"http:\/\/www.hireimmigrantsottawa.ca\/wp-content\/uploads\/2015\/03\/Ram_Magdalene_Saad.jpg\" \/>\n<meta name=\"twitter:card\" content=\"summary_large_image\" \/>\n<meta name=\"twitter:site\" content=\"@HireImmOttawa\" \/>\n<meta name=\"twitter:label1\" content=\"Dur\u00e9e de lecture estim\u00e9e\" \/>\n\t<meta name=\"twitter:data1\" content=\"1 minute\" \/>\n<script type=\"application\/ld+json\" class=\"yoast-schema-graph\">{\"@context\":\"https:\/\/schema.org\",\"@graph\":[{\"@type\":\"WebPage\",\"@id\":\"https:\/\/www.hireimmigrantsottawa.ca\/fr\/evenements\/sommet-des-employeurs-2015-panel\/\",\"url\":\"https:\/\/www.hireimmigrantsottawa.ca\/fr\/evenements\/sommet-des-employeurs-2015-panel\/\",\"name\":\"Sommet du Conseil des employeurs champions de 2015 - Hire Immigrants Ottawa\",\"isPartOf\":{\"@id\":\"https:\/\/www.hireimmigrantsottawa.ca\/#website\"},\"primaryImageOfPage\":{\"@id\":\"https:\/\/www.hireimmigrantsottawa.ca\/fr\/evenements\/sommet-des-employeurs-2015-panel\/#primaryimage\"},\"image\":{\"@id\":\"https:\/\/www.hireimmigrantsottawa.ca\/fr\/evenements\/sommet-des-employeurs-2015-panel\/#primaryimage\"},\"thumbnailUrl\":\"http:\/\/www.hireimmigrantsottawa.ca\/wp-content\/uploads\/2015\/03\/Ram_Magdalene_Saad.jpg\",\"datePublished\":\"2015-03-20T03:16:10+00:00\",\"dateModified\":\"2015-05-04T16:05:17+00:00\",\"breadcrumb\":{\"@id\":\"https:\/\/www.hireimmigrantsottawa.ca\/fr\/evenements\/sommet-des-employeurs-2015-panel\/#breadcrumb\"},\"inLanguage\":\"fr-FR\",\"potentialAction\":[{\"@type\":\"ReadAction\",\"target\":[\"https:\/\/www.hireimmigrantsottawa.ca\/fr\/evenements\/sommet-des-employeurs-2015-panel\/\"]}]},{\"@type\":\"ImageObject\",\"inLanguage\":\"fr-FR\",\"@id\":\"https:\/\/www.hireimmigrantsottawa.ca\/fr\/evenements\/sommet-des-employeurs-2015-panel\/#primaryimage\",\"url\":\"http:\/\/www.hireimmigrantsottawa.ca\/wp-content\/uploads\/2015\/03\/Ram_Magdalene_Saad.jpg\",\"contentUrl\":\"http:\/\/www.hireimmigrantsottawa.ca\/wp-content\/uploads\/2015\/03\/Ram_Magdalene_Saad.jpg\"},{\"@type\":\"BreadcrumbList\",\"@id\":\"https:\/\/www.hireimmigrantsottawa.ca\/fr\/evenements\/sommet-des-employeurs-2015-panel\/#breadcrumb\",\"itemListElement\":[{\"@type\":\"ListItem\",\"position\":1,\"name\":\"Home\",\"item\":\"https:\/\/www.hireimmigrantsottawa.ca\/\"},{\"@type\":\"ListItem\",\"position\":2,\"name\":\"\u00c9v\u00e9nements\",\"item\":\"https:\/\/www.hireimmigrantsottawa.ca\/fr\/evenements\/\"},{\"@type\":\"ListItem\",\"position\":3,\"name\":\"Sommet du Conseil des employeurs champions de 2015\"}]},{\"@type\":\"WebSite\",\"@id\":\"https:\/\/www.hireimmigrantsottawa.ca\/#website\",\"url\":\"https:\/\/www.hireimmigrantsottawa.ca\/\",\"name\":\"Hire Immigrants Ottawa\",\"description\":\"increases the capacity of employers to attract and integrate skilled immigrants\",\"publisher\":{\"@id\":\"https:\/\/www.hireimmigrantsottawa.ca\/#organization\"},\"potentialAction\":[{\"@type\":\"SearchAction\",\"target\":{\"@type\":\"EntryPoint\",\"urlTemplate\":\"https:\/\/www.hireimmigrantsottawa.ca\/?s={search_term_string}\"},\"query-input\":{\"@type\":\"PropertyValueSpecification\",\"valueRequired\":true,\"valueName\":\"search_term_string\"}}],\"inLanguage\":\"fr-FR\"},{\"@type\":\"Organization\",\"@id\":\"https:\/\/www.hireimmigrantsottawa.ca\/#organization\",\"name\":\"Hire Immigrants Ottawa\",\"url\":\"https:\/\/www.hireimmigrantsottawa.ca\/\",\"logo\":{\"@type\":\"ImageObject\",\"inLanguage\":\"fr-FR\",\"@id\":\"https:\/\/www.hireimmigrantsottawa.ca\/#\/schema\/logo\/image\/\",\"url\":\"https:\/\/www.hireimmigrantsottawa.ca\/wp-content\/uploads\/2023\/10\/hio-logo_bow_EN_web.png\",\"contentUrl\":\"https:\/\/www.hireimmigrantsottawa.ca\/wp-content\/uploads\/2023\/10\/hio-logo_bow_EN_web.png\",\"width\":745,\"height\":160,\"caption\":\"Hire Immigrants Ottawa\"},\"image\":{\"@id\":\"https:\/\/www.hireimmigrantsottawa.ca\/#\/schema\/logo\/image\/\"},\"sameAs\":[\"https:\/\/x.com\/HireImmOttawa\",\"https:\/\/www.youtube.com\/user\/hireimmigrantsottawa\"]}]}<\/script>\n<!-- \/ Yoast SEO plugin. -->","yoast_head_json":{"title":"Sommet du Conseil des employeurs champions de 2015 - Hire Immigrants Ottawa","robots":{"index":"index","follow":"follow","max-snippet":"max-snippet:-1","max-image-preview":"max-image-preview:large","max-video-preview":"max-video-preview:-1"},"canonical":"https:\/\/www.hireimmigrantsottawa.ca\/fr\/evenements\/sommet-des-employeurs-2015-panel\/","og_locale":"fr_FR","og_type":"article","og_title":"Sommet du Conseil des employeurs champions de 2015 - Hire Immigrants Ottawa","og_description":"Qualifi\u00e9s pour les emplois : Les exigences en capital humain d\u2019Ottawa dans l\u2019\u00e9conomie du savoir Les 3 et 4 mars 2015 Discussion de groupe \u2013 Les comp\u00e9tences et le capital [&hellip;]","og_url":"https:\/\/www.hireimmigrantsottawa.ca\/fr\/evenements\/sommet-des-employeurs-2015-panel\/","og_site_name":"Hire Immigrants Ottawa","article_modified_time":"2015-05-04T16:05:17+00:00","og_image":[{"url":"http:\/\/www.hireimmigrantsottawa.ca\/wp-content\/uploads\/2015\/03\/Ram_Magdalene_Saad.jpg","type":"","width":"","height":""}],"twitter_card":"summary_large_image","twitter_site":"@HireImmOttawa","twitter_misc":{"Dur\u00e9e de lecture estim\u00e9e":"1 minute"},"schema":{"@context":"https:\/\/schema.org","@graph":[{"@type":"WebPage","@id":"https:\/\/www.hireimmigrantsottawa.ca\/fr\/evenements\/sommet-des-employeurs-2015-panel\/","url":"https:\/\/www.hireimmigrantsottawa.ca\/fr\/evenements\/sommet-des-employeurs-2015-panel\/","name":"Sommet du Conseil des employeurs champions de 2015 - Hire Immigrants Ottawa","isPartOf":{"@id":"https:\/\/www.hireimmigrantsottawa.ca\/#website"},"primaryImageOfPage":{"@id":"https:\/\/www.hireimmigrantsottawa.ca\/fr\/evenements\/sommet-des-employeurs-2015-panel\/#primaryimage"},"image":{"@id":"https:\/\/www.hireimmigrantsottawa.ca\/fr\/evenements\/sommet-des-employeurs-2015-panel\/#primaryimage"},"thumbnailUrl":"http:\/\/www.hireimmigrantsottawa.ca\/wp-content\/uploads\/2015\/03\/Ram_Magdalene_Saad.jpg","datePublished":"2015-03-20T03:16:10+00:00","dateModified":"2015-05-04T16:05:17+00:00","breadcrumb":{"@id":"https:\/\/www.hireimmigrantsottawa.ca\/fr\/evenements\/sommet-des-employeurs-2015-panel\/#breadcrumb"},"inLanguage":"fr-FR","potentialAction":[{"@type":"ReadAction","target":["https:\/\/www.hireimmigrantsottawa.ca\/fr\/evenements\/sommet-des-employeurs-2015-panel\/"]}]},{"@type":"ImageObject","inLanguage":"fr-FR","@id":"https:\/\/www.hireimmigrantsottawa.ca\/fr\/evenements\/sommet-des-employeurs-2015-panel\/#primaryimage","url":"http:\/\/www.hireimmigrantsottawa.ca\/wp-content\/uploads\/2015\/03\/Ram_Magdalene_Saad.jpg","contentUrl":"http:\/\/www.hireimmigrantsottawa.ca\/wp-content\/uploads\/2015\/03\/Ram_Magdalene_Saad.jpg"},{"@type":"BreadcrumbList","@id":"https:\/\/www.hireimmigrantsottawa.ca\/fr\/evenements\/sommet-des-employeurs-2015-panel\/#breadcrumb","itemListElement":[{"@type":"ListItem","position":1,"name":"Home","item":"https:\/\/www.hireimmigrantsottawa.ca\/"},{"@type":"ListItem","position":2,"name":"\u00c9v\u00e9nements","item":"https:\/\/www.hireimmigrantsottawa.ca\/fr\/evenements\/"},{"@type":"ListItem","position":3,"name":"Sommet du Conseil des employeurs champions de 2015"}]},{"@type":"WebSite","@id":"https:\/\/www.hireimmigrantsottawa.ca\/#website","url":"https:\/\/www.hireimmigrantsottawa.ca\/","name":"Hire Immigrants Ottawa","description":"increases the capacity of employers to attract and integrate skilled immigrants","publisher":{"@id":"https:\/\/www.hireimmigrantsottawa.ca\/#organization"},"potentialAction":[{"@type":"SearchAction","target":{"@type":"EntryPoint","urlTemplate":"https:\/\/www.hireimmigrantsottawa.ca\/?s={search_term_string}"},"query-input":{"@type":"PropertyValueSpecification","valueRequired":true,"valueName":"search_term_string"}}],"inLanguage":"fr-FR"},{"@type":"Organization","@id":"https:\/\/www.hireimmigrantsottawa.ca\/#organization","name":"Hire Immigrants Ottawa","url":"https:\/\/www.hireimmigrantsottawa.ca\/","logo":{"@type":"ImageObject","inLanguage":"fr-FR","@id":"https:\/\/www.hireimmigrantsottawa.ca\/#\/schema\/logo\/image\/","url":"https:\/\/www.hireimmigrantsottawa.ca\/wp-content\/uploads\/2023\/10\/hio-logo_bow_EN_web.png","contentUrl":"https:\/\/www.hireimmigrantsottawa.ca\/wp-content\/uploads\/2023\/10\/hio-logo_bow_EN_web.png","width":745,"height":160,"caption":"Hire Immigrants Ottawa"},"image":{"@id":"https:\/\/www.hireimmigrantsottawa.ca\/#\/schema\/logo\/image\/"},"sameAs":["https:\/\/x.com\/HireImmOttawa","https:\/\/www.youtube.com\/user\/hireimmigrantsottawa"]}]}},"_links":{"self":[{"href":"https:\/\/www.hireimmigrantsottawa.ca\/fr\/wp-json\/wp\/v2\/pages\/2780","targetHints":{"allow":["GET"]}}],"collection":[{"href":"https:\/\/www.hireimmigrantsottawa.ca\/fr\/wp-json\/wp\/v2\/pages"}],"about":[{"href":"https:\/\/www.hireimmigrantsottawa.ca\/fr\/wp-json\/wp\/v2\/types\/page"}],"author":[{"embeddable":true,"href":"https:\/\/www.hireimmigrantsottawa.ca\/fr\/wp-json\/wp\/v2\/users\/13"}],"replies":[{"embeddable":true,"href":"https:\/\/www.hireimmigrantsottawa.ca\/fr\/wp-json\/wp\/v2\/comments?post=2780"}],"version-history":[{"count":12,"href":"https:\/\/www.hireimmigrantsottawa.ca\/fr\/wp-json\/wp\/v2\/pages\/2780\/revisions"}],"predecessor-version":[{"id":2875,"href":"https:\/\/www.hireimmigrantsottawa.ca\/fr\/wp-json\/wp\/v2\/pages\/2780\/revisions\/2875"}],"up":[{"embeddable":true,"href":"https:\/\/www.hireimmigrantsottawa.ca\/fr\/wp-json\/wp\/v2\/pages\/79"}],"wp:attachment":[{"href":"https:\/\/www.hireimmigrantsottawa.ca\/fr\/wp-json\/wp\/v2\/media?parent=2780"}],"curies":[{"name":"wp","href":"https:\/\/api.w.org\/{rel}","templated":true}]}}