{"id":2765,"date":"2015-03-19T22:29:58","date_gmt":"2015-03-20T02:29:58","guid":{"rendered":"http:\/\/www.hireimmigrantsottawa.ca\/?page_id=2765"},"modified":"2015-04-05T23:01:05","modified_gmt":"2015-04-06T03:01:05","slug":"sommet-des-employeurs-2015-videos","status":"publish","type":"page","link":"https:\/\/www.hireimmigrantsottawa.ca\/fr\/evenements\/sommet-des-employeurs-2015-videos\/","title":{"rendered":"Sommet du Conseil des employeurs champions de 2015"},"content":{"rendered":"<h3>Qualifi\u00e9s pour les emplois : Les exigences en capital humain d\u2019Ottawa dans l\u2019\u00e9conomie du savoir<\/h3>\n<p>Les 3 et 4 mars 2015<br \/>\n<img fetchpriority=\"high\" decoding=\"async\" class=\"alignleft wp-image-2848\" src=\"http:\/\/www.hireimmigrantsottawa.ca\/wp-content\/uploads\/2015\/03\/Drummond_Address-1024x552.jpg\" alt=\"Drummond_Address\" width=\"473\" height=\"255\" srcset=\"https:\/\/www.hireimmigrantsottawa.ca\/wp-content\/uploads\/2015\/03\/Drummond_Address.jpg 1024w, https:\/\/www.hireimmigrantsottawa.ca\/wp-content\/uploads\/2015\/03\/Drummond_Address-300x162.jpg 300w, https:\/\/www.hireimmigrantsottawa.ca\/wp-content\/uploads\/2015\/03\/Drummond_Address-900x485.jpg 900w\" sizes=\"(max-width: 473px) 100vw, 473px\" \/><\/p>\n<h3><a href=\"http:\/\/www.hireimmigrantsottawa.ca\/fr\/evenements\/sommet-des-employeurs-de-2015\/\" target=\"_blank\">L\u2019\u00e9tude de cas en mati\u00e8re de direction des employeurs : faire la diff\u00e9rence d\u00e8s le d\u00e9but, c\u2019est logique sur le plan des affaires<\/a><\/h3>\n<p>P\u00e9nurie de travailleurs ou inad\u00e9quation de comp\u00e9tences? Les \u00e9conomistes ne s\u2019entendent peut \u00eatre pas sur la raison pour laquelle les entreprises ont du mal \u00e0 b\u00e2tir la main-d\u2019\u0153uvre dont ils ont besoin pour s\u2019\u00e9panouir, mais ils s\u2019entendent toutefois sur une solution : aider les employeurs ottaviens \u00e0 tirer profit du riche bassin d\u2019immigrants dans notre arri\u00e8re-cour. <strong><a href=\"http:\/\/www.hireimmigrantsottawa.ca\/fr\/evenements\/sommet-des-employeurs-de-2015\/\" target=\"_blank\">Plus &gt;&gt;&gt;<\/a><\/strong><\/p>\n<h2>Regarder les vid\u00e9os des du Sommet\u00a0<span style=\"color: #000000;\">(Vid\u00e9os en anglais)<\/span><\/h2>\n<p><iframe width=\"475\" height=\"287\" src=\"https:\/\/www.youtube.com\/embed\/strsSqEJO3o\" frameborder=\"0\" allowfullscreen><\/iframe> <strong>Discours liminaire<\/strong> &#8211; Le mars 3 2015<br \/>\nRick Miner, Ph. D.<br \/>\nAuteur du livre The Great Canadian Skills Mismatch: People Without Jobs, Jobs Without People<\/p>\n<p><iframe width=\"475\" height=\"287\" src=\"https:\/\/www.youtube.com\/embed\/wsutjKsmDfI\" frameborder=\"0\" allowfullscreen><\/iframe> <strong>Discours liminaire<\/strong> &#8211;\u00a0Le mars 4 2015<br \/>\nDon Drummond<br \/>\nAncien vice-pr\u00e9sident et \u00e9conomiste en chef du Groupe financier de la Banque TD<\/p>\n<p><iframe width=\"475\" height=\"287\" src=\"https:\/\/www.youtube.com\/embed\/xvKFus3C37I\" frameborder=\"0\" allowfullscreen><\/iframe> <strong>Allocution du conf\u00e9rencier invit\u00e9<\/strong>\u00a0&#8211;\u00a0Le mars 4 2015<br \/>\nL\u2019honorable Michael Chan<br \/>\nMinistre des Affaires civiques, de l\u2019Immigration et du Commerce international<\/p>\n<p><iframe width=\"475\" height=\"287\" src=\"https:\/\/www.youtube.com\/embed\/lehM0XlpYlo\" frameborder=\"0\" allowfullscreen><\/iframe> <strong>Salutations de la Ville d\u2019Ottawa<\/strong>\u00a0&#8211;\u00a0Le mars 4 2015<br \/>\nMark Taylor, Adjoint au maire<\/p>\n<p><iframe width=\"475\" height=\"287\" src=\"https:\/\/www.youtube.com\/embed\/A5CgQ_04a1U\" frameborder=\"0\" allowfullscreen><\/iframe> <strong>Discours\u00a0<\/strong>&#8211;\u00a0Le mars 4 2015<br \/>\nCopr\u00e9sidents du Conseil des employeurs champions<\/p>\n","protected":false},"excerpt":{"rendered":"<p>Qualifi\u00e9s pour les emplois : Les exigences en capital humain d\u2019Ottawa dans l\u2019\u00e9conomie du savoir Les 3 et 4 mars 2015 L\u2019\u00e9tude de cas en mati\u00e8re de direction des employeurs [&hellip;]<\/p>\n","protected":false},"author":13,"featured_media":3537,"parent":79,"menu_order":0,"comment_status":"closed","ping_status":"closed","template":"events-training.php","meta":{"_exactmetrics_skip_tracking":false,"_exactmetrics_sitenote_active":false,"_exactmetrics_sitenote_note":"","_exactmetrics_sitenote_category":0,"footnotes":"","_links_to":"","_links_to_target":""},"class_list":["post-2765","page","type-page","status-publish","has-post-thumbnail","hentry"],"yoast_head":"<!-- This site is optimized with the Yoast SEO plugin v27.2 - https:\/\/yoast.com\/product\/yoast-seo-wordpress\/ -->\n<title>Sommet du Conseil des employeurs champions de 2015 - Hire Immigrants Ottawa<\/title>\n<meta name=\"robots\" content=\"index, follow, max-snippet:-1, max-image-preview:large, max-video-preview:-1\" \/>\n<link rel=\"canonical\" href=\"https:\/\/www.hireimmigrantsottawa.ca\/fr\/evenements\/sommet-des-employeurs-2015-videos\/\" \/>\n<meta property=\"og:locale\" content=\"fr_FR\" \/>\n<meta property=\"og:type\" content=\"article\" \/>\n<meta property=\"og:title\" content=\"Sommet du Conseil des employeurs champions de 2015 - Hire Immigrants Ottawa\" \/>\n<meta property=\"og:description\" content=\"Qualifi\u00e9s pour les emplois : Les exigences en capital humain d\u2019Ottawa dans l\u2019\u00e9conomie du savoir Les 3 et 4 mars 2015 L\u2019\u00e9tude de cas en mati\u00e8re de direction des employeurs [&hellip;]\" \/>\n<meta property=\"og:url\" content=\"https:\/\/www.hireimmigrantsottawa.ca\/fr\/evenements\/sommet-des-employeurs-2015-videos\/\" \/>\n<meta property=\"og:site_name\" content=\"Hire Immigrants Ottawa\" \/>\n<meta property=\"article:modified_time\" content=\"2015-04-06T03:01:05+00:00\" \/>\n<meta property=\"og:image\" content=\"https:\/\/www.hireimmigrantsottawa.ca\/wp-content\/uploads\/2015\/03\/Drummond_summit_2015.jpg\" \/>\n\t<meta property=\"og:image:width\" content=\"640\" \/>\n\t<meta property=\"og:image:height\" content=\"427\" \/>\n\t<meta property=\"og:image:type\" content=\"image\/jpeg\" \/>\n<meta name=\"twitter:card\" content=\"summary_large_image\" \/>\n<meta name=\"twitter:site\" content=\"@HireImmOttawa\" \/>\n<meta name=\"twitter:label1\" content=\"Dur\u00e9e de lecture estim\u00e9e\" \/>\n\t<meta name=\"twitter:data1\" content=\"1 minute\" \/>\n<script type=\"application\/ld+json\" class=\"yoast-schema-graph\">{\"@context\":\"https:\/\/schema.org\",\"@graph\":[{\"@type\":\"WebPage\",\"@id\":\"https:\/\/www.hireimmigrantsottawa.ca\/fr\/evenements\/sommet-des-employeurs-2015-videos\/\",\"url\":\"https:\/\/www.hireimmigrantsottawa.ca\/fr\/evenements\/sommet-des-employeurs-2015-videos\/\",\"name\":\"Sommet du Conseil des employeurs champions de 2015 - Hire Immigrants Ottawa\",\"isPartOf\":{\"@id\":\"https:\/\/www.hireimmigrantsottawa.ca\/#website\"},\"primaryImageOfPage\":{\"@id\":\"https:\/\/www.hireimmigrantsottawa.ca\/fr\/evenements\/sommet-des-employeurs-2015-videos\/#primaryimage\"},\"image\":{\"@id\":\"https:\/\/www.hireimmigrantsottawa.ca\/fr\/evenements\/sommet-des-employeurs-2015-videos\/#primaryimage\"},\"thumbnailUrl\":\"https:\/\/www.hireimmigrantsottawa.ca\/wp-content\/uploads\/2015\/03\/Drummond_summit_2015.jpg\",\"datePublished\":\"2015-03-20T02:29:58+00:00\",\"dateModified\":\"2015-04-06T03:01:05+00:00\",\"breadcrumb\":{\"@id\":\"https:\/\/www.hireimmigrantsottawa.ca\/fr\/evenements\/sommet-des-employeurs-2015-videos\/#breadcrumb\"},\"inLanguage\":\"fr-FR\",\"potentialAction\":[{\"@type\":\"ReadAction\",\"target\":[\"https:\/\/www.hireimmigrantsottawa.ca\/fr\/evenements\/sommet-des-employeurs-2015-videos\/\"]}]},{\"@type\":\"ImageObject\",\"inLanguage\":\"fr-FR\",\"@id\":\"https:\/\/www.hireimmigrantsottawa.ca\/fr\/evenements\/sommet-des-employeurs-2015-videos\/#primaryimage\",\"url\":\"https:\/\/www.hireimmigrantsottawa.ca\/wp-content\/uploads\/2015\/03\/Drummond_summit_2015.jpg\",\"contentUrl\":\"https:\/\/www.hireimmigrantsottawa.ca\/wp-content\/uploads\/2015\/03\/Drummond_summit_2015.jpg\",\"width\":640,\"height\":427},{\"@type\":\"BreadcrumbList\",\"@id\":\"https:\/\/www.hireimmigrantsottawa.ca\/fr\/evenements\/sommet-des-employeurs-2015-videos\/#breadcrumb\",\"itemListElement\":[{\"@type\":\"ListItem\",\"position\":1,\"name\":\"Home\",\"item\":\"https:\/\/www.hireimmigrantsottawa.ca\/\"},{\"@type\":\"ListItem\",\"position\":2,\"name\":\"\u00c9v\u00e9nements\",\"item\":\"https:\/\/www.hireimmigrantsottawa.ca\/fr\/evenements\/\"},{\"@type\":\"ListItem\",\"position\":3,\"name\":\"Sommet du Conseil des employeurs champions de 2015\"}]},{\"@type\":\"WebSite\",\"@id\":\"https:\/\/www.hireimmigrantsottawa.ca\/#website\",\"url\":\"https:\/\/www.hireimmigrantsottawa.ca\/\",\"name\":\"Hire Immigrants Ottawa\",\"description\":\"increases the capacity of employers to attract and integrate skilled immigrants\",\"publisher\":{\"@id\":\"https:\/\/www.hireimmigrantsottawa.ca\/#organization\"},\"potentialAction\":[{\"@type\":\"SearchAction\",\"target\":{\"@type\":\"EntryPoint\",\"urlTemplate\":\"https:\/\/www.hireimmigrantsottawa.ca\/?s={search_term_string}\"},\"query-input\":{\"@type\":\"PropertyValueSpecification\",\"valueRequired\":true,\"valueName\":\"search_term_string\"}}],\"inLanguage\":\"fr-FR\"},{\"@type\":\"Organization\",\"@id\":\"https:\/\/www.hireimmigrantsottawa.ca\/#organization\",\"name\":\"Hire Immigrants Ottawa\",\"url\":\"https:\/\/www.hireimmigrantsottawa.ca\/\",\"logo\":{\"@type\":\"ImageObject\",\"inLanguage\":\"fr-FR\",\"@id\":\"https:\/\/www.hireimmigrantsottawa.ca\/#\/schema\/logo\/image\/\",\"url\":\"https:\/\/www.hireimmigrantsottawa.ca\/wp-content\/uploads\/2023\/10\/hio-logo_bow_EN_web.png\",\"contentUrl\":\"https:\/\/www.hireimmigrantsottawa.ca\/wp-content\/uploads\/2023\/10\/hio-logo_bow_EN_web.png\",\"width\":745,\"height\":160,\"caption\":\"Hire Immigrants Ottawa\"},\"image\":{\"@id\":\"https:\/\/www.hireimmigrantsottawa.ca\/#\/schema\/logo\/image\/\"},\"sameAs\":[\"https:\/\/x.com\/HireImmOttawa\",\"https:\/\/www.youtube.com\/user\/hireimmigrantsottawa\"]}]}<\/script>\n<!-- \/ Yoast SEO plugin. -->","yoast_head_json":{"title":"Sommet du Conseil des employeurs champions de 2015 - Hire Immigrants Ottawa","robots":{"index":"index","follow":"follow","max-snippet":"max-snippet:-1","max-image-preview":"max-image-preview:large","max-video-preview":"max-video-preview:-1"},"canonical":"https:\/\/www.hireimmigrantsottawa.ca\/fr\/evenements\/sommet-des-employeurs-2015-videos\/","og_locale":"fr_FR","og_type":"article","og_title":"Sommet du Conseil des employeurs champions de 2015 - Hire Immigrants Ottawa","og_description":"Qualifi\u00e9s pour les emplois : Les exigences en capital humain d\u2019Ottawa dans l\u2019\u00e9conomie du savoir Les 3 et 4 mars 2015 L\u2019\u00e9tude de cas en mati\u00e8re de direction des employeurs [&hellip;]","og_url":"https:\/\/www.hireimmigrantsottawa.ca\/fr\/evenements\/sommet-des-employeurs-2015-videos\/","og_site_name":"Hire Immigrants Ottawa","article_modified_time":"2015-04-06T03:01:05+00:00","og_image":[{"width":640,"height":427,"url":"https:\/\/www.hireimmigrantsottawa.ca\/wp-content\/uploads\/2015\/03\/Drummond_summit_2015.jpg","type":"image\/jpeg"}],"twitter_card":"summary_large_image","twitter_site":"@HireImmOttawa","twitter_misc":{"Dur\u00e9e de lecture estim\u00e9e":"1 minute"},"schema":{"@context":"https:\/\/schema.org","@graph":[{"@type":"WebPage","@id":"https:\/\/www.hireimmigrantsottawa.ca\/fr\/evenements\/sommet-des-employeurs-2015-videos\/","url":"https:\/\/www.hireimmigrantsottawa.ca\/fr\/evenements\/sommet-des-employeurs-2015-videos\/","name":"Sommet du Conseil des employeurs champions de 2015 - Hire Immigrants Ottawa","isPartOf":{"@id":"https:\/\/www.hireimmigrantsottawa.ca\/#website"},"primaryImageOfPage":{"@id":"https:\/\/www.hireimmigrantsottawa.ca\/fr\/evenements\/sommet-des-employeurs-2015-videos\/#primaryimage"},"image":{"@id":"https:\/\/www.hireimmigrantsottawa.ca\/fr\/evenements\/sommet-des-employeurs-2015-videos\/#primaryimage"},"thumbnailUrl":"https:\/\/www.hireimmigrantsottawa.ca\/wp-content\/uploads\/2015\/03\/Drummond_summit_2015.jpg","datePublished":"2015-03-20T02:29:58+00:00","dateModified":"2015-04-06T03:01:05+00:00","breadcrumb":{"@id":"https:\/\/www.hireimmigrantsottawa.ca\/fr\/evenements\/sommet-des-employeurs-2015-videos\/#breadcrumb"},"inLanguage":"fr-FR","potentialAction":[{"@type":"ReadAction","target":["https:\/\/www.hireimmigrantsottawa.ca\/fr\/evenements\/sommet-des-employeurs-2015-videos\/"]}]},{"@type":"ImageObject","inLanguage":"fr-FR","@id":"https:\/\/www.hireimmigrantsottawa.ca\/fr\/evenements\/sommet-des-employeurs-2015-videos\/#primaryimage","url":"https:\/\/www.hireimmigrantsottawa.ca\/wp-content\/uploads\/2015\/03\/Drummond_summit_2015.jpg","contentUrl":"https:\/\/www.hireimmigrantsottawa.ca\/wp-content\/uploads\/2015\/03\/Drummond_summit_2015.jpg","width":640,"height":427},{"@type":"BreadcrumbList","@id":"https:\/\/www.hireimmigrantsottawa.ca\/fr\/evenements\/sommet-des-employeurs-2015-videos\/#breadcrumb","itemListElement":[{"@type":"ListItem","position":1,"name":"Home","item":"https:\/\/www.hireimmigrantsottawa.ca\/"},{"@type":"ListItem","position":2,"name":"\u00c9v\u00e9nements","item":"https:\/\/www.hireimmigrantsottawa.ca\/fr\/evenements\/"},{"@type":"ListItem","position":3,"name":"Sommet du Conseil des employeurs champions de 2015"}]},{"@type":"WebSite","@id":"https:\/\/www.hireimmigrantsottawa.ca\/#website","url":"https:\/\/www.hireimmigrantsottawa.ca\/","name":"Hire Immigrants Ottawa","description":"increases the capacity of employers to attract and integrate skilled immigrants","publisher":{"@id":"https:\/\/www.hireimmigrantsottawa.ca\/#organization"},"potentialAction":[{"@type":"SearchAction","target":{"@type":"EntryPoint","urlTemplate":"https:\/\/www.hireimmigrantsottawa.ca\/?s={search_term_string}"},"query-input":{"@type":"PropertyValueSpecification","valueRequired":true,"valueName":"search_term_string"}}],"inLanguage":"fr-FR"},{"@type":"Organization","@id":"https:\/\/www.hireimmigrantsottawa.ca\/#organization","name":"Hire Immigrants Ottawa","url":"https:\/\/www.hireimmigrantsottawa.ca\/","logo":{"@type":"ImageObject","inLanguage":"fr-FR","@id":"https:\/\/www.hireimmigrantsottawa.ca\/#\/schema\/logo\/image\/","url":"https:\/\/www.hireimmigrantsottawa.ca\/wp-content\/uploads\/2023\/10\/hio-logo_bow_EN_web.png","contentUrl":"https:\/\/www.hireimmigrantsottawa.ca\/wp-content\/uploads\/2023\/10\/hio-logo_bow_EN_web.png","width":745,"height":160,"caption":"Hire Immigrants Ottawa"},"image":{"@id":"https:\/\/www.hireimmigrantsottawa.ca\/#\/schema\/logo\/image\/"},"sameAs":["https:\/\/x.com\/HireImmOttawa","https:\/\/www.youtube.com\/user\/hireimmigrantsottawa"]}]}},"_links":{"self":[{"href":"https:\/\/www.hireimmigrantsottawa.ca\/fr\/wp-json\/wp\/v2\/pages\/2765","targetHints":{"allow":["GET"]}}],"collection":[{"href":"https:\/\/www.hireimmigrantsottawa.ca\/fr\/wp-json\/wp\/v2\/pages"}],"about":[{"href":"https:\/\/www.hireimmigrantsottawa.ca\/fr\/wp-json\/wp\/v2\/types\/page"}],"author":[{"embeddable":true,"href":"https:\/\/www.hireimmigrantsottawa.ca\/fr\/wp-json\/wp\/v2\/users\/13"}],"replies":[{"embeddable":true,"href":"https:\/\/www.hireimmigrantsottawa.ca\/fr\/wp-json\/wp\/v2\/comments?post=2765"}],"version-history":[{"count":12,"href":"https:\/\/www.hireimmigrantsottawa.ca\/fr\/wp-json\/wp\/v2\/pages\/2765\/revisions"}],"predecessor-version":[{"id":2870,"href":"https:\/\/www.hireimmigrantsottawa.ca\/fr\/wp-json\/wp\/v2\/pages\/2765\/revisions\/2870"}],"up":[{"embeddable":true,"href":"https:\/\/www.hireimmigrantsottawa.ca\/fr\/wp-json\/wp\/v2\/pages\/79"}],"wp:featuredmedia":[{"embeddable":true,"href":"https:\/\/www.hireimmigrantsottawa.ca\/fr\/wp-json\/wp\/v2\/media\/3537"}],"wp:attachment":[{"href":"https:\/\/www.hireimmigrantsottawa.ca\/fr\/wp-json\/wp\/v2\/media?parent=2765"}],"curies":[{"name":"wp","href":"https:\/\/api.w.org\/{rel}","templated":true}]}}