{"id":2747,"date":"2015-03-18T23:03:04","date_gmt":"2015-03-19T03:03:04","guid":{"rendered":"http:\/\/www.hireimmigrantsottawa.ca\/?page_id=2747"},"modified":"2015-08-14T10:59:00","modified_gmt":"2015-08-14T14:59:00","slug":"sommet-des-employeurs-de-2015","status":"publish","type":"page","link":"https:\/\/www.hireimmigrantsottawa.ca\/fr\/evenements\/sommet-des-employeurs-de-2015\/","title":{"rendered":"Sommet du Conseil des employeurs champions de 2015"},"content":{"rendered":"<h3>Qualifi\u00e9s pour les emplois : Les exigences en capital humain d\u2019Ottawa dans l\u2019\u00e9conomie du savoir<\/h3>\n<figure id=\"attachment_2845\" aria-describedby=\"caption-attachment-2845\" style=\"width: 488px\" class=\"wp-caption alignleft\"><img fetchpriority=\"high\" decoding=\"async\" class=\"wp-image-2845\" src=\"http:\/\/www.hireimmigrantsottawa.ca\/wp-content\/uploads\/2015\/03\/Minister_Chan_address-1024x420.jpg\" alt=\"Minister_Chan_address\" width=\"488\" height=\"200\" srcset=\"https:\/\/www.hireimmigrantsottawa.ca\/wp-content\/uploads\/2015\/03\/Minister_Chan_address.jpg 1024w, https:\/\/www.hireimmigrantsottawa.ca\/wp-content\/uploads\/2015\/03\/Minister_Chan_address-300x123.jpg 300w, https:\/\/www.hireimmigrantsottawa.ca\/wp-content\/uploads\/2015\/03\/Minister_Chan_address-900x369.jpg 900w\" sizes=\"(max-width: 488px) 100vw, 488px\" \/><figcaption id=\"caption-attachment-2845\" class=\"wp-caption-text\">L\u2019honorable Michael Chan, ministre des Affaires civiques, de l\u2019Immigration et du Commerce international<\/figcaption><\/figure>\n<p>P\u00e9nurie de travailleurs ou inad\u00e9quation de comp\u00e9tences? Les \u00e9conomistes ne s\u2019entendent peut \u00eatre pas sur la raison pour laquelle les entreprises ont du mal \u00e0 b\u00e2tir la main-d\u2019\u0153uvre dont ils ont besoin pour s\u2019\u00e9panouir, mais ils s\u2019entendent toutefois sur une solution : aider les employeurs ottaviens \u00e0 tirer profit du riche bassin d\u2019immigrants dans notre arri\u00e8re-cour.<\/p>\n<p>C\u2019\u00e9tait l\u2019un des messages cl\u00e9s du Sommet annuel des employeurs d\u2019Embauche Immigrants Ottawa, qui a eu lieu les 3 et 4 mars derniers au Centre national des Arts. Cette ann\u00e9e, le th\u00e8me Qualifi\u00e9s pour les emplois : Les exigences en capital humain d\u2019Ottawa dans l\u2019\u00e9conomie du savoir a rassembl\u00e9 plus de 200 chefs de file du monde des affaires, du gouvernement et du monde politique; ils ont discut\u00e9 de l\u2019int\u00e9gration efficace des immigrants dans la population active de la capitale.<\/p>\n<p>Les deux conf\u00e9renciers de marque ont donn\u00e9 diff\u00e9rents points de vue sur le march\u00e9 du travail d\u2019Ottawa et le contexte g\u00e9n\u00e9ral plus large de l\u2019embauche des immigrants. Monsieur Rick Miner, Ph. D., conseiller en gestion, ancien pr\u00e9sident du Seneca College et auteur de The Great Canadian Skills Mismatch: People Without Jobs, Jobs Without People and MORE, a pris la parole le premier jour, alors que monsieur Don Drummond, ancien \u00e9conomiste en chef du Groupe financier de la Banque TD, maintenant professeur invit\u00e9 en politiques publiques internationales \u00e0 l\u2019Universit\u00e9 Queen\u2019s, s\u2019est entretenu la deuxi\u00e8me journ\u00e9e.<\/p>\n<h3 style=\"text-align: left; padding-left: 60px;\"><a href=\"http:\/\/www.hireimmigrantsottawa.ca\/fr\/evenements\/sommet-des-employeurs-2015-videos\/%20\" target=\"_blank\">Regarder les vid\u00e9os des orateurs du Sommet<\/a><\/h3>\n<p>Entre temps, des groupes d\u2019experts repr\u00e9sentant l\u2019ampleur et la diversit\u00e9 de l\u2019\u00e9conomie des connaissances d\u2019Ottawa (entreprises du domaine de la gestion de l\u2019informatique, organismes des ressources humaines, conseils sectoriels, la Chambre du commerce, la Ville d\u2019Ottawa et des agences de r\u00e8glement travaillant avec les N\u00e9o-Canadiens qualifi\u00e9s) se sont attaqu\u00e9s aux obstacles pratiques qui relient les employeurs aux bons candidats, et de m\u00e9thodes futures permettant d\u2019attirer et de recruter des personnes plus talentueuses.<\/p>\n<h3 style=\"padding-left: 60px;\"><a href=\"http:\/\/www.hireimmigrantsottawa.ca\/fr\/evenements\/sommet-des-employeurs-2015-panel\/\" target=\"_blank\">Lire les sommaires des pan\u00e9listes<\/a><\/h3>\n<figure id=\"attachment_2842\" aria-describedby=\"caption-attachment-2842\" style=\"width: 210px\" class=\"wp-caption alignleft\"><img decoding=\"async\" class=\"wp-image-2842\" src=\"http:\/\/www.hireimmigrantsottawa.ca\/wp-content\/uploads\/2015\/03\/Gaye_Frank-300x180.jpg\" alt=\"Gaye_Frank\" width=\"210\" height=\"126\" srcset=\"https:\/\/www.hireimmigrantsottawa.ca\/wp-content\/uploads\/2015\/03\/Gaye_Frank-300x180.jpg 300w, https:\/\/www.hireimmigrantsottawa.ca\/wp-content\/uploads\/2015\/03\/Gaye_Frank.jpg 391w\" sizes=\"(max-width: 210px) 100vw, 210px\" \/><figcaption id=\"caption-attachment-2842\" class=\"wp-caption-text\">Gaye Moffett et Frank Bilodeau<\/figcaption><\/figure>\n<p>Les copr\u00e9sidents du Conseil des employeurs champions d\u2019EIO, Gaye Moffett (fondatrice de GEM Healthcare) et Frank Bilodeau (vice-pr\u00e9sident des districts d\u2019Ottawa et de l\u2019ouest du Qu\u00e9bec de la Banque Scotia) ont souhait\u00e9 la bienvenue aux participants et mis en \u00e9vidence le succ\u00e8s d\u2019EIO, soit d\u2019avoir aid\u00e9 plus de 1 600 immigrants \u00e0 se trouver un travail qui correspond \u00e0 leurs comp\u00e9tences. L\u2019honorable Michael Chan, ministre des Affaires civiques, de l\u2019Immigration et du Commerce international, a partag\u00e9 certaines de ses propres exp\u00e9riences en tant que jeune immigrant \u0153uvrant dans le sous-sol d\u2019un restaurant, et a soutenu l\u2019avantage concurrentiel qui r\u00e9sulte de l\u2019embauche des immigrants.<\/p>\n<p>\u00ab Nous avons de loin pass\u00e9 le temps o\u00f9 l\u2019on embauchait des N\u00e9o-Canadiens parce que c\u2019\u00e9tait une belle chose \u00e0 faire, \u00bb a dit Michael Chan. \u00ab Les employeurs r\u00e9alisent que la diversit\u00e9 est logique juste avec l\u2019\u00e9tude de cas. Ils ont tendance \u00e0 avoir un esprit plus entrepreneurial et plus novateur, et ils ajoutent un avantage mondial aux environnements de travail d\u2019aujourd\u2019hui. \u00bb<\/p>\n<p>L\u2019\u00e9conomie du savoir \u00e0 Ottawa exige des comp\u00e9tences \u00e9lev\u00e9es : 71 % de tous les emplois exigent des \u00e9tudes postsecondaires, soit le taux le plus \u00e9lev\u00e9 de toutes les r\u00e9gions m\u00e9tropolitaines canadiennes. Ottawa a aussi l\u2019une des mains-d\u2019\u0153uvre les plus \u00e9duqu\u00e9es au Canada : environ 97 000 immigrants \u00e0 Ottawa d\u00e9tiennent un titre postsecondaire, et plusieurs d\u2019entre eux une formation sp\u00e9cialis\u00e9e recherch\u00e9e en sciences, technologie, g\u00e9nie et math\u00e9matiques (STGM) et en sciences de la sant\u00e9. Pourtant, les employeurs continuent de d\u00e9finir <a href=\"http:\/\/www.hireimmigrantsottawa.ca\/wp-content\/uploads\/2015\/03\/HIO_OttawaDemo_Infographic_FR.pdf\" target=\"_blank\">\u00ab l&rsquo;acc\u00e8s aux travailleurs qualifi\u00e9s \u00bb<\/a> comme l\u2019un des trois principaux obstacles aux affaires \u00e0 Ottawa.<\/p>\n<p>Donc, pourquoi cette inad\u00e9quation? Monsieur Miner, Ph. D., a revu avec les participants sa propre recherche sur les obstacles li\u00e9s \u00e0 la main-d\u2019\u0153uvre canadienne. Il a conclu que cette inad\u00e9quation de comp\u00e9tences persiste dans plusieurs secteurs. Au-del\u00e0 des p\u00e9nuries dans les divers secteurs (telle la p\u00e9nurie de gens de m\u00e9tiers visant \u00e0 satisfaire la demande li\u00e9e \u00e0 l\u2019essor du secteur du b\u00e2timent), monsieur Miner estime qu\u2019il y a un \u00e9cart g\u00e9ographique, et que certaines r\u00e9gions sont d\u00e9sesp\u00e9r\u00e9es pour ces comp\u00e9tences inutilis\u00e9es dans d\u2019autres r\u00e9gions. Il remarque aussi un probl\u00e8me de sous-emploi, o\u00f9 trop de gens occupent des postes qui ne sont pas \u00e0 la hauteur de leurs comp\u00e9tences ou pour lesquels ils ne peuvent pas appliquer leur formation.<\/p>\n<p>\u00ab Nous avons besoin de plus de gens dans notre main-d\u2019\u0153uvre : nous devons mettre les bonnes comp\u00e9tences et les bonnes personnes aux bons endroits pour faire cro\u00eetre notre \u00e9conomie, \u00bb a ajout\u00e9 monsieur Miner. \u00ab R\u00e9soudre qu\u2019un de ces probl\u00e8mes, ce n\u2019est pas suffisant. \u00bb<\/p>\n<figure id=\"attachment_2857\" aria-describedby=\"caption-attachment-2857\" style=\"width: 204px\" class=\"wp-caption alignleft\"><img decoding=\"async\" class=\"wp-image-2857\" title=\"Don Drummond, keynote speaker\" src=\"http:\/\/www.hireimmigrantsottawa.ca\/wp-content\/uploads\/2015\/03\/Drummond-300x200.jpg\" alt=\"Drummond\" width=\"204\" height=\"136\" srcset=\"https:\/\/www.hireimmigrantsottawa.ca\/wp-content\/uploads\/2015\/03\/Drummond-300x200.jpg 300w, https:\/\/www.hireimmigrantsottawa.ca\/wp-content\/uploads\/2015\/03\/Drummond.jpg 448w\" sizes=\"(max-width: 204px) 100vw, 204px\" \/><figcaption id=\"caption-attachment-2857\" class=\"wp-caption-text\">Don Drummond<\/figcaption><\/figure>\n<p>Le lendemain, monsieur Drummond a \u00e9valu\u00e9 ce qu\u2019il consid\u00e8re comme des obstacles \u00e0 la politique d\u2019immigration, et aux renseignements sur le march\u00e9 du travail lacunaires ou limit\u00e9s. Il a ensuite rappel\u00e9 aux employeurs qu\u2019ils n\u2019ont pas besoin d\u2019attendre que quelqu\u2019un d\u2019autre r\u00e8gle les probl\u00e8mes pour eux. Les employeurs font une diff\u00e9rence importante d\u00e8s le d\u00e9but tout simplement en reformulant leurs pratiques d\u2019embauche, a dit monsieur Drummond. En fonction de sa propre exp\u00e9rience de travail avec les N\u00e9o-Canadiens \u00e0 la Banque TD, monsieur Drummond encourage fortement les cadres sup\u00e9rieurs responsables de l\u2019embauche \u00e0 regarder au-del\u00e0 des qualifications qui ne leur semblent pas habituelles ou des connaissances linguistiques imparfaites pour voir les autres atouts des candidats n\u00e9o-canadiens ont \u00e0 offrir, y compris les r\u00e9seaux mondiaux, l\u2019esprit innovant et les diverses perspectives.<\/p>\n<p>\u00ab Nous savons que cela fonctionne, \u00bb a dit monsieur Drummond. \u00ab Regardez les preuves, regardez les statistiques des employeurs qui ont embauch\u00e9 un N\u00e9o-Canadien. Nous savons assur\u00e9ment que l\u2019embauche d\u2019un immigrant aide \u00e0 son int\u00e9gration \u00e9conomique et sociale, et nous savons que les employeurs sont des plus heureux de leur d\u00e9cision. \u00bb<\/p>\n<figure id=\"attachment_2858\" aria-describedby=\"caption-attachment-2858\" style=\"width: 217px\" class=\"wp-caption alignleft\"><img loading=\"lazy\" decoding=\"async\" class=\"wp-image-2858\" title=\"Epocal, 2015 Employer Excellence Award winner\" src=\"http:\/\/www.hireimmigrantsottawa.ca\/wp-content\/uploads\/2015\/03\/2I4A0705-300x200.jpg\" alt=\"2I4A0705\" width=\"217\" height=\"130\" \/><figcaption id=\"caption-attachment-2858\" class=\"wp-caption-text\">Employeurs d\u2019excellence 2015<\/figcaption><\/figure>\n<p><a href=\"http:\/\/www.hireimmigrantsottawa.ca\/wp-content\/uploads\/2015\/03\/2I4A0705.jpg\">Prix employeurs d&rsquo;excellence<\/a> annuels visant \u00e0 reconna\u00eetre les employeurs ottaviens qui ont fait preuve de pratiques exemplaires en mati\u00e8re de recrutement et de maintien en poste des immigrants qualifi\u00e9s. Cette ann\u00e9e, les laur\u00e9ats sont la Banque de d\u00e9veloppement du Canada, Epocal, le Ottawa Catholic School Board et le Centre communautaire de Pinecrest-Queensway.<\/p>\n","protected":false},"excerpt":{"rendered":"<p>Qualifi\u00e9s pour les emplois : Les exigences en capital humain d\u2019Ottawa dans l\u2019\u00e9conomie du savoir P\u00e9nurie de travailleurs ou inad\u00e9quation de comp\u00e9tences? Les \u00e9conomistes ne s\u2019entendent peut \u00eatre pas sur [&hellip;]<\/p>\n","protected":false},"author":13,"featured_media":0,"parent":79,"menu_order":0,"comment_status":"closed","ping_status":"closed","template":"events-training.php","meta":{"_exactmetrics_skip_tracking":false,"_exactmetrics_sitenote_active":false,"_exactmetrics_sitenote_note":"","_exactmetrics_sitenote_category":0,"footnotes":"","_links_to":"","_links_to_target":""},"class_list":["post-2747","page","type-page","status-publish","hentry"],"yoast_head":"<!-- This site is optimized with the Yoast SEO plugin v27.2 - https:\/\/yoast.com\/product\/yoast-seo-wordpress\/ -->\n<title>Sommet du Conseil des employeurs champions de 2015 - Hire Immigrants Ottawa<\/title>\n<meta name=\"robots\" content=\"index, follow, max-snippet:-1, max-image-preview:large, max-video-preview:-1\" \/>\n<link rel=\"canonical\" href=\"https:\/\/www.hireimmigrantsottawa.ca\/fr\/evenements\/sommet-des-employeurs-de-2015\/\" \/>\n<meta property=\"og:locale\" content=\"fr_FR\" \/>\n<meta property=\"og:type\" content=\"article\" \/>\n<meta property=\"og:title\" content=\"Sommet du Conseil des employeurs champions de 2015 - Hire Immigrants Ottawa\" \/>\n<meta property=\"og:description\" content=\"Qualifi\u00e9s pour les emplois : Les exigences en capital humain d\u2019Ottawa dans l\u2019\u00e9conomie du savoir P\u00e9nurie de travailleurs ou inad\u00e9quation de comp\u00e9tences? Les \u00e9conomistes ne s\u2019entendent peut \u00eatre pas sur [&hellip;]\" \/>\n<meta property=\"og:url\" content=\"https:\/\/www.hireimmigrantsottawa.ca\/fr\/evenements\/sommet-des-employeurs-de-2015\/\" \/>\n<meta property=\"og:site_name\" content=\"Hire Immigrants Ottawa\" \/>\n<meta property=\"article:modified_time\" content=\"2015-08-14T14:59:00+00:00\" \/>\n<meta property=\"og:image\" content=\"http:\/\/www.hireimmigrantsottawa.ca\/wp-content\/uploads\/2015\/03\/Minister_Chan_address-1024x420.jpg\" \/>\n<meta name=\"twitter:card\" content=\"summary_large_image\" \/>\n<meta name=\"twitter:site\" content=\"@HireImmOttawa\" \/>\n<meta name=\"twitter:label1\" content=\"Dur\u00e9e de lecture estim\u00e9e\" \/>\n\t<meta name=\"twitter:data1\" content=\"6 minutes\" \/>\n<script type=\"application\/ld+json\" class=\"yoast-schema-graph\">{\"@context\":\"https:\/\/schema.org\",\"@graph\":[{\"@type\":\"WebPage\",\"@id\":\"https:\/\/www.hireimmigrantsottawa.ca\/fr\/evenements\/sommet-des-employeurs-de-2015\/\",\"url\":\"https:\/\/www.hireimmigrantsottawa.ca\/fr\/evenements\/sommet-des-employeurs-de-2015\/\",\"name\":\"Sommet du Conseil des employeurs champions de 2015 - Hire Immigrants Ottawa\",\"isPartOf\":{\"@id\":\"https:\/\/www.hireimmigrantsottawa.ca\/#website\"},\"primaryImageOfPage\":{\"@id\":\"https:\/\/www.hireimmigrantsottawa.ca\/fr\/evenements\/sommet-des-employeurs-de-2015\/#primaryimage\"},\"image\":{\"@id\":\"https:\/\/www.hireimmigrantsottawa.ca\/fr\/evenements\/sommet-des-employeurs-de-2015\/#primaryimage\"},\"thumbnailUrl\":\"http:\/\/www.hireimmigrantsottawa.ca\/wp-content\/uploads\/2015\/03\/Minister_Chan_address-1024x420.jpg\",\"datePublished\":\"2015-03-19T03:03:04+00:00\",\"dateModified\":\"2015-08-14T14:59:00+00:00\",\"breadcrumb\":{\"@id\":\"https:\/\/www.hireimmigrantsottawa.ca\/fr\/evenements\/sommet-des-employeurs-de-2015\/#breadcrumb\"},\"inLanguage\":\"fr-FR\",\"potentialAction\":[{\"@type\":\"ReadAction\",\"target\":[\"https:\/\/www.hireimmigrantsottawa.ca\/fr\/evenements\/sommet-des-employeurs-de-2015\/\"]}]},{\"@type\":\"ImageObject\",\"inLanguage\":\"fr-FR\",\"@id\":\"https:\/\/www.hireimmigrantsottawa.ca\/fr\/evenements\/sommet-des-employeurs-de-2015\/#primaryimage\",\"url\":\"http:\/\/www.hireimmigrantsottawa.ca\/wp-content\/uploads\/2015\/03\/Minister_Chan_address-1024x420.jpg\",\"contentUrl\":\"http:\/\/www.hireimmigrantsottawa.ca\/wp-content\/uploads\/2015\/03\/Minister_Chan_address-1024x420.jpg\"},{\"@type\":\"BreadcrumbList\",\"@id\":\"https:\/\/www.hireimmigrantsottawa.ca\/fr\/evenements\/sommet-des-employeurs-de-2015\/#breadcrumb\",\"itemListElement\":[{\"@type\":\"ListItem\",\"position\":1,\"name\":\"Home\",\"item\":\"https:\/\/www.hireimmigrantsottawa.ca\/\"},{\"@type\":\"ListItem\",\"position\":2,\"name\":\"\u00c9v\u00e9nements\",\"item\":\"https:\/\/www.hireimmigrantsottawa.ca\/fr\/evenements\/\"},{\"@type\":\"ListItem\",\"position\":3,\"name\":\"Sommet du Conseil des employeurs champions de 2015\"}]},{\"@type\":\"WebSite\",\"@id\":\"https:\/\/www.hireimmigrantsottawa.ca\/#website\",\"url\":\"https:\/\/www.hireimmigrantsottawa.ca\/\",\"name\":\"Hire Immigrants Ottawa\",\"description\":\"increases the capacity of employers to attract and integrate skilled immigrants\",\"publisher\":{\"@id\":\"https:\/\/www.hireimmigrantsottawa.ca\/#organization\"},\"potentialAction\":[{\"@type\":\"SearchAction\",\"target\":{\"@type\":\"EntryPoint\",\"urlTemplate\":\"https:\/\/www.hireimmigrantsottawa.ca\/?s={search_term_string}\"},\"query-input\":{\"@type\":\"PropertyValueSpecification\",\"valueRequired\":true,\"valueName\":\"search_term_string\"}}],\"inLanguage\":\"fr-FR\"},{\"@type\":\"Organization\",\"@id\":\"https:\/\/www.hireimmigrantsottawa.ca\/#organization\",\"name\":\"Hire Immigrants Ottawa\",\"url\":\"https:\/\/www.hireimmigrantsottawa.ca\/\",\"logo\":{\"@type\":\"ImageObject\",\"inLanguage\":\"fr-FR\",\"@id\":\"https:\/\/www.hireimmigrantsottawa.ca\/#\/schema\/logo\/image\/\",\"url\":\"https:\/\/www.hireimmigrantsottawa.ca\/wp-content\/uploads\/2023\/10\/hio-logo_bow_EN_web.png\",\"contentUrl\":\"https:\/\/www.hireimmigrantsottawa.ca\/wp-content\/uploads\/2023\/10\/hio-logo_bow_EN_web.png\",\"width\":745,\"height\":160,\"caption\":\"Hire Immigrants Ottawa\"},\"image\":{\"@id\":\"https:\/\/www.hireimmigrantsottawa.ca\/#\/schema\/logo\/image\/\"},\"sameAs\":[\"https:\/\/x.com\/HireImmOttawa\",\"https:\/\/www.youtube.com\/user\/hireimmigrantsottawa\"]}]}<\/script>\n<!-- \/ Yoast SEO plugin. -->","yoast_head_json":{"title":"Sommet du Conseil des employeurs champions de 2015 - Hire Immigrants Ottawa","robots":{"index":"index","follow":"follow","max-snippet":"max-snippet:-1","max-image-preview":"max-image-preview:large","max-video-preview":"max-video-preview:-1"},"canonical":"https:\/\/www.hireimmigrantsottawa.ca\/fr\/evenements\/sommet-des-employeurs-de-2015\/","og_locale":"fr_FR","og_type":"article","og_title":"Sommet du Conseil des employeurs champions de 2015 - Hire Immigrants Ottawa","og_description":"Qualifi\u00e9s pour les emplois : Les exigences en capital humain d\u2019Ottawa dans l\u2019\u00e9conomie du savoir P\u00e9nurie de travailleurs ou inad\u00e9quation de comp\u00e9tences? Les \u00e9conomistes ne s\u2019entendent peut \u00eatre pas sur [&hellip;]","og_url":"https:\/\/www.hireimmigrantsottawa.ca\/fr\/evenements\/sommet-des-employeurs-de-2015\/","og_site_name":"Hire Immigrants Ottawa","article_modified_time":"2015-08-14T14:59:00+00:00","og_image":[{"url":"http:\/\/www.hireimmigrantsottawa.ca\/wp-content\/uploads\/2015\/03\/Minister_Chan_address-1024x420.jpg","type":"","width":"","height":""}],"twitter_card":"summary_large_image","twitter_site":"@HireImmOttawa","twitter_misc":{"Dur\u00e9e de lecture estim\u00e9e":"6 minutes"},"schema":{"@context":"https:\/\/schema.org","@graph":[{"@type":"WebPage","@id":"https:\/\/www.hireimmigrantsottawa.ca\/fr\/evenements\/sommet-des-employeurs-de-2015\/","url":"https:\/\/www.hireimmigrantsottawa.ca\/fr\/evenements\/sommet-des-employeurs-de-2015\/","name":"Sommet du Conseil des employeurs champions de 2015 - Hire Immigrants Ottawa","isPartOf":{"@id":"https:\/\/www.hireimmigrantsottawa.ca\/#website"},"primaryImageOfPage":{"@id":"https:\/\/www.hireimmigrantsottawa.ca\/fr\/evenements\/sommet-des-employeurs-de-2015\/#primaryimage"},"image":{"@id":"https:\/\/www.hireimmigrantsottawa.ca\/fr\/evenements\/sommet-des-employeurs-de-2015\/#primaryimage"},"thumbnailUrl":"http:\/\/www.hireimmigrantsottawa.ca\/wp-content\/uploads\/2015\/03\/Minister_Chan_address-1024x420.jpg","datePublished":"2015-03-19T03:03:04+00:00","dateModified":"2015-08-14T14:59:00+00:00","breadcrumb":{"@id":"https:\/\/www.hireimmigrantsottawa.ca\/fr\/evenements\/sommet-des-employeurs-de-2015\/#breadcrumb"},"inLanguage":"fr-FR","potentialAction":[{"@type":"ReadAction","target":["https:\/\/www.hireimmigrantsottawa.ca\/fr\/evenements\/sommet-des-employeurs-de-2015\/"]}]},{"@type":"ImageObject","inLanguage":"fr-FR","@id":"https:\/\/www.hireimmigrantsottawa.ca\/fr\/evenements\/sommet-des-employeurs-de-2015\/#primaryimage","url":"http:\/\/www.hireimmigrantsottawa.ca\/wp-content\/uploads\/2015\/03\/Minister_Chan_address-1024x420.jpg","contentUrl":"http:\/\/www.hireimmigrantsottawa.ca\/wp-content\/uploads\/2015\/03\/Minister_Chan_address-1024x420.jpg"},{"@type":"BreadcrumbList","@id":"https:\/\/www.hireimmigrantsottawa.ca\/fr\/evenements\/sommet-des-employeurs-de-2015\/#breadcrumb","itemListElement":[{"@type":"ListItem","position":1,"name":"Home","item":"https:\/\/www.hireimmigrantsottawa.ca\/"},{"@type":"ListItem","position":2,"name":"\u00c9v\u00e9nements","item":"https:\/\/www.hireimmigrantsottawa.ca\/fr\/evenements\/"},{"@type":"ListItem","position":3,"name":"Sommet du Conseil des employeurs champions de 2015"}]},{"@type":"WebSite","@id":"https:\/\/www.hireimmigrantsottawa.ca\/#website","url":"https:\/\/www.hireimmigrantsottawa.ca\/","name":"Hire Immigrants Ottawa","description":"increases the capacity of employers to attract and integrate skilled immigrants","publisher":{"@id":"https:\/\/www.hireimmigrantsottawa.ca\/#organization"},"potentialAction":[{"@type":"SearchAction","target":{"@type":"EntryPoint","urlTemplate":"https:\/\/www.hireimmigrantsottawa.ca\/?s={search_term_string}"},"query-input":{"@type":"PropertyValueSpecification","valueRequired":true,"valueName":"search_term_string"}}],"inLanguage":"fr-FR"},{"@type":"Organization","@id":"https:\/\/www.hireimmigrantsottawa.ca\/#organization","name":"Hire Immigrants Ottawa","url":"https:\/\/www.hireimmigrantsottawa.ca\/","logo":{"@type":"ImageObject","inLanguage":"fr-FR","@id":"https:\/\/www.hireimmigrantsottawa.ca\/#\/schema\/logo\/image\/","url":"https:\/\/www.hireimmigrantsottawa.ca\/wp-content\/uploads\/2023\/10\/hio-logo_bow_EN_web.png","contentUrl":"https:\/\/www.hireimmigrantsottawa.ca\/wp-content\/uploads\/2023\/10\/hio-logo_bow_EN_web.png","width":745,"height":160,"caption":"Hire Immigrants Ottawa"},"image":{"@id":"https:\/\/www.hireimmigrantsottawa.ca\/#\/schema\/logo\/image\/"},"sameAs":["https:\/\/x.com\/HireImmOttawa","https:\/\/www.youtube.com\/user\/hireimmigrantsottawa"]}]}},"_links":{"self":[{"href":"https:\/\/www.hireimmigrantsottawa.ca\/fr\/wp-json\/wp\/v2\/pages\/2747","targetHints":{"allow":["GET"]}}],"collection":[{"href":"https:\/\/www.hireimmigrantsottawa.ca\/fr\/wp-json\/wp\/v2\/pages"}],"about":[{"href":"https:\/\/www.hireimmigrantsottawa.ca\/fr\/wp-json\/wp\/v2\/types\/page"}],"author":[{"embeddable":true,"href":"https:\/\/www.hireimmigrantsottawa.ca\/fr\/wp-json\/wp\/v2\/users\/13"}],"replies":[{"embeddable":true,"href":"https:\/\/www.hireimmigrantsottawa.ca\/fr\/wp-json\/wp\/v2\/comments?post=2747"}],"version-history":[{"count":10,"href":"https:\/\/www.hireimmigrantsottawa.ca\/fr\/wp-json\/wp\/v2\/pages\/2747\/revisions"}],"predecessor-version":[{"id":3114,"href":"https:\/\/www.hireimmigrantsottawa.ca\/fr\/wp-json\/wp\/v2\/pages\/2747\/revisions\/3114"}],"up":[{"embeddable":true,"href":"https:\/\/www.hireimmigrantsottawa.ca\/fr\/wp-json\/wp\/v2\/pages\/79"}],"wp:attachment":[{"href":"https:\/\/www.hireimmigrantsottawa.ca\/fr\/wp-json\/wp\/v2\/media?parent=2747"}],"curies":[{"name":"wp","href":"https:\/\/api.w.org\/{rel}","templated":true}]}}