{"id":2739,"date":"2015-03-18T22:41:37","date_gmt":"2015-03-19T02:41:37","guid":{"rendered":"http:\/\/www.hireimmigrantsottawa.ca\/?page_id=2739"},"modified":"2017-01-27T21:55:40","modified_gmt":"2017-01-28T02:55:40","slug":"sommer-des-employeurs-2015-groupe-dexperts-day2","status":"publish","type":"page","link":"https:\/\/www.hireimmigrantsottawa.ca\/fr\/evenements\/sommer-des-employeurs-2015-groupe-dexperts-day2\/","title":{"rendered":"Sommet du Conseil des employeurs champions de 2015"},"content":{"rendered":"<h3>Discussion de groupe \u2013 Exigences en mati\u00e8re de capital humain \u00e0 Ottawa : D\u00e9fis, occasions et mesures<\/h3>\n<p><img fetchpriority=\"high\" decoding=\"async\" class=\"alignleft wp-image-2792\" src=\"http:\/\/www.hireimmigrantsottawa.ca\/wp-content\/uploads\/2015\/03\/Ian_Sandra_Seema.jpg\" alt=\"Ian_Sandra_Seema\" width=\"503\" height=\"279\" srcset=\"https:\/\/www.hireimmigrantsottawa.ca\/wp-content\/uploads\/2015\/03\/Ian_Sandra_Seema.jpg 640w, https:\/\/www.hireimmigrantsottawa.ca\/wp-content\/uploads\/2015\/03\/Ian_Sandra_Seema-300x166.jpg 300w\" sizes=\"(max-width: 503px) 100vw, 503px\" \/><\/p>\n<h6>Ian Faris, Pr\u00e9sident et chef de la direction, Ottawa Chamber of Commerce<br \/>\nSandra Saric, Vice-pr\u00e9sidente de l\u2019innovation des talents, Conseil des technologies de l\u2019information et des communications<br \/>\nSeema Aurora, Pr\u00e9sidente et chef de la direction, TAG-HR<\/h6>\n<p>\u00c0 quoi ressemblera le march\u00e9 du travail \u00e0 Ottawa, et quel effet aura-t-il aupr\u00e8s des immigrants? Ce groupe d\u2019experts constate l\u2019acc\u00e9l\u00e9ration continue des changements et l\u2019\u00e9volution des d\u00e9fis. Ian Faris a \u00e9num\u00e9r\u00e9 les risques li\u00e9s \u00e0 l\u2019inaction en mati\u00e8re de recrutement, y compris la p\u00e9nurie de comp\u00e9tences, l\u2019\u00e9migration, la stagnation de l\u2019\u00e9conomie locale et l\u2019\u00e9rosion de ce qu\u2019on appelle \u201cl\u2019avantage ottavien \u201d, soit la qualit\u00e9 de vie et les occasions qui attirent les meilleurs talents \u00e0 Ottawa. \u00ab Nous ne voulons pas diffuser \u00e0 nouveau l\u2019id\u00e9e qu\u2019Ottawa est une ville ennuyeuse, \u00bb a dit monsieur Faris. C\u2019est pourquoi la chambre pr\u00f4ne des politiques qui appuient divers environnements de travail et des processus d\u2019immigration am\u00e9lior\u00e9s.<\/p>\n<p>Sandra Saric est n\u00e9e de parents immigr\u00e9s qui ont sacrifi\u00e9 leurs carri\u00e8res \u00e0 l\u2019\u00e9tranger pour se b\u00e2tir une nouvelle vie dans l\u2019industrie automobile en Ontario. Madame Saric a dit que son conseil voit la lente reprise \u00e9conomique du domaine des t\u00e9l\u00e9communications avec des changements dans les exigences de comp\u00e9tences, notamment la r\u00e9duction des postes aux niveaux de la haute direction et de la direction, l\u2019augmentation des postes de niveau d\u00e9butant et une convergence entre les ensembles de comp\u00e9tences qui \u00e9taient autrefois s\u00e9par\u00e9s. \u00ab Un chef de secteur est \u00e0 pr\u00e9sent responsable du commerce \u00e9lectronique, \u00bb a dit madame Saric. \u00ab Vous devez avoir des comp\u00e9tences num\u00e9riques au sujet d&rsquo;une connaissance du domaine. Donc, nous encourageons la main-d\u2019\u0153uvre \u00e0 se perfectionner dans le domaine num\u00e9rique. \u00bb<\/p>\n<p>Selon madame Saric, il est essentiel que la recherche de talents ne d\u00e9courage pas involontairement les candidats actuels; c\u2019est quelque chose qui se passe lorsque les entreprises d\u00e9finissent des descriptions de poste trop ambitieuses ou pr\u00e9sentent une longue liste de crit\u00e8res trop d\u00e9taill\u00e9s. Madame Saric a mentionn\u00e9 que les deux pratiques manquent souvent d\u2019attirer les meilleurs candidats, et \u00e9cartent les femmes et les immigrants, plus particuli\u00e8rement.<\/p>\n<p>\u00ab Reconnaissez quels crit\u00e8res sont de v\u00e9ritables \u201cbriseurs d\u2019accords\u201d pour vous, \u00bb a dit madame Saric. \u00ab Les exigences linguistiques sont importantes, certes, mais lesquelles? Certains employeurs n\u2019ont pas besoin d\u2019importantes aptitudes \u00e0 l\u2019\u00e9crit, mais les aptitudes pour ce qui est de l\u2019\u00e9coute et de la compr\u00e9hension technique, sont essentielles. \u00bb<\/p>\n<p>Pour ce qui est de l\u2019avenir, les premi\u00e8res indications sont que m\u00eame le nouveau syst\u00e8me Entr\u00e9e express pour les immigrants qualifi\u00e9s n\u2019est pas assez rapide pour certains employeurs. Seema Aurora de TAG-HR a dit qu\u2019elle entend souvent parler d\u2019employeurs qui ne souhaitent pas attendre entre 6 et 12 mois pour la cr\u00e9ation d\u2019un bassin dans Entr\u00e9e express; ils pr\u00e9f\u00e8rent embaucher localement. \u0152uvrant pour une agence de personnel qualifi\u00e9 pour la fonction publique f\u00e9d\u00e9rale, madame Aurora a aussi mentionn\u00e9 les difficult\u00e9s relatives \u00e0 l\u2019obtention des cotes de s\u00e9curit\u00e9 pour les immigrants. Plusieurs d\u2019entre eux n\u2019ont pas habit\u00e9 au Canada pendant les cinq ann\u00e9es requises. \u00ab Lorsque les immigrants arrivent au Canada, ils remplissent les \u00e9carts dans notre main-d\u2019\u0153uvre, paient des taxes et ach\u00e8tent des biens, \u00bb a dit madame Aurora, tout en rappelant au public que les immigrants ne repr\u00e9sentent pas juste la main-d\u2019\u0153uvre, mais bien des citoyens dans le devenir.<\/p>\n<p><a href=\"http:\/\/www.hireimmigrantsottawa.ca\/fr\/evenements\/sommet-des-employeurs-2015-panel\/\" target=\"_blank\"><strong><span style=\"text-decoration: underline;\">Retour<\/span><\/strong><\/a><\/p>\n","protected":false},"excerpt":{"rendered":"<p>Discussion de groupe \u2013 Exigences en mati\u00e8re de capital humain \u00e0 Ottawa : D\u00e9fis, occasions et mesures Ian Faris, Pr\u00e9sident et chef de la direction, Ottawa Chamber of Commerce Sandra [&hellip;]<\/p>\n","protected":false},"author":13,"featured_media":0,"parent":79,"menu_order":0,"comment_status":"closed","ping_status":"closed","template":"events-training.php","meta":{"_exactmetrics_skip_tracking":false,"_exactmetrics_sitenote_active":false,"_exactmetrics_sitenote_note":"","_exactmetrics_sitenote_category":0,"footnotes":"","_links_to":"","_links_to_target":""},"class_list":["post-2739","page","type-page","status-publish","hentry"],"yoast_head":"<!-- This site is optimized with the Yoast SEO plugin v27.2 - https:\/\/yoast.com\/product\/yoast-seo-wordpress\/ -->\n<title>Sommet du Conseil des employeurs champions de 2015 - Hire Immigrants Ottawa<\/title>\n<meta name=\"robots\" content=\"index, follow, max-snippet:-1, max-image-preview:large, max-video-preview:-1\" \/>\n<link rel=\"canonical\" href=\"https:\/\/www.hireimmigrantsottawa.ca\/fr\/evenements\/sommer-des-employeurs-2015-groupe-dexperts-day2\/\" \/>\n<meta property=\"og:locale\" content=\"fr_FR\" \/>\n<meta property=\"og:type\" content=\"article\" \/>\n<meta property=\"og:title\" content=\"Sommet du Conseil des employeurs champions de 2015 - Hire Immigrants Ottawa\" \/>\n<meta property=\"og:description\" content=\"Discussion de groupe \u2013 Exigences en mati\u00e8re de capital humain \u00e0 Ottawa : D\u00e9fis, occasions et mesures Ian Faris, Pr\u00e9sident et chef de la direction, Ottawa Chamber of Commerce Sandra [&hellip;]\" \/>\n<meta property=\"og:url\" content=\"https:\/\/www.hireimmigrantsottawa.ca\/fr\/evenements\/sommer-des-employeurs-2015-groupe-dexperts-day2\/\" \/>\n<meta property=\"og:site_name\" content=\"Hire Immigrants Ottawa\" \/>\n<meta property=\"article:modified_time\" content=\"2017-01-28T02:55:40+00:00\" \/>\n<meta property=\"og:image\" content=\"http:\/\/www.hireimmigrantsottawa.ca\/wp-content\/uploads\/2015\/03\/Ian_Sandra_Seema.jpg\" \/>\n<meta name=\"twitter:card\" content=\"summary_large_image\" \/>\n<meta name=\"twitter:site\" content=\"@HireImmOttawa\" \/>\n<meta name=\"twitter:label1\" content=\"Dur\u00e9e de lecture estim\u00e9e\" \/>\n\t<meta name=\"twitter:data1\" content=\"3 minutes\" \/>\n<script type=\"application\/ld+json\" class=\"yoast-schema-graph\">{\"@context\":\"https:\/\/schema.org\",\"@graph\":[{\"@type\":\"WebPage\",\"@id\":\"https:\/\/www.hireimmigrantsottawa.ca\/fr\/evenements\/sommer-des-employeurs-2015-groupe-dexperts-day2\/\",\"url\":\"https:\/\/www.hireimmigrantsottawa.ca\/fr\/evenements\/sommer-des-employeurs-2015-groupe-dexperts-day2\/\",\"name\":\"Sommet du Conseil des employeurs champions de 2015 - Hire Immigrants Ottawa\",\"isPartOf\":{\"@id\":\"https:\/\/www.hireimmigrantsottawa.ca\/#website\"},\"primaryImageOfPage\":{\"@id\":\"https:\/\/www.hireimmigrantsottawa.ca\/fr\/evenements\/sommer-des-employeurs-2015-groupe-dexperts-day2\/#primaryimage\"},\"image\":{\"@id\":\"https:\/\/www.hireimmigrantsottawa.ca\/fr\/evenements\/sommer-des-employeurs-2015-groupe-dexperts-day2\/#primaryimage\"},\"thumbnailUrl\":\"http:\/\/www.hireimmigrantsottawa.ca\/wp-content\/uploads\/2015\/03\/Ian_Sandra_Seema.jpg\",\"datePublished\":\"2015-03-19T02:41:37+00:00\",\"dateModified\":\"2017-01-28T02:55:40+00:00\",\"breadcrumb\":{\"@id\":\"https:\/\/www.hireimmigrantsottawa.ca\/fr\/evenements\/sommer-des-employeurs-2015-groupe-dexperts-day2\/#breadcrumb\"},\"inLanguage\":\"fr-FR\",\"potentialAction\":[{\"@type\":\"ReadAction\",\"target\":[\"https:\/\/www.hireimmigrantsottawa.ca\/fr\/evenements\/sommer-des-employeurs-2015-groupe-dexperts-day2\/\"]}]},{\"@type\":\"ImageObject\",\"inLanguage\":\"fr-FR\",\"@id\":\"https:\/\/www.hireimmigrantsottawa.ca\/fr\/evenements\/sommer-des-employeurs-2015-groupe-dexperts-day2\/#primaryimage\",\"url\":\"http:\/\/www.hireimmigrantsottawa.ca\/wp-content\/uploads\/2015\/03\/Ian_Sandra_Seema.jpg\",\"contentUrl\":\"http:\/\/www.hireimmigrantsottawa.ca\/wp-content\/uploads\/2015\/03\/Ian_Sandra_Seema.jpg\"},{\"@type\":\"BreadcrumbList\",\"@id\":\"https:\/\/www.hireimmigrantsottawa.ca\/fr\/evenements\/sommer-des-employeurs-2015-groupe-dexperts-day2\/#breadcrumb\",\"itemListElement\":[{\"@type\":\"ListItem\",\"position\":1,\"name\":\"Home\",\"item\":\"https:\/\/www.hireimmigrantsottawa.ca\/\"},{\"@type\":\"ListItem\",\"position\":2,\"name\":\"\u00c9v\u00e9nements\",\"item\":\"https:\/\/www.hireimmigrantsottawa.ca\/fr\/evenements\/\"},{\"@type\":\"ListItem\",\"position\":3,\"name\":\"Sommet du Conseil des employeurs champions de 2015\"}]},{\"@type\":\"WebSite\",\"@id\":\"https:\/\/www.hireimmigrantsottawa.ca\/#website\",\"url\":\"https:\/\/www.hireimmigrantsottawa.ca\/\",\"name\":\"Hire Immigrants Ottawa\",\"description\":\"increases the capacity of employers to attract and integrate skilled immigrants\",\"publisher\":{\"@id\":\"https:\/\/www.hireimmigrantsottawa.ca\/#organization\"},\"potentialAction\":[{\"@type\":\"SearchAction\",\"target\":{\"@type\":\"EntryPoint\",\"urlTemplate\":\"https:\/\/www.hireimmigrantsottawa.ca\/?s={search_term_string}\"},\"query-input\":{\"@type\":\"PropertyValueSpecification\",\"valueRequired\":true,\"valueName\":\"search_term_string\"}}],\"inLanguage\":\"fr-FR\"},{\"@type\":\"Organization\",\"@id\":\"https:\/\/www.hireimmigrantsottawa.ca\/#organization\",\"name\":\"Hire Immigrants Ottawa\",\"url\":\"https:\/\/www.hireimmigrantsottawa.ca\/\",\"logo\":{\"@type\":\"ImageObject\",\"inLanguage\":\"fr-FR\",\"@id\":\"https:\/\/www.hireimmigrantsottawa.ca\/#\/schema\/logo\/image\/\",\"url\":\"https:\/\/www.hireimmigrantsottawa.ca\/wp-content\/uploads\/2023\/10\/hio-logo_bow_EN_web.png\",\"contentUrl\":\"https:\/\/www.hireimmigrantsottawa.ca\/wp-content\/uploads\/2023\/10\/hio-logo_bow_EN_web.png\",\"width\":745,\"height\":160,\"caption\":\"Hire Immigrants Ottawa\"},\"image\":{\"@id\":\"https:\/\/www.hireimmigrantsottawa.ca\/#\/schema\/logo\/image\/\"},\"sameAs\":[\"https:\/\/x.com\/HireImmOttawa\",\"https:\/\/www.youtube.com\/user\/hireimmigrantsottawa\"]}]}<\/script>\n<!-- \/ Yoast SEO plugin. -->","yoast_head_json":{"title":"Sommet du Conseil des employeurs champions de 2015 - Hire Immigrants Ottawa","robots":{"index":"index","follow":"follow","max-snippet":"max-snippet:-1","max-image-preview":"max-image-preview:large","max-video-preview":"max-video-preview:-1"},"canonical":"https:\/\/www.hireimmigrantsottawa.ca\/fr\/evenements\/sommer-des-employeurs-2015-groupe-dexperts-day2\/","og_locale":"fr_FR","og_type":"article","og_title":"Sommet du Conseil des employeurs champions de 2015 - Hire Immigrants Ottawa","og_description":"Discussion de groupe \u2013 Exigences en mati\u00e8re de capital humain \u00e0 Ottawa : D\u00e9fis, occasions et mesures Ian Faris, Pr\u00e9sident et chef de la direction, Ottawa Chamber of Commerce Sandra [&hellip;]","og_url":"https:\/\/www.hireimmigrantsottawa.ca\/fr\/evenements\/sommer-des-employeurs-2015-groupe-dexperts-day2\/","og_site_name":"Hire Immigrants Ottawa","article_modified_time":"2017-01-28T02:55:40+00:00","og_image":[{"url":"http:\/\/www.hireimmigrantsottawa.ca\/wp-content\/uploads\/2015\/03\/Ian_Sandra_Seema.jpg","type":"","width":"","height":""}],"twitter_card":"summary_large_image","twitter_site":"@HireImmOttawa","twitter_misc":{"Dur\u00e9e de lecture estim\u00e9e":"3 minutes"},"schema":{"@context":"https:\/\/schema.org","@graph":[{"@type":"WebPage","@id":"https:\/\/www.hireimmigrantsottawa.ca\/fr\/evenements\/sommer-des-employeurs-2015-groupe-dexperts-day2\/","url":"https:\/\/www.hireimmigrantsottawa.ca\/fr\/evenements\/sommer-des-employeurs-2015-groupe-dexperts-day2\/","name":"Sommet du Conseil des employeurs champions de 2015 - Hire Immigrants Ottawa","isPartOf":{"@id":"https:\/\/www.hireimmigrantsottawa.ca\/#website"},"primaryImageOfPage":{"@id":"https:\/\/www.hireimmigrantsottawa.ca\/fr\/evenements\/sommer-des-employeurs-2015-groupe-dexperts-day2\/#primaryimage"},"image":{"@id":"https:\/\/www.hireimmigrantsottawa.ca\/fr\/evenements\/sommer-des-employeurs-2015-groupe-dexperts-day2\/#primaryimage"},"thumbnailUrl":"http:\/\/www.hireimmigrantsottawa.ca\/wp-content\/uploads\/2015\/03\/Ian_Sandra_Seema.jpg","datePublished":"2015-03-19T02:41:37+00:00","dateModified":"2017-01-28T02:55:40+00:00","breadcrumb":{"@id":"https:\/\/www.hireimmigrantsottawa.ca\/fr\/evenements\/sommer-des-employeurs-2015-groupe-dexperts-day2\/#breadcrumb"},"inLanguage":"fr-FR","potentialAction":[{"@type":"ReadAction","target":["https:\/\/www.hireimmigrantsottawa.ca\/fr\/evenements\/sommer-des-employeurs-2015-groupe-dexperts-day2\/"]}]},{"@type":"ImageObject","inLanguage":"fr-FR","@id":"https:\/\/www.hireimmigrantsottawa.ca\/fr\/evenements\/sommer-des-employeurs-2015-groupe-dexperts-day2\/#primaryimage","url":"http:\/\/www.hireimmigrantsottawa.ca\/wp-content\/uploads\/2015\/03\/Ian_Sandra_Seema.jpg","contentUrl":"http:\/\/www.hireimmigrantsottawa.ca\/wp-content\/uploads\/2015\/03\/Ian_Sandra_Seema.jpg"},{"@type":"BreadcrumbList","@id":"https:\/\/www.hireimmigrantsottawa.ca\/fr\/evenements\/sommer-des-employeurs-2015-groupe-dexperts-day2\/#breadcrumb","itemListElement":[{"@type":"ListItem","position":1,"name":"Home","item":"https:\/\/www.hireimmigrantsottawa.ca\/"},{"@type":"ListItem","position":2,"name":"\u00c9v\u00e9nements","item":"https:\/\/www.hireimmigrantsottawa.ca\/fr\/evenements\/"},{"@type":"ListItem","position":3,"name":"Sommet du Conseil des employeurs champions de 2015"}]},{"@type":"WebSite","@id":"https:\/\/www.hireimmigrantsottawa.ca\/#website","url":"https:\/\/www.hireimmigrantsottawa.ca\/","name":"Hire Immigrants Ottawa","description":"increases the capacity of employers to attract and integrate skilled immigrants","publisher":{"@id":"https:\/\/www.hireimmigrantsottawa.ca\/#organization"},"potentialAction":[{"@type":"SearchAction","target":{"@type":"EntryPoint","urlTemplate":"https:\/\/www.hireimmigrantsottawa.ca\/?s={search_term_string}"},"query-input":{"@type":"PropertyValueSpecification","valueRequired":true,"valueName":"search_term_string"}}],"inLanguage":"fr-FR"},{"@type":"Organization","@id":"https:\/\/www.hireimmigrantsottawa.ca\/#organization","name":"Hire Immigrants Ottawa","url":"https:\/\/www.hireimmigrantsottawa.ca\/","logo":{"@type":"ImageObject","inLanguage":"fr-FR","@id":"https:\/\/www.hireimmigrantsottawa.ca\/#\/schema\/logo\/image\/","url":"https:\/\/www.hireimmigrantsottawa.ca\/wp-content\/uploads\/2023\/10\/hio-logo_bow_EN_web.png","contentUrl":"https:\/\/www.hireimmigrantsottawa.ca\/wp-content\/uploads\/2023\/10\/hio-logo_bow_EN_web.png","width":745,"height":160,"caption":"Hire Immigrants Ottawa"},"image":{"@id":"https:\/\/www.hireimmigrantsottawa.ca\/#\/schema\/logo\/image\/"},"sameAs":["https:\/\/x.com\/HireImmOttawa","https:\/\/www.youtube.com\/user\/hireimmigrantsottawa"]}]}},"_links":{"self":[{"href":"https:\/\/www.hireimmigrantsottawa.ca\/fr\/wp-json\/wp\/v2\/pages\/2739","targetHints":{"allow":["GET"]}}],"collection":[{"href":"https:\/\/www.hireimmigrantsottawa.ca\/fr\/wp-json\/wp\/v2\/pages"}],"about":[{"href":"https:\/\/www.hireimmigrantsottawa.ca\/fr\/wp-json\/wp\/v2\/types\/page"}],"author":[{"embeddable":true,"href":"https:\/\/www.hireimmigrantsottawa.ca\/fr\/wp-json\/wp\/v2\/users\/13"}],"replies":[{"embeddable":true,"href":"https:\/\/www.hireimmigrantsottawa.ca\/fr\/wp-json\/wp\/v2\/comments?post=2739"}],"version-history":[{"count":5,"href":"https:\/\/www.hireimmigrantsottawa.ca\/fr\/wp-json\/wp\/v2\/pages\/2739\/revisions"}],"predecessor-version":[{"id":4145,"href":"https:\/\/www.hireimmigrantsottawa.ca\/fr\/wp-json\/wp\/v2\/pages\/2739\/revisions\/4145"}],"up":[{"embeddable":true,"href":"https:\/\/www.hireimmigrantsottawa.ca\/fr\/wp-json\/wp\/v2\/pages\/79"}],"wp:attachment":[{"href":"https:\/\/www.hireimmigrantsottawa.ca\/fr\/wp-json\/wp\/v2\/media?parent=2739"}],"curies":[{"name":"wp","href":"https:\/\/api.w.org\/{rel}","templated":true}]}}