{"id":2727,"date":"2015-03-18T22:21:26","date_gmt":"2015-03-19T02:21:26","guid":{"rendered":"http:\/\/www.hireimmigrantsottawa.ca\/?page_id=2727"},"modified":"2015-04-06T00:11:42","modified_gmt":"2015-04-06T04:11:42","slug":"sommet-des-employeurs-2015-groupe-dexperts-1","status":"publish","type":"page","link":"https:\/\/www.hireimmigrantsottawa.ca\/fr\/evenements\/sommet-des-employeurs-2015-groupe-dexperts-1\/","title":{"rendered":"Sommet du Conseil des employeurs champions de 2015"},"content":{"rendered":"<h3>Discussion de groupe &#8211; Capital humain et comp\u00e9tences \u00e0 Ottawa : l\u2019offre et la demande<\/h3>\n<h6><img fetchpriority=\"high\" decoding=\"async\" class=\"alignleft wp-image-2806\" src=\"http:\/\/www.hireimmigrantsottawa.ca\/wp-content\/uploads\/2015\/03\/Ram_Magdalene_Saad.jpg\" alt=\"Ram_Magdalene_Saad\" width=\"490\" height=\"272\" \/><br \/>\nRam Raju, Pr\u00e9sident et chef de la direction, Kivuto<br \/>\nMagdalene Cooman-Maxwell, Directrice, Participation des employeurs, LASI WorldSkills<br \/>\nSaad Bashir, Directeur, D\u00e9veloppement \u00e9conomique et innovation, Ville d\u2019Ottawa<\/h6>\n<p>Des experts repr\u00e9sentant l\u2019offre et la demande ont discut\u00e9 de leur exp\u00e9rience pour ce qui est de r\u00e9pondre \u00e0 leurs propres besoins et \u00e0 ceux de la population active d\u2019Ottawa. Ram Raju, pr\u00e9sident et chef de la direction de Kivuto, a dit que les professionnels ayant des liens \u00e0 l\u2019\u00e9chelle mondiale accentuent la croissance internationale de son entreprise conceptrice de logiciels. La moiti\u00e9 du personnel de Kivuto est n\u00e9e \u00e0 l\u2019\u00e9tranger, et la moiti\u00e9 des promotions r\u00e9centes ont \u00e9t\u00e9 offertes \u00e0 des immigrants. C\u2019est le r\u00e9sultat d\u2019une approche de recrutement agressive, a dit monsieur Raju.<\/p>\n<p>\u00ab Si une personne est trilingue, nous souhaitons l\u2019embaucher avant m\u00eame de savoir o\u00f9 la placer dans l\u2019organisme, \u00bb a dit monsieur Raju. \u00ab Si nous n\u2019avions pas autant de polyglottes, ce serait un s\u00e9rieux d\u00e9savantage concurrentiel. \u00bb<\/p>\n<p>Magdalene Cooman-Maxwell a mentionn\u00e9 qu\u2019Ottawa se classe la premi\u00e8re des 33 plus grandes r\u00e9gions m\u00e9tropolitaines canadiennes d\u00e9tenant un pourcentage de population active qui poss\u00e8de un dipl\u00f4me universitaire, et que 27 % de cette population repr\u00e9sente des immigrants. Son travail \u00e0 LASI World Skills comprend l\u2019\u00e9tablissement de liens avec des professionnels form\u00e9s \u00e0 l\u2019\u00e9tranger qui d\u00e9tiennent des emplois qui leur permettent d\u2019utiliser au maximum peurs comp\u00e9tences, m\u00eame si cela signifie un changement de leurs attentes.<\/p>\n<p>\u00ab Le d\u00e9fi, pour les personnes avec lesquelles nous travaillons, est de faire la transition psychologique entre ce qu\u2019ils \u00e9taient et ce qu\u2019ils peuvent devenir au Canada, \u00bb a dit Cooman Maxwell. \u00ab \u00c7a prend une communaut\u00e9 pour changer de domaine. Nous avons la main-d\u2019\u0153uvre, mais nous devons faire les liens avec les employeurs pour les aider \u00e0 trouver cette main-d\u2019\u0153uvre. \u00bb<\/p>\n<p>L\u2019emploi de Saad Bashir, \u00e0 la Ville d\u2019Ottawa, le laisse \u00e0 l\u2019intersection de l\u2019offre et de la demande. Il voit une demande constante des divers secteurs commerciaux \u00e0 Ottawa, en passant par les sciences de la vie aux technologies propres, par le domaine des m\u00e9dias num\u00e9riques \u00e0 croissance mondiale rapide et les logiciels. Il entend souvent des nouveaux arrivants, qui le trouvent au moyen de Google, pour des conseils en mati\u00e8re de recherche d\u2019emploi. \u00ab Je conseille \u00e0 mes compatriotes immigrants de sortir du lot, \u00bb a dit monsieur Bashir. \u00ab Si vous devez am\u00e9liorer vos comp\u00e9tences, faites-le. Si vous devez d\u00e9velopper de meilleures aptitudes sociales, faites-le. Les employeurs cherchent les gens qui pourront s\u2019adapter \u00e0 leur \u00e9quipe; ces comp\u00e9tences g\u00e9n\u00e9rales sont donc tr\u00e8s importantes. \u00bb<\/p>\n<p>Messieurs Raju et Bashir ont soulign\u00e9 que le rythme du changement s\u2019acc\u00e9l\u00e8re pour tous les professionnels dans l\u2019\u00e9conomie du savoir, et non seulement que pour les immigrants. \u00ab Les employeurs se plaignent \u00e0 la ville tout le temps pour dire qu\u2019ils ont besoin de nouveaux ing\u00e9nieurs en logiciel. Six mois plus tard, ils viennent \u00e0 nous avec un tout autre ensemble d\u2019outils pour lequel ils doivent embaucher, \u00bb a dit monsieur Bashir.<\/p>\n<p>\u00ab Beaucoup de probl\u00e8mes ne rel\u00e8vent pas des immigrants, \u00bb a confirm\u00e9 madame Cooman Maxwell. \u00ab Bon nombre de professionnels canadiens vivent la m\u00eame chose. Les changements technologiques nous affectent tous. \u00bb<\/p>\n<p><a href=\"http:\/\/www.hireimmigrantsottawa.ca\/fr\/evenements\/sommet-des-employeurs-2015-pane\" target=\"_blank\"><span style=\"text-decoration: underline;\"><strong>Retour<\/strong><\/span><\/a><\/p>\n","protected":false},"excerpt":{"rendered":"<p>Discussion de groupe &#8211; Capital humain et comp\u00e9tences \u00e0 Ottawa : l\u2019offre et la demande Ram Raju, Pr\u00e9sident et chef de la direction, Kivuto Magdalene Cooman-Maxwell, Directrice, Participation des employeurs, [&hellip;]<\/p>\n","protected":false},"author":13,"featured_media":0,"parent":79,"menu_order":0,"comment_status":"closed","ping_status":"closed","template":"events-training.php","meta":{"_exactmetrics_skip_tracking":false,"_exactmetrics_sitenote_active":false,"_exactmetrics_sitenote_note":"","_exactmetrics_sitenote_category":0,"footnotes":"","_links_to":"","_links_to_target":""},"class_list":["post-2727","page","type-page","status-publish","hentry"],"yoast_head":"<!-- This site is optimized with the Yoast SEO plugin v27.2 - https:\/\/yoast.com\/product\/yoast-seo-wordpress\/ -->\n<title>Sommet du Conseil des employeurs champions de 2015 - Hire Immigrants Ottawa<\/title>\n<meta name=\"robots\" content=\"index, follow, max-snippet:-1, max-image-preview:large, max-video-preview:-1\" \/>\n<link rel=\"canonical\" href=\"https:\/\/www.hireimmigrantsottawa.ca\/fr\/evenements\/sommet-des-employeurs-2015-groupe-dexperts-1\/\" \/>\n<meta property=\"og:locale\" content=\"fr_FR\" \/>\n<meta property=\"og:type\" content=\"article\" \/>\n<meta property=\"og:title\" content=\"Sommet du Conseil des employeurs champions de 2015 - Hire Immigrants Ottawa\" \/>\n<meta property=\"og:description\" content=\"Discussion de groupe &#8211; Capital humain et comp\u00e9tences \u00e0 Ottawa : l\u2019offre et la demande Ram Raju, Pr\u00e9sident et chef de la direction, Kivuto Magdalene Cooman-Maxwell, Directrice, Participation des employeurs, [&hellip;]\" \/>\n<meta property=\"og:url\" content=\"https:\/\/www.hireimmigrantsottawa.ca\/fr\/evenements\/sommet-des-employeurs-2015-groupe-dexperts-1\/\" \/>\n<meta property=\"og:site_name\" content=\"Hire Immigrants Ottawa\" \/>\n<meta property=\"article:modified_time\" content=\"2015-04-06T04:11:42+00:00\" \/>\n<meta property=\"og:image\" content=\"http:\/\/www.hireimmigrantsottawa.ca\/wp-content\/uploads\/2015\/03\/Ram_Magdalene_Saad.jpg\" \/>\n<meta name=\"twitter:card\" content=\"summary_large_image\" \/>\n<meta name=\"twitter:site\" content=\"@HireImmOttawa\" \/>\n<meta name=\"twitter:label1\" content=\"Dur\u00e9e de lecture estim\u00e9e\" \/>\n\t<meta name=\"twitter:data1\" content=\"3 minutes\" \/>\n<script type=\"application\/ld+json\" class=\"yoast-schema-graph\">{\"@context\":\"https:\/\/schema.org\",\"@graph\":[{\"@type\":\"WebPage\",\"@id\":\"https:\/\/www.hireimmigrantsottawa.ca\/fr\/evenements\/sommet-des-employeurs-2015-groupe-dexperts-1\/\",\"url\":\"https:\/\/www.hireimmigrantsottawa.ca\/fr\/evenements\/sommet-des-employeurs-2015-groupe-dexperts-1\/\",\"name\":\"Sommet du Conseil des employeurs champions de 2015 - Hire Immigrants Ottawa\",\"isPartOf\":{\"@id\":\"https:\/\/www.hireimmigrantsottawa.ca\/#website\"},\"primaryImageOfPage\":{\"@id\":\"https:\/\/www.hireimmigrantsottawa.ca\/fr\/evenements\/sommet-des-employeurs-2015-groupe-dexperts-1\/#primaryimage\"},\"image\":{\"@id\":\"https:\/\/www.hireimmigrantsottawa.ca\/fr\/evenements\/sommet-des-employeurs-2015-groupe-dexperts-1\/#primaryimage\"},\"thumbnailUrl\":\"http:\/\/www.hireimmigrantsottawa.ca\/wp-content\/uploads\/2015\/03\/Ram_Magdalene_Saad.jpg\",\"datePublished\":\"2015-03-19T02:21:26+00:00\",\"dateModified\":\"2015-04-06T04:11:42+00:00\",\"breadcrumb\":{\"@id\":\"https:\/\/www.hireimmigrantsottawa.ca\/fr\/evenements\/sommet-des-employeurs-2015-groupe-dexperts-1\/#breadcrumb\"},\"inLanguage\":\"fr-FR\",\"potentialAction\":[{\"@type\":\"ReadAction\",\"target\":[\"https:\/\/www.hireimmigrantsottawa.ca\/fr\/evenements\/sommet-des-employeurs-2015-groupe-dexperts-1\/\"]}]},{\"@type\":\"ImageObject\",\"inLanguage\":\"fr-FR\",\"@id\":\"https:\/\/www.hireimmigrantsottawa.ca\/fr\/evenements\/sommet-des-employeurs-2015-groupe-dexperts-1\/#primaryimage\",\"url\":\"http:\/\/www.hireimmigrantsottawa.ca\/wp-content\/uploads\/2015\/03\/Ram_Magdalene_Saad.jpg\",\"contentUrl\":\"http:\/\/www.hireimmigrantsottawa.ca\/wp-content\/uploads\/2015\/03\/Ram_Magdalene_Saad.jpg\"},{\"@type\":\"BreadcrumbList\",\"@id\":\"https:\/\/www.hireimmigrantsottawa.ca\/fr\/evenements\/sommet-des-employeurs-2015-groupe-dexperts-1\/#breadcrumb\",\"itemListElement\":[{\"@type\":\"ListItem\",\"position\":1,\"name\":\"Home\",\"item\":\"https:\/\/www.hireimmigrantsottawa.ca\/\"},{\"@type\":\"ListItem\",\"position\":2,\"name\":\"\u00c9v\u00e9nements\",\"item\":\"https:\/\/www.hireimmigrantsottawa.ca\/fr\/evenements\/\"},{\"@type\":\"ListItem\",\"position\":3,\"name\":\"Sommet du Conseil des employeurs champions de 2015\"}]},{\"@type\":\"WebSite\",\"@id\":\"https:\/\/www.hireimmigrantsottawa.ca\/#website\",\"url\":\"https:\/\/www.hireimmigrantsottawa.ca\/\",\"name\":\"Hire Immigrants Ottawa\",\"description\":\"increases the capacity of employers to attract and integrate skilled immigrants\",\"publisher\":{\"@id\":\"https:\/\/www.hireimmigrantsottawa.ca\/#organization\"},\"potentialAction\":[{\"@type\":\"SearchAction\",\"target\":{\"@type\":\"EntryPoint\",\"urlTemplate\":\"https:\/\/www.hireimmigrantsottawa.ca\/?s={search_term_string}\"},\"query-input\":{\"@type\":\"PropertyValueSpecification\",\"valueRequired\":true,\"valueName\":\"search_term_string\"}}],\"inLanguage\":\"fr-FR\"},{\"@type\":\"Organization\",\"@id\":\"https:\/\/www.hireimmigrantsottawa.ca\/#organization\",\"name\":\"Hire Immigrants Ottawa\",\"url\":\"https:\/\/www.hireimmigrantsottawa.ca\/\",\"logo\":{\"@type\":\"ImageObject\",\"inLanguage\":\"fr-FR\",\"@id\":\"https:\/\/www.hireimmigrantsottawa.ca\/#\/schema\/logo\/image\/\",\"url\":\"https:\/\/www.hireimmigrantsottawa.ca\/wp-content\/uploads\/2023\/10\/hio-logo_bow_EN_web.png\",\"contentUrl\":\"https:\/\/www.hireimmigrantsottawa.ca\/wp-content\/uploads\/2023\/10\/hio-logo_bow_EN_web.png\",\"width\":745,\"height\":160,\"caption\":\"Hire Immigrants Ottawa\"},\"image\":{\"@id\":\"https:\/\/www.hireimmigrantsottawa.ca\/#\/schema\/logo\/image\/\"},\"sameAs\":[\"https:\/\/x.com\/HireImmOttawa\",\"https:\/\/www.youtube.com\/user\/hireimmigrantsottawa\"]}]}<\/script>\n<!-- \/ Yoast SEO plugin. -->","yoast_head_json":{"title":"Sommet du Conseil des employeurs champions de 2015 - Hire Immigrants Ottawa","robots":{"index":"index","follow":"follow","max-snippet":"max-snippet:-1","max-image-preview":"max-image-preview:large","max-video-preview":"max-video-preview:-1"},"canonical":"https:\/\/www.hireimmigrantsottawa.ca\/fr\/evenements\/sommet-des-employeurs-2015-groupe-dexperts-1\/","og_locale":"fr_FR","og_type":"article","og_title":"Sommet du Conseil des employeurs champions de 2015 - Hire Immigrants Ottawa","og_description":"Discussion de groupe &#8211; Capital humain et comp\u00e9tences \u00e0 Ottawa : l\u2019offre et la demande Ram Raju, Pr\u00e9sident et chef de la direction, Kivuto Magdalene Cooman-Maxwell, Directrice, Participation des employeurs, [&hellip;]","og_url":"https:\/\/www.hireimmigrantsottawa.ca\/fr\/evenements\/sommet-des-employeurs-2015-groupe-dexperts-1\/","og_site_name":"Hire Immigrants Ottawa","article_modified_time":"2015-04-06T04:11:42+00:00","og_image":[{"url":"http:\/\/www.hireimmigrantsottawa.ca\/wp-content\/uploads\/2015\/03\/Ram_Magdalene_Saad.jpg","type":"","width":"","height":""}],"twitter_card":"summary_large_image","twitter_site":"@HireImmOttawa","twitter_misc":{"Dur\u00e9e de lecture estim\u00e9e":"3 minutes"},"schema":{"@context":"https:\/\/schema.org","@graph":[{"@type":"WebPage","@id":"https:\/\/www.hireimmigrantsottawa.ca\/fr\/evenements\/sommet-des-employeurs-2015-groupe-dexperts-1\/","url":"https:\/\/www.hireimmigrantsottawa.ca\/fr\/evenements\/sommet-des-employeurs-2015-groupe-dexperts-1\/","name":"Sommet du Conseil des employeurs champions de 2015 - Hire Immigrants Ottawa","isPartOf":{"@id":"https:\/\/www.hireimmigrantsottawa.ca\/#website"},"primaryImageOfPage":{"@id":"https:\/\/www.hireimmigrantsottawa.ca\/fr\/evenements\/sommet-des-employeurs-2015-groupe-dexperts-1\/#primaryimage"},"image":{"@id":"https:\/\/www.hireimmigrantsottawa.ca\/fr\/evenements\/sommet-des-employeurs-2015-groupe-dexperts-1\/#primaryimage"},"thumbnailUrl":"http:\/\/www.hireimmigrantsottawa.ca\/wp-content\/uploads\/2015\/03\/Ram_Magdalene_Saad.jpg","datePublished":"2015-03-19T02:21:26+00:00","dateModified":"2015-04-06T04:11:42+00:00","breadcrumb":{"@id":"https:\/\/www.hireimmigrantsottawa.ca\/fr\/evenements\/sommet-des-employeurs-2015-groupe-dexperts-1\/#breadcrumb"},"inLanguage":"fr-FR","potentialAction":[{"@type":"ReadAction","target":["https:\/\/www.hireimmigrantsottawa.ca\/fr\/evenements\/sommet-des-employeurs-2015-groupe-dexperts-1\/"]}]},{"@type":"ImageObject","inLanguage":"fr-FR","@id":"https:\/\/www.hireimmigrantsottawa.ca\/fr\/evenements\/sommet-des-employeurs-2015-groupe-dexperts-1\/#primaryimage","url":"http:\/\/www.hireimmigrantsottawa.ca\/wp-content\/uploads\/2015\/03\/Ram_Magdalene_Saad.jpg","contentUrl":"http:\/\/www.hireimmigrantsottawa.ca\/wp-content\/uploads\/2015\/03\/Ram_Magdalene_Saad.jpg"},{"@type":"BreadcrumbList","@id":"https:\/\/www.hireimmigrantsottawa.ca\/fr\/evenements\/sommet-des-employeurs-2015-groupe-dexperts-1\/#breadcrumb","itemListElement":[{"@type":"ListItem","position":1,"name":"Home","item":"https:\/\/www.hireimmigrantsottawa.ca\/"},{"@type":"ListItem","position":2,"name":"\u00c9v\u00e9nements","item":"https:\/\/www.hireimmigrantsottawa.ca\/fr\/evenements\/"},{"@type":"ListItem","position":3,"name":"Sommet du Conseil des employeurs champions de 2015"}]},{"@type":"WebSite","@id":"https:\/\/www.hireimmigrantsottawa.ca\/#website","url":"https:\/\/www.hireimmigrantsottawa.ca\/","name":"Hire Immigrants Ottawa","description":"increases the capacity of employers to attract and integrate skilled immigrants","publisher":{"@id":"https:\/\/www.hireimmigrantsottawa.ca\/#organization"},"potentialAction":[{"@type":"SearchAction","target":{"@type":"EntryPoint","urlTemplate":"https:\/\/www.hireimmigrantsottawa.ca\/?s={search_term_string}"},"query-input":{"@type":"PropertyValueSpecification","valueRequired":true,"valueName":"search_term_string"}}],"inLanguage":"fr-FR"},{"@type":"Organization","@id":"https:\/\/www.hireimmigrantsottawa.ca\/#organization","name":"Hire Immigrants Ottawa","url":"https:\/\/www.hireimmigrantsottawa.ca\/","logo":{"@type":"ImageObject","inLanguage":"fr-FR","@id":"https:\/\/www.hireimmigrantsottawa.ca\/#\/schema\/logo\/image\/","url":"https:\/\/www.hireimmigrantsottawa.ca\/wp-content\/uploads\/2023\/10\/hio-logo_bow_EN_web.png","contentUrl":"https:\/\/www.hireimmigrantsottawa.ca\/wp-content\/uploads\/2023\/10\/hio-logo_bow_EN_web.png","width":745,"height":160,"caption":"Hire Immigrants Ottawa"},"image":{"@id":"https:\/\/www.hireimmigrantsottawa.ca\/#\/schema\/logo\/image\/"},"sameAs":["https:\/\/x.com\/HireImmOttawa","https:\/\/www.youtube.com\/user\/hireimmigrantsottawa"]}]}},"_links":{"self":[{"href":"https:\/\/www.hireimmigrantsottawa.ca\/fr\/wp-json\/wp\/v2\/pages\/2727","targetHints":{"allow":["GET"]}}],"collection":[{"href":"https:\/\/www.hireimmigrantsottawa.ca\/fr\/wp-json\/wp\/v2\/pages"}],"about":[{"href":"https:\/\/www.hireimmigrantsottawa.ca\/fr\/wp-json\/wp\/v2\/types\/page"}],"author":[{"embeddable":true,"href":"https:\/\/www.hireimmigrantsottawa.ca\/fr\/wp-json\/wp\/v2\/users\/13"}],"replies":[{"embeddable":true,"href":"https:\/\/www.hireimmigrantsottawa.ca\/fr\/wp-json\/wp\/v2\/comments?post=2727"}],"version-history":[{"count":5,"href":"https:\/\/www.hireimmigrantsottawa.ca\/fr\/wp-json\/wp\/v2\/pages\/2727\/revisions"}],"predecessor-version":[{"id":2879,"href":"https:\/\/www.hireimmigrantsottawa.ca\/fr\/wp-json\/wp\/v2\/pages\/2727\/revisions\/2879"}],"up":[{"embeddable":true,"href":"https:\/\/www.hireimmigrantsottawa.ca\/fr\/wp-json\/wp\/v2\/pages\/79"}],"wp:attachment":[{"href":"https:\/\/www.hireimmigrantsottawa.ca\/fr\/wp-json\/wp\/v2\/media?parent=2727"}],"curies":[{"name":"wp","href":"https:\/\/api.w.org\/{rel}","templated":true}]}}