{"id":251,"date":"2013-10-04T00:45:35","date_gmt":"2013-10-04T00:45:35","guid":{"rendered":"http:\/\/www.hireimmigrantsottawa.ca\/?page_id=251"},"modified":"2013-10-09T17:39:27","modified_gmt":"2013-10-09T17:39:27","slug":"reussites","status":"publish","type":"page","link":"https:\/\/www.hireimmigrantsottawa.ca\/fr\/centre-des-medias\/reussites\/","title":{"rendered":"R\u00e9ussites"},"content":{"rendered":"<h3><strong>Exp\u00e9riences r\u00e9ussies des employeurs<\/strong><\/h3>\n<p>Les employeurs qui travaillent avec Embauche immigrants Ottawa r\u00e9alisent des choses exceptionnelles et novatrices pour am\u00e9liorer leur capacit\u00e9 d\u2019embaucher et d\u2019int\u00e9grer des immigrants qualifi\u00e9s \u00e0 leur milieu de travail. Leurs pratiques prometteuses d\u00e9montrent comment la diversit\u00e9 b\u00e9n\u00e9ficie\u00a0 une organisation.<\/p>\n<p>Voici quelques exp\u00e9riences r\u00e9ussies:<\/p>\n<ul>\n<li><a title=\"la Banque Scotia\" href=\"http:\/\/www.hireimmigrantsottawa.ca\/fr\/la-banque-scotia\/\">Banque Scotia Ottawa<\/a><\/li>\n<li><a title=\"Exportation et d\u00e9veloppement Canada\" href=\"http:\/\/www.hireimmigrantsottawa.ca\/fr\/exportation-et-developpement-canada\/\">Exportation et d\u00e9veloppement Canada<\/a><\/li>\n<li><a title=\"Histoires de r\u00e9ussites \u2013 La Ville d\u2019Ottawa\" href=\"http:\/\/www.hireimmigrantsottawa.ca\/fr\/histoires-de-reussites-la-ville-dottawa\/\">La Ville d&rsquo;Ottawa<\/a><\/li>\n<li><a title=\"Ressources humaines et D\u00e9veloppement des ressources Canada\" href=\"http:\/\/www.hireimmigrantsottawa.ca\/fr\/ressources-humaines-et-developpement-des-ressources-canada\/\" target=\"_blank\">Ressources humaines et D\u00e9veloppement des comp\u00e9tences Canada<\/a><\/li>\n<li><a title=\"les Services de sant\u00e9 GEM\" href=\"http:\/\/www.hireimmigrantsottawa.ca\/fr\/les-services-de-sante-gem\/\">Services de sant\u00e9 GEM<\/a><\/li>\n<li><a title=\"l\u2019Universit\u00e9 d\u2019Ottawa\" href=\"http:\/\/www.hireimmigrantsottawa.ca\/fr\/luniversite-dottawa\/\" target=\"_blank\">Universit\u00e9 d&rsquo;Ottawa<\/a><\/li>\n<\/ul>\n<h3><strong>Exp\u00e9riences r\u00e9ussies des immigrants<\/strong><\/h3>\n<p>Plusieurs immigrants qualifi\u00e9s font face \u00e0 des obstacles lorsqu\u2019ils cherchent des emplois correspondant \u00e0 leur niveau d\u2019expertise. Voici quelques r\u00e9cits d\u2019occasions cr\u00e9\u00e9es par des employeurs pour aider les immigrants qualifi\u00e9s \u00e0 surmonter les obstacles et \u00e0 trouver, dans leur domaine, des emplois qui font appel \u00e0 leur \u00e9ducation et \u00e0 leur exp\u00e9rience.<\/p>\n<ul>\n<li><a title=\"Alberta Lawson\" href=\"http:\/\/www.hireimmigrantsottawa.ca\/fr\/alberta-lawson-2\/\">Alberta Lawson<\/a><\/li>\n<li><a title=\"les Services de sant\u00e9 GEM\" href=\"http:\/\/www.hireimmigrantsottawa.ca\/fr\/les-services-de-sante-gem\/\">Asli Ahmed<\/a><\/li>\n<li><a title=\"Eugene Luanda\" href=\"http:\/\/www.hireimmigrantsottawa.ca\/fr\/eugene-luanda-2\/\">Eugene Luanda<\/a><\/li>\n<li><a title=\"Ghadeer Abou-Shakra\" href=\"http:\/\/www.hireimmigrantsottawa.ca\/fr\/ghadeer-abou-shakra\/\">Ghadeer Abou-Shakra<\/a><\/li>\n<li><a title=\"Exportation et d\u00e9veloppement Canada\" href=\"http:\/\/www.hireimmigrantsottawa.ca\/fr\/exportation-et-developpement-canada\/\">Jeffrey Burrell<\/a><\/li>\n<li><a title=\"Juan Sarmiento\" href=\"http:\/\/www.hireimmigrantsottawa.ca\/fr\/juan-sarmiento-2\/\">Juan Sarmiento<\/a><\/li>\n<li><\/li>\n<\/ul>\n","protected":false},"excerpt":{"rendered":"<p>Exp\u00e9riences r\u00e9ussies des employeurs Les employeurs qui travaillent avec Embauche immigrants Ottawa r\u00e9alisent des choses exceptionnelles et novatrices pour am\u00e9liorer leur capacit\u00e9 d\u2019embaucher et d\u2019int\u00e9grer des immigrants qualifi\u00e9s \u00e0 leur [&hellip;]<\/p>\n","protected":false},"author":12,"featured_media":0,"parent":86,"menu_order":0,"comment_status":"open","ping_status":"closed","template":"media-centre.php","meta":{"_exactmetrics_skip_tracking":false,"_exactmetrics_sitenote_active":false,"_exactmetrics_sitenote_note":"","_exactmetrics_sitenote_category":0,"footnotes":"","_links_to":"","_links_to_target":""},"class_list":["post-251","page","type-page","status-publish","hentry"],"yoast_head":"<!-- This site is optimized with the Yoast SEO plugin v27.5 - https:\/\/yoast.com\/product\/yoast-seo-wordpress\/ -->\n<title>R\u00e9ussites - Hire Immigrants Ottawa<\/title>\n<meta name=\"robots\" content=\"index, follow, max-snippet:-1, max-image-preview:large, max-video-preview:-1\" \/>\n<link rel=\"canonical\" href=\"https:\/\/www.hireimmigrantsottawa.ca\/fr\/centre-des-medias\/reussites\/\" \/>\n<meta property=\"og:locale\" content=\"fr_FR\" \/>\n<meta property=\"og:type\" content=\"article\" \/>\n<meta property=\"og:title\" content=\"R\u00e9ussites - Hire Immigrants Ottawa\" \/>\n<meta property=\"og:description\" content=\"Exp\u00e9riences r\u00e9ussies des employeurs Les employeurs qui travaillent avec Embauche immigrants Ottawa r\u00e9alisent des choses exceptionnelles et novatrices pour am\u00e9liorer leur capacit\u00e9 d\u2019embaucher et d\u2019int\u00e9grer des immigrants qualifi\u00e9s \u00e0 leur [&hellip;]\" \/>\n<meta property=\"og:url\" content=\"https:\/\/www.hireimmigrantsottawa.ca\/fr\/centre-des-medias\/reussites\/\" \/>\n<meta property=\"og:site_name\" content=\"Hire Immigrants Ottawa\" \/>\n<meta property=\"article:modified_time\" content=\"2013-10-09T17:39:27+00:00\" \/>\n<meta property=\"og:image\" content=\"https:\/\/www.hireimmigrantsottawa.ca\/wp-content\/uploads\/2017\/02\/hio-screenshot.png\" \/>\n\t<meta property=\"og:image:width\" content=\"781\" \/>\n\t<meta property=\"og:image:height\" content=\"429\" \/>\n\t<meta property=\"og:image:type\" content=\"image\/png\" \/>\n<meta name=\"twitter:card\" content=\"summary_large_image\" \/>\n<meta name=\"twitter:site\" content=\"@HireImmOttawa\" \/>\n<meta name=\"twitter:label1\" content=\"Dur\u00e9e de lecture estim\u00e9e\" \/>\n\t<meta name=\"twitter:data1\" content=\"1 minute\" \/>\n<script type=\"application\/ld+json\" class=\"yoast-schema-graph\">{\"@context\":\"https:\\\/\\\/schema.org\",\"@graph\":[{\"@type\":\"WebPage\",\"@id\":\"https:\\\/\\\/www.hireimmigrantsottawa.ca\\\/fr\\\/centre-des-medias\\\/reussites\\\/\",\"url\":\"https:\\\/\\\/www.hireimmigrantsottawa.ca\\\/fr\\\/centre-des-medias\\\/reussites\\\/\",\"name\":\"R\u00e9ussites - Hire Immigrants Ottawa\",\"isPartOf\":{\"@id\":\"https:\\\/\\\/www.hireimmigrantsottawa.ca\\\/#website\"},\"datePublished\":\"2013-10-04T00:45:35+00:00\",\"dateModified\":\"2013-10-09T17:39:27+00:00\",\"breadcrumb\":{\"@id\":\"https:\\\/\\\/www.hireimmigrantsottawa.ca\\\/fr\\\/centre-des-medias\\\/reussites\\\/#breadcrumb\"},\"inLanguage\":\"fr-FR\",\"potentialAction\":[{\"@type\":\"ReadAction\",\"target\":[\"https:\\\/\\\/www.hireimmigrantsottawa.ca\\\/fr\\\/centre-des-medias\\\/reussites\\\/\"]}]},{\"@type\":\"BreadcrumbList\",\"@id\":\"https:\\\/\\\/www.hireimmigrantsottawa.ca\\\/fr\\\/centre-des-medias\\\/reussites\\\/#breadcrumb\",\"itemListElement\":[{\"@type\":\"ListItem\",\"position\":1,\"name\":\"Home\",\"item\":\"https:\\\/\\\/www.hireimmigrantsottawa.ca\\\/\"},{\"@type\":\"ListItem\",\"position\":2,\"name\":\"Centre des m\u00e9dias\",\"item\":\"https:\\\/\\\/www.hireimmigrantsottawa.ca\\\/fr\\\/centre-des-medias\\\/\"},{\"@type\":\"ListItem\",\"position\":3,\"name\":\"R\u00e9ussites\"}]},{\"@type\":\"WebSite\",\"@id\":\"https:\\\/\\\/www.hireimmigrantsottawa.ca\\\/#website\",\"url\":\"https:\\\/\\\/www.hireimmigrantsottawa.ca\\\/\",\"name\":\"Hire Immigrants Ottawa\",\"description\":\"increases the capacity of employers to attract and integrate skilled immigrants\",\"publisher\":{\"@id\":\"https:\\\/\\\/www.hireimmigrantsottawa.ca\\\/#organization\"},\"potentialAction\":[{\"@type\":\"SearchAction\",\"target\":{\"@type\":\"EntryPoint\",\"urlTemplate\":\"https:\\\/\\\/www.hireimmigrantsottawa.ca\\\/?s={search_term_string}\"},\"query-input\":{\"@type\":\"PropertyValueSpecification\",\"valueRequired\":true,\"valueName\":\"search_term_string\"}}],\"inLanguage\":\"fr-FR\"},{\"@type\":\"Organization\",\"@id\":\"https:\\\/\\\/www.hireimmigrantsottawa.ca\\\/#organization\",\"name\":\"Hire Immigrants Ottawa\",\"url\":\"https:\\\/\\\/www.hireimmigrantsottawa.ca\\\/\",\"logo\":{\"@type\":\"ImageObject\",\"inLanguage\":\"fr-FR\",\"@id\":\"https:\\\/\\\/www.hireimmigrantsottawa.ca\\\/#\\\/schema\\\/logo\\\/image\\\/\",\"url\":\"https:\\\/\\\/www.hireimmigrantsottawa.ca\\\/wp-content\\\/uploads\\\/2023\\\/10\\\/hio-logo_bow_EN_web.png\",\"contentUrl\":\"https:\\\/\\\/www.hireimmigrantsottawa.ca\\\/wp-content\\\/uploads\\\/2023\\\/10\\\/hio-logo_bow_EN_web.png\",\"width\":745,\"height\":160,\"caption\":\"Hire Immigrants Ottawa\"},\"image\":{\"@id\":\"https:\\\/\\\/www.hireimmigrantsottawa.ca\\\/#\\\/schema\\\/logo\\\/image\\\/\"},\"sameAs\":[\"https:\\\/\\\/x.com\\\/HireImmOttawa\",\"https:\\\/\\\/www.youtube.com\\\/user\\\/hireimmigrantsottawa\"]}]}<\/script>\n<!-- \/ Yoast SEO plugin. -->","yoast_head_json":{"title":"R\u00e9ussites - Hire Immigrants Ottawa","robots":{"index":"index","follow":"follow","max-snippet":"max-snippet:-1","max-image-preview":"max-image-preview:large","max-video-preview":"max-video-preview:-1"},"canonical":"https:\/\/www.hireimmigrantsottawa.ca\/fr\/centre-des-medias\/reussites\/","og_locale":"fr_FR","og_type":"article","og_title":"R\u00e9ussites - Hire Immigrants Ottawa","og_description":"Exp\u00e9riences r\u00e9ussies des employeurs Les employeurs qui travaillent avec Embauche immigrants Ottawa r\u00e9alisent des choses exceptionnelles et novatrices pour am\u00e9liorer leur capacit\u00e9 d\u2019embaucher et d\u2019int\u00e9grer des immigrants qualifi\u00e9s \u00e0 leur [&hellip;]","og_url":"https:\/\/www.hireimmigrantsottawa.ca\/fr\/centre-des-medias\/reussites\/","og_site_name":"Hire Immigrants Ottawa","article_modified_time":"2013-10-09T17:39:27+00:00","og_image":[{"width":781,"height":429,"url":"https:\/\/www.hireimmigrantsottawa.ca\/wp-content\/uploads\/2017\/02\/hio-screenshot.png","type":"image\/png"}],"twitter_card":"summary_large_image","twitter_site":"@HireImmOttawa","twitter_misc":{"Dur\u00e9e de lecture estim\u00e9e":"1 minute"},"schema":{"@context":"https:\/\/schema.org","@graph":[{"@type":"WebPage","@id":"https:\/\/www.hireimmigrantsottawa.ca\/fr\/centre-des-medias\/reussites\/","url":"https:\/\/www.hireimmigrantsottawa.ca\/fr\/centre-des-medias\/reussites\/","name":"R\u00e9ussites - Hire Immigrants Ottawa","isPartOf":{"@id":"https:\/\/www.hireimmigrantsottawa.ca\/#website"},"datePublished":"2013-10-04T00:45:35+00:00","dateModified":"2013-10-09T17:39:27+00:00","breadcrumb":{"@id":"https:\/\/www.hireimmigrantsottawa.ca\/fr\/centre-des-medias\/reussites\/#breadcrumb"},"inLanguage":"fr-FR","potentialAction":[{"@type":"ReadAction","target":["https:\/\/www.hireimmigrantsottawa.ca\/fr\/centre-des-medias\/reussites\/"]}]},{"@type":"BreadcrumbList","@id":"https:\/\/www.hireimmigrantsottawa.ca\/fr\/centre-des-medias\/reussites\/#breadcrumb","itemListElement":[{"@type":"ListItem","position":1,"name":"Home","item":"https:\/\/www.hireimmigrantsottawa.ca\/"},{"@type":"ListItem","position":2,"name":"Centre des m\u00e9dias","item":"https:\/\/www.hireimmigrantsottawa.ca\/fr\/centre-des-medias\/"},{"@type":"ListItem","position":3,"name":"R\u00e9ussites"}]},{"@type":"WebSite","@id":"https:\/\/www.hireimmigrantsottawa.ca\/#website","url":"https:\/\/www.hireimmigrantsottawa.ca\/","name":"Hire Immigrants Ottawa","description":"increases the capacity of employers to attract and integrate skilled immigrants","publisher":{"@id":"https:\/\/www.hireimmigrantsottawa.ca\/#organization"},"potentialAction":[{"@type":"SearchAction","target":{"@type":"EntryPoint","urlTemplate":"https:\/\/www.hireimmigrantsottawa.ca\/?s={search_term_string}"},"query-input":{"@type":"PropertyValueSpecification","valueRequired":true,"valueName":"search_term_string"}}],"inLanguage":"fr-FR"},{"@type":"Organization","@id":"https:\/\/www.hireimmigrantsottawa.ca\/#organization","name":"Hire Immigrants Ottawa","url":"https:\/\/www.hireimmigrantsottawa.ca\/","logo":{"@type":"ImageObject","inLanguage":"fr-FR","@id":"https:\/\/www.hireimmigrantsottawa.ca\/#\/schema\/logo\/image\/","url":"https:\/\/www.hireimmigrantsottawa.ca\/wp-content\/uploads\/2023\/10\/hio-logo_bow_EN_web.png","contentUrl":"https:\/\/www.hireimmigrantsottawa.ca\/wp-content\/uploads\/2023\/10\/hio-logo_bow_EN_web.png","width":745,"height":160,"caption":"Hire Immigrants Ottawa"},"image":{"@id":"https:\/\/www.hireimmigrantsottawa.ca\/#\/schema\/logo\/image\/"},"sameAs":["https:\/\/x.com\/HireImmOttawa","https:\/\/www.youtube.com\/user\/hireimmigrantsottawa"]}]}},"_links":{"self":[{"href":"https:\/\/www.hireimmigrantsottawa.ca\/fr\/wp-json\/wp\/v2\/pages\/251","targetHints":{"allow":["GET"]}}],"collection":[{"href":"https:\/\/www.hireimmigrantsottawa.ca\/fr\/wp-json\/wp\/v2\/pages"}],"about":[{"href":"https:\/\/www.hireimmigrantsottawa.ca\/fr\/wp-json\/wp\/v2\/types\/page"}],"author":[{"embeddable":true,"href":"https:\/\/www.hireimmigrantsottawa.ca\/fr\/wp-json\/wp\/v2\/users\/12"}],"replies":[{"embeddable":true,"href":"https:\/\/www.hireimmigrantsottawa.ca\/fr\/wp-json\/wp\/v2\/comments?post=251"}],"version-history":[{"count":3,"href":"https:\/\/www.hireimmigrantsottawa.ca\/fr\/wp-json\/wp\/v2\/pages\/251\/revisions"}],"predecessor-version":[{"id":680,"href":"https:\/\/www.hireimmigrantsottawa.ca\/fr\/wp-json\/wp\/v2\/pages\/251\/revisions\/680"}],"up":[{"embeddable":true,"href":"https:\/\/www.hireimmigrantsottawa.ca\/fr\/wp-json\/wp\/v2\/pages\/86"}],"wp:attachment":[{"href":"https:\/\/www.hireimmigrantsottawa.ca\/fr\/wp-json\/wp\/v2\/media?parent=251"}],"curies":[{"name":"wp","href":"https:\/\/api.w.org\/{rel}","templated":true}]}}