{"id":243,"date":"2013-10-04T00:38:37","date_gmt":"2013-10-04T00:38:37","guid":{"rendered":"http:\/\/www.hireimmigrantsottawa.ca\/?page_id=243"},"modified":"2019-07-09T09:56:39","modified_gmt":"2019-07-09T13:56:39","slug":"portails-web","status":"publish","type":"page","link":"https:\/\/www.hireimmigrantsottawa.ca\/fr\/pour-les-immigrants\/portails-web\/","title":{"rendered":"Portails Web"},"content":{"rendered":"<p>Cette page contient des liens vers des portails web qui contiennent des ressources et services \u00e0 l\u2019intention des immigrants.<\/p>\n<p><strong><a href=\"http:\/\/www.ottawa.ca\/immigration\" target=\"_blank\" rel=\"noopener noreferrer\">Le portail Web d&rsquo;Immigration Ottawa<\/a><\/strong><br \/>\nBienvenue sur le portail Web d&rsquo;Immigration Ottawa. La Ville d&rsquo;Ottawa ouvre ses portes \u00e0 l&rsquo;immigration et vous invite \u00e0 faire d&rsquo;Ottawa votre nouveau chez-vous. Explorez le site pour en d\u00e9couvrir davantage sur l&rsquo;immigration \u00e0 Ottawa, pour obtenir des liens vers des ressources et ainsi de suite.<\/p>\n<p><strong><a href=\"http:\/\/www.ontario.ca\/fr\/communities\/newcomers\/index.htm\" target=\"_blank\" rel=\"noopener noreferrer\">Portail web Immigration en Ontario<\/a><\/strong><br \/>\nCe portail provincial fournit des renseignements pour les nouveaux arriv\u00e9s avant et apr\u00e8s leur arriv\u00e9e su Canada.\u00a0 Il offre des renseignements au sujet de l\u2019emm\u00e9nagement, de l\u2019\u00e9ducation et de l\u2019emploi.<\/p>\n<p><strong>Il manque quelque chose?\u00a0<\/strong><br \/>\nLes liens dans cette section ont \u00e9t\u00e9 r\u00e9duits afin d\u2019\u00eatre les plus utiles possibles pour les immigrants qualifi\u00e9s. Si vous pensez qu\u2019il manque un \u00e9l\u00e9ment, veuillez nous l\u2019indiquer en faisant parvenir un courriel \u00e0\u00a0<a href=\"https:\/\/mail.google.com\/mail\/?view=cm&amp;fs=1&amp;tf=1&amp;to=info@embaucheimmigrantsottawa.ca\" target=\"_blank\" rel=\"noopener noreferrer\">info@embaucheimmigrantsottawa.ca<\/a><\/p>\n<p>&nbsp;<\/p>\n","protected":false},"excerpt":{"rendered":"<p>Cette page contient des liens vers des portails web qui contiennent des ressources et services \u00e0 l\u2019intention des immigrants. Le portail Web d&rsquo;Immigration Ottawa Bienvenue sur le portail Web d&rsquo;Immigration [&hellip;]<\/p>\n","protected":false},"author":12,"featured_media":0,"parent":83,"menu_order":0,"comment_status":"open","ping_status":"closed","template":"immigrants.php","meta":{"_exactmetrics_skip_tracking":false,"_exactmetrics_sitenote_active":false,"_exactmetrics_sitenote_note":"","_exactmetrics_sitenote_category":0,"footnotes":"","_links_to":"","_links_to_target":""},"class_list":["post-243","page","type-page","status-publish","hentry"],"yoast_head":"<!-- This site is optimized with the Yoast SEO plugin v27.2 - https:\/\/yoast.com\/product\/yoast-seo-wordpress\/ -->\n<title>Portails Web - Hire Immigrants Ottawa<\/title>\n<meta name=\"robots\" content=\"index, follow, max-snippet:-1, max-image-preview:large, max-video-preview:-1\" \/>\n<link rel=\"canonical\" href=\"https:\/\/www.hireimmigrantsottawa.ca\/fr\/pour-les-immigrants\/portails-web\/\" \/>\n<meta property=\"og:locale\" content=\"fr_FR\" \/>\n<meta property=\"og:type\" content=\"article\" \/>\n<meta property=\"og:title\" content=\"Portails Web - Hire Immigrants Ottawa\" \/>\n<meta property=\"og:description\" content=\"Cette page contient des liens vers des portails web qui contiennent des ressources et services \u00e0 l\u2019intention des immigrants. Le portail Web d&rsquo;Immigration Ottawa Bienvenue sur le portail Web d&rsquo;Immigration [&hellip;]\" \/>\n<meta property=\"og:url\" content=\"https:\/\/www.hireimmigrantsottawa.ca\/fr\/pour-les-immigrants\/portails-web\/\" \/>\n<meta property=\"og:site_name\" content=\"Hire Immigrants Ottawa\" \/>\n<meta property=\"article:modified_time\" content=\"2019-07-09T13:56:39+00:00\" \/>\n<meta property=\"og:image\" content=\"https:\/\/www.hireimmigrantsottawa.ca\/wp-content\/uploads\/2017\/02\/hio-screenshot.png\" \/>\n\t<meta property=\"og:image:width\" content=\"781\" \/>\n\t<meta property=\"og:image:height\" content=\"429\" \/>\n\t<meta property=\"og:image:type\" content=\"image\/png\" \/>\n<meta name=\"twitter:card\" content=\"summary_large_image\" \/>\n<meta name=\"twitter:site\" content=\"@HireImmOttawa\" \/>\n<meta name=\"twitter:label1\" content=\"Dur\u00e9e de lecture estim\u00e9e\" \/>\n\t<meta name=\"twitter:data1\" content=\"1 minute\" \/>\n<script type=\"application\/ld+json\" class=\"yoast-schema-graph\">{\"@context\":\"https:\/\/schema.org\",\"@graph\":[{\"@type\":\"WebPage\",\"@id\":\"https:\/\/www.hireimmigrantsottawa.ca\/fr\/pour-les-immigrants\/portails-web\/\",\"url\":\"https:\/\/www.hireimmigrantsottawa.ca\/fr\/pour-les-immigrants\/portails-web\/\",\"name\":\"Portails Web - Hire Immigrants Ottawa\",\"isPartOf\":{\"@id\":\"https:\/\/www.hireimmigrantsottawa.ca\/#website\"},\"datePublished\":\"2013-10-04T00:38:37+00:00\",\"dateModified\":\"2019-07-09T13:56:39+00:00\",\"breadcrumb\":{\"@id\":\"https:\/\/www.hireimmigrantsottawa.ca\/fr\/pour-les-immigrants\/portails-web\/#breadcrumb\"},\"inLanguage\":\"fr-FR\",\"potentialAction\":[{\"@type\":\"ReadAction\",\"target\":[\"https:\/\/www.hireimmigrantsottawa.ca\/fr\/pour-les-immigrants\/portails-web\/\"]}]},{\"@type\":\"BreadcrumbList\",\"@id\":\"https:\/\/www.hireimmigrantsottawa.ca\/fr\/pour-les-immigrants\/portails-web\/#breadcrumb\",\"itemListElement\":[{\"@type\":\"ListItem\",\"position\":1,\"name\":\"Home\",\"item\":\"https:\/\/www.hireimmigrantsottawa.ca\/\"},{\"@type\":\"ListItem\",\"position\":2,\"name\":\"Pour les immigrants\",\"item\":\"https:\/\/www.hireimmigrantsottawa.ca\/fr\/pour-les-immigrants\/\"},{\"@type\":\"ListItem\",\"position\":3,\"name\":\"Portails Web\"}]},{\"@type\":\"WebSite\",\"@id\":\"https:\/\/www.hireimmigrantsottawa.ca\/#website\",\"url\":\"https:\/\/www.hireimmigrantsottawa.ca\/\",\"name\":\"Hire Immigrants Ottawa\",\"description\":\"increases the capacity of employers to attract and integrate skilled immigrants\",\"publisher\":{\"@id\":\"https:\/\/www.hireimmigrantsottawa.ca\/#organization\"},\"potentialAction\":[{\"@type\":\"SearchAction\",\"target\":{\"@type\":\"EntryPoint\",\"urlTemplate\":\"https:\/\/www.hireimmigrantsottawa.ca\/?s={search_term_string}\"},\"query-input\":{\"@type\":\"PropertyValueSpecification\",\"valueRequired\":true,\"valueName\":\"search_term_string\"}}],\"inLanguage\":\"fr-FR\"},{\"@type\":\"Organization\",\"@id\":\"https:\/\/www.hireimmigrantsottawa.ca\/#organization\",\"name\":\"Hire Immigrants Ottawa\",\"url\":\"https:\/\/www.hireimmigrantsottawa.ca\/\",\"logo\":{\"@type\":\"ImageObject\",\"inLanguage\":\"fr-FR\",\"@id\":\"https:\/\/www.hireimmigrantsottawa.ca\/#\/schema\/logo\/image\/\",\"url\":\"https:\/\/www.hireimmigrantsottawa.ca\/wp-content\/uploads\/2023\/10\/hio-logo_bow_EN_web.png\",\"contentUrl\":\"https:\/\/www.hireimmigrantsottawa.ca\/wp-content\/uploads\/2023\/10\/hio-logo_bow_EN_web.png\",\"width\":745,\"height\":160,\"caption\":\"Hire Immigrants Ottawa\"},\"image\":{\"@id\":\"https:\/\/www.hireimmigrantsottawa.ca\/#\/schema\/logo\/image\/\"},\"sameAs\":[\"https:\/\/x.com\/HireImmOttawa\",\"https:\/\/www.youtube.com\/user\/hireimmigrantsottawa\"]}]}<\/script>\n<!-- \/ Yoast SEO plugin. -->","yoast_head_json":{"title":"Portails Web - Hire Immigrants Ottawa","robots":{"index":"index","follow":"follow","max-snippet":"max-snippet:-1","max-image-preview":"max-image-preview:large","max-video-preview":"max-video-preview:-1"},"canonical":"https:\/\/www.hireimmigrantsottawa.ca\/fr\/pour-les-immigrants\/portails-web\/","og_locale":"fr_FR","og_type":"article","og_title":"Portails Web - Hire Immigrants Ottawa","og_description":"Cette page contient des liens vers des portails web qui contiennent des ressources et services \u00e0 l\u2019intention des immigrants. Le portail Web d&rsquo;Immigration Ottawa Bienvenue sur le portail Web d&rsquo;Immigration [&hellip;]","og_url":"https:\/\/www.hireimmigrantsottawa.ca\/fr\/pour-les-immigrants\/portails-web\/","og_site_name":"Hire Immigrants Ottawa","article_modified_time":"2019-07-09T13:56:39+00:00","og_image":[{"width":781,"height":429,"url":"https:\/\/www.hireimmigrantsottawa.ca\/wp-content\/uploads\/2017\/02\/hio-screenshot.png","type":"image\/png"}],"twitter_card":"summary_large_image","twitter_site":"@HireImmOttawa","twitter_misc":{"Dur\u00e9e de lecture estim\u00e9e":"1 minute"},"schema":{"@context":"https:\/\/schema.org","@graph":[{"@type":"WebPage","@id":"https:\/\/www.hireimmigrantsottawa.ca\/fr\/pour-les-immigrants\/portails-web\/","url":"https:\/\/www.hireimmigrantsottawa.ca\/fr\/pour-les-immigrants\/portails-web\/","name":"Portails Web - Hire Immigrants Ottawa","isPartOf":{"@id":"https:\/\/www.hireimmigrantsottawa.ca\/#website"},"datePublished":"2013-10-04T00:38:37+00:00","dateModified":"2019-07-09T13:56:39+00:00","breadcrumb":{"@id":"https:\/\/www.hireimmigrantsottawa.ca\/fr\/pour-les-immigrants\/portails-web\/#breadcrumb"},"inLanguage":"fr-FR","potentialAction":[{"@type":"ReadAction","target":["https:\/\/www.hireimmigrantsottawa.ca\/fr\/pour-les-immigrants\/portails-web\/"]}]},{"@type":"BreadcrumbList","@id":"https:\/\/www.hireimmigrantsottawa.ca\/fr\/pour-les-immigrants\/portails-web\/#breadcrumb","itemListElement":[{"@type":"ListItem","position":1,"name":"Home","item":"https:\/\/www.hireimmigrantsottawa.ca\/"},{"@type":"ListItem","position":2,"name":"Pour les immigrants","item":"https:\/\/www.hireimmigrantsottawa.ca\/fr\/pour-les-immigrants\/"},{"@type":"ListItem","position":3,"name":"Portails Web"}]},{"@type":"WebSite","@id":"https:\/\/www.hireimmigrantsottawa.ca\/#website","url":"https:\/\/www.hireimmigrantsottawa.ca\/","name":"Hire Immigrants Ottawa","description":"increases the capacity of employers to attract and integrate skilled immigrants","publisher":{"@id":"https:\/\/www.hireimmigrantsottawa.ca\/#organization"},"potentialAction":[{"@type":"SearchAction","target":{"@type":"EntryPoint","urlTemplate":"https:\/\/www.hireimmigrantsottawa.ca\/?s={search_term_string}"},"query-input":{"@type":"PropertyValueSpecification","valueRequired":true,"valueName":"search_term_string"}}],"inLanguage":"fr-FR"},{"@type":"Organization","@id":"https:\/\/www.hireimmigrantsottawa.ca\/#organization","name":"Hire Immigrants Ottawa","url":"https:\/\/www.hireimmigrantsottawa.ca\/","logo":{"@type":"ImageObject","inLanguage":"fr-FR","@id":"https:\/\/www.hireimmigrantsottawa.ca\/#\/schema\/logo\/image\/","url":"https:\/\/www.hireimmigrantsottawa.ca\/wp-content\/uploads\/2023\/10\/hio-logo_bow_EN_web.png","contentUrl":"https:\/\/www.hireimmigrantsottawa.ca\/wp-content\/uploads\/2023\/10\/hio-logo_bow_EN_web.png","width":745,"height":160,"caption":"Hire Immigrants Ottawa"},"image":{"@id":"https:\/\/www.hireimmigrantsottawa.ca\/#\/schema\/logo\/image\/"},"sameAs":["https:\/\/x.com\/HireImmOttawa","https:\/\/www.youtube.com\/user\/hireimmigrantsottawa"]}]}},"_links":{"self":[{"href":"https:\/\/www.hireimmigrantsottawa.ca\/fr\/wp-json\/wp\/v2\/pages\/243","targetHints":{"allow":["GET"]}}],"collection":[{"href":"https:\/\/www.hireimmigrantsottawa.ca\/fr\/wp-json\/wp\/v2\/pages"}],"about":[{"href":"https:\/\/www.hireimmigrantsottawa.ca\/fr\/wp-json\/wp\/v2\/types\/page"}],"author":[{"embeddable":true,"href":"https:\/\/www.hireimmigrantsottawa.ca\/fr\/wp-json\/wp\/v2\/users\/12"}],"replies":[{"embeddable":true,"href":"https:\/\/www.hireimmigrantsottawa.ca\/fr\/wp-json\/wp\/v2\/comments?post=243"}],"version-history":[{"count":2,"href":"https:\/\/www.hireimmigrantsottawa.ca\/fr\/wp-json\/wp\/v2\/pages\/243\/revisions"}],"predecessor-version":[{"id":5829,"href":"https:\/\/www.hireimmigrantsottawa.ca\/fr\/wp-json\/wp\/v2\/pages\/243\/revisions\/5829"}],"up":[{"embeddable":true,"href":"https:\/\/www.hireimmigrantsottawa.ca\/fr\/wp-json\/wp\/v2\/pages\/83"}],"wp:attachment":[{"href":"https:\/\/www.hireimmigrantsottawa.ca\/fr\/wp-json\/wp\/v2\/media?parent=243"}],"curies":[{"name":"wp","href":"https:\/\/api.w.org\/{rel}","templated":true}]}}