{"id":219,"date":"2013-10-04T00:21:49","date_gmt":"2013-10-04T00:21:49","guid":{"rendered":"http:\/\/www.hireimmigrantsottawa.ca\/?page_id=219"},"modified":"2019-01-21T15:07:26","modified_gmt":"2019-01-21T20:07:26","slug":"diversite","status":"publish","type":"page","link":"https:\/\/www.hireimmigrantsottawa.ca\/fr\/pour-les-employeurs\/recherche-et-articles\/diversite\/","title":{"rendered":"Diversit\u00e9"},"content":{"rendered":"<h3>Les fruits de la diversit\u00e9 : l\u2019avantage mondial du Canada<\/h3>\n<p><strong>Centre pour l&rsquo;innovation dans la gouvernance internationale (CIGI)<\/strong><br \/>\nUn rapport diffus\u00e9 par <a href=\"https:\/\/www.cigionline.org\/about\">CIGI<\/a> d\u00e9montre un rapport important entre la diversit\u00e9 ethnoculturelle en milieu de travail et l\u2019augmentation de la productivit\u00e9 et des revenus dans divers secteurs. Le rapport pr\u00e9sente \u00e9galement et recommande des strat\u00e9gies visant \u00e0 adresser les obstacles \u00e0 l\u2019inclusion dans les milieux de travail canadiens et dans la soci\u00e9t\u00e9. <a href=\"http:\/\/www.hireimmigrantsottawa.ca\/wp-content\/uploads\/2019\/01\/DiversitySpecial_Report_Full_FRENCH_WEB.pdf\">Lire le rapport\u2026<\/a><\/p>\n<p>&nbsp;<\/p>\n<h3>Projections de la diversit\u00e9 de la population canadienne<\/h3>\n<p><strong>Statistique Canada<\/strong><br \/>\nAvec la persistance du faible taux de f\u00e9condit\u00e9, l\u2019immigration est devenue un aspect dominant de la croissance de la population canadienne, ce qui a entra\u00een\u00e9 des changements d\u00e9mographiques rapides et importants au cours des derni\u00e8res d\u00e9cennies. Le rythme de ces changements varie d\u2019une r\u00e9gion \u00e0 l\u2019autre du pays : bien qu\u2019il soit tr\u00e8s rapide dans les grandes r\u00e9gions m\u00e9tropolitaines, o\u00f9 la plupart des nouveaux arrivants s\u2019\u00e9tablissent, il demeure plut\u00f4t modeste ailleurs au Canada. Le rapport pr\u00e9sente les r\u00e9sultats des nouvelles projections faites par Statistique Canada pour le compte de Patrimoine canadien, de Ressources humaines et D\u00e9veloppement des comp\u00e9tences Canada, ainsi que de Citoyennet\u00e9 et Immigration Canada \u2013 les minist\u00e8res cl\u00e9s charg\u00e9s des hypoth\u00e8ses strat\u00e9giques li\u00e9es \u00e0 ces projections.\u00a0\u00a0\u00a0<a href=\"http:\/\/www.hireimmigrantsottawa.ca\/downloads\/91-551-x2010001-fra.pdf\">Lisez le rapport au complet&gt;&gt;<\/a><\/p>\n<p>&nbsp;<\/p>\n<h3>Quality Of Life in Canadian Communities &#8212; Immigration &amp; Diversity in Canadian Cities &amp; Communities<\/h3>\n<p><strong>F\u00e9d\u00e9ration des municipalit\u00e9s canadiennes<\/strong><br \/>\nCe rapport posrte sur les tendances et les enjeux reli\u00e9s \u00e0 l\u2019immigration et la diversit\u00e9 dans 24 des pus importantes municipalit\u00e9s canadiennes, en comparant et en contrastant trois groupes distincts\u00a0: les non immigrants, les immigrants \u00e9tablis et les immigrants r\u00e9cents.\u00a0 Les objectifs sont s\u2019identifier les enjeux strat\u00e9giques et les d\u00e9fis auxquelles font face les municiplit\u00e9s de taille moyenne, en se basant sur les tendances statistiques, et de d\u00e9crire comment les gouvernements municipaux r\u00e9agissent \u00e0 l\u2019endroit de ces enjeux.\u00a0\u00a0<a title=\"http:\/\/www.fcm.ca\/CMFiles\/QofL%20Report%205%20En1JPA-3192009-2422.pdf\" href=\"http:\/\/www.hireimmigrantsottawa.ca\/downloads\/Immigration_Diversity_Canadian_Cities.pdf\" target=\"_blank\" rel=\"noopener noreferrer\">Lisez le rapport au complet&gt;&gt;<\/a>\u00a0(en anglais seulement)<\/p>\n<p>&nbsp;<\/p>\n<h3>Ottawa\u2019s performance on the 3Ts of Economic Development &#8212; Benchmarking Project: Ontario Competes<\/h3>\n<p><strong>Martin Prosperity Institute<\/strong><br \/>\nCette \u00e9tude compare Ottawa \u00e0 trois r\u00e9gions semblables sur la base de la taille, de la comp\u00e9titivit\u00e9 et de la diversit\u00e9 g\u00e9ographique\u00a0: Austin, TX, Birmingham, AL, Buffalo, NY, Calgary, AB, Indianapolis, IN, Jacksonville, Fl, Memphis, TN, Raleigh, NC, Richmond, BC and San Jose, CA. Ces r\u00e9gions sont \u00e9tudi\u00e9es au niveau d\u2019un certain nombre d\u2019indicateurs qui se classent en trois cat\u00e9gories\u00a0: la techologie, le talent et la tol\u00e9rance.\u00a0\u00a0\u00a0<a href=\"http:\/\/www.hireimmigrantsottawa.ca\/downloads\/Performance_3Ts_Economic_Development.pdf\" target=\"_blank\" rel=\"noopener noreferrer\">Lisez cette \u00e9tude&gt;&gt;<\/a>\u00a0(en anglais seulement).<\/p>\n<p>&nbsp;<\/p>\n<h3>Am\u00e9liorer la diversit\u00e9 culturelle dans le secteur sans but lucratif canadien<\/h3>\n<p><strong>Le HR Council<\/strong><br \/>\nLe HR Council a \u00e9labor\u00e9 une s\u00e9rie en trois parties portant sur l\u2019int\u00e9gration des comp\u00e9tences des nouveaux immigrants et celles des minorit\u00e9s visibles aux organismes sans but lucratif. Le premier rapport traite du contexte qui rend ce processus important. Le deuxi\u00e8me rapport traite des d\u00e9fis et pratiques exemplaires reli\u00e9s au recrutement. Enfin, la troisi\u00e8me partie aborde le maintien en poste des nouveaux immigrants et des minorit\u00e9s visibles.<\/p>\n<p><a href=\"http:\/\/www.hireimmigrantsottawa.ca\/downloads\/Rapport1.pdf\" target=\"_blank\" rel=\"noopener noreferrer\">Rapport 1<\/a>\u00a0\u00a0\u00a0\u00a0\u00a0\u00a0\u00a0\u00a0\u00a0\u00a0\u00a0\u00a0\u00a0\u00a0\u00a0\u00a0\u00a0\u00a0\u00a0\u00a0\u00a0<a href=\"http:\/\/www.hireimmigrantsottawa.ca\/downloads\/Rapport2.pdf\" target=\"_blank\" rel=\"noopener noreferrer\">Rapport 2<\/a>\u00a0\u00a0\u00a0\u00a0\u00a0\u00a0\u00a0\u00a0\u00a0\u00a0\u00a0\u00a0\u00a0\u00a0\u00a0\u00a0\u00a0\u00a0\u00a0\u00a0\u00a0<a href=\"http:\/\/www.hireimmigrantsottawa.ca\/downloads\/Rapport3.pdf\" target=\"_blank\" rel=\"noopener noreferrer\">Rapport 3<\/a><\/p>\n<p>&nbsp;<\/p>\n","protected":false},"excerpt":{"rendered":"<p>Les fruits de la diversit\u00e9 : l\u2019avantage mondial du Canada Centre pour l&rsquo;innovation dans la gouvernance internationale (CIGI) Un rapport diffus\u00e9 par CIGI d\u00e9montre un rapport important entre la diversit\u00e9 [&hellip;]<\/p>\n","protected":false},"author":12,"featured_media":0,"parent":212,"menu_order":0,"comment_status":"open","ping_status":"closed","template":"employers.php","meta":{"_exactmetrics_skip_tracking":false,"_exactmetrics_sitenote_active":false,"_exactmetrics_sitenote_note":"","_exactmetrics_sitenote_category":0,"footnotes":"","_links_to":"","_links_to_target":""},"class_list":["post-219","page","type-page","status-publish","hentry"],"yoast_head":"<!-- This site is optimized with the Yoast SEO plugin v27.2 - https:\/\/yoast.com\/product\/yoast-seo-wordpress\/ -->\n<title>Diversit\u00e9 - Hire Immigrants Ottawa<\/title>\n<meta name=\"robots\" content=\"index, follow, max-snippet:-1, max-image-preview:large, max-video-preview:-1\" \/>\n<link rel=\"canonical\" href=\"https:\/\/www.hireimmigrantsottawa.ca\/fr\/pour-les-employeurs\/recherche-et-articles\/diversite\/\" \/>\n<meta property=\"og:locale\" content=\"fr_FR\" \/>\n<meta property=\"og:type\" content=\"article\" \/>\n<meta property=\"og:title\" content=\"Diversit\u00e9 - Hire Immigrants Ottawa\" \/>\n<meta property=\"og:description\" content=\"Les fruits de la diversit\u00e9 : l\u2019avantage mondial du Canada Centre pour l&rsquo;innovation dans la gouvernance internationale (CIGI) Un rapport diffus\u00e9 par CIGI d\u00e9montre un rapport important entre la diversit\u00e9 [&hellip;]\" \/>\n<meta property=\"og:url\" content=\"https:\/\/www.hireimmigrantsottawa.ca\/fr\/pour-les-employeurs\/recherche-et-articles\/diversite\/\" \/>\n<meta property=\"og:site_name\" content=\"Hire Immigrants Ottawa\" \/>\n<meta property=\"article:modified_time\" content=\"2019-01-21T20:07:26+00:00\" \/>\n<meta property=\"og:image\" content=\"https:\/\/www.hireimmigrantsottawa.ca\/wp-content\/uploads\/2017\/02\/hio-screenshot.png\" \/>\n\t<meta property=\"og:image:width\" content=\"781\" \/>\n\t<meta property=\"og:image:height\" content=\"429\" \/>\n\t<meta property=\"og:image:type\" content=\"image\/png\" \/>\n<meta name=\"twitter:card\" content=\"summary_large_image\" \/>\n<meta name=\"twitter:site\" content=\"@HireImmOttawa\" \/>\n<meta name=\"twitter:label1\" content=\"Dur\u00e9e de lecture estim\u00e9e\" \/>\n\t<meta name=\"twitter:data1\" content=\"3 minutes\" \/>\n<script type=\"application\/ld+json\" class=\"yoast-schema-graph\">{\"@context\":\"https:\/\/schema.org\",\"@graph\":[{\"@type\":\"WebPage\",\"@id\":\"https:\/\/www.hireimmigrantsottawa.ca\/fr\/pour-les-employeurs\/recherche-et-articles\/diversite\/\",\"url\":\"https:\/\/www.hireimmigrantsottawa.ca\/fr\/pour-les-employeurs\/recherche-et-articles\/diversite\/\",\"name\":\"Diversit\u00e9 - Hire Immigrants Ottawa\",\"isPartOf\":{\"@id\":\"https:\/\/www.hireimmigrantsottawa.ca\/#website\"},\"datePublished\":\"2013-10-04T00:21:49+00:00\",\"dateModified\":\"2019-01-21T20:07:26+00:00\",\"breadcrumb\":{\"@id\":\"https:\/\/www.hireimmigrantsottawa.ca\/fr\/pour-les-employeurs\/recherche-et-articles\/diversite\/#breadcrumb\"},\"inLanguage\":\"fr-FR\",\"potentialAction\":[{\"@type\":\"ReadAction\",\"target\":[\"https:\/\/www.hireimmigrantsottawa.ca\/fr\/pour-les-employeurs\/recherche-et-articles\/diversite\/\"]}]},{\"@type\":\"BreadcrumbList\",\"@id\":\"https:\/\/www.hireimmigrantsottawa.ca\/fr\/pour-les-employeurs\/recherche-et-articles\/diversite\/#breadcrumb\",\"itemListElement\":[{\"@type\":\"ListItem\",\"position\":1,\"name\":\"Home\",\"item\":\"https:\/\/www.hireimmigrantsottawa.ca\/\"},{\"@type\":\"ListItem\",\"position\":2,\"name\":\"Pour les employeurs\",\"item\":\"https:\/\/www.hireimmigrantsottawa.ca\/fr\/pour-les-employeurs\/\"},{\"@type\":\"ListItem\",\"position\":3,\"name\":\"Recherche et articles\",\"item\":\"https:\/\/www.hireimmigrantsottawa.ca\/fr\/pour-les-employeurs\/recherche-et-articles\/\"},{\"@type\":\"ListItem\",\"position\":4,\"name\":\"Diversit\u00e9\"}]},{\"@type\":\"WebSite\",\"@id\":\"https:\/\/www.hireimmigrantsottawa.ca\/#website\",\"url\":\"https:\/\/www.hireimmigrantsottawa.ca\/\",\"name\":\"Hire Immigrants Ottawa\",\"description\":\"increases the capacity of employers to attract and integrate skilled immigrants\",\"publisher\":{\"@id\":\"https:\/\/www.hireimmigrantsottawa.ca\/#organization\"},\"potentialAction\":[{\"@type\":\"SearchAction\",\"target\":{\"@type\":\"EntryPoint\",\"urlTemplate\":\"https:\/\/www.hireimmigrantsottawa.ca\/?s={search_term_string}\"},\"query-input\":{\"@type\":\"PropertyValueSpecification\",\"valueRequired\":true,\"valueName\":\"search_term_string\"}}],\"inLanguage\":\"fr-FR\"},{\"@type\":\"Organization\",\"@id\":\"https:\/\/www.hireimmigrantsottawa.ca\/#organization\",\"name\":\"Hire Immigrants Ottawa\",\"url\":\"https:\/\/www.hireimmigrantsottawa.ca\/\",\"logo\":{\"@type\":\"ImageObject\",\"inLanguage\":\"fr-FR\",\"@id\":\"https:\/\/www.hireimmigrantsottawa.ca\/#\/schema\/logo\/image\/\",\"url\":\"https:\/\/www.hireimmigrantsottawa.ca\/wp-content\/uploads\/2023\/10\/hio-logo_bow_EN_web.png\",\"contentUrl\":\"https:\/\/www.hireimmigrantsottawa.ca\/wp-content\/uploads\/2023\/10\/hio-logo_bow_EN_web.png\",\"width\":745,\"height\":160,\"caption\":\"Hire Immigrants Ottawa\"},\"image\":{\"@id\":\"https:\/\/www.hireimmigrantsottawa.ca\/#\/schema\/logo\/image\/\"},\"sameAs\":[\"https:\/\/x.com\/HireImmOttawa\",\"https:\/\/www.youtube.com\/user\/hireimmigrantsottawa\"]}]}<\/script>\n<!-- \/ Yoast SEO plugin. -->","yoast_head_json":{"title":"Diversit\u00e9 - Hire Immigrants Ottawa","robots":{"index":"index","follow":"follow","max-snippet":"max-snippet:-1","max-image-preview":"max-image-preview:large","max-video-preview":"max-video-preview:-1"},"canonical":"https:\/\/www.hireimmigrantsottawa.ca\/fr\/pour-les-employeurs\/recherche-et-articles\/diversite\/","og_locale":"fr_FR","og_type":"article","og_title":"Diversit\u00e9 - Hire Immigrants Ottawa","og_description":"Les fruits de la diversit\u00e9 : l\u2019avantage mondial du Canada Centre pour l&rsquo;innovation dans la gouvernance internationale (CIGI) Un rapport diffus\u00e9 par CIGI d\u00e9montre un rapport important entre la diversit\u00e9 [&hellip;]","og_url":"https:\/\/www.hireimmigrantsottawa.ca\/fr\/pour-les-employeurs\/recherche-et-articles\/diversite\/","og_site_name":"Hire Immigrants Ottawa","article_modified_time":"2019-01-21T20:07:26+00:00","og_image":[{"width":781,"height":429,"url":"https:\/\/www.hireimmigrantsottawa.ca\/wp-content\/uploads\/2017\/02\/hio-screenshot.png","type":"image\/png"}],"twitter_card":"summary_large_image","twitter_site":"@HireImmOttawa","twitter_misc":{"Dur\u00e9e de lecture estim\u00e9e":"3 minutes"},"schema":{"@context":"https:\/\/schema.org","@graph":[{"@type":"WebPage","@id":"https:\/\/www.hireimmigrantsottawa.ca\/fr\/pour-les-employeurs\/recherche-et-articles\/diversite\/","url":"https:\/\/www.hireimmigrantsottawa.ca\/fr\/pour-les-employeurs\/recherche-et-articles\/diversite\/","name":"Diversit\u00e9 - Hire Immigrants Ottawa","isPartOf":{"@id":"https:\/\/www.hireimmigrantsottawa.ca\/#website"},"datePublished":"2013-10-04T00:21:49+00:00","dateModified":"2019-01-21T20:07:26+00:00","breadcrumb":{"@id":"https:\/\/www.hireimmigrantsottawa.ca\/fr\/pour-les-employeurs\/recherche-et-articles\/diversite\/#breadcrumb"},"inLanguage":"fr-FR","potentialAction":[{"@type":"ReadAction","target":["https:\/\/www.hireimmigrantsottawa.ca\/fr\/pour-les-employeurs\/recherche-et-articles\/diversite\/"]}]},{"@type":"BreadcrumbList","@id":"https:\/\/www.hireimmigrantsottawa.ca\/fr\/pour-les-employeurs\/recherche-et-articles\/diversite\/#breadcrumb","itemListElement":[{"@type":"ListItem","position":1,"name":"Home","item":"https:\/\/www.hireimmigrantsottawa.ca\/"},{"@type":"ListItem","position":2,"name":"Pour les employeurs","item":"https:\/\/www.hireimmigrantsottawa.ca\/fr\/pour-les-employeurs\/"},{"@type":"ListItem","position":3,"name":"Recherche et articles","item":"https:\/\/www.hireimmigrantsottawa.ca\/fr\/pour-les-employeurs\/recherche-et-articles\/"},{"@type":"ListItem","position":4,"name":"Diversit\u00e9"}]},{"@type":"WebSite","@id":"https:\/\/www.hireimmigrantsottawa.ca\/#website","url":"https:\/\/www.hireimmigrantsottawa.ca\/","name":"Hire Immigrants Ottawa","description":"increases the capacity of employers to attract and integrate skilled immigrants","publisher":{"@id":"https:\/\/www.hireimmigrantsottawa.ca\/#organization"},"potentialAction":[{"@type":"SearchAction","target":{"@type":"EntryPoint","urlTemplate":"https:\/\/www.hireimmigrantsottawa.ca\/?s={search_term_string}"},"query-input":{"@type":"PropertyValueSpecification","valueRequired":true,"valueName":"search_term_string"}}],"inLanguage":"fr-FR"},{"@type":"Organization","@id":"https:\/\/www.hireimmigrantsottawa.ca\/#organization","name":"Hire Immigrants Ottawa","url":"https:\/\/www.hireimmigrantsottawa.ca\/","logo":{"@type":"ImageObject","inLanguage":"fr-FR","@id":"https:\/\/www.hireimmigrantsottawa.ca\/#\/schema\/logo\/image\/","url":"https:\/\/www.hireimmigrantsottawa.ca\/wp-content\/uploads\/2023\/10\/hio-logo_bow_EN_web.png","contentUrl":"https:\/\/www.hireimmigrantsottawa.ca\/wp-content\/uploads\/2023\/10\/hio-logo_bow_EN_web.png","width":745,"height":160,"caption":"Hire Immigrants Ottawa"},"image":{"@id":"https:\/\/www.hireimmigrantsottawa.ca\/#\/schema\/logo\/image\/"},"sameAs":["https:\/\/x.com\/HireImmOttawa","https:\/\/www.youtube.com\/user\/hireimmigrantsottawa"]}]}},"_links":{"self":[{"href":"https:\/\/www.hireimmigrantsottawa.ca\/fr\/wp-json\/wp\/v2\/pages\/219","targetHints":{"allow":["GET"]}}],"collection":[{"href":"https:\/\/www.hireimmigrantsottawa.ca\/fr\/wp-json\/wp\/v2\/pages"}],"about":[{"href":"https:\/\/www.hireimmigrantsottawa.ca\/fr\/wp-json\/wp\/v2\/types\/page"}],"author":[{"embeddable":true,"href":"https:\/\/www.hireimmigrantsottawa.ca\/fr\/wp-json\/wp\/v2\/users\/12"}],"replies":[{"embeddable":true,"href":"https:\/\/www.hireimmigrantsottawa.ca\/fr\/wp-json\/wp\/v2\/comments?post=219"}],"version-history":[{"count":8,"href":"https:\/\/www.hireimmigrantsottawa.ca\/fr\/wp-json\/wp\/v2\/pages\/219\/revisions"}],"predecessor-version":[{"id":5474,"href":"https:\/\/www.hireimmigrantsottawa.ca\/fr\/wp-json\/wp\/v2\/pages\/219\/revisions\/5474"}],"up":[{"embeddable":true,"href":"https:\/\/www.hireimmigrantsottawa.ca\/fr\/wp-json\/wp\/v2\/pages\/212"}],"wp:attachment":[{"href":"https:\/\/www.hireimmigrantsottawa.ca\/fr\/wp-json\/wp\/v2\/media?parent=219"}],"curies":[{"name":"wp","href":"https:\/\/api.w.org\/{rel}","templated":true}]}}