{"id":199,"date":"2013-10-04T00:12:11","date_gmt":"2013-10-04T00:12:11","guid":{"rendered":"http:\/\/www.hireimmigrantsottawa.ca\/?page_id=199"},"modified":"2025-01-13T15:58:48","modified_gmt":"2025-01-13T20:58:48","slug":"histoires-de-reussite","status":"publish","type":"page","link":"https:\/\/www.hireimmigrantsottawa.ca\/fr\/pour-les-employeurs\/histoires-de-reussite\/","title":{"rendered":"Histoires de r\u00e9ussite"},"content":{"rendered":"<h2>S\u00e9rie d\u2019\u00e9tudes de cas portant sur des employeurs<\/h2>\n<p>La s\u00e9rie d\u2019\u00e9tudes de cas portant sur des employeurs pr\u00e9sente des entreprises et des organismes d&rsquo;Ottawa dont les pratiques en mati\u00e8re de recrutement, d&rsquo;int\u00e9gration et de maintien en poste des immigrants qualifi\u00e9s sont exemplaires et innovatrices.<\/p>\n<table style=\"font-size: 12px; width: 915px; height: 786px;\" border=\"0\">\n<tbody>\n<tr valign=\"top\">\n<td><img decoding=\"async\" src=\"http:\/\/www.hireimmigrantsottawa.ca\/Francais\/Pour-les-employeurs\/images\/City-of-Ottawa_000.jpg\" alt=\"City of Ottawa logo\" width=\"100\" height=\"42\" hspace=\"35\" vspace=\"5\" \/><\/td>\n<td><strong>Ville d\u2019Ottawa : Optique d\u2019\u00e9quit\u00e9 et d\u2019inclusion<br \/>\n<\/strong>Avec plus de 17 000 employ\u00e9s offrant des centaines de services, la ville d\u2019Ottawa est engag\u00e9e \u00e0 offrir des services de qualit\u00e9 en mettant en place une force de travail hautement qualifi\u00e9e qui refl\u00e8te la population diversifi\u00e9e qu\u2019elle dessert.\u00a0<a href=\"http:\/\/www.hireimmigrantsottawa.ca\/downloads\/HIO_City_of_Ottawa_CaseStudy_FR.pdf\">Lire l\u2019\u00e9tude de cas.<\/a><\/td>\n<\/tr>\n<tr valign=\"top\">\n<td><\/td>\n<td><\/td>\n<\/tr>\n<tr valign=\"top\">\n<td><img decoding=\"async\" src=\"http:\/\/www.hireimmigrantsottawa.ca\/Francais\/Pour-les-employeurs\/images\/TD_000.jpg\" alt=\"TD logo\" width=\"100\" height=\"89\" hspace=\"35\" vspace=\"5\" \/><\/td>\n<td><strong>Faire de la diversit\u00e9 et de l\u2019inclusion une priorit\u00e9 strat\u00e9gique<br \/>\n<\/strong>\u00ab Notre client\u00e8le souhaite que sa banque soit \u00e0 son image \u00bb, d\u00e9clare Christine Stigter, gestionnaire principale, Diversit\u00e9 et int\u00e9gration, au sein du Groupe Banque TD, l\u2019une des plus importantes institutions financi\u00e8res au Canada.\u00a0<a href=\"http:\/\/www.hireimmigrantsottawa.ca\/downloads\/HIO_TD-CaseStudy_FR.pdf\">Lire l\u2019\u00e9tude de cas<\/a><\/td>\n<\/tr>\n<tr valign=\"top\">\n<td><\/td>\n<td><\/td>\n<\/tr>\n<tr valign=\"top\">\n<td width=\"182\"><img decoding=\"async\" src=\"http:\/\/www.hireimmigrantsottawa.ca\/Francais\/Pour-les-employeurs\/images\/Algonquin.png\" alt=\"Algonquin logo\" width=\"135\" height=\"36\" align=\"left\" hspace=\"23\" vspace=\"5\" \/><\/td>\n<td width=\"289\"><strong>Le Coll\u00e8ge Algonquin : Cr\u00e9er une main-d\u2019\u0153uvre diversifi\u00e9e et inclusive<br \/>\n<\/strong>Leader dans le secteur de l\u2019\u00e9ducation post-secondaire et comptant plus de 50 000 \u00e9tudiants \u00e0 temps plein et \u00e0 temps partiel, le Coll\u00e8ge Algonquin reconna\u00eet les bienfaits \u00e9ducatifs et \u00e9conomiques d\u2019une main d\u2019\u0153uvre diverse et vari\u00e9e.\u00a0<a href=\"http:\/\/www.hireimmigrantsottawa.ca\/downloads\/Algonquincasestudy_Fr_Sept202013-begaim.pdf\">Lire l\u2019\u00e9tude de cas<\/a><\/td>\n<\/tr>\n<tr valign=\"top\">\n<td width=\"182\"><\/td>\n<td width=\"289\"><\/td>\n<\/tr>\n<tr valign=\"top\">\n<td><img loading=\"lazy\" decoding=\"async\" src=\"http:\/\/hireimmigrantsottawa.ca\/Francais\/Pour-les-employeurs\/images\/RBC.png\" alt=\"RBC logo\" width=\"110\" height=\"124\" align=\"left\" hspace=\"35\" vspace=\"5\" \/><\/td>\n<td><strong>Cr\u00e9er une main-d\u2019oeuvre diversifi\u00e9e et inclusive qui repr\u00e9sente l\u2019ensemble de la communaut\u00e9<br \/>\n<\/strong>RBC, qui est l\u2019une des plus importantes institutions financi\u00e8res en\u00a0Am\u00e9rique du Nord, emploie quelque 80 000 personnes \u00e0 travers le\u00a0monde. <a href=\"http:\/\/www.hireimmigrantsottawa.ca\/downloads\/HIORBCCaseFRWEBFinal.pdf\" target=\"_blank\" rel=\"noopener\">Lire l\u2019\u00e9tude de cas<\/a><\/td>\n<\/tr>\n<tr valign=\"top\">\n<td><\/td>\n<td><\/td>\n<\/tr>\n<tr valign=\"top\">\n<td><img loading=\"lazy\" decoding=\"async\" src=\"http:\/\/hireimmigrantsottawa.ca\/Francais\/Pour-les-employeurs\/images\/Pythian_logo_RGB_RegistrationMark.jpg\" alt=\"Pythian logo\" width=\"130\" height=\"65\" align=\"left\" hspace=\"25\" vspace=\"5\" \/><\/td>\n<td><strong>Pythian recherche de la main-d\u2019oeuvre qualifi\u00e9e pour soutenir son entreprise mondiale en expansion<br \/>\n<\/strong>Pythian est une soci\u00e9t\u00e9 d\u2019experts-conseils et de gestion de bases de donn\u00e9es \u00e0 distance.\u00a0<a title=\"Pythian Case Study\" href=\"http:\/\/www.hireimmigrantsottawa.ca\/wp-content\/uploads\/2014\/03\/HIO_PythianCaseFRWEB.pdf\" target=\"_blank\" rel=\"noopener\">Lire l\u2019\u00e9tude de cas.<\/a><\/td>\n<\/tr>\n<\/tbody>\n<\/table>\n<p>&nbsp;<\/p>\n","protected":false},"excerpt":{"rendered":"<p>S\u00e9rie d\u2019\u00e9tudes de cas portant sur des employeurs La s\u00e9rie d\u2019\u00e9tudes de cas portant sur des employeurs pr\u00e9sente des entreprises et des organismes d&rsquo;Ottawa dont les pratiques en mati\u00e8re de [&hellip;]<\/p>\n","protected":false},"author":12,"featured_media":0,"parent":81,"menu_order":0,"comment_status":"closed","ping_status":"closed","template":"","meta":{"_exactmetrics_skip_tracking":false,"_exactmetrics_sitenote_active":false,"_exactmetrics_sitenote_note":"","_exactmetrics_sitenote_category":0,"footnotes":"","_links_to":"","_links_to_target":""},"class_list":["post-199","page","type-page","status-publish","hentry"],"yoast_head":"<!-- This site is optimized with the Yoast SEO plugin v27.2 - https:\/\/yoast.com\/product\/yoast-seo-wordpress\/ -->\n<title>Histoires de r\u00e9ussite - Hire Immigrants Ottawa<\/title>\n<meta name=\"robots\" content=\"index, follow, max-snippet:-1, max-image-preview:large, max-video-preview:-1\" \/>\n<link rel=\"canonical\" href=\"https:\/\/www.hireimmigrantsottawa.ca\/fr\/pour-les-employeurs\/histoires-de-reussite\/\" \/>\n<meta property=\"og:locale\" content=\"fr_FR\" \/>\n<meta property=\"og:type\" content=\"article\" \/>\n<meta property=\"og:title\" content=\"Histoires de r\u00e9ussite - Hire Immigrants Ottawa\" \/>\n<meta property=\"og:description\" content=\"S\u00e9rie d\u2019\u00e9tudes de cas portant sur des employeurs La s\u00e9rie d\u2019\u00e9tudes de cas portant sur des employeurs pr\u00e9sente des entreprises et des organismes d&rsquo;Ottawa dont les pratiques en mati\u00e8re de [&hellip;]\" \/>\n<meta property=\"og:url\" content=\"https:\/\/www.hireimmigrantsottawa.ca\/fr\/pour-les-employeurs\/histoires-de-reussite\/\" \/>\n<meta property=\"og:site_name\" content=\"Hire Immigrants Ottawa\" \/>\n<meta property=\"article:modified_time\" content=\"2025-01-13T20:58:48+00:00\" \/>\n<meta property=\"og:image\" content=\"http:\/\/www.hireimmigrantsottawa.ca\/Francais\/Pour-les-employeurs\/images\/City-of-Ottawa_000.jpg\" \/>\n<meta name=\"twitter:card\" content=\"summary_large_image\" \/>\n<meta name=\"twitter:site\" content=\"@HireImmOttawa\" \/>\n<meta name=\"twitter:label1\" content=\"Dur\u00e9e de lecture estim\u00e9e\" \/>\n\t<meta name=\"twitter:data1\" content=\"3 minutes\" \/>\n<script type=\"application\/ld+json\" class=\"yoast-schema-graph\">{\"@context\":\"https:\/\/schema.org\",\"@graph\":[{\"@type\":\"WebPage\",\"@id\":\"https:\/\/www.hireimmigrantsottawa.ca\/fr\/pour-les-employeurs\/histoires-de-reussite\/\",\"url\":\"https:\/\/www.hireimmigrantsottawa.ca\/fr\/pour-les-employeurs\/histoires-de-reussite\/\",\"name\":\"Histoires de r\u00e9ussite - Hire Immigrants Ottawa\",\"isPartOf\":{\"@id\":\"https:\/\/www.hireimmigrantsottawa.ca\/#website\"},\"primaryImageOfPage\":{\"@id\":\"https:\/\/www.hireimmigrantsottawa.ca\/fr\/pour-les-employeurs\/histoires-de-reussite\/#primaryimage\"},\"image\":{\"@id\":\"https:\/\/www.hireimmigrantsottawa.ca\/fr\/pour-les-employeurs\/histoires-de-reussite\/#primaryimage\"},\"thumbnailUrl\":\"http:\/\/www.hireimmigrantsottawa.ca\/Francais\/Pour-les-employeurs\/images\/City-of-Ottawa_000.jpg\",\"datePublished\":\"2013-10-04T00:12:11+00:00\",\"dateModified\":\"2025-01-13T20:58:48+00:00\",\"breadcrumb\":{\"@id\":\"https:\/\/www.hireimmigrantsottawa.ca\/fr\/pour-les-employeurs\/histoires-de-reussite\/#breadcrumb\"},\"inLanguage\":\"fr-FR\",\"potentialAction\":[{\"@type\":\"ReadAction\",\"target\":[\"https:\/\/www.hireimmigrantsottawa.ca\/fr\/pour-les-employeurs\/histoires-de-reussite\/\"]}]},{\"@type\":\"ImageObject\",\"inLanguage\":\"fr-FR\",\"@id\":\"https:\/\/www.hireimmigrantsottawa.ca\/fr\/pour-les-employeurs\/histoires-de-reussite\/#primaryimage\",\"url\":\"http:\/\/www.hireimmigrantsottawa.ca\/Francais\/Pour-les-employeurs\/images\/City-of-Ottawa_000.jpg\",\"contentUrl\":\"http:\/\/www.hireimmigrantsottawa.ca\/Francais\/Pour-les-employeurs\/images\/City-of-Ottawa_000.jpg\"},{\"@type\":\"BreadcrumbList\",\"@id\":\"https:\/\/www.hireimmigrantsottawa.ca\/fr\/pour-les-employeurs\/histoires-de-reussite\/#breadcrumb\",\"itemListElement\":[{\"@type\":\"ListItem\",\"position\":1,\"name\":\"Home\",\"item\":\"https:\/\/www.hireimmigrantsottawa.ca\/\"},{\"@type\":\"ListItem\",\"position\":2,\"name\":\"Pour les employeurs\",\"item\":\"https:\/\/www.hireimmigrantsottawa.ca\/fr\/pour-les-employeurs\/\"},{\"@type\":\"ListItem\",\"position\":3,\"name\":\"Histoires de r\u00e9ussite\"}]},{\"@type\":\"WebSite\",\"@id\":\"https:\/\/www.hireimmigrantsottawa.ca\/#website\",\"url\":\"https:\/\/www.hireimmigrantsottawa.ca\/\",\"name\":\"Hire Immigrants Ottawa\",\"description\":\"increases the capacity of employers to attract and integrate skilled immigrants\",\"publisher\":{\"@id\":\"https:\/\/www.hireimmigrantsottawa.ca\/#organization\"},\"potentialAction\":[{\"@type\":\"SearchAction\",\"target\":{\"@type\":\"EntryPoint\",\"urlTemplate\":\"https:\/\/www.hireimmigrantsottawa.ca\/?s={search_term_string}\"},\"query-input\":{\"@type\":\"PropertyValueSpecification\",\"valueRequired\":true,\"valueName\":\"search_term_string\"}}],\"inLanguage\":\"fr-FR\"},{\"@type\":\"Organization\",\"@id\":\"https:\/\/www.hireimmigrantsottawa.ca\/#organization\",\"name\":\"Hire Immigrants Ottawa\",\"url\":\"https:\/\/www.hireimmigrantsottawa.ca\/\",\"logo\":{\"@type\":\"ImageObject\",\"inLanguage\":\"fr-FR\",\"@id\":\"https:\/\/www.hireimmigrantsottawa.ca\/#\/schema\/logo\/image\/\",\"url\":\"https:\/\/www.hireimmigrantsottawa.ca\/wp-content\/uploads\/2023\/10\/hio-logo_bow_EN_web.png\",\"contentUrl\":\"https:\/\/www.hireimmigrantsottawa.ca\/wp-content\/uploads\/2023\/10\/hio-logo_bow_EN_web.png\",\"width\":745,\"height\":160,\"caption\":\"Hire Immigrants Ottawa\"},\"image\":{\"@id\":\"https:\/\/www.hireimmigrantsottawa.ca\/#\/schema\/logo\/image\/\"},\"sameAs\":[\"https:\/\/x.com\/HireImmOttawa\",\"https:\/\/www.youtube.com\/user\/hireimmigrantsottawa\"]}]}<\/script>\n<!-- \/ Yoast SEO plugin. -->","yoast_head_json":{"title":"Histoires de r\u00e9ussite - Hire Immigrants Ottawa","robots":{"index":"index","follow":"follow","max-snippet":"max-snippet:-1","max-image-preview":"max-image-preview:large","max-video-preview":"max-video-preview:-1"},"canonical":"https:\/\/www.hireimmigrantsottawa.ca\/fr\/pour-les-employeurs\/histoires-de-reussite\/","og_locale":"fr_FR","og_type":"article","og_title":"Histoires de r\u00e9ussite - Hire Immigrants Ottawa","og_description":"S\u00e9rie d\u2019\u00e9tudes de cas portant sur des employeurs La s\u00e9rie d\u2019\u00e9tudes de cas portant sur des employeurs pr\u00e9sente des entreprises et des organismes d&rsquo;Ottawa dont les pratiques en mati\u00e8re de [&hellip;]","og_url":"https:\/\/www.hireimmigrantsottawa.ca\/fr\/pour-les-employeurs\/histoires-de-reussite\/","og_site_name":"Hire Immigrants Ottawa","article_modified_time":"2025-01-13T20:58:48+00:00","og_image":[{"url":"http:\/\/www.hireimmigrantsottawa.ca\/Francais\/Pour-les-employeurs\/images\/City-of-Ottawa_000.jpg","type":"","width":"","height":""}],"twitter_card":"summary_large_image","twitter_site":"@HireImmOttawa","twitter_misc":{"Dur\u00e9e de lecture estim\u00e9e":"3 minutes"},"schema":{"@context":"https:\/\/schema.org","@graph":[{"@type":"WebPage","@id":"https:\/\/www.hireimmigrantsottawa.ca\/fr\/pour-les-employeurs\/histoires-de-reussite\/","url":"https:\/\/www.hireimmigrantsottawa.ca\/fr\/pour-les-employeurs\/histoires-de-reussite\/","name":"Histoires de r\u00e9ussite - Hire Immigrants Ottawa","isPartOf":{"@id":"https:\/\/www.hireimmigrantsottawa.ca\/#website"},"primaryImageOfPage":{"@id":"https:\/\/www.hireimmigrantsottawa.ca\/fr\/pour-les-employeurs\/histoires-de-reussite\/#primaryimage"},"image":{"@id":"https:\/\/www.hireimmigrantsottawa.ca\/fr\/pour-les-employeurs\/histoires-de-reussite\/#primaryimage"},"thumbnailUrl":"http:\/\/www.hireimmigrantsottawa.ca\/Francais\/Pour-les-employeurs\/images\/City-of-Ottawa_000.jpg","datePublished":"2013-10-04T00:12:11+00:00","dateModified":"2025-01-13T20:58:48+00:00","breadcrumb":{"@id":"https:\/\/www.hireimmigrantsottawa.ca\/fr\/pour-les-employeurs\/histoires-de-reussite\/#breadcrumb"},"inLanguage":"fr-FR","potentialAction":[{"@type":"ReadAction","target":["https:\/\/www.hireimmigrantsottawa.ca\/fr\/pour-les-employeurs\/histoires-de-reussite\/"]}]},{"@type":"ImageObject","inLanguage":"fr-FR","@id":"https:\/\/www.hireimmigrantsottawa.ca\/fr\/pour-les-employeurs\/histoires-de-reussite\/#primaryimage","url":"http:\/\/www.hireimmigrantsottawa.ca\/Francais\/Pour-les-employeurs\/images\/City-of-Ottawa_000.jpg","contentUrl":"http:\/\/www.hireimmigrantsottawa.ca\/Francais\/Pour-les-employeurs\/images\/City-of-Ottawa_000.jpg"},{"@type":"BreadcrumbList","@id":"https:\/\/www.hireimmigrantsottawa.ca\/fr\/pour-les-employeurs\/histoires-de-reussite\/#breadcrumb","itemListElement":[{"@type":"ListItem","position":1,"name":"Home","item":"https:\/\/www.hireimmigrantsottawa.ca\/"},{"@type":"ListItem","position":2,"name":"Pour les employeurs","item":"https:\/\/www.hireimmigrantsottawa.ca\/fr\/pour-les-employeurs\/"},{"@type":"ListItem","position":3,"name":"Histoires de r\u00e9ussite"}]},{"@type":"WebSite","@id":"https:\/\/www.hireimmigrantsottawa.ca\/#website","url":"https:\/\/www.hireimmigrantsottawa.ca\/","name":"Hire Immigrants Ottawa","description":"increases the capacity of employers to attract and integrate skilled immigrants","publisher":{"@id":"https:\/\/www.hireimmigrantsottawa.ca\/#organization"},"potentialAction":[{"@type":"SearchAction","target":{"@type":"EntryPoint","urlTemplate":"https:\/\/www.hireimmigrantsottawa.ca\/?s={search_term_string}"},"query-input":{"@type":"PropertyValueSpecification","valueRequired":true,"valueName":"search_term_string"}}],"inLanguage":"fr-FR"},{"@type":"Organization","@id":"https:\/\/www.hireimmigrantsottawa.ca\/#organization","name":"Hire Immigrants Ottawa","url":"https:\/\/www.hireimmigrantsottawa.ca\/","logo":{"@type":"ImageObject","inLanguage":"fr-FR","@id":"https:\/\/www.hireimmigrantsottawa.ca\/#\/schema\/logo\/image\/","url":"https:\/\/www.hireimmigrantsottawa.ca\/wp-content\/uploads\/2023\/10\/hio-logo_bow_EN_web.png","contentUrl":"https:\/\/www.hireimmigrantsottawa.ca\/wp-content\/uploads\/2023\/10\/hio-logo_bow_EN_web.png","width":745,"height":160,"caption":"Hire Immigrants Ottawa"},"image":{"@id":"https:\/\/www.hireimmigrantsottawa.ca\/#\/schema\/logo\/image\/"},"sameAs":["https:\/\/x.com\/HireImmOttawa","https:\/\/www.youtube.com\/user\/hireimmigrantsottawa"]}]}},"_links":{"self":[{"href":"https:\/\/www.hireimmigrantsottawa.ca\/fr\/wp-json\/wp\/v2\/pages\/199","targetHints":{"allow":["GET"]}}],"collection":[{"href":"https:\/\/www.hireimmigrantsottawa.ca\/fr\/wp-json\/wp\/v2\/pages"}],"about":[{"href":"https:\/\/www.hireimmigrantsottawa.ca\/fr\/wp-json\/wp\/v2\/types\/page"}],"author":[{"embeddable":true,"href":"https:\/\/www.hireimmigrantsottawa.ca\/fr\/wp-json\/wp\/v2\/users\/12"}],"replies":[{"embeddable":true,"href":"https:\/\/www.hireimmigrantsottawa.ca\/fr\/wp-json\/wp\/v2\/comments?post=199"}],"version-history":[{"count":18,"href":"https:\/\/www.hireimmigrantsottawa.ca\/fr\/wp-json\/wp\/v2\/pages\/199\/revisions"}],"predecessor-version":[{"id":9781,"href":"https:\/\/www.hireimmigrantsottawa.ca\/fr\/wp-json\/wp\/v2\/pages\/199\/revisions\/9781"}],"up":[{"embeddable":true,"href":"https:\/\/www.hireimmigrantsottawa.ca\/fr\/wp-json\/wp\/v2\/pages\/81"}],"wp:attachment":[{"href":"https:\/\/www.hireimmigrantsottawa.ca\/fr\/wp-json\/wp\/v2\/media?parent=199"}],"curies":[{"name":"wp","href":"https:\/\/api.w.org\/{rel}","templated":true}]}}