{"id":195,"date":"2013-10-04T00:09:05","date_gmt":"2013-10-04T00:09:05","guid":{"rendered":"http:\/\/www.hireimmigrantsottawa.ca\/?page_id=195"},"modified":"2019-09-27T10:37:49","modified_gmt":"2019-09-27T14:37:49","slug":"sinscrire-a-la-formation","status":"publish","type":"page","link":"https:\/\/www.hireimmigrantsottawa.ca\/fr\/pour-les-employeurs\/what\/sinscrire-a-la-formation\/","title":{"rendered":"Inscrivez-vous \u00e0 un module"},"content":{"rendered":"<p><iframe src=\"\/\/www.youtube.com\/embed\/rarBEwUgm3c?feature=player_embedded\" width=\"473\" height=\"297\" frameborder=\"0\" allowfullscreen=\"allowfullscreen\"><span data-mce-type=\"bookmark\" style=\"display: inline-block; width: 0px; overflow: hidden; line-height: 0;\" class=\"mce_SELRES_start\">\ufeff<\/span><\/iframe><\/p>\n<h3>(Video en anglais)<\/h3>\n<p>La formation en comp\u00e9tences interculturelles d\u2019EIO est con\u00e7ue pour munir employeurs, gestionnaires et sp\u00e9cialistes des RH de connaissances, de strat\u00e9gies et d\u2019outils pratiques n\u00e9cessaires pour accro\u00eetre leurs comp\u00e9tences culturelles, et pr\u00e9parer les milieux de travail \u00e0 accueillir des employ\u00e9s de tous horizons.<\/p>\n<p><a href=\"http:\/\/www.hireimmigrantsottawa.ca\/fr\/pour-les-employeurs\/what\/\" target=\"_blank\" rel=\"noopener noreferrer\">Pourquoi suivre une formation en comp\u00e9tences interculturelles?<\/a><\/p>\n<p>Il existe <a href=\"http:\/\/www.hireimmigrantsottawa.ca\/fr\/pour-les-employeurs\/what\/training-program\/\" target=\"_blank\" rel=\"noopener noreferrer\">sept modules<\/a> dans cette gamme de s\u00e9ances de perfectionnement professionnel. Ces s\u00e9ances autonomes vous offrent la latitude de choisir les sujets d&rsquo;int\u00e9r\u00eat pour vous ou les plus pertinents \u00e0 votre travail. Chaque s\u00e9ance est offerte en petits groupes, par un animateur professionnel poss\u00e9dant une expertise en comp\u00e9tence culturelle.<\/p>\n<p><strong>Les s\u00e9ances sont gratuites, mais les places sont limit\u00e9es. Vous devez vous inscrire \u00e0 l\u2019avance.<\/strong><\/p>\n<p>Vous recevrez un certificat de formation en comp\u00e9tences interculturelles \u00e0 l\u2019issue de quatre s\u00e9ances.<\/p>\n<p><strong><a href=\"http:\/\/www.hireimmigrantsottawa.ca\/wp-content\/uploads\/2019\/08\/HIOCC-Cal-FallWin2019-20-FR-WEB.pdf\">T\u00e9l\u00e9chargez l\u2019horaire automne-hiver 2019-2020<\/a><\/strong> (PDF)<\/p>\n<h2>Inscrivez-vous \u00e0 une ou des s\u00e9ances :<\/h2>\n<p><script type=\"text\/javascript\" src=\"http:\/\/unitedwayottawa.formstack.com\/forms\/js.php\/hio_registration__copy?nojquery=1&#038;nojqueryui=1\"><\/script><noscript>&amp;amp;lt;a href=\u00a0\u00bbhttp:\/\/unitedwayottawa.formstack.com\/forms\/hio_registration__copy\u00a0\u00bb title=\u00a0\u00bbOnline Form\u00a0\u00bb&amp;amp;gt;Online Form &#8211; HIO Registration &#8211; French&amp;amp;lt;\/a&amp;amp;gt;<\/noscript><script type='text\/javascript'>if (typeof $ == 'undefined' && jQuery){ $ = jQuery}<\/script><\/p>\n","protected":false},"excerpt":{"rendered":"<p>\ufeff (Video en anglais) La formation en comp\u00e9tences interculturelles d\u2019EIO est con\u00e7ue pour munir employeurs, gestionnaires et sp\u00e9cialistes des RH de connaissances, de strat\u00e9gies et d\u2019outils pratiques n\u00e9cessaires pour accro\u00eetre [&hellip;]<\/p>\n","protected":false},"author":12,"featured_media":3121,"parent":185,"menu_order":0,"comment_status":"closed","ping_status":"closed","template":"","meta":{"_exactmetrics_skip_tracking":false,"_exactmetrics_sitenote_active":false,"_exactmetrics_sitenote_note":"","_exactmetrics_sitenote_category":0,"footnotes":"","_links_to":"","_links_to_target":""},"class_list":["post-195","page","type-page","status-publish","has-post-thumbnail","hentry"],"yoast_head":"<!-- This site is optimized with the Yoast SEO plugin v27.2 - https:\/\/yoast.com\/product\/yoast-seo-wordpress\/ -->\n<title>Inscrivez-vous \u00e0 un module - Hire Immigrants Ottawa<\/title>\n<meta name=\"robots\" content=\"index, follow, max-snippet:-1, max-image-preview:large, max-video-preview:-1\" \/>\n<link rel=\"canonical\" href=\"https:\/\/www.hireimmigrantsottawa.ca\/fr\/pour-les-employeurs\/what\/sinscrire-a-la-formation\/\" \/>\n<meta property=\"og:locale\" content=\"fr_FR\" \/>\n<meta property=\"og:type\" content=\"article\" \/>\n<meta property=\"og:title\" content=\"Inscrivez-vous \u00e0 un module - Hire Immigrants Ottawa\" \/>\n<meta property=\"og:description\" content=\"\ufeff (Video en anglais) La formation en comp\u00e9tences interculturelles d\u2019EIO est con\u00e7ue pour munir employeurs, gestionnaires et sp\u00e9cialistes des RH de connaissances, de strat\u00e9gies et d\u2019outils pratiques n\u00e9cessaires pour accro\u00eetre [&hellip;]\" \/>\n<meta property=\"og:url\" content=\"https:\/\/www.hireimmigrantsottawa.ca\/fr\/pour-les-employeurs\/what\/sinscrire-a-la-formation\/\" \/>\n<meta property=\"og:site_name\" content=\"Hire Immigrants Ottawa\" \/>\n<meta property=\"article:modified_time\" content=\"2019-09-27T14:37:49+00:00\" \/>\n<meta property=\"og:image\" content=\"https:\/\/www.hireimmigrantsottawa.ca\/wp-content\/uploads\/2013\/10\/Screen-Shot-2015-02-19-at-12.42.46-PM.png\" \/>\n\t<meta property=\"og:image:width\" content=\"684\" \/>\n\t<meta property=\"og:image:height\" content=\"413\" \/>\n\t<meta property=\"og:image:type\" content=\"image\/png\" \/>\n<meta name=\"twitter:card\" content=\"summary_large_image\" \/>\n<meta name=\"twitter:site\" content=\"@HireImmOttawa\" \/>\n<meta name=\"twitter:label1\" content=\"Dur\u00e9e de lecture estim\u00e9e\" \/>\n\t<meta name=\"twitter:data1\" content=\"1 minute\" \/>\n<script type=\"application\/ld+json\" class=\"yoast-schema-graph\">{\"@context\":\"https:\/\/schema.org\",\"@graph\":[{\"@type\":\"WebPage\",\"@id\":\"https:\/\/www.hireimmigrantsottawa.ca\/fr\/pour-les-employeurs\/what\/sinscrire-a-la-formation\/\",\"url\":\"https:\/\/www.hireimmigrantsottawa.ca\/fr\/pour-les-employeurs\/what\/sinscrire-a-la-formation\/\",\"name\":\"Inscrivez-vous \u00e0 un module - Hire Immigrants Ottawa\",\"isPartOf\":{\"@id\":\"https:\/\/www.hireimmigrantsottawa.ca\/#website\"},\"primaryImageOfPage\":{\"@id\":\"https:\/\/www.hireimmigrantsottawa.ca\/fr\/pour-les-employeurs\/what\/sinscrire-a-la-formation\/#primaryimage\"},\"image\":{\"@id\":\"https:\/\/www.hireimmigrantsottawa.ca\/fr\/pour-les-employeurs\/what\/sinscrire-a-la-formation\/#primaryimage\"},\"thumbnailUrl\":\"https:\/\/www.hireimmigrantsottawa.ca\/wp-content\/uploads\/2013\/10\/Screen-Shot-2015-02-19-at-12.42.46-PM.png\",\"datePublished\":\"2013-10-04T00:09:05+00:00\",\"dateModified\":\"2019-09-27T14:37:49+00:00\",\"breadcrumb\":{\"@id\":\"https:\/\/www.hireimmigrantsottawa.ca\/fr\/pour-les-employeurs\/what\/sinscrire-a-la-formation\/#breadcrumb\"},\"inLanguage\":\"fr-FR\",\"potentialAction\":[{\"@type\":\"ReadAction\",\"target\":[\"https:\/\/www.hireimmigrantsottawa.ca\/fr\/pour-les-employeurs\/what\/sinscrire-a-la-formation\/\"]}]},{\"@type\":\"ImageObject\",\"inLanguage\":\"fr-FR\",\"@id\":\"https:\/\/www.hireimmigrantsottawa.ca\/fr\/pour-les-employeurs\/what\/sinscrire-a-la-formation\/#primaryimage\",\"url\":\"https:\/\/www.hireimmigrantsottawa.ca\/wp-content\/uploads\/2013\/10\/Screen-Shot-2015-02-19-at-12.42.46-PM.png\",\"contentUrl\":\"https:\/\/www.hireimmigrantsottawa.ca\/wp-content\/uploads\/2013\/10\/Screen-Shot-2015-02-19-at-12.42.46-PM.png\",\"width\":684,\"height\":413},{\"@type\":\"BreadcrumbList\",\"@id\":\"https:\/\/www.hireimmigrantsottawa.ca\/fr\/pour-les-employeurs\/what\/sinscrire-a-la-formation\/#breadcrumb\",\"itemListElement\":[{\"@type\":\"ListItem\",\"position\":1,\"name\":\"Home\",\"item\":\"https:\/\/www.hireimmigrantsottawa.ca\/\"},{\"@type\":\"ListItem\",\"position\":2,\"name\":\"Pour les employeurs\",\"item\":\"https:\/\/www.hireimmigrantsottawa.ca\/fr\/pour-les-employeurs\/\"},{\"@type\":\"ListItem\",\"position\":3,\"name\":\"Que sont les \u00ab comp\u00e9tences interculturelles \u00bb?\",\"item\":\"https:\/\/www.hireimmigrantsottawa.ca\/fr\/pour-les-employeurs\/what\/\"},{\"@type\":\"ListItem\",\"position\":4,\"name\":\"Inscrivez-vous \u00e0 un module\"}]},{\"@type\":\"WebSite\",\"@id\":\"https:\/\/www.hireimmigrantsottawa.ca\/#website\",\"url\":\"https:\/\/www.hireimmigrantsottawa.ca\/\",\"name\":\"Hire Immigrants Ottawa\",\"description\":\"increases the capacity of employers to attract and integrate skilled immigrants\",\"publisher\":{\"@id\":\"https:\/\/www.hireimmigrantsottawa.ca\/#organization\"},\"potentialAction\":[{\"@type\":\"SearchAction\",\"target\":{\"@type\":\"EntryPoint\",\"urlTemplate\":\"https:\/\/www.hireimmigrantsottawa.ca\/?s={search_term_string}\"},\"query-input\":{\"@type\":\"PropertyValueSpecification\",\"valueRequired\":true,\"valueName\":\"search_term_string\"}}],\"inLanguage\":\"fr-FR\"},{\"@type\":\"Organization\",\"@id\":\"https:\/\/www.hireimmigrantsottawa.ca\/#organization\",\"name\":\"Hire Immigrants Ottawa\",\"url\":\"https:\/\/www.hireimmigrantsottawa.ca\/\",\"logo\":{\"@type\":\"ImageObject\",\"inLanguage\":\"fr-FR\",\"@id\":\"https:\/\/www.hireimmigrantsottawa.ca\/#\/schema\/logo\/image\/\",\"url\":\"https:\/\/www.hireimmigrantsottawa.ca\/wp-content\/uploads\/2023\/10\/hio-logo_bow_EN_web.png\",\"contentUrl\":\"https:\/\/www.hireimmigrantsottawa.ca\/wp-content\/uploads\/2023\/10\/hio-logo_bow_EN_web.png\",\"width\":745,\"height\":160,\"caption\":\"Hire Immigrants Ottawa\"},\"image\":{\"@id\":\"https:\/\/www.hireimmigrantsottawa.ca\/#\/schema\/logo\/image\/\"},\"sameAs\":[\"https:\/\/x.com\/HireImmOttawa\",\"https:\/\/www.youtube.com\/user\/hireimmigrantsottawa\"]}]}<\/script>\n<!-- \/ Yoast SEO plugin. -->","yoast_head_json":{"title":"Inscrivez-vous \u00e0 un module - Hire Immigrants Ottawa","robots":{"index":"index","follow":"follow","max-snippet":"max-snippet:-1","max-image-preview":"max-image-preview:large","max-video-preview":"max-video-preview:-1"},"canonical":"https:\/\/www.hireimmigrantsottawa.ca\/fr\/pour-les-employeurs\/what\/sinscrire-a-la-formation\/","og_locale":"fr_FR","og_type":"article","og_title":"Inscrivez-vous \u00e0 un module - Hire Immigrants Ottawa","og_description":"\ufeff (Video en anglais) La formation en comp\u00e9tences interculturelles d\u2019EIO est con\u00e7ue pour munir employeurs, gestionnaires et sp\u00e9cialistes des RH de connaissances, de strat\u00e9gies et d\u2019outils pratiques n\u00e9cessaires pour accro\u00eetre [&hellip;]","og_url":"https:\/\/www.hireimmigrantsottawa.ca\/fr\/pour-les-employeurs\/what\/sinscrire-a-la-formation\/","og_site_name":"Hire Immigrants Ottawa","article_modified_time":"2019-09-27T14:37:49+00:00","og_image":[{"width":684,"height":413,"url":"https:\/\/www.hireimmigrantsottawa.ca\/wp-content\/uploads\/2013\/10\/Screen-Shot-2015-02-19-at-12.42.46-PM.png","type":"image\/png"}],"twitter_card":"summary_large_image","twitter_site":"@HireImmOttawa","twitter_misc":{"Dur\u00e9e de lecture estim\u00e9e":"1 minute"},"schema":{"@context":"https:\/\/schema.org","@graph":[{"@type":"WebPage","@id":"https:\/\/www.hireimmigrantsottawa.ca\/fr\/pour-les-employeurs\/what\/sinscrire-a-la-formation\/","url":"https:\/\/www.hireimmigrantsottawa.ca\/fr\/pour-les-employeurs\/what\/sinscrire-a-la-formation\/","name":"Inscrivez-vous \u00e0 un module - Hire Immigrants Ottawa","isPartOf":{"@id":"https:\/\/www.hireimmigrantsottawa.ca\/#website"},"primaryImageOfPage":{"@id":"https:\/\/www.hireimmigrantsottawa.ca\/fr\/pour-les-employeurs\/what\/sinscrire-a-la-formation\/#primaryimage"},"image":{"@id":"https:\/\/www.hireimmigrantsottawa.ca\/fr\/pour-les-employeurs\/what\/sinscrire-a-la-formation\/#primaryimage"},"thumbnailUrl":"https:\/\/www.hireimmigrantsottawa.ca\/wp-content\/uploads\/2013\/10\/Screen-Shot-2015-02-19-at-12.42.46-PM.png","datePublished":"2013-10-04T00:09:05+00:00","dateModified":"2019-09-27T14:37:49+00:00","breadcrumb":{"@id":"https:\/\/www.hireimmigrantsottawa.ca\/fr\/pour-les-employeurs\/what\/sinscrire-a-la-formation\/#breadcrumb"},"inLanguage":"fr-FR","potentialAction":[{"@type":"ReadAction","target":["https:\/\/www.hireimmigrantsottawa.ca\/fr\/pour-les-employeurs\/what\/sinscrire-a-la-formation\/"]}]},{"@type":"ImageObject","inLanguage":"fr-FR","@id":"https:\/\/www.hireimmigrantsottawa.ca\/fr\/pour-les-employeurs\/what\/sinscrire-a-la-formation\/#primaryimage","url":"https:\/\/www.hireimmigrantsottawa.ca\/wp-content\/uploads\/2013\/10\/Screen-Shot-2015-02-19-at-12.42.46-PM.png","contentUrl":"https:\/\/www.hireimmigrantsottawa.ca\/wp-content\/uploads\/2013\/10\/Screen-Shot-2015-02-19-at-12.42.46-PM.png","width":684,"height":413},{"@type":"BreadcrumbList","@id":"https:\/\/www.hireimmigrantsottawa.ca\/fr\/pour-les-employeurs\/what\/sinscrire-a-la-formation\/#breadcrumb","itemListElement":[{"@type":"ListItem","position":1,"name":"Home","item":"https:\/\/www.hireimmigrantsottawa.ca\/"},{"@type":"ListItem","position":2,"name":"Pour les employeurs","item":"https:\/\/www.hireimmigrantsottawa.ca\/fr\/pour-les-employeurs\/"},{"@type":"ListItem","position":3,"name":"Que sont les \u00ab comp\u00e9tences interculturelles \u00bb?","item":"https:\/\/www.hireimmigrantsottawa.ca\/fr\/pour-les-employeurs\/what\/"},{"@type":"ListItem","position":4,"name":"Inscrivez-vous \u00e0 un module"}]},{"@type":"WebSite","@id":"https:\/\/www.hireimmigrantsottawa.ca\/#website","url":"https:\/\/www.hireimmigrantsottawa.ca\/","name":"Hire Immigrants Ottawa","description":"increases the capacity of employers to attract and integrate skilled immigrants","publisher":{"@id":"https:\/\/www.hireimmigrantsottawa.ca\/#organization"},"potentialAction":[{"@type":"SearchAction","target":{"@type":"EntryPoint","urlTemplate":"https:\/\/www.hireimmigrantsottawa.ca\/?s={search_term_string}"},"query-input":{"@type":"PropertyValueSpecification","valueRequired":true,"valueName":"search_term_string"}}],"inLanguage":"fr-FR"},{"@type":"Organization","@id":"https:\/\/www.hireimmigrantsottawa.ca\/#organization","name":"Hire Immigrants Ottawa","url":"https:\/\/www.hireimmigrantsottawa.ca\/","logo":{"@type":"ImageObject","inLanguage":"fr-FR","@id":"https:\/\/www.hireimmigrantsottawa.ca\/#\/schema\/logo\/image\/","url":"https:\/\/www.hireimmigrantsottawa.ca\/wp-content\/uploads\/2023\/10\/hio-logo_bow_EN_web.png","contentUrl":"https:\/\/www.hireimmigrantsottawa.ca\/wp-content\/uploads\/2023\/10\/hio-logo_bow_EN_web.png","width":745,"height":160,"caption":"Hire Immigrants Ottawa"},"image":{"@id":"https:\/\/www.hireimmigrantsottawa.ca\/#\/schema\/logo\/image\/"},"sameAs":["https:\/\/x.com\/HireImmOttawa","https:\/\/www.youtube.com\/user\/hireimmigrantsottawa"]}]}},"_links":{"self":[{"href":"https:\/\/www.hireimmigrantsottawa.ca\/fr\/wp-json\/wp\/v2\/pages\/195","targetHints":{"allow":["GET"]}}],"collection":[{"href":"https:\/\/www.hireimmigrantsottawa.ca\/fr\/wp-json\/wp\/v2\/pages"}],"about":[{"href":"https:\/\/www.hireimmigrantsottawa.ca\/fr\/wp-json\/wp\/v2\/types\/page"}],"author":[{"embeddable":true,"href":"https:\/\/www.hireimmigrantsottawa.ca\/fr\/wp-json\/wp\/v2\/users\/12"}],"replies":[{"embeddable":true,"href":"https:\/\/www.hireimmigrantsottawa.ca\/fr\/wp-json\/wp\/v2\/comments?post=195"}],"version-history":[{"count":19,"href":"https:\/\/www.hireimmigrantsottawa.ca\/fr\/wp-json\/wp\/v2\/pages\/195\/revisions"}],"predecessor-version":[{"id":5886,"href":"https:\/\/www.hireimmigrantsottawa.ca\/fr\/wp-json\/wp\/v2\/pages\/195\/revisions\/5886"}],"up":[{"embeddable":true,"href":"https:\/\/www.hireimmigrantsottawa.ca\/fr\/wp-json\/wp\/v2\/pages\/185"}],"wp:featuredmedia":[{"embeddable":true,"href":"https:\/\/www.hireimmigrantsottawa.ca\/fr\/wp-json\/wp\/v2\/media\/3121"}],"wp:attachment":[{"href":"https:\/\/www.hireimmigrantsottawa.ca\/fr\/wp-json\/wp\/v2\/media?parent=195"}],"curies":[{"name":"wp","href":"https:\/\/api.w.org\/{rel}","templated":true}]}}