{"id":190,"date":"2013-10-04T00:05:00","date_gmt":"2013-10-04T00:05:00","guid":{"rendered":"http:\/\/www.hireimmigrantsottawa.ca\/?page_id=190"},"modified":"2025-07-17T14:53:39","modified_gmt":"2025-07-17T18:53:39","slug":"training-program","status":"publish","type":"page","link":"https:\/\/www.hireimmigrantsottawa.ca\/fr\/pour-les-employeurs\/what\/training-program\/","title":{"rendered":"Programme de formation en comp\u00e9tences interculturelles d\u2019EIO"},"content":{"rendered":"<p>La formation en comp\u00e9tences interculturelles d\u2019EIO est con\u00e7ue pour munir employeurs, gestionnaires et sp\u00e9cialistes des RH de connaissances, de strat\u00e9gies et d\u2019outils pratiques n\u00e9cessaires pour accro\u00eetre leurs comp\u00e9tences culturelles, et pr\u00e9parer les milieux de travail \u00e0 accueillir des employ\u00e9s de tous horizons.<\/p>\n<p>Il existe sept modules dans cette gamme de s\u00e9ances de perfectionnement professionnel. Ces s\u00e9ances autonomes vous offrent la latitude de choisir les sujets d&rsquo;int\u00e9r\u00eat pour vous ou les plus pertinents \u00e0 votre travail. Chaque s\u00e9ance est offerte en petits groupes, par un animateur professionnel poss\u00e9dant une expertise en comp\u00e9tence culturelle.<\/p>\n<p><b><a href=\"http:\/\/www.hireimmigrantsottawa.ca\/fr\/introduction\/\">Introduction \u00e0 l\u2019acquisition de comp\u00e9tences culturelles<\/a><\/b><br \/>\nAu cours de cette s\u00e9ance, nous allons explorer et mettre en place la base d\u2019une communication efficace entre les n\u00e9o-Canadiens et leurs employeurs canadiens.<b> <\/b><a href=\"http:\/\/www.hireimmigrantsottawa.ca\/fr\/introduction\/\">En savoir plus\u2026<\/a><\/p>\n<p><b><a href=\"http:\/\/www.hireimmigrantsottawa.ca\/fr\/pour-les-employeurs\/what\/techniques-dentrevue-qui-tiennent-compte-de-la-dimension-culturelle\/\">Techniques d\u2019entrevue qui tiennent compte de la dimension culturelle<\/a><\/b><br \/>\nLors de cette s\u00e9ance d\u2019apprentissage interactive, nous nous pencherons sur la fa\u00e7on dont les messages, \u00e9mis ou re\u00e7us pendant l\u2019entretien, peuvent conduire \u00e0 des interpr\u00e9tations erron\u00e9es et entra\u00eener des malentendus.<b> <\/b><a href=\"http:\/\/www.hireimmigrantsottawa.ca\/fr\/pour-les-employeurs\/what\/techniques-dentrevue-qui-tiennent-compte-de-la-dimension-culturelle\/\">En savoir plus\u2026<\/a><\/p>\n<p><b><a href=\"http:\/\/www.hireimmigrantsottawa.ca\/fr\/problem-solving-2\/\">Strat\u00e9gies de r\u00e9solution de probl\u00e8mes interculturels<\/a><\/b><br \/>\nLa majorit\u00e9 des conflits interculturels sont li\u00e9s \u00e0 des diff\u00e9rences de perception. Au cours de cet atelier, nous allons aborder les sujets suivants : \u00e9laboration de strat\u00e9gies pour identifier et compenser les diff\u00e9rences au niveau des styles de communication.<b> <\/b><a href=\"http:\/\/www.hireimmigrantsottawa.ca\/fr\/problem-solving-2\/\">En savoir plus\u2026<\/a><\/p>\n<p><b><a href=\"http:\/\/www.hireimmigrantsottawa.ca\/fr\/adaptation-2\/\">Strat\u00e9gies efficaces d\u2019adaptation culturelle<\/a><\/b><br \/>\nGr\u00e2ce \u00e0 la recherche, nous pouvons maintenant d\u00e9crire le profil d\u2019une personne qui d\u00e9sire s\u2019adapter le plus efficacement possible sur le plan interculturel (\u00e0 la fois \u00e0 la culture et aux milieux de travail).<b> <\/b><a href=\"http:\/\/www.hireimmigrantsottawa.ca\/fr\/adaptation-2\/\">En savoir plus\u2026<\/a><\/p>\n<p><b><a href=\"http:\/\/www.hireimmigrantsottawa.ca\/fr\/pour-les-employeurs\/what\/performance-management\/\" target=\"_blank\" rel=\"noopener\">Gestion du rendement et commentaires<\/a><\/b><br \/>\nAu cours de cette s\u00e9ance, nous examinerons les techniques de communication efficaces qui permettent de donner aux professionnels form\u00e9s \u00e0 l\u2019\u00e9tranger des commentaires sur leur rendement quotidien et lors de leur \u00e9valuation de rendement.<b> <\/b><a href=\"http:\/\/www.hireimmigrantsottawa.ca\/fr\/pour-les-employeurs\/what\/performance-management\/\">En savoir plus\u2026<\/a><\/p>\n<p><b><a href=\"http:\/\/www.hireimmigrantsottawa.ca\/fr\/accommodation-2\/\">Cr\u00e9er un milieu de travail accommodant et efficace<\/a><\/b><br \/>\nCette s\u00e9ance interactive explore les aspects essentiels d\u2019une strat\u00e9gie d\u2019int\u00e9gration r\u00e9ussie, notamment le lien entre l\u2019int\u00e9gration culturelle et les accommodements.<b> <\/b><a href=\"http:\/\/www.hireimmigrantsottawa.ca\/fr\/accommodation-2\/\">En savoir plus\u2026<\/a><\/p>\n<p><b><a href=\"http:\/\/www.hireimmigrantsottawa.ca\/fr\/dimensions-inclusiveness-2\/\">Dimensions de l\u2019inclusion<\/a><\/b><br \/>\nDans cette s\u00e9ance, nous explorerons quatre dimensions essentielles de l\u2019inclusion dans les milieux de travail : Se familiariser avec une nouvelle culture du travail \u2013 Conseils aux personnes form\u00e9es \u00e0 l\u2019\u00e9tranger ..<b> <\/b><a href=\"http:\/\/www.hireimmigrantsottawa.ca\/fr\/dimensions-inclusiveness-2\/\">En savoir plus\u2026<\/a><\/p>\n<p><em><strong>Les participants qui assistent \u00e0 quatre modules recevront un certificat du programme.<\/strong><\/em><\/p>\n<p><strong>Les s\u00e9ances sont gratuites, mais les places sont limit\u00e9es. Vous devez vous inscrire \u00e0 l\u2019avance.<\/strong><\/p>\n<h4><a title=\"s\u2019inscrire \u00e0 la formation\" href=\"https:\/\/www.hireimmigrantsottawa.ca\/fr\/evenements\/events-training-cross-cultural-training\/\">Inscrivez-vous \u00e0 un module d\u00e8s aujourd\u2019hui!<\/a><\/h4>\n","protected":false},"excerpt":{"rendered":"<p>La formation en comp\u00e9tences interculturelles d\u2019EIO est con\u00e7ue pour munir employeurs, gestionnaires et sp\u00e9cialistes des RH de connaissances, de strat\u00e9gies et d\u2019outils pratiques n\u00e9cessaires pour accro\u00eetre leurs comp\u00e9tences culturelles, et [&hellip;]<\/p>\n","protected":false},"author":12,"featured_media":3090,"parent":185,"menu_order":0,"comment_status":"closed","ping_status":"closed","template":"","meta":{"_exactmetrics_skip_tracking":false,"_exactmetrics_sitenote_active":false,"_exactmetrics_sitenote_note":"","_exactmetrics_sitenote_category":0,"footnotes":"","_links_to":"","_links_to_target":""},"class_list":["post-190","page","type-page","status-publish","has-post-thumbnail","hentry"],"yoast_head":"<!-- This site is optimized with the Yoast SEO plugin v27.2 - https:\/\/yoast.com\/product\/yoast-seo-wordpress\/ -->\n<title>Programme de formation en comp\u00e9tences interculturelles d\u2019EIO - Hire Immigrants Ottawa<\/title>\n<meta name=\"robots\" content=\"index, follow, max-snippet:-1, max-image-preview:large, max-video-preview:-1\" \/>\n<link rel=\"canonical\" href=\"https:\/\/www.hireimmigrantsottawa.ca\/fr\/pour-les-employeurs\/what\/training-program\/\" \/>\n<meta property=\"og:locale\" content=\"fr_FR\" \/>\n<meta property=\"og:type\" content=\"article\" \/>\n<meta property=\"og:title\" content=\"Programme de formation en comp\u00e9tences interculturelles d\u2019EIO - Hire Immigrants Ottawa\" \/>\n<meta property=\"og:description\" content=\"La formation en comp\u00e9tences interculturelles d\u2019EIO est con\u00e7ue pour munir employeurs, gestionnaires et sp\u00e9cialistes des RH de connaissances, de strat\u00e9gies et d\u2019outils pratiques n\u00e9cessaires pour accro\u00eetre leurs comp\u00e9tences culturelles, et [&hellip;]\" \/>\n<meta property=\"og:url\" content=\"https:\/\/www.hireimmigrantsottawa.ca\/fr\/pour-les-employeurs\/what\/training-program\/\" \/>\n<meta property=\"og:site_name\" content=\"Hire Immigrants Ottawa\" \/>\n<meta property=\"article:modified_time\" content=\"2025-07-17T18:53:39+00:00\" \/>\n<meta property=\"og:image\" content=\"https:\/\/www.hireimmigrantsottawa.ca\/wp-content\/uploads\/2014\/10\/HIO-HR.jpg\" \/>\n\t<meta property=\"og:image:width\" content=\"468\" \/>\n\t<meta property=\"og:image:height\" content=\"60\" \/>\n\t<meta property=\"og:image:type\" content=\"image\/jpeg\" \/>\n<meta name=\"twitter:card\" content=\"summary_large_image\" \/>\n<meta name=\"twitter:site\" content=\"@HireImmOttawa\" \/>\n<meta name=\"twitter:label1\" content=\"Dur\u00e9e de lecture estim\u00e9e\" \/>\n\t<meta name=\"twitter:data1\" content=\"2 minutes\" \/>\n<script type=\"application\/ld+json\" class=\"yoast-schema-graph\">{\"@context\":\"https:\/\/schema.org\",\"@graph\":[{\"@type\":\"WebPage\",\"@id\":\"https:\/\/www.hireimmigrantsottawa.ca\/fr\/pour-les-employeurs\/what\/training-program\/\",\"url\":\"https:\/\/www.hireimmigrantsottawa.ca\/fr\/pour-les-employeurs\/what\/training-program\/\",\"name\":\"Programme de formation en comp\u00e9tences interculturelles d\u2019EIO - Hire Immigrants Ottawa\",\"isPartOf\":{\"@id\":\"https:\/\/www.hireimmigrantsottawa.ca\/#website\"},\"primaryImageOfPage\":{\"@id\":\"https:\/\/www.hireimmigrantsottawa.ca\/fr\/pour-les-employeurs\/what\/training-program\/#primaryimage\"},\"image\":{\"@id\":\"https:\/\/www.hireimmigrantsottawa.ca\/fr\/pour-les-employeurs\/what\/training-program\/#primaryimage\"},\"thumbnailUrl\":\"https:\/\/www.hireimmigrantsottawa.ca\/wp-content\/uploads\/2014\/10\/HIO-HR.jpg\",\"datePublished\":\"2013-10-04T00:05:00+00:00\",\"dateModified\":\"2025-07-17T18:53:39+00:00\",\"breadcrumb\":{\"@id\":\"https:\/\/www.hireimmigrantsottawa.ca\/fr\/pour-les-employeurs\/what\/training-program\/#breadcrumb\"},\"inLanguage\":\"fr-FR\",\"potentialAction\":[{\"@type\":\"ReadAction\",\"target\":[\"https:\/\/www.hireimmigrantsottawa.ca\/fr\/pour-les-employeurs\/what\/training-program\/\"]}]},{\"@type\":\"ImageObject\",\"inLanguage\":\"fr-FR\",\"@id\":\"https:\/\/www.hireimmigrantsottawa.ca\/fr\/pour-les-employeurs\/what\/training-program\/#primaryimage\",\"url\":\"https:\/\/www.hireimmigrantsottawa.ca\/wp-content\/uploads\/2014\/10\/HIO-HR.jpg\",\"contentUrl\":\"https:\/\/www.hireimmigrantsottawa.ca\/wp-content\/uploads\/2014\/10\/HIO-HR.jpg\",\"width\":468,\"height\":60,\"caption\":\"Cross Cultural Competency Training\"},{\"@type\":\"BreadcrumbList\",\"@id\":\"https:\/\/www.hireimmigrantsottawa.ca\/fr\/pour-les-employeurs\/what\/training-program\/#breadcrumb\",\"itemListElement\":[{\"@type\":\"ListItem\",\"position\":1,\"name\":\"Home\",\"item\":\"https:\/\/www.hireimmigrantsottawa.ca\/\"},{\"@type\":\"ListItem\",\"position\":2,\"name\":\"Pour les employeurs\",\"item\":\"https:\/\/www.hireimmigrantsottawa.ca\/fr\/pour-les-employeurs\/\"},{\"@type\":\"ListItem\",\"position\":3,\"name\":\"Que sont les \u00ab comp\u00e9tences interculturelles \u00bb?\",\"item\":\"https:\/\/www.hireimmigrantsottawa.ca\/fr\/pour-les-employeurs\/what\/\"},{\"@type\":\"ListItem\",\"position\":4,\"name\":\"Programme de formation en comp\u00e9tences interculturelles d\u2019EIO\"}]},{\"@type\":\"WebSite\",\"@id\":\"https:\/\/www.hireimmigrantsottawa.ca\/#website\",\"url\":\"https:\/\/www.hireimmigrantsottawa.ca\/\",\"name\":\"Hire Immigrants Ottawa\",\"description\":\"increases the capacity of employers to attract and integrate skilled immigrants\",\"publisher\":{\"@id\":\"https:\/\/www.hireimmigrantsottawa.ca\/#organization\"},\"potentialAction\":[{\"@type\":\"SearchAction\",\"target\":{\"@type\":\"EntryPoint\",\"urlTemplate\":\"https:\/\/www.hireimmigrantsottawa.ca\/?s={search_term_string}\"},\"query-input\":{\"@type\":\"PropertyValueSpecification\",\"valueRequired\":true,\"valueName\":\"search_term_string\"}}],\"inLanguage\":\"fr-FR\"},{\"@type\":\"Organization\",\"@id\":\"https:\/\/www.hireimmigrantsottawa.ca\/#organization\",\"name\":\"Hire Immigrants Ottawa\",\"url\":\"https:\/\/www.hireimmigrantsottawa.ca\/\",\"logo\":{\"@type\":\"ImageObject\",\"inLanguage\":\"fr-FR\",\"@id\":\"https:\/\/www.hireimmigrantsottawa.ca\/#\/schema\/logo\/image\/\",\"url\":\"https:\/\/www.hireimmigrantsottawa.ca\/wp-content\/uploads\/2023\/10\/hio-logo_bow_EN_web.png\",\"contentUrl\":\"https:\/\/www.hireimmigrantsottawa.ca\/wp-content\/uploads\/2023\/10\/hio-logo_bow_EN_web.png\",\"width\":745,\"height\":160,\"caption\":\"Hire Immigrants Ottawa\"},\"image\":{\"@id\":\"https:\/\/www.hireimmigrantsottawa.ca\/#\/schema\/logo\/image\/\"},\"sameAs\":[\"https:\/\/x.com\/HireImmOttawa\",\"https:\/\/www.youtube.com\/user\/hireimmigrantsottawa\"]}]}<\/script>\n<!-- \/ Yoast SEO plugin. -->","yoast_head_json":{"title":"Programme de formation en comp\u00e9tences interculturelles d\u2019EIO - Hire Immigrants Ottawa","robots":{"index":"index","follow":"follow","max-snippet":"max-snippet:-1","max-image-preview":"max-image-preview:large","max-video-preview":"max-video-preview:-1"},"canonical":"https:\/\/www.hireimmigrantsottawa.ca\/fr\/pour-les-employeurs\/what\/training-program\/","og_locale":"fr_FR","og_type":"article","og_title":"Programme de formation en comp\u00e9tences interculturelles d\u2019EIO - Hire Immigrants Ottawa","og_description":"La formation en comp\u00e9tences interculturelles d\u2019EIO est con\u00e7ue pour munir employeurs, gestionnaires et sp\u00e9cialistes des RH de connaissances, de strat\u00e9gies et d\u2019outils pratiques n\u00e9cessaires pour accro\u00eetre leurs comp\u00e9tences culturelles, et [&hellip;]","og_url":"https:\/\/www.hireimmigrantsottawa.ca\/fr\/pour-les-employeurs\/what\/training-program\/","og_site_name":"Hire Immigrants Ottawa","article_modified_time":"2025-07-17T18:53:39+00:00","og_image":[{"width":468,"height":60,"url":"https:\/\/www.hireimmigrantsottawa.ca\/wp-content\/uploads\/2014\/10\/HIO-HR.jpg","type":"image\/jpeg"}],"twitter_card":"summary_large_image","twitter_site":"@HireImmOttawa","twitter_misc":{"Dur\u00e9e de lecture estim\u00e9e":"2 minutes"},"schema":{"@context":"https:\/\/schema.org","@graph":[{"@type":"WebPage","@id":"https:\/\/www.hireimmigrantsottawa.ca\/fr\/pour-les-employeurs\/what\/training-program\/","url":"https:\/\/www.hireimmigrantsottawa.ca\/fr\/pour-les-employeurs\/what\/training-program\/","name":"Programme de formation en comp\u00e9tences interculturelles d\u2019EIO - Hire Immigrants Ottawa","isPartOf":{"@id":"https:\/\/www.hireimmigrantsottawa.ca\/#website"},"primaryImageOfPage":{"@id":"https:\/\/www.hireimmigrantsottawa.ca\/fr\/pour-les-employeurs\/what\/training-program\/#primaryimage"},"image":{"@id":"https:\/\/www.hireimmigrantsottawa.ca\/fr\/pour-les-employeurs\/what\/training-program\/#primaryimage"},"thumbnailUrl":"https:\/\/www.hireimmigrantsottawa.ca\/wp-content\/uploads\/2014\/10\/HIO-HR.jpg","datePublished":"2013-10-04T00:05:00+00:00","dateModified":"2025-07-17T18:53:39+00:00","breadcrumb":{"@id":"https:\/\/www.hireimmigrantsottawa.ca\/fr\/pour-les-employeurs\/what\/training-program\/#breadcrumb"},"inLanguage":"fr-FR","potentialAction":[{"@type":"ReadAction","target":["https:\/\/www.hireimmigrantsottawa.ca\/fr\/pour-les-employeurs\/what\/training-program\/"]}]},{"@type":"ImageObject","inLanguage":"fr-FR","@id":"https:\/\/www.hireimmigrantsottawa.ca\/fr\/pour-les-employeurs\/what\/training-program\/#primaryimage","url":"https:\/\/www.hireimmigrantsottawa.ca\/wp-content\/uploads\/2014\/10\/HIO-HR.jpg","contentUrl":"https:\/\/www.hireimmigrantsottawa.ca\/wp-content\/uploads\/2014\/10\/HIO-HR.jpg","width":468,"height":60,"caption":"Cross Cultural Competency Training"},{"@type":"BreadcrumbList","@id":"https:\/\/www.hireimmigrantsottawa.ca\/fr\/pour-les-employeurs\/what\/training-program\/#breadcrumb","itemListElement":[{"@type":"ListItem","position":1,"name":"Home","item":"https:\/\/www.hireimmigrantsottawa.ca\/"},{"@type":"ListItem","position":2,"name":"Pour les employeurs","item":"https:\/\/www.hireimmigrantsottawa.ca\/fr\/pour-les-employeurs\/"},{"@type":"ListItem","position":3,"name":"Que sont les \u00ab comp\u00e9tences interculturelles \u00bb?","item":"https:\/\/www.hireimmigrantsottawa.ca\/fr\/pour-les-employeurs\/what\/"},{"@type":"ListItem","position":4,"name":"Programme de formation en comp\u00e9tences interculturelles d\u2019EIO"}]},{"@type":"WebSite","@id":"https:\/\/www.hireimmigrantsottawa.ca\/#website","url":"https:\/\/www.hireimmigrantsottawa.ca\/","name":"Hire Immigrants Ottawa","description":"increases the capacity of employers to attract and integrate skilled immigrants","publisher":{"@id":"https:\/\/www.hireimmigrantsottawa.ca\/#organization"},"potentialAction":[{"@type":"SearchAction","target":{"@type":"EntryPoint","urlTemplate":"https:\/\/www.hireimmigrantsottawa.ca\/?s={search_term_string}"},"query-input":{"@type":"PropertyValueSpecification","valueRequired":true,"valueName":"search_term_string"}}],"inLanguage":"fr-FR"},{"@type":"Organization","@id":"https:\/\/www.hireimmigrantsottawa.ca\/#organization","name":"Hire Immigrants Ottawa","url":"https:\/\/www.hireimmigrantsottawa.ca\/","logo":{"@type":"ImageObject","inLanguage":"fr-FR","@id":"https:\/\/www.hireimmigrantsottawa.ca\/#\/schema\/logo\/image\/","url":"https:\/\/www.hireimmigrantsottawa.ca\/wp-content\/uploads\/2023\/10\/hio-logo_bow_EN_web.png","contentUrl":"https:\/\/www.hireimmigrantsottawa.ca\/wp-content\/uploads\/2023\/10\/hio-logo_bow_EN_web.png","width":745,"height":160,"caption":"Hire Immigrants Ottawa"},"image":{"@id":"https:\/\/www.hireimmigrantsottawa.ca\/#\/schema\/logo\/image\/"},"sameAs":["https:\/\/x.com\/HireImmOttawa","https:\/\/www.youtube.com\/user\/hireimmigrantsottawa"]}]}},"_links":{"self":[{"href":"https:\/\/www.hireimmigrantsottawa.ca\/fr\/wp-json\/wp\/v2\/pages\/190","targetHints":{"allow":["GET"]}}],"collection":[{"href":"https:\/\/www.hireimmigrantsottawa.ca\/fr\/wp-json\/wp\/v2\/pages"}],"about":[{"href":"https:\/\/www.hireimmigrantsottawa.ca\/fr\/wp-json\/wp\/v2\/types\/page"}],"author":[{"embeddable":true,"href":"https:\/\/www.hireimmigrantsottawa.ca\/fr\/wp-json\/wp\/v2\/users\/12"}],"replies":[{"embeddable":true,"href":"https:\/\/www.hireimmigrantsottawa.ca\/fr\/wp-json\/wp\/v2\/comments?post=190"}],"version-history":[{"count":21,"href":"https:\/\/www.hireimmigrantsottawa.ca\/fr\/wp-json\/wp\/v2\/pages\/190\/revisions"}],"predecessor-version":[{"id":10397,"href":"https:\/\/www.hireimmigrantsottawa.ca\/fr\/wp-json\/wp\/v2\/pages\/190\/revisions\/10397"}],"up":[{"embeddable":true,"href":"https:\/\/www.hireimmigrantsottawa.ca\/fr\/wp-json\/wp\/v2\/pages\/185"}],"wp:featuredmedia":[{"embeddable":true,"href":"https:\/\/www.hireimmigrantsottawa.ca\/fr\/wp-json\/wp\/v2\/media\/3090"}],"wp:attachment":[{"href":"https:\/\/www.hireimmigrantsottawa.ca\/fr\/wp-json\/wp\/v2\/media?parent=190"}],"curies":[{"name":"wp","href":"https:\/\/api.w.org\/{rel}","templated":true}]}}