{"id":185,"date":"2013-10-03T23:58:16","date_gmt":"2013-10-03T23:58:16","guid":{"rendered":"http:\/\/www.hireimmigrantsottawa.ca\/?page_id=185"},"modified":"2015-08-20T15:05:05","modified_gmt":"2015-08-20T19:05:05","slug":"what","status":"publish","type":"page","link":"https:\/\/www.hireimmigrantsottawa.ca\/fr\/pour-les-employeurs\/what\/","title":{"rendered":"Que sont les \u00ab comp\u00e9tences interculturelles \u00bb?"},"content":{"rendered":"<p>En milieu de travail, les comp\u00e9tences interculturelles fournissent aux employ\u00e9s les outils pour comprendre et c\u00f4toyer des personnes de tous horizons, qu\u2019il s\u2019agisse de coll\u00e8gues, de clients, ou de fournisseurs, et pour communiquer avec elles de fa\u00e7on efficace.<\/p>\n<p>Les entreprises et organisations qui respectent les diff\u00e9rences culturelles ont des politiques, pratiques et syst\u00e8mes con\u00e7us pour appuyer et favoriser de fa\u00e7on efficace les interactions interculturelles dans tous les domaines des relations humaines, notamment le recrutement, l&#8217;embauche et les pratiques de maintien en poste des employ\u00e9s.<\/p>\n<p>La formation en comp\u00e9tences interculturelles aide les gens \u00e0 acqu\u00e9rir des comp\u00e9tences et des concepts, \u00a0\u00e0 d\u00e9velopper des strat\u00e9gies personnelles et \u00e0 susciter une prise de conscience pour faire preuve de respect et d\u2019inclusivit\u00e9. Il s\u2019agit l\u00e0 d\u2019une comp\u00e9tence essentielle et d\u2019un imp\u00e9ratif commercial dans le contexte \u00e9conomique actuel.<\/p>\n<h2><strong>Pourquoi suivre une formation en comp\u00e9tences interculturelles?<\/strong><\/h2>\n<p>Les comp\u00e9tences interculturelles sont la<em>\u00a0cl\u00e9<\/em>\u00a0de la gestion des milieux de travail diversifi\u00e9s et inclusifs. La capacit\u00e9 de c\u00f4toyer et de diriger efficacement des personnes de tous horizons, ainsi que de communiquer avec elles, est une comp\u00e9tence essentielle.<\/p>\n<p>La population d\u2019Ottawa est tr\u00e8s diverse\u00a0: un r\u00e9sident sur cinq est d&rsquo;origine \u00e9trang\u00e8re (selon le recensement de 2006), et des projections indiquent que ce pourcentage augmentera au cours des prochaines d\u00e9cennies. En 2031, 36 % de la population totale d&rsquo;Ottawa appartiendra \u00e0 une minorit\u00e9 visible, soit pr\u00e8s du double des 19 % calcul\u00e9s par le recensement de 2006.<\/p>\n<p>Ottawa a un bassin diversifi\u00e9 de comp\u00e9tences. Les immigrants repr\u00e9sentent 27 % des dipl\u00f4m\u00e9s postsecondaires de la ville. Aujourd&rsquo;hui, les entreprises du secteur priv\u00e9 et les organisations du secteur public adoptent la diversit\u00e9 comme un avantage strat\u00e9gique pour \u00eatre :<\/p>\n<ul>\n<li><em><strong>concurrentielles<\/strong>\u00a0<\/em>: en mettant fin aux pr\u00e9f\u00e9rences, pr\u00e9jug\u00e9s et pratiques involontaires pour gagner acc\u00e8s au plus grand bassin possible de comp\u00e9tences, et recruter les employ\u00e9s les plus qualifi\u00e9s du march\u00e9.<\/li>\n<li><strong><em>r\u00e9actives<\/em><\/strong>\u00a0: en refl\u00e9tant une client\u00e8le \u00e9galement diversifi\u00e9e.<\/li>\n<li><strong><em>innovantes<\/em><\/strong>\u00a0: en se donnant acc\u00e8s \u00e0 de nouvelles perspectives de tous types.<\/li>\n<\/ul>\n<h2><strong>Les avantages d\u2019une formation en comp\u00e9tences interculturelles<\/strong><\/h2>\n<p>Une formation en comp\u00e9tences interculturelles profite aux personnes et aux organisations. Les Ressources humaines et les gestionnaires y gagnent des comp\u00e9tences et une plus grande confiance, et ce, dans un grand nombre de leurs domaines de responsabilit\u00e9, notamment la gestion de la performance, la communication d&rsquo;\u00e9quipe, et la r\u00e9solution de probl\u00e8mes. Les participants peuvent \u00e9galement profiter de l\u2019occasion pour mettre \u00e0 l\u2019\u00e9preuve leur propre capacit\u00e9 d&rsquo;adaptation et \u00e9laborer des strat\u00e9gies pour nourrir cette comp\u00e9tence essentielle.<\/p>\n<p>Les organisations y gagnent sur le plan du renforcement des comp\u00e9tences\u00a0: le personnel est plus mobilis\u00e9s, la communication est optimis\u00e9e, et les employ\u00e9s appr\u00e9cient les points de vue diff\u00e9rents \u00e0 leur juste valeur. Votre milieu de travail prendra son essor en devenant plus inclusif, et sa capacit\u00e9 \u00e0 r\u00e9soudre des probl\u00e8mes, trouver de nouvelles id\u00e9es et innover sera renforc\u00e9e.<\/p>\n<h2><strong>Les avantages d\u2019avoir des comp\u00e9tences interculturelles :<\/strong><\/h2>\n<ul>\n<li>Des pratiques d&#8217;embauche plus efficaces.<\/li>\n<li>Un meilleur acc\u00e8s \u00e0 un grand bassin de comp\u00e9tences diversifi\u00e9es.<\/li>\n<li>Un milieu de travail plus inclusif et innovateur.<\/li>\n<li>De meilleures interactions et une meilleure communication avec les employ\u00e9s, les fournisseurs, les partenaires et les clients.<\/li>\n<li>La capacit\u00e9 d\u2019attirer et de maintenir en poste les employ\u00e9s les plus comp\u00e9tents.<\/li>\n<li>Une gestion plus efficace des \u00e9quipes de travail diversifi\u00e9es.<\/li>\n<\/ul>\n<h4><a title=\"Programme de formation en competences interculturelles\" href=\"http:\/\/www.hireimmigrantsottawa.ca\/fr\/pour-les-employeurs\/programme-de-formation-en-competences-interculturelles\/\">\u00a0<\/a><a href=\"http:\/\/www.hireimmigrantsottawa.ca\/fr\/pour-les-employeurs\/what\/training-program\/\" target=\"_blank\">Programme de formation en comp\u00e9tences interculturelles d\u2019EIO<\/a><\/h4>\n<p><strong><span style=\"color: #ff6600;\"><a title=\"s\u2019inscrire \u00e0 la formation\" href=\"http:\/\/www.hireimmigrantsottawa.ca\/fr\/pour-les-employeurs\/what\/sinscrire-a-la-formation\/\"><span style=\"color: #ff6600;\">Inscrivez-vous \u00e0 un module d\u00e8s aujourd\u2019hui!<\/span><\/a><\/span><\/strong><\/p>\n","protected":false},"excerpt":{"rendered":"<p>En milieu de travail, les comp\u00e9tences interculturelles fournissent aux employ\u00e9s les outils pour comprendre et c\u00f4toyer des personnes de tous horizons, qu\u2019il s\u2019agisse de coll\u00e8gues, de clients, ou de fournisseurs, [&hellip;]<\/p>\n","protected":false},"author":12,"featured_media":0,"parent":81,"menu_order":0,"comment_status":"open","ping_status":"closed","template":"employers.php","meta":{"_exactmetrics_skip_tracking":false,"_exactmetrics_sitenote_active":false,"_exactmetrics_sitenote_note":"","_exactmetrics_sitenote_category":0,"footnotes":"","_links_to":"","_links_to_target":""},"class_list":["post-185","page","type-page","status-publish","hentry"],"yoast_head":"<!-- This site is optimized with the Yoast SEO plugin v27.2 - https:\/\/yoast.com\/product\/yoast-seo-wordpress\/ -->\n<title>Que sont les \u00ab comp\u00e9tences interculturelles \u00bb? - Hire Immigrants Ottawa<\/title>\n<meta name=\"robots\" content=\"index, follow, max-snippet:-1, max-image-preview:large, max-video-preview:-1\" \/>\n<link rel=\"canonical\" href=\"https:\/\/www.hireimmigrantsottawa.ca\/fr\/pour-les-employeurs\/what\/\" \/>\n<meta property=\"og:locale\" content=\"fr_FR\" \/>\n<meta property=\"og:type\" content=\"article\" \/>\n<meta property=\"og:title\" content=\"Que sont les \u00ab comp\u00e9tences interculturelles \u00bb? - Hire Immigrants Ottawa\" \/>\n<meta property=\"og:description\" content=\"En milieu de travail, les comp\u00e9tences interculturelles fournissent aux employ\u00e9s les outils pour comprendre et c\u00f4toyer des personnes de tous horizons, qu\u2019il s\u2019agisse de coll\u00e8gues, de clients, ou de fournisseurs, [&hellip;]\" \/>\n<meta property=\"og:url\" content=\"https:\/\/www.hireimmigrantsottawa.ca\/fr\/pour-les-employeurs\/what\/\" \/>\n<meta property=\"og:site_name\" content=\"Hire Immigrants Ottawa\" \/>\n<meta property=\"article:modified_time\" content=\"2015-08-20T19:05:05+00:00\" \/>\n<meta property=\"og:image\" content=\"https:\/\/www.hireimmigrantsottawa.ca\/wp-content\/uploads\/2017\/02\/hio-screenshot.png\" \/>\n\t<meta property=\"og:image:width\" content=\"781\" \/>\n\t<meta property=\"og:image:height\" content=\"429\" \/>\n\t<meta property=\"og:image:type\" content=\"image\/png\" \/>\n<meta name=\"twitter:card\" content=\"summary_large_image\" \/>\n<meta name=\"twitter:site\" content=\"@HireImmOttawa\" \/>\n<meta name=\"twitter:label1\" content=\"Dur\u00e9e de lecture estim\u00e9e\" \/>\n\t<meta name=\"twitter:data1\" content=\"3 minutes\" \/>\n<script type=\"application\/ld+json\" class=\"yoast-schema-graph\">{\"@context\":\"https:\/\/schema.org\",\"@graph\":[{\"@type\":\"WebPage\",\"@id\":\"https:\/\/www.hireimmigrantsottawa.ca\/fr\/pour-les-employeurs\/what\/\",\"url\":\"https:\/\/www.hireimmigrantsottawa.ca\/fr\/pour-les-employeurs\/what\/\",\"name\":\"Que sont les \u00ab comp\u00e9tences interculturelles \u00bb? - Hire Immigrants Ottawa\",\"isPartOf\":{\"@id\":\"https:\/\/www.hireimmigrantsottawa.ca\/#website\"},\"datePublished\":\"2013-10-03T23:58:16+00:00\",\"dateModified\":\"2015-08-20T19:05:05+00:00\",\"breadcrumb\":{\"@id\":\"https:\/\/www.hireimmigrantsottawa.ca\/fr\/pour-les-employeurs\/what\/#breadcrumb\"},\"inLanguage\":\"fr-FR\",\"potentialAction\":[{\"@type\":\"ReadAction\",\"target\":[\"https:\/\/www.hireimmigrantsottawa.ca\/fr\/pour-les-employeurs\/what\/\"]}]},{\"@type\":\"BreadcrumbList\",\"@id\":\"https:\/\/www.hireimmigrantsottawa.ca\/fr\/pour-les-employeurs\/what\/#breadcrumb\",\"itemListElement\":[{\"@type\":\"ListItem\",\"position\":1,\"name\":\"Home\",\"item\":\"https:\/\/www.hireimmigrantsottawa.ca\/\"},{\"@type\":\"ListItem\",\"position\":2,\"name\":\"Pour les employeurs\",\"item\":\"https:\/\/www.hireimmigrantsottawa.ca\/fr\/pour-les-employeurs\/\"},{\"@type\":\"ListItem\",\"position\":3,\"name\":\"Que sont les \u00ab comp\u00e9tences interculturelles \u00bb?\"}]},{\"@type\":\"WebSite\",\"@id\":\"https:\/\/www.hireimmigrantsottawa.ca\/#website\",\"url\":\"https:\/\/www.hireimmigrantsottawa.ca\/\",\"name\":\"Hire Immigrants Ottawa\",\"description\":\"increases the capacity of employers to attract and integrate skilled immigrants\",\"publisher\":{\"@id\":\"https:\/\/www.hireimmigrantsottawa.ca\/#organization\"},\"potentialAction\":[{\"@type\":\"SearchAction\",\"target\":{\"@type\":\"EntryPoint\",\"urlTemplate\":\"https:\/\/www.hireimmigrantsottawa.ca\/?s={search_term_string}\"},\"query-input\":{\"@type\":\"PropertyValueSpecification\",\"valueRequired\":true,\"valueName\":\"search_term_string\"}}],\"inLanguage\":\"fr-FR\"},{\"@type\":\"Organization\",\"@id\":\"https:\/\/www.hireimmigrantsottawa.ca\/#organization\",\"name\":\"Hire Immigrants Ottawa\",\"url\":\"https:\/\/www.hireimmigrantsottawa.ca\/\",\"logo\":{\"@type\":\"ImageObject\",\"inLanguage\":\"fr-FR\",\"@id\":\"https:\/\/www.hireimmigrantsottawa.ca\/#\/schema\/logo\/image\/\",\"url\":\"https:\/\/www.hireimmigrantsottawa.ca\/wp-content\/uploads\/2023\/10\/hio-logo_bow_EN_web.png\",\"contentUrl\":\"https:\/\/www.hireimmigrantsottawa.ca\/wp-content\/uploads\/2023\/10\/hio-logo_bow_EN_web.png\",\"width\":745,\"height\":160,\"caption\":\"Hire Immigrants Ottawa\"},\"image\":{\"@id\":\"https:\/\/www.hireimmigrantsottawa.ca\/#\/schema\/logo\/image\/\"},\"sameAs\":[\"https:\/\/x.com\/HireImmOttawa\",\"https:\/\/www.youtube.com\/user\/hireimmigrantsottawa\"]}]}<\/script>\n<!-- \/ Yoast SEO plugin. -->","yoast_head_json":{"title":"Que sont les \u00ab comp\u00e9tences interculturelles \u00bb? - Hire Immigrants Ottawa","robots":{"index":"index","follow":"follow","max-snippet":"max-snippet:-1","max-image-preview":"max-image-preview:large","max-video-preview":"max-video-preview:-1"},"canonical":"https:\/\/www.hireimmigrantsottawa.ca\/fr\/pour-les-employeurs\/what\/","og_locale":"fr_FR","og_type":"article","og_title":"Que sont les \u00ab comp\u00e9tences interculturelles \u00bb? - Hire Immigrants Ottawa","og_description":"En milieu de travail, les comp\u00e9tences interculturelles fournissent aux employ\u00e9s les outils pour comprendre et c\u00f4toyer des personnes de tous horizons, qu\u2019il s\u2019agisse de coll\u00e8gues, de clients, ou de fournisseurs, [&hellip;]","og_url":"https:\/\/www.hireimmigrantsottawa.ca\/fr\/pour-les-employeurs\/what\/","og_site_name":"Hire Immigrants Ottawa","article_modified_time":"2015-08-20T19:05:05+00:00","og_image":[{"width":781,"height":429,"url":"https:\/\/www.hireimmigrantsottawa.ca\/wp-content\/uploads\/2017\/02\/hio-screenshot.png","type":"image\/png"}],"twitter_card":"summary_large_image","twitter_site":"@HireImmOttawa","twitter_misc":{"Dur\u00e9e de lecture estim\u00e9e":"3 minutes"},"schema":{"@context":"https:\/\/schema.org","@graph":[{"@type":"WebPage","@id":"https:\/\/www.hireimmigrantsottawa.ca\/fr\/pour-les-employeurs\/what\/","url":"https:\/\/www.hireimmigrantsottawa.ca\/fr\/pour-les-employeurs\/what\/","name":"Que sont les \u00ab comp\u00e9tences interculturelles \u00bb? - Hire Immigrants Ottawa","isPartOf":{"@id":"https:\/\/www.hireimmigrantsottawa.ca\/#website"},"datePublished":"2013-10-03T23:58:16+00:00","dateModified":"2015-08-20T19:05:05+00:00","breadcrumb":{"@id":"https:\/\/www.hireimmigrantsottawa.ca\/fr\/pour-les-employeurs\/what\/#breadcrumb"},"inLanguage":"fr-FR","potentialAction":[{"@type":"ReadAction","target":["https:\/\/www.hireimmigrantsottawa.ca\/fr\/pour-les-employeurs\/what\/"]}]},{"@type":"BreadcrumbList","@id":"https:\/\/www.hireimmigrantsottawa.ca\/fr\/pour-les-employeurs\/what\/#breadcrumb","itemListElement":[{"@type":"ListItem","position":1,"name":"Home","item":"https:\/\/www.hireimmigrantsottawa.ca\/"},{"@type":"ListItem","position":2,"name":"Pour les employeurs","item":"https:\/\/www.hireimmigrantsottawa.ca\/fr\/pour-les-employeurs\/"},{"@type":"ListItem","position":3,"name":"Que sont les \u00ab comp\u00e9tences interculturelles \u00bb?"}]},{"@type":"WebSite","@id":"https:\/\/www.hireimmigrantsottawa.ca\/#website","url":"https:\/\/www.hireimmigrantsottawa.ca\/","name":"Hire Immigrants Ottawa","description":"increases the capacity of employers to attract and integrate skilled immigrants","publisher":{"@id":"https:\/\/www.hireimmigrantsottawa.ca\/#organization"},"potentialAction":[{"@type":"SearchAction","target":{"@type":"EntryPoint","urlTemplate":"https:\/\/www.hireimmigrantsottawa.ca\/?s={search_term_string}"},"query-input":{"@type":"PropertyValueSpecification","valueRequired":true,"valueName":"search_term_string"}}],"inLanguage":"fr-FR"},{"@type":"Organization","@id":"https:\/\/www.hireimmigrantsottawa.ca\/#organization","name":"Hire Immigrants Ottawa","url":"https:\/\/www.hireimmigrantsottawa.ca\/","logo":{"@type":"ImageObject","inLanguage":"fr-FR","@id":"https:\/\/www.hireimmigrantsottawa.ca\/#\/schema\/logo\/image\/","url":"https:\/\/www.hireimmigrantsottawa.ca\/wp-content\/uploads\/2023\/10\/hio-logo_bow_EN_web.png","contentUrl":"https:\/\/www.hireimmigrantsottawa.ca\/wp-content\/uploads\/2023\/10\/hio-logo_bow_EN_web.png","width":745,"height":160,"caption":"Hire Immigrants Ottawa"},"image":{"@id":"https:\/\/www.hireimmigrantsottawa.ca\/#\/schema\/logo\/image\/"},"sameAs":["https:\/\/x.com\/HireImmOttawa","https:\/\/www.youtube.com\/user\/hireimmigrantsottawa"]}]}},"_links":{"self":[{"href":"https:\/\/www.hireimmigrantsottawa.ca\/fr\/wp-json\/wp\/v2\/pages\/185","targetHints":{"allow":["GET"]}}],"collection":[{"href":"https:\/\/www.hireimmigrantsottawa.ca\/fr\/wp-json\/wp\/v2\/pages"}],"about":[{"href":"https:\/\/www.hireimmigrantsottawa.ca\/fr\/wp-json\/wp\/v2\/types\/page"}],"author":[{"embeddable":true,"href":"https:\/\/www.hireimmigrantsottawa.ca\/fr\/wp-json\/wp\/v2\/users\/12"}],"replies":[{"embeddable":true,"href":"https:\/\/www.hireimmigrantsottawa.ca\/fr\/wp-json\/wp\/v2\/comments?post=185"}],"version-history":[{"count":9,"href":"https:\/\/www.hireimmigrantsottawa.ca\/fr\/wp-json\/wp\/v2\/pages\/185\/revisions"}],"predecessor-version":[{"id":3131,"href":"https:\/\/www.hireimmigrantsottawa.ca\/fr\/wp-json\/wp\/v2\/pages\/185\/revisions\/3131"}],"up":[{"embeddable":true,"href":"https:\/\/www.hireimmigrantsottawa.ca\/fr\/wp-json\/wp\/v2\/pages\/81"}],"wp:attachment":[{"href":"https:\/\/www.hireimmigrantsottawa.ca\/fr\/wp-json\/wp\/v2\/media?parent=185"}],"curies":[{"name":"wp","href":"https:\/\/api.w.org\/{rel}","templated":true}]}}