{"id":179,"date":"2013-10-03T23:50:36","date_gmt":"2013-10-03T23:50:36","guid":{"rendered":"http:\/\/www.hireimmigrantsottawa.ca\/?page_id=179"},"modified":"2017-01-31T22:09:11","modified_gmt":"2017-02-01T03:09:11","slug":"evaluation-et-formation-langagiere","status":"publish","type":"page","link":"https:\/\/www.hireimmigrantsottawa.ca\/fr\/pour-les-employeurs\/outils-et-ressources\/evaluation-et-formation-langagiere\/","title":{"rendered":"\u00c9valuation et formation langagi\u00e8re"},"content":{"rendered":"<p><strong>Le Centre des niveaux de comp\u00e9tence linguistique canadiens (CNCLC)\u00a0<\/strong><br \/>\nCNCLC est le centre d\u2019expertise qui appuie et promeut les normes nationales qui existent en fran\u00e7ais et en anglais pour d\u00e9crire, mesurer et reconna\u00eetre la ma\u00eetrise de la langue seconde des nouveaux arrivants, des immigrants adultes et des immigrants potentiels d\u00e9sireux de venir vivre et travailler au Canada. Veuillez visiter <a href=\"http:\/\/www.language.ca\/\" target=\"_blank\">www.language.ca<\/a>\u00a0pour de plus amples renseignements sur le CNCLC.<\/p>\n<p>Pour des renseignements et des ressources au sujet des niveaux de comp\u00e9tence linguistique canadiens et des comp\u00e9tences essentielles en milieu de travail, visitez\u00a0<a href=\"http:\/\/www.itsessential.ca\/\" target=\"_blank\">www.itsessential.ca<\/a>.<\/p>\n<p>Pour consulter les ressources en ligne de d\u00e9veloppement professionnel du CLB et le Work Ready: CLB Resource Kit for Counselling and Hiring Immigrants, visitez\u00a0<a href=\"http:\/\/elearning.language.ca\/\" target=\"_blank\">www.learning.language.ca<\/a>.<\/p>\n<p><strong>Graybridge Malkam<\/strong><br \/>\nGraybridge Malkam offre en fran\u00e7ais et en anglais des cours adapt\u00e9s aux exigences d\u2019un milieu de travail sp\u00e9cifique, qui peuvent \u00eatre dispens\u00e9s dans le milieu de travail ou \u00e0 l\u2019ext\u00e9rieur. Les cours peuvent \u00eatre donn\u00e9s \u00e0 des groupes ou sur une base individuelle.<\/p>\n<p>Pour plus d\u2019informations concernant les programmes de langues sp\u00e9cifiques au lieu de travail, visitez le site web:\u00a0<a href=\"http:\/\/www.graybridgemalkam.com\/\" target=\"_blank\">www.graybridgemalkam.com<\/a>\u00a0ou bien contactez Stanica Karadzic par courriel \u00e0 l\u2019adresse:\u00a0<a href=\"https:\/\/mail.google.com\/mail\/?view=cm&amp;fs=1&amp;tf=1&amp;to=skaradzic@graybridgemalkam.com\" target=\"_blank\">skaradzic@graybridgemalkam.com\u00a0<\/a>ou contactez 613-761-7440, x. 203.<\/p>\n<p>Si des liens manquent de la liste, veuillez nous en informer par courriel \u00e0\u00a0<a href=\"https:\/\/mail.google.com\/mail\/?view=cm&amp;fs=1&amp;tf=1&amp;to=info@embaucheimmigrantottawa.ca\" target=\"_blank\">info@embaucheimmigrantottawa.ca<\/a><\/p>\n<p>&nbsp;<\/p>\n","protected":false},"excerpt":{"rendered":"<p>Le Centre des niveaux de comp\u00e9tence linguistique canadiens (CNCLC)\u00a0 CNCLC est le centre d\u2019expertise qui appuie et promeut les normes nationales qui existent en fran\u00e7ais et en anglais pour d\u00e9crire, [&hellip;]<\/p>\n","protected":false},"author":12,"featured_media":0,"parent":156,"menu_order":0,"comment_status":"open","ping_status":"closed","template":"employers.php","meta":{"_exactmetrics_skip_tracking":false,"_exactmetrics_sitenote_active":false,"_exactmetrics_sitenote_note":"","_exactmetrics_sitenote_category":0,"footnotes":"","_links_to":"","_links_to_target":""},"class_list":["post-179","page","type-page","status-publish","hentry"],"yoast_head":"<!-- This site is optimized with the Yoast SEO plugin v27.5 - https:\/\/yoast.com\/product\/yoast-seo-wordpress\/ -->\n<title>\u00c9valuation et formation langagi\u00e8re - Hire Immigrants Ottawa<\/title>\n<meta name=\"robots\" content=\"index, follow, max-snippet:-1, max-image-preview:large, max-video-preview:-1\" \/>\n<link rel=\"canonical\" href=\"https:\/\/www.hireimmigrantsottawa.ca\/fr\/pour-les-employeurs\/outils-et-ressources\/evaluation-et-formation-langagiere\/\" \/>\n<meta property=\"og:locale\" content=\"fr_FR\" \/>\n<meta property=\"og:type\" content=\"article\" \/>\n<meta property=\"og:title\" content=\"\u00c9valuation et formation langagi\u00e8re - Hire Immigrants Ottawa\" \/>\n<meta property=\"og:description\" content=\"Le Centre des niveaux de comp\u00e9tence linguistique canadiens (CNCLC)\u00a0 CNCLC est le centre d\u2019expertise qui appuie et promeut les normes nationales qui existent en fran\u00e7ais et en anglais pour d\u00e9crire, [&hellip;]\" \/>\n<meta property=\"og:url\" content=\"https:\/\/www.hireimmigrantsottawa.ca\/fr\/pour-les-employeurs\/outils-et-ressources\/evaluation-et-formation-langagiere\/\" \/>\n<meta property=\"og:site_name\" content=\"Hire Immigrants Ottawa\" \/>\n<meta property=\"article:modified_time\" content=\"2017-02-01T03:09:11+00:00\" \/>\n<meta property=\"og:image\" content=\"https:\/\/www.hireimmigrantsottawa.ca\/wp-content\/uploads\/2017\/02\/hio-screenshot.png\" \/>\n\t<meta property=\"og:image:width\" content=\"781\" \/>\n\t<meta property=\"og:image:height\" content=\"429\" \/>\n\t<meta property=\"og:image:type\" content=\"image\/png\" \/>\n<meta name=\"twitter:card\" content=\"summary_large_image\" \/>\n<meta name=\"twitter:site\" content=\"@HireImmOttawa\" \/>\n<meta name=\"twitter:label1\" content=\"Dur\u00e9e de lecture estim\u00e9e\" \/>\n\t<meta name=\"twitter:data1\" content=\"1 minute\" \/>\n<script type=\"application\/ld+json\" class=\"yoast-schema-graph\">{\"@context\":\"https:\\\/\\\/schema.org\",\"@graph\":[{\"@type\":\"WebPage\",\"@id\":\"https:\\\/\\\/www.hireimmigrantsottawa.ca\\\/fr\\\/pour-les-employeurs\\\/outils-et-ressources\\\/evaluation-et-formation-langagiere\\\/\",\"url\":\"https:\\\/\\\/www.hireimmigrantsottawa.ca\\\/fr\\\/pour-les-employeurs\\\/outils-et-ressources\\\/evaluation-et-formation-langagiere\\\/\",\"name\":\"\u00c9valuation et formation langagi\u00e8re - Hire Immigrants Ottawa\",\"isPartOf\":{\"@id\":\"https:\\\/\\\/www.hireimmigrantsottawa.ca\\\/#website\"},\"datePublished\":\"2013-10-03T23:50:36+00:00\",\"dateModified\":\"2017-02-01T03:09:11+00:00\",\"breadcrumb\":{\"@id\":\"https:\\\/\\\/www.hireimmigrantsottawa.ca\\\/fr\\\/pour-les-employeurs\\\/outils-et-ressources\\\/evaluation-et-formation-langagiere\\\/#breadcrumb\"},\"inLanguage\":\"fr-FR\",\"potentialAction\":[{\"@type\":\"ReadAction\",\"target\":[\"https:\\\/\\\/www.hireimmigrantsottawa.ca\\\/fr\\\/pour-les-employeurs\\\/outils-et-ressources\\\/evaluation-et-formation-langagiere\\\/\"]}]},{\"@type\":\"BreadcrumbList\",\"@id\":\"https:\\\/\\\/www.hireimmigrantsottawa.ca\\\/fr\\\/pour-les-employeurs\\\/outils-et-ressources\\\/evaluation-et-formation-langagiere\\\/#breadcrumb\",\"itemListElement\":[{\"@type\":\"ListItem\",\"position\":1,\"name\":\"Home\",\"item\":\"https:\\\/\\\/www.hireimmigrantsottawa.ca\\\/\"},{\"@type\":\"ListItem\",\"position\":2,\"name\":\"Pour les employeurs\",\"item\":\"https:\\\/\\\/www.hireimmigrantsottawa.ca\\\/fr\\\/pour-les-employeurs\\\/\"},{\"@type\":\"ListItem\",\"position\":3,\"name\":\"Outils et ressources\",\"item\":\"https:\\\/\\\/www.hireimmigrantsottawa.ca\\\/fr\\\/pour-les-employeurs\\\/outils-et-ressources\\\/\"},{\"@type\":\"ListItem\",\"position\":4,\"name\":\"\u00c9valuation et formation langagi\u00e8re\"}]},{\"@type\":\"WebSite\",\"@id\":\"https:\\\/\\\/www.hireimmigrantsottawa.ca\\\/#website\",\"url\":\"https:\\\/\\\/www.hireimmigrantsottawa.ca\\\/\",\"name\":\"Hire Immigrants Ottawa\",\"description\":\"increases the capacity of employers to attract and integrate skilled immigrants\",\"publisher\":{\"@id\":\"https:\\\/\\\/www.hireimmigrantsottawa.ca\\\/#organization\"},\"potentialAction\":[{\"@type\":\"SearchAction\",\"target\":{\"@type\":\"EntryPoint\",\"urlTemplate\":\"https:\\\/\\\/www.hireimmigrantsottawa.ca\\\/?s={search_term_string}\"},\"query-input\":{\"@type\":\"PropertyValueSpecification\",\"valueRequired\":true,\"valueName\":\"search_term_string\"}}],\"inLanguage\":\"fr-FR\"},{\"@type\":\"Organization\",\"@id\":\"https:\\\/\\\/www.hireimmigrantsottawa.ca\\\/#organization\",\"name\":\"Hire Immigrants Ottawa\",\"url\":\"https:\\\/\\\/www.hireimmigrantsottawa.ca\\\/\",\"logo\":{\"@type\":\"ImageObject\",\"inLanguage\":\"fr-FR\",\"@id\":\"https:\\\/\\\/www.hireimmigrantsottawa.ca\\\/#\\\/schema\\\/logo\\\/image\\\/\",\"url\":\"https:\\\/\\\/www.hireimmigrantsottawa.ca\\\/wp-content\\\/uploads\\\/2023\\\/10\\\/hio-logo_bow_EN_web.png\",\"contentUrl\":\"https:\\\/\\\/www.hireimmigrantsottawa.ca\\\/wp-content\\\/uploads\\\/2023\\\/10\\\/hio-logo_bow_EN_web.png\",\"width\":745,\"height\":160,\"caption\":\"Hire Immigrants Ottawa\"},\"image\":{\"@id\":\"https:\\\/\\\/www.hireimmigrantsottawa.ca\\\/#\\\/schema\\\/logo\\\/image\\\/\"},\"sameAs\":[\"https:\\\/\\\/x.com\\\/HireImmOttawa\",\"https:\\\/\\\/www.youtube.com\\\/user\\\/hireimmigrantsottawa\"]}]}<\/script>\n<!-- \/ Yoast SEO plugin. -->","yoast_head_json":{"title":"\u00c9valuation et formation langagi\u00e8re - Hire Immigrants Ottawa","robots":{"index":"index","follow":"follow","max-snippet":"max-snippet:-1","max-image-preview":"max-image-preview:large","max-video-preview":"max-video-preview:-1"},"canonical":"https:\/\/www.hireimmigrantsottawa.ca\/fr\/pour-les-employeurs\/outils-et-ressources\/evaluation-et-formation-langagiere\/","og_locale":"fr_FR","og_type":"article","og_title":"\u00c9valuation et formation langagi\u00e8re - Hire Immigrants Ottawa","og_description":"Le Centre des niveaux de comp\u00e9tence linguistique canadiens (CNCLC)\u00a0 CNCLC est le centre d\u2019expertise qui appuie et promeut les normes nationales qui existent en fran\u00e7ais et en anglais pour d\u00e9crire, [&hellip;]","og_url":"https:\/\/www.hireimmigrantsottawa.ca\/fr\/pour-les-employeurs\/outils-et-ressources\/evaluation-et-formation-langagiere\/","og_site_name":"Hire Immigrants Ottawa","article_modified_time":"2017-02-01T03:09:11+00:00","og_image":[{"width":781,"height":429,"url":"https:\/\/www.hireimmigrantsottawa.ca\/wp-content\/uploads\/2017\/02\/hio-screenshot.png","type":"image\/png"}],"twitter_card":"summary_large_image","twitter_site":"@HireImmOttawa","twitter_misc":{"Dur\u00e9e de lecture estim\u00e9e":"1 minute"},"schema":{"@context":"https:\/\/schema.org","@graph":[{"@type":"WebPage","@id":"https:\/\/www.hireimmigrantsottawa.ca\/fr\/pour-les-employeurs\/outils-et-ressources\/evaluation-et-formation-langagiere\/","url":"https:\/\/www.hireimmigrantsottawa.ca\/fr\/pour-les-employeurs\/outils-et-ressources\/evaluation-et-formation-langagiere\/","name":"\u00c9valuation et formation langagi\u00e8re - Hire Immigrants Ottawa","isPartOf":{"@id":"https:\/\/www.hireimmigrantsottawa.ca\/#website"},"datePublished":"2013-10-03T23:50:36+00:00","dateModified":"2017-02-01T03:09:11+00:00","breadcrumb":{"@id":"https:\/\/www.hireimmigrantsottawa.ca\/fr\/pour-les-employeurs\/outils-et-ressources\/evaluation-et-formation-langagiere\/#breadcrumb"},"inLanguage":"fr-FR","potentialAction":[{"@type":"ReadAction","target":["https:\/\/www.hireimmigrantsottawa.ca\/fr\/pour-les-employeurs\/outils-et-ressources\/evaluation-et-formation-langagiere\/"]}]},{"@type":"BreadcrumbList","@id":"https:\/\/www.hireimmigrantsottawa.ca\/fr\/pour-les-employeurs\/outils-et-ressources\/evaluation-et-formation-langagiere\/#breadcrumb","itemListElement":[{"@type":"ListItem","position":1,"name":"Home","item":"https:\/\/www.hireimmigrantsottawa.ca\/"},{"@type":"ListItem","position":2,"name":"Pour les employeurs","item":"https:\/\/www.hireimmigrantsottawa.ca\/fr\/pour-les-employeurs\/"},{"@type":"ListItem","position":3,"name":"Outils et ressources","item":"https:\/\/www.hireimmigrantsottawa.ca\/fr\/pour-les-employeurs\/outils-et-ressources\/"},{"@type":"ListItem","position":4,"name":"\u00c9valuation et formation langagi\u00e8re"}]},{"@type":"WebSite","@id":"https:\/\/www.hireimmigrantsottawa.ca\/#website","url":"https:\/\/www.hireimmigrantsottawa.ca\/","name":"Hire Immigrants Ottawa","description":"increases the capacity of employers to attract and integrate skilled immigrants","publisher":{"@id":"https:\/\/www.hireimmigrantsottawa.ca\/#organization"},"potentialAction":[{"@type":"SearchAction","target":{"@type":"EntryPoint","urlTemplate":"https:\/\/www.hireimmigrantsottawa.ca\/?s={search_term_string}"},"query-input":{"@type":"PropertyValueSpecification","valueRequired":true,"valueName":"search_term_string"}}],"inLanguage":"fr-FR"},{"@type":"Organization","@id":"https:\/\/www.hireimmigrantsottawa.ca\/#organization","name":"Hire Immigrants Ottawa","url":"https:\/\/www.hireimmigrantsottawa.ca\/","logo":{"@type":"ImageObject","inLanguage":"fr-FR","@id":"https:\/\/www.hireimmigrantsottawa.ca\/#\/schema\/logo\/image\/","url":"https:\/\/www.hireimmigrantsottawa.ca\/wp-content\/uploads\/2023\/10\/hio-logo_bow_EN_web.png","contentUrl":"https:\/\/www.hireimmigrantsottawa.ca\/wp-content\/uploads\/2023\/10\/hio-logo_bow_EN_web.png","width":745,"height":160,"caption":"Hire Immigrants Ottawa"},"image":{"@id":"https:\/\/www.hireimmigrantsottawa.ca\/#\/schema\/logo\/image\/"},"sameAs":["https:\/\/x.com\/HireImmOttawa","https:\/\/www.youtube.com\/user\/hireimmigrantsottawa"]}]}},"_links":{"self":[{"href":"https:\/\/www.hireimmigrantsottawa.ca\/fr\/wp-json\/wp\/v2\/pages\/179","targetHints":{"allow":["GET"]}}],"collection":[{"href":"https:\/\/www.hireimmigrantsottawa.ca\/fr\/wp-json\/wp\/v2\/pages"}],"about":[{"href":"https:\/\/www.hireimmigrantsottawa.ca\/fr\/wp-json\/wp\/v2\/types\/page"}],"author":[{"embeddable":true,"href":"https:\/\/www.hireimmigrantsottawa.ca\/fr\/wp-json\/wp\/v2\/users\/12"}],"replies":[{"embeddable":true,"href":"https:\/\/www.hireimmigrantsottawa.ca\/fr\/wp-json\/wp\/v2\/comments?post=179"}],"version-history":[{"count":4,"href":"https:\/\/www.hireimmigrantsottawa.ca\/fr\/wp-json\/wp\/v2\/pages\/179\/revisions"}],"predecessor-version":[{"id":4224,"href":"https:\/\/www.hireimmigrantsottawa.ca\/fr\/wp-json\/wp\/v2\/pages\/179\/revisions\/4224"}],"up":[{"embeddable":true,"href":"https:\/\/www.hireimmigrantsottawa.ca\/fr\/wp-json\/wp\/v2\/pages\/156"}],"wp:attachment":[{"href":"https:\/\/www.hireimmigrantsottawa.ca\/fr\/wp-json\/wp\/v2\/media?parent=179"}],"curies":[{"name":"wp","href":"https:\/\/api.w.org\/{rel}","templated":true}]}}