{"id":175,"date":"2013-10-03T23:49:28","date_gmt":"2013-10-03T23:49:28","guid":{"rendered":"http:\/\/www.hireimmigrantsottawa.ca\/?page_id=175"},"modified":"2013-10-03T23:49:28","modified_gmt":"2013-10-03T23:49:28","slug":"evaluation-des-titres-de-competences","status":"publish","type":"page","link":"https:\/\/www.hireimmigrantsottawa.ca\/fr\/pour-les-employeurs\/outils-et-ressources\/evaluation-des-titres-de-competences\/","title":{"rendered":"\u00c9valuation des titres de competences"},"content":{"rendered":"<p><strong>World Education Services (WES)<\/strong><br \/>\nWorld Education Services (WES) est une organisation \u00e0 but non lucratif qui r\u00e9alise des \u00e9valuations fiables et exactes des dipl\u00f4mes \u00e9trangers, afin de permettre aux employeurs de comprendre la nature exacte de l\u2019\u00e9quivalence canadienne des titre de comp\u00e9tence d\u2019employ\u00e9s potentiels. Veuillez visiter\u00a0<a href=\"http:\/\/www.wes.org\/\" target=\"_blank\">www.wes.org<\/a>\u00a0pour plus de renseignements.<\/p>\n<p>&nbsp;<\/p>\n","protected":false},"excerpt":{"rendered":"<p>World Education Services (WES) World Education Services (WES) est une organisation \u00e0 but non lucratif qui r\u00e9alise des \u00e9valuations fiables et exactes des dipl\u00f4mes \u00e9trangers, afin de permettre aux employeurs [&hellip;]<\/p>\n","protected":false},"author":12,"featured_media":0,"parent":156,"menu_order":0,"comment_status":"open","ping_status":"closed","template":"employers.php","meta":{"_exactmetrics_skip_tracking":false,"_exactmetrics_sitenote_active":false,"_exactmetrics_sitenote_note":"","_exactmetrics_sitenote_category":0,"footnotes":"","_links_to":"","_links_to_target":""},"class_list":["post-175","page","type-page","status-publish","hentry"],"yoast_head":"<!-- This site is optimized with the Yoast SEO plugin v27.2 - https:\/\/yoast.com\/product\/yoast-seo-wordpress\/ -->\n<title>\u00c9valuation des titres de competences - Hire Immigrants Ottawa<\/title>\n<meta name=\"robots\" content=\"index, follow, max-snippet:-1, max-image-preview:large, max-video-preview:-1\" \/>\n<link rel=\"canonical\" href=\"https:\/\/www.hireimmigrantsottawa.ca\/fr\/pour-les-employeurs\/outils-et-ressources\/evaluation-des-titres-de-competences\/\" \/>\n<meta property=\"og:locale\" content=\"fr_FR\" \/>\n<meta property=\"og:type\" content=\"article\" \/>\n<meta property=\"og:title\" content=\"\u00c9valuation des titres de competences - Hire Immigrants Ottawa\" \/>\n<meta property=\"og:description\" content=\"World Education Services (WES) World Education Services (WES) est une organisation \u00e0 but non lucratif qui r\u00e9alise des \u00e9valuations fiables et exactes des dipl\u00f4mes \u00e9trangers, afin de permettre aux employeurs [&hellip;]\" \/>\n<meta property=\"og:url\" content=\"https:\/\/www.hireimmigrantsottawa.ca\/fr\/pour-les-employeurs\/outils-et-ressources\/evaluation-des-titres-de-competences\/\" \/>\n<meta property=\"og:site_name\" content=\"Hire Immigrants Ottawa\" \/>\n<meta property=\"og:image\" content=\"https:\/\/www.hireimmigrantsottawa.ca\/wp-content\/uploads\/2017\/02\/hio-screenshot.png\" \/>\n\t<meta property=\"og:image:width\" content=\"781\" \/>\n\t<meta property=\"og:image:height\" content=\"429\" \/>\n\t<meta property=\"og:image:type\" content=\"image\/png\" \/>\n<meta name=\"twitter:card\" content=\"summary_large_image\" \/>\n<meta name=\"twitter:site\" content=\"@HireImmOttawa\" \/>\n<script type=\"application\/ld+json\" class=\"yoast-schema-graph\">{\"@context\":\"https:\/\/schema.org\",\"@graph\":[{\"@type\":\"WebPage\",\"@id\":\"https:\/\/www.hireimmigrantsottawa.ca\/fr\/pour-les-employeurs\/outils-et-ressources\/evaluation-des-titres-de-competences\/\",\"url\":\"https:\/\/www.hireimmigrantsottawa.ca\/fr\/pour-les-employeurs\/outils-et-ressources\/evaluation-des-titres-de-competences\/\",\"name\":\"\u00c9valuation des titres de competences - Hire Immigrants Ottawa\",\"isPartOf\":{\"@id\":\"https:\/\/www.hireimmigrantsottawa.ca\/#website\"},\"datePublished\":\"2013-10-03T23:49:28+00:00\",\"breadcrumb\":{\"@id\":\"https:\/\/www.hireimmigrantsottawa.ca\/fr\/pour-les-employeurs\/outils-et-ressources\/evaluation-des-titres-de-competences\/#breadcrumb\"},\"inLanguage\":\"fr-FR\",\"potentialAction\":[{\"@type\":\"ReadAction\",\"target\":[\"https:\/\/www.hireimmigrantsottawa.ca\/fr\/pour-les-employeurs\/outils-et-ressources\/evaluation-des-titres-de-competences\/\"]}]},{\"@type\":\"BreadcrumbList\",\"@id\":\"https:\/\/www.hireimmigrantsottawa.ca\/fr\/pour-les-employeurs\/outils-et-ressources\/evaluation-des-titres-de-competences\/#breadcrumb\",\"itemListElement\":[{\"@type\":\"ListItem\",\"position\":1,\"name\":\"Home\",\"item\":\"https:\/\/www.hireimmigrantsottawa.ca\/\"},{\"@type\":\"ListItem\",\"position\":2,\"name\":\"Pour les employeurs\",\"item\":\"https:\/\/www.hireimmigrantsottawa.ca\/fr\/pour-les-employeurs\/\"},{\"@type\":\"ListItem\",\"position\":3,\"name\":\"Outils et ressources\",\"item\":\"https:\/\/www.hireimmigrantsottawa.ca\/fr\/pour-les-employeurs\/outils-et-ressources\/\"},{\"@type\":\"ListItem\",\"position\":4,\"name\":\"\u00c9valuation des titres de competences\"}]},{\"@type\":\"WebSite\",\"@id\":\"https:\/\/www.hireimmigrantsottawa.ca\/#website\",\"url\":\"https:\/\/www.hireimmigrantsottawa.ca\/\",\"name\":\"Hire Immigrants Ottawa\",\"description\":\"increases the capacity of employers to attract and integrate skilled immigrants\",\"publisher\":{\"@id\":\"https:\/\/www.hireimmigrantsottawa.ca\/#organization\"},\"potentialAction\":[{\"@type\":\"SearchAction\",\"target\":{\"@type\":\"EntryPoint\",\"urlTemplate\":\"https:\/\/www.hireimmigrantsottawa.ca\/?s={search_term_string}\"},\"query-input\":{\"@type\":\"PropertyValueSpecification\",\"valueRequired\":true,\"valueName\":\"search_term_string\"}}],\"inLanguage\":\"fr-FR\"},{\"@type\":\"Organization\",\"@id\":\"https:\/\/www.hireimmigrantsottawa.ca\/#organization\",\"name\":\"Hire Immigrants Ottawa\",\"url\":\"https:\/\/www.hireimmigrantsottawa.ca\/\",\"logo\":{\"@type\":\"ImageObject\",\"inLanguage\":\"fr-FR\",\"@id\":\"https:\/\/www.hireimmigrantsottawa.ca\/#\/schema\/logo\/image\/\",\"url\":\"https:\/\/www.hireimmigrantsottawa.ca\/wp-content\/uploads\/2023\/10\/hio-logo_bow_EN_web.png\",\"contentUrl\":\"https:\/\/www.hireimmigrantsottawa.ca\/wp-content\/uploads\/2023\/10\/hio-logo_bow_EN_web.png\",\"width\":745,\"height\":160,\"caption\":\"Hire Immigrants Ottawa\"},\"image\":{\"@id\":\"https:\/\/www.hireimmigrantsottawa.ca\/#\/schema\/logo\/image\/\"},\"sameAs\":[\"https:\/\/x.com\/HireImmOttawa\",\"https:\/\/www.youtube.com\/user\/hireimmigrantsottawa\"]}]}<\/script>\n<!-- \/ Yoast SEO plugin. -->","yoast_head_json":{"title":"\u00c9valuation des titres de competences - Hire Immigrants Ottawa","robots":{"index":"index","follow":"follow","max-snippet":"max-snippet:-1","max-image-preview":"max-image-preview:large","max-video-preview":"max-video-preview:-1"},"canonical":"https:\/\/www.hireimmigrantsottawa.ca\/fr\/pour-les-employeurs\/outils-et-ressources\/evaluation-des-titres-de-competences\/","og_locale":"fr_FR","og_type":"article","og_title":"\u00c9valuation des titres de competences - Hire Immigrants Ottawa","og_description":"World Education Services (WES) World Education Services (WES) est une organisation \u00e0 but non lucratif qui r\u00e9alise des \u00e9valuations fiables et exactes des dipl\u00f4mes \u00e9trangers, afin de permettre aux employeurs [&hellip;]","og_url":"https:\/\/www.hireimmigrantsottawa.ca\/fr\/pour-les-employeurs\/outils-et-ressources\/evaluation-des-titres-de-competences\/","og_site_name":"Hire Immigrants Ottawa","og_image":[{"width":781,"height":429,"url":"https:\/\/www.hireimmigrantsottawa.ca\/wp-content\/uploads\/2017\/02\/hio-screenshot.png","type":"image\/png"}],"twitter_card":"summary_large_image","twitter_site":"@HireImmOttawa","schema":{"@context":"https:\/\/schema.org","@graph":[{"@type":"WebPage","@id":"https:\/\/www.hireimmigrantsottawa.ca\/fr\/pour-les-employeurs\/outils-et-ressources\/evaluation-des-titres-de-competences\/","url":"https:\/\/www.hireimmigrantsottawa.ca\/fr\/pour-les-employeurs\/outils-et-ressources\/evaluation-des-titres-de-competences\/","name":"\u00c9valuation des titres de competences - Hire Immigrants Ottawa","isPartOf":{"@id":"https:\/\/www.hireimmigrantsottawa.ca\/#website"},"datePublished":"2013-10-03T23:49:28+00:00","breadcrumb":{"@id":"https:\/\/www.hireimmigrantsottawa.ca\/fr\/pour-les-employeurs\/outils-et-ressources\/evaluation-des-titres-de-competences\/#breadcrumb"},"inLanguage":"fr-FR","potentialAction":[{"@type":"ReadAction","target":["https:\/\/www.hireimmigrantsottawa.ca\/fr\/pour-les-employeurs\/outils-et-ressources\/evaluation-des-titres-de-competences\/"]}]},{"@type":"BreadcrumbList","@id":"https:\/\/www.hireimmigrantsottawa.ca\/fr\/pour-les-employeurs\/outils-et-ressources\/evaluation-des-titres-de-competences\/#breadcrumb","itemListElement":[{"@type":"ListItem","position":1,"name":"Home","item":"https:\/\/www.hireimmigrantsottawa.ca\/"},{"@type":"ListItem","position":2,"name":"Pour les employeurs","item":"https:\/\/www.hireimmigrantsottawa.ca\/fr\/pour-les-employeurs\/"},{"@type":"ListItem","position":3,"name":"Outils et ressources","item":"https:\/\/www.hireimmigrantsottawa.ca\/fr\/pour-les-employeurs\/outils-et-ressources\/"},{"@type":"ListItem","position":4,"name":"\u00c9valuation des titres de competences"}]},{"@type":"WebSite","@id":"https:\/\/www.hireimmigrantsottawa.ca\/#website","url":"https:\/\/www.hireimmigrantsottawa.ca\/","name":"Hire Immigrants Ottawa","description":"increases the capacity of employers to attract and integrate skilled immigrants","publisher":{"@id":"https:\/\/www.hireimmigrantsottawa.ca\/#organization"},"potentialAction":[{"@type":"SearchAction","target":{"@type":"EntryPoint","urlTemplate":"https:\/\/www.hireimmigrantsottawa.ca\/?s={search_term_string}"},"query-input":{"@type":"PropertyValueSpecification","valueRequired":true,"valueName":"search_term_string"}}],"inLanguage":"fr-FR"},{"@type":"Organization","@id":"https:\/\/www.hireimmigrantsottawa.ca\/#organization","name":"Hire Immigrants Ottawa","url":"https:\/\/www.hireimmigrantsottawa.ca\/","logo":{"@type":"ImageObject","inLanguage":"fr-FR","@id":"https:\/\/www.hireimmigrantsottawa.ca\/#\/schema\/logo\/image\/","url":"https:\/\/www.hireimmigrantsottawa.ca\/wp-content\/uploads\/2023\/10\/hio-logo_bow_EN_web.png","contentUrl":"https:\/\/www.hireimmigrantsottawa.ca\/wp-content\/uploads\/2023\/10\/hio-logo_bow_EN_web.png","width":745,"height":160,"caption":"Hire Immigrants Ottawa"},"image":{"@id":"https:\/\/www.hireimmigrantsottawa.ca\/#\/schema\/logo\/image\/"},"sameAs":["https:\/\/x.com\/HireImmOttawa","https:\/\/www.youtube.com\/user\/hireimmigrantsottawa"]}]}},"_links":{"self":[{"href":"https:\/\/www.hireimmigrantsottawa.ca\/fr\/wp-json\/wp\/v2\/pages\/175","targetHints":{"allow":["GET"]}}],"collection":[{"href":"https:\/\/www.hireimmigrantsottawa.ca\/fr\/wp-json\/wp\/v2\/pages"}],"about":[{"href":"https:\/\/www.hireimmigrantsottawa.ca\/fr\/wp-json\/wp\/v2\/types\/page"}],"author":[{"embeddable":true,"href":"https:\/\/www.hireimmigrantsottawa.ca\/fr\/wp-json\/wp\/v2\/users\/12"}],"replies":[{"embeddable":true,"href":"https:\/\/www.hireimmigrantsottawa.ca\/fr\/wp-json\/wp\/v2\/comments?post=175"}],"version-history":[{"count":1,"href":"https:\/\/www.hireimmigrantsottawa.ca\/fr\/wp-json\/wp\/v2\/pages\/175\/revisions"}],"predecessor-version":[{"id":176,"href":"https:\/\/www.hireimmigrantsottawa.ca\/fr\/wp-json\/wp\/v2\/pages\/175\/revisions\/176"}],"up":[{"embeddable":true,"href":"https:\/\/www.hireimmigrantsottawa.ca\/fr\/wp-json\/wp\/v2\/pages\/156"}],"wp:attachment":[{"href":"https:\/\/www.hireimmigrantsottawa.ca\/fr\/wp-json\/wp\/v2\/media?parent=175"}],"curies":[{"name":"wp","href":"https:\/\/api.w.org\/{rel}","templated":true}]}}