{"id":171,"date":"2013-10-03T23:47:21","date_gmt":"2013-10-03T23:47:21","guid":{"rendered":"http:\/\/www.hireimmigrantsottawa.ca\/?page_id=171"},"modified":"2013-10-03T23:47:21","modified_gmt":"2013-10-03T23:47:21","slug":"services-de-recrutement","status":"publish","type":"page","link":"https:\/\/www.hireimmigrantsottawa.ca\/fr\/pour-les-employeurs\/outils-et-ressources\/services-de-recrutement\/","title":{"rendered":"Services de recrutement"},"content":{"rendered":"<h3><strong>Trouver des immigrants aptes au travail<\/strong><\/h3>\n<p><strong>The Ottawa Job Match Network (OJMN)<\/strong><br \/>\nLASI Comp\u00e9tences mondiales, Algonquin College et le YMCA-YWCA de la r\u00e9gion de la capitale nationale travaillent ensemble pour relier employeurs et immigrants qualifi\u00e9s. Les employeurs peuvent travailler avec un personnel professionnel en vue d\u2019identifier et d\u2019avoir acc\u00e8s \u00e0 des employ\u00e9s qualifi\u00e9s pouvant r\u00e9pondre \u00e0 leurs crit\u00e8res d\u2019embauche. Les services offerts comprennent la pr\u00e9s\u00e9lection et un soutien apr\u00e8s placement. Pour placer une commande, faites parvenir un courriel \u00e0\u00a0<a href=\"https:\/\/mail.google.com\/mail\/?view=cm&amp;fs=1&amp;tf=1&amp;to=ojmn@ottawa-worldskills.org\" target=\"_blank\">ojmn@ottawa-worldskills.org<\/a><br \/>\nPour plus de renseignements, communiquez avec Magdalene Cooman-Maxwell, Ottawa Job Match Network au 613 2330453 ext 366,\u00a0<a href=\"https:\/\/mail.google.com\/mail\/?view=cm&amp;fs=1&amp;tf=1&amp;to=magdalene@ottawa-worldskills.org\" target=\"_blank\">magdalene@ottawa-worldskills.org<\/a>.<\/p>\n<p>&nbsp;<\/p>\n","protected":false},"excerpt":{"rendered":"<p>Trouver des immigrants aptes au travail The Ottawa Job Match Network (OJMN) LASI Comp\u00e9tences mondiales, Algonquin College et le YMCA-YWCA de la r\u00e9gion de la capitale nationale travaillent ensemble pour [&hellip;]<\/p>\n","protected":false},"author":12,"featured_media":0,"parent":156,"menu_order":0,"comment_status":"open","ping_status":"closed","template":"employers.php","meta":{"_exactmetrics_skip_tracking":false,"_exactmetrics_sitenote_active":false,"_exactmetrics_sitenote_note":"","_exactmetrics_sitenote_category":0,"footnotes":"","_links_to":"","_links_to_target":""},"class_list":["post-171","page","type-page","status-publish","hentry"],"yoast_head":"<!-- This site is optimized with the Yoast SEO plugin v27.2 - https:\/\/yoast.com\/product\/yoast-seo-wordpress\/ -->\n<title>Services de recrutement - Hire Immigrants Ottawa<\/title>\n<meta name=\"robots\" content=\"index, follow, max-snippet:-1, max-image-preview:large, max-video-preview:-1\" \/>\n<link rel=\"canonical\" href=\"https:\/\/www.hireimmigrantsottawa.ca\/fr\/pour-les-employeurs\/outils-et-ressources\/services-de-recrutement\/\" \/>\n<meta property=\"og:locale\" content=\"fr_FR\" \/>\n<meta property=\"og:type\" content=\"article\" \/>\n<meta property=\"og:title\" content=\"Services de recrutement - Hire Immigrants Ottawa\" \/>\n<meta property=\"og:description\" content=\"Trouver des immigrants aptes au travail The Ottawa Job Match Network (OJMN) LASI Comp\u00e9tences mondiales, Algonquin College et le YMCA-YWCA de la r\u00e9gion de la capitale nationale travaillent ensemble pour [&hellip;]\" \/>\n<meta property=\"og:url\" content=\"https:\/\/www.hireimmigrantsottawa.ca\/fr\/pour-les-employeurs\/outils-et-ressources\/services-de-recrutement\/\" \/>\n<meta property=\"og:site_name\" content=\"Hire Immigrants Ottawa\" \/>\n<meta property=\"og:image\" content=\"https:\/\/www.hireimmigrantsottawa.ca\/wp-content\/uploads\/2017\/02\/hio-screenshot.png\" \/>\n\t<meta property=\"og:image:width\" content=\"781\" \/>\n\t<meta property=\"og:image:height\" content=\"429\" \/>\n\t<meta property=\"og:image:type\" content=\"image\/png\" \/>\n<meta name=\"twitter:card\" content=\"summary_large_image\" \/>\n<meta name=\"twitter:site\" content=\"@HireImmOttawa\" \/>\n<meta name=\"twitter:label1\" content=\"Dur\u00e9e de lecture estim\u00e9e\" \/>\n\t<meta name=\"twitter:data1\" content=\"1 minute\" \/>\n<script type=\"application\/ld+json\" class=\"yoast-schema-graph\">{\"@context\":\"https:\/\/schema.org\",\"@graph\":[{\"@type\":\"WebPage\",\"@id\":\"https:\/\/www.hireimmigrantsottawa.ca\/fr\/pour-les-employeurs\/outils-et-ressources\/services-de-recrutement\/\",\"url\":\"https:\/\/www.hireimmigrantsottawa.ca\/fr\/pour-les-employeurs\/outils-et-ressources\/services-de-recrutement\/\",\"name\":\"Services de recrutement - Hire Immigrants Ottawa\",\"isPartOf\":{\"@id\":\"https:\/\/www.hireimmigrantsottawa.ca\/#website\"},\"datePublished\":\"2013-10-03T23:47:21+00:00\",\"breadcrumb\":{\"@id\":\"https:\/\/www.hireimmigrantsottawa.ca\/fr\/pour-les-employeurs\/outils-et-ressources\/services-de-recrutement\/#breadcrumb\"},\"inLanguage\":\"fr-FR\",\"potentialAction\":[{\"@type\":\"ReadAction\",\"target\":[\"https:\/\/www.hireimmigrantsottawa.ca\/fr\/pour-les-employeurs\/outils-et-ressources\/services-de-recrutement\/\"]}]},{\"@type\":\"BreadcrumbList\",\"@id\":\"https:\/\/www.hireimmigrantsottawa.ca\/fr\/pour-les-employeurs\/outils-et-ressources\/services-de-recrutement\/#breadcrumb\",\"itemListElement\":[{\"@type\":\"ListItem\",\"position\":1,\"name\":\"Home\",\"item\":\"https:\/\/www.hireimmigrantsottawa.ca\/\"},{\"@type\":\"ListItem\",\"position\":2,\"name\":\"Pour les employeurs\",\"item\":\"https:\/\/www.hireimmigrantsottawa.ca\/fr\/pour-les-employeurs\/\"},{\"@type\":\"ListItem\",\"position\":3,\"name\":\"Outils et ressources\",\"item\":\"https:\/\/www.hireimmigrantsottawa.ca\/fr\/pour-les-employeurs\/outils-et-ressources\/\"},{\"@type\":\"ListItem\",\"position\":4,\"name\":\"Services de recrutement\"}]},{\"@type\":\"WebSite\",\"@id\":\"https:\/\/www.hireimmigrantsottawa.ca\/#website\",\"url\":\"https:\/\/www.hireimmigrantsottawa.ca\/\",\"name\":\"Hire Immigrants Ottawa\",\"description\":\"increases the capacity of employers to attract and integrate skilled immigrants\",\"publisher\":{\"@id\":\"https:\/\/www.hireimmigrantsottawa.ca\/#organization\"},\"potentialAction\":[{\"@type\":\"SearchAction\",\"target\":{\"@type\":\"EntryPoint\",\"urlTemplate\":\"https:\/\/www.hireimmigrantsottawa.ca\/?s={search_term_string}\"},\"query-input\":{\"@type\":\"PropertyValueSpecification\",\"valueRequired\":true,\"valueName\":\"search_term_string\"}}],\"inLanguage\":\"fr-FR\"},{\"@type\":\"Organization\",\"@id\":\"https:\/\/www.hireimmigrantsottawa.ca\/#organization\",\"name\":\"Hire Immigrants Ottawa\",\"url\":\"https:\/\/www.hireimmigrantsottawa.ca\/\",\"logo\":{\"@type\":\"ImageObject\",\"inLanguage\":\"fr-FR\",\"@id\":\"https:\/\/www.hireimmigrantsottawa.ca\/#\/schema\/logo\/image\/\",\"url\":\"https:\/\/www.hireimmigrantsottawa.ca\/wp-content\/uploads\/2023\/10\/hio-logo_bow_EN_web.png\",\"contentUrl\":\"https:\/\/www.hireimmigrantsottawa.ca\/wp-content\/uploads\/2023\/10\/hio-logo_bow_EN_web.png\",\"width\":745,\"height\":160,\"caption\":\"Hire Immigrants Ottawa\"},\"image\":{\"@id\":\"https:\/\/www.hireimmigrantsottawa.ca\/#\/schema\/logo\/image\/\"},\"sameAs\":[\"https:\/\/x.com\/HireImmOttawa\",\"https:\/\/www.youtube.com\/user\/hireimmigrantsottawa\"]}]}<\/script>\n<!-- \/ Yoast SEO plugin. -->","yoast_head_json":{"title":"Services de recrutement - Hire Immigrants Ottawa","robots":{"index":"index","follow":"follow","max-snippet":"max-snippet:-1","max-image-preview":"max-image-preview:large","max-video-preview":"max-video-preview:-1"},"canonical":"https:\/\/www.hireimmigrantsottawa.ca\/fr\/pour-les-employeurs\/outils-et-ressources\/services-de-recrutement\/","og_locale":"fr_FR","og_type":"article","og_title":"Services de recrutement - Hire Immigrants Ottawa","og_description":"Trouver des immigrants aptes au travail The Ottawa Job Match Network (OJMN) LASI Comp\u00e9tences mondiales, Algonquin College et le YMCA-YWCA de la r\u00e9gion de la capitale nationale travaillent ensemble pour [&hellip;]","og_url":"https:\/\/www.hireimmigrantsottawa.ca\/fr\/pour-les-employeurs\/outils-et-ressources\/services-de-recrutement\/","og_site_name":"Hire Immigrants Ottawa","og_image":[{"width":781,"height":429,"url":"https:\/\/www.hireimmigrantsottawa.ca\/wp-content\/uploads\/2017\/02\/hio-screenshot.png","type":"image\/png"}],"twitter_card":"summary_large_image","twitter_site":"@HireImmOttawa","twitter_misc":{"Dur\u00e9e de lecture estim\u00e9e":"1 minute"},"schema":{"@context":"https:\/\/schema.org","@graph":[{"@type":"WebPage","@id":"https:\/\/www.hireimmigrantsottawa.ca\/fr\/pour-les-employeurs\/outils-et-ressources\/services-de-recrutement\/","url":"https:\/\/www.hireimmigrantsottawa.ca\/fr\/pour-les-employeurs\/outils-et-ressources\/services-de-recrutement\/","name":"Services de recrutement - Hire Immigrants Ottawa","isPartOf":{"@id":"https:\/\/www.hireimmigrantsottawa.ca\/#website"},"datePublished":"2013-10-03T23:47:21+00:00","breadcrumb":{"@id":"https:\/\/www.hireimmigrantsottawa.ca\/fr\/pour-les-employeurs\/outils-et-ressources\/services-de-recrutement\/#breadcrumb"},"inLanguage":"fr-FR","potentialAction":[{"@type":"ReadAction","target":["https:\/\/www.hireimmigrantsottawa.ca\/fr\/pour-les-employeurs\/outils-et-ressources\/services-de-recrutement\/"]}]},{"@type":"BreadcrumbList","@id":"https:\/\/www.hireimmigrantsottawa.ca\/fr\/pour-les-employeurs\/outils-et-ressources\/services-de-recrutement\/#breadcrumb","itemListElement":[{"@type":"ListItem","position":1,"name":"Home","item":"https:\/\/www.hireimmigrantsottawa.ca\/"},{"@type":"ListItem","position":2,"name":"Pour les employeurs","item":"https:\/\/www.hireimmigrantsottawa.ca\/fr\/pour-les-employeurs\/"},{"@type":"ListItem","position":3,"name":"Outils et ressources","item":"https:\/\/www.hireimmigrantsottawa.ca\/fr\/pour-les-employeurs\/outils-et-ressources\/"},{"@type":"ListItem","position":4,"name":"Services de recrutement"}]},{"@type":"WebSite","@id":"https:\/\/www.hireimmigrantsottawa.ca\/#website","url":"https:\/\/www.hireimmigrantsottawa.ca\/","name":"Hire Immigrants Ottawa","description":"increases the capacity of employers to attract and integrate skilled immigrants","publisher":{"@id":"https:\/\/www.hireimmigrantsottawa.ca\/#organization"},"potentialAction":[{"@type":"SearchAction","target":{"@type":"EntryPoint","urlTemplate":"https:\/\/www.hireimmigrantsottawa.ca\/?s={search_term_string}"},"query-input":{"@type":"PropertyValueSpecification","valueRequired":true,"valueName":"search_term_string"}}],"inLanguage":"fr-FR"},{"@type":"Organization","@id":"https:\/\/www.hireimmigrantsottawa.ca\/#organization","name":"Hire Immigrants Ottawa","url":"https:\/\/www.hireimmigrantsottawa.ca\/","logo":{"@type":"ImageObject","inLanguage":"fr-FR","@id":"https:\/\/www.hireimmigrantsottawa.ca\/#\/schema\/logo\/image\/","url":"https:\/\/www.hireimmigrantsottawa.ca\/wp-content\/uploads\/2023\/10\/hio-logo_bow_EN_web.png","contentUrl":"https:\/\/www.hireimmigrantsottawa.ca\/wp-content\/uploads\/2023\/10\/hio-logo_bow_EN_web.png","width":745,"height":160,"caption":"Hire Immigrants Ottawa"},"image":{"@id":"https:\/\/www.hireimmigrantsottawa.ca\/#\/schema\/logo\/image\/"},"sameAs":["https:\/\/x.com\/HireImmOttawa","https:\/\/www.youtube.com\/user\/hireimmigrantsottawa"]}]}},"_links":{"self":[{"href":"https:\/\/www.hireimmigrantsottawa.ca\/fr\/wp-json\/wp\/v2\/pages\/171","targetHints":{"allow":["GET"]}}],"collection":[{"href":"https:\/\/www.hireimmigrantsottawa.ca\/fr\/wp-json\/wp\/v2\/pages"}],"about":[{"href":"https:\/\/www.hireimmigrantsottawa.ca\/fr\/wp-json\/wp\/v2\/types\/page"}],"author":[{"embeddable":true,"href":"https:\/\/www.hireimmigrantsottawa.ca\/fr\/wp-json\/wp\/v2\/users\/12"}],"replies":[{"embeddable":true,"href":"https:\/\/www.hireimmigrantsottawa.ca\/fr\/wp-json\/wp\/v2\/comments?post=171"}],"version-history":[{"count":1,"href":"https:\/\/www.hireimmigrantsottawa.ca\/fr\/wp-json\/wp\/v2\/pages\/171\/revisions"}],"predecessor-version":[{"id":172,"href":"https:\/\/www.hireimmigrantsottawa.ca\/fr\/wp-json\/wp\/v2\/pages\/171\/revisions\/172"}],"up":[{"embeddable":true,"href":"https:\/\/www.hireimmigrantsottawa.ca\/fr\/wp-json\/wp\/v2\/pages\/156"}],"wp:attachment":[{"href":"https:\/\/www.hireimmigrantsottawa.ca\/fr\/wp-json\/wp\/v2\/media?parent=171"}],"curies":[{"name":"wp","href":"https:\/\/api.w.org\/{rel}","templated":true}]}}