{"id":1526,"date":"2014-03-21T09:51:10","date_gmt":"2014-03-21T13:51:10","guid":{"rendered":"http:\/\/www.hireimmigrantsottawa.ca\/?page_id=1526"},"modified":"2014-06-24T10:25:52","modified_gmt":"2014-06-24T14:25:52","slug":"2014-employer-council-champions-summit-awards","status":"publish","type":"page","link":"https:\/\/www.hireimmigrantsottawa.ca\/fr\/evenements\/2014-employer-council-champions-summit-awards\/","title":{"rendered":"Sommet 2014 du Conseil des employeurs champions"},"content":{"rendered":"<h3><em>D\u00e9multiplier les talents des immigr\u00e9s pour d\u00e9velopper et diversifier l\u2019\u00e9conomie d\u2019Ottawa<\/em><\/h3>\n<figure id=\"attachment_1684\" aria-describedby=\"caption-attachment-1684\" style=\"width: 442px\" class=\"wp-caption alignnone\"><a href=\"http:\/\/www.hireimmigrantsottawa.ca\/wp-content\/uploads\/2014\/03\/Summit_Audience1.jpg\"><img fetchpriority=\"high\" decoding=\"async\" class=\"wp-image-1684 \" alt=\"Summit_Audience\" src=\"http:\/\/www.hireimmigrantsottawa.ca\/wp-content\/uploads\/2014\/03\/Summit_Audience1.jpg\" width=\"442\" height=\"227\" srcset=\"https:\/\/www.hireimmigrantsottawa.ca\/wp-content\/uploads\/2014\/03\/Summit_Audience1.jpg 1024w, https:\/\/www.hireimmigrantsottawa.ca\/wp-content\/uploads\/2014\/03\/Summit_Audience1-300x153.jpg 300w\" sizes=\"(max-width: 442px) 100vw, 442px\" \/><\/a><figcaption id=\"caption-attachment-1684\" class=\"wp-caption-text\">Discours liminaire par Edward Greenspon<\/figcaption><\/figure>\n<p>Les 18 et 19 mars 2014, le Conseil des employeurs champions (CEC) a organis\u00e9 la 7<sup>e<\/sup> \u00e9dition de son sommet annuel, dont le th\u00e8me \u00e9tait <i><a href=\"http:\/\/www.hireimmigrantsottawa.ca\/wp-content\/uploads\/2014\/02\/2014_Summit_Brief_Web_FR.pdf\">D\u00e9multiplier les talents des immigr\u00e9s pour d\u00e9velopper et diversifier l\u2019\u00e9conomie d\u2019Ottawa<\/a><\/i>. Durant cet \u00e9v\u00e9nement de deux jours, plus de 200 participants, dont des dirigeants des secteurs public et priv\u00e9, des gestionnaires de ressources humaines, des immigrants qualifi\u00e9s et des parties prenantes de la communaut\u00e9 se sont r\u00e9unis pour \u00e9changer des id\u00e9es sur la mani\u00e8re de bien tirer parti du talent des immigrants, afin de favoriser la croissance commerciale.<\/p>\n<p><a href=\"http:\/\/www.hireimmigrantsottawa.ca\/wp-content\/uploads\/2014\/03\/2014Summit_Gaye_M.jpg\"><img decoding=\"async\" class=\" wp-image-1680 alignleft\" alt=\"2014Summit_Gaye_M\" src=\"http:\/\/www.hireimmigrantsottawa.ca\/wp-content\/uploads\/2014\/03\/2014Summit_Gaye_M-300x200.jpg\" width=\"190\" height=\"127\" srcset=\"https:\/\/www.hireimmigrantsottawa.ca\/wp-content\/uploads\/2014\/03\/2014Summit_Gaye_M-300x200.jpg 300w, https:\/\/www.hireimmigrantsottawa.ca\/wp-content\/uploads\/2014\/03\/2014Summit_Gaye_M.jpg 1024w\" sizes=\"(max-width: 190px) 100vw, 190px\" \/><\/a>Dans leur message d\u2019ouverture, les copr\u00e9sidents du Conseil des employeurs champions ont soulign\u00e9 les <a href=\"http:\/\/www.hireimmigrantsottawa.ca\/wp-content\/uploads\/2014\/04\/HIO_Accomplishments_todate_FR.pdf\">contributions<\/a> des parties prenantes de la communaut\u00e9, des employeurs et des membres du CEC\u00a0 qui ont cherch\u00e9 \u00e0 am\u00e9liorer l\u2019int\u00e9gration des immigrants qualifi\u00e9s dans le march\u00e9 du travail d\u2019Ottawa. \u00ab\u00a0Je tiens d\u2019abord \u00e0 vous remercier toutes et tous des efforts que vous avez d\u00e9ploy\u00e9s pour qu\u2019Ottawa continue d\u2019\u00eatre une destination de choix pour le talent mondial\u00a0\u00bb, a mentionn\u00e9 \u00a0Gaye Moffet, fondatrice de GEM Healthcare Services et copr\u00e9sidente du Conseil des employeurs champions. Ils ont \u00e9galement soulign\u00e9 l\u2019importance du th\u00e8me du sommet de cette ann\u00e9e et du talent mondial comme source de main-d\u2019\u0153uvre qualifi\u00e9e ou encore comme entrepreneurs poss\u00e9dant une exp\u00e9rience et des r\u00e9seaux internationaux inestimables. Cela est certes opportun, puisque la strat\u00e9gie de d\u00e9veloppement \u00e9conomique d\u2019Ottawa cherche \u00e0 diversifier l\u2019\u00e9conomie locale.<\/p>\n<p><a href=\"http:\/\/www.hireimmigrantsottawa.ca\/wp-content\/uploads\/2014\/03\/2014Summit_Frank_B.jpg\"><img decoding=\"async\" class=\" wp-image-1679 alignleft\" alt=\"2014Summit_Frank_B\" src=\"http:\/\/www.hireimmigrantsottawa.ca\/wp-content\/uploads\/2014\/03\/2014Summit_Frank_B-300x200.jpg\" width=\"192\" height=\"128\" srcset=\"https:\/\/www.hireimmigrantsottawa.ca\/wp-content\/uploads\/2014\/03\/2014Summit_Frank_B-300x200.jpg 300w, https:\/\/www.hireimmigrantsottawa.ca\/wp-content\/uploads\/2014\/03\/2014Summit_Frank_B.jpg 1024w\" sizes=\"(max-width: 192px) 100vw, 192px\" \/><\/a>\u00ab\u00a0En tant qu\u2019employeurs, d\u00e9cideurs, dirigeants communautaires ou cr\u00e9ateurs d\u2019entreprises, il est important que nous essayions de tirer parti, individuellement et collectivement, des talents des immigrants tr\u00e8s qualifi\u00e9s d\u2019Ottawa, et ce, pour favoriser la croissance \u00e9conomique, a d\u00e9clar\u00e9 Frank Bilodeau, vice-pr\u00e9sident, Banque Scotia, et co-pr\u00e9sident du CEC. Les immigrants qui ont un dipl\u00f4me postsecondaire repr\u00e9sentent 27 % de la population active d\u2019Ottawa. Il s\u2019agit d\u2019un bassin de comp\u00e9tences international que nous ne pouvons pas n\u00e9gliger.\u00a0\u00bb<\/p>\n<p><b>Les conf\u00e9renciers du Sommet fournissent de l\u2019information et des renseignements<\/b><\/p>\n<p>Cette ann\u00e9e, l\u2019invit\u00e9 d\u2019honneur \u00e9tait Ed Greenspon, envoy\u00e9 sp\u00e9cial canadien de Bloomberg News, et ancien r\u00e9dacteur en chef du Globe and Mail. Dans son discours aux participants, M. Greenspon a soulign\u00e9 l\u2019importance que l\u2019immigration a jou\u00e9e et continue de jouer dans le caract\u00e8re national et la prosp\u00e9rit\u00e9 du Canada. Il a estim\u00e9 que la population diversifi\u00e9e et \u00ab\u00a0mondialis\u00e9e\u00a0\u00bb du Canada peut renforcer l\u2019esprit d\u2019entrepreneuriat, l\u2019innovation et la comp\u00e9titivit\u00e9 des soci\u00e9t\u00e9s canadiennes dans le march\u00e9 mondial car selon lui \u00ab\u00a0l\u2019immigration est synonyme de dynamisme.\u00a0\u00bb<\/p>\n<p>\u00c0 l\u2019\u00c9change d\u2019apprentissage du sommet, le conf\u00e9rencier d\u2019honneur Bruce Linton, chef de la direction de Martello Technologies, a parl\u00e9 avec fougue de la proposition de valeur unique que propose le bassin de talent d\u2019immigrants d\u2019Ottawa et de ce qu\u2019elle signifie pour les petites et moyennes entreprises. En tant qu\u2019entrepreneur pr\u00e9sent dans plus de 30 pays, M. Linton a encourag\u00e9 les employeurs et les entrepreneurs d\u2019Ottawa \u00e0 tirer parti des opportunit\u00e9s que leur offrent les comp\u00e9tences linguistiques, les r\u00e9seaux internationaux et les connaissances du milieu des affaires et de la culture de pays \u00e9trangers des immigrants.<\/p>\n<figure id=\"attachment_1682\" aria-describedby=\"caption-attachment-1682\" style=\"width: 437px\" class=\"wp-caption aligncenter\"><a href=\"http:\/\/www.hireimmigrantsottawa.ca\/wp-content\/uploads\/2014\/03\/2014Summit_Pannel21.jpg\"><img loading=\"lazy\" decoding=\"async\" class=\" wp-image-1682     \" alt=\"2014Summit_Pannel2\" src=\"http:\/\/www.hireimmigrantsottawa.ca\/wp-content\/uploads\/2014\/03\/2014Summit_Pannel21.jpg\" width=\"437\" height=\"207\" srcset=\"https:\/\/www.hireimmigrantsottawa.ca\/wp-content\/uploads\/2014\/03\/2014Summit_Pannel21.jpg 1024w, https:\/\/www.hireimmigrantsottawa.ca\/wp-content\/uploads\/2014\/03\/2014Summit_Pannel21-300x141.jpg 300w\" sizes=\"(max-width: 437px) 100vw, 437px\" \/><\/a><figcaption id=\"caption-attachment-1682\" class=\"wp-caption-text\">Thomas Hayes, L\u2019H\u00f4pital d\u2019Ottawa, Andrew Waitman, Pythian et Diana Mackay, Le Conference Board du Canada<\/figcaption><\/figure>\n<p>Tout au long du sommet, les panels ont fait ressortir les diff\u00e9rentes mani\u00e8res dont le talent immigrant peut favoriser la croissance \u00e9conomique, l\u2019innovation et la diversification des secteurs d\u2019activit\u00e9s et de l\u2019\u00e9conomie locale. Ils ont \u00e9galement soulign\u00e9 que les employeurs doivent se positionner de mani\u00e8re proactive pour attirer des talents mondiaux diversifi\u00e9s, cr\u00e9er et promouvoir des milieux de travail inclusifs dans le but de b\u00e9n\u00e9ficier au maximum des exp\u00e9riences et des r\u00e9seaux internationaux de ce talent international.<\/p>\n<p><a href=\"http:\/\/www.hireimmigrantsottawa.ca\/wp-content\/uploads\/2014\/03\/2014Summit_Jeri_R.jpg\"><img loading=\"lazy\" decoding=\"async\" class=\" wp-image-1677 alignleft\" alt=\"2014Summit_Jeri_R\" src=\"http:\/\/www.hireimmigrantsottawa.ca\/wp-content\/uploads\/2014\/03\/2014Summit_Jeri_R-300x200.jpg\" width=\"189\" height=\"126\" srcset=\"https:\/\/www.hireimmigrantsottawa.ca\/wp-content\/uploads\/2014\/03\/2014Summit_Jeri_R-300x200.jpg 300w, https:\/\/www.hireimmigrantsottawa.ca\/wp-content\/uploads\/2014\/03\/2014Summit_Jeri_R.jpg 1024w\" sizes=\"(max-width: 189px) 100vw, 189px\" \/><\/a>Deux entrepreneurs florissants nouvellement \u00e9tablis au Canada, Abdul Haseeb Aswan, cofondateur de <a href=\"http:\/\/www.bitaccess.co\/contact-us\/\">BitAccess \u2013 Digital ATM<\/a>, et Jeri Rodrigs, fondateur de <a href=\"http:\/\/www.rumidifier.com\/\">Rumidifier Home Comforts<\/a>, se sont \u00e9galement adress\u00e9s aux participants. Leurs histoires de r\u00e9ussite d\u00e9montrent comment les comp\u00e9tences et les talents des nouveaux arrivants peuvent cr\u00e9er de nouvelles opportunit\u00e9s d\u2019affaires, cr\u00e9er des emplois et \u00e9largir la base \u00e9conomique de la r\u00e9gion.<\/p>\n<p><b>D\u00e9multiplier les talents des immigr\u00e9s : <\/b><b><i>De la parole \u00e0 l\u2019action <\/i><\/b><\/p>\n<p><a href=\"http:\/\/www.hireimmigrantsottawa.ca\/fr\/evenements\/sommet-des-employeurs\/sommet-2014-du-conseil-des-employeurs-champions\/\"><img loading=\"lazy\" decoding=\"async\" class=\"wp-image-1685 alignleft\" alt=\"Wordle-HIO4\" src=\"http:\/\/www.hireimmigrantsottawa.ca\/wp-content\/uploads\/2014\/03\/Wordle-HIO41-300x217.png\" width=\"189\" height=\"137\" srcset=\"https:\/\/www.hireimmigrantsottawa.ca\/wp-content\/uploads\/2014\/03\/Wordle-HIO41-300x217.png 300w, https:\/\/www.hireimmigrantsottawa.ca\/wp-content\/uploads\/2014\/03\/Wordle-HIO41.png 820w\" sizes=\"(max-width: 189px) 100vw, 189px\" \/><\/a>En prenant en compte les informations et les renseignements fournis par les conf\u00e9renciers du Sommet, ainsi que leurs exp\u00e9riences dans leurs propres secteurs et milieux de travail, on a demand\u00e9 aux participants \u00e0 l\u2019\u00c9change d\u2019apprentissage de discuter ce que les employeurs, les gouvernements ou d\u2019autres intervenants pourraient faire de plus pour mettre \u00e0 profit le talent des immigrants plus efficacement afin de favoriser la croissance et la diversification de l\u2019\u00e9conomie d\u2019Ottawa.\u00a0Comme l\u2019illustre bien le Wordle ci-contre, les sept mots ci-dessous sont ceux qu\u2019on a r\u00e9p\u00e9t\u00e9s le plus fr\u00e9quemment durant les \u00e9changes. Voici <a href=\"http:\/\/www.hireimmigrantsottawa.ca\/fr\/evenements\/sommet-des-employeurs\/sommet-2014-du-conseil-des-employeurs-champions\/\">des exemples de contextes dans lesquels ces termes ont \u00e9t\u00e9 utilis\u00e9s.<\/a><\/p>\n<p><b>Les Prix employeur d\u2019excellence de 2014<\/b><\/p>\n<figure id=\"attachment_1683\" aria-describedby=\"caption-attachment-1683\" style=\"width: 430px\" class=\"wp-caption aligncenter\"><a href=\"http:\/\/www.hireimmigrantsottawa.ca\/wp-content\/uploads\/2014\/03\/2014Summit_TD.jpg\"><img loading=\"lazy\" decoding=\"async\" class=\" wp-image-1683  \" alt=\"2014Summit_TD\" src=\"http:\/\/www.hireimmigrantsottawa.ca\/wp-content\/uploads\/2014\/03\/2014Summit_TD.jpg\" width=\"430\" height=\"287\" srcset=\"https:\/\/www.hireimmigrantsottawa.ca\/wp-content\/uploads\/2014\/03\/2014Summit_TD.jpg 1024w, https:\/\/www.hireimmigrantsottawa.ca\/wp-content\/uploads\/2014\/03\/2014Summit_TD-300x200.jpg 300w\" sizes=\"(max-width: 430px) 100vw, 430px\" \/><\/a><figcaption id=\"caption-attachment-1683\" class=\"wp-caption-text\">Ian Faris, La Chambre de commerce d\u2019Ottawa et Christine Stevens, Banque TD<\/figcaption><\/figure>\n<p style=\"text-align: left;\">La Banque TD, qui a re\u00e7u <a href=\"http:\/\/www.hireimmigrantsottawa.ca\/fr\/prix-demployeur\/2014-employer-excellence-awards\/\">le Prix employeur d\u2019excellence<\/a>, a \u00e9t\u00e9 reconnue pour ses pratiques exceptionnelles dans le recrutement d\u2019immigrants qualifi\u00e9s. <a href=\"http:\/\/www.hireimmigrantsottawa.ca\/fr\/prix-demployeur\/recognition-leadership-immigrant-employment\/\">Cinq personnalit\u00e9s<\/a>, qui se font les champions de l\u2019int\u00e9gration des immigrants au march\u00e9 du travail, ont \u00e9galement \u00e9t\u00e9 reconnues pour leur leadership.<\/p>\n<p>\u00ab Notre Sommet contribue \u00e0 sensibiliser le public \u00e0 l\u2019importance de placer les nouveaux arrivants dans des emplois qui correspondent \u00e0 leurs comp\u00e9tences, a d\u00e9clar\u00e9 Gaye Moffet, co-pr\u00e9sidente du Conseil des employeurs champions. Notre t\u00e2che est plus facile quand nous pouvons citer des exemples d\u2019employeurs, comme la Banque TD, qui s\u2019emploient \u00e0 cr\u00e9er des milieux de travail inclusifs.\u00a0\u00bb<\/p>\n<p>Le Sommet annuel est l\u2019occasion de reconna\u00eetre les employeurs d\u2019Ottawa qui ont mis en \u0153uvre des politiques et pratiques innovantes en mati\u00e8re de recrutement, d\u2019int\u00e9gration et de maintien en poste d\u2019immigrants qualifi\u00e9s dans leurs milieux de travail. Depuis 2008, plus de 15 organisations, notamment Pythian, Bridgehead, la Ville d\u2019Ottawa, Kivuto Solutions Inc. et le Coll\u00e8ge Algonquin, ont \u00e9t\u00e9 reconnues pour leurs pratiques innovantes.<\/p>\n<h3><a href=\"http:\/\/www.hireimmigrantsottawa.ca\/fr\/prix-demployeur\/2014-employer-excellence-awards\/\">D\u00e9couvrez les anciens laur\u00e9ats de prix<\/a><\/h3>\n<p><a href=\"http:\/\/www.hireimmigrantsottawa.ca\/wp-content\/uploads\/2014\/03\/2014_Summit_Sponsors_FR.png\"><img loading=\"lazy\" decoding=\"async\" class=\"aligncenter size-full wp-image-1882\" alt=\"2014_Summit_Sponsors_FR\" src=\"http:\/\/www.hireimmigrantsottawa.ca\/wp-content\/uploads\/2014\/03\/2014_Summit_Sponsors_FR.png\" width=\"444\" height=\"278\" srcset=\"https:\/\/www.hireimmigrantsottawa.ca\/wp-content\/uploads\/2014\/03\/2014_Summit_Sponsors_FR.png 444w, https:\/\/www.hireimmigrantsottawa.ca\/wp-content\/uploads\/2014\/03\/2014_Summit_Sponsors_FR-300x187.png 300w\" sizes=\"(max-width: 444px) 100vw, 444px\" \/><\/a><\/p>\n","protected":false},"excerpt":{"rendered":"<p>D\u00e9multiplier les talents des immigr\u00e9s pour d\u00e9velopper et diversifier l\u2019\u00e9conomie d\u2019Ottawa Les 18 et 19 mars 2014, le Conseil des employeurs champions (CEC) a organis\u00e9 la 7e \u00e9dition de son [&hellip;]<\/p>\n","protected":false},"author":13,"featured_media":1882,"parent":79,"menu_order":0,"comment_status":"open","ping_status":"closed","template":"events-training.php","meta":{"_exactmetrics_skip_tracking":false,"_exactmetrics_sitenote_active":false,"_exactmetrics_sitenote_note":"","_exactmetrics_sitenote_category":0,"footnotes":"","_links_to":"","_links_to_target":""},"class_list":["post-1526","page","type-page","status-publish","has-post-thumbnail","hentry"],"yoast_head":"<!-- This site is optimized with the Yoast SEO plugin v27.5 - https:\/\/yoast.com\/product\/yoast-seo-wordpress\/ -->\n<title>Sommet 2014 du Conseil des employeurs champions  - Hire Immigrants Ottawa<\/title>\n<meta name=\"robots\" content=\"index, follow, max-snippet:-1, max-image-preview:large, max-video-preview:-1\" \/>\n<link rel=\"canonical\" href=\"https:\/\/www.hireimmigrantsottawa.ca\/fr\/evenements\/2014-employer-council-champions-summit-awards\/\" \/>\n<meta property=\"og:locale\" content=\"fr_FR\" \/>\n<meta property=\"og:type\" content=\"article\" \/>\n<meta property=\"og:title\" content=\"Sommet 2014 du Conseil des employeurs champions  - Hire Immigrants Ottawa\" \/>\n<meta property=\"og:description\" content=\"D\u00e9multiplier les talents des immigr\u00e9s pour d\u00e9velopper et diversifier l\u2019\u00e9conomie d\u2019Ottawa Les 18 et 19 mars 2014, le Conseil des employeurs champions (CEC) a organis\u00e9 la 7e \u00e9dition de son [&hellip;]\" \/>\n<meta property=\"og:url\" content=\"https:\/\/www.hireimmigrantsottawa.ca\/fr\/evenements\/2014-employer-council-champions-summit-awards\/\" \/>\n<meta property=\"og:site_name\" content=\"Hire Immigrants Ottawa\" \/>\n<meta property=\"article:modified_time\" content=\"2014-06-24T14:25:52+00:00\" \/>\n<meta property=\"og:image\" content=\"https:\/\/www.hireimmigrantsottawa.ca\/wp-content\/uploads\/2014\/03\/2014_Summit_Sponsors_FR.png\" \/>\n\t<meta property=\"og:image:width\" content=\"444\" \/>\n\t<meta property=\"og:image:height\" content=\"278\" \/>\n\t<meta property=\"og:image:type\" content=\"image\/png\" \/>\n<meta name=\"twitter:card\" content=\"summary_large_image\" \/>\n<meta name=\"twitter:site\" content=\"@HireImmOttawa\" \/>\n<meta name=\"twitter:label1\" content=\"Dur\u00e9e de lecture estim\u00e9e\" \/>\n\t<meta name=\"twitter:data1\" content=\"6 minutes\" \/>\n<script type=\"application\/ld+json\" class=\"yoast-schema-graph\">{\"@context\":\"https:\\\/\\\/schema.org\",\"@graph\":[{\"@type\":\"WebPage\",\"@id\":\"https:\\\/\\\/www.hireimmigrantsottawa.ca\\\/fr\\\/evenements\\\/2014-employer-council-champions-summit-awards\\\/\",\"url\":\"https:\\\/\\\/www.hireimmigrantsottawa.ca\\\/fr\\\/evenements\\\/2014-employer-council-champions-summit-awards\\\/\",\"name\":\"Sommet 2014 du Conseil des employeurs champions - Hire Immigrants Ottawa\",\"isPartOf\":{\"@id\":\"https:\\\/\\\/www.hireimmigrantsottawa.ca\\\/#website\"},\"primaryImageOfPage\":{\"@id\":\"https:\\\/\\\/www.hireimmigrantsottawa.ca\\\/fr\\\/evenements\\\/2014-employer-council-champions-summit-awards\\\/#primaryimage\"},\"image\":{\"@id\":\"https:\\\/\\\/www.hireimmigrantsottawa.ca\\\/fr\\\/evenements\\\/2014-employer-council-champions-summit-awards\\\/#primaryimage\"},\"thumbnailUrl\":\"https:\\\/\\\/www.hireimmigrantsottawa.ca\\\/wp-content\\\/uploads\\\/2014\\\/03\\\/2014_Summit_Sponsors_FR.png\",\"datePublished\":\"2014-03-21T13:51:10+00:00\",\"dateModified\":\"2014-06-24T14:25:52+00:00\",\"breadcrumb\":{\"@id\":\"https:\\\/\\\/www.hireimmigrantsottawa.ca\\\/fr\\\/evenements\\\/2014-employer-council-champions-summit-awards\\\/#breadcrumb\"},\"inLanguage\":\"fr-FR\",\"potentialAction\":[{\"@type\":\"ReadAction\",\"target\":[\"https:\\\/\\\/www.hireimmigrantsottawa.ca\\\/fr\\\/evenements\\\/2014-employer-council-champions-summit-awards\\\/\"]}]},{\"@type\":\"ImageObject\",\"inLanguage\":\"fr-FR\",\"@id\":\"https:\\\/\\\/www.hireimmigrantsottawa.ca\\\/fr\\\/evenements\\\/2014-employer-council-champions-summit-awards\\\/#primaryimage\",\"url\":\"https:\\\/\\\/www.hireimmigrantsottawa.ca\\\/wp-content\\\/uploads\\\/2014\\\/03\\\/2014_Summit_Sponsors_FR.png\",\"contentUrl\":\"https:\\\/\\\/www.hireimmigrantsottawa.ca\\\/wp-content\\\/uploads\\\/2014\\\/03\\\/2014_Summit_Sponsors_FR.png\",\"width\":444,\"height\":278},{\"@type\":\"BreadcrumbList\",\"@id\":\"https:\\\/\\\/www.hireimmigrantsottawa.ca\\\/fr\\\/evenements\\\/2014-employer-council-champions-summit-awards\\\/#breadcrumb\",\"itemListElement\":[{\"@type\":\"ListItem\",\"position\":1,\"name\":\"Home\",\"item\":\"https:\\\/\\\/www.hireimmigrantsottawa.ca\\\/\"},{\"@type\":\"ListItem\",\"position\":2,\"name\":\"\u00c9v\u00e9nements\",\"item\":\"https:\\\/\\\/www.hireimmigrantsottawa.ca\\\/fr\\\/evenements\\\/\"},{\"@type\":\"ListItem\",\"position\":3,\"name\":\"Sommet 2014 du Conseil des employeurs champions\"}]},{\"@type\":\"WebSite\",\"@id\":\"https:\\\/\\\/www.hireimmigrantsottawa.ca\\\/#website\",\"url\":\"https:\\\/\\\/www.hireimmigrantsottawa.ca\\\/\",\"name\":\"Hire Immigrants Ottawa\",\"description\":\"increases the capacity of employers to attract and integrate skilled immigrants\",\"publisher\":{\"@id\":\"https:\\\/\\\/www.hireimmigrantsottawa.ca\\\/#organization\"},\"potentialAction\":[{\"@type\":\"SearchAction\",\"target\":{\"@type\":\"EntryPoint\",\"urlTemplate\":\"https:\\\/\\\/www.hireimmigrantsottawa.ca\\\/?s={search_term_string}\"},\"query-input\":{\"@type\":\"PropertyValueSpecification\",\"valueRequired\":true,\"valueName\":\"search_term_string\"}}],\"inLanguage\":\"fr-FR\"},{\"@type\":\"Organization\",\"@id\":\"https:\\\/\\\/www.hireimmigrantsottawa.ca\\\/#organization\",\"name\":\"Hire Immigrants Ottawa\",\"url\":\"https:\\\/\\\/www.hireimmigrantsottawa.ca\\\/\",\"logo\":{\"@type\":\"ImageObject\",\"inLanguage\":\"fr-FR\",\"@id\":\"https:\\\/\\\/www.hireimmigrantsottawa.ca\\\/#\\\/schema\\\/logo\\\/image\\\/\",\"url\":\"https:\\\/\\\/www.hireimmigrantsottawa.ca\\\/wp-content\\\/uploads\\\/2023\\\/10\\\/hio-logo_bow_EN_web.png\",\"contentUrl\":\"https:\\\/\\\/www.hireimmigrantsottawa.ca\\\/wp-content\\\/uploads\\\/2023\\\/10\\\/hio-logo_bow_EN_web.png\",\"width\":745,\"height\":160,\"caption\":\"Hire Immigrants Ottawa\"},\"image\":{\"@id\":\"https:\\\/\\\/www.hireimmigrantsottawa.ca\\\/#\\\/schema\\\/logo\\\/image\\\/\"},\"sameAs\":[\"https:\\\/\\\/x.com\\\/HireImmOttawa\",\"https:\\\/\\\/www.youtube.com\\\/user\\\/hireimmigrantsottawa\"]}]}<\/script>\n<!-- \/ Yoast SEO plugin. -->","yoast_head_json":{"title":"Sommet 2014 du Conseil des employeurs champions  - Hire Immigrants Ottawa","robots":{"index":"index","follow":"follow","max-snippet":"max-snippet:-1","max-image-preview":"max-image-preview:large","max-video-preview":"max-video-preview:-1"},"canonical":"https:\/\/www.hireimmigrantsottawa.ca\/fr\/evenements\/2014-employer-council-champions-summit-awards\/","og_locale":"fr_FR","og_type":"article","og_title":"Sommet 2014 du Conseil des employeurs champions  - Hire Immigrants Ottawa","og_description":"D\u00e9multiplier les talents des immigr\u00e9s pour d\u00e9velopper et diversifier l\u2019\u00e9conomie d\u2019Ottawa Les 18 et 19 mars 2014, le Conseil des employeurs champions (CEC) a organis\u00e9 la 7e \u00e9dition de son [&hellip;]","og_url":"https:\/\/www.hireimmigrantsottawa.ca\/fr\/evenements\/2014-employer-council-champions-summit-awards\/","og_site_name":"Hire Immigrants Ottawa","article_modified_time":"2014-06-24T14:25:52+00:00","og_image":[{"width":444,"height":278,"url":"https:\/\/www.hireimmigrantsottawa.ca\/wp-content\/uploads\/2014\/03\/2014_Summit_Sponsors_FR.png","type":"image\/png"}],"twitter_card":"summary_large_image","twitter_site":"@HireImmOttawa","twitter_misc":{"Dur\u00e9e de lecture estim\u00e9e":"6 minutes"},"schema":{"@context":"https:\/\/schema.org","@graph":[{"@type":"WebPage","@id":"https:\/\/www.hireimmigrantsottawa.ca\/fr\/evenements\/2014-employer-council-champions-summit-awards\/","url":"https:\/\/www.hireimmigrantsottawa.ca\/fr\/evenements\/2014-employer-council-champions-summit-awards\/","name":"Sommet 2014 du Conseil des employeurs champions - Hire Immigrants Ottawa","isPartOf":{"@id":"https:\/\/www.hireimmigrantsottawa.ca\/#website"},"primaryImageOfPage":{"@id":"https:\/\/www.hireimmigrantsottawa.ca\/fr\/evenements\/2014-employer-council-champions-summit-awards\/#primaryimage"},"image":{"@id":"https:\/\/www.hireimmigrantsottawa.ca\/fr\/evenements\/2014-employer-council-champions-summit-awards\/#primaryimage"},"thumbnailUrl":"https:\/\/www.hireimmigrantsottawa.ca\/wp-content\/uploads\/2014\/03\/2014_Summit_Sponsors_FR.png","datePublished":"2014-03-21T13:51:10+00:00","dateModified":"2014-06-24T14:25:52+00:00","breadcrumb":{"@id":"https:\/\/www.hireimmigrantsottawa.ca\/fr\/evenements\/2014-employer-council-champions-summit-awards\/#breadcrumb"},"inLanguage":"fr-FR","potentialAction":[{"@type":"ReadAction","target":["https:\/\/www.hireimmigrantsottawa.ca\/fr\/evenements\/2014-employer-council-champions-summit-awards\/"]}]},{"@type":"ImageObject","inLanguage":"fr-FR","@id":"https:\/\/www.hireimmigrantsottawa.ca\/fr\/evenements\/2014-employer-council-champions-summit-awards\/#primaryimage","url":"https:\/\/www.hireimmigrantsottawa.ca\/wp-content\/uploads\/2014\/03\/2014_Summit_Sponsors_FR.png","contentUrl":"https:\/\/www.hireimmigrantsottawa.ca\/wp-content\/uploads\/2014\/03\/2014_Summit_Sponsors_FR.png","width":444,"height":278},{"@type":"BreadcrumbList","@id":"https:\/\/www.hireimmigrantsottawa.ca\/fr\/evenements\/2014-employer-council-champions-summit-awards\/#breadcrumb","itemListElement":[{"@type":"ListItem","position":1,"name":"Home","item":"https:\/\/www.hireimmigrantsottawa.ca\/"},{"@type":"ListItem","position":2,"name":"\u00c9v\u00e9nements","item":"https:\/\/www.hireimmigrantsottawa.ca\/fr\/evenements\/"},{"@type":"ListItem","position":3,"name":"Sommet 2014 du Conseil des employeurs champions"}]},{"@type":"WebSite","@id":"https:\/\/www.hireimmigrantsottawa.ca\/#website","url":"https:\/\/www.hireimmigrantsottawa.ca\/","name":"Hire Immigrants Ottawa","description":"increases the capacity of employers to attract and integrate skilled immigrants","publisher":{"@id":"https:\/\/www.hireimmigrantsottawa.ca\/#organization"},"potentialAction":[{"@type":"SearchAction","target":{"@type":"EntryPoint","urlTemplate":"https:\/\/www.hireimmigrantsottawa.ca\/?s={search_term_string}"},"query-input":{"@type":"PropertyValueSpecification","valueRequired":true,"valueName":"search_term_string"}}],"inLanguage":"fr-FR"},{"@type":"Organization","@id":"https:\/\/www.hireimmigrantsottawa.ca\/#organization","name":"Hire Immigrants Ottawa","url":"https:\/\/www.hireimmigrantsottawa.ca\/","logo":{"@type":"ImageObject","inLanguage":"fr-FR","@id":"https:\/\/www.hireimmigrantsottawa.ca\/#\/schema\/logo\/image\/","url":"https:\/\/www.hireimmigrantsottawa.ca\/wp-content\/uploads\/2023\/10\/hio-logo_bow_EN_web.png","contentUrl":"https:\/\/www.hireimmigrantsottawa.ca\/wp-content\/uploads\/2023\/10\/hio-logo_bow_EN_web.png","width":745,"height":160,"caption":"Hire Immigrants Ottawa"},"image":{"@id":"https:\/\/www.hireimmigrantsottawa.ca\/#\/schema\/logo\/image\/"},"sameAs":["https:\/\/x.com\/HireImmOttawa","https:\/\/www.youtube.com\/user\/hireimmigrantsottawa"]}]}},"_links":{"self":[{"href":"https:\/\/www.hireimmigrantsottawa.ca\/fr\/wp-json\/wp\/v2\/pages\/1526","targetHints":{"allow":["GET"]}}],"collection":[{"href":"https:\/\/www.hireimmigrantsottawa.ca\/fr\/wp-json\/wp\/v2\/pages"}],"about":[{"href":"https:\/\/www.hireimmigrantsottawa.ca\/fr\/wp-json\/wp\/v2\/types\/page"}],"author":[{"embeddable":true,"href":"https:\/\/www.hireimmigrantsottawa.ca\/fr\/wp-json\/wp\/v2\/users\/13"}],"replies":[{"embeddable":true,"href":"https:\/\/www.hireimmigrantsottawa.ca\/fr\/wp-json\/wp\/v2\/comments?post=1526"}],"version-history":[{"count":10,"href":"https:\/\/www.hireimmigrantsottawa.ca\/fr\/wp-json\/wp\/v2\/pages\/1526\/revisions"}],"predecessor-version":[{"id":1883,"href":"https:\/\/www.hireimmigrantsottawa.ca\/fr\/wp-json\/wp\/v2\/pages\/1526\/revisions\/1883"}],"up":[{"embeddable":true,"href":"https:\/\/www.hireimmigrantsottawa.ca\/fr\/wp-json\/wp\/v2\/pages\/79"}],"wp:featuredmedia":[{"embeddable":true,"href":"https:\/\/www.hireimmigrantsottawa.ca\/fr\/wp-json\/wp\/v2\/media\/1882"}],"wp:attachment":[{"href":"https:\/\/www.hireimmigrantsottawa.ca\/fr\/wp-json\/wp\/v2\/media?parent=1526"}],"curies":[{"name":"wp","href":"https:\/\/api.w.org\/{rel}","templated":true}]}}