{"id":152,"date":"2013-10-03T22:15:44","date_gmt":"2013-10-03T22:15:44","guid":{"rendered":"http:\/\/www.hireimmigrantsottawa.ca\/?page_id=152"},"modified":"2014-03-27T20:18:47","modified_gmt":"2014-03-28T00:18:47","slug":"communiquez-avec-nous","status":"publish","type":"page","link":"https:\/\/www.hireimmigrantsottawa.ca\/fr\/communiquez-avec-nous\/","title":{"rendered":"Communiquez avec nous"},"content":{"rendered":"<h3>Renseignements g\u00e9n\u00e9raux<\/h3>\n<p>Embauche Immigrants Ottawa<br \/>\n363 Coventry Road<br \/>\nOttawa, Ontario<br \/>\nK1K 2C5<\/p>\n<p>T\u00e9l\u00e9phone : \u00a0613-228-6700<br \/>\nT\u00e9l\u00e9copieur: \u00a0613-228-6730<br \/>\nCourriel:\u00a0<a href=\"mailto: info@embaucheimmigrantsottawa.ca\">info@embaucheimmigrantsottawa.ca<\/a><\/p>\n<h3><\/h3>\n<p>Toutes questions concernant cet site et leur contenu devraient \u00eatre dirig\u00e9es vers: <a href=\"mailto: info@embaucheimmigrantsottawa.ca\">info@embaucheimmigrantsottawa.ca<\/a><\/p>\n","protected":false},"excerpt":{"rendered":"<p>Renseignements g\u00e9n\u00e9raux Embauche Immigrants Ottawa 363 Coventry Road Ottawa, Ontario K1K 2C5 T\u00e9l\u00e9phone : \u00a0613-228-6700 T\u00e9l\u00e9copieur: \u00a0613-228-6730 Courriel:\u00a0info@embaucheimmigrantsottawa.ca Toutes questions concernant cet site et leur contenu devraient \u00eatre dirig\u00e9es vers: [&hellip;]<\/p>\n","protected":false},"author":12,"featured_media":0,"parent":0,"menu_order":0,"comment_status":"open","ping_status":"closed","template":"about.php","meta":{"_exactmetrics_skip_tracking":false,"_exactmetrics_sitenote_active":false,"_exactmetrics_sitenote_note":"","_exactmetrics_sitenote_category":0,"footnotes":"","_links_to":"","_links_to_target":""},"class_list":["post-152","page","type-page","status-publish","hentry"],"yoast_head":"<!-- This site is optimized with the Yoast SEO plugin v27.2 - https:\/\/yoast.com\/product\/yoast-seo-wordpress\/ -->\n<title>Communiquez avec nous - Hire Immigrants Ottawa<\/title>\n<meta name=\"robots\" content=\"index, follow, max-snippet:-1, max-image-preview:large, max-video-preview:-1\" \/>\n<link rel=\"canonical\" href=\"https:\/\/www.hireimmigrantsottawa.ca\/fr\/communiquez-avec-nous\/\" \/>\n<meta property=\"og:locale\" content=\"fr_FR\" \/>\n<meta property=\"og:type\" content=\"article\" \/>\n<meta property=\"og:title\" content=\"Communiquez avec nous - Hire Immigrants Ottawa\" \/>\n<meta property=\"og:description\" content=\"Renseignements g\u00e9n\u00e9raux Embauche Immigrants Ottawa 363 Coventry Road Ottawa, Ontario K1K 2C5 T\u00e9l\u00e9phone : \u00a0613-228-6700 T\u00e9l\u00e9copieur: \u00a0613-228-6730 Courriel:\u00a0info@embaucheimmigrantsottawa.ca Toutes questions concernant cet site et leur contenu devraient \u00eatre dirig\u00e9es vers: [&hellip;]\" \/>\n<meta property=\"og:url\" content=\"https:\/\/www.hireimmigrantsottawa.ca\/fr\/communiquez-avec-nous\/\" \/>\n<meta property=\"og:site_name\" content=\"Hire Immigrants Ottawa\" \/>\n<meta property=\"article:modified_time\" content=\"2014-03-28T00:18:47+00:00\" \/>\n<meta property=\"og:image\" content=\"https:\/\/www.hireimmigrantsottawa.ca\/wp-content\/uploads\/2017\/02\/hio-screenshot.png\" \/>\n\t<meta property=\"og:image:width\" content=\"781\" \/>\n\t<meta property=\"og:image:height\" content=\"429\" \/>\n\t<meta property=\"og:image:type\" content=\"image\/png\" \/>\n<meta name=\"twitter:card\" content=\"summary_large_image\" \/>\n<meta name=\"twitter:site\" content=\"@HireImmOttawa\" \/>\n<script type=\"application\/ld+json\" class=\"yoast-schema-graph\">{\"@context\":\"https:\/\/schema.org\",\"@graph\":[{\"@type\":\"WebPage\",\"@id\":\"https:\/\/www.hireimmigrantsottawa.ca\/fr\/communiquez-avec-nous\/\",\"url\":\"https:\/\/www.hireimmigrantsottawa.ca\/fr\/communiquez-avec-nous\/\",\"name\":\"Communiquez avec nous - Hire Immigrants Ottawa\",\"isPartOf\":{\"@id\":\"https:\/\/www.hireimmigrantsottawa.ca\/#website\"},\"datePublished\":\"2013-10-03T22:15:44+00:00\",\"dateModified\":\"2014-03-28T00:18:47+00:00\",\"breadcrumb\":{\"@id\":\"https:\/\/www.hireimmigrantsottawa.ca\/fr\/communiquez-avec-nous\/#breadcrumb\"},\"inLanguage\":\"fr-FR\",\"potentialAction\":[{\"@type\":\"ReadAction\",\"target\":[\"https:\/\/www.hireimmigrantsottawa.ca\/fr\/communiquez-avec-nous\/\"]}]},{\"@type\":\"BreadcrumbList\",\"@id\":\"https:\/\/www.hireimmigrantsottawa.ca\/fr\/communiquez-avec-nous\/#breadcrumb\",\"itemListElement\":[{\"@type\":\"ListItem\",\"position\":1,\"name\":\"Home\",\"item\":\"https:\/\/www.hireimmigrantsottawa.ca\/\"},{\"@type\":\"ListItem\",\"position\":2,\"name\":\"Communiquez avec nous\"}]},{\"@type\":\"WebSite\",\"@id\":\"https:\/\/www.hireimmigrantsottawa.ca\/#website\",\"url\":\"https:\/\/www.hireimmigrantsottawa.ca\/\",\"name\":\"Hire Immigrants Ottawa\",\"description\":\"increases the capacity of employers to attract and integrate skilled immigrants\",\"publisher\":{\"@id\":\"https:\/\/www.hireimmigrantsottawa.ca\/#organization\"},\"potentialAction\":[{\"@type\":\"SearchAction\",\"target\":{\"@type\":\"EntryPoint\",\"urlTemplate\":\"https:\/\/www.hireimmigrantsottawa.ca\/?s={search_term_string}\"},\"query-input\":{\"@type\":\"PropertyValueSpecification\",\"valueRequired\":true,\"valueName\":\"search_term_string\"}}],\"inLanguage\":\"fr-FR\"},{\"@type\":\"Organization\",\"@id\":\"https:\/\/www.hireimmigrantsottawa.ca\/#organization\",\"name\":\"Hire Immigrants Ottawa\",\"url\":\"https:\/\/www.hireimmigrantsottawa.ca\/\",\"logo\":{\"@type\":\"ImageObject\",\"inLanguage\":\"fr-FR\",\"@id\":\"https:\/\/www.hireimmigrantsottawa.ca\/#\/schema\/logo\/image\/\",\"url\":\"https:\/\/www.hireimmigrantsottawa.ca\/wp-content\/uploads\/2023\/10\/hio-logo_bow_EN_web.png\",\"contentUrl\":\"https:\/\/www.hireimmigrantsottawa.ca\/wp-content\/uploads\/2023\/10\/hio-logo_bow_EN_web.png\",\"width\":745,\"height\":160,\"caption\":\"Hire Immigrants Ottawa\"},\"image\":{\"@id\":\"https:\/\/www.hireimmigrantsottawa.ca\/#\/schema\/logo\/image\/\"},\"sameAs\":[\"https:\/\/x.com\/HireImmOttawa\",\"https:\/\/www.youtube.com\/user\/hireimmigrantsottawa\"]}]}<\/script>\n<!-- \/ Yoast SEO plugin. -->","yoast_head_json":{"title":"Communiquez avec nous - Hire Immigrants Ottawa","robots":{"index":"index","follow":"follow","max-snippet":"max-snippet:-1","max-image-preview":"max-image-preview:large","max-video-preview":"max-video-preview:-1"},"canonical":"https:\/\/www.hireimmigrantsottawa.ca\/fr\/communiquez-avec-nous\/","og_locale":"fr_FR","og_type":"article","og_title":"Communiquez avec nous - Hire Immigrants Ottawa","og_description":"Renseignements g\u00e9n\u00e9raux Embauche Immigrants Ottawa 363 Coventry Road Ottawa, Ontario K1K 2C5 T\u00e9l\u00e9phone : \u00a0613-228-6700 T\u00e9l\u00e9copieur: \u00a0613-228-6730 Courriel:\u00a0info@embaucheimmigrantsottawa.ca Toutes questions concernant cet site et leur contenu devraient \u00eatre dirig\u00e9es vers: [&hellip;]","og_url":"https:\/\/www.hireimmigrantsottawa.ca\/fr\/communiquez-avec-nous\/","og_site_name":"Hire Immigrants Ottawa","article_modified_time":"2014-03-28T00:18:47+00:00","og_image":[{"width":781,"height":429,"url":"https:\/\/www.hireimmigrantsottawa.ca\/wp-content\/uploads\/2017\/02\/hio-screenshot.png","type":"image\/png"}],"twitter_card":"summary_large_image","twitter_site":"@HireImmOttawa","schema":{"@context":"https:\/\/schema.org","@graph":[{"@type":"WebPage","@id":"https:\/\/www.hireimmigrantsottawa.ca\/fr\/communiquez-avec-nous\/","url":"https:\/\/www.hireimmigrantsottawa.ca\/fr\/communiquez-avec-nous\/","name":"Communiquez avec nous - Hire Immigrants Ottawa","isPartOf":{"@id":"https:\/\/www.hireimmigrantsottawa.ca\/#website"},"datePublished":"2013-10-03T22:15:44+00:00","dateModified":"2014-03-28T00:18:47+00:00","breadcrumb":{"@id":"https:\/\/www.hireimmigrantsottawa.ca\/fr\/communiquez-avec-nous\/#breadcrumb"},"inLanguage":"fr-FR","potentialAction":[{"@type":"ReadAction","target":["https:\/\/www.hireimmigrantsottawa.ca\/fr\/communiquez-avec-nous\/"]}]},{"@type":"BreadcrumbList","@id":"https:\/\/www.hireimmigrantsottawa.ca\/fr\/communiquez-avec-nous\/#breadcrumb","itemListElement":[{"@type":"ListItem","position":1,"name":"Home","item":"https:\/\/www.hireimmigrantsottawa.ca\/"},{"@type":"ListItem","position":2,"name":"Communiquez avec nous"}]},{"@type":"WebSite","@id":"https:\/\/www.hireimmigrantsottawa.ca\/#website","url":"https:\/\/www.hireimmigrantsottawa.ca\/","name":"Hire Immigrants Ottawa","description":"increases the capacity of employers to attract and integrate skilled immigrants","publisher":{"@id":"https:\/\/www.hireimmigrantsottawa.ca\/#organization"},"potentialAction":[{"@type":"SearchAction","target":{"@type":"EntryPoint","urlTemplate":"https:\/\/www.hireimmigrantsottawa.ca\/?s={search_term_string}"},"query-input":{"@type":"PropertyValueSpecification","valueRequired":true,"valueName":"search_term_string"}}],"inLanguage":"fr-FR"},{"@type":"Organization","@id":"https:\/\/www.hireimmigrantsottawa.ca\/#organization","name":"Hire Immigrants Ottawa","url":"https:\/\/www.hireimmigrantsottawa.ca\/","logo":{"@type":"ImageObject","inLanguage":"fr-FR","@id":"https:\/\/www.hireimmigrantsottawa.ca\/#\/schema\/logo\/image\/","url":"https:\/\/www.hireimmigrantsottawa.ca\/wp-content\/uploads\/2023\/10\/hio-logo_bow_EN_web.png","contentUrl":"https:\/\/www.hireimmigrantsottawa.ca\/wp-content\/uploads\/2023\/10\/hio-logo_bow_EN_web.png","width":745,"height":160,"caption":"Hire Immigrants Ottawa"},"image":{"@id":"https:\/\/www.hireimmigrantsottawa.ca\/#\/schema\/logo\/image\/"},"sameAs":["https:\/\/x.com\/HireImmOttawa","https:\/\/www.youtube.com\/user\/hireimmigrantsottawa"]}]}},"_links":{"self":[{"href":"https:\/\/www.hireimmigrantsottawa.ca\/fr\/wp-json\/wp\/v2\/pages\/152","targetHints":{"allow":["GET"]}}],"collection":[{"href":"https:\/\/www.hireimmigrantsottawa.ca\/fr\/wp-json\/wp\/v2\/pages"}],"about":[{"href":"https:\/\/www.hireimmigrantsottawa.ca\/fr\/wp-json\/wp\/v2\/types\/page"}],"author":[{"embeddable":true,"href":"https:\/\/www.hireimmigrantsottawa.ca\/fr\/wp-json\/wp\/v2\/users\/12"}],"replies":[{"embeddable":true,"href":"https:\/\/www.hireimmigrantsottawa.ca\/fr\/wp-json\/wp\/v2\/comments?post=152"}],"version-history":[{"count":4,"href":"https:\/\/www.hireimmigrantsottawa.ca\/fr\/wp-json\/wp\/v2\/pages\/152\/revisions"}],"predecessor-version":[{"id":1554,"href":"https:\/\/www.hireimmigrantsottawa.ca\/fr\/wp-json\/wp\/v2\/pages\/152\/revisions\/1554"}],"wp:attachment":[{"href":"https:\/\/www.hireimmigrantsottawa.ca\/fr\/wp-json\/wp\/v2\/media?parent=152"}],"curies":[{"name":"wp","href":"https:\/\/api.w.org\/{rel}","templated":true}]}}