{"id":1482,"date":"2014-03-19T22:11:13","date_gmt":"2014-03-20T02:11:13","guid":{"rendered":"http:\/\/www.hireimmigrantsottawa.ca\/prix-demployeur\/2014-employer-excellence-awards\/"},"modified":"2024-11-13T10:33:52","modified_gmt":"2024-11-13T15:33:52","slug":"2014-employer-excellence-awards","status":"publish","type":"page","link":"https:\/\/www.hireimmigrantsottawa.ca\/fr\/prix-demployeur\/2014-employer-excellence-awards\/","title":{"rendered":"Les Prix employeur d\u2019excellence de 2014"},"content":{"rendered":"<h3>F\u00e9licitations \u00e0\u00a0Banque TD!<\/h3>\n<p>&nbsp;<\/p>\n<figure style=\"width: 455px\" class=\"wp-caption alignleft\"><img fetchpriority=\"high\" decoding=\"async\" class=\" \" src=\"http:\/\/www.hireimmigrantsottawa.ca\/wp-content\/uploads\/2014\/03\/083A1455.jpg\" alt=\"\" width=\"455\" height=\"303\" \/><figcaption class=\"wp-caption-text\">Adrian Harewood, CBC, Blair Organ, Zhigang Hu, Christine Stevens,<br \/>Christine Stigter et Carol Brazeau<\/figcaption><\/figure>\n<p>La Banque TD, un \u00e9tablissement chef de file sur le march\u00e9 nord-am\u00e9ricain, s\u2019engage \u00e0 r\u00e9pondre aux besoins des diverses communaut\u00e9s dans lesquelles elle exerce ses activit\u00e9s. L\u2019un des \u00e9l\u00e9ments majeurs de son succ\u00e8s est le recrutement d\u2019un personnel qui refl\u00e8te la diversit\u00e9 de ces communaut\u00e9s. Cela passe par la cr\u00e9ation d\u2019une culture d\u2019entreprise o\u00f9 les employ\u00e9s (et les clients) se sentent valoris\u00e9s, respect\u00e9s et soutenus. La promotion de la diversit\u00e9 culturelle, soutenue au plus haut niveau de la direction, vise \u00e0 recruter des immigrants qualifi\u00e9s et comp\u00e9tents qui peuvent communiquer dans la langue des clients des succursales.<\/p>\n<p>Tous les gestionnaires ont l\u2019obligation de participer \u00e0 une formation interculturelle \u00e0 la diversit\u00e9 et suivent des ateliers sur les entretiens et le processus d\u2019embauche d\u2019immigrants pour \u00e9viter tout malentendu culturel. L\u2019\u00e9quipe de recrutement de la banque \u00e9value l\u2019exp\u00e9rience en mati\u00e8re de finance, de service \u00e0 la client\u00e8le ainsi que les comp\u00e9tences techniques des employ\u00e9s immigrants et mesure leur capacit\u00e9 \u00e0 s\u2019adapter \u00e0 l\u2019environnement de travail au lieu de se baser sur leur exp\u00e9rience de travail au Canada. Les gestionnaires d\u2019embauche sont conseill\u00e9s par l\u2019\u00e9quipe de recrutement, au besoin. Une fois embauch\u00e9s, les immigrants qui occupent des postes dans le domaine de la finance peuvent profiter des programmes de formation gratuits pour les aider \u00e0 acqu\u00e9rir des certifications n\u00e9cessaires. Une aide pour les frais de scolarit\u00e9 est \u00e9galement pr\u00e9vue pour les employ\u00e9s qui veulent am\u00e9liorer leurs connaissances et leurs comp\u00e9tences en suivant des cours.<\/p>\n<p><a href=\"http:\/\/www.hireimmigrantsottawa.ca\/wp-content\/uploads\/2014\/03\/TD1.jpg\"><img decoding=\"async\" class=\"wp-image-1681 alignleft\" src=\"http:\/\/www.hireimmigrantsottawa.ca\/wp-content\/uploads\/2014\/03\/TD1.jpg\" alt=\"TD\" width=\"106\" height=\"95\" \/><\/a>\u00ab Chez nous, \u00e0 la Banque TD, la diversit\u00e9 et l\u2019inclusion font partie de notre culture et ces valeurs s\u2019inscrivent dans tout ce que nous faisons. Comme Embauche immigrants Ottawa, nous reconnaissons et appr\u00e9cions les exp\u00e9riences, perspectives et comp\u00e9tences que les nouveaux Canadiens nous apportent, a d\u00e9clar\u00e9 Manjit Singh, vice-pr\u00e9sident et directeur financier, finances, Groupe Banque TD, et membre du Conseil de la diversit\u00e9 de la Banque. Nous sommes d\u00e9termin\u00e9s \u00e0 b\u00e2tir un environnement de travail inclusif o\u00f9 tous les employ\u00e9s et clients sont valoris\u00e9s, respect\u00e9s et aid\u00e9s. \u00bb<\/p>\n<p>La diversit\u00e9 est la cl\u00e9 du succ\u00e8s de la Banque TD.<\/p>\n<p>Avec une telle priorit\u00e9 strat\u00e9gique d\u2019entreprise, il n\u2019est pas surprenant que la Banque TD ait cultiv\u00e9 des liens avec des organisations locales, r\u00e9gionales et nationales tr\u00e8s respect\u00e9s au service de diff\u00e9rentes communaut\u00e9s pour puiser dans ces bassins de talents. Parmi ces r\u00e9seaux, on compte\u00a0: le R\u00e9seau accessibilit\u00e9, le Cercle d\u2019employ\u00e9s autochtones, des groupes de minorit\u00e9s culturelles dans diff\u00e9rentes communaut\u00e9s, les R\u00e9seaux de la fiert\u00e9 des membres de la communaut\u00e9 LGBTA, et le Comit\u00e9 des femmes dirigeantes.<\/p>\n<p>\u00c0 Ottawa, le TD Asian Leadership Network, un groupe de ressources pour les employ\u00e9s, travaille avec LASI Comp\u00e9tences mondiales pour offrir aux nouveaux immigrants des mentors \u00e0 la banque. En outre, les gestionnaires d\u2019embauche de la Banque TD participent \u00e0 plus de 50 activit\u00e9s de r\u00e9seautage chaque ann\u00e9e, ainsi qu\u2019\u00e0 des <a href=\"http:\/\/www.hireimmigrantsottawa.ca\/fr\/evenements\/formation-en-competences-interculturelles-pour-des-employeurs\/\">ateliers de formation interculturelle<\/a> offerts par EIO. Un membre de l\u2019\u00e9quipe de recrutement locale fait partie du groupe de travail du secteur de la finance d\u2019EIO et un haut responsable des ressources humaines si\u00e8ge au Conseil des employeurs champions.<\/p>\n","protected":false},"excerpt":{"rendered":"<p>F\u00e9licitations \u00e0\u00a0Banque TD! &nbsp; La Banque TD, un \u00e9tablissement chef de file sur le march\u00e9 nord-am\u00e9ricain, s\u2019engage \u00e0 r\u00e9pondre aux besoins des diverses communaut\u00e9s dans lesquelles elle exerce ses activit\u00e9s. [&hellip;]<\/p>\n","protected":false},"author":13,"featured_media":1628,"parent":77,"menu_order":0,"comment_status":"closed","ping_status":"closed","template":"","meta":{"_exactmetrics_skip_tracking":false,"_exactmetrics_sitenote_active":false,"_exactmetrics_sitenote_note":"","_exactmetrics_sitenote_category":0,"footnotes":"","_links_to":"","_links_to_target":""},"class_list":["post-1482","page","type-page","status-publish","has-post-thumbnail","hentry"],"yoast_head":"<!-- This site is optimized with the Yoast SEO plugin v27.2 - https:\/\/yoast.com\/product\/yoast-seo-wordpress\/ -->\n<title>Les Prix employeur d\u2019excellence de 2014 - Hire Immigrants Ottawa<\/title>\n<meta name=\"robots\" content=\"index, follow, max-snippet:-1, max-image-preview:large, max-video-preview:-1\" \/>\n<link rel=\"canonical\" href=\"https:\/\/www.hireimmigrantsottawa.ca\/fr\/prix-demployeur\/2014-employer-excellence-awards\/\" \/>\n<meta property=\"og:locale\" content=\"fr_FR\" \/>\n<meta property=\"og:type\" content=\"article\" \/>\n<meta property=\"og:title\" content=\"Les Prix employeur d\u2019excellence de 2014 - Hire Immigrants Ottawa\" \/>\n<meta property=\"og:description\" content=\"F\u00e9licitations \u00e0\u00a0Banque TD! &nbsp; La Banque TD, un \u00e9tablissement chef de file sur le march\u00e9 nord-am\u00e9ricain, s\u2019engage \u00e0 r\u00e9pondre aux besoins des diverses communaut\u00e9s dans lesquelles elle exerce ses activit\u00e9s. [&hellip;]\" \/>\n<meta property=\"og:url\" content=\"https:\/\/www.hireimmigrantsottawa.ca\/fr\/prix-demployeur\/2014-employer-excellence-awards\/\" \/>\n<meta property=\"og:site_name\" content=\"Hire Immigrants Ottawa\" \/>\n<meta property=\"article:modified_time\" content=\"2024-11-13T15:33:52+00:00\" \/>\n<meta property=\"og:image\" content=\"https:\/\/www.hireimmigrantsottawa.ca\/wp-content\/uploads\/2014\/03\/TD.jpg\" \/>\n\t<meta property=\"og:image:width\" content=\"254\" \/>\n\t<meta property=\"og:image:height\" content=\"227\" \/>\n\t<meta property=\"og:image:type\" content=\"image\/jpeg\" \/>\n<meta name=\"twitter:card\" content=\"summary_large_image\" \/>\n<meta name=\"twitter:site\" content=\"@HireImmOttawa\" \/>\n<meta name=\"twitter:label1\" content=\"Dur\u00e9e de lecture estim\u00e9e\" \/>\n\t<meta name=\"twitter:data1\" content=\"3 minutes\" \/>\n<script type=\"application\/ld+json\" class=\"yoast-schema-graph\">{\"@context\":\"https:\/\/schema.org\",\"@graph\":[{\"@type\":\"WebPage\",\"@id\":\"https:\/\/www.hireimmigrantsottawa.ca\/fr\/prix-demployeur\/2014-employer-excellence-awards\/\",\"url\":\"https:\/\/www.hireimmigrantsottawa.ca\/fr\/prix-demployeur\/2014-employer-excellence-awards\/\",\"name\":\"Les Prix employeur d\u2019excellence de 2014 - Hire Immigrants Ottawa\",\"isPartOf\":{\"@id\":\"https:\/\/www.hireimmigrantsottawa.ca\/#website\"},\"primaryImageOfPage\":{\"@id\":\"https:\/\/www.hireimmigrantsottawa.ca\/fr\/prix-demployeur\/2014-employer-excellence-awards\/#primaryimage\"},\"image\":{\"@id\":\"https:\/\/www.hireimmigrantsottawa.ca\/fr\/prix-demployeur\/2014-employer-excellence-awards\/#primaryimage\"},\"thumbnailUrl\":\"https:\/\/www.hireimmigrantsottawa.ca\/wp-content\/uploads\/2014\/03\/TD.jpg\",\"datePublished\":\"2014-03-20T02:11:13+00:00\",\"dateModified\":\"2024-11-13T15:33:52+00:00\",\"breadcrumb\":{\"@id\":\"https:\/\/www.hireimmigrantsottawa.ca\/fr\/prix-demployeur\/2014-employer-excellence-awards\/#breadcrumb\"},\"inLanguage\":\"fr-FR\",\"potentialAction\":[{\"@type\":\"ReadAction\",\"target\":[\"https:\/\/www.hireimmigrantsottawa.ca\/fr\/prix-demployeur\/2014-employer-excellence-awards\/\"]}]},{\"@type\":\"ImageObject\",\"inLanguage\":\"fr-FR\",\"@id\":\"https:\/\/www.hireimmigrantsottawa.ca\/fr\/prix-demployeur\/2014-employer-excellence-awards\/#primaryimage\",\"url\":\"https:\/\/www.hireimmigrantsottawa.ca\/wp-content\/uploads\/2014\/03\/TD.jpg\",\"contentUrl\":\"https:\/\/www.hireimmigrantsottawa.ca\/wp-content\/uploads\/2014\/03\/TD.jpg\",\"width\":254,\"height\":227},{\"@type\":\"BreadcrumbList\",\"@id\":\"https:\/\/www.hireimmigrantsottawa.ca\/fr\/prix-demployeur\/2014-employer-excellence-awards\/#breadcrumb\",\"itemListElement\":[{\"@type\":\"ListItem\",\"position\":1,\"name\":\"Home\",\"item\":\"https:\/\/www.hireimmigrantsottawa.ca\/\"},{\"@type\":\"ListItem\",\"position\":2,\"name\":\"Prix d&#8217;employeur\",\"item\":\"https:\/\/www.hireimmigrantsottawa.ca\/fr\/prix-demployeur\/\"},{\"@type\":\"ListItem\",\"position\":3,\"name\":\"Les Prix employeur d\u2019excellence de 2014\"}]},{\"@type\":\"WebSite\",\"@id\":\"https:\/\/www.hireimmigrantsottawa.ca\/#website\",\"url\":\"https:\/\/www.hireimmigrantsottawa.ca\/\",\"name\":\"Hire Immigrants Ottawa\",\"description\":\"increases the capacity of employers to attract and integrate skilled immigrants\",\"publisher\":{\"@id\":\"https:\/\/www.hireimmigrantsottawa.ca\/#organization\"},\"potentialAction\":[{\"@type\":\"SearchAction\",\"target\":{\"@type\":\"EntryPoint\",\"urlTemplate\":\"https:\/\/www.hireimmigrantsottawa.ca\/?s={search_term_string}\"},\"query-input\":{\"@type\":\"PropertyValueSpecification\",\"valueRequired\":true,\"valueName\":\"search_term_string\"}}],\"inLanguage\":\"fr-FR\"},{\"@type\":\"Organization\",\"@id\":\"https:\/\/www.hireimmigrantsottawa.ca\/#organization\",\"name\":\"Hire Immigrants Ottawa\",\"url\":\"https:\/\/www.hireimmigrantsottawa.ca\/\",\"logo\":{\"@type\":\"ImageObject\",\"inLanguage\":\"fr-FR\",\"@id\":\"https:\/\/www.hireimmigrantsottawa.ca\/#\/schema\/logo\/image\/\",\"url\":\"https:\/\/www.hireimmigrantsottawa.ca\/wp-content\/uploads\/2023\/10\/hio-logo_bow_EN_web.png\",\"contentUrl\":\"https:\/\/www.hireimmigrantsottawa.ca\/wp-content\/uploads\/2023\/10\/hio-logo_bow_EN_web.png\",\"width\":745,\"height\":160,\"caption\":\"Hire Immigrants Ottawa\"},\"image\":{\"@id\":\"https:\/\/www.hireimmigrantsottawa.ca\/#\/schema\/logo\/image\/\"},\"sameAs\":[\"https:\/\/x.com\/HireImmOttawa\",\"https:\/\/www.youtube.com\/user\/hireimmigrantsottawa\"]}]}<\/script>\n<!-- \/ Yoast SEO plugin. -->","yoast_head_json":{"title":"Les Prix employeur d\u2019excellence de 2014 - Hire Immigrants Ottawa","robots":{"index":"index","follow":"follow","max-snippet":"max-snippet:-1","max-image-preview":"max-image-preview:large","max-video-preview":"max-video-preview:-1"},"canonical":"https:\/\/www.hireimmigrantsottawa.ca\/fr\/prix-demployeur\/2014-employer-excellence-awards\/","og_locale":"fr_FR","og_type":"article","og_title":"Les Prix employeur d\u2019excellence de 2014 - Hire Immigrants Ottawa","og_description":"F\u00e9licitations \u00e0\u00a0Banque TD! &nbsp; La Banque TD, un \u00e9tablissement chef de file sur le march\u00e9 nord-am\u00e9ricain, s\u2019engage \u00e0 r\u00e9pondre aux besoins des diverses communaut\u00e9s dans lesquelles elle exerce ses activit\u00e9s. [&hellip;]","og_url":"https:\/\/www.hireimmigrantsottawa.ca\/fr\/prix-demployeur\/2014-employer-excellence-awards\/","og_site_name":"Hire Immigrants Ottawa","article_modified_time":"2024-11-13T15:33:52+00:00","og_image":[{"width":254,"height":227,"url":"https:\/\/www.hireimmigrantsottawa.ca\/wp-content\/uploads\/2014\/03\/TD.jpg","type":"image\/jpeg"}],"twitter_card":"summary_large_image","twitter_site":"@HireImmOttawa","twitter_misc":{"Dur\u00e9e de lecture estim\u00e9e":"3 minutes"},"schema":{"@context":"https:\/\/schema.org","@graph":[{"@type":"WebPage","@id":"https:\/\/www.hireimmigrantsottawa.ca\/fr\/prix-demployeur\/2014-employer-excellence-awards\/","url":"https:\/\/www.hireimmigrantsottawa.ca\/fr\/prix-demployeur\/2014-employer-excellence-awards\/","name":"Les Prix employeur d\u2019excellence de 2014 - Hire Immigrants Ottawa","isPartOf":{"@id":"https:\/\/www.hireimmigrantsottawa.ca\/#website"},"primaryImageOfPage":{"@id":"https:\/\/www.hireimmigrantsottawa.ca\/fr\/prix-demployeur\/2014-employer-excellence-awards\/#primaryimage"},"image":{"@id":"https:\/\/www.hireimmigrantsottawa.ca\/fr\/prix-demployeur\/2014-employer-excellence-awards\/#primaryimage"},"thumbnailUrl":"https:\/\/www.hireimmigrantsottawa.ca\/wp-content\/uploads\/2014\/03\/TD.jpg","datePublished":"2014-03-20T02:11:13+00:00","dateModified":"2024-11-13T15:33:52+00:00","breadcrumb":{"@id":"https:\/\/www.hireimmigrantsottawa.ca\/fr\/prix-demployeur\/2014-employer-excellence-awards\/#breadcrumb"},"inLanguage":"fr-FR","potentialAction":[{"@type":"ReadAction","target":["https:\/\/www.hireimmigrantsottawa.ca\/fr\/prix-demployeur\/2014-employer-excellence-awards\/"]}]},{"@type":"ImageObject","inLanguage":"fr-FR","@id":"https:\/\/www.hireimmigrantsottawa.ca\/fr\/prix-demployeur\/2014-employer-excellence-awards\/#primaryimage","url":"https:\/\/www.hireimmigrantsottawa.ca\/wp-content\/uploads\/2014\/03\/TD.jpg","contentUrl":"https:\/\/www.hireimmigrantsottawa.ca\/wp-content\/uploads\/2014\/03\/TD.jpg","width":254,"height":227},{"@type":"BreadcrumbList","@id":"https:\/\/www.hireimmigrantsottawa.ca\/fr\/prix-demployeur\/2014-employer-excellence-awards\/#breadcrumb","itemListElement":[{"@type":"ListItem","position":1,"name":"Home","item":"https:\/\/www.hireimmigrantsottawa.ca\/"},{"@type":"ListItem","position":2,"name":"Prix d&#8217;employeur","item":"https:\/\/www.hireimmigrantsottawa.ca\/fr\/prix-demployeur\/"},{"@type":"ListItem","position":3,"name":"Les Prix employeur d\u2019excellence de 2014"}]},{"@type":"WebSite","@id":"https:\/\/www.hireimmigrantsottawa.ca\/#website","url":"https:\/\/www.hireimmigrantsottawa.ca\/","name":"Hire Immigrants Ottawa","description":"increases the capacity of employers to attract and integrate skilled immigrants","publisher":{"@id":"https:\/\/www.hireimmigrantsottawa.ca\/#organization"},"potentialAction":[{"@type":"SearchAction","target":{"@type":"EntryPoint","urlTemplate":"https:\/\/www.hireimmigrantsottawa.ca\/?s={search_term_string}"},"query-input":{"@type":"PropertyValueSpecification","valueRequired":true,"valueName":"search_term_string"}}],"inLanguage":"fr-FR"},{"@type":"Organization","@id":"https:\/\/www.hireimmigrantsottawa.ca\/#organization","name":"Hire Immigrants Ottawa","url":"https:\/\/www.hireimmigrantsottawa.ca\/","logo":{"@type":"ImageObject","inLanguage":"fr-FR","@id":"https:\/\/www.hireimmigrantsottawa.ca\/#\/schema\/logo\/image\/","url":"https:\/\/www.hireimmigrantsottawa.ca\/wp-content\/uploads\/2023\/10\/hio-logo_bow_EN_web.png","contentUrl":"https:\/\/www.hireimmigrantsottawa.ca\/wp-content\/uploads\/2023\/10\/hio-logo_bow_EN_web.png","width":745,"height":160,"caption":"Hire Immigrants Ottawa"},"image":{"@id":"https:\/\/www.hireimmigrantsottawa.ca\/#\/schema\/logo\/image\/"},"sameAs":["https:\/\/x.com\/HireImmOttawa","https:\/\/www.youtube.com\/user\/hireimmigrantsottawa"]}]}},"_links":{"self":[{"href":"https:\/\/www.hireimmigrantsottawa.ca\/fr\/wp-json\/wp\/v2\/pages\/1482","targetHints":{"allow":["GET"]}}],"collection":[{"href":"https:\/\/www.hireimmigrantsottawa.ca\/fr\/wp-json\/wp\/v2\/pages"}],"about":[{"href":"https:\/\/www.hireimmigrantsottawa.ca\/fr\/wp-json\/wp\/v2\/types\/page"}],"author":[{"embeddable":true,"href":"https:\/\/www.hireimmigrantsottawa.ca\/fr\/wp-json\/wp\/v2\/users\/13"}],"replies":[{"embeddable":true,"href":"https:\/\/www.hireimmigrantsottawa.ca\/fr\/wp-json\/wp\/v2\/comments?post=1482"}],"version-history":[{"count":23,"href":"https:\/\/www.hireimmigrantsottawa.ca\/fr\/wp-json\/wp\/v2\/pages\/1482\/revisions"}],"predecessor-version":[{"id":9083,"href":"https:\/\/www.hireimmigrantsottawa.ca\/fr\/wp-json\/wp\/v2\/pages\/1482\/revisions\/9083"}],"up":[{"embeddable":true,"href":"https:\/\/www.hireimmigrantsottawa.ca\/fr\/wp-json\/wp\/v2\/pages\/77"}],"wp:featuredmedia":[{"embeddable":true,"href":"https:\/\/www.hireimmigrantsottawa.ca\/fr\/wp-json\/wp\/v2\/media\/1628"}],"wp:attachment":[{"href":"https:\/\/www.hireimmigrantsottawa.ca\/fr\/wp-json\/wp\/v2\/media?parent=1482"}],"curies":[{"name":"wp","href":"https:\/\/api.w.org\/{rel}","templated":true}]}}