{"id":12094,"date":"2026-04-02T09:33:26","date_gmt":"2026-04-02T13:33:26","guid":{"rendered":"https:\/\/www.hireimmigrantsottawa.ca\/2025-awards-recipients\/"},"modified":"2026-04-11T17:42:19","modified_gmt":"2026-04-11T21:42:19","slug":"laureats-2025","status":"publish","type":"page","link":"https:\/\/www.hireimmigrantsottawa.ca\/fr\/laureats-2025\/","title":{"rendered":"Laur\u00e9ats 2025"},"content":{"rendered":"\t\t<div data-elementor-type=\"wp-page\" data-elementor-id=\"12094\" class=\"elementor elementor-12094 elementor-11810\">\n\t\t\t\t\t\t<section class=\"elementor-section elementor-top-section elementor-element elementor-element-85c690a elementor-section-boxed elementor-section-height-default elementor-section-height-default\" data-id=\"85c690a\" data-element_type=\"section\" data-e-type=\"section\">\n\t\t\t\t\t\t<div class=\"elementor-container elementor-column-gap-default\">\n\t\t\t\t\t<div class=\"elementor-column elementor-col-100 elementor-top-column elementor-element elementor-element-e462e53\" data-id=\"e462e53\" data-element_type=\"column\" data-e-type=\"column\">\n\t\t\t<div class=\"elementor-widget-wrap elementor-element-populated\">\n\t\t\t\t\t\t<div class=\"elementor-element elementor-element-23a6a7f elementor-grid-eael-col-4 elementor-grid-tablet-eael-col-2 elementor-grid-mobile-eael-col-1 elementor-widget elementor-widget-eael-post-grid\" data-id=\"23a6a7f\" data-element_type=\"widget\" data-e-type=\"widget\" data-settings=\"{&quot;eael_post_grid_columns&quot;:&quot;eael-col-4&quot;,&quot;eael_post_grid_columns_tablet&quot;:&quot;eael-col-2&quot;,&quot;eael_post_grid_columns_mobile&quot;:&quot;eael-col-1&quot;}\" data-widget_type=\"eael-post-grid.default\">\n\t\t\t\t<div class=\"elementor-widget-container\">\n\t\t\t\t\t<div id=\"eael-post-grid-23a6a7f\" class=\"eael-post-grid-container\">\n            <div class=\"eael-post-grid eael-post-appender eael-post-appender-23a6a7f eael-post-grid-style-one\" data-layout-mode=\"masonry\"><article class=\"eael-grid-post  eael-post-grid-column eael-pg-post-12044\" data-id=\"12044\">\n        <div class=\"eael-grid-post-holder\">\n            <div class=\"eael-grid-post-holder-inner\"><div class=\"eael-entry-media\"><div class=\"eael-entry-overlay fade-in\"><i class=\"fas fa-long-arrow-alt-right\" aria-hidden=\"true\"><\/i><a href=\"https:\/\/www.hireimmigrantsottawa.ca\/fr\/2025awardrecipients\/fast-forward-french-inc\/\"><\/a><\/div><div class=\"eael-entry-thumbnail \">\n                <img fetchpriority=\"high\" decoding=\"async\" width=\"300\" height=\"208\" src=\"https:\/\/www.hireimmigrantsottawa.ca\/wp-content\/uploads\/2026\/03\/Fast-Forward-French-300x208.jpg\" class=\"attachment-medium size-medium wp-image-11595\" alt=\"Fast Forward French staff\" srcset=\"https:\/\/www.hireimmigrantsottawa.ca\/wp-content\/uploads\/2026\/03\/Fast-Forward-French-300x208.jpg 300w, https:\/\/www.hireimmigrantsottawa.ca\/wp-content\/uploads\/2026\/03\/Fast-Forward-French-768x533.jpg 768w, https:\/\/www.hireimmigrantsottawa.ca\/wp-content\/uploads\/2026\/03\/Fast-Forward-French.jpg 1024w\" sizes=\"(max-width: 300px) 100vw, 300px\" \/>\n            <\/div>\n        <\/div><div class=\"eael-entry-wrapper\"><header class=\"eael-entry-header\"><h2 class=\"eael-entry-title\"><a class=\"eael-grid-post-link\" href=\"https:\/\/www.hireimmigrantsottawa.ca\/fr\/2025awardrecipients\/fast-forward-french-inc\/\" title=\"Fast Forward French Inc.\">Fast Forward French Inc.<\/a><\/h2><\/header><div class=\"eael-entry-content\">\n                        <div class=\"eael-grid-post-excerpt\"><p>Un leadership ax\u00e9 sur des pratiques d\u2019embauche inclusives Chez Fast...<\/p><a href=\"https:\/\/www.hireimmigrantsottawa.ca\/fr\/2025awardrecipients\/fast-forward-french-inc\/\" class=\"eael-post-elements-readmore-btn\">Read More<\/a><\/div>\n                    <\/div><\/div><\/div>\n        <\/div>\n    <\/article><article class=\"eael-grid-post  eael-post-grid-column eael-pg-post-12042\" data-id=\"12042\">\n        <div class=\"eael-grid-post-holder\">\n            <div class=\"eael-grid-post-holder-inner\"><div class=\"eael-entry-media\"><div class=\"eael-entry-overlay fade-in\"><i class=\"fas fa-long-arrow-alt-right\" aria-hidden=\"true\"><\/i><a href=\"https:\/\/www.hireimmigrantsottawa.ca\/fr\/2025awardrecipients\/services-a-lenfance-et-a-la-famille-la-coccinelle\/\"><\/a><\/div><div class=\"eael-entry-thumbnail \">\n                <img decoding=\"async\" width=\"300\" height=\"174\" src=\"https:\/\/www.hireimmigrantsottawa.ca\/wp-content\/uploads\/2026\/03\/La-Conccinelle-300x174.jpg\" class=\"attachment-medium size-medium wp-image-11619\" alt=\"La Conccinelle\" srcset=\"https:\/\/www.hireimmigrantsottawa.ca\/wp-content\/uploads\/2026\/03\/La-Conccinelle-300x174.jpg 300w, https:\/\/www.hireimmigrantsottawa.ca\/wp-content\/uploads\/2026\/03\/La-Conccinelle-768x445.jpg 768w, https:\/\/www.hireimmigrantsottawa.ca\/wp-content\/uploads\/2026\/03\/La-Conccinelle.jpg 1024w\" sizes=\"(max-width: 300px) 100vw, 300px\" \/>\n            <\/div>\n        <\/div><div class=\"eael-entry-wrapper\"><header class=\"eael-entry-header\"><h2 class=\"eael-entry-title\"><a class=\"eael-grid-post-link\" href=\"https:\/\/www.hireimmigrantsottawa.ca\/fr\/2025awardrecipients\/services-a-lenfance-et-a-la-famille-la-coccinelle\/\" title=\"Services \u00e0 l\u2019enfance et \u00e0 la famille La Coccinelle\">Services \u00e0 l\u2019enfance et \u00e0 la famille La Coccinelle<\/a><\/h2><\/header><div class=\"eael-entry-content\">\n                        <div class=\"eael-grid-post-excerpt\"><p>B\u00e2tir des carri\u00e8res, solidifier les communaut\u00e9s Depuis pr\u00e8s de 40...<\/p><a href=\"https:\/\/www.hireimmigrantsottawa.ca\/fr\/2025awardrecipients\/services-a-lenfance-et-a-la-famille-la-coccinelle\/\" class=\"eael-post-elements-readmore-btn\">Read More<\/a><\/div>\n                    <\/div><\/div><\/div>\n        <\/div>\n    <\/article><article class=\"eael-grid-post  eael-post-grid-column eael-pg-post-12041\" data-id=\"12041\">\n        <div class=\"eael-grid-post-holder\">\n            <div class=\"eael-grid-post-holder-inner\"><div class=\"eael-entry-media\"><div class=\"eael-entry-overlay fade-in\"><i class=\"fas fa-long-arrow-alt-right\" aria-hidden=\"true\"><\/i><a href=\"https:\/\/www.hireimmigrantsottawa.ca\/fr\/2025awardrecipients\/accenture-canada-inc\/\"><\/a><\/div><div class=\"eael-entry-thumbnail \">\n                <img decoding=\"async\" width=\"300\" height=\"185\" src=\"https:\/\/www.hireimmigrantsottawa.ca\/wp-content\/uploads\/2026\/03\/Accenture_2025-HIOEEAward-Photo1-300x185.jpeg\" class=\"attachment-medium size-medium wp-image-11498\" alt=\"Accenture st\" srcset=\"https:\/\/www.hireimmigrantsottawa.ca\/wp-content\/uploads\/2026\/03\/Accenture_2025-HIOEEAward-Photo1-300x185.jpeg 300w, https:\/\/www.hireimmigrantsottawa.ca\/wp-content\/uploads\/2026\/03\/Accenture_2025-HIOEEAward-Photo1-768x473.jpeg 768w, https:\/\/www.hireimmigrantsottawa.ca\/wp-content\/uploads\/2026\/03\/Accenture_2025-HIOEEAward-Photo1.jpeg 1024w\" sizes=\"(max-width: 300px) 100vw, 300px\" \/>\n            <\/div>\n        <\/div><div class=\"eael-entry-wrapper\"><header class=\"eael-entry-header\"><h2 class=\"eael-entry-title\"><a class=\"eael-grid-post-link\" href=\"https:\/\/www.hireimmigrantsottawa.ca\/fr\/2025awardrecipients\/accenture-canada-inc\/\" title=\"Accenture Canada Inc.\">Accenture Canada Inc.<\/a><\/h2><\/header><div class=\"eael-entry-content\">\n                        <div class=\"eael-grid-post-excerpt\"><p>Une action qui impulse l\u2019inclusion Chez Accenture Canada Inc., l\u2019inclusion...<\/p><a href=\"https:\/\/www.hireimmigrantsottawa.ca\/fr\/2025awardrecipients\/accenture-canada-inc\/\" class=\"eael-post-elements-readmore-btn\">Read More<\/a><\/div>\n                    <\/div><\/div><\/div>\n        <\/div>\n    <\/article><article class=\"eael-grid-post  eael-post-grid-column eael-pg-post-12039\" data-id=\"12039\">\n        <div class=\"eael-grid-post-holder\">\n            <div class=\"eael-grid-post-holder-inner\"><div class=\"eael-entry-media\"><div class=\"eael-entry-overlay fade-in\"><i class=\"fas fa-long-arrow-alt-right\" aria-hidden=\"true\"><\/i><a href=\"https:\/\/www.hireimmigrantsottawa.ca\/fr\/2025awardrecipients\/cuso-international\/\"><\/a><\/div><div class=\"eael-entry-thumbnail \">\n                <img loading=\"lazy\" decoding=\"async\" width=\"300\" height=\"186\" src=\"https:\/\/www.hireimmigrantsottawa.ca\/wp-content\/uploads\/2026\/03\/Group2-300x186.jpg\" class=\"attachment-medium size-medium wp-image-11550\" alt=\"\" srcset=\"https:\/\/www.hireimmigrantsottawa.ca\/wp-content\/uploads\/2026\/03\/Group2-300x186.jpg 300w, https:\/\/www.hireimmigrantsottawa.ca\/wp-content\/uploads\/2026\/03\/Group2-768x476.jpg 768w, https:\/\/www.hireimmigrantsottawa.ca\/wp-content\/uploads\/2026\/03\/Group2.jpg 914w\" sizes=\"(max-width: 300px) 100vw, 300px\" \/>\n            <\/div>\n        <\/div><div class=\"eael-entry-wrapper\"><header class=\"eael-entry-header\"><h2 class=\"eael-entry-title\"><a class=\"eael-grid-post-link\" href=\"https:\/\/www.hireimmigrantsottawa.ca\/fr\/2025awardrecipients\/cuso-international\/\" title=\"Cuso International\">Cuso International<\/a><\/h2><\/header><div class=\"eael-entry-content\">\n                        <div class=\"eael-grid-post-excerpt\"><p>Une approche d\u2019embauche inclusive, une incidence internationale Organisme de d\u00e9veloppement...<\/p><a href=\"https:\/\/www.hireimmigrantsottawa.ca\/fr\/2025awardrecipients\/cuso-international\/\" class=\"eael-post-elements-readmore-btn\">Read More<\/a><\/div>\n                    <\/div><\/div><\/div>\n        <\/div>\n    <\/article><\/div>\n            <div class=\"clearfix\"><\/div>\n        <\/div>\t\t\t\t<\/div>\n\t\t\t\t<\/div>\n\t\t\t\t\t<\/div>\n\t\t<\/div>\n\t\t\t\t\t<\/div>\n\t\t<\/section>\n\t\t\t\t<\/div>\n\t\t","protected":false},"excerpt":{"rendered":"<p>Services \u00e0 l\u2019enfance et \u00e0 la famille La Coccinelle Building careers, strengthening communities For nearly 40 years, Services \u00e0&#8230; Read More<\/p>\n","protected":false},"author":13,"featured_media":12025,"parent":0,"menu_order":0,"comment_status":"closed","ping_status":"closed","template":"","meta":{"_exactmetrics_skip_tracking":false,"_exactmetrics_sitenote_active":false,"_exactmetrics_sitenote_note":"","_exactmetrics_sitenote_category":0,"footnotes":"","_links_to":"","_links_to_target":""},"class_list":["post-12094","page","type-page","status-publish","has-post-thumbnail","hentry"],"yoast_head":"<!-- This site is optimized with the Yoast SEO plugin v27.2 - https:\/\/yoast.com\/product\/yoast-seo-wordpress\/ -->\n<title>Laur\u00e9ats 2025 - Hire Immigrants Ottawa<\/title>\n<meta name=\"robots\" content=\"index, follow, max-snippet:-1, max-image-preview:large, max-video-preview:-1\" \/>\n<link rel=\"canonical\" href=\"https:\/\/www.hireimmigrantsottawa.ca\/fr\/laureats-2025\/\" \/>\n<meta property=\"og:locale\" content=\"fr_FR\" \/>\n<meta property=\"og:type\" content=\"article\" \/>\n<meta property=\"og:title\" content=\"Laur\u00e9ats 2025 - Hire Immigrants Ottawa\" \/>\n<meta property=\"og:description\" content=\"Services \u00e0 l\u2019enfance et \u00e0 la famille La Coccinelle Building careers, strengthening communities For nearly 40 years, Services \u00e0&#8230; Read More\" \/>\n<meta property=\"og:url\" content=\"https:\/\/www.hireimmigrantsottawa.ca\/fr\/laureats-2025\/\" \/>\n<meta property=\"og:site_name\" content=\"Hire Immigrants Ottawa\" \/>\n<meta property=\"article:modified_time\" content=\"2026-04-11T21:42:19+00:00\" \/>\n<meta property=\"og:image\" content=\"https:\/\/www.hireimmigrantsottawa.ca\/wp-content\/uploads\/2026\/04\/La-Conccinelle-300x174-1.jpg\" \/>\n\t<meta property=\"og:image:width\" content=\"300\" \/>\n\t<meta property=\"og:image:height\" content=\"174\" \/>\n\t<meta property=\"og:image:type\" content=\"image\/jpeg\" \/>\n<meta name=\"twitter:card\" content=\"summary_large_image\" \/>\n<meta name=\"twitter:site\" content=\"@HireImmOttawa\" \/>\n<meta name=\"twitter:label1\" content=\"Dur\u00e9e de lecture estim\u00e9e\" \/>\n\t<meta name=\"twitter:data1\" content=\"1 minute\" \/>\n<script type=\"application\/ld+json\" class=\"yoast-schema-graph\">{\"@context\":\"https:\/\/schema.org\",\"@graph\":[{\"@type\":\"WebPage\",\"@id\":\"https:\/\/www.hireimmigrantsottawa.ca\/fr\/laureats-2025\/\",\"url\":\"https:\/\/www.hireimmigrantsottawa.ca\/fr\/laureats-2025\/\",\"name\":\"Laur\u00e9ats 2025 - Hire Immigrants Ottawa\",\"isPartOf\":{\"@id\":\"https:\/\/www.hireimmigrantsottawa.ca\/#website\"},\"primaryImageOfPage\":{\"@id\":\"https:\/\/www.hireimmigrantsottawa.ca\/fr\/laureats-2025\/#primaryimage\"},\"image\":{\"@id\":\"https:\/\/www.hireimmigrantsottawa.ca\/fr\/laureats-2025\/#primaryimage\"},\"thumbnailUrl\":\"https:\/\/www.hireimmigrantsottawa.ca\/wp-content\/uploads\/2026\/04\/La-Conccinelle-300x174-1.jpg\",\"datePublished\":\"2026-04-02T13:33:26+00:00\",\"dateModified\":\"2026-04-11T21:42:19+00:00\",\"breadcrumb\":{\"@id\":\"https:\/\/www.hireimmigrantsottawa.ca\/fr\/laureats-2025\/#breadcrumb\"},\"inLanguage\":\"fr-FR\",\"potentialAction\":[{\"@type\":\"ReadAction\",\"target\":[\"https:\/\/www.hireimmigrantsottawa.ca\/fr\/laureats-2025\/\"]}]},{\"@type\":\"ImageObject\",\"inLanguage\":\"fr-FR\",\"@id\":\"https:\/\/www.hireimmigrantsottawa.ca\/fr\/laureats-2025\/#primaryimage\",\"url\":\"https:\/\/www.hireimmigrantsottawa.ca\/wp-content\/uploads\/2026\/04\/La-Conccinelle-300x174-1.jpg\",\"contentUrl\":\"https:\/\/www.hireimmigrantsottawa.ca\/wp-content\/uploads\/2026\/04\/La-Conccinelle-300x174-1.jpg\",\"width\":300,\"height\":174},{\"@type\":\"BreadcrumbList\",\"@id\":\"https:\/\/www.hireimmigrantsottawa.ca\/fr\/laureats-2025\/#breadcrumb\",\"itemListElement\":[{\"@type\":\"ListItem\",\"position\":1,\"name\":\"Home\",\"item\":\"https:\/\/www.hireimmigrantsottawa.ca\/\"},{\"@type\":\"ListItem\",\"position\":2,\"name\":\"Laur\u00e9ats 2025\"}]},{\"@type\":\"WebSite\",\"@id\":\"https:\/\/www.hireimmigrantsottawa.ca\/#website\",\"url\":\"https:\/\/www.hireimmigrantsottawa.ca\/\",\"name\":\"Hire Immigrants Ottawa\",\"description\":\"increases the capacity of employers to attract and integrate skilled immigrants\",\"publisher\":{\"@id\":\"https:\/\/www.hireimmigrantsottawa.ca\/#organization\"},\"potentialAction\":[{\"@type\":\"SearchAction\",\"target\":{\"@type\":\"EntryPoint\",\"urlTemplate\":\"https:\/\/www.hireimmigrantsottawa.ca\/?s={search_term_string}\"},\"query-input\":{\"@type\":\"PropertyValueSpecification\",\"valueRequired\":true,\"valueName\":\"search_term_string\"}}],\"inLanguage\":\"fr-FR\"},{\"@type\":\"Organization\",\"@id\":\"https:\/\/www.hireimmigrantsottawa.ca\/#organization\",\"name\":\"Hire Immigrants Ottawa\",\"url\":\"https:\/\/www.hireimmigrantsottawa.ca\/\",\"logo\":{\"@type\":\"ImageObject\",\"inLanguage\":\"fr-FR\",\"@id\":\"https:\/\/www.hireimmigrantsottawa.ca\/#\/schema\/logo\/image\/\",\"url\":\"https:\/\/www.hireimmigrantsottawa.ca\/wp-content\/uploads\/2023\/10\/hio-logo_bow_EN_web.png\",\"contentUrl\":\"https:\/\/www.hireimmigrantsottawa.ca\/wp-content\/uploads\/2023\/10\/hio-logo_bow_EN_web.png\",\"width\":745,\"height\":160,\"caption\":\"Hire Immigrants Ottawa\"},\"image\":{\"@id\":\"https:\/\/www.hireimmigrantsottawa.ca\/#\/schema\/logo\/image\/\"},\"sameAs\":[\"https:\/\/x.com\/HireImmOttawa\",\"https:\/\/www.youtube.com\/user\/hireimmigrantsottawa\"]}]}<\/script>\n<!-- \/ Yoast SEO plugin. -->","yoast_head_json":{"title":"Laur\u00e9ats 2025 - Hire Immigrants Ottawa","robots":{"index":"index","follow":"follow","max-snippet":"max-snippet:-1","max-image-preview":"max-image-preview:large","max-video-preview":"max-video-preview:-1"},"canonical":"https:\/\/www.hireimmigrantsottawa.ca\/fr\/laureats-2025\/","og_locale":"fr_FR","og_type":"article","og_title":"Laur\u00e9ats 2025 - Hire Immigrants Ottawa","og_description":"Services \u00e0 l\u2019enfance et \u00e0 la famille La Coccinelle Building careers, strengthening communities For nearly 40 years, Services \u00e0&#8230; Read More","og_url":"https:\/\/www.hireimmigrantsottawa.ca\/fr\/laureats-2025\/","og_site_name":"Hire Immigrants Ottawa","article_modified_time":"2026-04-11T21:42:19+00:00","og_image":[{"width":300,"height":174,"url":"https:\/\/www.hireimmigrantsottawa.ca\/wp-content\/uploads\/2026\/04\/La-Conccinelle-300x174-1.jpg","type":"image\/jpeg"}],"twitter_card":"summary_large_image","twitter_site":"@HireImmOttawa","twitter_misc":{"Dur\u00e9e de lecture estim\u00e9e":"1 minute"},"schema":{"@context":"https:\/\/schema.org","@graph":[{"@type":"WebPage","@id":"https:\/\/www.hireimmigrantsottawa.ca\/fr\/laureats-2025\/","url":"https:\/\/www.hireimmigrantsottawa.ca\/fr\/laureats-2025\/","name":"Laur\u00e9ats 2025 - Hire Immigrants Ottawa","isPartOf":{"@id":"https:\/\/www.hireimmigrantsottawa.ca\/#website"},"primaryImageOfPage":{"@id":"https:\/\/www.hireimmigrantsottawa.ca\/fr\/laureats-2025\/#primaryimage"},"image":{"@id":"https:\/\/www.hireimmigrantsottawa.ca\/fr\/laureats-2025\/#primaryimage"},"thumbnailUrl":"https:\/\/www.hireimmigrantsottawa.ca\/wp-content\/uploads\/2026\/04\/La-Conccinelle-300x174-1.jpg","datePublished":"2026-04-02T13:33:26+00:00","dateModified":"2026-04-11T21:42:19+00:00","breadcrumb":{"@id":"https:\/\/www.hireimmigrantsottawa.ca\/fr\/laureats-2025\/#breadcrumb"},"inLanguage":"fr-FR","potentialAction":[{"@type":"ReadAction","target":["https:\/\/www.hireimmigrantsottawa.ca\/fr\/laureats-2025\/"]}]},{"@type":"ImageObject","inLanguage":"fr-FR","@id":"https:\/\/www.hireimmigrantsottawa.ca\/fr\/laureats-2025\/#primaryimage","url":"https:\/\/www.hireimmigrantsottawa.ca\/wp-content\/uploads\/2026\/04\/La-Conccinelle-300x174-1.jpg","contentUrl":"https:\/\/www.hireimmigrantsottawa.ca\/wp-content\/uploads\/2026\/04\/La-Conccinelle-300x174-1.jpg","width":300,"height":174},{"@type":"BreadcrumbList","@id":"https:\/\/www.hireimmigrantsottawa.ca\/fr\/laureats-2025\/#breadcrumb","itemListElement":[{"@type":"ListItem","position":1,"name":"Home","item":"https:\/\/www.hireimmigrantsottawa.ca\/"},{"@type":"ListItem","position":2,"name":"Laur\u00e9ats 2025"}]},{"@type":"WebSite","@id":"https:\/\/www.hireimmigrantsottawa.ca\/#website","url":"https:\/\/www.hireimmigrantsottawa.ca\/","name":"Hire Immigrants Ottawa","description":"increases the capacity of employers to attract and integrate skilled immigrants","publisher":{"@id":"https:\/\/www.hireimmigrantsottawa.ca\/#organization"},"potentialAction":[{"@type":"SearchAction","target":{"@type":"EntryPoint","urlTemplate":"https:\/\/www.hireimmigrantsottawa.ca\/?s={search_term_string}"},"query-input":{"@type":"PropertyValueSpecification","valueRequired":true,"valueName":"search_term_string"}}],"inLanguage":"fr-FR"},{"@type":"Organization","@id":"https:\/\/www.hireimmigrantsottawa.ca\/#organization","name":"Hire Immigrants Ottawa","url":"https:\/\/www.hireimmigrantsottawa.ca\/","logo":{"@type":"ImageObject","inLanguage":"fr-FR","@id":"https:\/\/www.hireimmigrantsottawa.ca\/#\/schema\/logo\/image\/","url":"https:\/\/www.hireimmigrantsottawa.ca\/wp-content\/uploads\/2023\/10\/hio-logo_bow_EN_web.png","contentUrl":"https:\/\/www.hireimmigrantsottawa.ca\/wp-content\/uploads\/2023\/10\/hio-logo_bow_EN_web.png","width":745,"height":160,"caption":"Hire Immigrants Ottawa"},"image":{"@id":"https:\/\/www.hireimmigrantsottawa.ca\/#\/schema\/logo\/image\/"},"sameAs":["https:\/\/x.com\/HireImmOttawa","https:\/\/www.youtube.com\/user\/hireimmigrantsottawa"]}]}},"_links":{"self":[{"href":"https:\/\/www.hireimmigrantsottawa.ca\/fr\/wp-json\/wp\/v2\/pages\/12094","targetHints":{"allow":["GET"]}}],"collection":[{"href":"https:\/\/www.hireimmigrantsottawa.ca\/fr\/wp-json\/wp\/v2\/pages"}],"about":[{"href":"https:\/\/www.hireimmigrantsottawa.ca\/fr\/wp-json\/wp\/v2\/types\/page"}],"author":[{"embeddable":true,"href":"https:\/\/www.hireimmigrantsottawa.ca\/fr\/wp-json\/wp\/v2\/users\/13"}],"replies":[{"embeddable":true,"href":"https:\/\/www.hireimmigrantsottawa.ca\/fr\/wp-json\/wp\/v2\/comments?post=12094"}],"version-history":[{"count":1,"href":"https:\/\/www.hireimmigrantsottawa.ca\/fr\/wp-json\/wp\/v2\/pages\/12094\/revisions"}],"predecessor-version":[{"id":12095,"href":"https:\/\/www.hireimmigrantsottawa.ca\/fr\/wp-json\/wp\/v2\/pages\/12094\/revisions\/12095"}],"wp:featuredmedia":[{"embeddable":true,"href":"https:\/\/www.hireimmigrantsottawa.ca\/fr\/wp-json\/wp\/v2\/media\/12025"}],"wp:attachment":[{"href":"https:\/\/www.hireimmigrantsottawa.ca\/fr\/wp-json\/wp\/v2\/media?parent=12094"}],"curies":[{"name":"wp","href":"https:\/\/api.w.org\/{rel}","templated":true}]}}