{"id":110,"date":"2013-10-03T17:52:08","date_gmt":"2013-10-03T17:52:08","guid":{"rendered":"http:\/\/www.hireimmigrantsottawa.ca\/?page_id=110"},"modified":"2025-12-14T20:39:41","modified_gmt":"2025-12-15T01:39:41","slug":"apply","status":"publish","type":"page","link":"https:\/\/www.hireimmigrantsottawa.ca\/fr\/prix-demployeur\/apply\/","title":{"rendered":"L\u2019Appel de candidatures pour les Prix d\u2019employeur d\u2019excellence 2025 est maintenant termin\u00e9"},"content":{"rendered":"<div class=\"wp-block-image\"><a href=\"https:\/\/www.hireimmigrantsottawa.ca\/wp-content\/uploads\/2025\/09\/EEAwards-Logo-2025-FR.png\"><img decoding=\"async\" class=\"wpa-warning wpa-image-missing-alt wp-image-10501 alignleft\" src=\"https:\/\/www.hireimmigrantsottawa.ca\/wp-content\/uploads\/2025\/09\/EEAwards-Logo-2025-FR.png\" alt=\"\" width=\"300\" height=\"147\" data-warning=\"Missing alt text\" srcset=\"https:\/\/www.hireimmigrantsottawa.ca\/wp-content\/uploads\/2025\/09\/EEAwards-Logo-2025-FR.png 1024w, https:\/\/www.hireimmigrantsottawa.ca\/wp-content\/uploads\/2025\/09\/EEAwards-Logo-2025-FR-300x147.png 300w, https:\/\/www.hireimmigrantsottawa.ca\/wp-content\/uploads\/2025\/09\/EEAwards-Logo-2025-FR-768x377.png 768w\" sizes=\"(max-width: 300px) 100vw, 300px\" \/><\/a><\/div>\n<div><\/div>\n<div class=\"wp-block-image\">\n<p>Les Prix employeur d\u2019excellence sont d\u00e9cern\u00e9s aux employeurs locaux pour souligner leurs politiques et leurs pratiques novatrices en milieu de travail en ce qui a trait au recrutement et \u00e0 l\u2019int\u00e9gration des immigrants qualifi\u00e9s au sein de leur organisme.<\/p>\n<p>Jusqu\u2019\u00e0 quatre prix sont pr\u00e9sent\u00e9s annuellement, tel que d\u00e9termin\u00e9 par un comit\u00e9 de s\u00e9lection ind\u00e9pendant, constitu\u00e9 de cadres sup\u00e9rieurs des ressources humaines ou de professionnels, et d\u2019autres intervenants.<\/p>\n<p>Les prix seront remis en mars 2026, lors du Sommet du Conseil des employeurs champions, un \u00e9v\u00e9nement qui r\u00e9unira des cadres sup\u00e9rieurs, des personnalit\u00e9s locales, des intervenants cl\u00e9s, des m\u00e9dias et des professionnels des ressources humaines.<\/p>\n<p>Si vous avez des questions au sujet des Prix employeur d\u2019excellence, veuillez communiquer avec nous \u00e0 <a href=\"mailto:prix@embaucheimmigrantsottawa.ca\">prix@embaucheimmigrantsottawa.ca<\/a> ou composez le 613-683-3370.<\/p>\n<\/div>\n","protected":false},"excerpt":{"rendered":"<p>Les Prix employeur d\u2019excellence sont d\u00e9cern\u00e9s aux employeurs locaux pour souligner leurs politiques et leurs pratiques novatrices en milieu de travail en ce qui a trait au recrutement et \u00e0 [&hellip;]<\/p>\n","protected":false},"author":12,"featured_media":10501,"parent":77,"menu_order":0,"comment_status":"closed","ping_status":"closed","template":"","meta":{"_exactmetrics_skip_tracking":false,"_exactmetrics_sitenote_active":false,"_exactmetrics_sitenote_note":"","_exactmetrics_sitenote_category":0,"footnotes":"","_links_to":"","_links_to_target":""},"class_list":["post-110","page","type-page","status-publish","has-post-thumbnail","hentry"],"yoast_head":"<!-- This site is optimized with the Yoast SEO plugin v27.2 - https:\/\/yoast.com\/product\/yoast-seo-wordpress\/ -->\n<title>L\u2019Appel de candidatures pour les Prix d\u2019employeur d\u2019excellence 2025 est maintenant termin\u00e9 - Hire Immigrants Ottawa<\/title>\n<meta name=\"description\" content=\"Embauche immigrants Ottawa accepte \u00e0 pr\u00e9sent les mises en candidatures des employeurs dans l\u2019Est de l\u2019Ontario pour les Prix employeur d\u2019excellence 2025. Ces prix sont d\u00e9cern\u00e9s aux employeurs locaux pour souligner leurs politiques et leurs pratiques novatrices en milieu de travail en ce qui a trait au recrutement et \u00e0 l\u2019int\u00e9gration des immigrants qualifi\u00e9s au sein de leur organisme.\" \/>\n<meta name=\"robots\" content=\"index, follow, max-snippet:-1, max-image-preview:large, max-video-preview:-1\" \/>\n<link rel=\"canonical\" href=\"https:\/\/www.hireimmigrantsottawa.ca\/fr\/prix-demployeur\/apply\/\" \/>\n<meta property=\"og:locale\" content=\"fr_FR\" \/>\n<meta property=\"og:type\" content=\"article\" \/>\n<meta property=\"og:title\" content=\"L\u2019Appel de candidatures pour les Prix d\u2019employeur d\u2019excellence 2025 est maintenant termin\u00e9 - Hire Immigrants Ottawa\" \/>\n<meta property=\"og:description\" content=\"Embauche immigrants Ottawa accepte \u00e0 pr\u00e9sent les mises en candidatures des employeurs dans l\u2019Est de l\u2019Ontario pour les Prix employeur d\u2019excellence 2025. Ces prix sont d\u00e9cern\u00e9s aux employeurs locaux pour souligner leurs politiques et leurs pratiques novatrices en milieu de travail en ce qui a trait au recrutement et \u00e0 l\u2019int\u00e9gration des immigrants qualifi\u00e9s au sein de leur organisme.\" \/>\n<meta property=\"og:url\" content=\"https:\/\/www.hireimmigrantsottawa.ca\/fr\/prix-demployeur\/apply\/\" \/>\n<meta property=\"og:site_name\" content=\"Hire Immigrants Ottawa\" \/>\n<meta property=\"article:modified_time\" content=\"2025-12-15T01:39:41+00:00\" \/>\n<meta property=\"og:image\" content=\"https:\/\/www.hireimmigrantsottawa.ca\/wp-content\/uploads\/2025\/09\/EEAwards-Logo-2025-FR.png\" \/>\n\t<meta property=\"og:image:width\" content=\"1024\" \/>\n\t<meta property=\"og:image:height\" content=\"502\" \/>\n\t<meta property=\"og:image:type\" content=\"image\/png\" \/>\n<meta name=\"twitter:card\" content=\"summary_large_image\" \/>\n<meta name=\"twitter:site\" content=\"@HireImmOttawa\" \/>\n<meta name=\"twitter:label1\" content=\"Dur\u00e9e de lecture estim\u00e9e\" \/>\n\t<meta name=\"twitter:data1\" content=\"1 minute\" \/>\n<script type=\"application\/ld+json\" class=\"yoast-schema-graph\">{\"@context\":\"https:\/\/schema.org\",\"@graph\":[{\"@type\":\"WebPage\",\"@id\":\"https:\/\/www.hireimmigrantsottawa.ca\/fr\/prix-demployeur\/apply\/\",\"url\":\"https:\/\/www.hireimmigrantsottawa.ca\/fr\/prix-demployeur\/apply\/\",\"name\":\"L\u2019Appel de candidatures pour les Prix d\u2019employeur d\u2019excellence 2025 est maintenant termin\u00e9 - Hire Immigrants Ottawa\",\"isPartOf\":{\"@id\":\"https:\/\/www.hireimmigrantsottawa.ca\/#website\"},\"primaryImageOfPage\":{\"@id\":\"https:\/\/www.hireimmigrantsottawa.ca\/fr\/prix-demployeur\/apply\/#primaryimage\"},\"image\":{\"@id\":\"https:\/\/www.hireimmigrantsottawa.ca\/fr\/prix-demployeur\/apply\/#primaryimage\"},\"thumbnailUrl\":\"https:\/\/www.hireimmigrantsottawa.ca\/wp-content\/uploads\/2025\/09\/EEAwards-Logo-2025-FR.png\",\"datePublished\":\"2013-10-03T17:52:08+00:00\",\"dateModified\":\"2025-12-15T01:39:41+00:00\",\"description\":\"Embauche immigrants Ottawa accepte \u00e0 pr\u00e9sent les mises en candidatures des employeurs dans l\u2019Est de l\u2019Ontario pour les Prix employeur d\u2019excellence 2025. Ces prix sont d\u00e9cern\u00e9s aux employeurs locaux pour souligner leurs politiques et leurs pratiques novatrices en milieu de travail en ce qui a trait au recrutement et \u00e0 l\u2019int\u00e9gration des immigrants qualifi\u00e9s au sein de leur organisme.\",\"breadcrumb\":{\"@id\":\"https:\/\/www.hireimmigrantsottawa.ca\/fr\/prix-demployeur\/apply\/#breadcrumb\"},\"inLanguage\":\"fr-FR\",\"potentialAction\":[{\"@type\":\"ReadAction\",\"target\":[\"https:\/\/www.hireimmigrantsottawa.ca\/fr\/prix-demployeur\/apply\/\"]}]},{\"@type\":\"ImageObject\",\"inLanguage\":\"fr-FR\",\"@id\":\"https:\/\/www.hireimmigrantsottawa.ca\/fr\/prix-demployeur\/apply\/#primaryimage\",\"url\":\"https:\/\/www.hireimmigrantsottawa.ca\/wp-content\/uploads\/2025\/09\/EEAwards-Logo-2025-FR.png\",\"contentUrl\":\"https:\/\/www.hireimmigrantsottawa.ca\/wp-content\/uploads\/2025\/09\/EEAwards-Logo-2025-FR.png\",\"width\":1024,\"height\":502},{\"@type\":\"BreadcrumbList\",\"@id\":\"https:\/\/www.hireimmigrantsottawa.ca\/fr\/prix-demployeur\/apply\/#breadcrumb\",\"itemListElement\":[{\"@type\":\"ListItem\",\"position\":1,\"name\":\"Home\",\"item\":\"https:\/\/www.hireimmigrantsottawa.ca\/\"},{\"@type\":\"ListItem\",\"position\":2,\"name\":\"Prix d&#8217;employeur\",\"item\":\"https:\/\/www.hireimmigrantsottawa.ca\/fr\/prix-demployeur\/\"},{\"@type\":\"ListItem\",\"position\":3,\"name\":\"L\u2019Appel de candidatures pour les Prix d\u2019employeur d\u2019excellence 2025 est maintenant termin\u00e9\"}]},{\"@type\":\"WebSite\",\"@id\":\"https:\/\/www.hireimmigrantsottawa.ca\/#website\",\"url\":\"https:\/\/www.hireimmigrantsottawa.ca\/\",\"name\":\"Hire Immigrants Ottawa\",\"description\":\"increases the capacity of employers to attract and integrate skilled immigrants\",\"publisher\":{\"@id\":\"https:\/\/www.hireimmigrantsottawa.ca\/#organization\"},\"potentialAction\":[{\"@type\":\"SearchAction\",\"target\":{\"@type\":\"EntryPoint\",\"urlTemplate\":\"https:\/\/www.hireimmigrantsottawa.ca\/?s={search_term_string}\"},\"query-input\":{\"@type\":\"PropertyValueSpecification\",\"valueRequired\":true,\"valueName\":\"search_term_string\"}}],\"inLanguage\":\"fr-FR\"},{\"@type\":\"Organization\",\"@id\":\"https:\/\/www.hireimmigrantsottawa.ca\/#organization\",\"name\":\"Hire Immigrants Ottawa\",\"url\":\"https:\/\/www.hireimmigrantsottawa.ca\/\",\"logo\":{\"@type\":\"ImageObject\",\"inLanguage\":\"fr-FR\",\"@id\":\"https:\/\/www.hireimmigrantsottawa.ca\/#\/schema\/logo\/image\/\",\"url\":\"https:\/\/www.hireimmigrantsottawa.ca\/wp-content\/uploads\/2023\/10\/hio-logo_bow_EN_web.png\",\"contentUrl\":\"https:\/\/www.hireimmigrantsottawa.ca\/wp-content\/uploads\/2023\/10\/hio-logo_bow_EN_web.png\",\"width\":745,\"height\":160,\"caption\":\"Hire Immigrants Ottawa\"},\"image\":{\"@id\":\"https:\/\/www.hireimmigrantsottawa.ca\/#\/schema\/logo\/image\/\"},\"sameAs\":[\"https:\/\/x.com\/HireImmOttawa\",\"https:\/\/www.youtube.com\/user\/hireimmigrantsottawa\"]}]}<\/script>\n<!-- \/ Yoast SEO plugin. -->","yoast_head_json":{"title":"L\u2019Appel de candidatures pour les Prix d\u2019employeur d\u2019excellence 2025 est maintenant termin\u00e9 - Hire Immigrants Ottawa","description":"Embauche immigrants Ottawa accepte \u00e0 pr\u00e9sent les mises en candidatures des employeurs dans l\u2019Est de l\u2019Ontario pour les Prix employeur d\u2019excellence 2025. Ces prix sont d\u00e9cern\u00e9s aux employeurs locaux pour souligner leurs politiques et leurs pratiques novatrices en milieu de travail en ce qui a trait au recrutement et \u00e0 l\u2019int\u00e9gration des immigrants qualifi\u00e9s au sein de leur organisme.","robots":{"index":"index","follow":"follow","max-snippet":"max-snippet:-1","max-image-preview":"max-image-preview:large","max-video-preview":"max-video-preview:-1"},"canonical":"https:\/\/www.hireimmigrantsottawa.ca\/fr\/prix-demployeur\/apply\/","og_locale":"fr_FR","og_type":"article","og_title":"L\u2019Appel de candidatures pour les Prix d\u2019employeur d\u2019excellence 2025 est maintenant termin\u00e9 - Hire Immigrants Ottawa","og_description":"Embauche immigrants Ottawa accepte \u00e0 pr\u00e9sent les mises en candidatures des employeurs dans l\u2019Est de l\u2019Ontario pour les Prix employeur d\u2019excellence 2025. Ces prix sont d\u00e9cern\u00e9s aux employeurs locaux pour souligner leurs politiques et leurs pratiques novatrices en milieu de travail en ce qui a trait au recrutement et \u00e0 l\u2019int\u00e9gration des immigrants qualifi\u00e9s au sein de leur organisme.","og_url":"https:\/\/www.hireimmigrantsottawa.ca\/fr\/prix-demployeur\/apply\/","og_site_name":"Hire Immigrants Ottawa","article_modified_time":"2025-12-15T01:39:41+00:00","og_image":[{"width":1024,"height":502,"url":"https:\/\/www.hireimmigrantsottawa.ca\/wp-content\/uploads\/2025\/09\/EEAwards-Logo-2025-FR.png","type":"image\/png"}],"twitter_card":"summary_large_image","twitter_site":"@HireImmOttawa","twitter_misc":{"Dur\u00e9e de lecture estim\u00e9e":"1 minute"},"schema":{"@context":"https:\/\/schema.org","@graph":[{"@type":"WebPage","@id":"https:\/\/www.hireimmigrantsottawa.ca\/fr\/prix-demployeur\/apply\/","url":"https:\/\/www.hireimmigrantsottawa.ca\/fr\/prix-demployeur\/apply\/","name":"L\u2019Appel de candidatures pour les Prix d\u2019employeur d\u2019excellence 2025 est maintenant termin\u00e9 - Hire Immigrants Ottawa","isPartOf":{"@id":"https:\/\/www.hireimmigrantsottawa.ca\/#website"},"primaryImageOfPage":{"@id":"https:\/\/www.hireimmigrantsottawa.ca\/fr\/prix-demployeur\/apply\/#primaryimage"},"image":{"@id":"https:\/\/www.hireimmigrantsottawa.ca\/fr\/prix-demployeur\/apply\/#primaryimage"},"thumbnailUrl":"https:\/\/www.hireimmigrantsottawa.ca\/wp-content\/uploads\/2025\/09\/EEAwards-Logo-2025-FR.png","datePublished":"2013-10-03T17:52:08+00:00","dateModified":"2025-12-15T01:39:41+00:00","description":"Embauche immigrants Ottawa accepte \u00e0 pr\u00e9sent les mises en candidatures des employeurs dans l\u2019Est de l\u2019Ontario pour les Prix employeur d\u2019excellence 2025. Ces prix sont d\u00e9cern\u00e9s aux employeurs locaux pour souligner leurs politiques et leurs pratiques novatrices en milieu de travail en ce qui a trait au recrutement et \u00e0 l\u2019int\u00e9gration des immigrants qualifi\u00e9s au sein de leur organisme.","breadcrumb":{"@id":"https:\/\/www.hireimmigrantsottawa.ca\/fr\/prix-demployeur\/apply\/#breadcrumb"},"inLanguage":"fr-FR","potentialAction":[{"@type":"ReadAction","target":["https:\/\/www.hireimmigrantsottawa.ca\/fr\/prix-demployeur\/apply\/"]}]},{"@type":"ImageObject","inLanguage":"fr-FR","@id":"https:\/\/www.hireimmigrantsottawa.ca\/fr\/prix-demployeur\/apply\/#primaryimage","url":"https:\/\/www.hireimmigrantsottawa.ca\/wp-content\/uploads\/2025\/09\/EEAwards-Logo-2025-FR.png","contentUrl":"https:\/\/www.hireimmigrantsottawa.ca\/wp-content\/uploads\/2025\/09\/EEAwards-Logo-2025-FR.png","width":1024,"height":502},{"@type":"BreadcrumbList","@id":"https:\/\/www.hireimmigrantsottawa.ca\/fr\/prix-demployeur\/apply\/#breadcrumb","itemListElement":[{"@type":"ListItem","position":1,"name":"Home","item":"https:\/\/www.hireimmigrantsottawa.ca\/"},{"@type":"ListItem","position":2,"name":"Prix d&#8217;employeur","item":"https:\/\/www.hireimmigrantsottawa.ca\/fr\/prix-demployeur\/"},{"@type":"ListItem","position":3,"name":"L\u2019Appel de candidatures pour les Prix d\u2019employeur d\u2019excellence 2025 est maintenant termin\u00e9"}]},{"@type":"WebSite","@id":"https:\/\/www.hireimmigrantsottawa.ca\/#website","url":"https:\/\/www.hireimmigrantsottawa.ca\/","name":"Hire Immigrants Ottawa","description":"increases the capacity of employers to attract and integrate skilled immigrants","publisher":{"@id":"https:\/\/www.hireimmigrantsottawa.ca\/#organization"},"potentialAction":[{"@type":"SearchAction","target":{"@type":"EntryPoint","urlTemplate":"https:\/\/www.hireimmigrantsottawa.ca\/?s={search_term_string}"},"query-input":{"@type":"PropertyValueSpecification","valueRequired":true,"valueName":"search_term_string"}}],"inLanguage":"fr-FR"},{"@type":"Organization","@id":"https:\/\/www.hireimmigrantsottawa.ca\/#organization","name":"Hire Immigrants Ottawa","url":"https:\/\/www.hireimmigrantsottawa.ca\/","logo":{"@type":"ImageObject","inLanguage":"fr-FR","@id":"https:\/\/www.hireimmigrantsottawa.ca\/#\/schema\/logo\/image\/","url":"https:\/\/www.hireimmigrantsottawa.ca\/wp-content\/uploads\/2023\/10\/hio-logo_bow_EN_web.png","contentUrl":"https:\/\/www.hireimmigrantsottawa.ca\/wp-content\/uploads\/2023\/10\/hio-logo_bow_EN_web.png","width":745,"height":160,"caption":"Hire Immigrants Ottawa"},"image":{"@id":"https:\/\/www.hireimmigrantsottawa.ca\/#\/schema\/logo\/image\/"},"sameAs":["https:\/\/x.com\/HireImmOttawa","https:\/\/www.youtube.com\/user\/hireimmigrantsottawa"]}]}},"_links":{"self":[{"href":"https:\/\/www.hireimmigrantsottawa.ca\/fr\/wp-json\/wp\/v2\/pages\/110","targetHints":{"allow":["GET"]}}],"collection":[{"href":"https:\/\/www.hireimmigrantsottawa.ca\/fr\/wp-json\/wp\/v2\/pages"}],"about":[{"href":"https:\/\/www.hireimmigrantsottawa.ca\/fr\/wp-json\/wp\/v2\/types\/page"}],"author":[{"embeddable":true,"href":"https:\/\/www.hireimmigrantsottawa.ca\/fr\/wp-json\/wp\/v2\/users\/12"}],"replies":[{"embeddable":true,"href":"https:\/\/www.hireimmigrantsottawa.ca\/fr\/wp-json\/wp\/v2\/comments?post=110"}],"version-history":[{"count":63,"href":"https:\/\/www.hireimmigrantsottawa.ca\/fr\/wp-json\/wp\/v2\/pages\/110\/revisions"}],"predecessor-version":[{"id":11131,"href":"https:\/\/www.hireimmigrantsottawa.ca\/fr\/wp-json\/wp\/v2\/pages\/110\/revisions\/11131"}],"up":[{"embeddable":true,"href":"https:\/\/www.hireimmigrantsottawa.ca\/fr\/wp-json\/wp\/v2\/pages\/77"}],"wp:featuredmedia":[{"embeddable":true,"href":"https:\/\/www.hireimmigrantsottawa.ca\/fr\/wp-json\/wp\/v2\/media\/10501"}],"wp:attachment":[{"href":"https:\/\/www.hireimmigrantsottawa.ca\/fr\/wp-json\/wp\/v2\/media?parent=110"}],"curies":[{"name":"wp","href":"https:\/\/api.w.org\/{rel}","templated":true}]}}